{"id":50278,"date":"2025-06-23T12:18:40","date_gmt":"2025-06-23T10:18:40","guid":{"rendered":"https:\/\/praxas.com\/product\/sin%20categor\u00eda\/registrador-de-temperatura-de-vacunas-vaxtag\/"},"modified":"2025-10-09T10:20:25","modified_gmt":"2025-10-09T08:20:25","slug":"registrador-de-temperatura-de-vacunas-vaxtag","status":"publish","type":"product","link":"https:\/\/praxas.com\/es\/product\/registradores-de-datos\/seguimiento-de-la-vacuna\/registrador-de-temperatura-de-vacunas-vaxtag\/","title":{"rendered":"Registrador de temperatura de vacunas VAXTAG"},"content":{"rendered":"<p data-start=\"221\" data-end=\"293\"><strong data-start=\"225\" data-end=\"293\">VAXTAG &#8211; Registrador de datos de temperatura con pantalla LCD multirregistro | WHO PQS Listed<\/strong><\/p>\n<p data-start=\"295\" data-end=\"578\">El VAXTAG es un registrador de datos de temperatura multiuso dise\u00f1ado para controlar las condiciones de almacenamiento de las vacunas de acuerdo con la especificaci\u00f3n PQS E006\/013 de la OMS. Est\u00e1 preconfigurado con ajustes de alarma conformes con la OMS y proporciona una vista r\u00e1pida en LCD del estado actual y de las estad\u00edsticas de 30 d\u00edas. <\/p>\n<p data-start=\"580\" data-end=\"808\">Adecuado para su uso en frigor\u00edficos de vacunas, almacenes intermedios y como reserva en c\u00e1maras frigor\u00edficas, el dispositivo almacena hasta 7.770 lecturas de temperatura con marca de tiempo e incluye un indicador de alarma visual si se produce un incumplimiento de la temperatura.<\/p>\n<p data-start=\"810\" data-end=\"827\"><strong data-start=\"810\" data-end=\"827\">Caracter\u00edsticas principales:<\/strong><\/p>\n<ul data-start=\"829\" data-end=\"1233\">\n<li data-start=\"829\" data-end=\"866\">\n<p data-start=\"831\" data-end=\"866\">Rango de temperatura: de -40\u00b0C a +60\u00b0C<\/p>\n<\/li>\n<li data-start=\"867\" data-end=\"906\">\n<p data-start=\"869\" data-end=\"906\">Listado PQS de la OMS &#8211; Cumple E006\/013<\/p>\n<\/li>\n<li data-start=\"907\" data-end=\"1008\">\n<p data-start=\"909\" data-end=\"932\">Alarmas preconfiguradas:<\/p>\n<ul data-start=\"935\" data-end=\"1008\">\n<li data-start=\"935\" data-end=\"971\">\n<p data-start=\"937\" data-end=\"971\">Bajo: -0,5\u00b0C o menos durante 60 min.<\/p>\n<\/li>\n<li data-start=\"974\" data-end=\"1008\">\n<p data-start=\"976\" data-end=\"1008\">Alta: +8\u00b0C o m\u00e1s durante 10 h<\/p>\n<\/li>\n<\/ul>\n<\/li>\n<li data-start=\"1009\" data-end=\"1048\">\n<p data-start=\"1011\" data-end=\"1048\">Resumen de 30 d\u00edas disponible en pantalla<\/p>\n<\/li>\n<li data-start=\"1049\" data-end=\"1093\">\n<p data-start=\"1051\" data-end=\"1093\">Almacena hasta 7.770 lecturas para su descarga<\/p>\n<\/li>\n<li data-start=\"1094\" data-end=\"1145\">\n<p data-start=\"1096\" data-end=\"1145\">Indicador visual de alarma por superaci\u00f3n de la temperatura<\/p>\n<\/li>\n<li data-start=\"1146\" data-end=\"1233\">\n<p data-start=\"1148\" data-end=\"1233\">Datos descargables a trav\u00e9s de la interfaz est\u00e1ndar LogTag mediante el software gratuito LogTag Analyzer<\/p>\n<\/li>\n<\/ul>\n","protected":false},"excerpt":{"rendered":"<ul>\n<li>-40\u00b0C a +60\u00b0C<\/li>\n<li>C\u00f3digo PQS E006\/013 de la OMS<\/li>\n<li data-start=\"1330\" data-end=\"1374\">Alarmas preconfiguradas para el almacenamiento de vacunas<\/li>\n<li data-start=\"1375\" data-end=\"1400\">Resumen de 30 d\u00edas en LCD<\/li>\n<li data-start=\"1401\" data-end=\"1432\">7.770 lecturas con marca de tiempo<\/li>\n<\/ul>\n","protected":false},"featured_media":50252,"template":"","meta":{"_acf_changed":false,"content-type":"","_uag_custom_page_level_css":""},"product_brand":[],"product_cat":[1617,1637,1601],"product_tag":[2515,2266],"class_list":{"0":"post-50278","1":"product","2":"type-product","3":"status-publish","4":"has-post-thumbnail","6":"product_cat-seguimiento-de-la-vacuna","7":"product_cat-registradores-de-datos","8":"product_cat-registradores-de-datos-de-temperatura","9":"product_tag-logtag-es","10":"product_tag-temperatura-es","12":"first","13":"instock","14":"taxable","15":"shipping-taxable","16":"purchasable","17":"product-type-simple"},"bundled_by":[],"bundle_stock_status":"instock","bundle_stock_quantity":null,"bundle_virtual":false,"bundle_layout":"","bundle_add_to_cart_form_location":"","bundle_editable_in_cart":false,"bundle_sold_individually_context":"","bundle_item_grouping":"","bundle_min_size":"","bundle_max_size":"","bundle_price":[],"bundled_items":[],"bundle_sell_ids":[],"acf":[],"spectra_custom_meta":{"hubwoo_ecomm_pro_id":["25159440511"],"_wcml_average_rating":[null],"_wcml_review_count":[null],"_wcml_rating_count":[null],"_backorders":["no"],"_download_limit":["-1"],"_download_expiry":["-1"],"_downloadable":["no"],"_manage_stock":["no"],"_sku":["vaxtag"],"_stock_status":["instock"],"_sold_individually":["no"],"_tax_class":[""],"_tax_status":["taxable"],"_virtual":["no"],"total_sales":["0"],"_regular_price":["51.10"],"_price":["51.10"],"product_datasheet":[""],"_product_datasheet":["field_650ad7d6ea3a0"],"connectivity":["Interface Cradle"],"_connectivity":["field_64dce263bb57c"],"brand":["LogTag"],"_brand":["field_64ddf62ed2593"],"brand_image":[""],"_brand_image":["field_650c5e7c84cae"],"_specifications_table":["field_65044e1db92a8"],"_display_data_alarm":["field_667d647bcb066"],"_resources":["field_650849c6945ee"],"_calibration":["field_66a0ddd599972"],"_accessories":["field_650849e6945f0"],"_faqs":["field_650859523d8d5"],"_calibration_suitable_ids_gb":["field_654b4c4acb54a"],"_calibration_suitable_ids_us":["field_654b4c56cb54b"],"_show_in_calibration_suitable":["field_654cfb691d345"],"_other_features":["field_668524f8c98a4"],"_shipping":["field_66852535c98a5"],"_refrigerant_cabinet":["field_66852557c98a6"],"_main_specifications":["field_66855b25b1245"],"_usd_price_4":["field_651570dcac479"],"_usd_price_9":["field_6515713eb4807"],"_usd_price_24":["field_65157141b4809"],"_usd_price_49":["field_65157140b4808"],"_usd_price_99":["field_6515715bb480a"],"_gbp_price_4":["field_6515716e83bfa"],"_gbp_price_9":["field_6515724783bfb"],"_gbp_price_24":["field_6515724b83bfc"],"_gbp_price_49":["field_6515725983bfd"],"_gbp_price_99":["field_6515725d83bfe"],"_usdhk_price_4":["field_6515726f83bff"],"_usdhk_price_9":["field_6515727c83c00"],"_usdhk_price_24":["field_6515728083c01"],"_usdhk_price_49":["field_6515728983c02"],"_usdhk_price_99":["field_6515728e83c03"],"stock_options":["In stock"],"_stock_options":["field_6544b605dc7f9"],"rank_math_primary_product_cat":["100"],"min_temp":["-40"],"max_temp":["60"],"_min_temp":["field_67ea5eb4e0a77"],"_max_temp":["field_67ea5f81e0a79"],"_top_nav_excluded":[""],"_cms_nav_minihome":[""],"wcml_sync_hash":["a:1:{s:15:\"postmeta_fields\";s:32:\"8a4d11054d250014a32e55d03eef596b\";}"],"attr_label_translations":["a:0:{}"],"_product_attributes":["a:1:{s:16:\"pa_product-brand\";a:6:{s:4:\"name\";s:16:\"pa_product-brand\";s:5:\"value\";s:0:\"\";s:8:\"position\";i:0;s:10:\"is_visible\";i:1;s:12:\"is_variation\";i:0;s:11:\"is_taxonomy\";i:1;}}"],"_thumbnail_id":["50252"],"_product_image_gallery":["50258"],"_crosssell_ids":["a:0:{}"],"_wpml_word_count":["227"],"_last_translation_edit_mode":["translation-editor"],"rank_math_focus_keyword":["VAXTAG"],"specifications_table":["<table class=\"w-full\">\n<tbody>\n<tr>\n<td class=\"text-base font-semibold font-gray\">Rango de medici\u00f3n del sensor<\/td>\n<td class=\"text-base font-gray-300\">De -30\u00b0C a +60\u00b0C (de -22\u00b0F a +140\u00b0F).<\/td>\n<\/tr>\n<tr>\n<td class=\"text-base font-semibold font-gray\">Temperatura de funcionamiento<\/td>\n<td class=\"text-base font-gray-300\">De -30\u00b0C a +60\u00b0C (de -22\u00b0F a +140\u00b0F).<\/td>\n<\/tr>\n<tr>\n<td class=\"text-base font-semibold font-gray\">Temperatura de almacenamiento<\/td>\n<td class=\"text-base font-gray-300\">De -10\u00b0C a +40\u00b0C (de -14\u00b0F a +104\u00b0F).<\/td>\n<\/tr>\n<tr>\n<td class=\"text-base font-semibold font-gray\">Precisi\u00f3n de lectura de la temperatura nominal<\/td>\n<td class=\"text-base font-gray-300\">Mejor que \u00b10,5\u00b0C (\u00b10,9\u00b0F) para -20\u00b0C a +40\u00b0C (-4\u00b0F a +104\u00b0F), normalmente \u00b10,3\u00b0C (0,6\u00b0F).\nMejor que \u00b10,8\u00b0C (\u00b11,5\u00b0F) para otras mediciones, normalmente \u00b10,5\u00b0C (0,9\u00b0F).\nEl rendimiento real suele ser mucho mejor que los valores nominales.\nLas cifras de precisi\u00f3n pueden mejorarse recalibrando.<\/td>\n<\/tr>\n<tr>\n<td class=\"text-base font-semibold font-gray\">Resoluci\u00f3n de la lectura de la temperatura nominal<\/td>\n<td class=\"text-base font-gray-300\">0,1\u00b0C(0,2\u00b0F) para mediciones de -30\u00b0C a +40\u00b0C (-22\u00b0F a +104\u00b0F).\n0,2\u00b0C(0,4\u00b0F) para mediciones por encima de +40\u00b0C (+104\u00b0F).\nLogTag Analyzer\u00ae muestra actualmente con un decimal de \u00b0C o \u00b0F. La resoluci\u00f3n nativa es la que est\u00e1 almacenada en el LogTag\u00ae. <\/td>\n<\/tr>\n<tr>\n<td class=\"text-base font-semibold font-gray\">Tiempo de reacci\u00f3n del sensor<\/td>\n<td class=\"text-base font-gray-300\">Normalmente inferior a 5 minutos (T90) en aire en movimiento (1 m\/s).<\/td>\n<\/tr>\n<tr>\n<td class=\"text-base font-semibold font-gray\">Capacidad de grabaci\u00f3n<\/td>\n<td class=\"text-base font-gray-300\">7770 lecturas de temperatura. Registro de 32 d\u00edas a 6 minutos. Memoria de estad\u00edsticas de resumen diario (para mostrar en la pantalla LCD): hasta 30 d\u00edas de valores de M\u00e1x\/M\u00edn y duraci\u00f3n.  <\/td>\n<\/tr>\n<tr>\n<td class=\"text-base font-semibold font-gray\">Intervalo de muestreo<\/td>\n<td class=\"text-base font-gray-300\">Ajustado de f\u00e1brica a un intervalo de 6 minutos.<\/td>\n<\/tr>\n<tr>\n<td class=\"text-base font-semibold font-gray\">Opciones de inicio de registro<\/td>\n<td class=\"text-base font-gray-300\">Ajustado de f\u00e1brica a Arranque por pulsador.<\/td>\n<\/tr>\n<tr>\n<td class=\"text-base font-semibold font-gray\">Indicaci\u00f3n de grabaci\u00f3n<\/td>\n<td class=\"text-base font-gray-300\">Indicador de estado \u201cGRABANDO\u201d.<\/td>\n<\/tr>\n<tr>\n<td class=\"text-base font-semibold font-gray\">Activaci\u00f3n de la alarma<\/td>\n<td class=\"text-base font-gray-300\">Alarma baja : Exposici\u00f3n a un \u00fanico evento de temperatura de -0,5\u00b0C o inferior durante 60 minutos.\nAlarma alta: Exposici\u00f3n a un \u00fanico evento de temperatura de +8\u00b0C o superior durante 10 horas.<\/td>\n<\/tr>\n<tr>\n<td class=\"text-base font-semibold font-gray\">Tiempo de descarga<\/td>\n<td class=\"text-base font-gray-300\">Normalmente menos de 5 segundos para la memoria completa (7770 lecturas), dependiendo del ordenador o dispositivo de lectura utilizado.<\/td>\n<\/tr>\n<tr>\n<td class=\"text-base font-semibold font-gray\">Medioambiental<\/td>\n<td class=\"text-base font-gray-300\">IP65 (aproximadamente equivalente a NEMA 4) cuando se monta verticalmente o se cuelga.<\/td>\n<\/tr>\n<tr>\n<td class=\"text-base font-semibold font-gray\">Fuente de alimentaci\u00f3n<\/td>\n<td class=\"text-base font-gray-300\">CR2450 3V LiMnO2 (Bater\u00eda fija).<\/td>\n<\/tr>\n<tr>\n<td class=\"text-base font-semibold font-gray\">Duraci\u00f3n de la bater\u00eda<\/td>\n<td class=\"text-base font-gray-300\">1 a\u00f1o de almacenamiento, seguido de 2 a\u00f1os de funcionamiento con un uso normal (registro de 6 minutos, estad\u00edsticas revisadas en la pantalla no m\u00e1s de una vez al d\u00eda durante no m\u00e1s de 30 segundos cada vez, descarga de datos mensual).<\/td>\n<\/tr>\n<tr>\n<td class=\"text-base font-semibold font-gray\">Reloj en tiempo real<\/td>\n<td class=\"text-base font-gray-300\">Reloj de tiempo real incorporado.\nPrecisi\u00f3n nominal \u00b125ppm a 25\u00b0C (equivalente a 2,5 segundos\/d\u00eda).\nEl coeficiente de temperatura nominal es -0,034 \u00b10,006ppm\/\u00b0C (es decir, normalmente +\/- 0,00294 segundos\/d\u00eda\/\u00b0C).<\/td>\n<\/tr>\n<tr>\n<td class=\"text-base font-semibold font-gray\">Tama\u00f1o<\/td>\n<td class=\"text-base font-gray-300\">93 mm(A) x 54,5 mm(A) x 8,6 mm(T).<\/td>\n<\/tr>\n<tr>\n<td class=\"text-base font-semibold font-gray\">Peso<\/td>\n<td class=\"text-base font-gray-300\">43g.<\/td>\n<\/tr>\n<\/tbody>\n<\/table>"],"resources":["<ul class=\"resources-list\">\n \t<li><img src=\"https:\/\/praxas.com\/wp-content\/uploads\/document-icon.png\" alt=\"Icono de documento\"><a href=\"https:\/\/praxas.com\/wp-content\/uploads\/LogTag_Vaxtag_Brochure.pdf\">Folleto LogTag VAXTAG<\/a><\/li>\n \t<li><img src=\"https:\/\/praxas.com\/wp-content\/uploads\/document-icon.png\" alt=\"Icono de documento\"><a href=\"https:\/\/praxas.com\/wp-content\/uploads\/LogTag_Vaxtag_Quickstart_Guide.pdf\">Gu\u00eda de inicio r\u00e1pido de LogTag VAXTAG<\/a><\/li>\n \t<li><img src=\"https:\/\/praxas.com\/wp-content\/uploads\/document-icon.png\" alt=\"Icono de documento\"><a href=\"https:\/\/praxas.com\/wp-content\/uploads\/LogTag_Vaxtag_User_Guide.pdf\">Manual LogTag VAXTAG<\/a><\/li>\n<\/ul>"],"accessories":["[products skus=\"LTI-HID,WMB-1,PROTECTIVE ENCLOSURE\"]"],"_uag_page_assets":["a:9:{s:3:\"css\";s:0:\"\";s:2:\"js\";s:0:\"\";s:18:\"current_block_list\";a:0:{}s:8:\"uag_flag\";b:0;s:11:\"uag_version\";s:10:\"1777020109\";s:6:\"gfonts\";a:0:{}s:10:\"gfonts_url\";s:0:\"\";s:12:\"gfonts_files\";a:0:{}s:14:\"uag_faq_layout\";b:0;}"],"rank_math_internal_links_processed":["1"],"_max_variation_price":[""],"_max_variation_regular_price":[""],"_max_variation_sale_price":[""],"_min_variation_price":[""],"_min_variation_regular_price":[""],"_min_variation_sale_price":[""],"_sale_price":[""],"_wc_pb_base_regular_price":[""],"_wc_pb_base_sale_price":[""],"_wc_pb_base_price":[""],"_wc_sw_max_price":[""],"_wc_sw_max_regular_price":[""],"_wc_rating_count":[""],"_wc_review_count":[""],"_wc_average_rating":[0]},"uagb_featured_image_src":{"full":["https:\/\/praxas.com\/wp-content\/uploads\/VAXTAG-Front.jpg",1200,680,false],"thumbnail":["https:\/\/praxas.com\/wp-content\/uploads\/VAXTAG-Front-150x150.jpg",150,150,true],"medium":["https:\/\/praxas.com\/wp-content\/uploads\/VAXTAG-Front-300x170.jpg",300,170,true],"medium_large":["https:\/\/praxas.com\/wp-content\/uploads\/VAXTAG-Front-768x435.jpg",768,435,true],"large":["https:\/\/praxas.com\/wp-content\/uploads\/VAXTAG-Front-1024x580.jpg",1024,580,true],"1536x1536":["https:\/\/praxas.com\/wp-content\/uploads\/VAXTAG-Front.jpg",1200,680,false],"2048x2048":["https:\/\/praxas.com\/wp-content\/uploads\/VAXTAG-Front.jpg",1200,680,false],"crunchify-admin-post-featured-image":["https:\/\/praxas.com\/wp-content\/uploads\/VAXTAG-Front-120x68.jpg",120,68,true],"commercegurus-pdp-large":["https:\/\/praxas.com\/wp-content\/uploads\/VAXTAG-Front-990x561.jpg",990,561,true],"commercegurus-plp-mobile":["https:\/\/praxas.com\/wp-content\/uploads\/VAXTAG-Front-441x250.jpg",441,250,true],"cgkit_image_swatch":["https:\/\/praxas.com\/wp-content\/uploads\/VAXTAG-Front-100x100.jpg",100,100,true],"woocommerce_thumbnail":["https:\/\/praxas.com\/wp-content\/uploads\/VAXTAG-Front-350x198.jpg",350,198,true],"woocommerce_single":["https:\/\/praxas.com\/wp-content\/uploads\/VAXTAG-Front-800x453.jpg",800,453,true],"woocommerce_gallery_thumbnail":["https:\/\/praxas.com\/wp-content\/uploads\/VAXTAG-Front-150x85.jpg",150,85,true]},"uagb_author_info":{"display_name":"Alex James","author_link":"https:\/\/praxas.com\/es\/author\/"},"uagb_comment_info":0,"uagb_excerpt":"-40\u00b0C a +60\u00b0C C\u00f3digo PQS E006\/013 de la OMS Alarmas preconfiguradas para el almacenamiento de vacunas Resumen de 30 d\u00edas en LCD 7.770 lecturas con marca de tiempo","_links":{"self":[{"href":"https:\/\/praxas.com\/es\/wp-json\/wp\/v2\/product\/50278","targetHints":{"allow":["GET"]}}],"collection":[{"href":"https:\/\/praxas.com\/es\/wp-json\/wp\/v2\/product"}],"about":[{"href":"https:\/\/praxas.com\/es\/wp-json\/wp\/v2\/types\/product"}],"wp:featuredmedia":[{"embeddable":true,"href":"https:\/\/praxas.com\/es\/wp-json\/wp\/v2\/media\/50252"}],"wp:attachment":[{"href":"https:\/\/praxas.com\/es\/wp-json\/wp\/v2\/media?parent=50278"}],"wp:term":[{"taxonomy":"product_brand","embeddable":true,"href":"https:\/\/praxas.com\/es\/wp-json\/wp\/v2\/product_brand?post=50278"},{"taxonomy":"product_cat","embeddable":true,"href":"https:\/\/praxas.com\/es\/wp-json\/wp\/v2\/product_cat?post=50278"},{"taxonomy":"product_tag","embeddable":true,"href":"https:\/\/praxas.com\/es\/wp-json\/wp\/v2\/product_tag?post=50278"}],"curies":[{"name":"wp","href":"https:\/\/api.w.org\/{rel}","templated":true}]}}