{"id":50327,"date":"2025-06-23T15:25:32","date_gmt":"2025-06-23T13:25:32","guid":{"rendered":"https:\/\/praxas.com\/product\/sin%20categor\u00eda\/haso-8-registrador-de-temperatura-y-humedad\/"},"modified":"2025-08-06T08:08:33","modified_gmt":"2025-08-06T08:08:33","slug":"haso-8-registrador-de-temperatura-y-humedad","status":"publish","type":"product","link":"https:\/\/praxas.com\/es\/product\/registradores-de-datos\/temperatura-y-humedad\/haso-8-registrador-de-temperatura-y-humedad\/","title":{"rendered":"HASO-8 Registrador de Temperatura y Humedad"},"content":{"rendered":"<p data-start=\"137\" data-end=\"195\"><strong data-start=\"137\" data-end=\"195\">HASO-8 &#8211; Registrador de datos de temperatura y humedad de un solo uso<\/strong><\/p>\n<p data-start=\"197\" data-end=\"396\">El HASO-8 es un registrador de datos de un solo uso dise\u00f1ado para registrar simult\u00e1neamente datos de temperatura y humedad de alta resoluci\u00f3n, lo que lo hace ideal para aplicaciones de control de la cadena de fr\u00edo, almacenamiento y transporte.<\/p>\n<p data-start=\"398\" data-end=\"724\">Con capacidad para almacenar hasta 8.000 lecturas de humedad y temperatura emparejadas, el HASO-8 est\u00e1 encerrado en una carcasa de policarbonato resistente y dispone de un sensor de respuesta r\u00e1pida con reloj en tiempo real para obtener registros precisos con indicaci\u00f3n de la hora. Los l\u00edmites de alarma alto y bajo personalizables activan un indicador visual de \u201cALERTA\u201d cuando se producen desviaciones. <\/p>\n<p data-start=\"726\" data-end=\"739\">Caracter\u00edsticas principales:<\/p>\n<ul data-start=\"741\" data-end=\"1334\">\n<li data-start=\"741\" data-end=\"821\">Rangos de medici\u00f3n:\n<ul data-start=\"765\" data-end=\"821\">\n<li data-start=\"765\" data-end=\"794\">Temperatura: -40\u00b0C a +85\u00b0C<\/li>\n<li data-start=\"797\" data-end=\"821\">Humedad: 0 a 100% HR<\/li>\n<\/ul>\n<\/li>\n<li data-start=\"823\" data-end=\"884\">Almacena hasta 8.000 lecturas de temperatura y humedad emparejadas<\/li>\n<li data-start=\"886\" data-end=\"945\">Indicadores \u201cOK\u201d y \u201cALERTA\u201d para informaci\u00f3n inmediata del estado<\/li>\n<li data-start=\"947\" data-end=\"977\">Carcasa de policarbonato duradera<\/li>\n<li data-start=\"979\" data-end=\"1035\">Sensor de respuesta r\u00e1pida para un control preciso en tiempo real<\/li>\n<li data-start=\"1037\" data-end=\"1087\">Alarmas personalizables mediante el software LogTag Analyzer<\/li>\n<li data-start=\"1089\" data-end=\"1172\">Datos descargados a trav\u00e9s de la interfaz est\u00e1ndar LogTag mediante el software gratuito LogTag Analyzer<\/li>\n<li data-start=\"1174\" data-end=\"1334\">Cumple las principales normas internacionales:\n<ul data-start=\"1219\" data-end=\"1334\">\n<li data-start=\"1219\" data-end=\"1239\">FDA 21 CFR Parte 11<\/li>\n<li data-start=\"1242\" data-end=\"1255\">CE Anexo 11<\/li>\n<li data-start=\"1258\" data-end=\"1307\">Normativa sobre mercanc\u00edas peligrosas de la IATA (59\u00aa edici\u00f3n)<\/li>\n<li data-start=\"1310\" data-end=\"1334\">CE, FCC, RCM y RoHS<\/li>\n<\/ul>\n<\/li>\n<\/ul>\n<p>&nbsp;<\/p>\n","protected":false},"excerpt":{"rendered":"<ul>\n<li>-40\u00b0C a +85\u00b0C<\/li>\n<li>Rango de humedad de 0 a 100% HR<\/li>\n<li>De un solo uso con 8.000 lecturas emparejadas<\/li>\n<li>Indicadores de estado \u00abOK\u00bb y \u00abALERTA<\/li>\n<li>Tiempo de respuesta r\u00e1pido para el seguimiento del transporte<\/li>\n<\/ul>\n","protected":false},"featured_media":50326,"template":"","meta":{"_acf_changed":false,"content-type":"","_uag_custom_page_level_css":""},"product_brand":[],"product_cat":[1610,1637],"product_tag":[2515,2266],"class_list":{"0":"post-50327","1":"product","2":"type-product","3":"status-publish","4":"has-post-thumbnail","6":"product_cat-temperatura-y-humedad","7":"product_cat-registradores-de-datos","8":"product_tag-logtag-es","9":"product_tag-temperatura-es","11":"first","12":"instock","13":"taxable","14":"shipping-taxable","15":"purchasable","16":"product-type-simple"},"bundled_by":[],"bundle_stock_status":"instock","bundle_stock_quantity":null,"bundle_virtual":false,"bundle_layout":"","bundle_add_to_cart_form_location":"","bundle_editable_in_cart":false,"bundle_sold_individually_context":"","bundle_item_grouping":"","bundle_min_size":"","bundle_max_size":"","bundle_price":[],"bundled_items":[],"bundle_sell_ids":[],"acf":[],"spectra_custom_meta":{"hubwoo_ecomm_pro_id":["25169097812"],"_wcml_average_rating":[null],"_wcml_review_count":[null],"_wcml_rating_count":[null],"_backorders":["no"],"_download_limit":["-1"],"_download_expiry":["-1"],"_downloadable":["no"],"_manage_stock":["no"],"_sku":["HASO-8"],"_stock_status":["instock"],"_sold_individually":["no"],"_tax_class":[""],"_tax_status":["taxable"],"_virtual":["no"],"total_sales":["13"],"_regular_price":["60.90"],"_price":["60.90"],"product_datasheet":[""],"_product_datasheet":["field_650ad7d6ea3a0"],"connectivity":["Interface Cradle"],"_connectivity":["field_64dce263bb57c"],"brand":["LogTag"],"_brand":["field_64ddf62ed2593"],"brand_image":[""],"_brand_image":["field_650c5e7c84cae"],"_specifications_table":["field_65044e1db92a8"],"_display_data_alarm":["field_667d647bcb066"],"_resources":["field_650849c6945ee"],"_calibration":["field_66a0ddd599972"],"_accessories":["field_650849e6945f0"],"_faqs":["field_650859523d8d5"],"_calibration_suitable_ids_gb":["field_654b4c4acb54a"],"_calibration_suitable_ids_us":["field_654b4c56cb54b"],"_show_in_calibration_suitable":["field_654cfb691d345"],"_shipping":["field_66852535c98a5"],"_refrigerant_cabinet":["field_66852557c98a6"],"_main_specifications":["field_66855b25b1245"],"_usd_price_4":["field_651570dcac479"],"_usd_price_9":["field_6515713eb4807"],"_usd_price_24":["field_65157141b4809"],"_usd_price_49":["field_65157140b4808"],"_usd_price_99":["field_6515715bb480a"],"_gbp_price_4":["field_6515716e83bfa"],"_gbp_price_9":["field_6515724783bfb"],"_gbp_price_24":["field_6515724b83bfc"],"_gbp_price_49":["field_6515725983bfd"],"_gbp_price_99":["field_6515725d83bfe"],"_usdhk_price_4":["field_6515726f83bff"],"_usdhk_price_9":["field_6515727c83c00"],"_usdhk_price_24":["field_6515728083c01"],"_usdhk_price_49":["field_6515728983c02"],"_usdhk_price_99":["field_6515728e83c03"],"stock_options":["In stock"],"_stock_options":["field_6544b605dc7f9"],"rank_math_primary_product_cat":["97"],"min_temp":["-40"],"max_temp":["85"],"_min_temp":["field_67ea5eb4e0a77"],"_max_temp":["field_67ea5f81e0a79"],"_top_nav_excluded":[""],"_cms_nav_minihome":[""],"wcml_sync_hash":["a:1:{s:15:\"postmeta_fields\";s:32:\"2a200b88c7199582f474f95df1cf4b4e\";}"],"attr_label_translations":["a:0:{}"],"_product_attributes":["a:1:{s:16:\"pa_product-brand\";a:6:{s:4:\"name\";s:16:\"pa_product-brand\";s:5:\"value\";s:0:\"\";s:8:\"position\";i:0;s:10:\"is_visible\";i:1;s:12:\"is_variation\";i:0;s:11:\"is_taxonomy\";i:1;}}"],"_thumbnail_id":["50326"],"_product_image_gallery":["50320"],"_crosssell_ids":["a:0:{}"],"_wpml_word_count":["272"],"_last_translation_edit_mode":["translation-editor"],"_other_features":["field_686fa2aa98dce"],"_global_unique_id":["850040258189"],"rank_math_focus_keyword":["HASO-8"],"specifications_table":["<table class=\"w-full\">\n<tbody>\n<tr>\n<td class=\"text-base font-semibold font-gray\">Rango de medici\u00f3n del sensor<\/td>\n<td class=\"text-base font-gray-300\">-40\u00b0C a +85\u00b0C (-40\u00b0F a +185\u00b0F)<\/td>\n<\/tr>\n<tr>\n<td class=\"text-base font-semibold font-gray\">Temperatura de funcionamiento<\/td>\n<td class=\"text-base font-gray-300\">-40\u00b0C a +85\u00b0C (-40\u00b0F a +185\u00b0F)<\/td>\n<\/tr>\n<tr>\n<td class=\"text-base font-semibold font-gray\">Temperatura de almacenamiento<\/td>\n<td class=\"text-base font-gray-300\">De +10\u00b0C a +50\u00b0C (de +50\u00b0F a +122\u00b0F)<\/td>\n<\/tr>\n<tr>\n<td class=\"text-base font-semibold font-gray\">Rango de medici\u00f3n de la humedad<\/td>\n<td class=\"text-base font-gray-300\">0% HR a 100% HR (sin condensaci\u00f3n), con limitaciones<\/td>\n<\/tr>\n<tr>\n<td class=\"text-base font-semibold font-gray\">Rango de funcionamiento de la humedad<\/td>\n<td class=\"text-base font-gray-300\">0% HR a 100% HR (sin condensaci\u00f3n), con limitaciones<\/td>\n<\/tr>\n<tr>\n<td class=\"text-base font-semibold font-gray\">Rango de humedad de almacenamiento<\/td>\n<td class=\"text-base font-gray-300\">20% HR a 65% HR<\/td>\n<\/tr>\n<tr>\n<td class=\"text-base font-semibold font-gray\">Precisi\u00f3n de lectura de la temperatura nominal<\/td>\n<td class=\"text-base font-gray-300\">Mejor que \u00b10,45\u00b0C (\u00b10,8\u00b0F) para +0\u00b0C a +50\u00b0C (+32\u00b0F a +122\u00b0F), normalmente \u00b10,3\u00b0C (0,6\u00b0F).\nMejor que \u00b10,8\u00b0C (\u00b11,4\u00b0F) para +50\u00b0C a +80\u00b0C (+122\u00b0F a +176\u00b0F), normalmente \u00b10,5\u00b0C (0,9\u00b0F).\nMejor que \u00b10,95\u00b0C (\u00b11,7\u00b0F) para -40\u00b0C a +0\u00b0C (-40\u00b0F a +32\u00b0F), normalmente \u00b10,6\u00b0C (1,1\u00b0F).\nEl rendimiento real suele ser mucho mejor que los valores nominales.\nLas cifras de precisi\u00f3n pueden mejorarse recalibrando.<\/td>\n<\/tr>\n<tr>\n<td class=\"text-base font-semibold font-gray\">Precisi\u00f3n de lectura de la humedad nominal<\/td>\n<td class=\"text-base font-gray-300\">Mejor que \u00b15%HR para 10%HR a 80%HR.\nMejor que \u00b16%HR para 0%HR a 10%HR.\nMejor que \u00b17%HR para 80%HR a 100%HR.\nEl rendimiento real suele ser mucho mejor que los valores nominales.\nLas cifras de precisi\u00f3n se pueden mejorar recalibrando.<\/td>\n<\/tr>\n<tr>\n<td class=\"text-base font-semibold font-gray\">Resoluci\u00f3n de humedad<\/td>\n<td class=\"text-base font-gray-300\">Mejor que 0,1% HR.<\/td>\n<\/tr>\n<tr>\n<td class=\"text-base font-semibold font-gray\">Resoluci\u00f3n de temperatura<\/td>\n<td class=\"text-base font-gray-300\">Mejor que 0,1\u00b0C o 0,1\u00b0F<\/td>\n<\/tr>\n<tr>\n<td class=\"text-base font-semibold font-gray\">Capacidad de grabaci\u00f3n<\/td>\n<td class=\"text-base font-gray-300\">8.003 pares de lecturas de humedad y temperatura. 53 d\u00edas @ 10min de registro, 80 d\u00edas @ 15min de registro. <\/td>\n<\/tr>\n<tr>\n<td class=\"text-base font-semibold font-gray\">Intervalo de muestreo<\/td>\n<td class=\"text-base font-gray-300\">Intervalo de muestreo<\/td>\n<\/tr>\n<tr>\n<td class=\"text-base font-semibold font-gray\">Opciones de inicio de registro<\/td>\n<td class=\"text-base font-gray-300\">Opciones de inicio de registro<\/td>\n<\/tr>\n<tr>\n<td class=\"text-base font-semibold font-gray\">Indicaci\u00f3n de grabaci\u00f3n<\/td>\n<td class=\"text-base font-gray-300\">Indicador \u201cOK\u201d intermitente \/ indicador \u201cALERTA\u201d intermitente.<\/td>\n<\/tr>\n<tr>\n<td class=\"text-base font-semibold font-gray\">Tiempo de descarga<\/td>\n<td class=\"text-base font-gray-300\">Normalmente menos de 10 segundos para la memoria completa, seg\u00fan el ordenador o el dispositivo de lectura utilizado.<\/td>\n<\/tr>\n<tr>\n<td class=\"text-base font-semibold font-gray\">Medioambiental<\/td>\n<td class=\"text-base font-gray-300\">IP61 (cuando est\u00e1 colgado o montado verticalmente).<\/td>\n<\/tr>\n<tr>\n<td class=\"text-base font-semibold font-gray\">Fuente de alimentaci\u00f3n<\/td>\n<td class=\"text-base font-gray-300\">CR2032 3V LiMnO2 (Fija)<\/td>\n<\/tr>\n<tr>\n<td class=\"text-base font-semibold font-gray\">Duraci\u00f3n de la bater\u00eda<\/td>\n<td class=\"text-base font-gray-300\">2 a\u00f1os de almacenamiento, seguidos de 6 meses de vida operativa.<\/td>\n<\/tr>\n<tr>\n<td class=\"text-base font-semibold font-gray\">Reloj en tiempo real<\/td>\n<td class=\"text-base font-gray-300\">Reloj de tiempo real incorporado.\nPrecisi\u00f3n nominal \u00b125ppm a 25\u00b0C (equivalente a 2,5 segundos\/d\u00eda).\nEl coeficiente de temperatura nominal es -0,034 \u00b10,006ppm\/\u00b0C (es decir, normalmente +\/- 0,00294 segundos\/d\u00eda\/\u00b0C).<\/td>\n<\/tr>\n<tr>\n<td class=\"text-base font-semibold font-gray\">Interfaz de conexi\u00f3n<\/td>\n<td class=\"text-base font-gray-300\">Interfaz Cuna.<\/td>\n<\/tr>\n<tr>\n<td class=\"text-base font-semibold font-gray\">Software<\/td>\n<td class=\"text-base font-gray-300\">Analizador LogTag\u00ae.<\/td>\n<\/tr>\n<tr>\n<td class=\"text-base font-semibold font-gray\">Tama\u00f1o<\/td>\n<td class=\"text-base font-gray-300\">86 mm(A) x 54,5 mm(A) x 8,6 mm(T).<\/td>\n<\/tr>\n<tr>\n<td class=\"text-base font-semibold font-gray\">Peso<\/td>\n<td class=\"text-base font-gray-300\">34g.<\/td>\n<\/tr>\n<tr>\n<td class=\"text-base font-semibold font-gray\">Material de la carcasa<\/td>\n<td class=\"text-base font-gray-300\">Policarbonato.<\/td>\n<\/tr>\n<\/tbody>\n<\/table>"],"resources":["<ul class=\"resources-list\">\n \t<li><img src=\"https:\/\/praxas.com\/wp-content\/uploads\/document-icon.png\" alt=\"Icono de documento\"><a href=\"https:\/\/praxas.com\/wp-content\/uploads\/LogTag_HASO-8_Brochure.pdf\">Folleto LogTag HASO-8<\/a><\/li>\n \t<li><img src=\"https:\/\/praxas.com\/wp-content\/uploads\/document-icon.png\" alt=\"Icono de documento\"><a href=\"https:\/\/praxas.com\/wp-content\/uploads\/HAXO-8-QuickStartGuide.pdf\">Gu\u00eda de inicio r\u00e1pido de LogTag HASO-8<\/a><\/li>\n<\/ul>"],"accessories":["[products skus=\"LTI-HID,WMB-1\"]"],"_uag_page_assets":["a:9:{s:3:\"css\";s:0:\"\";s:2:\"js\";s:0:\"\";s:18:\"current_block_list\";a:0:{}s:8:\"uag_flag\";b:0;s:11:\"uag_version\";s:10:\"1776254989\";s:6:\"gfonts\";a:0:{}s:10:\"gfonts_url\";s:0:\"\";s:12:\"gfonts_files\";a:0:{}s:14:\"uag_faq_layout\";b:0;}"],"rank_math_internal_links_processed":["1"],"_max_variation_price":[""],"_max_variation_regular_price":[""],"_max_variation_sale_price":[""],"_min_variation_price":[""],"_min_variation_regular_price":[""],"_min_variation_sale_price":[""],"_sale_price":[""],"_wc_pb_base_regular_price":[""],"_wc_pb_base_sale_price":[""],"_wc_pb_base_price":[""],"_wc_sw_max_price":[""],"_wc_sw_max_regular_price":[""],"_wc_rating_count":[""],"_wc_review_count":[""],"_wc_average_rating":[0]},"uagb_featured_image_src":{"full":["https:\/\/praxas.com\/wp-content\/uploads\/HASO-8_front.jpg",1200,680,false],"thumbnail":["https:\/\/praxas.com\/wp-content\/uploads\/HASO-8_front-150x150.jpg",150,150,true],"medium":["https:\/\/praxas.com\/wp-content\/uploads\/HASO-8_front-300x170.jpg",300,170,true],"medium_large":["https:\/\/praxas.com\/wp-content\/uploads\/HASO-8_front-768x435.jpg",768,435,true],"large":["https:\/\/praxas.com\/wp-content\/uploads\/HASO-8_front-1024x580.jpg",1024,580,true],"1536x1536":["https:\/\/praxas.com\/wp-content\/uploads\/HASO-8_front.jpg",1200,680,false],"2048x2048":["https:\/\/praxas.com\/wp-content\/uploads\/HASO-8_front.jpg",1200,680,false],"crunchify-admin-post-featured-image":["https:\/\/praxas.com\/wp-content\/uploads\/HASO-8_front-120x68.jpg",120,68,true],"commercegurus-pdp-large":["https:\/\/praxas.com\/wp-content\/uploads\/HASO-8_front-990x561.jpg",990,561,true],"commercegurus-plp-mobile":["https:\/\/praxas.com\/wp-content\/uploads\/HASO-8_front-441x250.jpg",441,250,true],"cgkit_image_swatch":["https:\/\/praxas.com\/wp-content\/uploads\/HASO-8_front-100x100.jpg",100,100,true],"woocommerce_thumbnail":["https:\/\/praxas.com\/wp-content\/uploads\/HASO-8_front-350x198.jpg",350,198,true],"woocommerce_single":["https:\/\/praxas.com\/wp-content\/uploads\/HASO-8_front-800x453.jpg",800,453,true],"woocommerce_gallery_thumbnail":["https:\/\/praxas.com\/wp-content\/uploads\/HASO-8_front-150x85.jpg",150,85,true]},"uagb_author_info":{"display_name":"Alex James","author_link":"https:\/\/praxas.com\/es\/author\/"},"uagb_comment_info":0,"uagb_excerpt":"-40\u00b0C a +85\u00b0C Rango de humedad de 0 a 100% HR De un solo uso con 8.000 lecturas emparejadas Indicadores de estado \"OK\" y \"ALERTA Tiempo de respuesta r\u00e1pido para el seguimiento del transporte","_links":{"self":[{"href":"https:\/\/praxas.com\/es\/wp-json\/wp\/v2\/product\/50327","targetHints":{"allow":["GET"]}}],"collection":[{"href":"https:\/\/praxas.com\/es\/wp-json\/wp\/v2\/product"}],"about":[{"href":"https:\/\/praxas.com\/es\/wp-json\/wp\/v2\/types\/product"}],"wp:featuredmedia":[{"embeddable":true,"href":"https:\/\/praxas.com\/es\/wp-json\/wp\/v2\/media\/50326"}],"wp:attachment":[{"href":"https:\/\/praxas.com\/es\/wp-json\/wp\/v2\/media?parent=50327"}],"wp:term":[{"taxonomy":"product_brand","embeddable":true,"href":"https:\/\/praxas.com\/es\/wp-json\/wp\/v2\/product_brand?post=50327"},{"taxonomy":"product_cat","embeddable":true,"href":"https:\/\/praxas.com\/es\/wp-json\/wp\/v2\/product_cat?post=50327"},{"taxonomy":"product_tag","embeddable":true,"href":"https:\/\/praxas.com\/es\/wp-json\/wp\/v2\/product_tag?post=50327"}],"curies":[{"name":"wp","href":"https:\/\/api.w.org\/{rel}","templated":true}]}}