{"id":51397,"date":"2025-08-06T11:48:42","date_gmt":"2025-08-06T09:48:42","guid":{"rendered":"https:\/\/praxas.com\/product\/sin%20categor\u00eda\/registrador-de-temperatura-y-humedad-haxo-16u\/"},"modified":"2026-01-20T14:16:42","modified_gmt":"2026-01-20T13:16:42","slug":"registrador-de-temperatura-y-humedad-haxo-16u","status":"publish","type":"product","link":"https:\/\/praxas.com\/es\/product\/registradores-de-datos\/temperatura-y-humedad\/registrador-de-temperatura-y-humedad-haxo-16u\/","title":{"rendered":"Registrador de Temperatura y Humedad HAXO-16U"},"content":{"rendered":"<p data-start=\"239\" data-end=\"648\">El <strong data-start=\"243\" data-end=\"255\">HAXO-16U<\/strong> es un registrador de datos de temperatura y humedad fiable y f\u00e1cil de usar, dise\u00f1ado para proteger mercanc\u00edas sensibles como f\u00e1rmacos, productos sanitarios, alimentos, flores, polvos y ganado durante su transporte y almacenamiento. Sin necesidad de software para acceder a tus datos, los usuarios s\u00f3lo tienen que conectar el dispositivo a un PC a trav\u00e9s del puerto USB incorporado para generar al instante informes PDF y CSV r\u00e1pidos y claros.<\/p>\n<p data-start=\"650\" data-end=\"1080\">La supervisi\u00f3n se realiza sin esfuerzo gracias a su brillante pantalla LCD, que permite actualizaciones de un vistazo durante el env\u00edo o el almacenamiento. La HAXO-16U se maneja f\u00e1cilmente con un solo bot\u00f3n, lo que permite marcar eventos o iniciar\/detener el registro sin necesidad de una formaci\u00f3n complicada. Construido para soportar entornos dif\u00edciles, cuenta con una robusta carcasa de policarbonato y funciona con fiabilidad hasta -30 \u00b0C, lo que lo hace ideal para la log\u00edstica de la cadena de fr\u00edo.  <\/p>\n<p data-start=\"1082\" data-end=\"1505\">Al ofrecer hasta <strong data-start=\"1097\" data-end=\"1122\">365 d\u00edas de grabaci\u00f3n<\/strong> o <strong data-start=\"1126\" data-end=\"1145\">32.000 lecturas<\/strong>, el dispositivo es adecuado para viajes de transporte prolongados y monitorizaci\u00f3n a largo plazo. Disponible en opciones de un solo uso y multiuso, es una opci\u00f3n rentable para las empresas que necesitan una supervisi\u00f3n precisa y fiable sin costes continuos de software o hardware. Para quienes deseen un mayor control, la configuraci\u00f3n est\u00e1 disponible mediante el software gratuito LogTag\u00ae Analyzer.<\/p>\n","protected":false},"excerpt":{"rendered":"<ul>\n<li>Control de temperatura y humedad<\/li>\n<li data-start=\"245\" data-end=\"267\">Rango de -30\u00b0C a +70\u00b0C<\/li>\n<li data-start=\"270\" data-end=\"294\">Hasta 365 d\u00edas de registro<\/li>\n<li data-start=\"297\" data-end=\"322\">32.000 de capacidad de lectura<\/li>\n<li data-start=\"351\" data-end=\"372\">Descarga directa USB<\/li>\n<\/ul>\n","protected":false},"featured_media":51380,"template":"","meta":{"_acf_changed":false,"content-type":"","_uag_custom_page_level_css":""},"product_brand":[],"product_cat":[1610],"product_tag":[2515,1618],"class_list":{"0":"post-51397","1":"product","2":"type-product","3":"status-publish","4":"has-post-thumbnail","6":"product_cat-temperatura-y-humedad","7":"product_tag-logtag-es","8":"product_tag-usb-es","10":"first","11":"instock","12":"taxable","13":"shipping-taxable","14":"purchasable","15":"product-type-variable"},"bundled_by":[],"bundle_stock_status":"instock","bundle_stock_quantity":null,"bundle_virtual":false,"bundle_layout":"","bundle_add_to_cart_form_location":"","bundle_editable_in_cart":false,"bundle_sold_individually_context":"","bundle_item_grouping":"","bundle_min_size":"","bundle_max_size":"","bundle_price":[],"bundled_items":[],"bundle_sell_ids":[],"acf":[],"spectra_custom_meta":{"hubwoo_ecomm_pro_id":["27162303280"],"_wcml_average_rating":[null],"_wcml_review_count":[null],"_wcml_rating_count":[null],"_backorders":["no"],"_download_limit":["-1"],"_download_expiry":["-1"],"_downloadable":["no"],"_manage_stock":["no"],"_sku":["HAXO-16U"],"_stock_status":["instock"],"_sold_individually":["no"],"_tax_class":[""],"_tax_status":["taxable"],"_virtual":["no"],"_weight":["0.0468"],"_width":["0.86"],"_height":["10.7"],"_length":["5.45"],"total_sales":["1"],"_price":["85.40","114.80"],"connectivity":["USB"],"_connectivity":["field_64dce263bb57c"],"brand":["LogTag"],"_brand":["field_64ddf62ed2593"],"brand_image":[""],"_brand_image":["field_650c5e7c84cae"],"_specifications_table":["field_65044e1db92a8"],"_display_data_alarm":["field_667d647bcb066"],"_resources":["field_650849c6945ee"],"_calibration":["field_66a0ddd599972"],"_accessories":["field_650849e6945f0"],"_faqs":["field_650859523d8d5"],"_product_image_gallery":["51386,51392"],"_other_features":["field_686fa2aa98dce"],"_shipping":["field_66852535c98a5"],"_refrigerant_cabinet":["field_66852557c98a6"],"_main_specifications":["field_66855b25b1245"],"stock_options":["In stock"],"_stock_options":["field_6544b605dc7f9"],"rank_math_primary_product_cat":["0"],"min_temp":["-30"],"max_temp":["70"],"_min_temp":["field_67ea5eb4e0a77"],"_max_temp":["field_67ea5f81e0a79"],"_top_nav_excluded":[""],"_cms_nav_minihome":[""],"wcml_sync_hash":["a:1:{s:15:\"postmeta_fields\";s:32:\"a9b9c1c4d524c0eb017c98d12316c862\";}"],"attr_label_translations":["a:0:{}"],"_product_attributes":["a:2:{s:16:\"pa_product-brand\";a:6:{s:4:\"name\";s:16:\"pa_product-brand\";s:5:\"value\";s:0:\"\";s:8:\"position\";i:0;s:10:\"is_visible\";i:1;s:12:\"is_variation\";i:0;s:11:\"is_taxonomy\";i:1;}s:16:\"pa_make-a-choice\";a:6:{s:4:\"name\";s:16:\"pa_make-a-choice\";s:5:\"value\";s:0:\"\";s:8:\"position\";i:1;s:10:\"is_visible\";i:1;s:12:\"is_variation\";i:1;s:11:\"is_taxonomy\";i:1;}}"],"_thumbnail_id":["51380"],"_crosssell_ids":["a:0:{}"],"_wpml_word_count":["269"],"rank_math_focus_keyword":["haxo-16"],"specifications_table":["<table class=\"specifications\">\n<tbody>\n<tr>\n<td class=\"left-td\">Modelo de producto<\/td>\n<td>HAXO-16U (opciones de un solo uso y multiuso disponibles)<\/td>\n<\/tr>\n<tr>\n<td class=\"left-td\">Rango de medici\u00f3n del sensor<\/td>\n<td>-30\u00b0C a +70\u00b0C (-22\u00b0F a +158\u00b0F)<\/td>\n<\/tr>\n<tr>\n<td class=\"left-td\">Temperatura de funcionamiento<\/td>\n<td>-30\u00b0C a +70\u00b0C (-22\u00b0F a +158\u00b0F)<\/td>\n<\/tr>\n<tr>\n<td class=\"left-td\">Temperatura de almacenamiento<\/td>\n<td>0\u00b0C a +40\u00b0C (32\u00b0F a +104\u00b0F)<\/td>\n<\/tr>\n<tr>\n<td class=\"left-td\">Rango de medici\u00f3n de la humedad<\/td>\n<td>0%RH a 100%RH (sin condensaci\u00f3n), con limitaciones<\/td>\n<\/tr>\n<tr>\n<td class=\"left-td\">Rango de funcionamiento de la humedad<\/td>\n<td>0%RH a 100%RH (sin condensaci\u00f3n), con limitaciones<\/td>\n<\/tr>\n<tr>\n<td class=\"left-td\">Rango de almacenamiento de humedad<\/td>\n<td>20% HR a 60% HR*.<\/td>\n<\/tr>\n<tr>\n<td class=\"left-td\">Precisi\u00f3n de la temperatura<\/td>\n<td>\u00b10,45\u00b0C (\u00b10,8\u00b0F) de 0\u00b0C a +50\u00b0C, normalmente \u00b10,3\u00b0C (\u00b10,6\u00b0F)\n\u00b10,8\u00b0C (\u00b11,4\u00b0F) de +50\u00b0C a +70\u00b0C, normalmente \u00b10,5\u00b0C (\u00b10,9\u00b0F)\n\u00b10,95\u00b0C (\u00b11,7\u00b0F) de -30\u00b0C a 0\u00b0C, normalmente \u00b10,6\u00b0C (\u00b11,1\u00b0F)<\/td>\n<\/tr>\n<tr>\n<td class=\"left-td\">Precisi\u00f3n de la humedad<\/td>\n<td>\u00b13%HR de 20%HR a 80%HR, t\u00edpicamente \u00b12%HR\n\u00b15%HR de 0%HR a 20%HR, t\u00edpicamente \u00b14%HR\n\u00b15%HR de 80%HR a 100%HR, t\u00edpicamente \u00b14%HR<\/td>\n<\/tr>\n<tr>\n<td class=\"left-td\">Resoluci\u00f3n de humedad<\/td>\n<td>Mejor que 0,1%HR<\/td>\n<\/tr>\n<tr>\n<td class=\"left-td\">Resoluci\u00f3n de temperatura<\/td>\n<td>Mejor que 0,1\u00b0C o 0,1\u00b0F<\/td>\n<\/tr>\n<tr>\n<td class=\"left-td\">Capacidad de grabaci\u00f3n<\/td>\n<td>32.000 registros, hasta 365 d\u00edas a intervalos de 16 minutos<\/td>\n<\/tr>\n<tr>\n<td class=\"left-td\">Intervalo de muestreo<\/td>\n<td>Configurable de 10 segundos a 18 horas<\/td>\n<\/tr>\n<tr>\n<td class=\"left-td\">Opciones de inicio de registro<\/td>\n<td>Pulsador o fecha\/hora de inicio<\/td>\n<\/tr>\n<tr>\n<td class=\"left-td\">Medioambiental<\/td>\n<td>IP61 con tapa USB instalada<\/td>\n<\/tr>\n<tr>\n<td class=\"left-td\">Fuente de alimentaci\u00f3n<\/td>\n<td>Pila monedero CR2450 3V Li-MnO2 (no recargable, no sustituible)<\/td>\n<\/tr>\n<tr>\n<td class=\"left-td\">Duraci\u00f3n de la bater\u00eda<\/td>\n<td>3 a\u00f1os de almacenamiento, 2 a\u00f1os de uso normal (basado en un registro de 5 minutos)<\/td>\n<\/tr>\n<tr>\n<td class=\"left-td\">Interfaz de conexi\u00f3n<\/td>\n<td>USB 2.0 integrado<\/td>\n<\/tr>\n<tr>\n<td class=\"left-td\">Tama\u00f1o<\/td>\n<td>107 mm (Al) x 54,5 mm (An) x 8,6 mm (T)<\/td>\n<\/tr>\n<tr>\n<td class=\"left-td\">Peso<\/td>\n<td>46.8g<\/td>\n<\/tr>\n<tr>\n<td class=\"left-td\">Material de la caja<\/td>\n<td>Policarbonato<\/td>\n<\/tr>\n<\/tbody>\n<\/table>"],"resources":["<ul>\n \t<li><a href=\"https:\/\/praxas.com\/wp-content\/uploads\/HAXO-16U-Brochure.pdf\"><img src=\"https:\/\/praxas.com\/wp-content\/uploads\/document-icon.png\" alt=\"Icono de documento\">Folleto LogTag HAXO-16U<\/a><\/li>\n \t<li><img src=\"https:\/\/praxas.com\/wp-content\/uploads\/document-icon.png\" alt=\"Icono de documento\"><a href=\"https:\/\/praxas.com\/wp-content\/uploads\/HAXO-16U-QSG.pdf\">Gu\u00eda de inicio r\u00e1pido de LogTag HAXO-16U<\/a><\/li>\n<\/ul>\nEcha un vistazo al <a href=\"https:\/\/www.youtube.com\/watch?v=1Zs-xYGUK1s\">v\u00eddeo tutorial HAXO-16U<\/a> de LogTag.\n\n\u00a0"],"_last_translation_edit_mode":["translation-editor"],"_uag_page_assets":["a:9:{s:3:\"css\";s:0:\"\";s:2:\"js\";s:0:\"\";s:18:\"current_block_list\";a:0:{}s:8:\"uag_flag\";b:0;s:11:\"uag_version\";s:10:\"1777295789\";s:6:\"gfonts\";a:0:{}s:10:\"gfonts_url\";s:0:\"\";s:12:\"gfonts_files\";a:0:{}s:14:\"uag_faq_layout\";b:0;}"],"rank_math_internal_links_processed":["1"],"_max_variation_price":[""],"_max_variation_regular_price":[""],"_max_variation_sale_price":[""],"_min_variation_price":[""],"_min_variation_regular_price":[""],"_min_variation_sale_price":[""],"_regular_price":[""],"_sale_price":[""],"_wc_pb_base_regular_price":[""],"_wc_pb_base_sale_price":[""],"_wc_pb_base_price":[""],"_wc_sw_max_price":[""],"_wc_sw_max_regular_price":[""],"_wc_rating_count":[""],"_wc_review_count":[""],"_wc_average_rating":[0]},"uagb_featured_image_src":{"full":["https:\/\/praxas.com\/wp-content\/uploads\/HAXO-16U_C_max_Print.jpg",1200,680,false],"thumbnail":["https:\/\/praxas.com\/wp-content\/uploads\/HAXO-16U_C_max_Print-150x150.jpg",150,150,true],"medium":["https:\/\/praxas.com\/wp-content\/uploads\/HAXO-16U_C_max_Print-300x170.jpg",300,170,true],"medium_large":["https:\/\/praxas.com\/wp-content\/uploads\/HAXO-16U_C_max_Print-768x435.jpg",768,435,true],"large":["https:\/\/praxas.com\/wp-content\/uploads\/HAXO-16U_C_max_Print-1024x580.jpg",1024,580,true],"1536x1536":["https:\/\/praxas.com\/wp-content\/uploads\/HAXO-16U_C_max_Print.jpg",1200,680,false],"2048x2048":["https:\/\/praxas.com\/wp-content\/uploads\/HAXO-16U_C_max_Print.jpg",1200,680,false],"crunchify-admin-post-featured-image":["https:\/\/praxas.com\/wp-content\/uploads\/HAXO-16U_C_max_Print-120x68.jpg",120,68,true],"commercegurus-pdp-large":["https:\/\/praxas.com\/wp-content\/uploads\/HAXO-16U_C_max_Print-990x561.jpg",990,561,true],"commercegurus-plp-mobile":["https:\/\/praxas.com\/wp-content\/uploads\/HAXO-16U_C_max_Print-441x250.jpg",441,250,true],"cgkit_image_swatch":["https:\/\/praxas.com\/wp-content\/uploads\/HAXO-16U_C_max_Print-100x100.jpg",100,100,true],"woocommerce_thumbnail":["https:\/\/praxas.com\/wp-content\/uploads\/HAXO-16U_C_max_Print-350x198.jpg",350,198,true],"woocommerce_single":["https:\/\/praxas.com\/wp-content\/uploads\/HAXO-16U_C_max_Print-800x453.jpg",800,453,true],"woocommerce_gallery_thumbnail":["https:\/\/praxas.com\/wp-content\/uploads\/HAXO-16U_C_max_Print-150x85.jpg",150,85,true]},"uagb_author_info":{"display_name":"Alex James","author_link":"https:\/\/praxas.com\/es\/author\/"},"uagb_comment_info":0,"uagb_excerpt":"Control de temperatura y humedad Rango de -30\u00b0C a +70\u00b0C Hasta 365 d\u00edas de registro 32.000 de capacidad de lectura Descarga directa USB","_links":{"self":[{"href":"https:\/\/praxas.com\/es\/wp-json\/wp\/v2\/product\/51397","targetHints":{"allow":["GET"]}}],"collection":[{"href":"https:\/\/praxas.com\/es\/wp-json\/wp\/v2\/product"}],"about":[{"href":"https:\/\/praxas.com\/es\/wp-json\/wp\/v2\/types\/product"}],"wp:featuredmedia":[{"embeddable":true,"href":"https:\/\/praxas.com\/es\/wp-json\/wp\/v2\/media\/51380"}],"wp:attachment":[{"href":"https:\/\/praxas.com\/es\/wp-json\/wp\/v2\/media?parent=51397"}],"wp:term":[{"taxonomy":"product_brand","embeddable":true,"href":"https:\/\/praxas.com\/es\/wp-json\/wp\/v2\/product_brand?post=51397"},{"taxonomy":"product_cat","embeddable":true,"href":"https:\/\/praxas.com\/es\/wp-json\/wp\/v2\/product_cat?post=51397"},{"taxonomy":"product_tag","embeddable":true,"href":"https:\/\/praxas.com\/es\/wp-json\/wp\/v2\/product_tag?post=51397"}],"curies":[{"name":"wp","href":"https:\/\/api.w.org\/{rel}","templated":true}]}}