{"id":53343,"date":"2025-11-11T15:37:55","date_gmt":"2025-11-11T14:37:55","guid":{"rendered":"https:\/\/praxas.com\/?post_type=product&#038;p=53343"},"modified":"2025-11-11T16:04:33","modified_gmt":"2025-11-11T15:04:33","slug":"registrador-de-temperatura-trix-16-copy","status":"publish","type":"product","link":"https:\/\/praxas.com\/es\/product\/registradores-de-datos\/registradores-de-datos-de-temperatura\/registrador-de-temperatura-trix-16-copy\/","title":{"rendered":"Registrador de temperatura TRIX-8"},"content":{"rendered":"<p data-start=\"236\" data-end=\"628\">Controla y registra con precisi\u00f3n la temperatura de exposici\u00f3n de los productos con el <strong data-start=\"308\" data-end=\"354\">Registrador de Temperatura Multiuso LogTag TRIX-8<\/strong>. Dise\u00f1ado para ofrecer un rendimiento fiable en una amplia gama de aplicaciones, este vers\u00e1til dispositivo captura datos precisos de temperatura en un rango de medici\u00f3n de <strong data-start=\"511\" data-end=\"529\">-40 \u00b0C a +85 \u00b0C<\/strong>, lo que lo hace ideal para entornos de transporte, almacenamiento y procesamiento de corta y larga distancia. <\/p>\n<p data-start=\"630\" data-end=\"945\">Equipado con un <strong data-start=\"647\" data-end=\"666\">sensor interno<\/strong> y un <strong data-start=\"673\" data-end=\"692\">reloj en tiempo real<\/strong>, el TRIX-8 marca el tiempo de cada lectura, garantizando la total trazabilidad de los datos de temperatura. Con una <strong data-start=\"785\" data-end=\"822\">capacidad de memoria de 8.000 lecturas<\/strong> y una <strong data-start=\"829\" data-end=\"862\">duraci\u00f3n de la bater\u00eda de hasta 3 a\u00f1os<\/strong>, es una soluci\u00f3n duradera y fiable para las necesidades continuas de control de la temperatura. <\/p>\n<p data-start=\"947\" data-end=\"1140\">El LogTag TRIX-8 <strong data-start=\"968\" data-end=\"1020\">cuenta con la precalificaci\u00f3n PQS de la OMS (E06\/06: C\u00f3digo PQS E006\/00)<\/strong>, lo que confirma su conformidad con las normas internacionales de calidad y rendimiento en log\u00edstica sensible a la temperatura.<\/p>\n<p><strong>Entre las ventajas del Registrador de Temperatura LogTag TRIX-8 se incluyen:<\/strong><\/p>\n<ul>\n<li data-start=\"1219\" data-end=\"1274\">Rango de medici\u00f3n: <strong data-start=\"1236\" data-end=\"1272\">-40\u00b0C a +85\u00b0C (-40\u00b0F a +185\u00b0F)<\/strong><\/li>\n<li data-start=\"1277\" data-end=\"1299\"><strong data-start=\"1277\" data-end=\"1290\">Precisi\u00f3n:<\/strong> \u00b10,5\u00b0C<\/li>\n<li data-start=\"1302\" data-end=\"1339\"><strong data-start=\"1302\" data-end=\"1322\">Capacidad de memoria:<\/strong> 8.000 lecturas<\/li>\n<li data-start=\"1342\" data-end=\"1375\"><strong data-start=\"1342\" data-end=\"1359\">Duraci\u00f3n de la bater\u00eda:<\/strong> Hasta 3 a\u00f1os<\/li>\n<li data-start=\"1378\" data-end=\"1455\"><strong data-start=\"1378\" data-end=\"1407\">Indicadores \u00abOK\u00bb y \u00abALERTA<\/strong> \u00bb con ajustes personalizables de alarma alta y baja<\/li>\n<li data-start=\"1458\" data-end=\"1520\"><strong data-start=\"1458\" data-end=\"1482\">R\u00e1pida velocidad de descarga:<\/strong> Menos de 5 segundos para la memoria completa<\/li>\n<li data-start=\"1523\" data-end=\"1582\"><strong data-start=\"1523\" data-end=\"1556\">Carcasa de policarbonato duradera<\/strong> para una protecci\u00f3n superior<\/li>\n<li data-start=\"1585\" data-end=\"1642\"><strong data-start=\"1585\" data-end=\"1605\">Dise\u00f1o multiuso<\/strong> para un seguimiento repetido a largo plazo<\/li>\n<li data-start=\"1645\" data-end=\"1716\"><strong data-start=\"1645\" data-end=\"1670\">Precalificado PQS por la OMS<\/strong>, lo que garantiza su fiabilidad y cumplimiento en todo el mundo<\/li>\n<\/ul>\n<h3 data-start=\"1723\" data-end=\"1775\">Control eficaz de la temperatura en varios viajes<\/h3>\n<p data-start=\"1777\" data-end=\"2093\">Construida para ofrecer rendimiento y flexibilidad, la TRIX-8 es ideal para su uso repetido en m\u00faltiples env\u00edos o aplicaciones de almacenamiento. Su robusto dise\u00f1o garantiza un funcionamiento constante en entornos exigentes, salvaguardando la integridad de mercanc\u00edas sensibles a la temperatura, como vacunas, productos farmac\u00e9uticos, alimentos y productos perecederos. <\/p>\n<h3 data-start=\"2100\" data-end=\"2141\">F\u00e1cil gesti\u00f3n y an\u00e1lisis de datos<\/h3>\n<p data-start=\"2143\" data-end=\"2494\">Accede a tus datos sin esfuerzo mediante la <strong data-start=\"2183\" data-end=\"2203\">interfaz LogTag<\/strong> y el <strong data-start=\"2212\" data-end=\"2245\">software gratuito <a href=\"https:\/\/praxas.com\/es\/software\/software-logtag\/\">LogTag Analyzer<\/a><\/strong>. Configura los ajustes del registrador, descarga los datos registrados y visualiza los resultados mediante gr\u00e1ficos, estad\u00edsticas e informes. La exportaci\u00f3n a <strong data-start=\"2374\" data-end=\"2406\">Excel y otras aplicaciones<\/strong> es r\u00e1pida y sencilla, lo que permite una integraci\u00f3n perfecta en tu sistema de gesti\u00f3n de la calidad.  <\/p>\n<h3 data-start=\"2501\" data-end=\"2541\">Calidad y conformidad certificadas<\/h3>\n<p data-start=\"2543\" data-end=\"2867\">El LogTag TRIX-8 cumple las principales certificaciones internacionales, como <strong data-start=\"2611\" data-end=\"2663\">FCC, CE, C-TICK, T\u00dcV, EN12830, WHO PQS y RoHS<\/strong>, lo que lo convierte en uno de los registradores de temperatura m\u00e1s fiables y conformes del mercado. Su precisi\u00f3n, velocidad y capacidad multiuso lo convierten en <strong data-start=\"2806\" data-end=\"2866\">la referencia del sector para la monitorizaci\u00f3n fiable de la temperatura<\/strong>. <\/p>\n","protected":false},"excerpt":{"rendered":"<ul>\n<li>8.000 lecturas Capacidad de memoria<\/li>\n<li>-40\u00b0C a +85\u00b0C<\/li>\n<li>Indicadores de alarma \u00abOK\u00bb y \u00abALERTA<\/li>\n<li>Hasta 3 a\u00f1os de duraci\u00f3n de la bater\u00eda<\/li>\n<li>Descarga r\u00e1pida Tiempo de respuesta r\u00e1pida<\/li>\n<\/ul>\n","protected":false},"featured_media":53356,"template":"","meta":{"_acf_changed":false,"content-type":"","_uag_custom_page_level_css":""},"product_brand":[],"product_cat":[1601],"product_tag":[2515],"class_list":{"0":"post-53343","1":"product","2":"type-product","3":"status-publish","4":"has-post-thumbnail","6":"product_cat-registradores-de-datos-de-temperatura","7":"product_tag-logtag-es","9":"first","10":"instock","11":"taxable","12":"shipping-taxable","13":"purchasable","14":"product-type-simple"},"bundled_by":[],"bundle_stock_status":"instock","bundle_stock_quantity":null,"bundle_virtual":false,"bundle_layout":"","bundle_add_to_cart_form_location":"","bundle_editable_in_cart":false,"bundle_sold_individually_context":"","bundle_item_grouping":"","bundle_min_size":"","bundle_max_size":"","bundle_price":[],"bundled_items":[],"bundle_sell_ids":[],"acf":[],"spectra_custom_meta":{"_regular_price":["25.20"],"total_sales":["28"],"_tax_status":["taxable"],"_tax_class":[""],"_manage_stock":["no"],"_backorders":["no"],"_sold_individually":["no"],"_weight":["0.033"],"_virtual":["no"],"_downloadable":["no"],"_product_image_gallery":["53362"],"_download_limit":["-1"],"_download_expiry":["-1"],"_thumbnail_id":["53356"],"_stock":[null],"_stock_status":["instock"],"_wcml_average_rating":[null],"_wcml_review_count":[null],"_wcml_rating_count":[null],"_wc_average_rating":[0],"_wc_review_count":["0"],"_product_attributes":["a:1:{s:16:\"pa_product-brand\";a:6:{s:4:\"name\";s:16:\"pa_product-brand\";s:5:\"value\";s:0:\"\";s:8:\"position\";i:0;s:10:\"is_visible\";i:1;s:12:\"is_variation\";i:0;s:11:\"is_taxonomy\";i:1;}}"],"_product_version":["10.3.3"],"_price":["25.20"],"attr_label_translations":["a:1:{s:2:\"es\";a:1:{s:13:\"make-a-choice\";s:5:\"Elige\";}}"],"product_datasheet":[""],"_product_datasheet":["field_650ad7d6ea3a0"],"_connectivity":["field_64dce263bb57c"],"brand":["LogTag"],"_brand":["field_64ddf62ed2593"],"brand_image":[""],"_brand_image":["field_650c5e7c84cae"],"_specifications_table":["field_65044e1db92a8"],"_display_data_alarm":["field_667d647bcb066"],"_resources":["field_650849c6945ee"],"_accessories":["field_650849e6945f0"],"_faqs":["field_650859523d8d5"],"_calibration_suitable_ids_gb":["field_654b4c4acb54a"],"_calibration_suitable_ids_us":["field_654b4c56cb54b"],"_show_in_calibration_suitable":["field_654cfb691d345"],"_shipping":["field_66852535c98a5"],"_refrigerant_cabinet":["field_66852557c98a6"],"_main_specifications":["field_66855b25b1245"],"_usd_price_4":["field_651570dcac479"],"_usd_price_9":["field_6515713eb4807"],"_usd_price_24":["field_65157141b4809"],"_usd_price_49":["field_65157140b4808"],"_usd_price_99":["field_6515715bb480a"],"_gbp_price_4":["field_6515716e83bfa"],"_gbp_price_9":["field_6515724783bfb"],"_gbp_price_24":["field_6515724b83bfc"],"_gbp_price_49":["field_6515725983bfd"],"_gbp_price_99":["field_6515725d83bfe"],"_usdhk_price_4":["field_6515726f83bff"],"_usdhk_price_9":["field_6515727c83c00"],"_usdhk_price_24":["field_6515728083c01"],"_usdhk_price_49":["field_6515728983c02"],"_usdhk_price_99":["field_6515728e83c03"],"stock_options":["In stock"],"_stock_options":["field_6544b605dc7f9"],"_top_nav_excluded":[""],"_cms_nav_minihome":[""],"wcml_sync_hash":["a:1:{s:15:\"postmeta_fields\";s:32:\"b5c9eab1b2104102b184a534b57f0fd1\";}"],"_last_translation_edit_mode":["translation-editor"],"_calibration":["field_66a0ddd599972"],"connectivity":["Interface Cradle"],"classic-editor-remember":["classic-editor"],"commercekit_gallery_layout":[""],"commercekit_disable_sticky_atc":["0"],"commercekit_wc_video_gallery":["a:0:{}"],"_rank_math_gtin_code":[""],"usd_price_4":[""],"usd_price_9":[""],"usd_price_24":[""],"usd_price_49":[""],"usd_price_99":[""],"gbp_price_4":[""],"gbp_price_9":[""],"gbp_price_24":[""],"gbp_price_49":[""],"gbp_price_99":[""],"usdhk_price_4":[""],"usdhk_price_9":[""],"usdhk_price_24":[""],"usdhk_price_49":[""],"usdhk_price_99":[""],"display_data_alarm":[""],"calibration":[""],"faqs":[""],"calibration_suitable_ids_gb":[""],"calibration_suitable_ids_us":[""],"show_in_calibration_suitable":[""],"other_features":[""],"shipping":[""],"refrigerant_cabinet":[""],"main_specifications":[""],"shoptimizer_layout_pdp_short_description_position":["default"],"rank_math_analytic_object_id":["1363"],"_wpml_media_duplicate":["1"],"_wpml_media_featured":["1"],"min_temp":["-40"],"max_temp":["85"],"_min_temp":["field_67ea5eb4e0a77"],"_max_temp":["field_67ea5f81e0a79"],"_wpml_word_count":["513"],"rank_math_primary_product_cat":["87"],"hubwoo_ecomm_pro_id":["25307430445"],"rank_math_primary_product_brand":["0"],"_sku":["TRIX-8"],"_other_features":["field_686fa2aa98dce"],"rank_math_description":["Controla temperaturas de -40\u00b0C a +85\u00b0C con el Registrador de Temperatura LogTag Trix-16. Registra hasta 8.000 lecturas, dispone de alarmas personalizables y tiene un dise\u00f1o duradero."],"rank_math_focus_keyword":["TRIX-8"],"specifications_table":["<table class=\"specifications\">\n<tbody>\n<tr>\n<td class=\"left-td\">Rango de medici\u00f3n del sensor<\/td>\n<td>-40\u00b0C a +85\u00b0C (-40\u00b0F a +185\u00b0F)<\/td>\n<\/tr>\n<tr>\n<td class=\"left-td\">Temperatura de funcionamiento<\/td>\n<td>-40\u00b0C a +85\u00b0C (-40\u00b0F a +185\u00b0F)<\/td>\n<\/tr>\n<tr>\n<td class=\"left-td\">Temperatura de almacenamiento<\/td>\n<td>-30\u00b0C a +55\u00b0C (-22\u00b0F a +131\u00b0F)<\/td>\n<\/tr>\n<tr>\n<td class=\"left-td\">Precisi\u00f3n de lectura de la temperatura nominal<\/td>\n<td>Mejor que \u00b10,5\u00b0C de -20\u00b0C a +40\u00b0C\nMejor que \u00b10,7\u00b0C de -30\u00b0C a -20\u00b0C y de +40\u00b0C a +60\u00b0C\nMejor que \u00b10,8\u00b0C de +60\u00b0C a +85\u00b0C\nMejor que \u00b10,9\u00b0C de -40\u00b0C a -30\u00b0C\nEl rendimiento real suele ser mucho mejor que los valores nominales.\nLas cifras de precisi\u00f3n pueden mejorarse recalibrando.<\/td>\n<\/tr>\n<tr>\n<td class=\"left-td\">Resoluci\u00f3n de la lectura de la temperatura nominal<\/td>\n<td>Menos de 0,1\u00b0C para -40\u00b0C a +40\u00b0C\nMenos de 0,2\u00b0C para +40\u00b0C a +80\u00b0C\nMenos de 0,4\u00b0C para +80\u00b0C a +85\u00b0C\nLogTag Analyzer\u00ae muestra actualmente con un decimal de \u00b0C o \u00b0F. La resoluci\u00f3n nativa es la que est\u00e1 almacenada en el LogTag\u00ae. <\/td>\n<\/tr>\n<tr>\n<td class=\"left-td\">Tiempo de reacci\u00f3n del sensor<\/td>\n<td>Normalmente inferior a 5 minutos (T90) en aire en movimiento (1 m\/s)<\/td>\n<\/tr>\n<tr>\n<td class=\"left-td\">Capacidad de grabaci\u00f3n<\/td>\n<td>8031 lecturas de temperatura.\n53 d\u00edas @ 10min de registro, 80 d\u00edas @ 15min de registro <\/td>\n<\/tr>\n<tr>\n<td class=\"left-td\">Intervalo de muestreo<\/td>\n<td>Configurable de 30 segundos a varias horas<\/td>\n<\/tr>\n<tr>\n<td class=\"left-td\">Opciones de inicio de registro<\/td>\n<td>Inicio mediante pulsador o fecha y hora espec\u00edficas.\nRetardo de arranque opcional de hasta 18 horas <\/td>\n<\/tr>\n<tr>\n<td class=\"left-td\">Indicaci\u00f3n de grabaci\u00f3n<\/td>\n<td>Indicador \"OK\" intermitente \/ indicador \"ALERTA\" intermitente<\/td>\n<\/tr>\n<tr>\n<td class=\"left-td\">Alarmas<\/td>\n<td>1 alarma superior configurable y 1 alarma inferior configurable<\/td>\n<\/tr>\n<tr>\n<td class=\"left-td\">Tiempo de descarga<\/td>\n<td>Normalmente menos de 5 segundos para la memoria completa (8031 lecturas), dependiendo del ordenador o del dispositivo de lectura utilizado<\/td>\n<\/tr>\n<tr>\n<td class=\"left-td\">Medioambiental<\/td>\n<td>IP65 (aproximadamente equivalente a NEMA 4)<\/td>\n<\/tr>\n<tr>\n<td class=\"left-td\">Fuente de alimentaci\u00f3n<\/td>\n<td>Bater\u00eda CR2450 3V LiMnO2 (fija)<\/td>\n<\/tr>\n<tr>\n<td class=\"left-td\">Duraci\u00f3n de la bater\u00eda<\/td>\n<td>1 a\u00f1o de almacenamiento, seguido de 2 - 3 a\u00f1os de uso normal (basado en un registro de 15 minutos, descarga de datos mensual)<\/td>\n<\/tr>\n<tr>\n<td class=\"left-td\">Reloj en tiempo real<\/td>\n<td>Reloj de tiempo real incorporado\nPrecisi\u00f3n nominal \u00b125ppm @ 25\u00b0C (equivalente a 2,5 segundos\/d\u00eda)\nEl coeficiente de temperatura nominal es -0,034 \u00b10,006ppm\/\u00b0C (es decir, normalmente \u00b10,00294 segundos\/d\u00eda\/\u00b0C)<\/td>\n<\/tr>\n<tr>\n<td class=\"left-td\">Tama\u00f1o<\/td>\n<td>86 mm(A) x 54,5 mm(A) x 8,6 mm(T)<\/td>\n<\/tr>\n<tr>\n<td class=\"left-td\">Peso<\/td>\n<td>33g<\/td>\n<\/tr>\n<tr>\n<td class=\"left-td\">Material de la caja<\/td>\n<td>Policarbonato<\/td>\n<\/tr>\n<\/tbody>\n<\/table>"],"resources":["<ul class=\"resources-list\">\n \t<li><img src=\"https:\/\/praxas.com\/wp-content\/uploads\/document-icon.png\" alt=\"Icono de documento\"><a href=\"https:\/\/praxas.com\/wp-content\/uploads\/LogTag_TRIX-8_Brochure.pdf\">Folleto LogTag TRIX-8<\/a><\/li>\n \t<li><img src=\"https:\/\/praxas.com\/wp-content\/uploads\/document-icon.png\" alt=\"Icono de documento\"><a href=\"https:\/\/praxas.com\/wp-content\/uploads\/General_LogTag_Quick_Start_Guide.pdf\">LogTag TRIX-8 Gu\u00eda de inicio r\u00e1pido<\/a><\/li>\n<\/ul>\n\u00a0"],"accessories":["[products skus=\"LTI-HID,PROTECTIVE ENCLOSURE,WMB-1\"]"],"_uag_page_assets":["a:9:{s:3:\"css\";s:0:\"\";s:2:\"js\";s:0:\"\";s:18:\"current_block_list\";a:0:{}s:8:\"uag_flag\";b:0;s:11:\"uag_version\";s:10:\"1777052440\";s:6:\"gfonts\";a:0:{}s:10:\"gfonts_url\";s:0:\"\";s:12:\"gfonts_files\";a:0:{}s:14:\"uag_faq_layout\";b:0;}"],"rank_math_internal_links_processed":["1"],"_max_variation_price":[""],"_max_variation_regular_price":[""],"_max_variation_sale_price":[""],"_min_variation_price":[""],"_min_variation_regular_price":[""],"_min_variation_sale_price":[""],"_sale_price":[""],"_wc_pb_base_regular_price":[""],"_wc_pb_base_sale_price":[""],"_wc_pb_base_price":[""],"_wc_sw_max_price":[""],"_wc_sw_max_regular_price":[""],"_wc_rating_count":[""]},"uagb_featured_image_src":{"full":["https:\/\/praxas.com\/wp-content\/uploads\/TRIX-8-Front.jpg",1200,680,false],"thumbnail":["https:\/\/praxas.com\/wp-content\/uploads\/TRIX-8-Front-150x150.jpg",150,150,true],"medium":["https:\/\/praxas.com\/wp-content\/uploads\/TRIX-8-Front-300x170.jpg",300,170,true],"medium_large":["https:\/\/praxas.com\/wp-content\/uploads\/TRIX-8-Front-768x435.jpg",768,435,true],"large":["https:\/\/praxas.com\/wp-content\/uploads\/TRIX-8-Front-1024x580.jpg",1024,580,true],"1536x1536":["https:\/\/praxas.com\/wp-content\/uploads\/TRIX-8-Front.jpg",1200,680,false],"2048x2048":["https:\/\/praxas.com\/wp-content\/uploads\/TRIX-8-Front.jpg",1200,680,false],"crunchify-admin-post-featured-image":["https:\/\/praxas.com\/wp-content\/uploads\/TRIX-8-Front-120x68.jpg",120,68,true],"commercegurus-pdp-large":["https:\/\/praxas.com\/wp-content\/uploads\/TRIX-8-Front-990x561.jpg",990,561,true],"commercegurus-plp-mobile":["https:\/\/praxas.com\/wp-content\/uploads\/TRIX-8-Front-441x250.jpg",441,250,true],"cgkit_image_swatch":["https:\/\/praxas.com\/wp-content\/uploads\/TRIX-8-Front-100x100.jpg",100,100,true],"woocommerce_thumbnail":["https:\/\/praxas.com\/wp-content\/uploads\/TRIX-8-Front-350x198.jpg",350,198,true],"woocommerce_single":["https:\/\/praxas.com\/wp-content\/uploads\/TRIX-8-Front-800x453.jpg",800,453,true],"woocommerce_gallery_thumbnail":["https:\/\/praxas.com\/wp-content\/uploads\/TRIX-8-Front-150x85.jpg",150,85,true]},"uagb_author_info":{"display_name":"Alex James","author_link":"https:\/\/praxas.com\/es\/author\/"},"uagb_comment_info":0,"uagb_excerpt":"8.000 lecturas Capacidad de memoria -40\u00b0C a +85\u00b0C Indicadores de alarma \"OK\" y \"ALERTA Hasta 3 a\u00f1os de duraci\u00f3n de la bater\u00eda Descarga r\u00e1pida Tiempo de respuesta r\u00e1pida","_links":{"self":[{"href":"https:\/\/praxas.com\/es\/wp-json\/wp\/v2\/product\/53343","targetHints":{"allow":["GET"]}}],"collection":[{"href":"https:\/\/praxas.com\/es\/wp-json\/wp\/v2\/product"}],"about":[{"href":"https:\/\/praxas.com\/es\/wp-json\/wp\/v2\/types\/product"}],"wp:featuredmedia":[{"embeddable":true,"href":"https:\/\/praxas.com\/es\/wp-json\/wp\/v2\/media\/53356"}],"wp:attachment":[{"href":"https:\/\/praxas.com\/es\/wp-json\/wp\/v2\/media?parent=53343"}],"wp:term":[{"taxonomy":"product_brand","embeddable":true,"href":"https:\/\/praxas.com\/es\/wp-json\/wp\/v2\/product_brand?post=53343"},{"taxonomy":"product_cat","embeddable":true,"href":"https:\/\/praxas.com\/es\/wp-json\/wp\/v2\/product_cat?post=53343"},{"taxonomy":"product_tag","embeddable":true,"href":"https:\/\/praxas.com\/es\/wp-json\/wp\/v2\/product_tag?post=53343"}],"curies":[{"name":"wp","href":"https:\/\/api.w.org\/{rel}","templated":true}]}}