{"id":58078,"date":"2026-02-18T11:50:48","date_gmt":"2026-02-18T10:50:48","guid":{"rendered":"https:\/\/praxas.com\/product\/sin%20categor\u00eda\/registrador-de-baja-temperatura-trel30-16u\/"},"modified":"2026-02-25T11:16:12","modified_gmt":"2026-02-25T10:16:12","slug":"registrador-de-baja-temperatura-trel30-16u","status":"publish","type":"product","link":"https:\/\/praxas.com\/es\/product\/registradores-de-datos\/registradores-de-datos-de-temperatura\/registrador-de-baja-temperatura-trel30-16u\/","title":{"rendered":"Registrador de temperatura ultrabaja TREL30-16U"},"content":{"rendered":"<p data-start=\"156\" data-end=\"467\">El TREL30-16U representa la siguiente evoluci\u00f3n en la monitorizaci\u00f3n de temperaturas ultrabajas, dise\u00f1ado espec\u00edficamente para los entornos fr\u00edos m\u00e1s exigentes. Dise\u00f1ado para proporcionar mediciones precisas y fiables hasta <strong data-start=\"358\" data-end=\"368\">-90 \u00b0C<\/strong>, es ideal para controlar muestras sensibles, almacenamiento de laboratorio y log\u00edstica de hielo seco. <\/p>\n<p data-start=\"469\" data-end=\"738\">Dise\u00f1ada para ofrecer fiabilidad en condiciones de fr\u00edo extremo, la TREL30-16U es de confianza para el almacenamiento de muestras biol\u00f3gicas y aplicaciones de la cadena de fr\u00edo farmac\u00e9utica en las que el hielo seco es esencial. Su s\u00f3lido rendimiento garantiza la integridad de los datos incluso en las condiciones m\u00e1s duras de temperaturas ultrabajas. <\/p>\n<p data-start=\"740\" data-end=\"1030\">Para mejorar la facilidad de uso, el TREL30-16U incorpora <strong data-start=\"785\" data-end=\"847\">descargas de datos sin software a trav\u00e9s de una moderna conexi\u00f3n USB-C<\/strong>, combinando una fiabilidad probada con una comodidad que ahorra tiempo y esfuerzo. Con un funcionamiento intuitivo y una mayor facilidad de uso, establece un nuevo est\u00e1ndar en la supervisi\u00f3n de temperaturas ultrabajas. <\/p>\n","protected":false},"excerpt":{"rendered":"<ul>\n<li>-90\u00b0C a +40\u00b0C<\/li>\n<li>Conexi\u00f3n USB-C<\/li>\n<li>M\u00e1s de 17.500 juegos de grabaci\u00f3n<\/li>\n<li>Alarma ac\u00fastica incorporada<\/li>\n<li>Funci\u00f3n de pausa autom\u00e1tica<\/li>\n<\/ul>\n","protected":false},"featured_media":58079,"template":"","meta":{"_acf_changed":false,"content-type":"","_uag_custom_page_level_css":""},"product_brand":[],"product_cat":[1637,1601],"product_tag":[2515,2266],"class_list":{"0":"post-58078","1":"product","2":"type-product","3":"status-publish","4":"has-post-thumbnail","6":"product_cat-registradores-de-datos","7":"product_cat-registradores-de-datos-de-temperatura","8":"product_tag-logtag-es","9":"product_tag-temperatura-es","11":"first","12":"instock","13":"taxable","14":"shipping-taxable","15":"purchasable","16":"product-type-variable"},"bundled_by":[],"bundle_stock_status":"instock","bundle_stock_quantity":null,"bundle_virtual":false,"bundle_layout":"","bundle_add_to_cart_form_location":"","bundle_editable_in_cart":false,"bundle_sold_individually_context":"","bundle_item_grouping":"","bundle_min_size":"","bundle_max_size":"","bundle_price":[],"bundled_items":[],"bundle_sell_ids":[],"acf":[],"spectra_custom_meta":{"hubwoo_ecomm_pro_id":["41520737145"],"_wcml_average_rating":[null],"_wcml_review_count":[null],"_wcml_rating_count":[null],"_backorders":["no"],"_download_limit":["-1"],"_download_expiry":["-1"],"_downloadable":["no"],"_manage_stock":["no"],"_sku":["TREL30-16U"],"_stock_status":["instock"],"_sold_individually":["no"],"_tax_class":[""],"_tax_status":["taxable"],"_virtual":["no"],"_weight":["0.043"],"total_sales":["0"],"_price":["91.90","126.90"],"connectivity":["USB-C"],"_connectivity":["field_64dce263bb57c"],"brand":["LogTag"],"_brand":["field_64ddf62ed2593"],"brand_image":[""],"_brand_image":["field_650c5e7c84cae"],"_specifications_table":["field_65044e1db92a8"],"_display_data_alarm":["field_667d647bcb066"],"_resources":["field_650849c6945ee"],"_calibration":["field_66a0ddd599972"],"_accessories":["field_650849e6945f0"],"_faqs":["field_650859523d8d5"],"_other_features":["field_686fa2aa98dce"],"_refrigerant_cabinet":["field_66852557c98a6"],"_main_specifications":["field_66855b25b1245"],"stock_options":["In stock"],"_stock_options":["field_6544b605dc7f9"],"min_temp":["-90"],"max_temp":["40"],"_min_temp":["field_67ea5eb4e0a77"],"_max_temp":["field_67ea5f81e0a79"],"_top_nav_excluded":[""],"_cms_nav_minihome":[""],"_thumbnail_id":["58079"],"_product_attributes":["a:1:{s:22:\"pa_logtag-probe-choice\";a:6:{s:4:\"name\";s:22:\"pa_logtag-probe-choice\";s:5:\"value\";s:0:\"\";s:8:\"position\";i:0;s:10:\"is_visible\";i:1;s:12:\"is_variation\";i:1;s:11:\"is_taxonomy\";i:1;}}"],"_last_translation_edit_mode":["translation-editor"],"_wpml_word_count":["205"],"_product_image_gallery":["58080,58081,58082"],"specifications_table":["<table class=\"specifications\">\n<tbody>\n<tr>\n<td class=\"left-td\">Modelo de producto<\/td>\n<td>TREL30-16U (Bater\u00eda sustituible)<\/td>\n<\/tr>\n<tr>\n<td class=\"left-td\">Tipo de sensor<\/td>\n<td>Sensor de temperatura externo<\/td>\n<\/tr>\n<tr>\n<td class=\"left-td\">Rango de medici\u00f3n del sensor<\/td>\n<td>-90 \u00b0C a +40 \u00b0C (-130 \u00b0F a +104 \u00b0F)<\/td>\n<\/tr>\n<tr>\n<td class=\"left-td\">Temperatura de funcionamiento<\/td>\n<td>De -30 \u00b0C a +60 \u00b0C (de -22 \u00b0F a +140 \u00b0F)<\/td>\n<\/tr>\n<tr>\n<td class=\"left-td\">Temperatura de almacenamiento<\/td>\n<td>De -10 \u00b0C a +40 \u00b0C (de 14 \u00b0F a +104 \u00b0F)<\/td>\n<\/tr>\n<tr>\n<td class=\"left-td\">Precisi\u00f3n de lectura de la temperatura nominal<\/td>\n<td>Mejor que \u00b10,5 \u00b0C para -20 \u00b0C a +10 \u00b0C (-4 \u00b0F a +50 \u00b0F)\nMejor que \u00b10,7 \u00b0C para -50 \u00b0C a -20 \u00b0C (-58 \u00b0F a -4 \u00b0F)\nMejor que \u00b10,7 \u00b0C para +10 \u00b0C a +30 \u00b0C (+50 \u00b0F a +86 \u00b0F)\nMejor que \u00b11.0 \u00b0C para -80 \u00b0C a -50 \u00b0C (-112 \u00b0F a -58 \u00b0F)\nMejor que \u00b11,0 \u00b0C para +30 \u00b0C a +40 \u00b0C (+86 \u00b0F a +104 \u00b0F)\nMejor que \u00b11,8 \u00b0C para -90 \u00b0C a -80 \u00b0C (-130 \u00b0F a -112 \u00b0F)\nEl rendimiento real suele ser mucho mejor que los valores nominales.<\/td>\n<\/tr>\n<tr>\n<td class=\"left-td\">Resoluci\u00f3n de la lectura de la temperatura nominal<\/td>\n<td>0,1 \u00b0C (0,2 \u00b0F) para -80 \u00b0C a +10 \u00b0C (-112 \u00b0F a +50 \u00b0F)\n0,2 \u00b0C (0,4 \u00b0F) para -90 \u00b0C a -80 \u00b0C (-130 \u00b0F a -112 \u00b0F)\n0,2 \u00b0C (0,4 \u00b0F) para +10 \u00b0C a +20 \u00b0C (+50 \u00b0F a +68 \u00b0F)\n0.3 \u00b0C (0,5 \u00b0F) para +20 \u00b0C a +30 \u00b0C (+68 \u00b0F a +86 \u00b0F)\n0,5 \u00b0C (0,9 \u00b0F) para +30 \u00b0C a +40 \u00b0C (+86 \u00b0F a +104 \u00b0F)\nLogTag Analyzer\u00ae muestra con un decimal. La resoluci\u00f3n nativa se almacena en el LogTag\u00ae. <\/td>\n<\/tr>\n<tr>\n<td class=\"left-td\">Capacidad de registro<\/td>\n<td>17.526 lecturas de temperatura\n60 d\u00edas a 5 minutos de registro\nEstad\u00edsticas de resumen diario (LCD): hasta 30 d\u00edas de Max\/Min\/duraci\u00f3n y estad\u00edsticas de alarma<\/td>\n<\/tr>\n<tr>\n<td class=\"left-td\">Intervalo de muestreo<\/td>\n<td>Configurable de 30 segundos a 18 horas<\/td>\n<\/tr>\n<tr>\n<td class=\"left-td\">Opciones de inicio de registro<\/td>\n<td>Inicio mediante pulsador o fecha y hora espec\u00edficas. Retardo de arranque opcional de hasta 18 horas <\/td>\n<\/tr>\n<tr>\n<td class=\"left-td\">Indicaci\u00f3n de grabaci\u00f3n<\/td>\n<td>Indicador de estado \"REC\"<\/td>\n<\/tr>\n<tr>\n<td class=\"left-td\">Tiempo de descarga<\/td>\n<td>Normalmente menos de 10 segundos para la memoria completa (17.526 lecturas) utilizando la conexi\u00f3n USB<\/td>\n<\/tr>\n<tr>\n<td class=\"left-td\">Medioambiental<\/td>\n<td>IP61 (cuando se monta verticalmente o se cuelga)<\/td>\n<\/tr>\n<tr>\n<td class=\"left-td\">Fuente de alimentaci\u00f3n<\/td>\n<td>Pila de bot\u00f3n <sub>LiMnO2<\/sub> CR2032 de 3 V, reemplazable por el usuario<\/td>\n<\/tr>\n<tr>\n<td class=\"left-td\">Duraci\u00f3n de las pilas<\/td>\n<td>1 a\u00f1o de almacenamiento, seguido de 1 a\u00f1o de funcionamiento en condiciones normales de uso\n(registro de 6 minutos, comprobaci\u00f3n de la pantalla una vez al d\u00eda, descarga mensual de datos)\n<strong>Nota:<\/strong> La activaci\u00f3n continua de la alarma ac\u00fastica reducir\u00e1 la duraci\u00f3n de la pila.<\/td>\n<\/tr>\n<tr>\n<td class=\"left-td\">Reloj en tiempo real<\/td>\n<td>Reloj de tiempo real incorporado\nPrecisi\u00f3n nominal \u00b125ppm @ 25 \u00b0C (\u22482,5 segundos\/d\u00eda)\nCoeficiente de temperatura: -0,034 \u00b10,006ppm\/\u00b0C<\/td>\n<\/tr>\n<tr>\n<td class=\"left-td\">Longitudes est\u00e1ndar del cable de la sonda externa<\/td>\n<td>Est\u00e1ndar: 1,5 m (4'11\")\nExtendido: 3 m (m\u00e1ximo recomendado)<\/td>\n<\/tr>\n<tr>\n<td class=\"left-td\">Tipo de cable del sensor remoto<\/td>\n<td>PTFE (apto para contacto con alimentos seg\u00fan la FDA), coaxial<\/td>\n<\/tr>\n<tr>\n<td class=\"left-td\">Interfaz de conexi\u00f3n<\/td>\n<td>Conector met\u00e1lico tipo USB-C<\/td>\n<\/tr>\n<tr>\n<td class=\"left-td\">Tama\u00f1o<\/td>\n<td>93 mm (Al) x 54,5 mm (An) x 8,6 mm (T)<\/td>\n<\/tr>\n<tr>\n<td class=\"left-td\">Peso<\/td>\n<td>43 g (sin sonda externa)<\/td>\n<\/tr>\n<tr>\n<td class=\"left-td\">Material de la caja<\/td>\n<td>Policarbonato<\/td>\n<\/tr>\n<\/tbody>\n<\/table>"],"resources":["<ul class=\"resources-list\">\n \t<li style=\"list-style-type: none;\">\n<ul class=\"resources-list\">\n \t<li><img src=\"https:\/\/praxas.com\/wp-content\/uploads\/document-icon.png\" alt=\"Icono de documento\"><a href=\"https:\/\/praxas.com\/wp-content\/uploads\/TREL30-16U-Brochure.pdf\">Folleto LogTag TREL30-16U<\/a><\/li>\n \t<li><img src=\"https:\/\/praxas.com\/wp-content\/uploads\/document-icon.png\" alt=\"Icono de documento\"><a href=\"https:\/\/praxas.com\/wp-content\/uploads\/TREL30-16U-QuickStartGuide.pdf\">Gu\u00eda de inicio r\u00e1pido de LogTag TREL30-16U<\/a><\/li>\n \t<li><img src=\"https:\/\/praxas.com\/wp-content\/uploads\/document-icon.png\" alt=\"Icono de documento\"><a href=\"https:\/\/praxas.com\/wp-content\/uploads\/Primer-Guide-TREL30-16U.pdf\">LogTag TREL30-16U Gu\u00eda de iniciaci\u00f3n<\/a><\/li>\n<\/ul>\n<\/li>\n<\/ul>\n\u00a0"],"accessories":["[products skus=\"LTI-HID,Buffer Bottle,WMB-1\"]"],"_uag_page_assets":["a:9:{s:3:\"css\";s:0:\"\";s:2:\"js\";s:0:\"\";s:18:\"current_block_list\";a:0:{}s:8:\"uag_flag\";b:0;s:11:\"uag_version\";s:10:\"1777052440\";s:6:\"gfonts\";a:0:{}s:10:\"gfonts_url\";s:0:\"\";s:12:\"gfonts_files\";a:0:{}s:14:\"uag_faq_layout\";b:0;}"],"rank_math_internal_links_processed":["1"],"_max_variation_price":[""],"_max_variation_regular_price":[""],"_max_variation_sale_price":[""],"_min_variation_price":[""],"_min_variation_regular_price":[""],"_min_variation_sale_price":[""],"_regular_price":[""],"_sale_price":[""],"_wc_pb_base_regular_price":[""],"_wc_pb_base_sale_price":[""],"_wc_pb_base_price":[""],"_wc_sw_max_price":[""],"_wc_sw_max_regular_price":[""],"_wc_rating_count":[""],"_wc_review_count":[""],"_wc_average_rating":[0]},"uagb_featured_image_src":{"full":["https:\/\/praxas.com\/wp-content\/uploads\/TREL30-16U_NS_Web.jpg",1200,680,false],"thumbnail":["https:\/\/praxas.com\/wp-content\/uploads\/TREL30-16U_NS_Web-150x150.jpg",150,150,true],"medium":["https:\/\/praxas.com\/wp-content\/uploads\/TREL30-16U_NS_Web-300x170.jpg",300,170,true],"medium_large":["https:\/\/praxas.com\/wp-content\/uploads\/TREL30-16U_NS_Web-768x435.jpg",768,435,true],"large":["https:\/\/praxas.com\/wp-content\/uploads\/TREL30-16U_NS_Web-1024x580.jpg",1024,580,true],"1536x1536":["https:\/\/praxas.com\/wp-content\/uploads\/TREL30-16U_NS_Web.jpg",1200,680,false],"2048x2048":["https:\/\/praxas.com\/wp-content\/uploads\/TREL30-16U_NS_Web.jpg",1200,680,false],"crunchify-admin-post-featured-image":["https:\/\/praxas.com\/wp-content\/uploads\/TREL30-16U_NS_Web-120x68.jpg",120,68,true],"commercegurus-pdp-large":["https:\/\/praxas.com\/wp-content\/uploads\/TREL30-16U_NS_Web-990x561.jpg",990,561,true],"commercegurus-plp-mobile":["https:\/\/praxas.com\/wp-content\/uploads\/TREL30-16U_NS_Web-441x250.jpg",441,250,true],"cgkit_image_swatch":["https:\/\/praxas.com\/wp-content\/uploads\/TREL30-16U_NS_Web-100x100.jpg",100,100,true],"woocommerce_thumbnail":["https:\/\/praxas.com\/wp-content\/uploads\/TREL30-16U_NS_Web-350x198.jpg",350,198,true],"woocommerce_single":["https:\/\/praxas.com\/wp-content\/uploads\/TREL30-16U_NS_Web-800x453.jpg",800,453,true],"woocommerce_gallery_thumbnail":["https:\/\/praxas.com\/wp-content\/uploads\/TREL30-16U_NS_Web-150x85.jpg",150,85,true]},"uagb_author_info":{"display_name":"Alex James","author_link":"https:\/\/praxas.com\/es\/author\/"},"uagb_comment_info":0,"uagb_excerpt":"-90\u00b0C a +40\u00b0C Conexi\u00f3n USB-C M\u00e1s de 17.500 juegos de grabaci\u00f3n Alarma ac\u00fastica incorporada Funci\u00f3n de pausa autom\u00e1tica","_links":{"self":[{"href":"https:\/\/praxas.com\/es\/wp-json\/wp\/v2\/product\/58078","targetHints":{"allow":["GET"]}}],"collection":[{"href":"https:\/\/praxas.com\/es\/wp-json\/wp\/v2\/product"}],"about":[{"href":"https:\/\/praxas.com\/es\/wp-json\/wp\/v2\/types\/product"}],"wp:featuredmedia":[{"embeddable":true,"href":"https:\/\/praxas.com\/es\/wp-json\/wp\/v2\/media\/58079"}],"wp:attachment":[{"href":"https:\/\/praxas.com\/es\/wp-json\/wp\/v2\/media?parent=58078"}],"wp:term":[{"taxonomy":"product_brand","embeddable":true,"href":"https:\/\/praxas.com\/es\/wp-json\/wp\/v2\/product_brand?post=58078"},{"taxonomy":"product_cat","embeddable":true,"href":"https:\/\/praxas.com\/es\/wp-json\/wp\/v2\/product_cat?post=58078"},{"taxonomy":"product_tag","embeddable":true,"href":"https:\/\/praxas.com\/es\/wp-json\/wp\/v2\/product_tag?post=58078"}],"curies":[{"name":"wp","href":"https:\/\/api.w.org\/{rel}","templated":true}]}}