{"id":58255,"date":"2026-03-31T11:48:38","date_gmt":"2026-03-31T09:48:38","guid":{"rendered":"https:\/\/praxas.com\/product\/sin%20categor\u00eda\/registrador-de-temperatura-usb-pdf-l3\/"},"modified":"2026-04-01T17:10:50","modified_gmt":"2026-04-01T15:10:50","slug":"registrador-de-temperatura-usb-pdf-l3","status":"publish","type":"product","link":"https:\/\/praxas.com\/es\/product\/registradores-de-datos\/logistica-de-la-cadena-de-frio\/registrador-de-temperatura-usb-pdf-l3\/","title":{"rendered":"Registrador de temperatura USB PDF L3"},"content":{"rendered":"<p>El <strong>LogTag\u00ae L3<\/strong> es un registrador de temperatura compacto, de un solo uso, dise\u00f1ado espec\u00edficamente para el <strong>seguimiento de la cadena de fr\u00edo<\/strong> en la log\u00edstica alimentaria, farmac\u00e9utica y de ciencias de la vida. Dise\u00f1ado para ofrecer fiabilidad desde la expedici\u00f3n hasta la entrega, el L3 proporciona un seguimiento preciso de la temperatura para garantizar la integridad del producto a lo largo de toda la cadena de fr\u00edo. <\/p>\n<div>\n<p>Equipada con un <strong>conector USB integrado<\/strong>, la LogTag L3 genera autom\u00e1ticamente un <strong>informe en PDF multiling\u00fce; <\/strong>no se necesita ning\u00fan software especial*. Esto hace que los informes de cumplimiento sean r\u00e1pidos, sin esfuerzo y universalmente accesibles en cualquier punto de la cadena de suministro. <\/p>\n<p>El L3, que funciona hasta <strong>6 meses<\/strong> y ofrece un <strong>rango de medici\u00f3n<\/strong> ampliado <strong>de -30 \u00b0C a +70 \u00b0C<\/strong>, proporciona una supervisi\u00f3n continua y precisa de mercanc\u00edas refrigeradas, congeladas o sensibles a la temperatura ambiente. Con <strong>los ajustes de configuraci\u00f3n est\u00e1ndar del sector<\/strong> y los <strong>umbrales de alarma preconfigurados<\/strong>, el dispositivo est\u00e1 listo para su uso inmediato. Los claros indicadores LED <strong>verde \u00abOK\u00bb<\/strong> y <strong>rojo \u00abFallo<\/strong> \u00bb proporcionan una confirmaci\u00f3n visual instant\u00e1nea de los incumplimientos de temperatura.  <\/p>\n<p>Respaldado por una <strong>memoria de 16.000 registros<\/strong>, el LogTag L3 garantiza una s\u00f3lida captura de datos incluso en las rutas de tr\u00e1nsito m\u00e1s largas.<\/p>\n<\/div>\n<p>&nbsp;<\/p>\n<p>*LogTag ofrece <strong><a href=\"https:\/\/logtagrecorders.com\/software\/logtag-analyzer\/\" target=\"_blank\" rel=\"noopener\">LogTag\u00ae Analyzer<\/a>, <\/strong>un software complementario gratuito. Proporciona una plataforma potente y f\u00e1cil de usar para configurar, descargar y visualizar datos de cualquier registrador de datos LogTag. <\/p>\n","protected":false},"excerpt":{"rendered":"<ul>\n<li data-section-id=\"1616lch\" data-start=\"21\" data-end=\"41\">-30 \u00b0C a +70 \u00b0C<\/li>\n<li data-section-id=\"dqrch8\" data-start=\"42\" data-end=\"66\">Informes auto PDF USB<\/li>\n<li data-section-id=\"td831m\" data-start=\"67\" data-end=\"92\">16.129 memoria de lectura<\/li>\n<li data-section-id=\"18z36rj\" data-start=\"93\" data-end=\"118\">Indicadores OK \/ ALERTA<\/li>\n<li data-section-id=\"80gnr8\" data-start=\"119\" data-end=\"139\" data-is-last-node=\"\">Dise\u00f1o resistente IP67<\/li>\n<\/ul>\n","protected":false},"featured_media":58256,"template":"","meta":{"_acf_changed":false,"content-type":"","_uag_custom_page_level_css":""},"product_brand":[],"product_cat":[1636],"product_tag":[],"class_list":{"0":"post-58255","1":"product","2":"type-product","3":"status-publish","4":"has-post-thumbnail","6":"product_cat-logistica-de-la-cadena-de-frio","8":"first","9":"instock","10":"taxable","11":"shipping-taxable","12":"purchasable","13":"product-type-simple"},"bundled_by":[],"bundle_stock_status":"instock","bundle_stock_quantity":null,"bundle_virtual":false,"bundle_layout":"","bundle_add_to_cart_form_location":"","bundle_editable_in_cart":false,"bundle_sold_individually_context":"","bundle_item_grouping":"","bundle_min_size":"","bundle_max_size":"","bundle_price":[],"bundled_items":[],"bundle_sell_ids":[],"acf":[],"spectra_custom_meta":{"hubwoo_ecomm_pro_id":["43414273447"],"_wcml_average_rating":[null],"_wcml_review_count":[null],"_wcml_rating_count":[null],"_backorders":["no"],"_download_limit":["-1"],"_download_expiry":["-1"],"_downloadable":["no"],"_manage_stock":["no"],"_sku":["L3"],"_stock_status":["instock"],"_sold_individually":["no"],"_tax_class":[""],"_tax_status":["taxable"],"_virtual":["no"],"_weight":["0.031"],"total_sales":["0"],"_regular_price":["16.28"],"_price":["16.28"],"connectivity":["USB"],"_connectivity":["field_64dce263bb57c"],"brand":["LogTag"],"_brand":["field_64ddf62ed2593"],"brand_image":[""],"_brand_image":["field_650c5e7c84cae"],"_specifications_table":["field_65044e1db92a8"],"_display_data_alarm":["field_667d647bcb066"],"_resources":["field_650849c6945ee"],"_calibration":["field_66a0ddd599972"],"_accessories":["field_650849e6945f0"],"_faqs":["field_650859523d8d5"],"_other_features":["field_686fa2aa98dce"],"_refrigerant_cabinet":["field_66852557c98a6"],"_main_specifications":["field_66855b25b1245"],"stock_options":["In stock"],"_stock_options":["field_6544b605dc7f9"],"rank_math_primary_product_cat":["101"],"min_temp":["-30"],"max_temp":["70"],"_min_temp":["field_67ea5eb4e0a77"],"_max_temp":["field_67ea5f81e0a79"],"_top_nav_excluded":[""],"_cms_nav_minihome":[""],"_product_image_gallery":[""],"_thumbnail_id":["58256"],"_last_translation_edit_mode":["translation-editor"],"_wpml_word_count":["292"],"rank_math_description":["El L3 es un registrador de temperatura compacto, de un solo uso, espec\u00edfico para el control de la cadena de fr\u00edo en la log\u00edstica alimentaria, farmac\u00e9utica y de ciencias de la vida."],"specifications_table":["<table class=\"specifications\">\n<tbody>\n<tr>\n<td class=\"left-td\">Modelo de producto<\/td>\n<td>L3<\/td>\n<\/tr>\n<tr>\n<td class=\"left-td\">Rango de medici\u00f3n del sensor<\/td>\n<td>-30 \u00b0C a +70 \u00b0C (-22 \u00b0F a +158 \u00b0F)<\/td>\n<\/tr>\n<tr>\n<td class=\"left-td\">Temperatura de funcionamiento<\/td>\n<td>De -30 \u00b0C a +70 \u00b0C (de -22 \u00b0F a +158 \u00b0F)<\/td>\n<\/tr>\n<tr>\n<td class=\"left-td\">Temperatura de almacenamiento<\/td>\n<td>De 0 \u00b0C a +40 \u00b0C (de 32 \u00b0F a +104 \u00b0F)<\/td>\n<\/tr>\n<tr>\n<td class=\"left-td\">Precisi\u00f3n de lectura de la temperatura nominal<\/td>\n<td>Mejor que \u00b10,5 \u00b0C (\u00b10,9 \u00b0F) para -5 \u00b0C a +30 \u00b0C (23 \u00b0F a +86 \u00b0F).\nMejor que \u00b10,8 \u00b0C para otras zonas del rango nominal.\nEl rendimiento real suele ser mucho mejor que los valores nominales.\nLas cifras de precisi\u00f3n pueden mejorarse recalibrando.<\/td>\n<\/tr>\n<tr>\n<td class=\"left-td\">Resoluci\u00f3n nativa de la lectura de temperatura<\/td>\n<td>Mejor que 0,1 \u00b0C o 0,1 \u00b0F.\nLa resoluci\u00f3n nativa es la que se almacena en el LogTag\u00ae L3.<\/td>\n<\/tr>\n<tr>\n<td class=\"left-td\">Capacidad de registro<\/td>\n<td>16.129 lecturas de temperatura.\n112 d\u00edas a 10 min de registro, 168 d\u00edas a 15 min de registro.<\/td>\n<\/tr>\n<tr>\n<td class=\"left-td\">Intervalo de muestreo<\/td>\n<td>Intervalo de grabaci\u00f3n preestablecido de 30 segundos a 18 horas (normalmente 5 minutos de registro).<\/td>\n<\/tr>\n<tr>\n<td class=\"left-td\">Opciones de inicio de registro<\/td>\n<td>Arranque mediante pulsador. Retardo de arranque opcional (de 1 min a 72 horas) seg\u00fan la configuraci\u00f3n preestablecida. <\/td>\n<\/tr>\n<tr>\n<td class=\"left-td\">Indicaci\u00f3n de grabaci\u00f3n<\/td>\n<td>Indicador \"OK\" intermitente \/ indicador \"ALERTA\" intermitente<\/td>\n<\/tr>\n<tr>\n<td class=\"left-td\">Tiempo de descarga<\/td>\n<td>Normalmente menos de 30 segundos para la memoria completa (16.129 lecturas) desde la inserci\u00f3n hasta la disponibilidad del PDF.<\/td>\n<\/tr>\n<tr>\n<td class=\"left-td\">Medioambiental<\/td>\n<td>IEC 60529: IP67 cuando el pl\u00e1stico est\u00e1 intacto<\/td>\n<\/tr>\n<tr>\n<td class=\"left-td\">Fuente de alimentaci\u00f3n<\/td>\n<td>Pila CR2032 <sub>LiMnO2<\/sub> (fija)<\/td>\n<\/tr>\n<tr>\n<td class=\"left-td\">Duraci\u00f3n de la bater\u00eda<\/td>\n<td>2 a\u00f1os de almacenamiento, seguidos de 6 meses de uso normal (basado en registros de 6 minutos, descargas mensuales).<\/td>\n<\/tr>\n<tr>\n<td class=\"left-td\">Reloj en tiempo real<\/td>\n<td>Reloj de tiempo real incorporado.\nPrecisi\u00f3n nominal \u00b125ppm a 25 \u00b0C (\u22482,5 segundos\/d\u00eda).\nCoeficiente de temperatura: -0,034 \u00b10,006ppm\/\u00b0C (\u2248\u00b10,00294 segundos\/d\u00eda\/\u00b0C).<\/td>\n<\/tr>\n<tr>\n<td class=\"left-td\">Interfaz de conexi\u00f3n<\/td>\n<td>USB 2.0, conector tipo A<\/td>\n<\/tr>\n<tr>\n<td class=\"left-td\">Tama\u00f1o<\/td>\n<td>93 mm (Al) x 54,5 mm (An) x 8,6 mm (T)<\/td>\n<\/tr>\n<tr>\n<td class=\"left-td\">Peso<\/td>\n<td>31g<\/td>\n<\/tr>\n<tr>\n<td class=\"left-td\">Material de la caja<\/td>\n<td>LDPE \/ ABS<\/td>\n<\/tr>\n<\/tbody>\n<\/table>"],"resources":["<ul class=\"resources-list\">\n \t<li style=\"list-style-type: none;\">\n<ul class=\"resources-list\">\n \t<li><img src=\"https:\/\/praxas.com\/wp-content\/uploads\/document-icon.png\" alt=\"Icono de documento\"><a href=\"https:\/\/praxas.com\/wp-content\/uploads\/LogTag-L3-Brochure.pdf\">Folleto LogTag L3<\/a><\/li>\n \t<li><img src=\"https:\/\/praxas.com\/wp-content\/uploads\/document-icon.png\" alt=\"Icono de documento\"><a href=\"https:\/\/praxas.com\/wp-content\/uploads\/LogTag-L3-4-how-to-steps.pdf\">Pasos pr\u00e1cticos de LogTag L3<\/a><\/li>\n<\/ul>\n<\/li>\n<\/ul>"],"rank_math_internal_links_processed":["1"],"_uag_page_assets":["a:9:{s:3:\"css\";s:0:\"\";s:2:\"js\";s:0:\"\";s:18:\"current_block_list\";a:0:{}s:8:\"uag_flag\";b:0;s:11:\"uag_version\";s:10:\"1777885450\";s:6:\"gfonts\";a:0:{}s:10:\"gfonts_url\";s:0:\"\";s:12:\"gfonts_files\";a:0:{}s:14:\"uag_faq_layout\";b:0;}"],"_max_variation_price":[""],"_max_variation_regular_price":[""],"_max_variation_sale_price":[""],"_min_variation_price":[""],"_min_variation_regular_price":[""],"_min_variation_sale_price":[""],"_sale_price":[""],"_wc_pb_base_regular_price":[""],"_wc_pb_base_sale_price":[""],"_wc_pb_base_price":[""],"_wc_sw_max_price":[""],"_wc_sw_max_regular_price":[""],"_wc_rating_count":[""],"_wc_review_count":[""],"_wc_average_rating":[0]},"uagb_featured_image_src":{"full":["https:\/\/praxas.com\/wp-content\/uploads\/L3-Product-Image.jpg",800,463,false],"thumbnail":["https:\/\/praxas.com\/wp-content\/uploads\/L3-Product-Image-150x150.jpg",150,150,true],"medium":["https:\/\/praxas.com\/wp-content\/uploads\/L3-Product-Image-300x174.jpg",300,174,true],"medium_large":["https:\/\/praxas.com\/wp-content\/uploads\/L3-Product-Image-768x444.jpg",768,444,true],"large":["https:\/\/praxas.com\/wp-content\/uploads\/L3-Product-Image.jpg",800,463,false],"1536x1536":["https:\/\/praxas.com\/wp-content\/uploads\/L3-Product-Image.jpg",800,463,false],"2048x2048":["https:\/\/praxas.com\/wp-content\/uploads\/L3-Product-Image.jpg",800,463,false],"crunchify-admin-post-featured-image":["https:\/\/praxas.com\/wp-content\/uploads\/L3-Product-Image-120x69.jpg",120,69,true],"commercegurus-pdp-large":["https:\/\/praxas.com\/wp-content\/uploads\/L3-Product-Image.jpg",800,463,false],"commercegurus-plp-mobile":["https:\/\/praxas.com\/wp-content\/uploads\/L3-Product-Image-441x255.jpg",441,255,true],"cgkit_image_swatch":["https:\/\/praxas.com\/wp-content\/uploads\/L3-Product-Image-100x100.jpg",100,100,true],"woocommerce_thumbnail":["https:\/\/praxas.com\/wp-content\/uploads\/L3-Product-Image-350x203.jpg",350,203,true],"woocommerce_single":["https:\/\/praxas.com\/wp-content\/uploads\/L3-Product-Image.jpg",800,463,false],"woocommerce_gallery_thumbnail":["https:\/\/praxas.com\/wp-content\/uploads\/L3-Product-Image-150x87.jpg",150,87,true]},"uagb_author_info":{"display_name":"Alex James","author_link":"https:\/\/praxas.com\/es\/author\/"},"uagb_comment_info":0,"uagb_excerpt":"-30 \u00b0C a +70 \u00b0C Informes auto PDF USB 16.129 memoria de lectura Indicadores OK \/ ALERTA Dise\u00f1o resistente IP67","_links":{"self":[{"href":"https:\/\/praxas.com\/es\/wp-json\/wp\/v2\/product\/58255","targetHints":{"allow":["GET"]}}],"collection":[{"href":"https:\/\/praxas.com\/es\/wp-json\/wp\/v2\/product"}],"about":[{"href":"https:\/\/praxas.com\/es\/wp-json\/wp\/v2\/types\/product"}],"wp:featuredmedia":[{"embeddable":true,"href":"https:\/\/praxas.com\/es\/wp-json\/wp\/v2\/media\/58256"}],"wp:attachment":[{"href":"https:\/\/praxas.com\/es\/wp-json\/wp\/v2\/media?parent=58255"}],"wp:term":[{"taxonomy":"product_brand","embeddable":true,"href":"https:\/\/praxas.com\/es\/wp-json\/wp\/v2\/product_brand?post=58255"},{"taxonomy":"product_cat","embeddable":true,"href":"https:\/\/praxas.com\/es\/wp-json\/wp\/v2\/product_cat?post=58255"},{"taxonomy":"product_tag","embeddable":true,"href":"https:\/\/praxas.com\/es\/wp-json\/wp\/v2\/product_tag?post=58255"}],"curies":[{"name":"wp","href":"https:\/\/api.w.org\/{rel}","templated":true}]}}