{"id":29604,"date":"2024-07-01T13:24:09","date_gmt":"2024-07-01T11:24:09","guid":{"rendered":"https:\/\/staging.praxas.com\/suivre-et-tracer\/"},"modified":"2025-08-19T16:19:08","modified_gmt":"2025-08-19T14:19:08","slug":"suivre-et-tracer","status":"publish","type":"page","link":"https:\/\/praxas.com\/fr\/suivre-et-tracer\/","title":{"rendered":"Suivre et tracer"},"content":{"rendered":"\n<div style=\"height:80px\" aria-hidden=\"true\" class=\"wp-block-spacer\"><\/div>\n\n<p>Malheureusement, nous ne proposons plus le syst\u00e8me Track &amp; Trace de Tive. Cependant, toutes les fonctionnalit\u00e9s de Tive peuvent \u00eatre trouv\u00e9es dans le tout nouveau LT5GEO de LogTag ! <\/p>\n\n<div class=\"wp-block-buttons is-content-justification-center is-layout-flex wp-container-core-buttons-is-layout-a89b3969 wp-block-buttons-is-layout-flex\">\n<div class=\"wp-block-button\"><a class=\"wp-block-button__link has-background wp-element-button\" href=\"https:\/\/praxas.com\/fr\/product\/data-loggers-fr\/temperature-et-humidite\/lt5geo\/\" style=\"border-radius:8px;background-color:#009ee0\">Boutique LT5GEO<\/a><\/div>\n<\/div>\n","protected":false},"excerpt":{"rendered":"<p>Malheureusement, nous ne proposons plus le syst\u00e8me Track &amp; Trace de Tive. Cependant, toutes les fonctionnalit\u00e9s de Tive peuvent \u00eatre trouv\u00e9es dans le tout nouveau LT5GEO de LogTag !<\/p>\n","protected":false},"author":8383,"featured_media":0,"parent":0,"menu_order":0,"comment_status":"closed","ping_status":"closed","template":"template-fullwidth-no-heading.php","meta":{"_acf_changed":false,"content-type":"","_uag_custom_page_level_css":"","footnotes":""},"class_list":["post-29604","page","type-page","status-publish","hentry"],"acf":[],"spectra_custom_meta":{"hero_image":[""],"_hero_image":["field_64f1a7da7af44"],"_hero_h1":["field_64f19e1edd052"],"_hero_h2":["field_64f19e2ddd053"],"_hero_text":["field_64f19e42dd054"],"_hero_button_text":["field_64f19e4edd055"],"_hero_button_link":["field_64f19e5ddd056"],"_top_nav_excluded":[""],"_cms_nav_minihome":[""],"_wp_page_template":["template-fullwidth-no-heading.php"],"rank_math_og_content_image":["a:2:{s:5:\"check\";s:32:\"0650a32aa5a6cc0ba769e04ca7204b82\";s:6:\"images\";a:3:{i:0;i:43656;i:1;i:20102;i:2;i:43509;}}"],"_edit_lock":["1721659421:8383"],"classic-editor-remember":["classic-editor"],"rank_math_schema_VideoObject":["a:12:{s:5:\"@type\";s:11:\"VideoObject\";s:8:\"metadata\";a:8:{s:5:\"title\";s:5:\"Video\";s:4:\"type\";s:8:\"template\";s:9:\"shortcode\";s:15:\"s-669e70a7bcda5\";s:9:\"isPrimary\";b:1;s:23:\"reviewLocationShortcode\";s:24:\"[rank_math_rich_snippet]\";s:8:\"category\";s:12:\"%categories%\";s:4:\"tags\";s:6:\"%tags%\";s:15:\"isAutoGenerated\";b:1;}s:4:\"name\";s:40:\"Praxas track &amp; trace bij Kraats Kaas\";s:11:\"description\";s:164:\"Kraats Kaas maakt voor de export van kaasproducten gebruik van de track &amp; trace toepassing van Praxas. In deze video leggen Wieger Karssies en Michiel Schild...\";s:10:\"uploadDate\";s:25:\"2021-12-14T00:47:44-08:00\";s:12:\"thumbnailUrl\";s:16:\"%post_thumbnail%\";s:8:\"embedUrl\";s:41:\"https:\/\/www.youtube.com\/embed\/4ZTacnJ_PlM\";s:10:\"contentUrl\";s:0:\"\";s:8:\"duration\";s:7:\"PT2M12S\";s:5:\"width\";s:4:\"1280\";s:6:\"height\";s:3:\"720\";s:16:\"isFamilyFriendly\";b:1;}"],"rank_math_seo_score":["16"],"_edit_last":["8383"],"hero_h1":[""],"hero_h2":[""],"hero_text":[""],"hero_button_text":[""],"hero_button_link":[""],"_wpml_media_duplicate":["1"],"_wpml_media_featured":["1"],"_last_translation_edit_mode":["translation-editor"],"rank_math_analytic_object_id":["819"],"_oembed_523516c9778d574c01e2eb5e266b421b":["<iframe title=\"Praxas track &amp; trace bij Kraats Kaas\" width=\"1170\" height=\"658\" src=\"https:\/\/www.youtube.com\/embed\/4ZTacnJ_PlM?feature=oembed\" frameborder=\"0\" allow=\"accelerometer; autoplay; clipboard-write; encrypted-media; gyroscope; picture-in-picture; web-share\" referrerpolicy=\"strict-origin-when-cross-origin\" allowfullscreen><\/iframe>"],"_oembed_time_523516c9778d574c01e2eb5e266b421b":["1734448789"],"_wpml_word_count":["37"],"rank_math_focus_keyword":["suivre et tracer"],"rank_math_title":["Solutions de suivi et de tra\u00e7abilit\u00e9 : Contr\u00f4le complet %sep% %sitename%"],"rank_math_description":["Renforcez la s\u00e9curit\u00e9 de vos exp\u00e9ditions gr\u00e2ce \u00e0 des solutions de suivi et de tra\u00e7abilit\u00e9. B\u00e9n\u00e9ficiez d'une visibilit\u00e9 en temps r\u00e9el, d'une surveillance des conditions et d'informations exploitables pour tous les types de transport. "],"rank_math_robots":["a:1:{i:0;s:7:\"noindex\";}"],"_uag_css_file_name":["uag-css-29604.css"],"_uag_page_assets":["a:9:{s:3:\"css\";s:263:\".uag-blocks-common-selector{z-index:var(--z-index-desktop) !important}@media (max-width: 976px){.uag-blocks-common-selector{z-index:var(--z-index-tablet) !important}}@media (max-width: 767px){.uag-blocks-common-selector{z-index:var(--z-index-mobile) !important}}\n\";s:2:\"js\";s:0:\"\";s:18:\"current_block_list\";a:4:{i:0;s:11:\"core\/spacer\";i:1;s:14:\"core\/paragraph\";i:2;s:12:\"core\/buttons\";i:3;s:11:\"core\/button\";}s:8:\"uag_flag\";b:0;s:11:\"uag_version\";s:10:\"1776966156\";s:6:\"gfonts\";a:0:{}s:10:\"gfonts_url\";s:0:\"\";s:12:\"gfonts_files\";a:0:{}s:14:\"uag_faq_layout\";b:0;}"]},"uagb_featured_image_src":{"full":false,"thumbnail":false,"medium":false,"medium_large":false,"large":false,"1536x1536":false,"2048x2048":false,"crunchify-admin-post-featured-image":false,"commercegurus-pdp-large":false,"commercegurus-plp-mobile":false,"cgkit_image_swatch":false,"woocommerce_thumbnail":false,"woocommerce_single":false,"woocommerce_gallery_thumbnail":false},"uagb_author_info":{"display_name":"Alex James","author_link":"https:\/\/praxas.com\/fr\/author\/alex\/"},"uagb_comment_info":0,"uagb_excerpt":"Malheureusement, nous ne proposons plus le syst\u00e8me Track &amp; Trace de Tive. Cependant, toutes les fonctionnalit\u00e9s de Tive peuvent \u00eatre trouv\u00e9es dans le tout nouveau LT5GEO de LogTag !","_links":{"self":[{"href":"https:\/\/praxas.com\/fr\/wp-json\/wp\/v2\/pages\/29604","targetHints":{"allow":["GET"]}}],"collection":[{"href":"https:\/\/praxas.com\/fr\/wp-json\/wp\/v2\/pages"}],"about":[{"href":"https:\/\/praxas.com\/fr\/wp-json\/wp\/v2\/types\/page"}],"author":[{"embeddable":true,"href":"https:\/\/praxas.com\/fr\/wp-json\/wp\/v2\/users\/8383"}],"replies":[{"embeddable":true,"href":"https:\/\/praxas.com\/fr\/wp-json\/wp\/v2\/comments?post=29604"}],"version-history":[{"count":7,"href":"https:\/\/praxas.com\/fr\/wp-json\/wp\/v2\/pages\/29604\/revisions"}],"predecessor-version":[{"id":51543,"href":"https:\/\/praxas.com\/fr\/wp-json\/wp\/v2\/pages\/29604\/revisions\/51543"}],"wp:attachment":[{"href":"https:\/\/praxas.com\/fr\/wp-json\/wp\/v2\/media?parent=29604"}],"curies":[{"name":"wp","href":"https:\/\/api.w.org\/{rel}","templated":true}]}}