{"id":29617,"date":"2024-07-01T08:05:48","date_gmt":"2024-07-01T08:05:48","guid":{"rendered":"https:\/\/staging.praxas.com\/logiciel-logtag\/"},"modified":"2025-06-20T10:31:35","modified_gmt":"2025-06-20T10:31:35","slug":"logiciel-logtag","status":"publish","type":"page","link":"https:\/\/praxas.com\/fr\/logiciel\/logiciel-logtag\/","title":{"rendered":"Logiciel LogTag"},"content":{"rendered":"\n<div class=\"wp-block-cover alignfull\" style=\"min-height:350px;aspect-ratio:unset;\"><span aria-hidden=\"true\" class=\"wp-block-cover__background has-background-dim-10 has-background-dim\" style=\"background-color:#3a6187\"><\/span><img loading=\"lazy\" decoding=\"async\" width=\"3780\" height=\"709\" class=\"wp-block-cover__image-background wp-image-43558\" alt=\"Software new style banner\" src=\"https:\/\/praxas.com\/wp-content\/uploads\/PRAXAS_Software.png\" data-object-fit=\"cover\" srcset=\"https:\/\/praxas.com\/wp-content\/uploads\/PRAXAS_Software.png 3780w, https:\/\/praxas.com\/wp-content\/uploads\/PRAXAS_Software-300x56.png 300w, https:\/\/praxas.com\/wp-content\/uploads\/PRAXAS_Software-1024x192.png 1024w, https:\/\/praxas.com\/wp-content\/uploads\/PRAXAS_Software-768x144.png 768w, https:\/\/praxas.com\/wp-content\/uploads\/PRAXAS_Software-1536x288.png 1536w, https:\/\/praxas.com\/wp-content\/uploads\/PRAXAS_Software-2048x384.png 2048w, https:\/\/praxas.com\/wp-content\/uploads\/PRAXAS_Software-120x23.png 120w, https:\/\/praxas.com\/wp-content\/uploads\/PRAXAS_Software-990x186.png 990w, https:\/\/praxas.com\/wp-content\/uploads\/PRAXAS_Software-441x83.png 441w, https:\/\/praxas.com\/wp-content\/uploads\/PRAXAS_Software-350x66.png 350w, https:\/\/praxas.com\/wp-content\/uploads\/PRAXAS_Software-800x150.png 800w, https:\/\/praxas.com\/wp-content\/uploads\/PRAXAS_Software-150x28.png 150w\" sizes=\"auto, (max-width: 3780px) 100vw, 3780px\" \/><div class=\"wp-block-cover__inner-container has-global-padding is-layout-constrained wp-container-core-cover-is-layout-a4c69c57 wp-block-cover-is-layout-constrained\">\n<div class=\"wp-block-columns is-layout-flex wp-container-core-columns-is-layout-28f84493 wp-block-columns-is-layout-flex\">\n<div class=\"wp-block-column is-layout-flow wp-block-column-is-layout-flow\" style=\"flex-basis:70%\">\n<h1 class=\"wp-block-heading has-white-color has-text-color has-link-color wp-elements-7a978d920bc7ea8dff1daec0f639a081\">Logiciel LogTag<\/h1>\n\n\n\n<div style=\"height:30px\" aria-hidden=\"true\" class=\"wp-block-spacer\"><\/div>\n\n\n\n<p class=\"has-white-color has-text-color has-link-color wp-elements-eaad365dd10d7b636f67390386d0b6bc\">Explorez la gamme d&rsquo;outils logiciels con\u00e7us pour prendre en charge vos appareils LogTag. De la configuration \u00e0 la surveillance en passant par la conversion des donn\u00e9es, ces solutions vous permettent de g\u00e9rer vos produits LogTag de mani\u00e8re simple et efficace. <\/p>\n<\/div>\n\n\n\n<div class=\"wp-block-column is-layout-flow wp-block-column-is-layout-flow\"><\/div>\n<\/div>\n<\/div><\/div>\n\n<div style=\"height:60px\" aria-hidden=\"true\" class=\"wp-block-spacer\"><\/div>\n\n<div class=\"wp-block-group alignfull has-global-padding is-layout-constrained wp-container-core-group-is-layout-a4c69c57 wp-block-group-is-layout-constrained\">\n<div class=\"wp-block-columns is-layout-flex wp-container-core-columns-is-layout-28f84493 wp-block-columns-is-layout-flex\">\n<div class=\"wp-block-column has-background is-layout-flow wp-block-column-is-layout-flow\" style=\"border-radius:15px;background-color:#e5e5e5;padding-top:var(--wp--preset--spacing--medium);padding-right:var(--wp--preset--spacing--medium);padding-bottom:var(--wp--preset--spacing--medium);padding-left:var(--wp--preset--spacing--medium)\">\n<div class=\"wp-block-media-text is-stacked-on-mobile\" style=\"grid-template-columns:20% auto\"><figure class=\"wp-block-media-text__media\"><img loading=\"lazy\" decoding=\"async\" width=\"558\" height=\"614\" src=\"https:\/\/praxas.com\/wp-content\/uploads\/LT_Analyzer-1.png\" alt=\"Bo\u00eete du logiciel LogTag Analyzer\" class=\"wp-image-43282 size-full\" srcset=\"https:\/\/praxas.com\/wp-content\/uploads\/LT_Analyzer-1.png 558w, https:\/\/praxas.com\/wp-content\/uploads\/LT_Analyzer-1-273x300.png 273w, https:\/\/praxas.com\/wp-content\/uploads\/LT_Analyzer-1-109x120.png 109w, https:\/\/praxas.com\/wp-content\/uploads\/LT_Analyzer-1-441x485.png 441w, https:\/\/praxas.com\/wp-content\/uploads\/LT_Analyzer-1-350x385.png 350w, https:\/\/praxas.com\/wp-content\/uploads\/LT_Analyzer-1-150x165.png 150w\" sizes=\"auto, (max-width: 558px) 100vw, 558px\" \/><\/figure><div class=\"wp-block-media-text__content\">\n<h2 class=\"wp-block-heading has-text-color has-link-color wp-elements-9e4c5e456a2e9a51ff699f9def28f144\" style=\"color:#009ee0\">Analyseur LogTag<\/h2>\n\n\n\n<p>Pour les propri\u00e9taires de produits LogTag, LogTag Analyser est le logiciel gratuit recommand\u00e9. Cette plateforme conviviale et robuste vous permet de configurer, de t\u00e9l\u00e9charger et de visualiser les donn\u00e9es de n&rsquo;importe quel enregistreur de donn\u00e9es LogTag.<\/p>\n\n\n\n<div class=\"wp-block-buttons is-content-justification-right is-layout-flex wp-container-core-buttons-is-layout-d445cf74 wp-block-buttons-is-layout-flex\">\n<div class=\"wp-block-button\"><a class=\"wp-block-button__link has-background wp-element-button\" href=\"https:\/\/logtagrecorders.com\/software\/logtag-analyzer\/\" style=\"border-radius:6px;background-color:#009ee0\" target=\"_blank\" rel=\"noopener\"><strong>En savoir plus  <i class=\"fas fa fa-external-link\" style=\"margin-left:5px;color:#fffff;\"><\/i><\/strong><\/a><\/div>\n<\/div>\n<\/div><\/div>\n<\/div>\n<\/div>\n\n\n\n<div style=\"height:60px\" aria-hidden=\"true\" class=\"wp-block-spacer\"><\/div>\n\n\n\n<div class=\"wp-block-columns is-layout-flex wp-container-core-columns-is-layout-28f84493 wp-block-columns-is-layout-flex\">\n<div class=\"wp-block-column is-layout-flow wp-block-column-is-layout-flow\" style=\"border-radius:15px;padding-top:0;padding-right:0;padding-bottom:0;padding-left:0\">\n<div class=\"wp-block-media-text is-stacked-on-mobile\" style=\"padding-right:var(--wp--preset--spacing--medium);padding-left:var(--wp--preset--spacing--medium);grid-template-columns:20% auto\"><figure class=\"wp-block-media-text__media\"><img loading=\"lazy\" decoding=\"async\" width=\"558\" height=\"614\" src=\"https:\/\/praxas.com\/wp-content\/uploads\/LT_Convert-1.png\" alt=\"LogTag Convert Software Box\" class=\"wp-image-43288 size-full\" srcset=\"https:\/\/praxas.com\/wp-content\/uploads\/LT_Convert-1.png 558w, https:\/\/praxas.com\/wp-content\/uploads\/LT_Convert-1-273x300.png 273w, https:\/\/praxas.com\/wp-content\/uploads\/LT_Convert-1-109x120.png 109w, https:\/\/praxas.com\/wp-content\/uploads\/LT_Convert-1-441x485.png 441w, https:\/\/praxas.com\/wp-content\/uploads\/LT_Convert-1-350x385.png 350w, https:\/\/praxas.com\/wp-content\/uploads\/LT_Convert-1-150x165.png 150w\" sizes=\"auto, (max-width: 558px) 100vw, 558px\" \/><\/figure><div class=\"wp-block-media-text__content\">\n<h2 class=\"wp-block-heading has-text-color has-link-color wp-elements-0a9d0e7bddcaf2d25258733c24511b74\" style=\"color:#009ee0\">Convertisseur LogTag<\/h2>\n\n\n\n<p>Transformez vos fichiers LogTag Datalogger au format CSV avec diverses options configurables. Effectuez des conversions en masse en s\u00e9lectionnant un dossier et en analysant les sous-r\u00e9pertoires. Personnalisez largement votre sortie CSV, y compris les formats de date et les fuseaux horaires.<\/p>\n\n\n\n<div class=\"wp-block-buttons is-content-justification-right is-layout-flex wp-container-core-buttons-is-layout-d445cf74 wp-block-buttons-is-layout-flex\">\n<div class=\"wp-block-button\"><a class=\"wp-block-button__link has-background wp-element-button\" href=\"https:\/\/logtagrecorders.com\/software\/logtag-convert\/\" style=\"border-radius:6px;background-color:#009ee0\" target=\"_blank\" rel=\"noopener\"><strong>En savoir plus  <i class=\"fas fa fa-external-link\" style=\"margin-left:5px;color:#fffff;\"><\/i><\/strong><\/a><\/div>\n<\/div>\n<\/div><\/div>\n<\/div>\n<\/div>\n\n\n\n<div style=\"height:60px\" aria-hidden=\"true\" class=\"wp-block-spacer\"><\/div>\n\n\n\n<div class=\"wp-block-columns is-layout-flex wp-container-core-columns-is-layout-28f84493 wp-block-columns-is-layout-flex\">\n<div class=\"wp-block-column has-background is-layout-flow wp-block-column-is-layout-flow\" style=\"border-radius:15px;background-color:#e5e5e5;padding-top:var(--wp--preset--spacing--medium);padding-right:var(--wp--preset--spacing--medium);padding-bottom:var(--wp--preset--spacing--medium);padding-left:var(--wp--preset--spacing--medium)\">\n<div class=\"wp-block-media-text is-stacked-on-mobile\" style=\"grid-template-columns:20% auto\"><figure class=\"wp-block-media-text__media\"><img loading=\"lazy\" decoding=\"async\" width=\"558\" height=\"614\" src=\"https:\/\/praxas.com\/wp-content\/uploads\/LT_Xpress-1.png\" alt=\"Bo\u00eete logicielle LogTag Xpress\" class=\"wp-image-43294 size-full\" srcset=\"https:\/\/praxas.com\/wp-content\/uploads\/LT_Xpress-1.png 558w, https:\/\/praxas.com\/wp-content\/uploads\/LT_Xpress-1-273x300.png 273w, https:\/\/praxas.com\/wp-content\/uploads\/LT_Xpress-1-109x120.png 109w, https:\/\/praxas.com\/wp-content\/uploads\/LT_Xpress-1-441x485.png 441w, https:\/\/praxas.com\/wp-content\/uploads\/LT_Xpress-1-350x385.png 350w, https:\/\/praxas.com\/wp-content\/uploads\/LT_Xpress-1-150x165.png 150w\" sizes=\"auto, (max-width: 558px) 100vw, 558px\" \/><\/figure><div class=\"wp-block-media-text__content\">\n<h2 class=\"wp-block-heading has-text-color has-link-color wp-elements-3c7b9f7ccf6fd88963f23f38bbef251f\" style=\"color:#009ee0\">LogTag Xpress<\/h2>\n\n\n\n<p>LogTag Xpress offre une alternative simplifi\u00e9e au logiciel complet LogTag Analyser. Con\u00e7u pour \u00eatre efficace, il simplifie la configuration et le t\u00e9l\u00e9chargement de tous les produits d&rsquo;enregistrement de donn\u00e9es LogTag, en minimisant le besoin d&rsquo;interaction avec l&rsquo;utilisateur.<\/p>\n\n\n\n<div class=\"wp-block-buttons is-content-justification-right is-layout-flex wp-container-core-buttons-is-layout-d445cf74 wp-block-buttons-is-layout-flex\">\n<div class=\"wp-block-button\"><a class=\"wp-block-button__link has-background wp-element-button\" href=\"https:\/\/logtagrecorders.com\/software\/logtag-xpress\/\" style=\"border-radius:6px;background-color:#009ee0\" target=\"_blank\" rel=\"noopener\"><strong>En savoir plus  <i class=\"fas fa fa-external-link\" style=\"margin-left:5px;color:#fffff;\"><\/i><\/strong><\/a><\/div>\n<\/div>\n<\/div><\/div>\n<\/div>\n<\/div>\n<\/div>\n\n<div style=\"height:80px\" aria-hidden=\"true\" class=\"wp-block-spacer\"><\/div>\n\n<div class=\"wp-block-group alignfull has-global-padding is-layout-constrained wp-container-core-group-is-layout-a4c69c57 wp-block-group-is-layout-constrained\">\n<div class=\"wp-block-columns is-layout-flex wp-container-core-columns-is-layout-28f84493 wp-block-columns-is-layout-flex\">\n<div class=\"wp-block-column is-layout-flow wp-block-column-is-layout-flow\">\n<div class=\"wp-block-columns is-layout-flex wp-container-core-columns-is-layout-28f84493 wp-block-columns-is-layout-flex\">\n<div class=\"wp-block-column is-layout-flow wp-block-column-is-layout-flow\" style=\"flex-basis:33.33%\">\n<figure class=\"wp-block-image aligncenter size-large is-resized has-custom-border\"><img loading=\"lazy\" decoding=\"async\" width=\"1024\" height=\"1024\" src=\"https:\/\/praxas.com\/wp-content\/uploads\/Logtag-online-1024x1024.jpg\" alt=\"LogTagOnline Cloud image\" class=\"wp-image-43260\" style=\"border-radius:10px;aspect-ratio:1;object-fit:cover;width:293px;height:auto\" srcset=\"https:\/\/praxas.com\/wp-content\/uploads\/Logtag-online-1024x1024.jpg 1024w, https:\/\/praxas.com\/wp-content\/uploads\/Logtag-online-300x300.jpg 300w, https:\/\/praxas.com\/wp-content\/uploads\/Logtag-online-150x150.jpg 150w, https:\/\/praxas.com\/wp-content\/uploads\/Logtag-online-768x768.jpg 768w, https:\/\/praxas.com\/wp-content\/uploads\/Logtag-online-1536x1536.jpg 1536w, https:\/\/praxas.com\/wp-content\/uploads\/Logtag-online-120x120.jpg 120w, https:\/\/praxas.com\/wp-content\/uploads\/Logtag-online-990x990.jpg 990w, https:\/\/praxas.com\/wp-content\/uploads\/Logtag-online-441x441.jpg 441w, https:\/\/praxas.com\/wp-content\/uploads\/Logtag-online-100x100.jpg 100w, https:\/\/praxas.com\/wp-content\/uploads\/Logtag-online-350x350.jpg 350w, https:\/\/praxas.com\/wp-content\/uploads\/Logtag-online-800x800.jpg 800w, https:\/\/praxas.com\/wp-content\/uploads\/Logtag-online.jpg 2048w\" sizes=\"auto, (max-width: 1024px) 100vw, 1024px\" \/><\/figure>\n<\/div>\n\n\n\n<div class=\"wp-block-column is-layout-flow wp-block-column-is-layout-flow\" style=\"flex-basis:66.66%\">\n<h4 class=\"wp-block-heading has-text-align-left has-text-color has-link-color has-large-font-size wp-elements-25348f4f7b58a293616be44b83015365\" style=\"color:#009ee0\">LogTagOnline<\/h4>\n\n\n\n<p>LogTagOnline est un syst\u00e8me bas\u00e9 sur le cloud, con\u00e7u pour fonctionner de mani\u00e8re transparente avec les appareils LogTag. Il offre une solution compl\u00e8te pour la gestion des donn\u00e9es environnementales, garantissant l&rsquo;accessibilit\u00e9 et le contr\u00f4le o\u00f9 que vous soyez.<\/p>\n\n\n\n<div class=\"wp-block-buttons is-content-justification-right is-layout-flex wp-container-core-buttons-is-layout-d445cf74 wp-block-buttons-is-layout-flex\">\n<div class=\"wp-block-button\"><a class=\"wp-block-button__link has-background wp-element-button\" href=\"https:\/\/praxas.com\/fr\/logtag-en-ligne\/\" style=\"border-radius:6px;background-color:#009ee0\"><strong>En savoir plus<\/strong><\/a><\/div>\n\n\n\n<div class=\"wp-block-button is-style-outline is-style-outline--1\"><a class=\"wp-block-button__link has-text-color has-link-color wp-element-button\" href=\"https:\/\/logtagonline.com\/login\" style=\"border-radius:6px;color:#009ee0\" target=\"_blank\" rel=\"noreferrer noopener\"><strong>S&rsquo;inscrire  <i class=\"fas fa fa-external-link\" style=\"margin-left:5px;color:#fffff;\"><\/i><\/strong><\/a><\/div>\n<\/div>\n<\/div>\n<\/div>\n<\/div>\n<\/div>\n<\/div>\n\n<div style=\"height:80px\" aria-hidden=\"true\" class=\"wp-block-spacer\"><\/div>\n","protected":false},"excerpt":{"rendered":"<p>Analyseur LogTag Pour les propri\u00e9taires de produits LogTag, LogTag Analyser est le logiciel gratuit recommand\u00e9. Cette plateforme conviviale et robuste vous permet de configurer, de t\u00e9l\u00e9charger et de visualiser les donn\u00e9es de n&rsquo;importe quel enregistreur de donn\u00e9es LogTag. Convertisseur LogTag Transformez vos fichiers LogTag Datalogger au format CSV avec diverses options configurables. Effectuez des conversions [&hellip;]<\/p>\n","protected":false},"author":8383,"featured_media":0,"parent":29880,"menu_order":0,"comment_status":"closed","ping_status":"closed","template":"template-fullwidth-no-heading.php","meta":{"_acf_changed":false,"content-type":"","_uag_custom_page_level_css":"","footnotes":""},"class_list":["post-29617","page","type-page","status-publish","hentry"],"acf":[],"spectra_custom_meta":{"hero_image":[""],"_hero_image":["field_64f1a7da7af44"],"_hero_h1":["field_64f19e1edd052"],"_hero_h2":["field_64f19e2ddd053"],"_hero_text":["field_64f19e42dd054"],"_hero_button_text":["field_64f19e4edd055"],"_hero_button_link":["field_64f19e5ddd056"],"_top_nav_excluded":[""],"_cms_nav_minihome":[""],"_wp_page_template":["template-fullwidth-no-heading.php"],"_last_translation_edit_mode":["translation-editor"],"rank_math_analytic_object_id":["813"],"rank_math_og_content_image":["a:2:{s:5:\"check\";s:32:\"0643b6aa4098e9467945a53b12fe08a3\";s:6:\"images\";a:2:{i:0;i:43558;i:1;i:43282;}}"],"rank_math_focus_keyword":["Logiciel LogTag"],"_wpml_word_count":["265"],"_uag_css_file_name":["uag-css-29617.css"],"_uag_page_assets":["a:9:{s:3:\"css\";s:263:\".uag-blocks-common-selector{z-index:var(--z-index-desktop) !important}@media (max-width: 976px){.uag-blocks-common-selector{z-index:var(--z-index-tablet) !important}}@media (max-width: 767px){.uag-blocks-common-selector{z-index:var(--z-index-mobile) !important}}\n\";s:2:\"js\";s:0:\"\";s:18:\"current_block_list\";a:11:{i:0;s:10:\"core\/cover\";i:1;s:12:\"core\/columns\";i:2;s:11:\"core\/column\";i:3;s:12:\"core\/heading\";i:4;s:11:\"core\/spacer\";i:5;s:14:\"core\/paragraph\";i:6;s:10:\"core\/group\";i:9;s:15:\"core\/media-text\";i:10;s:12:\"core\/buttons\";i:11;s:11:\"core\/button\";i:17;s:10:\"core\/image\";}s:8:\"uag_flag\";b:0;s:11:\"uag_version\";s:10:\"1775742760\";s:6:\"gfonts\";a:0:{}s:10:\"gfonts_url\";s:0:\"\";s:12:\"gfonts_files\";a:0:{}s:14:\"uag_faq_layout\";b:0;}"]},"uagb_featured_image_src":{"full":false,"thumbnail":false,"medium":false,"medium_large":false,"large":false,"1536x1536":false,"2048x2048":false,"crunchify-admin-post-featured-image":false,"commercegurus-pdp-large":false,"commercegurus-plp-mobile":false,"cgkit_image_swatch":false,"woocommerce_thumbnail":false,"woocommerce_single":false,"woocommerce_gallery_thumbnail":false},"uagb_author_info":{"display_name":"Alex James","author_link":"https:\/\/praxas.com\/fr\/author\/alex\/"},"uagb_comment_info":0,"uagb_excerpt":"Analyseur LogTag Pour les propri\u00e9taires de produits LogTag, LogTag Analyser est le logiciel gratuit recommand\u00e9. Cette plateforme conviviale et robuste vous permet de configurer, de t\u00e9l\u00e9charger et de visualiser les donn\u00e9es de n&rsquo;importe quel enregistreur de donn\u00e9es LogTag. Convertisseur LogTag Transformez vos fichiers LogTag Datalogger au format CSV avec diverses options configurables. Effectuez des conversions\u2026","_links":{"self":[{"href":"https:\/\/praxas.com\/fr\/wp-json\/wp\/v2\/pages\/29617","targetHints":{"allow":["GET"]}}],"collection":[{"href":"https:\/\/praxas.com\/fr\/wp-json\/wp\/v2\/pages"}],"about":[{"href":"https:\/\/praxas.com\/fr\/wp-json\/wp\/v2\/types\/page"}],"author":[{"embeddable":true,"href":"https:\/\/praxas.com\/fr\/wp-json\/wp\/v2\/users\/8383"}],"replies":[{"embeddable":true,"href":"https:\/\/praxas.com\/fr\/wp-json\/wp\/v2\/comments?post=29617"}],"version-history":[{"count":5,"href":"https:\/\/praxas.com\/fr\/wp-json\/wp\/v2\/pages\/29617\/revisions"}],"predecessor-version":[{"id":43645,"href":"https:\/\/praxas.com\/fr\/wp-json\/wp\/v2\/pages\/29617\/revisions\/43645"}],"up":[{"embeddable":true,"href":"https:\/\/praxas.com\/fr\/wp-json\/wp\/v2\/pages\/29880"}],"wp:attachment":[{"href":"https:\/\/praxas.com\/fr\/wp-json\/wp\/v2\/media?parent=29617"}],"curies":[{"name":"wp","href":"https:\/\/api.w.org\/{rel}","templated":true}]}}