{"id":29618,"date":"2024-06-28T10:13:47","date_gmt":"2024-06-28T10:13:47","guid":{"rendered":"https:\/\/staging.praxas.com\/communication-et-fraude\/"},"modified":"2025-06-20T10:31:55","modified_gmt":"2025-06-20T10:31:55","slug":"communication-et-fraude","status":"publish","type":"page","link":"https:\/\/praxas.com\/fr\/politiques-de-lentreprise\/communication-et-fraude\/","title":{"rendered":"Communication et fraude"},"content":{"rendered":"<h2>La protection des donn\u00e9es chez Praxas<\/h2>\n<p>Chez Praxas, la s\u00e9curit\u00e9 de vos donn\u00e9es est notre priorit\u00e9 absolue. Votre carte de fid\u00e9lit\u00e9 contient des donn\u00e9es personnelles.<\/p>\n<p>&nbsp;<\/p>\n<h3>Comment pouvez-vous mieux prot\u00e9ger vos propres donn\u00e9es ?<\/h3>\n<p>Il est conseill\u00e9 de modifier r\u00e9guli\u00e8rement votre mot de passe. Ce faisant, \u00e9vitez les informations personnelles ou les s\u00e9quences de nombres logiques. Ne gardez votre mot de passe que pour vous.<\/p>\n<p>Si vous avez des questions ou si vous constatez que vos coordonn\u00e9es ont chang\u00e9, vous pouvez toujours nous contacter \u00e0 l&rsquo;adresse info@praxas.com ou appeler le +31 (0)76 50 40268. Nous serons heureux de vous aider.<\/p>\n<p>&nbsp;<\/p>\n<h3>Que faire si vous remarquez une activit\u00e9 suspecte concernant vos donn\u00e9es ?<\/h3>\n<p>Veuillez le signaler imm\u00e9diatement \u00e0 Praxas. Nous vous contacterons imm\u00e9diatement et proc\u00e9derons aux ajustements n\u00e9cessaires pour \u00e9viter les fraudes.<\/p>\n<p>&nbsp;<\/p>\n<h2>PRAXAS MET EN GARDE CONTRE LES COMPORTEMENTS FRAUDULEUX<\/h2>\n<p>Veuillez noter que des courriers \u00e9lectroniques frauduleux circulent actuellement et utilisent abusivement le nom et parfois le logo de Praxas.<\/p>\n<p>Soyez vigilant lorsque vous recevez de tels messages, car il s&rsquo;agit de tentatives de fraude, \u00e9galement connues sous le nom de phishing. En particulier, nous constatons une augmentation de l&rsquo;hame\u00e7onnage par courrier \u00e9lectronique. N&rsquo;ouvrez pas les pi\u00e8ces jointes aux courriels !<\/p>\n<p>&nbsp;<\/p>\n<h3>Comment reconna\u00eetre une tentative d&rsquo;hame\u00e7onnage par courriel ?<\/h3>\n<p>Les courriels de phishing peuvent sembler tr\u00e8s r\u00e9alistes en reproduisant la marque Praxas. Pr\u00eatez attention \u00e0 l&rsquo;exp\u00e9diteur, \u00e0 l&rsquo;objet et au contenu du courriel. Ne cliquez pas sur des liens suspects et ne communiquez pas d&rsquo;informations personnelles telles que votre nom, votre adresse \u00e9lectronique, vos coordonn\u00e9es bancaires, etc.<\/p>\n<p>Actuellement, des courriels sont envoy\u00e9s \u00e0 partir du nom de Petra Manley (Achats). Cette dame n&rsquo;est pas employ\u00e9e par Praxas.<\/p>\n<p>&nbsp;<\/p>\n<h3>Que faire en cas de fraude par courriel ou par t\u00e9l\u00e9phone ?<\/h3>\n<p>Ne r\u00e9pondez pas \u00e0 des demandes suspectes et ne communiquez pas de donn\u00e9es personnelles. Signalez tout soup\u00e7on de fraude \u00e0 notre service client\u00e8le.<\/p>\n<p>&nbsp;<\/p>\n<h3>Que faire si vous avez \u00e9t\u00e9 victime d&rsquo;une fraude par courriel ou par t\u00e9l\u00e9phone ?<\/h3>\n<p>Si vous avez partag\u00e9 des donn\u00e9es et que vous soup\u00e7onnez une fraude, bloquez imm\u00e9diatement votre compte bancaire et signalez l&rsquo;incident \u00e0 la police.<\/p>\n","protected":false},"excerpt":{"rendered":"<p>La protection des donn\u00e9es chez Praxas Chez Praxas, la s\u00e9curit\u00e9 de vos donn\u00e9es est notre priorit\u00e9 absolue. Votre carte de fid\u00e9lit\u00e9 contient des donn\u00e9es personnelles. &nbsp; Comment pouvez-vous mieux prot\u00e9ger vos propres donn\u00e9es ? Il est conseill\u00e9 de modifier r\u00e9guli\u00e8rement votre mot de passe. Ce faisant, \u00e9vitez les informations personnelles ou les s\u00e9quences de nombres [&hellip;]<\/p>\n","protected":false},"author":8383,"featured_media":0,"parent":29758,"menu_order":5,"comment_status":"closed","ping_status":"closed","template":"template-fullwidth.php","meta":{"_acf_changed":false,"content-type":"","_uag_custom_page_level_css":"","footnotes":""},"class_list":["post-29618","page","type-page","status-publish","hentry"],"acf":[],"spectra_custom_meta":{"hero_image":[""],"_hero_image":["field_64f1a7da7af44"],"_hero_h1":["field_64f19e1edd052"],"_hero_h2":["field_64f19e2ddd053"],"_hero_text":["field_64f19e42dd054"],"_hero_button_text":["field_64f19e4edd055"],"_hero_button_link":["field_64f19e5ddd056"],"_top_nav_excluded":[""],"_cms_nav_minihome":[""],"_wp_page_template":["template-fullwidth.php"],"_last_translation_edit_mode":["translation-editor"],"_wpml_word_count":["405"],"_uag_page_assets":["a:9:{s:3:\"css\";s:0:\"\";s:2:\"js\";s:0:\"\";s:18:\"current_block_list\";a:0:{}s:8:\"uag_flag\";b:0;s:11:\"uag_version\";s:10:\"1775212209\";s:6:\"gfonts\";a:0:{}s:10:\"gfonts_url\";s:0:\"\";s:12:\"gfonts_files\";a:0:{}s:14:\"uag_faq_layout\";b:0;}"]},"uagb_featured_image_src":{"full":false,"thumbnail":false,"medium":false,"medium_large":false,"large":false,"1536x1536":false,"2048x2048":false,"crunchify-admin-post-featured-image":false,"commercegurus-pdp-large":false,"commercegurus-plp-mobile":false,"cgkit_image_swatch":false,"woocommerce_thumbnail":false,"woocommerce_single":false,"woocommerce_gallery_thumbnail":false},"uagb_author_info":{"display_name":"Alex James","author_link":"https:\/\/praxas.com\/fr\/author\/alex\/"},"uagb_comment_info":0,"uagb_excerpt":"La protection des donn\u00e9es chez Praxas Chez Praxas, la s\u00e9curit\u00e9 de vos donn\u00e9es est notre priorit\u00e9 absolue. Votre carte de fid\u00e9lit\u00e9 contient des donn\u00e9es personnelles. &nbsp; Comment pouvez-vous mieux prot\u00e9ger vos propres donn\u00e9es ? Il est conseill\u00e9 de modifier r\u00e9guli\u00e8rement votre mot de passe. Ce faisant, \u00e9vitez les informations personnelles ou les s\u00e9quences de nombres\u2026","_links":{"self":[{"href":"https:\/\/praxas.com\/fr\/wp-json\/wp\/v2\/pages\/29618","targetHints":{"allow":["GET"]}}],"collection":[{"href":"https:\/\/praxas.com\/fr\/wp-json\/wp\/v2\/pages"}],"about":[{"href":"https:\/\/praxas.com\/fr\/wp-json\/wp\/v2\/types\/page"}],"author":[{"embeddable":true,"href":"https:\/\/praxas.com\/fr\/wp-json\/wp\/v2\/users\/8383"}],"replies":[{"embeddable":true,"href":"https:\/\/praxas.com\/fr\/wp-json\/wp\/v2\/comments?post=29618"}],"version-history":[{"count":1,"href":"https:\/\/praxas.com\/fr\/wp-json\/wp\/v2\/pages\/29618\/revisions"}],"predecessor-version":[{"id":29764,"href":"https:\/\/praxas.com\/fr\/wp-json\/wp\/v2\/pages\/29618\/revisions\/29764"}],"up":[{"embeddable":true,"href":"https:\/\/praxas.com\/fr\/wp-json\/wp\/v2\/pages\/29758"}],"wp:attachment":[{"href":"https:\/\/praxas.com\/fr\/wp-json\/wp\/v2\/media?parent=29618"}],"curies":[{"name":"wp","href":"https:\/\/api.w.org\/{rel}","templated":true}]}}