{"id":29619,"date":"2024-06-28T10:10:15","date_gmt":"2024-06-28T08:10:15","guid":{"rendered":"https:\/\/staging.praxas.com\/revendeur\/"},"modified":"2025-12-15T17:36:06","modified_gmt":"2025-12-15T16:36:06","slug":"revendeur","status":"publish","type":"page","link":"https:\/\/praxas.com\/fr\/politiques-de-lentreprise\/revendeur\/","title":{"rendered":"Revendeur"},"content":{"rendered":"\r\n<p class=\"has-text-align-center\"><iframe loading=\"lazy\" title=\"Lecteur vid\u00e9o YouTube\" src=\"https:\/\/www.youtube.com\/embed\/0KXffkijbn4?si=ev7VhigI4RJMXbJw\" width=\"840\" height=\"472.5\" frameborder=\"0\" allowfullscreen=\"allowfullscreen\"><span data-mce-type=\"bookmark\" style=\"display: inline-block; width: 0px; overflow: hidden; line-height: 0;\" class=\"mce_SELRES_start\"><\/span><\/iframe><\/p>\r\n\r\n<p>&nbsp;<\/p>\r\n<h2><span style=\"color: #0494d1;\"><strong>Introduction<\/strong><\/span><\/h2>\r\n<p>Praxas fait partie de CimSense. CimSense est un groupe d&rsquo;entreprises de premier ordre dans les secteurs CIMS : Contr\u00f4les, Instruments, Appareils de mesure et Capteurs. Quelques exemples de membres sont Lascar Electronics, LogTag, Arctico, PMT et, bien s\u00fbr, Praxas.<\/p>\r\n<p><img loading=\"lazy\" decoding=\"async\" class=\"wp-image-19892 size-large aligncenter\" src=\"https:\/\/praxas.com\/wp-content\/uploads\/cimsense_praxas_resellerpage-1024x516.jpg\" alt=\"\" width=\"1024\" height=\"516\" srcset=\"https:\/\/praxas.com\/wp-content\/uploads\/cimsense_praxas_resellerpage-1024x516.jpg 1024w, https:\/\/praxas.com\/wp-content\/uploads\/cimsense_praxas_resellerpage-300x151.jpg 300w, https:\/\/praxas.com\/wp-content\/uploads\/cimsense_praxas_resellerpage-768x387.jpg 768w, https:\/\/praxas.com\/wp-content\/uploads\/cimsense_praxas_resellerpage-120x60.jpg 120w, https:\/\/praxas.com\/wp-content\/uploads\/cimsense_praxas_resellerpage-990x498.jpg 990w, https:\/\/praxas.com\/wp-content\/uploads\/cimsense_praxas_resellerpage-441x222.jpg 441w, https:\/\/praxas.com\/wp-content\/uploads\/cimsense_praxas_resellerpage-350x176.jpg 350w, https:\/\/praxas.com\/wp-content\/uploads\/cimsense_praxas_resellerpage-800x403.jpg 800w, https:\/\/praxas.com\/wp-content\/uploads\/cimsense_praxas_resellerpage-150x76.jpg 150w, https:\/\/praxas.com\/wp-content\/uploads\/cimsense_praxas_resellerpage.jpg 1281w\" sizes=\"auto, (max-width: 1024px) 100vw, 1024px\" \/><\/p>\r\n<p>&nbsp;<\/p>\r\n<p>&nbsp;<\/p>\r\n<p>Nous sommes Praxas, une soci\u00e9t\u00e9 bas\u00e9e aux Pays-Bas. Praxas est une entreprise qui se consacre \u00e0 fournir \u00e0 ses clients le plus haut niveau de s\u00e9curit\u00e9, d&rsquo;efficacit\u00e9 et d&rsquo;assurance.<\/p>\r\n<p>Nous nous effor\u00e7ons de garantir \u00e0 nos clients l&rsquo;environnement le plus fiable et le mieux prot\u00e9g\u00e9 pour leurs marchandises, leurs personnes et leurs biens. Notre \u00e9quipe d&rsquo;experts s&rsquo;engage \u00e0 fournir \u00e0 nos clients le meilleur service possible \u00e0 tout moment. Notre objectif est de nous d\u00e9velopper sur le march\u00e9 europ\u00e9en gr\u00e2ce \u00e0 notre gamme de produits.<\/p>\r\n<p><img loading=\"lazy\" decoding=\"async\" class=\"aligncenter wp-image-19895\" src=\"https:\/\/praxas.com\/wp-content\/uploads\/s-e-a_praxas_reseller-1024x341.jpg\" alt=\"\" width=\"600\" height=\"200\" srcset=\"https:\/\/praxas.com\/wp-content\/uploads\/s-e-a_praxas_reseller-1024x341.jpg 1024w, https:\/\/praxas.com\/wp-content\/uploads\/s-e-a_praxas_reseller-300x100.jpg 300w, https:\/\/praxas.com\/wp-content\/uploads\/s-e-a_praxas_reseller-768x256.jpg 768w, https:\/\/praxas.com\/wp-content\/uploads\/s-e-a_praxas_reseller-120x40.jpg 120w, https:\/\/praxas.com\/wp-content\/uploads\/s-e-a_praxas_reseller-990x329.jpg 990w, https:\/\/praxas.com\/wp-content\/uploads\/s-e-a_praxas_reseller-441x147.jpg 441w, https:\/\/praxas.com\/wp-content\/uploads\/s-e-a_praxas_reseller-350x116.jpg 350w, https:\/\/praxas.com\/wp-content\/uploads\/s-e-a_praxas_reseller-800x266.jpg 800w, https:\/\/praxas.com\/wp-content\/uploads\/s-e-a_praxas_reseller-150x50.jpg 150w, https:\/\/praxas.com\/wp-content\/uploads\/s-e-a_praxas_reseller.jpg 1127w\" sizes=\"auto, (max-width: 600px) 100vw, 600px\" \/><\/p>\r\n<h2>\u00a0<\/h2>\r\n<h2><span style=\"color: #0494d1;\">Pourquoi devenir revendeur ?<\/span><\/h2>\r\n<p><img loading=\"lazy\" decoding=\"async\" class=\"alignleft wp-image-19894\" src=\"https:\/\/praxas.com\/wp-content\/uploads\/expert_praxas_symbol.jpg\" alt=\"\" width=\"70\" height=\"70\" \/><\/p>\r\n<p>&nbsp;<\/p>\r\n<p><span style=\"color: #5e5e5e;\"><strong>Vous \u00eates la r\u00e9f\u00e9rence dans votre domaine et vous disposez d&rsquo;une client\u00e8le exceptionnelle.<\/strong><\/span><\/p>\r\n<p>&nbsp;<\/p>\r\n<p><span style=\"color: #5e5e5e;\"><img loading=\"lazy\" decoding=\"async\" class=\"size-full wp-image-19893 alignleft\" src=\"https:\/\/praxas.com\/wp-content\/uploads\/customer-needs_praxas_symbol.jpg\" alt=\"\" width=\"75\" height=\"75\" \/><\/span><\/p>\r\n<p>&nbsp;<\/p>\r\n<p><span style=\"color: #5e5e5e;\"><strong>Vous savez ce dont votre client a besoin et comment vous pouvez l&rsquo;aider.<\/strong><\/span><\/p>\r\n<p>&nbsp;<\/p>\r\n<p>&nbsp;<\/p>\r\n<h2><span style=\"color: #0494d1;\">Comment cela fonctionne-t-il ?<\/span><\/h2>\r\n<ol>\r\n<li style=\"list-style-type: none;\">\r\n<ol>\r\n<li>Remplissez <span style=\"color: #009ee0;\"><a style=\"color: #009ee0;\" href=\"https:\/\/forms.office.com\/pages\/responsepage.aspx?id=qf_uYqJ7kUecftVNNfQEI7MxQtwZu0hBgUvmGqHIEmlURTVVQ1Q3M1daT1ZVWlVaU1RBNFk4SDREOS4u\" target=\"_blank\" rel=\"noopener\"><strong>ce formulaire<\/strong><\/a><\/span><\/li>\r\n<li>Vous recevrez un identifiant unique pour acc\u00e9der \u00e0 notre atelier<\/li>\r\n<li>Avec ce login, vous obtiendrez une r\u00e9duction sur nos produits.<\/li>\r\n<li>Vous commandez les produits dont vous avez besoin et nous les exp\u00e9dions directement \u00e0 votre client.<\/li>\r\n<li>Vous nous payez avec votre remise sp\u00e9ciale et votre client vous paie.<\/li>\r\n<\/ol>\r\n<\/li>\r\n<\/ol>\r\n<p>&nbsp;<\/p>\r\n<h2><span style=\"color: #0494d1;\">Outre les revenus, quels sont les avantages pour vous ?<\/span><\/h2>\r\n<p><img loading=\"lazy\" decoding=\"async\" class=\" wp-image-19896 alignleft\" src=\"https:\/\/praxas.com\/wp-content\/uploads\/whatsinit_praxas_reseller-101x300.jpg\" alt=\"\" width=\"81\" height=\"241\" srcset=\"https:\/\/praxas.com\/wp-content\/uploads\/whatsinit_praxas_reseller-101x300.jpg 101w, https:\/\/praxas.com\/wp-content\/uploads\/whatsinit_praxas_reseller-40x120.jpg 40w, https:\/\/praxas.com\/wp-content\/uploads\/whatsinit_praxas_reseller.jpg 118w\" sizes=\"auto, (max-width: 81px) 100vw, 81px\" \/><\/p>\r\n<p>&nbsp;<\/p>\r\n\r\n<figure><\/figure>\r\n<figure><\/figure>\r\n<figure><\/figure>\r\n<figure><\/figure>\r\n<figure><span style=\"color: #ffffff;\">&#8211;<\/span><\/figure>\r\n<figure><span style=\"color: #5e5e5e;\"><strong>We keep the stock for you<\/strong><\/span><\/figure>\r\n<p>&nbsp;<\/p>\r\n<figure><span style=\"color: #5e5e5e;\"><strong>We ship in 1 or 2 business days<\/strong><\/span><\/figure>\r\n<p>&nbsp;<\/p>\r\n<figure><\/figure>\r\n<figure><span style=\"color: #5e5e5e;\"><strong>Delivery in a few days to Europe<\/strong><\/span><\/figure>\r\n<figure><\/figure>\r\n<figure><\/figure>\r\n<h2>\u00a0<\/h2>\r\n<h2><span style=\"color: #0494d1;\">What else?<\/span><\/h2>\r\n<p>That is up to you. We can help you out with marketing material for your website and give good support, and if you grow, you can go to the next level and build your own stock.\u00a0<\/p>\r\n<p>It is an easy and safe start to expand your product range in a few minutes. Why wait? Fill in the form now and receive your unique login.\u00a0<\/p>\r\n<p style=\"text-align: center;\"><a class=\"button button-secondary-large\" href=\"https:\/\/forms.office.com\/pages\/responsepage.aspx?id=qf_uYqJ7kUecftVNNfQEI7MxQtwZu0hBgUvmGqHIEmlURTVVQ1Q3M1daT1ZVWlVaU1RBNFk4SDREOS4u\" target=\"_blank\" rel=\"noopener\">Find Out More<\/a><\/p>\r\n<p>&nbsp;<\/p>\r\n<figure class=\"wp-block-image aligncenter\"><img loading=\"lazy\" decoding=\"async\" width=\"1016\" height=\"305\" class=\"wp-image-19883\" src=\"https:\/\/praxas.com\/wp-content\/uploads\/Praxas_Reseller.jpg\" alt=\"\" srcset=\"https:\/\/praxas.com\/wp-content\/uploads\/Praxas_Reseller.jpg 1016w, https:\/\/praxas.com\/wp-content\/uploads\/Praxas_Reseller-300x90.jpg 300w, https:\/\/praxas.com\/wp-content\/uploads\/Praxas_Reseller-768x231.jpg 768w, https:\/\/praxas.com\/wp-content\/uploads\/Praxas_Reseller-120x36.jpg 120w, https:\/\/praxas.com\/wp-content\/uploads\/Praxas_Reseller-990x297.jpg 990w, https:\/\/praxas.com\/wp-content\/uploads\/Praxas_Reseller-441x132.jpg 441w, https:\/\/praxas.com\/wp-content\/uploads\/Praxas_Reseller-350x105.jpg 350w, https:\/\/praxas.com\/wp-content\/uploads\/Praxas_Reseller-800x240.jpg 800w, https:\/\/praxas.com\/wp-content\/uploads\/Praxas_Reseller-150x45.jpg 150w\" sizes=\"auto, (max-width: 1016px) 100vw, 1016px\" \/><\/figure>\r\n","protected":false},"excerpt":{"rendered":"<p>&nbsp; Introduction Praxas fait partie de CimSense. CimSense est un groupe d&rsquo;entreprises de premier ordre dans les secteurs CIMS : Contr\u00f4les, Instruments, Appareils de mesure et Capteurs. Quelques exemples de membres sont Lascar Electronics, LogTag, Arctico, PMT et, bien s\u00fbr, Praxas. &nbsp; &nbsp; Nous sommes Praxas, une soci\u00e9t\u00e9 bas\u00e9e aux Pays-Bas. Praxas est une entreprise [&hellip;]<\/p>\n","protected":false},"author":8383,"featured_media":0,"parent":29758,"menu_order":4,"comment_status":"closed","ping_status":"closed","template":"template-fullwidth.php","meta":{"_acf_changed":false,"content-type":"","_uag_custom_page_level_css":"","footnotes":""},"class_list":["post-29619","page","type-page","status-publish","hentry"],"acf":[],"spectra_custom_meta":{"hero_image":[""],"_hero_image":["field_64f1a7da7af44"],"_hero_h1":["field_64f19e1edd052"],"_hero_h2":["field_64f19e2ddd053"],"_hero_text":["field_64f19e42dd054"],"_hero_button_text":["field_64f19e4edd055"],"_hero_button_link":["field_64f19e5ddd056"],"_top_nav_excluded":[""],"_cms_nav_minihome":[""],"_wp_page_template":["template-fullwidth.php"],"_last_translation_edit_mode":["native-editor"],"rank_math_og_content_image":["a:2:{s:5:\"check\";s:32:\"b8fb8e532e025048780acb1b0da93f3e\";s:6:\"images\";a:1:{i:0;i:19892;}}"],"_edit_lock":["1765816432:8383"],"classic-editor-remember":["classic-editor"],"rank_math_schema_VideoObject":["a:12:{s:8:\"metadata\";a:8:{s:5:\"title\";s:5:\"Video\";s:4:\"type\";s:8:\"template\";s:9:\"shortcode\";s:15:\"s-669e4660d3022\";s:9:\"isPrimary\";s:1:\"1\";s:23:\"reviewLocationShortcode\";s:24:\"[rank_math_rich_snippet]\";s:8:\"category\";s:12:\"%categories%\";s:4:\"tags\";s:6:\"%tags%\";s:15:\"isAutoGenerated\";s:1:\"1\";}s:5:\"@type\";s:11:\"VideoObject\";s:8:\"embedUrl\";s:41:\"https:\/\/www.youtube.com\/embed\/0KXffkijbn4\";s:4:\"name\";s:18:\"Praxas Reseller EU\";s:11:\"description\";s:117:\"Explanation of the Praxas reseller program. We love to welcome you and be a part of a fast-growing network in Europe.\";s:10:\"uploadDate\";s:25:\"2023-04-21T00:16:04-07:00\";s:8:\"duration\";s:7:\"PT2M24S\";s:12:\"thumbnailUrl\";s:50:\"https:\/\/praxas.com\/wp-content\/uploads\/Reseller.jpg\";s:7:\"hasPart\";a:0:{}s:5:\"width\";s:4:\"1280\";s:6:\"height\";s:3:\"720\";s:16:\"isFamilyFriendly\";s:1:\"1\";}"],"rank_math_seo_score":["20"],"_edit_last":["8383"],"hero_h1":[""],"hero_h2":[""],"hero_text":[""],"hero_button_text":[""],"hero_button_link":[""],"_wpml_media_duplicate":["1"],"_wpml_media_featured":["1"],"_wpml_word_count":["331"],"rank_math_analytic_object_id":["1150"],"rank_math_contentai_score":["a:5:{s:8:\"keywords\";s:5:\"74.51\";s:9:\"wordCount\";s:1:\"0\";s:9:\"linkCount\";s:1:\"0\";s:12:\"headingCount\";s:1:\"0\";s:10:\"mediaCount\";s:1:\"0\";}"],"rank_math_shortcode_schema_s-669e4660d3022":["1107621"],"_uag_css_file_name":["uag-css-29619.css"],"_uag_page_assets":["a:9:{s:3:\"css\";s:263:\".uag-blocks-common-selector{z-index:var(--z-index-desktop) !important}@media (max-width: 976px){.uag-blocks-common-selector{z-index:var(--z-index-tablet) !important}}@media (max-width: 767px){.uag-blocks-common-selector{z-index:var(--z-index-mobile) !important}}\n\";s:2:\"js\";s:0:\"\";s:18:\"current_block_list\";a:2:{i:0;s:14:\"core\/paragraph\";i:1;s:10:\"core\/image\";}s:8:\"uag_flag\";b:0;s:11:\"uag_version\";s:10:\"1776763693\";s:6:\"gfonts\";a:0:{}s:10:\"gfonts_url\";s:0:\"\";s:12:\"gfonts_files\";a:0:{}s:14:\"uag_faq_layout\";b:0;}"]},"uagb_featured_image_src":{"full":false,"thumbnail":false,"medium":false,"medium_large":false,"large":false,"1536x1536":false,"2048x2048":false,"crunchify-admin-post-featured-image":false,"commercegurus-pdp-large":false,"commercegurus-plp-mobile":false,"cgkit_image_swatch":false,"woocommerce_thumbnail":false,"woocommerce_single":false,"woocommerce_gallery_thumbnail":false},"uagb_author_info":{"display_name":"Alex James","author_link":"https:\/\/praxas.com\/fr\/author\/alex\/"},"uagb_comment_info":0,"uagb_excerpt":"&nbsp; Introduction Praxas fait partie de CimSense. CimSense est un groupe d&rsquo;entreprises de premier ordre dans les secteurs CIMS : Contr\u00f4les, Instruments, Appareils de mesure et Capteurs. Quelques exemples de membres sont Lascar Electronics, LogTag, Arctico, PMT et, bien s\u00fbr, Praxas. &nbsp; &nbsp; Nous sommes Praxas, une soci\u00e9t\u00e9 bas\u00e9e aux Pays-Bas. Praxas est une entreprise\u2026","_links":{"self":[{"href":"https:\/\/praxas.com\/fr\/wp-json\/wp\/v2\/pages\/29619","targetHints":{"allow":["GET"]}}],"collection":[{"href":"https:\/\/praxas.com\/fr\/wp-json\/wp\/v2\/pages"}],"about":[{"href":"https:\/\/praxas.com\/fr\/wp-json\/wp\/v2\/types\/page"}],"author":[{"embeddable":true,"href":"https:\/\/praxas.com\/fr\/wp-json\/wp\/v2\/users\/8383"}],"replies":[{"embeddable":true,"href":"https:\/\/praxas.com\/fr\/wp-json\/wp\/v2\/comments?post=29619"}],"version-history":[{"count":6,"href":"https:\/\/praxas.com\/fr\/wp-json\/wp\/v2\/pages\/29619\/revisions"}],"predecessor-version":[{"id":57843,"href":"https:\/\/praxas.com\/fr\/wp-json\/wp\/v2\/pages\/29619\/revisions\/57843"}],"up":[{"embeddable":true,"href":"https:\/\/praxas.com\/fr\/wp-json\/wp\/v2\/pages\/29758"}],"wp:attachment":[{"href":"https:\/\/praxas.com\/fr\/wp-json\/wp\/v2\/media?parent=29619"}],"curies":[{"name":"wp","href":"https:\/\/api.w.org\/{rel}","templated":true}]}}