{"id":29629,"date":"2024-06-28T08:26:25","date_gmt":"2024-06-28T08:26:25","guid":{"rendered":"https:\/\/staging.praxas.com\/mode-de-paiement\/"},"modified":"2025-06-20T10:35:19","modified_gmt":"2025-06-20T10:35:19","slug":"mode-de-paiement","status":"publish","type":"page","link":"https:\/\/praxas.com\/fr\/politiques-de-lentreprise\/mode-de-paiement\/","title":{"rendered":"Mode de paiement"},"content":{"rendered":"<p>&nbsp;<\/p>\n<p><strong>Ideal<\/strong><br \/>\nRabobank, ABN AMRO, ING Bank, Postbank, Fortis, Triodos Bank et SNS Bank y participent. iDeal fonctionne sans ambigu\u00eft\u00e9. Le mode de paiement est le m\u00eame pour toutes les banques. Tout consommateur qui utilise les services bancaires en ligne d&rsquo;une banque qui travaille avec iDeal peut facilement payer avec ce service.<\/p>\n<p>Les avantages d&rsquo;iDEAL sont la s\u00e9curit\u00e9, le paiement est imm\u00e9diatement ex\u00e9cut\u00e9, ce qui vous permet d&rsquo;obtenir vos achats rapidement, et la commodit\u00e9, car le syst\u00e8me est bas\u00e9 sur les services bancaires en ligne.<\/p>\n<p>&nbsp;<\/p>\n<p><strong>Paiement anticip\u00e9<\/strong><\/p>\n<p>Apr\u00e8s avoir pass\u00e9 la commande, vous recevrez une facture contenant les informations n\u00e9cessaires pour transf\u00e9rer le montant de la commande (num\u00e9ro de compte bancaire, num\u00e9ro de facture, etc.). Vous payez vous-m\u00eame ce montant, par exemple au moyen d&rsquo;un virement ou d&rsquo;une op\u00e9ration bancaire par internet. D\u00e8s que le montant est cr\u00e9dit\u00e9, la commande vous est envoy\u00e9e.<\/p>\n<p>&nbsp;<\/p>\n<p><strong>Sur facture<\/strong><\/p>\n<p>Vous recevez d&rsquo;abord les produits, puis la facture. La facture est pay\u00e9e par Ideal apr\u00e8s r\u00e9ception des produits. Seules les commandes dont l&rsquo;adresse de livraison et de facturation se trouve aux Pays-Bas peuvent faire l&rsquo;objet d&rsquo;un post-paiement.<\/p>\n","protected":false},"excerpt":{"rendered":"<p>&nbsp; Ideal Rabobank, ABN AMRO, ING Bank, Postbank, Fortis, Triodos Bank et SNS Bank y participent. iDeal fonctionne sans ambigu\u00eft\u00e9. Le mode de paiement est le m\u00eame pour toutes les banques. Tout consommateur qui utilise les services bancaires en ligne d&rsquo;une banque qui travaille avec iDeal peut facilement payer avec ce service. Les avantages d&rsquo;iDEAL [&hellip;]<\/p>\n","protected":false},"author":8383,"featured_media":0,"parent":29758,"menu_order":2,"comment_status":"closed","ping_status":"closed","template":"template-fullwidth.php","meta":{"_acf_changed":false,"content-type":"","_uag_custom_page_level_css":"","footnotes":""},"class_list":["post-29629","page","type-page","status-publish","hentry"],"acf":[],"spectra_custom_meta":{"hero_image":[""],"_hero_image":["field_64f1a7da7af44"],"_hero_h1":["field_64f19e1edd052"],"_hero_h2":["field_64f19e2ddd053"],"_hero_text":["field_64f19e42dd054"],"_hero_button_text":["field_64f19e4edd055"],"_hero_button_link":["field_64f19e5ddd056"],"_top_nav_excluded":[""],"_cms_nav_minihome":[""],"_wp_page_template":["template-fullwidth.php"],"_last_translation_edit_mode":["translation-editor"],"_wpml_word_count":["210"],"_uag_page_assets":["a:9:{s:3:\"css\";s:0:\"\";s:2:\"js\";s:0:\"\";s:18:\"current_block_list\";a:0:{}s:8:\"uag_flag\";b:0;s:11:\"uag_version\";s:10:\"1775212209\";s:6:\"gfonts\";a:0:{}s:10:\"gfonts_url\";s:0:\"\";s:12:\"gfonts_files\";a:0:{}s:14:\"uag_faq_layout\";b:0;}"]},"uagb_featured_image_src":{"full":false,"thumbnail":false,"medium":false,"medium_large":false,"large":false,"1536x1536":false,"2048x2048":false,"crunchify-admin-post-featured-image":false,"commercegurus-pdp-large":false,"commercegurus-plp-mobile":false,"cgkit_image_swatch":false,"woocommerce_thumbnail":false,"woocommerce_single":false,"woocommerce_gallery_thumbnail":false},"uagb_author_info":{"display_name":"Alex James","author_link":"https:\/\/praxas.com\/fr\/author\/alex\/"},"uagb_comment_info":0,"uagb_excerpt":"&nbsp; Ideal Rabobank, ABN AMRO, ING Bank, Postbank, Fortis, Triodos Bank et SNS Bank y participent. iDeal fonctionne sans ambigu\u00eft\u00e9. Le mode de paiement est le m\u00eame pour toutes les banques. Tout consommateur qui utilise les services bancaires en ligne d&rsquo;une banque qui travaille avec iDeal peut facilement payer avec ce service. Les avantages d&rsquo;iDEAL\u2026","_links":{"self":[{"href":"https:\/\/praxas.com\/fr\/wp-json\/wp\/v2\/pages\/29629","targetHints":{"allow":["GET"]}}],"collection":[{"href":"https:\/\/praxas.com\/fr\/wp-json\/wp\/v2\/pages"}],"about":[{"href":"https:\/\/praxas.com\/fr\/wp-json\/wp\/v2\/types\/page"}],"author":[{"embeddable":true,"href":"https:\/\/praxas.com\/fr\/wp-json\/wp\/v2\/users\/8383"}],"replies":[{"embeddable":true,"href":"https:\/\/praxas.com\/fr\/wp-json\/wp\/v2\/comments?post=29629"}],"version-history":[{"count":3,"href":"https:\/\/praxas.com\/fr\/wp-json\/wp\/v2\/pages\/29629\/revisions"}],"predecessor-version":[{"id":49975,"href":"https:\/\/praxas.com\/fr\/wp-json\/wp\/v2\/pages\/29629\/revisions\/49975"}],"up":[{"embeddable":true,"href":"https:\/\/praxas.com\/fr\/wp-json\/wp\/v2\/pages\/29758"}],"wp:attachment":[{"href":"https:\/\/praxas.com\/fr\/wp-json\/wp\/v2\/media?parent=29629"}],"curies":[{"name":"wp","href":"https:\/\/api.w.org\/{rel}","templated":true}]}}