{"id":29632,"date":"2023-09-21T11:40:39","date_gmt":"2023-09-21T09:40:39","guid":{"rendered":"https:\/\/staging.praxas.com\/support-de-linterrupteur-du-panneau\/"},"modified":"2024-07-22T14:37:28","modified_gmt":"2024-07-22T14:37:28","slug":"support-de-linterrupteur-du-panneau","status":"publish","type":"page","link":"https:\/\/praxas.com\/fr\/soutien\/support-de-linterrupteur-du-panneau\/","title":{"rendered":"Support de l&rsquo;interrupteur du panneau"},"content":{"rendered":"<h2><strong>Questions fr\u00e9quemment pos\u00e9es<\/strong><\/h2>\n<p><span class=\"ui-provider azr azs azt azu azv azw azx azy azz baa bab bac bae baf bag bah bai baj bak bal bam ban bao bap baq bar bas bat bau bav baw bax bay baz bba\" dir=\"ltr\"><\/p>\n<div class=\"accordion\">\n<h2 class=\"accordion-header\">Quel est le diam\u00e8tre du bo\u00eetier ?<br \/>\n<i class=\"fas fa-chevron-circle-down\"><\/i><\/h2>\n<div class=\"accordion-content\">Le diam\u00e8tre du bo\u00eetier est de 22 mm. Un panneau d\u00e9coup\u00e9 de 22 \u00e0 23 mm de diam\u00e8tre devrait convenir.<\/div>\n<\/div>\n<p><\/span><\/p>\n<p><span class=\"ui-provider azr azs azt azu azv azw azx azy azz baa bab bac bae baf bag bah bai baj bak bal bam ban bao bap baq bar bas bat bau bav baw bax bay baz bba\" dir=\"ltr\"><\/p>\n<div class=\"accordion\">\n<h2 class=\"accordion-header\">Quelles sont les exigences en mati\u00e8re d&rsquo;alimentation \u00e9lectrique ?<br \/>\n<i class=\"fas fa-chevron-circle-down\"><\/i><\/h2>\n<div class=\"accordion-content\">Nos produits sont optimis\u00e9s pour une tension de 12V mais peuvent fonctionner confortablement de 9,6V \u00e0 24V avec un courant d&rsquo;alimentation d&rsquo;au moins 30mA.<\/div>\n<\/div>\n<p><\/span><\/p>\n<p><span class=\"ui-provider azr azs azt azu azv azw azx azy azz baa bab bac bae baf bag bah bai baj bak bal bam ban bao bap baq bar bas bat bau bav baw bax bay baz bba\" dir=\"ltr\"><\/p>\n<div class=\"accordion\">\n<h2 class=\"accordion-header\">Quelle est la capacit\u00e9 de commutation maximale ?<br \/>\n<i class=\"fas fa-chevron-circle-down\"><\/i><\/h2>\n<div class=\"accordion-content\">Charge r\u00e9sistive de 1A 125VAC ou 2A 30VDC.<\/div>\n<\/div>\n<p><\/span><\/p>\n<p><span class=\"ui-provider azr azs azt azu azv azw azx azy azz baa bab bac bae baf bag bah bai baj bak bal bam ban bao bap baq bar bas bat bau bav baw bax bay baz bba\" dir=\"ltr\"><\/p>\n<div class=\"accordion\">\n<h2 class=\"accordion-header\">Quelles sont la port\u00e9e de d\u00e9tection et la dur\u00e9e d&rsquo;activation momentan\u00e9e ?<br \/>\n<i class=\"fas fa-chevron-circle-down\"><\/i><\/h2>\n<div class=\"accordion-content\">La port\u00e9e de d\u00e9tection est de 4 cm et la dur\u00e9e d&rsquo;activation momentan\u00e9e est de 10 secondes.<\/div>\n<\/div>\n<p><\/span><\/p>\n<p><span class=\"ui-provider azr azs azt azu azv azw azx azy azz baa bab bac bae baf bag bah bai baj bak bal bam ban bao bap baq bar bas bat bau bav baw bax bay baz bba\" dir=\"ltr\"><\/p>\n<div class=\"accordion\">\n<h2 class=\"accordion-header\">Vos produits IR peuvent-ils fonctionner \u00e0 l&rsquo;ext\u00e9rieur ?<br \/>\n<i class=\"fas fa-chevron-circle-down\"><\/i><\/h2>\n<div class=\"accordion-content\">Oui, nos produits sont homologu\u00e9s IP67 et IK10.<\/div>\n<\/div>\n<p><\/span><\/p>\n<p><span class=\"ui-provider azr azs azt azu azv azw azx azy azz baa bab bac bae baf bag bah bai baj bak bal bam ban bao bap baq bar bas bat bau bav baw bax bay baz bba\" dir=\"ltr\"><\/p>\n<div class=\"accordion\">\n<h2 class=\"accordion-header\">Existe-t-il des options pour les c\u00e2bles et les connecteurs ?<br \/>\n<i class=\"fas fa-chevron-circle-down\"><\/i><\/h2>\n<div class=\"accordion-content\">Nos produits sont livr\u00e9s uniquement avec des fils d\u00e9nud\u00e9s.<\/div>\n<\/div>\n<p><\/span><\/p>\n<p><span class=\"ui-provider azr azs azt azu azv azw azx azy azz baa bab bac bae baf bag bah bai baj bak bal bam ban bao bap baq bar bas bat bau bav baw bax bay baz bba\" dir=\"ltr\"><\/p>\n<div class=\"accordion\">\n<h2 class=\"accordion-header\">Existe-t-il d&rsquo;autres options de couleurs de LED ?<br \/>\n<i class=\"fas fa-chevron-circle-down\"><\/i><\/h2>\n<div class=\"accordion-content\"><\/span><span class=\"ui-provider azr azs azt azu azv azw azx azy azz baa bab bac bae baf bag bah bai baj bak bal bam ban bao bap baq bar bas bat bau bav baw bax bay baz bba\" dir=\"ltr\">Veuillez contacter nos<\/span> <span style=\"text-decoration: underline;\"><strong><span class=\"ui-provider azr azs azt azu azv azw azx azy azz baa bab bac bae baf bag bah bai baj bak bal bam ban bao bap baq bar bas bat bau bav baw bax bay baz bba\" dir=\"ltr\"><a href=\"\/fr\/contactez-nous\/\">\u00e9quipes de vente<\/a><\/span><\/strong><\/span> <span class=\"ui-provider azr azs azt azu azv azw azx azy azz baa bab bac bae baf bag bah bai baj bak bal bam ban bao bap baq bar bas bat bau bav baw bax bay baz bba\" dir=\"ltr\">pour d&rsquo;autres options de couleurs de LED.<\/div>\n<\/div>\n<p><\/span><\/p>\n<p>&nbsp;<\/p>\n<p>&nbsp;<\/p>\n","protected":false},"excerpt":{"rendered":"<p>Questions fr\u00e9quemment pos\u00e9es &nbsp; &nbsp;<\/p>\n","protected":false},"author":2,"featured_media":0,"parent":29767,"menu_order":0,"comment_status":"closed","ping_status":"closed","template":"template-fullwidth.php","meta":{"_acf_changed":false,"content-type":"","_uag_custom_page_level_css":"","footnotes":""},"class_list":["post-29632","page","type-page","status-publish","hentry"],"acf":[],"spectra_custom_meta":{"hero_image":[""],"_hero_image":["field_64f1a7da7af44"],"_hero_h1":["field_64f19e1edd052"],"_hero_h2":["field_64f19e2ddd053"],"_hero_text":["field_64f19e42dd054"],"_hero_button_text":["field_64f19e4edd055"],"_hero_button_link":["field_64f19e5ddd056"],"_top_nav_excluded":[""],"_cms_nav_minihome":[""],"_wp_page_template":["template-fullwidth.php"],"_last_translation_edit_mode":["native-editor"],"rank_math_title":["Support pour interrupteurs de panneau | D\u00e9tecteurs de proximit\u00e9 sans contact | CTL"],"rank_math_description":["Si vous avez besoin d'aide pour utiliser la gamme d'interrupteurs de panneau Praxas, lisez les FAQ sur notre page d'aide pour les interrupteurs de panneau ou appelez-nous d\u00e8s aujourd'hui !"],"rank_math_focus_keyword":["Support de l'interrupteur du panneau"],"_edit_lock":["1721658915:8383"],"classic-editor-remember":["classic-editor"],"rank_math_seo_score":["17"],"_edit_last":["8383"],"hero_h1":[""],"hero_h2":[""],"hero_text":[""],"hero_button_text":[""],"hero_button_link":[""],"_wpml_media_duplicate":["1"],"_wpml_media_featured":["1"],"_uag_page_assets":["a:9:{s:3:\"css\";s:0:\"\";s:2:\"js\";s:0:\"\";s:18:\"current_block_list\";a:0:{}s:8:\"uag_flag\";b:0;s:11:\"uag_version\";s:10:\"1776763693\";s:6:\"gfonts\";a:0:{}s:10:\"gfonts_url\";s:0:\"\";s:12:\"gfonts_files\";a:0:{}s:14:\"uag_faq_layout\";b:0;}"]},"uagb_featured_image_src":{"full":false,"thumbnail":false,"medium":false,"medium_large":false,"large":false,"1536x1536":false,"2048x2048":false,"crunchify-admin-post-featured-image":false,"commercegurus-pdp-large":false,"commercegurus-plp-mobile":false,"cgkit_image_swatch":false,"woocommerce_thumbnail":false,"woocommerce_single":false,"woocommerce_gallery_thumbnail":false},"uagb_author_info":{"display_name":"Andy Price","author_link":"https:\/\/praxas.com\/fr\/author\/andyp\/"},"uagb_comment_info":0,"uagb_excerpt":"Questions fr\u00e9quemment pos\u00e9es &nbsp; &nbsp;","_links":{"self":[{"href":"https:\/\/praxas.com\/fr\/wp-json\/wp\/v2\/pages\/29632","targetHints":{"allow":["GET"]}}],"collection":[{"href":"https:\/\/praxas.com\/fr\/wp-json\/wp\/v2\/pages"}],"about":[{"href":"https:\/\/praxas.com\/fr\/wp-json\/wp\/v2\/types\/page"}],"author":[{"embeddable":true,"href":"https:\/\/praxas.com\/fr\/wp-json\/wp\/v2\/users\/2"}],"replies":[{"embeddable":true,"href":"https:\/\/praxas.com\/fr\/wp-json\/wp\/v2\/comments?post=29632"}],"version-history":[{"count":3,"href":"https:\/\/praxas.com\/fr\/wp-json\/wp\/v2\/pages\/29632\/revisions"}],"predecessor-version":[{"id":38389,"href":"https:\/\/praxas.com\/fr\/wp-json\/wp\/v2\/pages\/29632\/revisions\/38389"}],"up":[{"embeddable":true,"href":"https:\/\/praxas.com\/fr\/wp-json\/wp\/v2\/pages\/29767"}],"wp:attachment":[{"href":"https:\/\/praxas.com\/fr\/wp-json\/wp\/v2\/media?parent=29632"}],"curies":[{"name":"wp","href":"https:\/\/api.w.org\/{rel}","templated":true}]}}