{"id":29633,"date":"2023-09-21T11:39:03","date_gmt":"2023-09-21T09:39:03","guid":{"rendered":"https:\/\/staging.praxas.com\/support-pour-le-moniteur-de-qualite-de-lair-el-wem\/"},"modified":"2025-10-14T12:49:36","modified_gmt":"2025-10-14T10:49:36","slug":"support-pour-le-moniteur-de-qualite-de-lair-el-wem","status":"publish","type":"page","link":"https:\/\/praxas.com\/fr\/soutien\/support-pour-le-moniteur-de-qualite-de-lair-el-wem\/","title":{"rendered":"Support pour le moniteur de qualit\u00e9 de l&rsquo;air EL-WEM"},"content":{"rendered":"<div class=\"accordion\">\n<h2 class=\"accordion-header\"><strong>Pourquoi les donn\u00e9es de mon EL-WEM ne s&rsquo;affichent-elles pas lorsque je l&rsquo;allume pour la premi\u00e8re fois ?  <\/strong><strong><br \/>\n<\/strong><br \/>\n<i class=\"fas fa-chevron-circle-down\"><\/i><\/h2>\n<div class=\"accordion-content\">Les capteurs de qualit\u00e9 de l&rsquo;air du EL-WEM sont tr\u00e8s sensibles et il leur faut environ 5 minutes pour s&rsquo;auto-calibrer lorsque l&rsquo;appareil est mis en marche. Apr\u00e8s cette p\u00e9riode, le EL-WEM commencera automatiquement \u00e0 enregistrer vos relev\u00e9s.<\/div>\n<\/div>\n<p><strong><br \/>\n<\/strong><\/p>\n<div class=\"accordion\">\n<h2 class=\"accordion-header\"><strong>  Comment forcer une transmission \u00e0 partir de mon appareil ?<\/strong> <strong><br \/>\n<\/strong><br \/>\n<i class=\"fas fa-chevron-circle-down\"><\/i><\/h2>\n<div class=\"accordion-content\">EL-WIFI &#8211; Lorsque le capteur affiche l&rsquo;\u00e9cran de lecture principal sur l&rsquo;\u00e9cran LCD, appuyez trois fois sur le bouton situ\u00e9 \u00e0 l&rsquo;avant. Les \u00e9crans MAX, MIN et Intensit\u00e9 du signal s&rsquo;affichent rapidement. L&rsquo;appareil essaiera de transmettre ses derni\u00e8res donn\u00e9es imm\u00e9diatement, quel que soit le r\u00e9glage du taux de transmission.<\/p>\n<p>EL-IOT &#8211; Vous devez maintenir le bouton principal de l&rsquo;appareil pendant 1 \u00e0 8 secondes. Cela permet d&rsquo;acquitter une alarme, de cr\u00e9er un \u00e9v\u00e9nement d&rsquo;audit dans l&rsquo;enregistrement et de forcer la synchronisation des donn\u00e9es avec le nuage.<\/p>\n<p>EL-WEM &#8211; Comme le EL-WEM a un taux de mise \u00e0 jour rapide par d\u00e9faut, il n&rsquo;y a aucun moyen de forcer la transmission avec le nuage.<\/p><\/div>\n<\/div>\n<div class=\"accordion\">\n<h2 class=\"accordion-header\"><strong>Comment r\u00e9initialiser mon capteur ?  <\/strong><strong><br \/>\n<\/strong><br \/>\n<i class=\"fas fa-chevron-circle-down\"><\/i><\/h2>\n<div class=\"accordion-content\">IL EST RECOMMAND\u00c9 D&rsquo;ARCHIVER L&rsquo;APPAREIL SUR VOTRE PAGE EASYLOG CLOUD DEVICES AVANT DE PROC\u00c9DER \u00c0 UNE R\u00c9INITIALISATION D&rsquo;USINE.<\/p>\n<p>EL-WIFI &#8211; L&rsquo;appareil peut \u00eatre r\u00e9initialis\u00e9 en maintenant le bouton enfonc\u00e9 pendant 10 secondes. Rel\u00e2chez le bouton lorsque RST appara\u00eet \u00e0 l&rsquo;\u00e9cran. L&rsquo;appareil conservera tous les param\u00e8tres, mais perdra toutes les donn\u00e9es qui n&rsquo;ont pas \u00e9t\u00e9 transf\u00e9r\u00e9es vers le nuage EasyLog. Il restera connect\u00e9 au compte avec lequel il a \u00e9t\u00e9 configur\u00e9 et commencera simplement une nouvelle session d&rsquo;enregistrement.<\/p>\n<p>Si n\u00e9cessaire, une r\u00e9initialisation compl\u00e8te peut \u00e9galement \u00eatre effectu\u00e9e en maintenant le bouton enfonc\u00e9 pendant 20 secondes jusqu&rsquo;\u00e0 ce que FArS s&rsquo;affiche \u00e0 l&rsquo;\u00e9cran. Cette op\u00e9ration ram\u00e8ne l&rsquo;appareil \u00e0 l&rsquo;\u00e9tat d&rsquo;usine, en supprimant tous les r\u00e9glages et en effa\u00e7ant toutes les donn\u00e9es restantes. L&rsquo;appareil ne sera plus connect\u00e9 \u00e0 aucun r\u00e9seau ou compte EasyLog Cloud.<\/p>\n<p>EL-IOT &#8211; Pour r\u00e9initialiser l&rsquo;appareil, vous devez retirer le couvercle de la batterie \u00e0 l&rsquo;aide d&rsquo;un tournevis. Une fois retir\u00e9, il y a un bouton de r\u00e9initialisation qui peut \u00eatre press\u00e9 \u00e0 l&rsquo;aide d&rsquo;une \u00e9pingle. Maintenez ce bouton enfonc\u00e9 pendant quelques secondes jusqu&rsquo;\u00e0 ce que l&rsquo;appareil \u00e9mette un bip.<\/p>\n<p>EL-WEM &#8211; Pour r\u00e9initialiser l&rsquo;appareil, un bouton de r\u00e9initialisation se trouve sous la base. Appuyez sur la touche et rel\u00e2chez-la apr\u00e8s 1 seconde.<\/p>\n<p>Pour r\u00e9initialiser l&rsquo;appareil, maintenez le m\u00eame bouton de r\u00e9initialisation pendant 5 secondes.<\/p><\/div>\n<\/div>\n<div class=\"accordion\">\n<h2 class=\"accordion-header\"><strong>Quelle autonomie puis-je attendre de mon appareil et vais-je perdre mes donn\u00e9es s&rsquo;il est d\u00e9charg\u00e9 ?<\/strong><strong><br \/>\n<\/strong><br \/>\n<i class=\"fas fa-chevron-circle-down\"><\/i><\/h2>\n<div class=\"accordion-content\"><span data-contrast=\"auto\">Plusieurs facteurs peuvent affecter de mani\u00e8re significative l&rsquo;autonomie de la batterie de l&rsquo;appareil, notamment : la programmation de la synchronisation, la m\u00e9thode de cryptage Wi-Fi, la fr\u00e9quence de rotation de la cl\u00e9 de cryptage Wi-Fi (d\u00e9termin\u00e9e par le point d&rsquo;acc\u00e8s ou le routeur), la puissance du signal entre le point d&rsquo;acc\u00e8s ou le routeur et l&rsquo;appareil, la pr\u00e9sence, le volume et le type de trafic Wi-Fi provenant d&rsquo;autres appareils, la fr\u00e9quence d&rsquo;\u00e9chantillonnage et la temp\u00e9rature d&rsquo;utilisation. Lors de nos tests, nous avons r\u00e9guli\u00e8rement obtenu une autonomie de batterie sup\u00e9rieure \u00e0 six mois avec un taux de transmission d&rsquo;une heure ou plus \u00e0 temp\u00e9rature ambiante. L&rsquo;appareil n&rsquo;effectue pas de relev\u00e9s en cas de coupure de courant, mais tous les relev\u00e9s effectu\u00e9s avant la coupure de courant sont synchronis\u00e9s. Une fois recharg\u00e9, l&rsquo;appareil se reconnectera \u00e0 l&rsquo;application <a href=\"https:\/\/praxas.com\/fr\/easylog-cloud-fr\/\" target=\"_blank\" rel=\"noopener\"><br \/>\n  <strong>EasyLog Cloud<\/strong><br \/>\n<\/a>et d\u00e9marre une nouvelle session d&rsquo;enregistrement, puis poursuit l&rsquo;enregistrement.<\/span><span data-ccp-props=\"{\"201341983\":0,\"335559739\":160,\"335559740\":259}\"> <\/span><\/p>\n<p><span data-contrast=\"auto\">EL-WIFI &#8211; La batterie de cet appareil est rechargeable et la charge dure g\u00e9n\u00e9ralement 6 mois. Vous pouvez \u00e9galement alimenter l&rsquo;appareil par le biais d&rsquo;une alimentation secteur.<\/span><span data-ccp-props=\"{\"201341983\":0,\"335559739\":160,\"335559740\":259}\"> <\/span><\/p>\n<p><span data-contrast=\"auto\">EL-IOT &#8211; Les piles durent g\u00e9n\u00e9ralement plus d&rsquo;un an. L&rsquo;appareil fonctionne avec <strong>4<\/strong> piles <strong>AA 1,5V<\/strong> <\/span><span data-ccp-props=\"{\"201341983\":0,\"335559739\":160,\"335559740\":259}\"> <\/span><\/p>\n<p><span data-contrast=\"auto\">EL-WEM &#8211; Cet appareil doit toujours \u00eatre aliment\u00e9 par le r\u00e9seau \u00e9lectrique.<\/span><span data-ccp-props=\"{&quot;201341983&quot;:0,&quot;335559739&quot;:160,&quot;335559740&quot;:259}\"><\/div>\n<\/div>\n<p><\/span><\/p>\n","protected":false},"excerpt":{"rendered":"","protected":false},"author":2,"featured_media":0,"parent":29767,"menu_order":0,"comment_status":"closed","ping_status":"closed","template":"template-fullwidth.php","meta":{"_acf_changed":false,"content-type":"","_uag_custom_page_level_css":"","footnotes":""},"class_list":["post-29633","page","type-page","status-publish","hentry"],"acf":[],"spectra_custom_meta":{"hero_image":[""],"_hero_image":["field_64f1a7da7af44"],"_hero_h1":["field_64f19e1edd052"],"_hero_h2":["field_64f19e2ddd053"],"_hero_text":["field_64f19e42dd054"],"_hero_button_text":["field_64f19e4edd055"],"_hero_button_link":["field_64f19e5ddd056"],"_top_nav_excluded":[""],"_cms_nav_minihome":[""],"_wp_page_template":["template-fullwidth.php"],"rank_math_title":["EL-WEM Support | Moniteur de qualit\u00e9 de l'air Support | EasyLog"],"_last_translation_edit_mode":["translation-editor"],"_edit_lock":["1721658526:8383"],"classic-editor-remember":["classic-editor"],"rank_math_seo_score":["8"],"_edit_last":["8383"],"hero_h1":[""],"hero_h2":[""],"hero_text":[""],"hero_button_text":[""],"hero_button_link":[""],"_wpml_media_duplicate":["1"],"_wpml_media_featured":["1"],"_wpml_word_count":["709"],"rank_math_description":["Vous avez besoin d'une assistance EL-WEM ? Lisez les FAQ sur notre site web ou contactez notre \u00e9quipe de vente pour en savoir plus d\u00e8s aujourd'hui ! "],"rank_math_focus_keyword":["EL-WEM"],"_uag_page_assets":["a:9:{s:3:\"css\";s:0:\"\";s:2:\"js\";s:0:\"\";s:18:\"current_block_list\";a:0:{}s:8:\"uag_flag\";b:0;s:11:\"uag_version\";s:10:\"1776927755\";s:6:\"gfonts\";a:0:{}s:10:\"gfonts_url\";s:0:\"\";s:12:\"gfonts_files\";a:0:{}s:14:\"uag_faq_layout\";b:0;}"]},"uagb_featured_image_src":{"full":false,"thumbnail":false,"medium":false,"medium_large":false,"large":false,"1536x1536":false,"2048x2048":false,"crunchify-admin-post-featured-image":false,"commercegurus-pdp-large":false,"commercegurus-plp-mobile":false,"cgkit_image_swatch":false,"woocommerce_thumbnail":false,"woocommerce_single":false,"woocommerce_gallery_thumbnail":false},"uagb_author_info":{"display_name":"Andy Price","author_link":"https:\/\/praxas.com\/fr\/author\/andyp\/"},"uagb_comment_info":0,"uagb_excerpt":null,"_links":{"self":[{"href":"https:\/\/praxas.com\/fr\/wp-json\/wp\/v2\/pages\/29633","targetHints":{"allow":["GET"]}}],"collection":[{"href":"https:\/\/praxas.com\/fr\/wp-json\/wp\/v2\/pages"}],"about":[{"href":"https:\/\/praxas.com\/fr\/wp-json\/wp\/v2\/types\/page"}],"author":[{"embeddable":true,"href":"https:\/\/praxas.com\/fr\/wp-json\/wp\/v2\/users\/2"}],"replies":[{"embeddable":true,"href":"https:\/\/praxas.com\/fr\/wp-json\/wp\/v2\/comments?post=29633"}],"version-history":[{"count":5,"href":"https:\/\/praxas.com\/fr\/wp-json\/wp\/v2\/pages\/29633\/revisions"}],"predecessor-version":[{"id":52001,"href":"https:\/\/praxas.com\/fr\/wp-json\/wp\/v2\/pages\/29633\/revisions\/52001"}],"up":[{"embeddable":true,"href":"https:\/\/praxas.com\/fr\/wp-json\/wp\/v2\/pages\/29767"}],"wp:attachment":[{"href":"https:\/\/praxas.com\/fr\/wp-json\/wp\/v2\/media?parent=29633"}],"curies":[{"name":"wp","href":"https:\/\/api.w.org\/{rel}","templated":true}]}}