{"id":29642,"date":"2023-11-14T09:37:42","date_gmt":"2023-11-14T09:37:42","guid":{"rendered":"https:\/\/staging.praxas.com\/modeles-de-projets\/"},"modified":"2024-07-22T12:06:33","modified_gmt":"2024-07-22T12:06:33","slug":"modeles-de-projets","status":"publish","type":"page","link":"https:\/\/praxas.com\/fr\/panelpilotace-universite\/modeles-de-projets\/","title":{"rendered":"Mod\u00e8les de projets"},"content":{"rendered":"<p>Nous avons d\u00e9velopp\u00e9 quelques fonctions de base pour vous aider \u00e0 d\u00e9marrer votre prochain projet d&rsquo;affichage. Parcourez la liste ci-dessous et t\u00e9l\u00e9chargez des fonctions pratiques telles qu&rsquo;un compteur de chiffres, des alarmes et des graphiques de tendance.<\/p>\n<p><img loading=\"lazy\" decoding=\"async\" class=\"alignnone wp-image-16151\" src=\"https:\/\/praxas.com\/wp-content\/uploads\/numerickeypad-300x176.png\" alt=\"Clavier num\u00e9rique\" width=\"348\" height=\"204\" srcset=\"https:\/\/praxas.com\/wp-content\/uploads\/numerickeypad-300x176.png 300w, https:\/\/praxas.com\/wp-content\/uploads\/numerickeypad-120x70.png 120w, https:\/\/praxas.com\/wp-content\/uploads\/numerickeypad-350x205.png 350w, https:\/\/praxas.com\/wp-content\/uploads\/numerickeypad-150x88.png 150w, https:\/\/praxas.com\/wp-content\/uploads\/numerickeypad.png 400w\" sizes=\"auto, (max-width: 348px) 100vw, 348px\" \/><\/p>\n<h3>Clavier num\u00e9rique<\/h3>\n<p>Cet exemple vous montre comment configurer un \u00e9cran de verrouillage \u00e0 4 chiffres \u00e0 l&rsquo;aide d&rsquo;un clavier num\u00e9rique. Le mod\u00e8le pr\u00e9sente l&rsquo;utilisation des fonctions Maths Builder et Trigger dans un projet PanelPilotACE. Ces mod\u00e8les sont personnalisables en fonction de vos besoins.<\/p>\n<p><a class=\"button button-orange\" href=\"\/wp-content\/uploads\/ppa-design-studio_graphics-guide_iss1_07-20.pdf\" target=\"_blank\" rel=\"noopener\">SGD 43-A<\/a> <a class=\"button button-orange\" href=\"\/wp-content\/uploads\/panelpilotace_numerickeypad_sgd70a.zip\" target=\"_blank\" rel=\"noopener\">SGD70-A<\/a><\/p>\n<h3><img loading=\"lazy\" decoding=\"async\" class=\"alignnone wp-image-16174\" src=\"https:\/\/praxas.com\/wp-content\/uploads\/keyboard-300x176.png\" alt=\"Clavier\" width=\"338\" height=\"198\" srcset=\"https:\/\/praxas.com\/wp-content\/uploads\/keyboard-300x176.png 300w, https:\/\/praxas.com\/wp-content\/uploads\/keyboard-120x70.png 120w, https:\/\/praxas.com\/wp-content\/uploads\/keyboard-350x205.png 350w, https:\/\/praxas.com\/wp-content\/uploads\/keyboard-150x88.png 150w, https:\/\/praxas.com\/wp-content\/uploads\/keyboard.png 400w\" sizes=\"auto, (max-width: 338px) 100vw, 338px\" \/><\/h3>\n<h3>Clavier QWERTY<\/h3>\n<p>Ce mod\u00e8le permet au cr\u00e9ateur de l&rsquo;application d&rsquo;ajouter la fonctionnalit\u00e9 du clavier \u00e0 l&rsquo;\u00e9cran tactile du PanelPilotACE. Un exemple des fonctions avanc\u00e9es qui peuvent \u00eatre programm\u00e9es dans les unit\u00e9s. Le mod\u00e8le est personnalisable et peut \u00eatre ajout\u00e9 \u00e0 des projets existants ou utilis\u00e9 pour cr\u00e9er quelque chose de nouveau. Ce mod\u00e8le n&rsquo;est disponible que pour le mod\u00e8le SGD 70-A.<\/p>\n<p><a class=\"button button-orange\" href=\"\/wp-content\/uploads\/panelpilotaceqwertykeyboard_sgd70a-2.zip\" target=\"_blank\" rel=\"noopener\">SGD 70-A<\/a><\/p>\n<h3>Graphique de tendance<\/h3>\n<p><img loading=\"lazy\" decoding=\"async\" class=\"alignnone wp-image-16177\" src=\"https:\/\/praxas.com\/wp-content\/uploads\/trendgraph-300x176.png\" alt=\"\" width=\"331\" height=\"194\" srcset=\"https:\/\/praxas.com\/wp-content\/uploads\/trendgraph-300x176.png 300w, https:\/\/praxas.com\/wp-content\/uploads\/trendgraph-120x70.png 120w, https:\/\/praxas.com\/wp-content\/uploads\/trendgraph-350x205.png 350w, https:\/\/praxas.com\/wp-content\/uploads\/trendgraph-150x88.png 150w, https:\/\/praxas.com\/wp-content\/uploads\/trendgraph.png 400w\" sizes=\"auto, (max-width: 331px) 100vw, 331px\" \/><\/p>\n<p>La fonction Trend Graph est une fonction puissante disponible sur les deux mod\u00e8les PanelPilotACE. Ces mod\u00e8les montrent comment l&rsquo;enregistrement des donn\u00e9es peut \u00eatre repr\u00e9sent\u00e9 sous une forme graphique qui am\u00e9liore l&rsquo;exp\u00e9rience de l&rsquo;utilisateur. Cette fonction a \u00e9t\u00e9 cr\u00e9\u00e9e dans le Design Studio de PanelPilotACE.<\/p>\n<p><a class=\"button button-orange\" href=\"\/wp-content\/uploads\/panelpilotace_trendgraph_sgd43a.zip\" target=\"_blank\" rel=\"noopener\">SGD 43-A<\/a> <a class=\"button button-orange\" href=\"\/wp-content\/uploads\/panelpilotace_trend-graph_sgd70a.zip\" target=\"_blank\" rel=\"noopener\">SGD 70-A<\/a><\/p>\n<h3>Enregistrement des donn\u00e9es<\/h3>\n<p><img loading=\"lazy\" decoding=\"async\" class=\"alignnone wp-image-16188\" src=\"https:\/\/praxas.com\/wp-content\/uploads\/datalogging-300x176.png\" alt=\"enregistrement des donn\u00e9es\" width=\"322\" height=\"189\" srcset=\"https:\/\/praxas.com\/wp-content\/uploads\/datalogging-300x176.png 300w, https:\/\/praxas.com\/wp-content\/uploads\/datalogging-768x449.png 768w, https:\/\/praxas.com\/wp-content\/uploads\/datalogging-120x70.png 120w, https:\/\/praxas.com\/wp-content\/uploads\/datalogging-990x579.png 990w, https:\/\/praxas.com\/wp-content\/uploads\/datalogging-441x258.png 441w, https:\/\/praxas.com\/wp-content\/uploads\/datalogging-350x205.png 350w, https:\/\/praxas.com\/wp-content\/uploads\/datalogging-800x468.png 800w, https:\/\/praxas.com\/wp-content\/uploads\/datalogging-150x88.png 150w, https:\/\/praxas.com\/wp-content\/uploads\/datalogging.png 1000w\" sizes=\"auto, (max-width: 322px) 100vw, 322px\" \/><\/p>\n<p>Il s&rsquo;agit de l&rsquo;exemple de la vid\u00e9o du didacticiel PanelPilotACE sur l&rsquo;enregistrement des donn\u00e9es. Il d\u00e9montre l&rsquo;utilisation de l&rsquo;enregistrement des donn\u00e9es dans le Design Studio de PanelPilotACE.<\/p>\n<p><a class=\"button button-orange\" href=\"\/wp-content\/uploads\/panelpilotace_datalogging_sgd43a.zip\" target=\"_blank\" rel=\"noopener\">SGD 43-A<\/a> <a class=\"button button-orange\" href=\"\/wp-content\/uploads\/panelpilotace_datalogging_sgd70a.zip\" target=\"_blank\" rel=\"noopener\">SGD 70-A<\/a><\/p>\n<h3>Tourneur de chiffres<\/h3>\n<p><img loading=\"lazy\" decoding=\"async\" class=\"alignnone wp-image-16198\" src=\"https:\/\/praxas.com\/wp-content\/uploads\/numberspinner-300x176.png\" alt=\"Tourneur de chiffres\" width=\"324\" height=\"190\" srcset=\"https:\/\/praxas.com\/wp-content\/uploads\/numberspinner-300x176.png 300w, https:\/\/praxas.com\/wp-content\/uploads\/numberspinner-768x449.png 768w, https:\/\/praxas.com\/wp-content\/uploads\/numberspinner-120x70.png 120w, https:\/\/praxas.com\/wp-content\/uploads\/numberspinner-990x579.png 990w, https:\/\/praxas.com\/wp-content\/uploads\/numberspinner-441x258.png 441w, https:\/\/praxas.com\/wp-content\/uploads\/numberspinner-350x205.png 350w, https:\/\/praxas.com\/wp-content\/uploads\/numberspinner-800x468.png 800w, https:\/\/praxas.com\/wp-content\/uploads\/numberspinner-150x88.png 150w, https:\/\/praxas.com\/wp-content\/uploads\/numberspinner.png 1000w\" sizes=\"auto, (max-width: 324px) 100vw, 324px\" \/><\/p>\n<p>Il s&rsquo;agit d&rsquo;un compteur de nombres de base qui peut \u00eatre utilis\u00e9 de diverses mani\u00e8res dans le cadre d&rsquo;un projet. Cette version a des limites et une taille de pas variables. Il utilise la fonction Maths Builder en conjonction avec les boutons plus et moins.<\/p>\n<p><a class=\"button button-orange\" href=\"\/wp-content\/uploads\/panelpilotace_numberspinner_sgd43a.zip\" target=\"_blank\" rel=\"noopener\">SGD 43-A<\/a> <a class=\"button button-orange\" href=\"\/wp-content\/uploads\/panelpilotace_numberspinner_sgd70a.zip\" target=\"_blank\" rel=\"noopener\">SGD 70-A<\/a><\/p>\n<h3>Compteur avec alarme variable<\/h3>\n<p><img loading=\"lazy\" decoding=\"async\" class=\"alignnone wp-image-16204\" src=\"https:\/\/praxas.com\/wp-content\/uploads\/meterwvariablealarm-300x176.png\" alt=\"Compteur avec alarme variable\" width=\"336\" height=\"197\" srcset=\"https:\/\/praxas.com\/wp-content\/uploads\/meterwvariablealarm-300x176.png 300w, https:\/\/praxas.com\/wp-content\/uploads\/meterwvariablealarm-768x449.png 768w, https:\/\/praxas.com\/wp-content\/uploads\/meterwvariablealarm-120x70.png 120w, https:\/\/praxas.com\/wp-content\/uploads\/meterwvariablealarm-990x579.png 990w, https:\/\/praxas.com\/wp-content\/uploads\/meterwvariablealarm-441x258.png 441w, https:\/\/praxas.com\/wp-content\/uploads\/meterwvariablealarm-350x205.png 350w, https:\/\/praxas.com\/wp-content\/uploads\/meterwvariablealarm-800x468.png 800w, https:\/\/praxas.com\/wp-content\/uploads\/meterwvariablealarm-150x88.png 150w, https:\/\/praxas.com\/wp-content\/uploads\/meterwvariablealarm.png 1000w\" sizes=\"auto, (max-width: 336px) 100vw, 336px\" \/><\/p>\n<p>Ce projet utilise un g\u00e9n\u00e9rateur de logique, un d\u00e9clencheur de propri\u00e9t\u00e9s, des r\u00e8gles de configuration et des g\u00e9n\u00e9rateurs de math\u00e9matiques pour cr\u00e9er une fonction d&rsquo;alarme variable pour l&rsquo;utilisateur.<\/p>\n<p><a class=\"button button-orange\" href=\"\/wp-content\/uploads\/basic-meter-w-variable-alarm_sgd43a.zip\" target=\"_blank\" rel=\"noopener\">SGD 43-A<\/a> <a class=\"button button-orange\" href=\"\/wp-content\/uploads\/basic-meter-wvariable-alarm_sgd70a.zip\" target=\"_blank\" rel=\"noopener\">SGD 70-A<\/a><\/p>\n<h3>Compteur analogique<\/h3>\n<p><img loading=\"lazy\" decoding=\"async\" class=\"alignnone wp-image-16209\" src=\"https:\/\/praxas.com\/wp-content\/uploads\/analoguecounter-300x176.png\" alt=\"Compteur analogique\" width=\"332\" height=\"195\" srcset=\"https:\/\/praxas.com\/wp-content\/uploads\/analoguecounter-300x176.png 300w, https:\/\/praxas.com\/wp-content\/uploads\/analoguecounter-768x449.png 768w, https:\/\/praxas.com\/wp-content\/uploads\/analoguecounter-120x70.png 120w, https:\/\/praxas.com\/wp-content\/uploads\/analoguecounter-990x579.png 990w, https:\/\/praxas.com\/wp-content\/uploads\/analoguecounter-441x258.png 441w, https:\/\/praxas.com\/wp-content\/uploads\/analoguecounter-350x205.png 350w, https:\/\/praxas.com\/wp-content\/uploads\/analoguecounter-800x468.png 800w, https:\/\/praxas.com\/wp-content\/uploads\/analoguecounter-150x88.png 150w, https:\/\/praxas.com\/wp-content\/uploads\/analoguecounter.png 1000w\" sizes=\"auto, (max-width: 332px) 100vw, 332px\" \/><\/p>\n<p>Ce mod\u00e8le utilise un comptage d\u00e9bit\u00e9 \u00e0 partir d&rsquo;une entr\u00e9e analogique. Pour ce faire, il utilise un d\u00e9clencheur de propri\u00e9t\u00e9s, un g\u00e9n\u00e9rateur de logique, un g\u00e9n\u00e9rateur de math\u00e9matiques et des r\u00e8gles d\u00e9finies. Les niveaux de d\u00e9clenchement sont r\u00e9gl\u00e9s sur 3V = haut. Ce param\u00e8tre peut \u00eatre ajust\u00e9 dans la fonction Logic Builder.<\/p>\n<p><a class=\"button button-orange\" href=\"\/wp-content\/uploads\/panelpilotace_analoguecounter_sgd43a.zip\" target=\"_blank\" rel=\"noopener\">SGD 43-A<\/a> <a class=\"button button-orange\" href=\"\/wp-content\/uploads\/panelpilotace_analoguecounter_sgd70a.zip\" target=\"_blank\" rel=\"noopener\">SGD 70-A<\/a><\/p>\n<h3>Tare<\/h3>\n<p><img loading=\"lazy\" decoding=\"async\" class=\"alignnone wp-image-16214\" src=\"https:\/\/praxas.com\/wp-content\/uploads\/tare-300x176.png\" alt=\"Affichage de la tare\" width=\"324\" height=\"190\" srcset=\"https:\/\/praxas.com\/wp-content\/uploads\/tare-300x176.png 300w, https:\/\/praxas.com\/wp-content\/uploads\/tare-768x449.png 768w, https:\/\/praxas.com\/wp-content\/uploads\/tare-120x70.png 120w, https:\/\/praxas.com\/wp-content\/uploads\/tare-990x579.png 990w, https:\/\/praxas.com\/wp-content\/uploads\/tare-441x258.png 441w, https:\/\/praxas.com\/wp-content\/uploads\/tare-350x205.png 350w, https:\/\/praxas.com\/wp-content\/uploads\/tare-800x468.png 800w, https:\/\/praxas.com\/wp-content\/uploads\/tare-150x88.png 150w, https:\/\/praxas.com\/wp-content\/uploads\/tare.png 1000w\" sizes=\"auto, (max-width: 324px) 100vw, 324px\" \/><\/p>\n<p>Voici un exemple de cr\u00e9ation d&rsquo;une application de tare \u00e0 l&rsquo;aide de constructeurs math\u00e9matiques, de variables et d&rsquo;actions logiques. Ajustez l&rsquo;\u00e9chelle lin\u00e9aire de l&rsquo;entr\u00e9e analogique en utilisant les propri\u00e9t\u00e9s des variables dans le projet.<\/p>\n<p><a class=\"button button-orange\" href=\"\/wp-content\/uploads\/panelpilotacetaredisplay_sgd43a.zip\" target=\"_blank\" rel=\"noopener\">SGD 43-A<\/a> <a class=\"button button-orange\" href=\"\/wp-content\/uploads\/panelpilot_taredisplay_sgd70a.zip\" target=\"_blank\" rel=\"noopener\">SGD 70-A<\/a><\/p>\n<h3>Alarme \u00e0 couleur changeante<\/h3>\n<p><img loading=\"lazy\" decoding=\"async\" class=\"alignnone size-medium wp-image-18100\" src=\"https:\/\/praxas.com\/wp-content\/uploads\/colourchangealarm-1-300x176.png\" alt=\"\" width=\"300\" height=\"176\" srcset=\"https:\/\/praxas.com\/wp-content\/uploads\/colourchangealarm-1-300x176.png 300w, https:\/\/praxas.com\/wp-content\/uploads\/colourchangealarm-1-768x449.png 768w, https:\/\/praxas.com\/wp-content\/uploads\/colourchangealarm-1-120x70.png 120w, https:\/\/praxas.com\/wp-content\/uploads\/colourchangealarm-1-990x579.png 990w, https:\/\/praxas.com\/wp-content\/uploads\/colourchangealarm-1-441x258.png 441w, https:\/\/praxas.com\/wp-content\/uploads\/colourchangealarm-1-350x205.png 350w, https:\/\/praxas.com\/wp-content\/uploads\/colourchangealarm-1-800x468.png 800w, https:\/\/praxas.com\/wp-content\/uploads\/colourchangealarm-1-150x88.png 150w, https:\/\/praxas.com\/wp-content\/uploads\/colourchangealarm-1.png 1000w\" sizes=\"auto, (max-width: 300px) 100vw, 300px\" \/><\/p>\n<p>Ce projet pr\u00e9sente une m\u00e9thode pour changer la couleur d&rsquo;un \u00e9l\u00e9ment visuel. Dans ce cas, l&rsquo;ic\u00f4ne de l&rsquo;alarme change de couleur lorsqu&rsquo;elle se trouve dans diff\u00e9rents \u00e9tats d&rsquo;alarme. Le mod\u00e8le utilise des variables pour les couleurs et les valeurs d&rsquo;alarme haute et basse.<\/p>\n<p><a class=\"button button-orange\" href=\"https:\/\/praxas.com\/wp-content\/uploads\/panelpilotace_colourchangealarm_sgd43a-1.zip\" target=\"_blank\" rel=\"noopener\">SGD 43-A<\/a> <a class=\"button button-orange\" href=\"https:\/\/praxas.com\/wp-content\/uploads\/panelpilotace_colourchangealarm_sgd70a-1.zip\" target=\"_blank\" rel=\"noopener\">SGD 70-A<\/a><\/p>\n<h3>Enregistrement des PID avec FTP<\/h3>\n<p><img loading=\"lazy\" decoding=\"async\" class=\"alignnone wp-image-16222\" src=\"https:\/\/praxas.com\/wp-content\/uploads\/pidController-300x176.png\" alt=\"Contr\u00f4leur PID \" width=\"319\" height=\"187\" srcset=\"https:\/\/praxas.com\/wp-content\/uploads\/pidController-300x176.png 300w, https:\/\/praxas.com\/wp-content\/uploads\/pidController-768x449.png 768w, https:\/\/praxas.com\/wp-content\/uploads\/pidController-120x70.png 120w, https:\/\/praxas.com\/wp-content\/uploads\/pidController-990x579.png 990w, https:\/\/praxas.com\/wp-content\/uploads\/pidController-441x258.png 441w, https:\/\/praxas.com\/wp-content\/uploads\/pidController-350x205.png 350w, https:\/\/praxas.com\/wp-content\/uploads\/pidController-800x468.png 800w, https:\/\/praxas.com\/wp-content\/uploads\/pidController-150x88.png 150w, https:\/\/praxas.com\/wp-content\/uploads\/pidController.png 1000w\" sizes=\"auto, (max-width: 319px) 100vw, 319px\" \/><\/p>\n<p>Il s&rsquo;agit d&rsquo;un mod\u00e8le de d\u00e9monstration pr\u00e9sentant les fonctions de contr\u00f4le PID pour PanelPilotACE. Il affiche l&rsquo;enregistrement des donn\u00e9es et le transfert FTP. Veuillez noter que ce mod\u00e8le n&rsquo;est disponible que pour le mod\u00e8le SGD 70-A.<\/p>\n<p><a class=\"button button-orange\" href=\"\/wp-content\/uploads\/panelpilotace_pidloggingwithftp_sgd70a.zip\" target=\"_blank\" rel=\"noopener\">SGD 70-A<\/a><\/p>\n<h3>RS232<\/h3>\n<p><img loading=\"lazy\" decoding=\"async\" class=\"alignnone wp-image-16226\" src=\"https:\/\/praxas.com\/wp-content\/uploads\/rs232-300x176.png\" alt=\"RS232\" width=\"319\" height=\"187\" srcset=\"https:\/\/praxas.com\/wp-content\/uploads\/rs232-300x176.png 300w, https:\/\/praxas.com\/wp-content\/uploads\/rs232-768x449.png 768w, https:\/\/praxas.com\/wp-content\/uploads\/rs232-120x70.png 120w, https:\/\/praxas.com\/wp-content\/uploads\/rs232-990x579.png 990w, https:\/\/praxas.com\/wp-content\/uploads\/rs232-441x258.png 441w, https:\/\/praxas.com\/wp-content\/uploads\/rs232-350x205.png 350w, https:\/\/praxas.com\/wp-content\/uploads\/rs232-800x468.png 800w, https:\/\/praxas.com\/wp-content\/uploads\/rs232-150x88.png 150w, https:\/\/praxas.com\/wp-content\/uploads\/rs232.png 1000w\" sizes=\"auto, (max-width: 319px) 100vw, 319px\" \/><\/p>\n<p>Ce mod\u00e8le montre comment utiliser les capacit\u00e9s de communication RS232 du PanelPilotACE. Le port s\u00e9rie permet d&rsquo;envoyer et de recevoir des donn\u00e9es. Envoyez les donn\u00e9es en appuyant sur le bouton tx. Notez que la valeur est \u00e9gale \u00e0 la valeur de l&rsquo;entr\u00e9e analogique affich\u00e9e dans la zone de texte adjacente. Une cha\u00eene peut \u00eatre affich\u00e9e en envoyant \u00ab\u00a0in1,[string]\u00a0\u00bb \u00e0 l&rsquo;appareil.<\/p>\n<p><a class=\"button button-orange\" href=\"\/wp-content\/uploads\/panelpilotace_rs232_sgd43a.zip\" target=\"_blank\" rel=\"noopener\">SGD 43-A<\/a> <a class=\"button button-orange\" href=\"\/wp-content\/uploads\/panelpilotace_rs232_sgd70a.zip\" target=\"_blank\" rel=\"noopener\">SGD 70-A <\/a><\/p>\n<h3>RS485 avec Modbus<\/h3>\n<p><img loading=\"lazy\" decoding=\"async\" class=\"alignnone wp-image-16233\" src=\"https:\/\/praxas.com\/wp-content\/uploads\/rs485-300x176.png\" alt=\"RS485 \" width=\"324\" height=\"190\" srcset=\"https:\/\/praxas.com\/wp-content\/uploads\/rs485-300x176.png 300w, https:\/\/praxas.com\/wp-content\/uploads\/rs485-768x449.png 768w, https:\/\/praxas.com\/wp-content\/uploads\/rs485-120x70.png 120w, https:\/\/praxas.com\/wp-content\/uploads\/rs485-990x579.png 990w, https:\/\/praxas.com\/wp-content\/uploads\/rs485-441x258.png 441w, https:\/\/praxas.com\/wp-content\/uploads\/rs485-350x205.png 350w, https:\/\/praxas.com\/wp-content\/uploads\/rs485-800x468.png 800w, https:\/\/praxas.com\/wp-content\/uploads\/rs485-150x88.png 150w, https:\/\/praxas.com\/wp-content\/uploads\/rs485.png 1000w\" sizes=\"auto, (max-width: 324px) 100vw, 324px\" \/><\/p>\n<p>Ces mod\u00e8les sont des projets de d\u00e9monstration montrant comment les commandes des protocoles RS485 et MODBUS RTU peuvent \u00eatre utilis\u00e9es avec PanelPilotACE. RS485 est disponible pour le SGD 43-A avec l&rsquo;ajout de l&rsquo;option <a href=\"\/fr\/product\/ecrans-panelpilot\/accessoires-fr-2\/s43-rs485\/\" target=\"_blank\" rel=\"noopener\"><strong>RS485<\/strong><\/a> de la carte d&rsquo;extension RS485<\/p>\n<p><a class=\"button button-orange\" href=\"\/wp-content\/uploads\/panelpilotace_rs485modbus_sgd43a.zip\" target=\"_blank\" rel=\"noopener\">SGD 43-A<\/a> <a class=\"button button-orange\" href=\"\/wp-content\/uploads\/panelpilotace_rs485modbus_sgd70a.zip\" target=\"_blank\" rel=\"noopener\">SGD70-A<\/a><\/p>\n<h3>Thermostat avec Modbus<\/h3>\n<p><img loading=\"lazy\" decoding=\"async\" class=\"alignnone wp-image-16237\" src=\"https:\/\/praxas.com\/wp-content\/uploads\/modbusthermo-300x176.png\" alt=\"\" width=\"327\" height=\"192\" srcset=\"https:\/\/praxas.com\/wp-content\/uploads\/modbusthermo-300x176.png 300w, https:\/\/praxas.com\/wp-content\/uploads\/modbusthermo-768x449.png 768w, https:\/\/praxas.com\/wp-content\/uploads\/modbusthermo-120x70.png 120w, https:\/\/praxas.com\/wp-content\/uploads\/modbusthermo-990x579.png 990w, https:\/\/praxas.com\/wp-content\/uploads\/modbusthermo-441x258.png 441w, https:\/\/praxas.com\/wp-content\/uploads\/modbusthermo-350x205.png 350w, https:\/\/praxas.com\/wp-content\/uploads\/modbusthermo-800x468.png 800w, https:\/\/praxas.com\/wp-content\/uploads\/modbusthermo-150x88.png 150w, https:\/\/praxas.com\/wp-content\/uploads\/modbusthermo.png 1000w\" sizes=\"auto, (max-width: 327px) 100vw, 327px\" \/><\/p>\n<p>Ces mod\u00e8les montrent comment les commandes MODBUS peuvent \u00eatre utilis\u00e9es avec PanelPilotACE. RS485 est disponible pour le SGD 43-A avec l&rsquo;ajout de l&rsquo;option <strong><a href=\"\/fr\/product\/ecrans-panelpilot\/accessoires-fr-2\/s43-rs485\/\" target=\"_blank\" rel=\"noopener\">RS485<\/a><\/strong> de la carte d&rsquo;extension RS485<\/p>\n<p><a class=\"button button-orange\" href=\"\/wp-content\/uploads\/panelpilotace_modbusthermostat_sgd43a.zip\" target=\"_blank\" rel=\"noopener\">SGD 43-A<\/a> <a class=\"button button-orange\" href=\"\/wp-content\/uploads\/panelpilotace_modbusthermostat_sgd70a.zip\" target=\"_blank\" rel=\"noopener\">SGD 70-A<\/a><\/p>\n<h3>Ethernet<\/h3>\n<p><img loading=\"lazy\" decoding=\"async\" class=\"alignnone wp-image-16242\" src=\"https:\/\/praxas.com\/wp-content\/uploads\/ethernet-300x176.png\" alt=\"Ethernet\" width=\"326\" height=\"191\" srcset=\"https:\/\/praxas.com\/wp-content\/uploads\/ethernet-300x176.png 300w, https:\/\/praxas.com\/wp-content\/uploads\/ethernet-768x449.png 768w, https:\/\/praxas.com\/wp-content\/uploads\/ethernet-120x70.png 120w, https:\/\/praxas.com\/wp-content\/uploads\/ethernet-990x579.png 990w, https:\/\/praxas.com\/wp-content\/uploads\/ethernet-441x258.png 441w, https:\/\/praxas.com\/wp-content\/uploads\/ethernet-350x205.png 350w, https:\/\/praxas.com\/wp-content\/uploads\/ethernet-800x468.png 800w, https:\/\/praxas.com\/wp-content\/uploads\/ethernet-150x88.png 150w, https:\/\/praxas.com\/wp-content\/uploads\/ethernet.png 1000w\" sizes=\"auto, (max-width: 326px) 100vw, 326px\" \/><\/p>\n<p>Il s&rsquo;agit d&rsquo;un exemple de mod\u00e8le montrant les capacit\u00e9s de mise en r\u00e9seau du mod\u00e8le SGD 70-A via Ethernet. Veuillez noter que ce mod\u00e8le n&rsquo;est disponible que pour le mod\u00e8le SGD 70-A.<\/p>\n<p><a class=\"button button-orange\" href=\"\/wp-content\/uploads\/panelpilotace_ethernet_sgd70a.zip\" target=\"_blank\" rel=\"noopener\">SGD 70-A<\/a><\/p>\n<h3>\u00c9l\u00e9ments de thermistance<\/h3>\n<p>Il s&rsquo;agit d&rsquo;un fichier .zip contenant trois mod\u00e8les pour l&rsquo;interfa\u00e7age avec notre carte d&rsquo;extension Thermistor. Ces mod\u00e8les comprennent l&rsquo;\u00e9l\u00e9ment de thermistance, l&rsquo;\u00e9l\u00e9ment de thermistance avec alarmes et le mod\u00e8le de moyenne mobile.<\/p>\n<p><a class=\"button button-orange\" href=\"\/wp-content\/uploads\/ThermistorElements.zip\" target=\"_blank\" rel=\"noopener\">T\u00c9L\u00c9CHARGER<\/a><\/p>\n","protected":false},"excerpt":{"rendered":"<p>Nous avons d\u00e9velopp\u00e9 quelques fonctions de base pour vous aider \u00e0 d\u00e9marrer votre prochain projet d&rsquo;affichage. Parcourez la liste ci-dessous et t\u00e9l\u00e9chargez des fonctions pratiques telles qu&rsquo;un compteur de chiffres, des alarmes et des graphiques de tendance. Clavier num\u00e9rique Cet exemple vous montre comment configurer un \u00e9cran de verrouillage \u00e0 4 chiffres \u00e0 l&rsquo;aide d&rsquo;un [&hellip;]<\/p>\n","protected":false},"author":5,"featured_media":0,"parent":29661,"menu_order":0,"comment_status":"closed","ping_status":"closed","template":"","meta":{"_acf_changed":false,"content-type":"","_uag_custom_page_level_css":"","footnotes":""},"class_list":["post-29642","page","type-page","status-publish","hentry"],"acf":[],"spectra_custom_meta":{"hero_image":[""],"_hero_image":["field_64f1a7da7af44"],"_hero_h1":["field_64f19e1edd052"],"_hero_h2":["field_64f19e2ddd053"],"_hero_text":["field_64f19e42dd054"],"_hero_button_text":["field_64f19e4edd055"],"_hero_button_link":["field_64f19e5ddd056"],"_top_nav_excluded":[""],"_cms_nav_minihome":[""],"_wp_page_template":["default"],"_last_translation_edit_mode":["native-editor"],"rank_math_og_content_image":["a:2:{s:5:\"check\";s:32:\"11d2885c18ba118f94413fbd9837f13f\";s:6:\"images\";a:1:{i:0;i:16151;}}"],"_edit_lock":["1721649859:8383"],"classic-editor-remember":["classic-editor"],"rank_math_seo_score":["19"],"_edit_last":["8383"],"hero_h1":[""],"hero_h2":[""],"hero_text":[""],"hero_button_text":[""],"hero_button_link":[""],"_wpml_media_duplicate":["1"],"_wpml_media_featured":["1"],"_uag_page_assets":["a:9:{s:3:\"css\";s:0:\"\";s:2:\"js\";s:0:\"\";s:18:\"current_block_list\";a:0:{}s:8:\"uag_flag\";b:0;s:11:\"uag_version\";s:10:\"1775212209\";s:6:\"gfonts\";a:0:{}s:10:\"gfonts_url\";s:0:\"\";s:12:\"gfonts_files\";a:0:{}s:14:\"uag_faq_layout\";b:0;}"]},"uagb_featured_image_src":{"full":false,"thumbnail":false,"medium":false,"medium_large":false,"large":false,"1536x1536":false,"2048x2048":false,"crunchify-admin-post-featured-image":false,"commercegurus-pdp-large":false,"commercegurus-plp-mobile":false,"cgkit_image_swatch":false,"woocommerce_thumbnail":false,"woocommerce_single":false,"woocommerce_gallery_thumbnail":false},"uagb_author_info":{"display_name":"Ellen Potter","author_link":"https:\/\/praxas.com\/fr\/author\/ellen\/"},"uagb_comment_info":0,"uagb_excerpt":"Nous avons d\u00e9velopp\u00e9 quelques fonctions de base pour vous aider \u00e0 d\u00e9marrer votre prochain projet d&rsquo;affichage. Parcourez la liste ci-dessous et t\u00e9l\u00e9chargez des fonctions pratiques telles qu&rsquo;un compteur de chiffres, des alarmes et des graphiques de tendance. Clavier num\u00e9rique Cet exemple vous montre comment configurer un \u00e9cran de verrouillage \u00e0 4 chiffres \u00e0 l&rsquo;aide d&rsquo;un\u2026","_links":{"self":[{"href":"https:\/\/praxas.com\/fr\/wp-json\/wp\/v2\/pages\/29642","targetHints":{"allow":["GET"]}}],"collection":[{"href":"https:\/\/praxas.com\/fr\/wp-json\/wp\/v2\/pages"}],"about":[{"href":"https:\/\/praxas.com\/fr\/wp-json\/wp\/v2\/types\/page"}],"author":[{"embeddable":true,"href":"https:\/\/praxas.com\/fr\/wp-json\/wp\/v2\/users\/5"}],"replies":[{"embeddable":true,"href":"https:\/\/praxas.com\/fr\/wp-json\/wp\/v2\/comments?post=29642"}],"version-history":[{"count":3,"href":"https:\/\/praxas.com\/fr\/wp-json\/wp\/v2\/pages\/29642\/revisions"}],"predecessor-version":[{"id":38362,"href":"https:\/\/praxas.com\/fr\/wp-json\/wp\/v2\/pages\/29642\/revisions\/38362"}],"up":[{"embeddable":true,"href":"https:\/\/praxas.com\/fr\/wp-json\/wp\/v2\/pages\/29661"}],"wp:attachment":[{"href":"https:\/\/praxas.com\/fr\/wp-json\/wp\/v2\/media?parent=29642"}],"curies":[{"name":"wp","href":"https:\/\/api.w.org\/{rel}","templated":true}]}}