{"id":29661,"date":"2023-11-14T09:36:43","date_gmt":"2023-11-14T08:36:43","guid":{"rendered":"https:\/\/staging.praxas.com\/panelpilotace-universite\/"},"modified":"2025-12-15T17:30:57","modified_gmt":"2025-12-15T16:30:57","slug":"panelpilotace-universite","status":"publish","type":"page","link":"https:\/\/praxas.com\/fr\/panelpilotace-universite\/","title":{"rendered":"PanelPilotACE Universit\u00e9"},"content":{"rendered":"<p>&nbsp;<\/p>\n<p>Que vous ayez d\u00e9j\u00e0 choisi le <strong><a href=\"\/fr\/logiciel\/logiciel-panelpilot\/panelpilotace-design-studio\/\" target=\"_blank\" rel=\"noopener\">PanelPilotACE<\/a><\/strong> pour votre prochain projet d&rsquo;affichage, que vous ayez d\u00e9j\u00e0 utilis\u00e9 sa suite logicielle ou que vous soyez encore en train d&rsquo;\u00e9valuer son potentiel de d\u00e9veloppement, l&rsquo;Universit\u00e9 PanelPilotACE est votre guichet unique pour tous les outils n\u00e9cessaires \u00e0 la transformation de votre concept d&rsquo;affichage en une application pleinement fonctionnelle.<\/p>\n<p>&nbsp;<\/p>\n<h3>PanelPilotACE University Design Studio Derni\u00e8re version &#8211; <span style=\"color: #009ee0;\"><a style=\"color: #009ee0;\" href=\"\/fr\/logiciel\/logiciel-panelpilot\/panelpilotace-design-studio\/\" target=\"_blank\" rel=\"noopener\">Page de t\u00e9l\u00e9chargement<\/a><\/span><\/h3>\n<p>Des images d&rsquo;arri\u00e8re-plan aux \u00e9l\u00e9ments textuels, en passant par les compteurs analogiques, les \u00e9l\u00e9ments de navigation des \u00e9crans tactiles et m\u00eame les instructions logiques complexes, le logiciel PanelPilotACE Design permet aux utilisateurs de cr\u00e9er des interfaces multi-\u00e9crans sans avoir \u00e0 \u00e9crire une ligne de code.<\/p>\n<p style=\"text-align: left;\"><strong>Contr\u00f4le PID :<\/strong> Utilisez votre \u00e9cran comme unit\u00e9 de contr\u00f4le PID. D\u00e9finissez les coefficients P, I et D, mesurez une variable de processus et utilisez PanelPilotACE pour corriger votre point de consigne souhait\u00e9, par exemple en faisant varier la vitesse d&rsquo;un ventilateur pour maintenir une temp\u00e9rature.<\/p>\n<div style=\"text-align: centre;\">\n<p style=\"text-align: center;\"><iframe loading=\"lazy\" title=\"PanelPilotACE - Afficheurs graphiques intelligents. Sans \u00e9crire de code.\" src=\"https:\/\/www.youtube.com\/embed\/EV_m3dcdRc8\" width=\"816\" height=\"460\" frameborder=\"0\" allowfullscreen=\"allowfullscreen\"><span data-mce-type=\"bookmark\" style=\"display: inline-block; width: 0px; overflow: hidden; line-height: 0;\" class=\"mce_SELRES_start\"><\/span><\/iframe><\/p>\n<p>&nbsp;<\/p>\n<p><strong>Ethernet FTP pour les donn\u00e9es enregistr\u00e9es :<\/strong> Ne connectez pas manuellement PanelPilotACE via USB pour obtenir les donn\u00e9es enregistr\u00e9es. Connectez-le \u00e0 un serveur FTP via un c\u00e2ble Ethernet pour une collecte de donn\u00e9es plus rapide et plus pratique.<\/p>\n<p><strong>Enregistrement de donn\u00e9es multicanal :<\/strong> Vous disposez d\u00e9sormais de 10 canaux d&rsquo;enregistrement, ce qui vous permet d&rsquo;enregistrer toute entr\u00e9e dans l&rsquo;appareil qui peut \u00eatre d\u00e9finie num\u00e9riquement. Enregistrez plusieurs temp\u00e9ratures \u00e0 la fois, ainsi que la tension, le courant, etc.<\/p>\n<p><strong>Graphiques de tendance :<\/strong> Affichez les donn\u00e9es sur des graphiques au fur et \u00e0 mesure qu&rsquo;elles sont enregistr\u00e9es. Si vous utilisez un seuil d&rsquo;alarme comme l&rsquo;un de vos canaux de donn\u00e9es, les graphiques de tendance vous permettront de contr\u00f4ler les donn\u00e9es enregistr\u00e9es par rapport aux niveaux d&rsquo;alarme.<\/p>\n<p><strong>Protocole de bus CAN :<\/strong> Le bus CAN (Controller Area Network) est un protocole de communication bas\u00e9 sur les messages. Il a \u00e9t\u00e9 ajout\u00e9 \u00e0 l&rsquo;\u00e9cran tactile capacitif couleur SGD 70-A PanelPilotACE.<\/p>\n<p>&nbsp;<\/p>\n<p style=\"text-align: center;\"><span style=\"color: #009ee0;\"><strong><a style=\"color: #009ee0;\" href=\"\/wp-content\/uploads\/can-bus-element-user-guide_iss2_10-19.pdf\" target=\"_blank\" rel=\"noopener\">T\u00e9l\u00e9chargez le guide de l&rsquo;utilisateur du protocole CAN bus ici.<\/a><\/strong><\/span><\/p>\n<h3><\/h3>\n<p><img loading=\"lazy\" decoding=\"async\" class=\"wp-image-16104 alignleft\" src=\"https:\/\/praxas.com\/wp-content\/uploads\/youtube-image-pp-tablet-v2-300x300.png\" alt=\"Cha\u00eene Youtube de l'Universit\u00e9 PanelPilotACE\" width=\"346\" height=\"346\" srcset=\"https:\/\/praxas.com\/wp-content\/uploads\/youtube-image-pp-tablet-v2-300x300.png 300w, https:\/\/praxas.com\/wp-content\/uploads\/youtube-image-pp-tablet-v2-150x150.png 150w, https:\/\/praxas.com\/wp-content\/uploads\/youtube-image-pp-tablet-v2-120x120.png 120w, https:\/\/praxas.com\/wp-content\/uploads\/youtube-image-pp-tablet-v2-100x100.png 100w, https:\/\/praxas.com\/wp-content\/uploads\/youtube-image-pp-tablet-v2-350x350.png 350w, https:\/\/praxas.com\/wp-content\/uploads\/youtube-image-pp-tablet-v2.png 400w\" sizes=\"auto, (max-width: 346px) 100vw, 346px\" \/><\/p>\n<h2><span style=\"color: #009ee0;\">Tutoriels vid\u00e9o<\/span><\/h2>\n<p>Est-ce votre premier PanelPilotACE ? Cliquez <strong><a href=\"https:\/\/www.youtube.com\/watch?v=5VqRoIJtgVc&amp;list=PLKSUxzXJy0JKrWoW4x4m3h3bRdwfe2fxY\" target=\"_blank\" rel=\"noopener\">ici<\/a><\/strong> pour voir nos vid\u00e9os tutorielles sur l&rsquo;utilisateur de base. Ils vous apprendront \u00e0 cr\u00e9er des boutons, des compteurs \u00e0 cadran et des compteurs de groupe.<\/p>\n<p>Utilisateur exp\u00e9riment\u00e9 de PanelPilotACE ? <strong><a href=\"https:\/\/www.youtube.com\/watch?v=EcnayNJ-OpI&amp;list=PLKSUxzXJy0JJDe0t7q3GUiRRiwmxzaRYd\" target=\"_blank\" rel=\"noopener\">Visionnez<\/a><\/strong> nos vid\u00e9os tutorielles destin\u00e9es aux utilisateurs avanc\u00e9s pour d\u00e9couvrir ce que vous pouvez encore tirer de votre panneau d&rsquo;affichage. Vous apprendrez tout sur les sorties d&rsquo;alarme, les horloges num\u00e9riques, les instructions logiques, les variables, les d\u00e9clencheurs, les actions, <strong><a href=\"https:\/\/www.youtube.com\/watch?v=o_bLLKkohy8&amp;t=44s\" target=\"_blank\" rel=\"noopener\">l&rsquo;enregistrement et la repr\u00e9sentation graphique des tendances<\/a><\/strong>, <strong><a href=\"https:\/\/www.youtube.com\/watch?v=i7xCh3sso3Y&amp;t=1s\" target=\"_blank\" rel=\"noopener\">le contr\u00f4le PID<\/a><\/strong>, <strong><a href=\"https:\/\/www.youtube.com\/watch?v=71Qvi5GQ_yc\" target=\"_blank\" rel=\"noopener\">le d\u00e9clenchement de propri\u00e9t\u00e9 par rapport \u00e0 la minuterie<\/a><\/strong>, <strong><a href=\"https:\/\/www.youtube.com\/watch?v=105lSsgkXj4&amp;t=4s\" target=\"_blank\" rel=\"noopener\">Ethernet<\/a><\/strong>, <strong><a href=\"https:\/\/www.youtube.com\/watch?v=UHsCFVZUSvg&amp;t=5s\" target=\"_blank\" rel=\"noopener\">RS485<\/a><\/strong> et <strong><a href=\"https:\/\/www.youtube.com\/watch?v=75tkFOs3Crg&amp;t=3s\" target=\"_blank\" rel=\"noopener\">MODBUS.<\/a><\/strong><\/p>\n<p>Si vous souhaitez que MODBUS soit expliqu\u00e9 plus en d\u00e9tail, veuillez cliquer <strong><a href=\"\/wp-content\/uploads\/modbus-explained.pdf\" target=\"_blank\" rel=\"noopener\">ici.<\/a><\/strong><\/p>\n<h3><\/h3>\n<p>&nbsp;<\/p>\n<p>&nbsp;<\/p>\n<p><img loading=\"lazy\" decoding=\"async\" class=\"wp-image-16106 alignright\" src=\"https:\/\/praxas.com\/wp-content\/uploads\/optronix-social-post-300x157.png\" alt=\"PanelPilot ACE \" width=\"420\" height=\"220\" srcset=\"https:\/\/praxas.com\/wp-content\/uploads\/optronix-social-post-300x157.png 300w, https:\/\/praxas.com\/wp-content\/uploads\/optronix-social-post-768x402.png 768w, https:\/\/praxas.com\/wp-content\/uploads\/optronix-social-post-120x63.png 120w, https:\/\/praxas.com\/wp-content\/uploads\/optronix-social-post-990x518.png 990w, https:\/\/praxas.com\/wp-content\/uploads\/optronix-social-post-441x231.png 441w, https:\/\/praxas.com\/wp-content\/uploads\/optronix-social-post-350x183.png 350w, https:\/\/praxas.com\/wp-content\/uploads\/optronix-social-post-800x418.png 800w, https:\/\/praxas.com\/wp-content\/uploads\/optronix-social-post-150x78.png 150w, https:\/\/praxas.com\/wp-content\/uploads\/optronix-social-post.png 1000w\" sizes=\"auto, (max-width: 420px) 100vw, 420px\" \/><\/p>\n<h2><span style=\"color: #009ee0;\">Laissez Lascar faire le travail pour vous<\/span><\/h2>\n<p>Notre plate-forme logicielle PanelPilotACE permet aux utilisateurs de r\u00e9duire consid\u00e9rablement le temps de conception des applications d&rsquo;affichage en \u00e9liminant le besoin d&rsquo;un code complexe. Mais si vous \u00eates vraiment press\u00e9 de terminer une conception, pourquoi ne pas utiliser le service de conception personnalis\u00e9e de Lascar pour PanelPilotACE afin de fournir votre solution ? Fournissez-nous une description de vos besoins en mati\u00e8re d&rsquo;affichage et nous pourrons r\u00e9aliser la conception pour vous.<\/p>\n<p><a class=\"button button-orange\" href=\"https:\/\/lascarelectronics.com\/contact-us\/\" target=\"_blank\" rel=\"noopener\">CONTACT LASCAR<\/a><\/p>\n<p>&nbsp;<\/p>\n<h2 style=\"text-align: center;\"><span style=\"color: #009ee0;\">Fiches techniques<\/span><\/h2>\n<p style=\"text-align: center;\"><a class=\"button button-orange\" href=\"\/wp-content\/uploads\/panelpilot-panel-instrument-sgd-43-a_iss9_07-19.pdf\" target=\"_blank\" rel=\"noopener\">SGD 43-A<\/a> <a class=\"button button-orange\" href=\"\/wp-content\/uploads\/panelpilot-panel-instrument-sgd-70-a_iss7_10-18.pdf\" target=\"_blank\" rel=\"noopener\">SGD 70-A<\/a> <a class=\"button button-orange\" href=\"\/wp-content\/uploads\/panelpilot-panel-instruments-development-kits-1.pdf\" target=\"_blank\" rel=\"noopener\">Kits de d\u00e9veloppement<\/a><\/p>\n<p>&nbsp;<\/p>\n<p><img loading=\"lazy\" decoding=\"async\" class=\"wp-image-16119 alignleft\" src=\"https:\/\/praxas.com\/wp-content\/uploads\/ppauni_3d_mock-up.png\" alt=\"\u00c9cran de verrouillage PanelPilot ACE\" width=\"392\" height=\"215\" srcset=\"https:\/\/praxas.com\/wp-content\/uploads\/ppauni_3d_mock-up.png 201w, https:\/\/praxas.com\/wp-content\/uploads\/ppauni_3d_mock-up-120x66.png 120w, https:\/\/praxas.com\/wp-content\/uploads\/ppauni_3d_mock-up-150x82.png 150w\" sizes=\"auto, (max-width: 392px) 100vw, 392px\" \/><\/p>\n<h3><span style=\"color: #009ee0;\">Mod\u00e8les de projets<\/span><\/h3>\n<p>Vous souhaitez cr\u00e9er un \u00e9cran de verrouillage sur votre \u00e9cran pour le s\u00e9curiser sur votre lieu de travail ? Acc\u00e9dez \u00e0 la section d&rsquo;enregistrement des donn\u00e9es de votre PanelPilotACE et cr\u00e9ez des graphiques de tendance ? Ou peut-\u00eatre souhaitez-vous que le panneau affiche des couleurs diff\u00e9rentes en fonction de l&rsquo;\u00e9tat de l&rsquo;alarme ? Utilisez nos <a href=\"https:\/\/praxas.com\/fr\/panelpilotace-universite\/modeles-de-projets\/\" target=\"_blank\" rel=\"noopener\"><strong>mod\u00e8les GRATUITS<\/strong><\/a> pour vous aider \u00e0 tirer le meilleur parti de votre PanelPilotACE.<\/p>\n<h3><span style=\"color: #009ee0;\">Graphiques, ic\u00f4nes et symboles<\/span><\/h3>\n<p>T\u00e9l\u00e9chargez les ic\u00f4nes et symboles pr\u00e9-con\u00e7us <a href=\"\/wp-content\/uploads\/PanelPilotACEicons.zip\" target=\"_blank\" rel=\"noopener\"><strong>Ic\u00f4nes et symboles<\/strong><\/a> et <a href=\"\/wp-content\/uploads\/LibraryElementsforPPADSV2.zip\"><strong>\u00e9l\u00e9ments graphiques<\/strong><\/a> pour n&rsquo;importe quel projet de Design Studio, sans aucune restriction commerciale.<\/p>\n<p>Ces ZIP contiennent des fichiers PNG GRATUITS. T\u00e9l\u00e9chargez le fichier ZIP correspondant, extrayez-le et glissez-d\u00e9posez les images sur vos projets pour les utiliser.<\/p>\n<h3><\/h3>\n<h3><span style=\"color: #009ee0;\">Guides de l&rsquo;utilisateur PanelPilotACE<\/span><\/h3>\n<p><img loading=\"lazy\" decoding=\"async\" class=\"size-full wp-image-16128 alignright\" src=\"https:\/\/praxas.com\/wp-content\/uploads\/can-bus-element-user-guide_iss2_10-19-1-1.png\" alt=\"Guide de l'utilisateur PanelPilotACE\" width=\"200\" height=\"295\" srcset=\"https:\/\/praxas.com\/wp-content\/uploads\/can-bus-element-user-guide_iss2_10-19-1-1.png 200w, https:\/\/praxas.com\/wp-content\/uploads\/can-bus-element-user-guide_iss2_10-19-1-1-81x120.png 81w, https:\/\/praxas.com\/wp-content\/uploads\/can-bus-element-user-guide_iss2_10-19-1-1-150x221.png 150w\" sizes=\"auto, (max-width: 200px) 100vw, 200px\" \/>Que vous d\u00e9butiez ou que vous ayez d\u00e9j\u00e0 cr\u00e9\u00e9 votre premi\u00e8re application PanelPilotACE, t\u00e9l\u00e9chargez les guides de l&rsquo;utilisateur PanelpilotACE pour obtenir toutes les informations dont vous avez besoin sur le PanelPilotACE Design Studio.<\/p>\n<p><a href=\"\/wp-content\/uploads\/can-bus-element-user-guide_iss2_10-19-1.pdf\" target=\"_blank\" rel=\"noopener\">Guide de l&rsquo;utilisateur du protocole du bus CAN<\/a><\/p>\n<p><a href=\"\/wp-content\/uploads\/ppa-design-studio_graphics-guide_iss1_07-20.pdf\" target=\"_blank\" rel=\"noopener\">Guide graphique du studio de cr\u00e9ation<\/a><\/p>\n<p>&nbsp;<\/p>\n<h2><span style=\"color: #009ee0;\">Soutien<\/span><\/h2>\n<p>Pour plus d&rsquo;aide sur PanelPilotACE, veuillez visiter notre <strong><a href=\"https:\/\/praxas.com\/fr\/contactez-nous\/\" target=\"_blank\" rel=\"noopener\">support<\/a><\/strong> pour des questions fr\u00e9quemment pos\u00e9es.<\/p>\n<\/div>\n","protected":false},"excerpt":{"rendered":"<p>&nbsp; Que vous ayez d\u00e9j\u00e0 choisi le PanelPilotACE pour votre prochain projet d&rsquo;affichage, que vous ayez d\u00e9j\u00e0 utilis\u00e9 sa suite logicielle ou que vous soyez encore en train d&rsquo;\u00e9valuer son potentiel de d\u00e9veloppement, l&rsquo;Universit\u00e9 PanelPilotACE est votre guichet unique pour tous les outils n\u00e9cessaires \u00e0 la transformation de votre concept d&rsquo;affichage en une application pleinement [&hellip;]<\/p>\n","protected":false},"author":5,"featured_media":0,"parent":0,"menu_order":0,"comment_status":"closed","ping_status":"closed","template":"template-fullwidth.php","meta":{"_acf_changed":false,"content-type":"","_uag_custom_page_level_css":"","footnotes":""},"class_list":["post-29661","page","type-page","status-publish","hentry"],"acf":[],"spectra_custom_meta":{"hero_image":[""],"_hero_image":["field_64f1a7da7af44"],"_hero_h1":["field_64f19e1edd052"],"_hero_h2":["field_64f19e2ddd053"],"_hero_text":["field_64f19e42dd054"],"_hero_button_text":["field_64f19e4edd055"],"_hero_button_link":["field_64f19e5ddd056"],"_top_nav_excluded":[""],"_cms_nav_minihome":[""],"_wp_page_template":["template-fullwidth.php"],"_last_translation_edit_mode":["native-editor"],"rank_math_title":["PanelPilotACE University | HMI Display Development | Praxas"],"rank_math_description":["L'Universit\u00e9 PanelPilotACE est votre guichet unique pour tous les outils n\u00e9cessaires \u00e0 la transformation de votre conception d'affichage en une application enti\u00e8rement fonctionnelle. En savoir plus !"],"rank_math_og_content_image":["a:2:{s:5:\"check\";s:32:\"51ea4f2801e5323ebca5ab9837d28e0c\";s:6:\"images\";a:1:{i:0;i:16104;}}"],"_edit_lock":["1765816125:8383"],"classic-editor-remember":["classic-editor"],"rank_math_seo_score":["31"],"_edit_last":["8383"],"hero_h1":[""],"hero_h2":[""],"hero_text":[""],"hero_button_text":[""],"hero_button_link":[""],"_wpml_media_duplicate":["1"],"_wpml_media_featured":["1"],"rank_math_contentai_score":["a:5:{s:8:\"keywords\";s:5:\"74.51\";s:9:\"wordCount\";s:1:\"0\";s:9:\"linkCount\";s:1:\"0\";s:12:\"headingCount\";s:1:\"0\";s:10:\"mediaCount\";s:1:\"0\";}"],"rank_math_rich_snippet":["off"],"rank_math_robots":["a:1:{i:0;s:7:\"noindex\";}"],"rank_math_analytic_object_id":["1394"],"_wpml_word_count":["869"],"_uag_page_assets":["a:9:{s:3:\"css\";s:0:\"\";s:2:\"js\";s:0:\"\";s:18:\"current_block_list\";a:0:{}s:8:\"uag_flag\";b:0;s:11:\"uag_version\";s:10:\"1775212209\";s:6:\"gfonts\";a:0:{}s:10:\"gfonts_url\";s:0:\"\";s:12:\"gfonts_files\";a:0:{}s:14:\"uag_faq_layout\";b:0;}"]},"uagb_featured_image_src":{"full":false,"thumbnail":false,"medium":false,"medium_large":false,"large":false,"1536x1536":false,"2048x2048":false,"crunchify-admin-post-featured-image":false,"commercegurus-pdp-large":false,"commercegurus-plp-mobile":false,"cgkit_image_swatch":false,"woocommerce_thumbnail":false,"woocommerce_single":false,"woocommerce_gallery_thumbnail":false},"uagb_author_info":{"display_name":"Ellen Potter","author_link":"https:\/\/praxas.com\/fr\/author\/ellen\/"},"uagb_comment_info":0,"uagb_excerpt":"&nbsp; Que vous ayez d\u00e9j\u00e0 choisi le PanelPilotACE pour votre prochain projet d&rsquo;affichage, que vous ayez d\u00e9j\u00e0 utilis\u00e9 sa suite logicielle ou que vous soyez encore en train d&rsquo;\u00e9valuer son potentiel de d\u00e9veloppement, l&rsquo;Universit\u00e9 PanelPilotACE est votre guichet unique pour tous les outils n\u00e9cessaires \u00e0 la transformation de votre concept d&rsquo;affichage en une application pleinement\u2026","_links":{"self":[{"href":"https:\/\/praxas.com\/fr\/wp-json\/wp\/v2\/pages\/29661","targetHints":{"allow":["GET"]}}],"collection":[{"href":"https:\/\/praxas.com\/fr\/wp-json\/wp\/v2\/pages"}],"about":[{"href":"https:\/\/praxas.com\/fr\/wp-json\/wp\/v2\/types\/page"}],"author":[{"embeddable":true,"href":"https:\/\/praxas.com\/fr\/wp-json\/wp\/v2\/users\/5"}],"replies":[{"embeddable":true,"href":"https:\/\/praxas.com\/fr\/wp-json\/wp\/v2\/comments?post=29661"}],"version-history":[{"count":9,"href":"https:\/\/praxas.com\/fr\/wp-json\/wp\/v2\/pages\/29661\/revisions"}],"predecessor-version":[{"id":38361,"href":"https:\/\/praxas.com\/fr\/wp-json\/wp\/v2\/pages\/29661\/revisions\/38361"}],"wp:attachment":[{"href":"https:\/\/praxas.com\/fr\/wp-json\/wp\/v2\/media?parent=29661"}],"curies":[{"name":"wp","href":"https:\/\/api.w.org\/{rel}","templated":true}]}}