{"id":29679,"date":"2023-09-21T11:34:55","date_gmt":"2023-09-21T09:34:55","guid":{"rendered":"https:\/\/staging.praxas.com\/support-de-linstrument-du-tableau-de-bord\/"},"modified":"2024-07-22T14:34:16","modified_gmt":"2024-07-22T14:34:16","slug":"support-de-linstrument-du-tableau-de-bord","status":"publish","type":"page","link":"https:\/\/praxas.com\/fr\/soutien\/support-de-linstrument-du-tableau-de-bord\/","title":{"rendered":"Support de l&rsquo;instrument du tableau de bord"},"content":{"rendered":"<h2><strong>Questions fr\u00e9quemment pos\u00e9es<\/strong><\/h2>\n<p><span class=\"ui-provider azr azs azt azu azv azw azx azy azz baa bab bac bae baf bag bah bai baj bak bal bam ban bao bap baq bar bas bat bau bav baw bax bay baz bba\" dir=\"ltr\"><\/p>\n<div class=\"accordion\">\n<h2 class=\"accordion-header\">J&rsquo;ai quelques questions concernant l&rsquo;application de mon instrument de tableau de bord. Existe-t-il un guide de candidature auquel je peux me r\u00e9f\u00e9rer ?<br \/>\n<i class=\"fas fa-chevron-circle-down\"><\/i><\/h2>\n<div class=\"accordion-content\">Oui, veuillez consulter notre <span style=\"text-decoration: underline;\"><strong><a href=\"\/wp-content\/uploads\/display_application_notes_iss_3-1.pdf\">Guide d&rsquo;application pour l&rsquo;instrumentation de tableau<\/a><br \/>\n<\/strong><br \/>\n<\/span><\/div>\n<\/div>\n<p><\/span><\/p>\n<p>&nbsp;<\/p>\n<p>&nbsp;<\/p>\n","protected":false},"excerpt":{"rendered":"<p>Questions fr\u00e9quemment pos\u00e9es &nbsp; &nbsp;<\/p>\n","protected":false},"author":2,"featured_media":0,"parent":29767,"menu_order":0,"comment_status":"closed","ping_status":"closed","template":"template-fullwidth.php","meta":{"_acf_changed":false,"content-type":"","_uag_custom_page_level_css":"","footnotes":""},"class_list":["post-29679","page","type-page","status-publish","hentry"],"acf":[],"spectra_custom_meta":{"hero_image":[""],"_hero_image":["field_64f1a7da7af44"],"_hero_h1":["field_64f19e1edd052"],"_hero_h2":["field_64f19e2ddd053"],"_hero_text":["field_64f19e42dd054"],"_hero_button_text":["field_64f19e4edd055"],"_hero_button_link":["field_64f19e5ddd056"],"_top_nav_excluded":[""],"_cms_nav_minihome":[""],"_wp_page_template":["template-fullwidth.php"],"rank_math_title":["Panel Instrument Support | FAQs | Praxas"],"rank_math_description":["Si vous avez besoin d'aide avec l'un des syst\u00e8mes d'instruments de bord Lascars ou si vous recherchez une mise \u00e0 niveau, n'h\u00e9sitez pas \u00e0 contacter notre \u00e9quipe d'experts en vente d\u00e8s aujourd'hui."],"rank_math_focus_keyword":["Support de l'instrument du tableau de bord"],"_last_translation_edit_mode":["native-editor"],"_edit_lock":["1721658720:8383"],"classic-editor-remember":["classic-editor"],"rank_math_seo_score":["13"],"_edit_last":["8383"],"hero_h1":[""],"hero_h2":[""],"hero_text":[""],"hero_button_text":[""],"hero_button_link":[""],"_wpml_media_duplicate":["1"],"_wpml_media_featured":["1"],"_uag_page_assets":["a:9:{s:3:\"css\";s:0:\"\";s:2:\"js\";s:0:\"\";s:18:\"current_block_list\";a:0:{}s:8:\"uag_flag\";b:0;s:11:\"uag_version\";s:10:\"1775212209\";s:6:\"gfonts\";a:0:{}s:10:\"gfonts_url\";s:0:\"\";s:12:\"gfonts_files\";a:0:{}s:14:\"uag_faq_layout\";b:0;}"]},"uagb_featured_image_src":{"full":false,"thumbnail":false,"medium":false,"medium_large":false,"large":false,"1536x1536":false,"2048x2048":false,"crunchify-admin-post-featured-image":false,"commercegurus-pdp-large":false,"commercegurus-plp-mobile":false,"cgkit_image_swatch":false,"woocommerce_thumbnail":false,"woocommerce_single":false,"woocommerce_gallery_thumbnail":false},"uagb_author_info":{"display_name":"Andy Price","author_link":"https:\/\/praxas.com\/fr\/author\/andyp\/"},"uagb_comment_info":0,"uagb_excerpt":"Questions fr\u00e9quemment pos\u00e9es &nbsp; &nbsp;","_links":{"self":[{"href":"https:\/\/praxas.com\/fr\/wp-json\/wp\/v2\/pages\/29679","targetHints":{"allow":["GET"]}}],"collection":[{"href":"https:\/\/praxas.com\/fr\/wp-json\/wp\/v2\/pages"}],"about":[{"href":"https:\/\/praxas.com\/fr\/wp-json\/wp\/v2\/types\/page"}],"author":[{"embeddable":true,"href":"https:\/\/praxas.com\/fr\/wp-json\/wp\/v2\/users\/2"}],"replies":[{"embeddable":true,"href":"https:\/\/praxas.com\/fr\/wp-json\/wp\/v2\/comments?post=29679"}],"version-history":[{"count":2,"href":"https:\/\/praxas.com\/fr\/wp-json\/wp\/v2\/pages\/29679\/revisions"}],"predecessor-version":[{"id":38388,"href":"https:\/\/praxas.com\/fr\/wp-json\/wp\/v2\/pages\/29679\/revisions\/38388"}],"up":[{"embeddable":true,"href":"https:\/\/praxas.com\/fr\/wp-json\/wp\/v2\/pages\/29767"}],"wp:attachment":[{"href":"https:\/\/praxas.com\/fr\/wp-json\/wp\/v2\/media?parent=29679"}],"curies":[{"name":"wp","href":"https:\/\/api.w.org\/{rel}","templated":true}]}}