{"id":29681,"date":"2023-09-21T11:34:18","date_gmt":"2023-09-21T09:34:18","guid":{"rendered":"https:\/\/staging.praxas.com\/panelpilot-b-support\/"},"modified":"2025-10-20T15:16:44","modified_gmt":"2025-10-20T13:16:44","slug":"panelpilot-b-support","status":"publish","type":"page","link":"https:\/\/praxas.com\/fr\/soutien\/panelpilot-b-support\/","title":{"rendered":"PanelPilot B Support"},"content":{"rendered":"<h2><strong>Questions fr\u00e9quemment pos\u00e9es<\/strong><\/h2>\n<p><span class=\"ui-provider azr azs azt azu azv azw azx azy azz baa bab bac bae baf bag bah bai baj bak bal bam ban bao bap baq bar bas bat bau bav baw bax bay baz bba\" dir=\"ltr\"><\/p>\n<div class=\"accordion\">\n<h2 class=\"accordion-header\">Le SGD 21-B est-il \u00e9tanche ?<br \/>\n<i class=\"fas fa-chevron-circle-down\"><\/i><\/h2>\n<div class=\"accordion-content\">La face avant du produit est class\u00e9e IP54. Cela signifie qu&rsquo;il est prot\u00e9g\u00e9 des projections d&rsquo;eau lorsqu&rsquo;il est install\u00e9 dans un panneau.<\/div>\n<\/div>\n<p><\/span><\/p>\n<p><span class=\"ui-provider azr azs azt azu azv azw azx azy azz baa bab bac bae baf bag bah bai baj bak bal bam ban bao bap baq bar bas bat bau bav baw bax bay baz bba\" dir=\"ltr\"><\/p>\n<div class=\"accordion\">\n<h2 class=\"accordion-header\">O\u00f9 puis-je trouver la derni\u00e8re version du logiciel de configuration du PanelPilot B ?<br \/>\n<i class=\"fas fa-chevron-circle-down\"><\/i><\/h2>\n<div class=\"accordion-content\">Veuillez consulter notre <span style=\"text-decoration: underline;\"><strong><a href=\"\/fr\/logiciel\/logiciel-panelpilot\/panelpilot-b\/\" target=\"_blank\" rel=\"noopener\">Logiciel PanelPilot B<\/a><\/strong><\/span> page.<\/div>\n<\/div>\n<p><\/span><strong><br \/>\n<\/strong><\/p>\n<p><span class=\"ui-provider azr azs azt azu azv azw azx azy azz baa bab bac bae baf bag bah bai baj bak bal bam ban bao bap baq bar bas bat bau bav baw bax bay baz bba\" dir=\"ltr\"><\/p>\n<div class=\"accordion\">\n<h2 class=\"accordion-header\">Puis-je ajouter le logo de mon entreprise au pr\u00e9sentoir SGD 21-B ?<br \/>\n<i class=\"fas fa-chevron-circle-down\"><\/i><\/h2>\n<div class=\"accordion-content\">Oui. Lors de la configuration de votre compteur \u00e0 l&rsquo;aide du logiciel PanelPilot B, une \u00e9tape vous permet d&rsquo;ajouter un fichier graphique \u00e0 utiliser comme \u00e9cran de d\u00e9marrage, qui s&rsquo;affichera sur l&rsquo;\u00e9cran pendant les premi\u00e8res secondes suivant la mise sous tension. Pour de meilleurs r\u00e9sultats, l&rsquo;image utilis\u00e9e doit \u00eatre en noir et blanc et avoir une r\u00e9solution de 250 x 122 pixels. Les formats d&rsquo;image autoris\u00e9s sont png, bmp, jpg, gif, exif et tiff.<\/div>\n<\/div>\n<p><\/span><strong><br \/>\n<\/strong><\/p>\n<p><span class=\"ui-provider azr azs azt azu azv azw azx azy azz baa bab bac bae baf bag bah bai baj bak bal bam ban bao bap baq bar bas bat bau bav baw bax bay baz bba\" dir=\"ltr\"><\/p>\n<div class=\"accordion\">\n<h2 class=\"accordion-header\">Je recherche une configuration qui n&rsquo;est pas r\u00e9pertori\u00e9e dans le logiciel PanelPilot B. Pouvez-vous m&rsquo;en faire une ?<br \/>\n<i class=\"fas fa-chevron-circle-down\"><\/i><\/h2>\n<div class=\"accordion-content\">Nous pouvons vous proposer un service gratuit de conception d&rsquo;applications pour les commandes de plus de 500 unit\u00e9s. Veuillez contacter notre <span style=\"text-decoration: underline;\"><strong><a href=\"\/fr\/contactez-nous\/\">\u00e9quipe de vente<\/a><\/strong><\/span> pour discuter de vos besoins.<\/div>\n<\/div>\n<p><\/span><\/p>\n<p><span class=\"ui-provider azr azs azt azu azv azw azx azy azz baa bab bac bae baf bag bah bai baj bak bal bam ban bao bap baq bar bas bat bau bav baw bax bay baz bba\" dir=\"ltr\"><\/p>\n<div class=\"accordion\">\n<h2 class=\"accordion-header\">Avez-vous un tutoriel pour configurer le SGD 21-B \u00e0 l&rsquo;aide du logiciel PanelPilot B ?<br \/>\n<i class=\"fas fa-chevron-circle-down\"><\/i><\/h2>\n<div class=\"accordion-content\">Oui, veuillez consulter notre configuration SGD 21-B <span style=\"text-decoration: underline;\"><strong><a href=\"https:\/\/www.youtube.com\/watch?v=97e6ebL5ljI&amp;feature=youtu.be\" target=\"_blank\" rel=\"noopener\">vid\u00e9o d&rsquo;installation<\/a><\/strong><\/span> sur YouTube.<\/div>\n<\/div>\n<p><\/span><\/p>\n<p><span class=\"ui-provider azr azs azt azu azv azw azx azy azz baa bab bac bae baf bag bah bai baj bak bal bam ban bao bap baq bar bas bat bau bav baw bax bay baz bba\" dir=\"ltr\"><\/p>\n<div class=\"accordion\">\n<h2 class=\"accordion-header\">Quelle est la tension maximale que je peux mesurer avec le SGD 21-B ?<br \/>\n<i class=\"fas fa-chevron-circle-down\"><\/i><\/h2>\n<div class=\"accordion-content\">Avec l&rsquo;appareil standard, la tension d&rsquo;entr\u00e9e maximale pouvant \u00eatre mesur\u00e9e est de 1,25V. Cependant, des tensions d&rsquo;entr\u00e9e allant jusqu&rsquo;\u00e0 30,0 V peuvent \u00eatre mesur\u00e9es en installant des r\u00e9sistances de mise \u00e0 l&rsquo;\u00e9chelle (non fournies) sur l&rsquo;appareil. Veuillez vous r\u00e9f\u00e9rer \u00e0 la fiche technique (disponible sur le site Internet de la Commission europ\u00e9enne). <span style=\"text-decoration: underline;\"><strong><a href=\"\/fr\/product\/ecrans-panelpilot\/panelpilot-b-fr\/sgd-21-b\/\">SGD 21-B<\/a><\/strong><\/span> ) pour savoir comment proc\u00e9der.<\/div>\n<\/div>\n<p><\/span><\/p>\n<p><span class=\"ui-provider azr azs azt azu azv azw azx azy azz baa bab bac bae baf bag bah bai baj bak bal bam ban bao bap baq bar bas bat bau bav baw bax bay baz bba\" dir=\"ltr\"><\/p>\n<div class=\"accordion\">\n<h2 class=\"accordion-header\">Quel est l&rsquo;int\u00e9r\u00eat d&rsquo;installer des r\u00e9sistances de mise \u00e0 l&rsquo;\u00e9chelle sur le SGD 21-B ?<br \/>\n<i class=\"fas fa-chevron-circle-down\"><\/i><\/h2>\n<div class=\"accordion-content\">Le dispositif standard peut mesurer des tensions d&rsquo;entr\u00e9e jusqu&rsquo;\u00e0 1,25V. L&rsquo;installation de r\u00e9sistances de mise \u00e0 l&rsquo;\u00e9chelle (non fournies) vous permet de mesurer des tensions d&rsquo;entr\u00e9e jusqu&rsquo;\u00e0 30,0V. Pour plus de d\u00e9tails sur la fa\u00e7on de les installer, veuillez vous r\u00e9f\u00e9rer \u00e0 la fiche technique (disponible sur le site Internet de la DGS).<span style=\"text-decoration: underline;\"><strong> <a href=\"\/fr\/product\/ecrans-panelpilot\/panelpilot-b-fr\/sgd-21-b\/\">SGD 21-B<\/a><\/strong><\/span> ).<\/div>\n<\/div>\n<p><\/span><\/p>\n","protected":false},"excerpt":{"rendered":"<p>Questions fr\u00e9quemment pos\u00e9es<\/p>\n","protected":false},"author":2,"featured_media":0,"parent":29767,"menu_order":2,"comment_status":"closed","ping_status":"closed","template":"template-fullwidth.php","meta":{"_acf_changed":false,"content-type":"","_uag_custom_page_level_css":"","footnotes":""},"class_list":["post-29681","page","type-page","status-publish","hentry"],"acf":[],"spectra_custom_meta":{"hero_image":[""],"_hero_image":["field_64f1a7da7af44"],"_hero_h1":["field_64f19e1edd052"],"_hero_h2":["field_64f19e2ddd053"],"_hero_text":["field_64f19e42dd054"],"_hero_button_text":["field_64f19e4edd055"],"_hero_button_link":["field_64f19e5ddd056"],"_top_nav_excluded":[""],"_cms_nav_minihome":[""],"_wp_page_template":["template-fullwidth.php"],"_last_translation_edit_mode":["native-editor"],"rank_math_title":["PanelPilot B Support | PanelPilot Support and FAQs | Praxas"],"rank_math_description":["Consultez notre page d'assistance PanelPilot B si vous avez besoin d'aide avec vos appareils PanelPilot B ou appelez notre \u00e9quipe de vente pour plus d'assistance ou d'autres questions !"],"rank_math_focus_keyword":["PanelPilot B Support"],"_edit_lock":["1760966069:8383"],"classic-editor-remember":["classic-editor"],"rank_math_seo_score":["63"],"_edit_last":["8383"],"hero_h1":[""],"hero_h2":[""],"hero_text":[""],"hero_button_text":[""],"hero_button_link":[""],"_wpml_media_duplicate":["1"],"_wpml_media_featured":["1"],"rank_math_contentai_score":["a:5:{s:8:\"keywords\";s:5:\"74.51\";s:9:\"wordCount\";s:1:\"0\";s:9:\"linkCount\";s:1:\"0\";s:12:\"headingCount\";s:1:\"0\";s:10:\"mediaCount\";s:1:\"0\";}"],"rank_math_rich_snippet":["off"],"rank_math_robots":["a:1:{i:0;s:7:\"noindex\";}"],"rank_math_analytic_object_id":["1296"],"_wpml_word_count":["382"],"_uag_page_assets":["a:9:{s:3:\"css\";s:0:\"\";s:2:\"js\";s:0:\"\";s:18:\"current_block_list\";a:0:{}s:8:\"uag_flag\";b:0;s:11:\"uag_version\";s:10:\"1777651425\";s:6:\"gfonts\";a:0:{}s:10:\"gfonts_url\";s:0:\"\";s:12:\"gfonts_files\";a:0:{}s:14:\"uag_faq_layout\";b:0;}"]},"uagb_featured_image_src":{"full":false,"thumbnail":false,"medium":false,"medium_large":false,"large":false,"1536x1536":false,"2048x2048":false,"crunchify-admin-post-featured-image":false,"commercegurus-pdp-large":false,"commercegurus-plp-mobile":false,"cgkit_image_swatch":false,"woocommerce_thumbnail":false,"woocommerce_single":false,"woocommerce_gallery_thumbnail":false},"uagb_author_info":{"display_name":"Andy Price","author_link":"https:\/\/praxas.com\/fr\/author\/andyp\/"},"uagb_comment_info":0,"uagb_excerpt":"Questions fr\u00e9quemment pos\u00e9es","_links":{"self":[{"href":"https:\/\/praxas.com\/fr\/wp-json\/wp\/v2\/pages\/29681","targetHints":{"allow":["GET"]}}],"collection":[{"href":"https:\/\/praxas.com\/fr\/wp-json\/wp\/v2\/pages"}],"about":[{"href":"https:\/\/praxas.com\/fr\/wp-json\/wp\/v2\/types\/page"}],"author":[{"embeddable":true,"href":"https:\/\/praxas.com\/fr\/wp-json\/wp\/v2\/users\/2"}],"replies":[{"embeddable":true,"href":"https:\/\/praxas.com\/fr\/wp-json\/wp\/v2\/comments?post=29681"}],"version-history":[{"count":3,"href":"https:\/\/praxas.com\/fr\/wp-json\/wp\/v2\/pages\/29681\/revisions"}],"predecessor-version":[{"id":38393,"href":"https:\/\/praxas.com\/fr\/wp-json\/wp\/v2\/pages\/29681\/revisions\/38393"}],"up":[{"embeddable":true,"href":"https:\/\/praxas.com\/fr\/wp-json\/wp\/v2\/pages\/29767"}],"wp:attachment":[{"href":"https:\/\/praxas.com\/fr\/wp-json\/wp\/v2\/media?parent=29681"}],"curies":[{"name":"wp","href":"https:\/\/api.w.org\/{rel}","templated":true}]}}