{"id":29691,"date":"2023-09-21T11:31:09","date_gmt":"2023-09-21T09:31:09","guid":{"rendered":"https:\/\/staging.praxas.com\/support-de-lenregistreur-de-donnees-21cfr\/"},"modified":"2025-10-14T12:31:31","modified_gmt":"2025-10-14T10:31:31","slug":"support-de-lenregistreur-de-donnees-21cfr","status":"publish","type":"page","link":"https:\/\/praxas.com\/fr\/soutien\/support-de-lenregistreur-de-donnees-21cfr\/","title":{"rendered":"Support de l&rsquo;enregistreur de donn\u00e9es 21CFR"},"content":{"rendered":"<h2><span style=\"text-decoration: underline;\">Questions fr\u00e9quemment pos\u00e9es<\/span><\/h2>\n<h2>21CFR :<\/h2>\n<div class=\"accordion\">\n<h2 class=\"accordion-header\">Pouvez-vous nous expliquer ce qu&rsquo;est le 21CFR Part 11 ?<br \/>\n<i class=\"fas fa-chevron-circle-down\"><\/i><\/h2>\n<div class=\"accordion-content\">Le Code of Federal Regulations 21 Part 11 de la FDA (Food &amp; Drugs Administration) des \u00c9tats-Unis est une extension de la r\u00e9glementation existante qui d\u00e9finit les enregistrements et les signatures \u00e9lectroniques qui doivent \u00eatre consid\u00e9r\u00e9s comme exacts pour remplacer les enregistrements papier dans l&rsquo;industrie pharmaceutique et m\u00e9dicale. Notre syst\u00e8me a \u00e9t\u00e9 con\u00e7u pour aider les entreprises \u00e0 se conformer \u00e0 ces r\u00e9glementations.<\/div>\n<\/div>\n<h2>WiFi\/Cloud :<\/h2>\n<div class=\"accordion\">\n<h2 class=\"accordion-header\">Le produit 21CFR Cloud conviendrait-il \u00e0 mon entreprise ?<br \/>\n<i class=\"fas fa-chevron-circle-down\"><\/i><\/h2>\n<div class=\"accordion-content\">Ce produit a \u00e9t\u00e9 con\u00e7u pour les entreprises qui souhaitent utiliser des moyens \u00e9lectroniques pour remplacer en toute s\u00e9curit\u00e9 leurs dossiers papier afin de se conformer aux r\u00e9glementations 21 CFR Part 11 pour les industries pharmaceutiques et m\u00e9dicales. De m\u00eame, si vous travaillez dans l&rsquo;industrie pharmaceutique et m\u00e9dicale am\u00e9ricaine, et si vous souhaitez \u00eatre compatible avec elle, et rationaliser vos enregistrements en cons\u00e9quence, il serait avantageux d&rsquo;initier un 21 CFR Cloud.<\/div>\n<\/div>\n<div class=\"accordion\">\n<h2 class=\"accordion-header\">Existe-t-il des applications pour le syst\u00e8me 21CFR Part 11 WiFi ?<br \/>\n<i class=\"fas fa-chevron-circle-down\"><\/i><\/h2>\n<div class=\"accordion-content\">Pour contr\u00f4ler la s\u00e9curit\u00e9 de l&rsquo;acc\u00e8s au 21CFR Cloud, aucune application Android ou IOS n&rsquo;a \u00e9t\u00e9 publi\u00e9e pour le moment.<\/div>\n<\/div>\n<div class=\"accordion\">\n<h2 class=\"accordion-header\">Puis-je utiliser l&rsquo;un de vos enregistreurs de donn\u00e9es WiFi standard sur le 21CFR Cloud ?<br \/>\n<i class=\"fas fa-chevron-circle-down\"><\/i><\/h2>\n<div class=\"accordion-content\">Nos enregistreurs de donn\u00e9es 21 CFR WiFi sont sp\u00e9cialement con\u00e7us et produits pour fonctionner avec le 21CFR Cloud. Aucun de nos enregistreurs standard ne communique avec le 21CFR Cloud et ils ne peuvent pas \u00eatre mis \u00e0 jour pour fonctionner avec lui.<\/div>\n<\/div>\n<div class=\"accordion\">\n<h2 class=\"accordion-header\">Existe-t-il un compte \u00ab\u00a0gratuit\u00a0\u00bb ou \u00ab\u00a0personnel\u00a0\u00bb pour le 21CFR Cloud ?<br \/>\n<i class=\"fas fa-chevron-circle-down\"><\/i><\/h2>\n<div class=\"accordion-content\">En raison de la complexit\u00e9 de l&rsquo;administration du 21CFR, les comptes gratuits et personnels de base de notre Cloud standard ne sont pas adapt\u00e9s \u00e0 l&rsquo;administration du 21CFR. Le 21CFR Cloud est con\u00e7u comme un service professionnel pour les entreprises.<\/div>\n<\/div>\n<div class=\"accordion\">\n<h2 class=\"accordion-header\">Comme pour le syst\u00e8me de capteurs WiFi standard, existe-t-il une version PC ?<br \/>\n<i class=\"fas fa-chevron-circle-down\"><\/i><\/h2>\n<div class=\"accordion-content\">Comme une version fonctionnant sur un PC local ne peut \u00eatre s\u00e9curis\u00e9e et contr\u00f4l\u00e9e de mani\u00e8re ad\u00e9quate, aucune version utilisant un PC local n&rsquo;est actuellement disponible.<\/div>\n<\/div>\n<div class=\"accordion\">\n<h2 class=\"accordion-header\">Comment puis-je ouvrir un compte 21CFR Part 11 Professional Cloud ?<br \/>\n<i class=\"fas fa-chevron-circle-down\"><\/i><\/h2>\n<div class=\"accordion-content\">Allez \u00e0 la section T\u00e9l\u00e9chargements de logiciels et t\u00e9l\u00e9chargez et installez la derni\u00e8re version du logiciel du capteur WiFi 21CFR. <span style=\"text-decoration: underline;\"><br \/>\n  <strong><br \/>\n    <a href=\"https:\/\/praxas.com\/easylog-21cfr-wifi\/\">21CFR WiFi Sensor Software.<\/a><br \/>\n  <\/strong><br \/>\n<\/span> Sur votre PC Windows, lancez le programme, cliquez sur le bouton orange Sign-Up et suivez les instructions \u00e0 l&rsquo;\u00e9cran pour cr\u00e9er un compte. Une fois qu&rsquo;il a \u00e9t\u00e9 configur\u00e9 et que vous disposez d&rsquo;un enregistreur de donn\u00e9es WiFi compatible avec le 21CFR, cliquez sur le bouton \u00ab\u00a0Set-Up Device on the Cloud\u00a0\u00bb et suivez les instructions qui s&rsquo;affichent \u00e0 l&rsquo;\u00e9cran.<\/div>\n<\/div>\n<div class=\"accordion\">\n<h2 class=\"accordion-header\">En quoi le 21CFR diff\u00e8re-t-il de l&rsquo;EasyLog Cloud ?<br \/>\n<i class=\"fas fa-chevron-circle-down\"><\/i><\/h2>\n<div class=\"accordion-content\">21CFR Part 11 est une r\u00e9glementation am\u00e9ricaine de la FDA qui couvre les enregistrements \u00e9lectroniques de donn\u00e9es pour les fabricants de produits alimentaires et pharmaceutiques. Les syst\u00e8mes conformes au 21CFR n\u00e9cessitent notre mat\u00e9riel d\u00e9sign\u00e9 21CFR et notre service en nuage 21CFR distinct.<\/div>\n<\/div>\n<h2>USB :<\/h2>\n<div class=\"accordion\">\n<h2 class=\"accordion-header\">Mon EL-USB Logger ne se connecte pas. Comment v\u00e9rifier et r\u00e9soudre les probl\u00e8mes de batterie et de pilote ?<br \/>\n<i class=\"fas fa-chevron-circle-down\"><\/i><\/h2>\n<div class=\"accordion-content\">Nous avons \u00e9labor\u00e9 un guide d&rsquo;aide sur les probl\u00e8mes de batterie et de pilote. <a href=\"\/wp-content\/uploads\/el-usb-range-includes-el-gfx-range-troubleshooting.pdf\"><br \/>\n  <strong>ici<\/strong><br \/>\n<\/a>.<\/div>\n<\/div>\n<div class=\"accordion\">\n<h2 class=\"accordion-header\">Que se passe-t-il si j&rsquo;oublie mes identifiants de connexion au logiciel 21CFR USB ?<br \/>\n<i class=\"fas fa-chevron-circle-down\"><\/i><\/h2>\n<div class=\"accordion-content\">Un administrateur du logiciel devra r\u00e9initialiser votre mot de passe \u00e0 partir du menu &lt;Admin&gt; &lt;Edit User&gt;. La prochaine fois que vous tenterez de vous connecter, il vous sera demand\u00e9 de saisir et de confirmer un nouveau mot de passe. Pour plus d&rsquo;informations sur l&rsquo;utilisation des logiciels, veuillez vous r\u00e9f\u00e9rer au <a href=\"\/wp-content\/uploads\/easylog-21cfr-operation-guide_iss4.pdf\"><br \/>\n  <strong>Guide du logiciel 21CFR<\/strong><br \/>\n<\/a>.<\/div>\n<\/div>\n","protected":false},"excerpt":{"rendered":"<p>Questions fr\u00e9quemment pos\u00e9es 21CFR : WiFi\/Cloud : USB :<\/p>\n","protected":false},"author":2,"featured_media":0,"parent":29767,"menu_order":0,"comment_status":"closed","ping_status":"closed","template":"template-fullwidth.php","meta":{"_acf_changed":false,"content-type":"","_uag_custom_page_level_css":"","footnotes":""},"class_list":["post-29691","page","type-page","status-publish","hentry"],"acf":[],"spectra_custom_meta":{"hero_image":[""],"_hero_image":["field_64f1a7da7af44"],"_hero_h1":["field_64f19e1edd052"],"_hero_h2":["field_64f19e2ddd053"],"_hero_text":["field_64f19e42dd054"],"_hero_button_text":["field_64f19e4edd055"],"_hero_button_link":["field_64f19e5ddd056"],"_top_nav_excluded":[""],"_cms_nav_minihome":[""],"_wp_page_template":["template-fullwidth.php"],"_last_translation_edit_mode":["translation-editor"],"_edit_lock":["1721656801:8383"],"classic-editor-remember":["classic-editor"],"rank_math_seo_score":["16"],"_edit_last":["8383"],"hero_h1":[""],"hero_h2":[""],"hero_text":[""],"hero_button_text":[""],"hero_button_link":[""],"_wpml_media_duplicate":["1"],"_wpml_media_featured":["1"],"_wpml_word_count":["637"],"rank_math_title":["21CFR Data Logger Support | Enregistreurs de donn\u00e9es s\u00e9curis\u00e9s | Praxas"],"rank_math_description":["Veuillez consulter nos FAQ Si vous avez besoin d'une assistance pour les enregistreurs de donn\u00e9es 21CFR, si vous avez encore besoin d'aide, veuillez appeler notre \u00e9quipe de vente d\u00e8s aujourd'hui !"],"rank_math_focus_keyword":["Support de l'enregistreur de donn\u00e9es 21CFR"],"_uag_page_assets":["a:9:{s:3:\"css\";s:0:\"\";s:2:\"js\";s:0:\"\";s:18:\"current_block_list\";a:0:{}s:8:\"uag_flag\";b:0;s:11:\"uag_version\";s:10:\"1775212209\";s:6:\"gfonts\";a:0:{}s:10:\"gfonts_url\";s:0:\"\";s:12:\"gfonts_files\";a:0:{}s:14:\"uag_faq_layout\";b:0;}"]},"uagb_featured_image_src":{"full":false,"thumbnail":false,"medium":false,"medium_large":false,"large":false,"1536x1536":false,"2048x2048":false,"crunchify-admin-post-featured-image":false,"commercegurus-pdp-large":false,"commercegurus-plp-mobile":false,"cgkit_image_swatch":false,"woocommerce_thumbnail":false,"woocommerce_single":false,"woocommerce_gallery_thumbnail":false},"uagb_author_info":{"display_name":"Andy Price","author_link":"https:\/\/praxas.com\/fr\/author\/andyp\/"},"uagb_comment_info":0,"uagb_excerpt":"Questions fr\u00e9quemment pos\u00e9es 21CFR : WiFi\/Cloud : USB :","_links":{"self":[{"href":"https:\/\/praxas.com\/fr\/wp-json\/wp\/v2\/pages\/29691","targetHints":{"allow":["GET"]}}],"collection":[{"href":"https:\/\/praxas.com\/fr\/wp-json\/wp\/v2\/pages"}],"about":[{"href":"https:\/\/praxas.com\/fr\/wp-json\/wp\/v2\/types\/page"}],"author":[{"embeddable":true,"href":"https:\/\/praxas.com\/fr\/wp-json\/wp\/v2\/users\/2"}],"replies":[{"embeddable":true,"href":"https:\/\/praxas.com\/fr\/wp-json\/wp\/v2\/comments?post=29691"}],"version-history":[{"count":5,"href":"https:\/\/praxas.com\/fr\/wp-json\/wp\/v2\/pages\/29691\/revisions"}],"predecessor-version":[{"id":51936,"href":"https:\/\/praxas.com\/fr\/wp-json\/wp\/v2\/pages\/29691\/revisions\/51936"}],"up":[{"embeddable":true,"href":"https:\/\/praxas.com\/fr\/wp-json\/wp\/v2\/pages\/29767"}],"wp:attachment":[{"href":"https:\/\/praxas.com\/fr\/wp-json\/wp\/v2\/media?parent=29691"}],"curies":[{"name":"wp","href":"https:\/\/api.w.org\/{rel}","templated":true}]}}