{"id":29694,"date":"2023-09-21T11:29:59","date_gmt":"2023-09-21T11:29:59","guid":{"rendered":"https:\/\/staging.praxas.com\/support-pour-lenregistreur-de-donnees-sgd-atp\/"},"modified":"2025-06-20T09:43:26","modified_gmt":"2025-06-20T09:43:26","slug":"support-pour-lenregistreur-de-donnees-sgd-atp","status":"publish","type":"page","link":"https:\/\/praxas.com\/fr\/soutien\/support-pour-lenregistreur-de-donnees-sgd-atp\/","title":{"rendered":"Support pour l&rsquo;enregistreur de donn\u00e9es SGD-ATP"},"content":{"rendered":"<h2>Questions fr\u00e9quemment pos\u00e9es<\/h2>\n<p><span class=\"ui-provider azr azs azt azu azv azw azx azy azz baa bab bac bae baf bag bah bai baj bak bal bam ban bao bap baq bar bas bat bau bav baw bax bay baz bba\" dir=\"ltr\"><\/p>\n<div class=\"accordion\">\n<h2 class=\"accordion-header\">Que signifie le symbole ERR sur mon appareil EL-SGD ATP ?<br \/>\n<i class=\"fas fa-chevron-circle-down\"><\/i><\/h2>\n<div class=\"accordion-content\"><\/span>Cela signifie que quelque chose a affect\u00e9 les enregistrements affich\u00e9s sur l&rsquo;appareil. Notez que cela n&rsquo;affecte pas les donn\u00e9es qui ont \u00e9t\u00e9 r\u00e9ellement enregistr\u00e9es. Les principales causes de ce ph\u00e9nom\u00e8ne sont les suivantes :<\/p>\n<ul>\n<li>Sondez l&rsquo;erreur \u00e0 un moment donn\u00e9.<\/li>\n<li>Le nombre de journaux a \u00e9t\u00e9 d\u00e9pass\u00e9.<span class=\"ui-provider azr azs azt azu azv azw azx azy azz baa bab bac bae baf bag bah bai baj bak bal bam ban bao bap baq bar bas bat bau bav baw bax bay baz bba\" dir=\"ltr\"><\/div>\n<\/div>\n<p><\/span><\/li>\n<\/ul>\n<p><span class=\"ui-provider azr azs azt azu azv azw azx azy azz baa bab bac bae baf bag bah bai baj bak bal bam ban bao bap baq bar bas bat bau bav baw bax bay baz bba\" dir=\"ltr\"><\/p>\n<div class=\"accordion\">\n<h2 class=\"accordion-header\">Pourquoi le bouton \u00ab\u00a0start all logging\u00a0\u00bb est-il gris\u00e9 sur mon EL-SGD 43\/70-ATP ?<br \/>\n<i class=\"fas fa-chevron-circle-down\"><\/i><\/h2>\n<div class=\"accordion-content\">Cela signifie que l&rsquo;appareil est en mode de d\u00e9marrage diff\u00e9r\u00e9 et qu&rsquo;il attendra l&rsquo;heure et la date de d\u00e9marrage sp\u00e9cifi\u00e9es avant de commencer l&rsquo;enregistrement.<\/span><span class=\"ui-provider azr azs azt azu azv azw azx azy azz baa bab bac bae baf bag bah bai baj bak bal bam ban bao bap baq bar bas bat bau bav baw bax bay baz bba\" dir=\"ltr\"><\/div>\n<\/div>\n<p><\/span><\/p>\n<p><strong><br \/>\n<\/strong><span class=\"ui-provider azr azs azt azu azv azw azx azy azz baa bab bac bae baf bag bah bai baj bak bal bam ban bao bap baq bar bas bat bau bav baw bax bay baz bba\" dir=\"ltr\"><\/p>\n<div class=\"accordion\">\n<h2 class=\"accordion-header\">Comment puis-je v\u00e9rifier les niveaux d&rsquo;alarme et le taux d&rsquo;enregistrement sur mon EL-SGD 43\/70-ATP ?<br \/>\n<i class=\"fas fa-chevron-circle-down\"><\/i><\/h2>\n<div class=\"accordion-content\">Sur l&rsquo;\u00e9cran d&rsquo;information, si vous appuyez et maintenez la case de la valeur consign\u00e9e haute ou basse, elle sera remplac\u00e9e par les valeurs d&rsquo;alarme haute ou basse (en supposant qu&rsquo;elles aient \u00e9t\u00e9 r\u00e9gl\u00e9es). Si vous appuyez sur la case du nombre d&rsquo;enregistrements et la maintenez enfonc\u00e9e, le taux d&rsquo;enregistrement s&rsquo;affichera.<\/span><span class=\"ui-provider azr azs azt azu azv azw azx azy azz baa bab bac bae baf bag bah bai baj bak bal bam ban bao bap baq bar bas bat bau bav baw bax bay baz bba\" dir=\"ltr\"><\/div>\n<\/div>\n<p><\/span><\/p>\n<p><span class=\"ui-provider azr azs azt azu azv azw azx azy azz baa bab bac bae baf bag bah bai baj bak bal bam ban bao bap baq bar bas bat bau bav baw bax bay baz bba\" dir=\"ltr\"><\/p>\n<div class=\"accordion\">\n<h2 class=\"accordion-header\">J&rsquo;ai fait une erreur dans la configuration de mon appareil sur la gamme d&rsquo;enregistreurs de donn\u00e9es EL-SGD, comment puis-je la modifier ?<br \/>\n<i class=\"fas fa-chevron-circle-down\"><\/i><\/h2>\n<div class=\"accordion-content\">Acc\u00e9dez \u00e0 n&rsquo;importe quel \u00e9cran d&rsquo;information, puis \u00e0 l&rsquo;\u00e9cran des param\u00e8tres. \u00c0 partir de l\u00e0, vous pouvez s\u00e9lectionner la r\u00e9initialisation d&rsquo;usine qui vous permettra de reconfigurer votre appareil.<\/span><span class=\"ui-provider azr azs azt azu azv azw azx azy azz baa bab bac bae baf bag bah bai baj bak bal bam ban bao bap baq bar bas bat bau bav baw bax bay baz bba\" dir=\"ltr\"><\/div>\n<\/div>\n<p><\/span><\/p>\n<p><strong><br \/>\n<\/strong><span class=\"ui-provider azr azs azt azu azv azw azx azy azz baa bab bac bae baf bag bah bai baj bak bal bam ban bao bap baq bar bas bat bau bav baw bax bay baz bba\" dir=\"ltr\"><\/p>\n<div class=\"accordion\">\n<h2 class=\"accordion-header\">Si j&rsquo;effectue une r\u00e9initialisation d&rsquo;usine ou si j&rsquo;\u00e9teins mon EL-SGD 43\/70-ATP, est-ce que je perdrai mes journaux ?<br \/>\n<i class=\"fas fa-chevron-circle-down\"><\/i><\/h2>\n<div class=\"accordion-content\">Non, le seul moyen de perdre vos journaux est de les supprimer apr\u00e8s les avoir t\u00e9l\u00e9charg\u00e9s. Sinon, ils seront simplement sauvegard\u00e9s dans un fichier horodat\u00e9.<\/span><span class=\"ui-provider azr azs azt azu azv azw azx azy azz baa bab bac bae baf bag bah bai baj bak bal bam ban bao bap baq bar bas bat bau bav baw bax bay baz bba\" dir=\"ltr\"><\/div>\n<\/div>\n<p><\/span><\/p>\n<p><span class=\"ui-provider azr azs azt azu azv azw azx azy azz baa bab bac bae baf bag bah bai baj bak bal bam ban bao bap baq bar bas bat bau bav baw bax bay baz bba\" dir=\"ltr\"><\/p>\n<div class=\"accordion\">\n<h2 class=\"accordion-header\">Je pense que mon enregistreur de donn\u00e9es EL-SGD 43\/70-ATP a perdu de l&rsquo;\u00e9nergie et maintenant mon nombre d&rsquo;enregistrements est revenu \u00e0 1. Ai-je perdu toutes mes donn\u00e9es ?<br \/>\n<i class=\"fas fa-chevron-circle-down\"><\/i><\/h2>\n<div class=\"accordion-content\">Non, lorsque l&rsquo;appareil n&rsquo;est plus aliment\u00e9, l&rsquo;enregistrement des donn\u00e9es en cours est interrompu et sauvegard\u00e9, puis un nouvel enregistrement est lanc\u00e9 une fois que l&rsquo;appareil est remis sous tension.<\/span><span class=\"ui-provider azr azs azt azu azv azw azx azy azz baa bab bac bae baf bag bah bai baj bak bal bam ban bao bap baq bar bas bat bau bav baw bax bay baz bba\" dir=\"ltr\"><\/div>\n<\/div>\n<p><\/span><\/p>\n","protected":false},"excerpt":{"rendered":"<p>Questions fr\u00e9quemment pos\u00e9es<\/p>\n","protected":false},"author":2,"featured_media":0,"parent":29767,"menu_order":0,"comment_status":"closed","ping_status":"closed","template":"template-fullwidth.php","meta":{"_acf_changed":false,"content-type":"","_uag_custom_page_level_css":"","footnotes":""},"class_list":["post-29694","page","type-page","status-publish","hentry"],"acf":[],"spectra_custom_meta":{"hero_image":[""],"_hero_image":["field_64f1a7da7af44"],"_hero_h1":["field_64f19e1edd052"],"_hero_h2":["field_64f19e2ddd053"],"_hero_text":["field_64f19e42dd054"],"_hero_button_text":["field_64f19e4edd055"],"_hero_button_link":["field_64f19e5ddd056"],"_top_nav_excluded":[""],"_cms_nav_minihome":[""],"_wp_page_template":["template-fullwidth.php"],"rank_math_focus_keyword":["Enregistreur de donn\u00e9es OEM"],"_last_translation_edit_mode":["translation-editor"],"_wpml_word_count":["360"],"rank_math_title":["Support pour les enregistreurs de donn\u00e9es OEM | Support pour les enregistreurs de donn\u00e9es EasyLog"],"rank_math_description":["Consultez nos FAQ sur notre site web ou contactez notre \u00e9quipe commerciale chez Lascar Electronics si vous avez besoin d'aide avec nos enregistreurs de donn\u00e9es OEM."],"_uag_page_assets":["a:9:{s:3:\"css\";s:0:\"\";s:2:\"js\";s:0:\"\";s:18:\"current_block_list\";a:0:{}s:8:\"uag_flag\";b:0;s:11:\"uag_version\";s:10:\"1776333386\";s:6:\"gfonts\";a:0:{}s:10:\"gfonts_url\";s:0:\"\";s:12:\"gfonts_files\";a:0:{}s:14:\"uag_faq_layout\";b:0;}"]},"uagb_featured_image_src":{"full":false,"thumbnail":false,"medium":false,"medium_large":false,"large":false,"1536x1536":false,"2048x2048":false,"crunchify-admin-post-featured-image":false,"commercegurus-pdp-large":false,"commercegurus-plp-mobile":false,"cgkit_image_swatch":false,"woocommerce_thumbnail":false,"woocommerce_single":false,"woocommerce_gallery_thumbnail":false},"uagb_author_info":{"display_name":"Andy Price","author_link":"https:\/\/praxas.com\/fr\/author\/andyp\/"},"uagb_comment_info":0,"uagb_excerpt":"Questions fr\u00e9quemment pos\u00e9es","_links":{"self":[{"href":"https:\/\/praxas.com\/fr\/wp-json\/wp\/v2\/pages\/29694","targetHints":{"allow":["GET"]}}],"collection":[{"href":"https:\/\/praxas.com\/fr\/wp-json\/wp\/v2\/pages"}],"about":[{"href":"https:\/\/praxas.com\/fr\/wp-json\/wp\/v2\/types\/page"}],"author":[{"embeddable":true,"href":"https:\/\/praxas.com\/fr\/wp-json\/wp\/v2\/users\/2"}],"replies":[{"embeddable":true,"href":"https:\/\/praxas.com\/fr\/wp-json\/wp\/v2\/comments?post=29694"}],"version-history":[{"count":2,"href":"https:\/\/praxas.com\/fr\/wp-json\/wp\/v2\/pages\/29694\/revisions"}],"predecessor-version":[{"id":46919,"href":"https:\/\/praxas.com\/fr\/wp-json\/wp\/v2\/pages\/29694\/revisions\/46919"}],"up":[{"embeddable":true,"href":"https:\/\/praxas.com\/fr\/wp-json\/wp\/v2\/pages\/29767"}],"wp:attachment":[{"href":"https:\/\/praxas.com\/fr\/wp-json\/wp\/v2\/media?parent=29694"}],"curies":[{"name":"wp","href":"https:\/\/api.w.org\/{rel}","templated":true}]}}