{"id":29697,"date":"2023-09-21T11:28:08","date_gmt":"2023-09-21T11:28:08","guid":{"rendered":"https:\/\/staging.praxas.com\/support-pour-les-enregistreurs-de-donnees-de-la-chaine-du-froid\/"},"modified":"2025-06-20T09:44:27","modified_gmt":"2025-06-20T09:44:27","slug":"support-pour-les-enregistreurs-de-donnees-de-la-chaine-du-froid","status":"publish","type":"page","link":"https:\/\/praxas.com\/fr\/soutien\/support-pour-les-enregistreurs-de-donnees-de-la-chaine-du-froid\/","title":{"rendered":"Support pour les enregistreurs de donn\u00e9es de la cha\u00eene du froid"},"content":{"rendered":"<h2><strong>Questions fr\u00e9quemment pos\u00e9es<\/strong><\/h2>\n<p><span class=\"ui-provider azr azs azt azu azv azw azx azy azz baa bab bac bae baf bag bah bai baj bak bal bam ban bao bap baq bar bas bat bau bav baw bax bay baz bba\" dir=\"ltr\"><\/p>\n<div class=\"accordion\">\n<h2 class=\"accordion-header\">Mon enregistreur CC-2 est-il \u00e9tanche ?<br \/>\n<i class=\"fas fa-chevron-circle-down\"><\/i><\/h2>\n<div class=\"accordion-content\">Il est contenu dans une pochette en plastique conforme \u00e0 la norme IP67. Il est donc \u00e9tanche jusqu&rsquo;\u00e0 ce que vous brisiez le sceau de la pochette.<\/div>\n<\/div>\n<p><\/span><\/p>\n<p><span class=\"ui-provider azr azs azt azu azv azw azx azy azz baa bab bac bae baf bag bah bai baj bak bal bam ban bao bap baq bar bas bat bau bav baw bax bay baz bba\" dir=\"ltr\"><\/p>\n<div class=\"accordion\">\n<h2 class=\"accordion-header\">Puis-je modifier les niveaux d&rsquo;alarme de mon enregistreur CC-2 ?<br \/>\n<i class=\"fas fa-chevron-circle-down\"><\/i><\/h2>\n<div class=\"accordion-content\">Non, les niveaux d&rsquo;alarme sont pr\u00e9d\u00e9finis et ne peuvent pas \u00eatre modifi\u00e9s. Cependant, Lascar peut \u00e9galement fournir des configurations personnalis\u00e9es de cet enregistreur sur demande, o\u00f9 les alarmes de temp\u00e9rature et d&rsquo;humidit\u00e9 haute et basse sont r\u00e9gl\u00e9es selon vos besoins. Veuillez contacter leur <a href=\"https:\/\/lascarelectronics.com\/contact-us\/\" target=\"_blank\" rel=\"noopener\">\u00e9quipe de vente<\/a> si cela vous int\u00e9resse.<\/div>\n<\/div>\n<p><\/span><\/p>\n<p><span class=\"ui-provider azr azs azt azu azv azw azx azy azz baa bab bac bae baf bag bah bai baj bak bal bam ban bao bap baq bar bas bat bau bav baw bax bay baz bba\" dir=\"ltr\"><\/p>\n<div class=\"accordion\">\n<h2 class=\"accordion-header\">Comment d\u00e9sactiver mon enregistreur CC-2 ?<br \/>\n<i class=\"fas fa-chevron-circle-down\"><\/i><\/h2>\n<div class=\"accordion-content\">Il n&rsquo;est pas possible d&rsquo;\u00e9teindre compl\u00e8tement l&rsquo;enregistreur, mais vous pouvez l&rsquo;arr\u00eater en appuyant sur le bouton Start\/Stop.<\/div>\n<\/div>\n<p><\/span><\/p>\n<p><span class=\"ui-provider azr azs azt azu azv azw azx azy azz baa bab bac bae baf bag bah bai baj bak bal bam ban bao bap baq bar bas bat bau bav baw bax bay baz bba\" dir=\"ltr\"><\/p>\n<div class=\"accordion\">\n<h2 class=\"accordion-header\">Y a-t-il des alarmes de niveau d&rsquo;humidit\u00e9 sur mon enregistreur CC-2 ?<br \/>\n<i class=\"fas fa-chevron-circle-down\"><\/i><\/h2>\n<div class=\"accordion-content\">Non, sur les mod\u00e8les standard, les niveaux d&rsquo;alarme ne sont d\u00e9finis que pour la temp\u00e9rature, mais l&rsquo;enregistreur enregistre \u00e0 la fois les donn\u00e9es de temp\u00e9rature et d&rsquo;humidit\u00e9. Notez cependant que Lascar peut fournir des versions personnalis\u00e9es de cet enregistreur o\u00f9 les alarmes de temp\u00e9rature et d&rsquo;humidit\u00e9 sont r\u00e9gl\u00e9es selon vos sp\u00e9cifications. Veuillez contacter notre <a href=\"https:\/\/lascarelectronics.com\/contact-us\/\" target=\"_blank\" rel=\"noopener\">\u00e9quipe de vente<\/a> si cela vous int\u00e9resse.<\/div>\n<\/div>\n<p><\/span><\/p>\n<p><span class=\"ui-provider azr azs azt azu azv azw azx azy azz baa bab bac bae baf bag bah bai baj bak bal bam ban bao bap baq bar bas bat bau bav baw bax bay baz bba\" dir=\"ltr\"><\/p>\n<div class=\"accordion\">\n<h2 class=\"accordion-header\">Comment puis-je savoir si mon enregistreur CC-2 fonctionne normalement ?<br \/>\n<i class=\"fas fa-chevron-circle-down\"><\/i><\/h2>\n<div class=\"accordion-content\">Vous pouvez obtenir des informations sur l&rsquo;\u00e9tat de l&rsquo;enregistreur en appuyant sur le bouton circulaire rouge et blanc, ce qui fera clignoter un indicateur LED. Veuillez vous r\u00e9f\u00e9rer au <span style=\"text-decoration: underline;\"><br \/>\n  <strong><br \/>\n    <a href=\"\/wp-content\/uploads\/easylog_cc-2_quick-start-guide_v1_07-17.pdf\">Guide de d\u00e9marrage rapide<\/a><br \/>\n  <\/strong><br \/>\n<\/span> pour conna\u00eetre la signification des clignotements.<\/div>\n<\/div>\n<p><\/span><\/p>\n<p><span class=\"ui-provider azr azs azt azu azv azw azx azy azz baa bab bac bae baf bag bah bai baj bak bal bam ban bao bap baq bar bas bat bau bav baw bax bay baz bba\" dir=\"ltr\"><\/p>\n<div class=\"accordion\">\n<h2 class=\"accordion-header\">Comment configurer mon enregistreur CC-2 ?<br \/>\n<i class=\"fas fa-chevron-circle-down\"><\/i><\/h2>\n<div class=\"accordion-content\">L&rsquo;appareil est pr\u00e9configur\u00e9 avec des niveaux d&rsquo;alarme de temp\u00e9rature. Il vous suffit d&rsquo;appuyer sur le bouton circulaire rouge et blanc pour commencer \u00e0 enregistrer la temp\u00e9rature et l&rsquo;humidit\u00e9.<\/div>\n<\/div>\n<p><\/span><\/p>\n<p>&nbsp;<\/p>\n","protected":false},"excerpt":{"rendered":"<p>Questions fr\u00e9quemment pos\u00e9es &nbsp;<\/p>\n","protected":false},"author":2,"featured_media":0,"parent":29767,"menu_order":0,"comment_status":"closed","ping_status":"closed","template":"template-fullwidth.php","meta":{"_acf_changed":false,"content-type":"","_uag_custom_page_level_css":"","footnotes":""},"class_list":["post-29697","page","type-page","status-publish","hentry"],"acf":[],"spectra_custom_meta":{"hero_image":[""],"_hero_image":["field_64f1a7da7af44"],"_hero_h1":["field_64f19e1edd052"],"_hero_h2":["field_64f19e2ddd053"],"_hero_text":["field_64f19e42dd054"],"_hero_button_text":["field_64f19e4edd055"],"_hero_button_link":["field_64f19e5ddd056"],"_top_nav_excluded":[""],"_cms_nav_minihome":[""],"_wp_page_template":["template-fullwidth.php"],"_last_translation_edit_mode":["translation-editor"],"_edit_lock":["1721656882:8383"],"classic-editor-remember":["classic-editor"],"rank_math_seo_score":["56"],"_edit_last":["8383"],"hero_h1":[""],"hero_h2":[""],"hero_text":[""],"hero_button_text":[""],"hero_button_link":[""],"_wpml_media_duplicate":["1"],"_wpml_media_featured":["1"],"rank_math_title":["Support pour les enregistreurs de donn\u00e9es de la cha\u00eene du froid | EL-CC et EL-PDF | Lascar"],"rank_math_description":["Si vous avez besoin d'une assistance en mati\u00e8re d'enregistreurs de donn\u00e9es pour la cha\u00eene du froid, n'h\u00e9sitez pas \u00e0 contacter notre \u00e9quipe de vente d\u00e8s aujourd'hui ! Vous pouvez \u00e9galement consulter une s\u00e9rie de FAQ sur notre site web."],"rank_math_focus_keyword":["Support pour les enregistreurs de donn\u00e9es de la cha\u00eene du froid"],"_wpml_word_count":["334"],"_uag_page_assets":["a:9:{s:3:\"css\";s:0:\"\";s:2:\"js\";s:0:\"\";s:18:\"current_block_list\";a:0:{}s:8:\"uag_flag\";b:0;s:11:\"uag_version\";s:10:\"1777052440\";s:6:\"gfonts\";a:0:{}s:10:\"gfonts_url\";s:0:\"\";s:12:\"gfonts_files\";a:0:{}s:14:\"uag_faq_layout\";b:0;}"]},"uagb_featured_image_src":{"full":false,"thumbnail":false,"medium":false,"medium_large":false,"large":false,"1536x1536":false,"2048x2048":false,"crunchify-admin-post-featured-image":false,"commercegurus-pdp-large":false,"commercegurus-plp-mobile":false,"cgkit_image_swatch":false,"woocommerce_thumbnail":false,"woocommerce_single":false,"woocommerce_gallery_thumbnail":false},"uagb_author_info":{"display_name":"Andy Price","author_link":"https:\/\/praxas.com\/fr\/author\/andyp\/"},"uagb_comment_info":0,"uagb_excerpt":"Questions fr\u00e9quemment pos\u00e9es &nbsp;","_links":{"self":[{"href":"https:\/\/praxas.com\/fr\/wp-json\/wp\/v2\/pages\/29697","targetHints":{"allow":["GET"]}}],"collection":[{"href":"https:\/\/praxas.com\/fr\/wp-json\/wp\/v2\/pages"}],"about":[{"href":"https:\/\/praxas.com\/fr\/wp-json\/wp\/v2\/types\/page"}],"author":[{"embeddable":true,"href":"https:\/\/praxas.com\/fr\/wp-json\/wp\/v2\/users\/2"}],"replies":[{"embeddable":true,"href":"https:\/\/praxas.com\/fr\/wp-json\/wp\/v2\/comments?post=29697"}],"version-history":[{"count":3,"href":"https:\/\/praxas.com\/fr\/wp-json\/wp\/v2\/pages\/29697\/revisions"}],"predecessor-version":[{"id":49841,"href":"https:\/\/praxas.com\/fr\/wp-json\/wp\/v2\/pages\/29697\/revisions\/49841"}],"up":[{"embeddable":true,"href":"https:\/\/praxas.com\/fr\/wp-json\/wp\/v2\/pages\/29767"}],"wp:attachment":[{"href":"https:\/\/praxas.com\/fr\/wp-json\/wp\/v2\/media?parent=29697"}],"curies":[{"name":"wp","href":"https:\/\/api.w.org\/{rel}","templated":true}]}}