{"id":29699,"date":"2023-09-21T11:27:16","date_gmt":"2023-09-21T11:27:16","guid":{"rendered":"https:\/\/staging.praxas.com\/support-pour-lenregistreur-de-donnees-el-usb\/"},"modified":"2025-06-20T09:44:34","modified_gmt":"2025-06-20T09:44:34","slug":"support-pour-lenregistreur-de-donnees-el-usb","status":"publish","type":"page","link":"https:\/\/praxas.com\/fr\/soutien\/support-pour-lenregistreur-de-donnees-el-usb\/","title":{"rendered":"Support pour l&rsquo;enregistreur de donn\u00e9es EL-USB"},"content":{"rendered":"<div class=\"accordion\">\n<h2 class=\"accordion-header\"><strong>Comment installer manuellement les pilotes de mon enregistreur de donn\u00e9es EasyLog USB ? <\/strong><strong><br \/>\n<\/strong><br \/>\n<i class=\"fas fa-chevron-circle-down\"><\/i><\/h2>\n<div class=\"accordion-content\">Si vous avez besoin d&rsquo;installer manuellement des pilotes pour votre enregistreur de donn\u00e9es USB, veuillez <span style=\"text-decoration: underline;\"><a href=\"\/wp-content\/uploads\/easylog_usb-manual-driver-install.pdf\"><strong>cliquez ici<\/strong><\/a><\/span> pour obtenir des instructions en fonction de votre syst\u00e8me d&rsquo;exploitation.<\/div>\n<\/div>\n<div class=\"accordion\">\n<h2 class=\"accordion-header\"><strong>Comment remplacer la pile de mon enregistreur ?  <\/strong><strong><br \/>\n<\/strong><br \/>\n<i class=\"fas fa-chevron-circle-down\"><\/i><\/h2>\n<div class=\"accordion-content\">\n<ul>\n<li>Gamme EL-USB<br \/>\nVotre enregistreur de donn\u00e9es est fourni avec une batterie<span style=\"text-decoration: underline;\"> <a href=\"https:\/\/praxas.com\/fr\/product\/data-loggers-fr\/accessoires-fr\/bat-3v6-1-2aa\/\"><strong>pile 3.6V 1\/2AA<\/strong><\/a><\/span> d\u00e9j\u00e0 install\u00e9e. Vous pouvez remplacer la pile en suivant les instructions ci-dessous.<img loading=\"lazy\" decoding=\"async\" class=\"alignnone wp-image-10717\" src=\"https:\/\/praxas.com\/wp-content\/uploads\/el-usb-batteryreplacement-300x90.png\" alt=\"Remplacement de la batterie El USB\" width=\"702\" height=\"211\" srcset=\"https:\/\/praxas.com\/wp-content\/uploads\/el-usb-batteryreplacement-300x90.png 300w, https:\/\/praxas.com\/wp-content\/uploads\/el-usb-batteryreplacement-768x231.png 768w, https:\/\/praxas.com\/wp-content\/uploads\/el-usb-batteryreplacement-120x36.png 120w, https:\/\/praxas.com\/wp-content\/uploads\/el-usb-batteryreplacement-441x133.png 441w, https:\/\/praxas.com\/wp-content\/uploads\/el-usb-batteryreplacement-150x45.png 150w, https:\/\/praxas.com\/wp-content\/uploads\/el-usb-batteryreplacement.png 800w\" sizes=\"auto, (max-width: 702px) 100vw, 702px\" \/><\/li>\n<li>Gammes EL-CC-1 \/ EL-CC-2 \/ EL-PDF-1<\/li>\n<\/ul>\n<p>Il s&rsquo;agit d&rsquo;unit\u00e9s scell\u00e9es et les piles ne sont pas rempla\u00e7ables. Si votre batterie est \u00e9puis\u00e9e, vous devrez acheter un produit de remplacement.<\/p>\n<ul>\n<li>Gamme EL-GFX<\/li>\n<\/ul>\n<p>Lorsque vous remplacez les deux piles <span style=\"text-decoration: underline;\"><strong><a href=\"https:\/\/praxas.com\/fr\/product\/data-loggers-fr\/accessoires-fr\/bat-3v6-1-2aa\/\">3,6V 1\/2AA<\/a><\/strong><\/span>desserrez les deux vis situ\u00e9es \u00e0 la base de l&rsquo;appareil. Retirez la partie inf\u00e9rieure du bo\u00eetier pour exposer la baie de la batterie. Retirez les piles usag\u00e9es et mettez les nouvelles en place. Replacez le bo\u00eetier inf\u00e9rieur et serrez les vis.<\/p>\n<p><img loading=\"lazy\" decoding=\"async\" class=\"alignnone size-full wp-image-10722\" src=\"https:\/\/praxas.com\/wp-content\/uploads\/el-gfx-batteryreplacement.png\" alt=\"Remplacement de la batterie du EL GFX\" width=\"199\" height=\"199\" srcset=\"https:\/\/praxas.com\/wp-content\/uploads\/el-gfx-batteryreplacement.png 199w, https:\/\/praxas.com\/wp-content\/uploads\/el-gfx-batteryreplacement-150x150.png 150w, https:\/\/praxas.com\/wp-content\/uploads\/el-gfx-batteryreplacement-120x120.png 120w, https:\/\/praxas.com\/wp-content\/uploads\/el-gfx-batteryreplacement-100x100.png 100w\" sizes=\"auto, (max-width: 199px) 100vw, 199px\" \/><\/p>\n<ul>\n<li>EL-USB-LITE<\/li>\n<\/ul>\n<p>Le couvercle de l&rsquo;enregistreur \u00e9tant retir\u00e9, retirez la vis de l&rsquo;extr\u00e9mit\u00e9 oppos\u00e9e de l&rsquo;enregistreur. S\u00e9parez d\u00e9licatement les deux moulures et retirez la batterie de son support m\u00e9tallique. Remplacez la pile par une <strong><a href=\"https:\/\/praxas.com\/fr\/product\/data-loggers-fr\/accessoires-fr\/bat-3vx5\/\"><span style=\"text-decoration: underline;\">BAT 3VX5<\/span>.<\/a><\/strong><\/p>\n<p><img loading=\"lazy\" decoding=\"async\" class=\"alignnone wp-image-10724\" src=\"https:\/\/praxas.com\/wp-content\/uploads\/el-usb-lite-batteryreplacement-300x77.png\" alt=\"Remplacement de la batterie de l'EL USB Lite\" width=\"656\" height=\"168\" srcset=\"https:\/\/praxas.com\/wp-content\/uploads\/el-usb-lite-batteryreplacement-300x77.png 300w, https:\/\/praxas.com\/wp-content\/uploads\/el-usb-lite-batteryreplacement-768x197.png 768w, https:\/\/praxas.com\/wp-content\/uploads\/el-usb-lite-batteryreplacement-120x31.png 120w, https:\/\/praxas.com\/wp-content\/uploads\/el-usb-lite-batteryreplacement-441x113.png 441w, https:\/\/praxas.com\/wp-content\/uploads\/el-usb-lite-batteryreplacement-150x38.png 150w, https:\/\/praxas.com\/wp-content\/uploads\/el-usb-lite-batteryreplacement.png 801w\" sizes=\"auto, (max-width: 656px) 100vw, 656px\" \/><\/p>\n<ul>\n<li>EL-USB-1-PRO<\/li>\n<\/ul>\n<p>Retirez le couvercle de la batterie \u00e0 l&rsquo;aide d&rsquo;une petite pi\u00e8ce de monnaie ou d&rsquo;un objet similaire et laissez la batterie s&rsquo;\u00e9chapper. Remplacez la pile par une pile <span style=\"text-decoration: underline;\"><strong><a href=\"https:\/\/praxas.com\/it\/product\/registratori-di-dati\/accessori\/bat-3v6-2-3aa-h-temp\/\">BATT 3V6 2\/3AA<\/a><\/strong><\/span> H TEMPet revissez le couvercle de la pile. Veuillez noter qu&rsquo;il s&rsquo;agit d&rsquo;une batterie sp\u00e9cialis\u00e9e qui permet de faire fonctionner l&rsquo;enregistreur \u00e0 haute temp\u00e9rature. L&rsquo;utilisation de piles inadapt\u00e9es peut provoquer un incendie ou une explosion \u00e0 haute temp\u00e9rature.<\/p>\n<p><img loading=\"lazy\" decoding=\"async\" class=\"alignnone wp-image-10727\" src=\"https:\/\/praxas.com\/wp-content\/uploads\/el-usb-pro-batteryreplacement-300x77.png\" alt=\"Remplacement de la batterie de l'EL USB pro  \" width=\"647\" height=\"166\" srcset=\"https:\/\/praxas.com\/wp-content\/uploads\/el-usb-pro-batteryreplacement-300x77.png 300w, https:\/\/praxas.com\/wp-content\/uploads\/el-usb-pro-batteryreplacement-768x196.png 768w, https:\/\/praxas.com\/wp-content\/uploads\/el-usb-pro-batteryreplacement-120x31.png 120w, https:\/\/praxas.com\/wp-content\/uploads\/el-usb-pro-batteryreplacement-441x113.png 441w, https:\/\/praxas.com\/wp-content\/uploads\/el-usb-pro-batteryreplacement-150x38.png 150w, https:\/\/praxas.com\/wp-content\/uploads\/el-usb-pro-batteryreplacement.png 799w\" sizes=\"auto, (max-width: 647px) 100vw, 647px\" \/><\/p>\n<ul>\n<li>EL-USB-ACT<\/li>\n<\/ul>\n<p>Le EL-USB-ACT est livr\u00e9 avec deux piles AA. Pour commencer \u00e0 utiliser l&rsquo;appareil, la languette de la batterie doit \u00eatre retir\u00e9e comme indiqu\u00e9 ci-dessous. Pour remplacer les piles, il suffit de desserrer la vis situ\u00e9e \u00e0 l&rsquo;arri\u00e8re de l&rsquo;appareil et de les remplacer par deux piles AA suppl\u00e9mentaires.<\/p>\n<p><img loading=\"lazy\" decoding=\"async\" class=\"alignnone wp-image-10728\" src=\"https:\/\/praxas.com\/wp-content\/uploads\/el-usb-act-batteryreplacement.png\" alt=\"Remplacement de la pile de l'acte EL USB\" width=\"213\" height=\"213\" srcset=\"https:\/\/praxas.com\/wp-content\/uploads\/el-usb-act-batteryreplacement.png 199w, https:\/\/praxas.com\/wp-content\/uploads\/el-usb-act-batteryreplacement-150x150.png 150w, https:\/\/praxas.com\/wp-content\/uploads\/el-usb-act-batteryreplacement-120x120.png 120w, https:\/\/praxas.com\/wp-content\/uploads\/el-usb-act-batteryreplacement-100x100.png 100w\" sizes=\"auto, (max-width: 213px) 100vw, 213px\" \/><\/p>\n<ul>\n<li>EL-USB-1-RCG<\/li>\n<\/ul>\n<p>Le EL-USB-1-RCG est \u00e9quip\u00e9 d&rsquo;une batterie rechargeable non rempla\u00e7able. Si vous pensez que la batterie est d\u00e9charg\u00e9e, connectez l&rsquo;enregistreur \u00e0 un PC \u00e0 l&rsquo;aide d&rsquo;un c\u00e2ble Mini USB (CABLE USB A-MF) pendant cinq heures maximum.<\/p><\/div>\n<\/div>\n<div class=\"accordion\">\n<h2 class=\"accordion-header\"><strong>Pourquoi mes piles ne fonctionnent-elles pas ?  <\/strong><strong><br \/>\n<\/strong><br \/>\n<i class=\"fas fa-chevron-circle-down\"><\/i><\/h2>\n<div class=\"accordion-content\">Si elles restent inutilis\u00e9es pendant de longues p\u00e9riodes, les piles au lithium m\u00e9tal, y compris celles utilis\u00e9es dans la gamme d&rsquo;enregistreurs de donn\u00e9es EasyLog, forment naturellement une couche interne non conductrice &#8211; une couche de passivation &#8211; qui les emp\u00eache de s&rsquo;autod\u00e9charger et augmente efficacement leur dur\u00e9e de conservation. Lorsqu&rsquo;il est install\u00e9 pour la premi\u00e8re fois dans l&rsquo;enregistreur de donn\u00e9es, il peut provoquer une chute momentan\u00e9e de la tension de la batterie (tension minimale transitoire) lorsque la couche interne est d\u00e9compos\u00e9e, ce qui entra\u00eene la r\u00e9initialisation de l&rsquo;enregistreur de donn\u00e9es. Si vous ins\u00e9rez les piles dans l&rsquo;enregistreur de donn\u00e9es et que vous le laissez connect\u00e9 \u00e0 un PC pendant environ 30 secondes, vous \u00e9liminerez cette couche. Ensuite, retirez et r\u00e9installez les piles pour r\u00e9initialiser l&rsquo;enregistreur de donn\u00e9es. L&rsquo;autonomie globale de la batterie ne sera pas affect\u00e9e.<\/div>\n<\/div>\n<div class=\"accordion\">\n<h2 class=\"accordion-header\"><strong>Quelle est la dur\u00e9e de vie de la batterie de mon enregistreur de donn\u00e9es ?  <\/strong><strong><br \/>\n<\/strong><br \/>\n<i class=\"fas fa-chevron-circle-down\"><\/i><\/h2>\n<div class=\"accordion-content\">La dur\u00e9e de vie de la batterie d\u00e9pend de l&rsquo;enregistreur que vous avez et de son r\u00e9glage. La fiche technique de votre produit indique la dur\u00e9e de vie de la batterie dans le tableau des sp\u00e9cifications.<\/div>\n<\/div>\n<div class=\"accordion\">\n<h2 class=\"accordion-header\"><strong>Les enregistreurs de donn\u00e9es USB sont-ils \u00e9tanches ?  <\/strong><br \/>\n<i class=\"fas fa-chevron-circle-down\"><\/i><\/h2>\n<div class=\"accordion-content\">Tous nos enregistreurs de donn\u00e9es sont dot\u00e9s d&rsquo;un indice IP sur leur fiche technique. L&rsquo;indice IP est un code \u00e0 deux chiffres indiquant le niveau de protection contre les objets solides et la p\u00e9n\u00e9tration de l&rsquo;eau, comme indiqu\u00e9 ci-dessous :<\/p>\n<p>Premier chiffre &#8211; Protection m\u00e9canique<\/p>\n<ol>\n<li>Protection contre les objets solides de plus de 50 mm<\/li>\n<li>Protection contre les objets solides de plus de 12 mm<\/li>\n<li>Prot\u00e9g\u00e9 contre les objets solides de plus de 2,5 mm<\/li>\n<li>Protection contre les objets solides de plus de 1 mm<\/li>\n<li>Prot\u00e9g\u00e9 contre les poussi\u00e8res nocives, entr\u00e9e limit\u00e9e autoris\u00e9e<\/li>\n<li>Protection totale contre la poussi\u00e8re<\/li>\n<\/ol>\n<p>Deuxi\u00e8me chiffre &#8211; Protection contre les infiltrations d&rsquo;eau<\/p>\n<ol>\n<li>Prot\u00e9g\u00e9 contre les gouttes d&rsquo;eau tombant verticalement<\/li>\n<li>Prot\u00e9g\u00e9 contre les projections directes d&rsquo;eau jusqu&rsquo;\u00e0 15\u00b0 de la verticale<\/li>\n<li>Prot\u00e9g\u00e9 contre les projections directes d&rsquo;eau jusqu&rsquo;\u00e0 60\u00b0 de la verticale<\/li>\n<li>Prot\u00e9g\u00e9 contre les \u00e9claboussures d&rsquo;eau provenant de toutes les directions, p\u00e9n\u00e9tration limit\u00e9e autoris\u00e9e<\/li>\n<li>Prot\u00e9g\u00e9 contre les jets d&rsquo;eau \u00e0 basse pression provenant de toutes les directions, entr\u00e9e limit\u00e9e autoris\u00e9e<\/li>\n<li>Prot\u00e9g\u00e9 contre les jets d&rsquo;eau puissants, entr\u00e9e limit\u00e9e autoris\u00e9e<\/li>\n<li>Protection contre l&rsquo;immersion jusqu&rsquo;\u00e0 une profondeur de 1 m pendant 30 minutes.<\/li>\n<\/ol>\n<\/div>\n<\/div>\n<div class=\"accordion\">\n<h2 class=\"accordion-header\"><strong>Que signifient les symboles sur mon enregistreur de donn\u00e9es USB-LCD ?  <\/strong><br \/>\n<i class=\"fas fa-chevron-circle-down\"><\/i><\/h2>\n<div class=\"accordion-content\">\n<ul>\n<li>Si l&rsquo;\u00e9cran de votre enregistreur de donn\u00e9es affiche \u00ab\u00a0&#8212;\u00a0\u00bb lorsque vous appuyez sur le bouton, cela signifie que l&rsquo;enregistreur n&rsquo;enregistre pas.<\/li>\n<li>PS\u00a0\u00bb indique que l&rsquo;enregistreur de donn\u00e9es est en mode \u00ab\u00a0Push-to-Start\u00a0\u00bb. Appuyez sur le bouton pour d\u00e9marrer la session d&rsquo;enregistrement des donn\u00e9es.<\/li>\n<li>&lsquo;dS&rsquo; indique que l&rsquo;enregistreur de donn\u00e9es est en mode de d\u00e9marrage diff\u00e9r\u00e9. La session d&rsquo;enregistrement des donn\u00e9es commencera \u00e0 l&rsquo;heure sp\u00e9cifi\u00e9e lors de la configuration de l&rsquo;enregistreur.<\/div>\n<\/div>\n<div class=\"accordion\">\n<h2 class=\"accordion-header\"><strong>Le capteur de CO de mon EL-USB-CO\/EL-USB-CO300 a-t-il une dur\u00e9e de vie limit\u00e9e ?  <\/strong><strong><br \/>\n<\/strong><br \/>\n<i class=\"fas fa-chevron-circle-down\"><\/i><\/h2>\n<div class=\"accordion-content\">La dur\u00e9e de vie du capteur d&rsquo;un enregistreur EL-USB-CO\/CO300 est g\u00e9n\u00e9ralement de 4 ans. Vous trouverez la date d&rsquo;expiration exacte dans le logiciel EasyLog sous Current Status.<\/div>\n<\/div>\n<div class=\"accordion\">\n<h2 class=\"accordion-header\"><strong>Comment puis-je v\u00e9rifier le nombre de lectures\/\u00e9chantillons que j&rsquo;ai pris avec mon GFX-D2 ?  <\/strong><strong><br \/>\n<\/strong><br \/>\n<i class=\"fas fa-chevron-circle-down\"><\/i><\/h2>\n<div class=\"accordion-content\">Appuyez sur le bouton i de l&rsquo;appareil et naviguez vers le bas jusqu&rsquo;\u00e0 la derni\u00e8re page.<\/div>\n<\/div>\n<div class=\"accordion\">\n<h2 class=\"accordion-header\"><strong>Mon EL-USB Logger ne se connecte pas. Comment v\u00e9rifier et r\u00e9soudre les probl\u00e8mes de batterie et de pilote ?  <\/strong><strong><br \/>\n<\/strong><br \/>\n<i class=\"fas fa-chevron-circle-down\"><\/i><\/h2>\n<div class=\"accordion-content\">Nous avons \u00e9labor\u00e9 un guide d&rsquo;aide sur les probl\u00e8mes de batterie et de pilote. <span style=\"text-decoration: underline;\"><strong><a href=\"\/wp-content\/uploads\/el-usb-range-includes-el-gfx-range-troubleshooting-1.pdf\" target=\"_blank\" rel=\"noopener\">ici.<\/a><\/strong><\/span><\/div>\n<\/div>\n<p>&nbsp;<\/p>\n","protected":false},"excerpt":{"rendered":"<p>&nbsp;<\/p>\n","protected":false},"author":2,"featured_media":0,"parent":29767,"menu_order":0,"comment_status":"closed","ping_status":"closed","template":"template-fullwidth.php","meta":{"_acf_changed":false,"content-type":"","_uag_custom_page_level_css":"","footnotes":""},"class_list":["post-29699","page","type-page","status-publish","hentry"],"acf":[],"spectra_custom_meta":{"hero_image":[""],"_hero_image":["field_64f1a7da7af44"],"_hero_h1":["field_64f19e1edd052"],"_hero_h2":["field_64f19e2ddd053"],"_hero_text":["field_64f19e42dd054"],"_hero_button_text":["field_64f19e4edd055"],"_hero_button_link":["field_64f19e5ddd056"],"_top_nav_excluded":[""],"_cms_nav_minihome":[""],"_wp_page_template":["template-fullwidth.php"],"_last_translation_edit_mode":["translation-editor"],"rank_math_og_content_image":["a:2:{s:5:\"check\";s:32:\"47bfbdf6739f923d386dafbd0486e8c4\";s:6:\"images\";a:1:{i:0;i:10717;}}"],"_edit_lock":["1721657892:8383"],"classic-editor-remember":["classic-editor"],"rank_math_seo_score":["13"],"_edit_last":["8383"],"hero_h1":[""],"hero_h2":[""],"hero_text":[""],"hero_button_text":[""],"hero_button_link":[""],"_wpml_media_duplicate":["1"],"_wpml_media_featured":["1"],"rank_math_title":["Support EL-USB | Support enregistreur de donn\u00e9es USB | Support EasyLog"],"rank_math_description":["Si vous avez besoin d'une assistance pour les enregistreurs de donn\u00e9es USB ou si vous \u00eates curieux de conna\u00eetre nos enregistreurs de donn\u00e9es USB, lisez nos FAQ ou appelez un membre de notre \u00e9quipe de vente !"],"rank_math_focus_keyword":["Support pour enregistreur de donn\u00e9es USB"],"_wpml_word_count":["1037"],"_uag_page_assets":["a:9:{s:3:\"css\";s:0:\"\";s:2:\"js\";s:0:\"\";s:18:\"current_block_list\";a:0:{}s:8:\"uag_flag\";b:0;s:11:\"uag_version\";s:10:\"1776254989\";s:6:\"gfonts\";a:0:{}s:10:\"gfonts_url\";s:0:\"\";s:12:\"gfonts_files\";a:0:{}s:14:\"uag_faq_layout\";b:0;}"]},"uagb_featured_image_src":{"full":false,"thumbnail":false,"medium":false,"medium_large":false,"large":false,"1536x1536":false,"2048x2048":false,"crunchify-admin-post-featured-image":false,"commercegurus-pdp-large":false,"commercegurus-plp-mobile":false,"cgkit_image_swatch":false,"woocommerce_thumbnail":false,"woocommerce_single":false,"woocommerce_gallery_thumbnail":false},"uagb_author_info":{"display_name":"Andy Price","author_link":"https:\/\/praxas.com\/fr\/author\/andyp\/"},"uagb_comment_info":0,"uagb_excerpt":"&nbsp;","_links":{"self":[{"href":"https:\/\/praxas.com\/fr\/wp-json\/wp\/v2\/pages\/29699","targetHints":{"allow":["GET"]}}],"collection":[{"href":"https:\/\/praxas.com\/fr\/wp-json\/wp\/v2\/pages"}],"about":[{"href":"https:\/\/praxas.com\/fr\/wp-json\/wp\/v2\/types\/page"}],"author":[{"embeddable":true,"href":"https:\/\/praxas.com\/fr\/wp-json\/wp\/v2\/users\/2"}],"replies":[{"embeddable":true,"href":"https:\/\/praxas.com\/fr\/wp-json\/wp\/v2\/comments?post=29699"}],"version-history":[{"count":7,"href":"https:\/\/praxas.com\/fr\/wp-json\/wp\/v2\/pages\/29699\/revisions"}],"predecessor-version":[{"id":49844,"href":"https:\/\/praxas.com\/fr\/wp-json\/wp\/v2\/pages\/29699\/revisions\/49844"}],"up":[{"embeddable":true,"href":"https:\/\/praxas.com\/fr\/wp-json\/wp\/v2\/pages\/29767"}],"wp:attachment":[{"href":"https:\/\/praxas.com\/fr\/wp-json\/wp\/v2\/media?parent=29699"}],"curies":[{"name":"wp","href":"https:\/\/api.w.org\/{rel}","templated":true}]}}