{"id":29707,"date":"2023-08-22T10:55:48","date_gmt":"2023-08-22T10:55:48","guid":{"rendered":"https:\/\/staging.praxas.com\/carrieres\/"},"modified":"2025-06-20T09:52:02","modified_gmt":"2025-06-20T09:52:02","slug":"carrieres","status":"publish","type":"page","link":"https:\/\/praxas.com\/fr\/a-propos-de-nous\/carrieres\/","title":{"rendered":"Carri\u00e8res"},"content":{"rendered":"\n<div class=\"wp-block-cover alignfull\" style=\"min-height:350px;aspect-ratio:unset;\"><span aria-hidden=\"true\" class=\"wp-block-cover__background has-background-dim-10 has-background-dim\"><\/span><img loading=\"lazy\" decoding=\"async\" width=\"3780\" height=\"709\" class=\"wp-block-cover__image-background wp-image-44685\" alt=\"Careers - Join Our Team - New Style Banner - Biomedical\" src=\"https:\/\/praxas.com\/wp-content\/uploads\/PRAXAS_CareersBIO.png\" data-object-fit=\"cover\" srcset=\"https:\/\/praxas.com\/wp-content\/uploads\/PRAXAS_CareersBIO.png 3780w, https:\/\/praxas.com\/wp-content\/uploads\/PRAXAS_CareersBIO-300x56.png 300w, https:\/\/praxas.com\/wp-content\/uploads\/PRAXAS_CareersBIO-1024x192.png 1024w, https:\/\/praxas.com\/wp-content\/uploads\/PRAXAS_CareersBIO-768x144.png 768w, https:\/\/praxas.com\/wp-content\/uploads\/PRAXAS_CareersBIO-1536x288.png 1536w, https:\/\/praxas.com\/wp-content\/uploads\/PRAXAS_CareersBIO-2048x384.png 2048w, https:\/\/praxas.com\/wp-content\/uploads\/PRAXAS_CareersBIO-120x23.png 120w, https:\/\/praxas.com\/wp-content\/uploads\/PRAXAS_CareersBIO-990x186.png 990w, https:\/\/praxas.com\/wp-content\/uploads\/PRAXAS_CareersBIO-441x83.png 441w, https:\/\/praxas.com\/wp-content\/uploads\/PRAXAS_CareersBIO-350x66.png 350w, https:\/\/praxas.com\/wp-content\/uploads\/PRAXAS_CareersBIO-800x150.png 800w, https:\/\/praxas.com\/wp-content\/uploads\/PRAXAS_CareersBIO-150x28.png 150w\" sizes=\"auto, (max-width: 3780px) 100vw, 3780px\" \/><div class=\"wp-block-cover__inner-container has-global-padding is-layout-constrained wp-container-core-cover-is-layout-a4c69c57 wp-block-cover-is-layout-constrained\">\n<div class=\"wp-block-group has-global-padding is-layout-constrained wp-container-core-group-is-layout-a4c69c57 wp-block-group-is-layout-constrained\">\n<div class=\"wp-block-columns is-layout-flex wp-container-core-columns-is-layout-28f84493 wp-block-columns-is-layout-flex\">\n<div class=\"wp-block-column is-layout-flow wp-block-column-is-layout-flow\" style=\"flex-basis:70%\">\n<h1 class=\"wp-block-heading\">Explorez une carri\u00e8re chez Praxas<\/h1>\n\n\n\n<p>Chez Praxas, nous prot\u00e9geons les produits sensibles \u00e0 la temp\u00e9rature gr\u00e2ce \u00e0 des solutions innovantes de surveillance et de stockage. En tant que membre du groupe mondial CIMSENSE, nous offrons un environnement dynamique o\u00f9 votre carri\u00e8re peut s&rsquo;\u00e9panouir. <\/p>\n\n\n\n<p>Passez \u00e0 l&rsquo;\u00e9tape suivante de votre carri\u00e8re et ayez un impact r\u00e9el sur le respect des temp\u00e9ratures dans le monde entier.<\/p>\n<\/div>\n\n\n\n<div class=\"wp-block-column is-layout-flow wp-block-column-is-layout-flow\" style=\"flex-basis:33.33%\"><\/div>\n<\/div>\n<\/div>\n<\/div><\/div>\n\n<div style=\"height:60px\" aria-hidden=\"true\" class=\"wp-block-spacer\"><\/div>\n\n<div class=\"wp-block-group alignfull has-global-padding is-layout-constrained wp-container-core-group-is-layout-a4c69c57 wp-block-group-is-layout-constrained\">\n<div class=\"wp-block-columns is-layout-flex wp-container-core-columns-is-layout-28f84493 wp-block-columns-is-layout-flex\">\n<div class=\"wp-block-column is-layout-flow wp-block-column-is-layout-flow\">\n<h2 class=\"wp-block-heading has-text-color has-link-color wp-elements-4f49153e4f3679a6e799ab2c37406c4f\" style=\"color:#009ee0\">Qui sommes-nous ?<\/h2>\n\n\n\n<p>Chez Praxas, nous veillons \u00e0 ce que nos clients disposent d&rsquo;un environnement fiable et s\u00fbr pour leurs marchandises, leurs personnes et leurs biens. Notre \u00e9quipe d&rsquo;experts se consacre \u00e0 fournir un service exceptionnel, en aidant nos partenaires \u00e0 travailler de mani\u00e8re plus efficace et plus s\u00fbre gr\u00e2ce \u00e0 nos produits et services innovants.<\/p>\n\n\n\n<p>Faisant partie du <a href=\"https:\/\/praxas.com\/fr\/cimsense\/\" data-type=\"link\" data-id=\"https:\/\/praxas.com\/en\/we-are-cimsense\/\">groupe CIMSENSE<\/a>, un leader mondial dans le domaine des contr\u00f4les, des instruments, des appareils de mesure et des capteurs, nous op\u00e9rons depuis les Pays-Bas et desservons principalement l&rsquo;Europe et le Royaume-Uni. Avec des projets d&rsquo;expansion par le biais de notre boutique en ligne et de notre r\u00e9seau de revendeurs, Praxas s&rsquo;appr\u00eate \u00e0 conna\u00eetre une forte croissance dans les ann\u00e9es \u00e0 venir. <\/p>\n\n\n\n<p>Faire carri\u00e8re chez Praxas, c&rsquo;est rejoindre une \u00e9quipe qui valorise l&rsquo;innovation, la pr\u00e9cision et la protection. Nous pensons qu&rsquo;en mesurant et en prot\u00e9geant, nous pouvons contribuer \u00e0 un monde plus s\u00fbr et meilleur.<\/p>\n<\/div>\n<\/div>\n<\/div>\n\n<div style=\"height:60px\" aria-hidden=\"true\" class=\"wp-block-spacer\"><\/div>\n\n<div class=\"wp-block-group alignfull has-global-padding is-layout-constrained wp-container-core-group-is-layout-a4c69c57 wp-block-group-is-layout-constrained\">\n<div class=\"wp-block-columns is-layout-flex wp-container-core-columns-is-layout-a5331a9e wp-block-columns-is-layout-flex\" style=\"padding-top:0;padding-right:0;padding-bottom:0;padding-left:0\">\n<div class=\"wp-block-column is-layout-flow wp-block-column-is-layout-flow\">\n<h3 class=\"wp-block-heading has-text-color has-link-color has-x-large-font-size wp-elements-965d6121c0f5a581228ac3832d7a0745\" style=\"color:#009ee0\">Possibilit\u00e9s de carri\u00e8re actuelles<\/h3>\n\n\n\n<div class=\"wp-block-columns has-background is-layout-flex wp-container-core-columns-is-layout-85bea71e wp-block-columns-is-layout-flex\" style=\"background-color:#f2f3f7;padding-top:var(--wp--preset--spacing--small);padding-right:var(--wp--preset--spacing--small);padding-bottom:var(--wp--preset--spacing--small);padding-left:var(--wp--preset--spacing--small)\">\n<div class=\"wp-block-column is-layout-flow wp-block-column-is-layout-flow\" style=\"padding-top:0;padding-right:var(--wp--preset--spacing--medium);padding-bottom:0;padding-left:var(--wp--preset--spacing--medium)\">\n<div style=\"height:20px\" aria-hidden=\"true\" class=\"wp-block-spacer\"><\/div>\n\n\n\n<h4 class=\"wp-block-heading has-medium-font-size\">Poste vacant : Employ\u00e9 (commercial) du service interne chez Praxas B.V. \u00e0 Breda<\/h4>\n\n\n\n<p class=\"has-text-align-left has-small-font-size\">Vous \u00eates \u00e0 la recherche d&rsquo;un poste stimulant dans le domaine des services de bureau, dans un environnement dynamique et en pleine croissance ? Chez Praxas, le sp\u00e9cialiste des solutions de pr\u00e9vention des dommages dans la cha\u00eene d&rsquo;approvisionnement, nous recherchons un(e) employ\u00e9(e) de service interne enthousiaste pour rejoindre notre \u00e9quipe. Notre mission est claire : nous travaillons chaque jour pour contr\u00f4ler et prot\u00e9ger les marchandises de valeur contre les dommages et pour veiller \u00e0 ce qu&rsquo;elles arrivent \u00e0 destination en bon \u00e9tat. Cela vous int\u00e9resse ? Alors lisez ce qui suit !    <\/p>\n\n\n\n<p class=\"has-text-align-left has-small-font-size\">Votre r\u00f4le en tant qu&#8217;employ\u00e9 de service interne (commercial) Chez Praxas, vous occupez un poste polyvalent dans lequel aucune journ\u00e9e ne se ressemble. Chez Praxas, vous \u00eates le lien entre notre entreprise et nos clients. Gr\u00e2ce \u00e0 votre attitude orient\u00e9e vers le service et \u00e0 vos comp\u00e9tences commerciales, vous assurez un processus de commande fluide et une excellente exp\u00e9rience client.  <\/p>\n\n\n\n<div class=\"wp-block-columns is-layout-flex wp-container-core-columns-is-layout-28f84493 wp-block-columns-is-layout-flex\">\n<div class=\"wp-block-column has-background is-layout-flow wp-block-column-is-layout-flow\" style=\"border-radius:15px;background-color:#e5e5e5;padding-top:var(--wp--preset--spacing--medium);padding-right:var(--wp--preset--spacing--medium);padding-bottom:var(--wp--preset--spacing--medium);padding-left:var(--wp--preset--spacing--medium)\">\n<h5 class=\"wp-block-heading has-small-font-size\">Qu&rsquo;attendons-nous de vous ?<\/h5>\n\n\n\n<ul class=\"wp-block-list has-small-font-size\">\n<li>Soutien interne : Vous \u00eates le point de contact pour vos coll\u00e8gues et leur apportez votre soutien si n\u00e9cessaire.<\/li>\n\n\n\n<li>D\u00e9sireux d&rsquo;apprendre et enthousiaste : vous aimez apprendre de nouvelles choses et prendre des initiatives.<\/li>\n\n\n\n<li>Ind\u00e9pendance et esprit d&rsquo;\u00e9quipe : Vous pouvez travailler de mani\u00e8re ind\u00e9pendante, mais aussi bien fonctionner au sein d&rsquo;une \u00e9quipe.<\/li>\n\n\n\n<li>Niveau minimum de travail et de r\u00e9flexion MBO+ : De pr\u00e9f\u00e9rence compl\u00e9t\u00e9 par une exp\u00e9rience dans un environnement B2B technique, commercial et ax\u00e9 sur le service.<\/li>\n\n\n\n<li>Comp\u00e9tences commerciales : Vous avez le sens du client et pouvez vous identifier \u00e0 notre mission, notre vision et nos valeurs fondamentales.<\/li>\n\n\n\n<li>Comp\u00e9tences linguistiques : Vous avez une bonne ma\u00eetrise du n\u00e9erlandais et de l&rsquo;anglais, tant \u00e0 l&rsquo;oral qu&rsquo;\u00e0 l&rsquo;\u00e9crit.<\/li>\n\n\n\n<li>Comp\u00e9tences informatiques : Vous avez de bonnes bases dans l&rsquo;utilisation des ordinateurs et des diff\u00e9rents syst\u00e8mes.<\/li>\n<\/ul>\n<\/div>\n\n\n\n<div class=\"wp-block-column has-background is-layout-flow wp-block-column-is-layout-flow\" style=\"border-radius:15px;background-color:#e5e5e5;padding-top:var(--wp--preset--spacing--medium);padding-right:var(--wp--preset--spacing--medium);padding-bottom:var(--wp--preset--spacing--medium);padding-left:var(--wp--preset--spacing--medium)\">\n<h5 class=\"wp-block-heading has-small-font-size\">Vos principales t\u00e2ches sont les suivantes :<\/h5>\n\n\n\n<ul class=\"wp-block-list has-small-font-size\">\n<li>Gestion des stocks : Garantir des niveaux de stocks optimaux et identifier les p\u00e9nuries.<\/li>\n\n\n\n<li>Traitement des commandes : R\u00e9ception et exp\u00e9dition des commandes afin de fournir \u00e0 nos clients leurs produits en temps voulu.<\/li>\n\n\n\n<li>Pr\u00e9paration des enregistreurs de donn\u00e9es : Configurez et documentez les enregistreurs de donn\u00e9es afin qu&rsquo;ils soient pr\u00eats \u00e0 \u00eatre exp\u00e9di\u00e9s.<\/li>\n\n\n\n<li>Mat\u00e9riaux d&#8217;emballage : Responsabilit\u00e9 du choix des mat\u00e9riaux d&#8217;emballage afin que chaque envoi soit exp\u00e9di\u00e9 en toute s\u00e9curit\u00e9.<\/li>\n\n\n\n<li>Contact avec les clients : Entretenir les relations avec les clients et r\u00e9pondre aux questions (techniques) concernant le processus de traitement des commandes et les d\u00e9lais de livraison.<\/li>\n\n\n\n<li>Processus de devis : R\u00e9fl\u00e9chir \u00e0 des solutions pour les clients dans le cadre du processus d&rsquo;offre et les conseiller sur les meilleurs produits et services.<\/li>\n<\/ul>\n<\/div>\n<\/div>\n\n\n\n<p class=\"has-text-align-left has-small-font-size\"><strong>Qu&rsquo;est-ce que nous vous offrons ?<\/strong>  Chez Praxas, vous \u00e9voluerez dans un environnement de travail ouvert et informel o\u00f9 la satisfaction au travail et la coop\u00e9ration sont au c\u0153ur des pr\u00e9occupations. En outre, nous vous offrons <\/p>\n\n\n\n<ul class=\"wp-block-list\">\n<li>Contrat : 40 heures par semaine, avec la possibilit\u00e9 de r\u00e9duire le nombre d&rsquo;heures si vous le souhaitez.<\/li>\n\n\n\n<li>Cong\u00e9s : 25 jours par an (sur la base d&rsquo;une semaine de travail de 40 heures).<\/li>\n\n\n\n<li>Salaire : Un bon salaire en fonction de votre exp\u00e9rience et de vos responsabilit\u00e9s.<\/li>\n\n\n\n<li>R\u00e9gime de pension : Pour un avenir serein.<\/li>\n\n\n\n<li>Le p\u00e9cule de vacances : Une prime pour vos projets de vacances.<\/li>\n\n\n\n<li>Indemnit\u00e9 de d\u00e9placement : Pour les d\u00e9placements \u00e0 partir de 10 km.<\/li>\n<\/ul>\n\n\n\n<div style=\"height:10px\" aria-hidden=\"true\" class=\"wp-block-spacer\"><\/div>\n\n\n\n<p><strong>Vous \u00eates int\u00e9ress\u00e9 ?<\/strong>  Vous \u00eates pr\u00eat \u00e0 relever un nouveau d\u00e9fi et vous souhaitez faire partie d&rsquo;une \u00e9quipe agr\u00e9able et informelle \u00e0 Breda ? Envoyez-nous votre candidature \u00e0 l&rsquo;adresse <a href=\"mailto:vacature@praxas.com\">vacature@praxas.com<\/a> ou consultez notre <a href=\"https:\/\/www.linkedin.com\/company\/praxas-b-v-\/jobs\/\" data-type=\"link\" data-id=\"https:\/\/www.linkedin.com\/company\/praxas-b-v-\/jobs\/\" target=\"_blank\" rel=\"noopener\">LinkedIn<\/a>. <\/p>\n\n\n\n<div style=\"height:30px\" aria-hidden=\"true\" class=\"wp-block-spacer\"><\/div>\n<\/div>\n<\/div>\n\n\n\n<div style=\"height:30px\" aria-hidden=\"true\" class=\"wp-block-spacer\"><\/div>\n\n\n\n<p><em>L&rsquo;acquisition en r\u00e9ponse \u00e0 ces postes vacants ne sera pas appr\u00e9ci\u00e9e.<\/em><\/p>\n<\/div>\n<\/div>\n<\/div>\n\n<div style=\"height:60px\" aria-hidden=\"true\" class=\"wp-block-spacer\"><\/div>\n","protected":false},"excerpt":{"rendered":"<p>Qui sommes-nous ? Chez Praxas, nous veillons \u00e0 ce que nos clients disposent d&rsquo;un environnement fiable et s\u00fbr pour leurs marchandises, leurs personnes et leurs biens. Notre \u00e9quipe d&rsquo;experts se consacre \u00e0 fournir un service exceptionnel, en aidant nos partenaires \u00e0 travailler de mani\u00e8re plus efficace et plus s\u00fbre gr\u00e2ce \u00e0 nos produits et services [&hellip;]<\/p>\n","protected":false},"author":8383,"featured_media":0,"parent":29838,"menu_order":0,"comment_status":"closed","ping_status":"closed","template":"template-fullwidth-no-heading.php","meta":{"_acf_changed":false,"content-type":"","_uag_custom_page_level_css":"","footnotes":""},"class_list":["post-29707","page","type-page","status-publish","hentry"],"acf":[],"spectra_custom_meta":{"hero_image":[""],"_hero_image":["field_64f1a7da7af44"],"_hero_h1":["field_64f19e1edd052"],"_hero_h2":["field_64f19e2ddd053"],"_hero_text":["field_64f19e42dd054"],"_hero_button_text":["field_64f19e4edd055"],"_hero_button_link":["field_64f19e5ddd056"],"_top_nav_excluded":[""],"_cms_nav_minihome":[""],"_wp_page_template":["template-fullwidth-no-heading.php"],"_last_translation_edit_mode":["translation-editor"],"rank_math_og_content_image":["a:2:{s:5:\"check\";s:32:\"e5298d72933e7ba178810908372f83e3\";s:6:\"images\";a:1:{i:0;i:44685;}}"],"rank_math_analytic_object_id":["790"],"rank_math_title":["Possibilit\u00e9s de carri\u00e8re - Rejoignez l'\u00e9quipe %sep% %sitename%"],"rank_math_description":["D\u00e9couvrez les carri\u00e8res passionnantes chez Praxas. Rejoignez notre \u00e9quipe et \u00e9voluez avec nous - d\u00e9couvrez d\u00e8s aujourd'hui les offres d'emploi qui correspondent \u00e0 vos comp\u00e9tences et \u00e0 vos ambitions ! "],"rank_math_focus_keyword":["Carri\u00e8re"],"_wpml_word_count":["910"],"_uag_css_file_name":["uag-css-29707.css"],"_uag_page_assets":["a:9:{s:3:\"css\";s:263:\".uag-blocks-common-selector{z-index:var(--z-index-desktop) !important}@media (max-width: 976px){.uag-blocks-common-selector{z-index:var(--z-index-tablet) !important}}@media (max-width: 767px){.uag-blocks-common-selector{z-index:var(--z-index-mobile) !important}}\n\";s:2:\"js\";s:0:\"\";s:18:\"current_block_list\";a:9:{i:0;s:10:\"core\/cover\";i:1;s:10:\"core\/group\";i:2;s:12:\"core\/columns\";i:3;s:11:\"core\/column\";i:4;s:12:\"core\/heading\";i:5;s:14:\"core\/paragraph\";i:6;s:11:\"core\/spacer\";i:7;s:9:\"core\/list\";i:8;s:14:\"core\/list-item\";}s:8:\"uag_flag\";b:0;s:11:\"uag_version\";s:10:\"1775212209\";s:6:\"gfonts\";a:0:{}s:10:\"gfonts_url\";s:0:\"\";s:12:\"gfonts_files\";a:0:{}s:14:\"uag_faq_layout\";b:0;}"]},"uagb_featured_image_src":{"full":false,"thumbnail":false,"medium":false,"medium_large":false,"large":false,"1536x1536":false,"2048x2048":false,"crunchify-admin-post-featured-image":false,"commercegurus-pdp-large":false,"commercegurus-plp-mobile":false,"cgkit_image_swatch":false,"woocommerce_thumbnail":false,"woocommerce_single":false,"woocommerce_gallery_thumbnail":false},"uagb_author_info":{"display_name":"Alex James","author_link":"https:\/\/praxas.com\/fr\/author\/alex\/"},"uagb_comment_info":0,"uagb_excerpt":"Qui sommes-nous ? Chez Praxas, nous veillons \u00e0 ce que nos clients disposent d&rsquo;un environnement fiable et s\u00fbr pour leurs marchandises, leurs personnes et leurs biens. Notre \u00e9quipe d&rsquo;experts se consacre \u00e0 fournir un service exceptionnel, en aidant nos partenaires \u00e0 travailler de mani\u00e8re plus efficace et plus s\u00fbre gr\u00e2ce \u00e0 nos produits et services\u2026","_links":{"self":[{"href":"https:\/\/praxas.com\/fr\/wp-json\/wp\/v2\/pages\/29707","targetHints":{"allow":["GET"]}}],"collection":[{"href":"https:\/\/praxas.com\/fr\/wp-json\/wp\/v2\/pages"}],"about":[{"href":"https:\/\/praxas.com\/fr\/wp-json\/wp\/v2\/types\/page"}],"author":[{"embeddable":true,"href":"https:\/\/praxas.com\/fr\/wp-json\/wp\/v2\/users\/8383"}],"replies":[{"embeddable":true,"href":"https:\/\/praxas.com\/fr\/wp-json\/wp\/v2\/comments?post=29707"}],"version-history":[{"count":10,"href":"https:\/\/praxas.com\/fr\/wp-json\/wp\/v2\/pages\/29707\/revisions"}],"predecessor-version":[{"id":45354,"href":"https:\/\/praxas.com\/fr\/wp-json\/wp\/v2\/pages\/29707\/revisions\/45354"}],"up":[{"embeddable":true,"href":"https:\/\/praxas.com\/fr\/wp-json\/wp\/v2\/pages\/29838"}],"wp:attachment":[{"href":"https:\/\/praxas.com\/fr\/wp-json\/wp\/v2\/media?parent=29707"}],"curies":[{"name":"wp","href":"https:\/\/api.w.org\/{rel}","templated":true}]}}