{"id":29714,"date":"2023-08-22T10:41:44","date_gmt":"2023-08-22T10:41:44","guid":{"rendered":"https:\/\/staging.praxas.com\/panelpilotace-design-studio\/"},"modified":"2024-07-22T13:47:53","modified_gmt":"2024-07-22T13:47:53","slug":"panelpilotace-design-studio","status":"publish","type":"page","link":"https:\/\/praxas.com\/fr\/panelpilotace-design-studio\/","title":{"rendered":"PanelPilotACE Design Studio"},"content":{"rendered":"","protected":false},"excerpt":{"rendered":"","protected":false},"author":1,"featured_media":29717,"parent":0,"menu_order":3,"comment_status":"closed","ping_status":"closed","template":"template-software.php","meta":{"_acf_changed":false,"content-type":"","_uag_custom_page_level_css":"","footnotes":""},"class_list":["post-29714","page","type-page","status-publish","has-post-thumbnail","hentry"],"acf":[],"spectra_custom_meta":{"hero_image":[""],"_hero_image":["field_64f1a7da7af44"],"_hero_h1":["field_64f19e1edd052"],"_hero_h2":["field_64f19e2ddd053"],"_hero_text":["field_64f19e42dd054"],"_hero_button_text":["field_64f19e4edd055"],"_hero_button_link":["field_64f19e5ddd056"],"_section_1_left_logo":["field_651e72281c3c5"],"_section_1_header_text":["field_651e7c25d75f7"],"_section_1_content":["field_651e75bf15788"],"_section_1_download_button_link":["field_651e75feff811"],"_section_2_header_text":["field_651e773b3573b"],"_section_2_content":["field_651e775b3573d"],"_section_3_header_text":["field_651e7df523dc1"],"_section_3_content":["field_651e7e0c23dc2"],"_top_nav_excluded":[""],"_cms_nav_minihome":[""],"_wp_page_template":["template-software.php"],"_thumbnail_id":["29717"],"_last_translation_edit_mode":["native-editor"],"rank_math_title":["PanelPilotACE Design Studio - IHM et \u00e9crans personnalisables"],"rank_math_description":["T\u00e9l\u00e9chargez gratuitement notre logiciel PanelPilotACE Design Studio, \u00e0 utiliser avec tous les produits PanelPilotACE. Appelez notre \u00e9quipe de vente si vous souhaitez des solutions plus personnalis\u00e9es."],"rank_math_focus_keyword":["PanelPilotACE Design Studio"],"section_1_header_text":["PanelPilotACE Design Studio"],"section_1_content":["T\u00e9l\u00e9chargez la version 4.0.2.4064 de notre logiciel PanelPilotACE Design Studio, \u00e0 utiliser avec tous les logiciels de la s\u00e9rie <span style=\"text-decoration: underline;\"><strong><a href=\"\/fr\/categorie-produit\/ecrans-panelpilot\/panelpilotace-fr\/\">PanelPilotACE<\/a><\/strong><\/span> y compris le <span style=\"text-decoration: underline;\"><strong><a href=\"\/fr\/product\/data-loggers-fr\/enregistreurs-de-donnees-de-temperature\/el-sgd-70-atp\/\">EL-SGD 70-ATP<\/a><\/strong><\/span> et <span style=\"text-decoration: underline;\"><strong><a href=\"\/fr\/product\/data-loggers-fr\/enregistreurs-de-donnees-de-temperature\/el-sgd-43-atp\/\">EL-SGD 43-ATP<\/a><\/strong><\/span>. Cette derni\u00e8re version du PanelPilotACE Design Studio permet de concevoir des applications fonctionnant sur le mat\u00e9riel d'affichage PanelPilotACE 4,3\" et 7\" et est compatible avec Windows 10 et 11.\r\n\r\nLa derni\u00e8re version vous apporte le protocole CAN bus J1939 (\u00e0 utiliser avec la carte additionnelle S70-CAN). <span style=\"text-decoration: underline;\"><strong><a href=\"\/fr\/product\/ecrans-panelpilot\/accessoires-fr-2\/s70-can\/\">carte additionnelle S70-CAN<\/a><\/strong><\/span>), l'\u00e9l\u00e9ment \"number spinner\" qui offre un moyen plus pratique de cr\u00e9er une interface utilisateur pour la s\u00e9lection des nombres, ainsi que des graphiques am\u00e9lior\u00e9s et l'enregistrement de donn\u00e9es multicanal.\r\n\r\nLes versions pr\u00e9c\u00e9dentes ont ajout\u00e9 le contr\u00f4le PID, le FTP Ethernet pour les donn\u00e9es enregistr\u00e9es et l'enregistrement des donn\u00e9es multicanaux et les graphiques de tendance. Ceux-ci s'ajoutent aux protocoles d\u00e9j\u00e0 populaires de RS485 et MODBUS, ainsi qu'aux fonctions de construction de cha\u00eenes, d'\u00e9l\u00e9ments de thermistance et de protection par mot de passe."],"section_1_download_button_link":["https:\/\/s3.amazonaws.com\/lascar_downloads\/Panel+Pilot+ACE\/PanelPilotACE_4.0.2.4064.exe"],"section_2_header_text":["<center><h1>Bienvenue dans le logiciel PanelPilotACE Design Studio<\/h1><\/center>"],"section_2_content":["<p style=\"text-align: center;\"><iframe title=\"PanelPilotACE - Afficheurs graphiques intelligents. Sans \u00e9crire de code.\" src=\"https:\/\/www.youtube.com\/embed\/EV_m3dcdRc8\" width=\"824\" height=\"464\" frameborder=\"0\" allowfullscreen=\"allowfullscreen\"><\/iframe><\/p>"],"section_3_header_text":["PanelPilot Tutorial Channel"],"section_3_content":["<img class=\"size-medium wp-image-12662 alignleft\" src=\"https:\/\/praxas.com\/wp-content\/uploads\/youtubetutorialonscreen-displays-300x300.png\" alt=\"\" width=\"300\" height=\"300\" \/>\r\n\r\nConsultez et abonnez-vous \u00e0 la <span style=\"text-decoration: underline;\"><strong><a href=\"https:\/\/www.youtube.com\/c\/panelpilot\" target=\"_blank\" rel=\"noopener\">PanelPilot Tutorial Channel<\/a><\/strong><\/span> et regardez une s\u00e9rie de vid\u00e9os tutorielles qui vous montreront comment construire un compteur de panneau multicanal en 15 minutes environ.\r\n\r\nLe canal didactique de PanelPilot comprend des options pour les programmes suivants <span style=\"text-decoration: underline;\"><strong><a href=\"https:\/\/www.youtube.com\/watch?v=5VqRoIJtgVc&amp;list=PLKSUxzXJy0JKrWoW4x4m3h3bRdwfe2fxY\" target=\"_blank\" rel=\"noopener\">BASIC<\/a><\/strong><\/span> et <span style=\"text-decoration: underline;\"><strong><a href=\"https:\/\/www.youtube.com\/watch?v=EcnayNJ-OpI&amp;list=PLKSUxzXJy0JJDe0t7q3GUiRRiwmxzaRYd\" target=\"_blank\" rel=\"noopener\">AVANC\u00c9<\/a><\/strong><\/span> Ainsi, quelle que soit votre exp\u00e9rience avec PanelPilotACE, vous aurez acc\u00e8s \u00e0 d'excellents outils vid\u00e9o qui vous permettront de d\u00e9marrer et de terminer votre projet rapidement et efficacement."],"_edit_lock":["1721655937:8383"],"classic-editor-remember":["classic-editor"],"rank_math_seo_score":["74"],"_edit_last":["8383"],"hero_h1":[""],"hero_h2":[""],"hero_text":[""],"hero_button_text":[""],"hero_button_link":[""],"section_1_left_logo":["14590"],"_wpml_media_duplicate":["1"],"_wpml_media_featured":["1"],"_uag_page_assets":["a:9:{s:3:\"css\";s:0:\"\";s:2:\"js\";s:0:\"\";s:18:\"current_block_list\";a:0:{}s:8:\"uag_flag\";b:0;s:11:\"uag_version\";s:10:\"1776763693\";s:6:\"gfonts\";a:0:{}s:10:\"gfonts_url\";s:0:\"\";s:12:\"gfonts_files\";a:0:{}s:14:\"uag_faq_layout\";b:0;}"]},"uagb_featured_image_src":{"full":["https:\/\/praxas.com\/wp-content\/uploads\/SGD-70-A-Design-Studio.jpg",1200,630,false],"thumbnail":["https:\/\/praxas.com\/wp-content\/uploads\/SGD-70-A-Design-Studio-150x150.jpg",150,150,true],"medium":["https:\/\/praxas.com\/wp-content\/uploads\/SGD-70-A-Design-Studio-300x158.jpg",300,158,true],"medium_large":["https:\/\/praxas.com\/wp-content\/uploads\/SGD-70-A-Design-Studio-768x403.jpg",768,403,true],"large":["https:\/\/praxas.com\/wp-content\/uploads\/SGD-70-A-Design-Studio-1024x538.jpg",1024,538,true],"1536x1536":["https:\/\/praxas.com\/wp-content\/uploads\/SGD-70-A-Design-Studio.jpg",1200,630,false],"2048x2048":["https:\/\/praxas.com\/wp-content\/uploads\/SGD-70-A-Design-Studio.jpg",1200,630,false],"crunchify-admin-post-featured-image":["https:\/\/praxas.com\/wp-content\/uploads\/SGD-70-A-Design-Studio-120x63.jpg",120,63,true],"commercegurus-pdp-large":["https:\/\/praxas.com\/wp-content\/uploads\/SGD-70-A-Design-Studio-990x520.jpg",990,520,true],"commercegurus-plp-mobile":["https:\/\/praxas.com\/wp-content\/uploads\/SGD-70-A-Design-Studio-441x232.jpg",441,232,true],"cgkit_image_swatch":["https:\/\/praxas.com\/wp-content\/uploads\/SGD-70-A-Design-Studio-100x100.jpg",100,100,true],"woocommerce_thumbnail":["https:\/\/praxas.com\/wp-content\/uploads\/SGD-70-A-Design-Studio-300x158.jpg",300,158,true],"woocommerce_single":["https:\/\/praxas.com\/wp-content\/uploads\/SGD-70-A-Design-Studio-800x420.jpg",800,420,true],"woocommerce_gallery_thumbnail":["https:\/\/praxas.com\/wp-content\/uploads\/SGD-70-A-Design-Studio-150x79.jpg",150,79,true]},"uagb_author_info":{"display_name":"AndyS","author_link":"https:\/\/praxas.com\/fr\/author\/andys\/"},"uagb_comment_info":0,"uagb_excerpt":null,"_links":{"self":[{"href":"https:\/\/praxas.com\/fr\/wp-json\/wp\/v2\/pages\/29714","targetHints":{"allow":["GET"]}}],"collection":[{"href":"https:\/\/praxas.com\/fr\/wp-json\/wp\/v2\/pages"}],"about":[{"href":"https:\/\/praxas.com\/fr\/wp-json\/wp\/v2\/types\/page"}],"author":[{"embeddable":true,"href":"https:\/\/praxas.com\/fr\/wp-json\/wp\/v2\/users\/1"}],"replies":[{"embeddable":true,"href":"https:\/\/praxas.com\/fr\/wp-json\/wp\/v2\/comments?post=29714"}],"version-history":[{"count":2,"href":"https:\/\/praxas.com\/fr\/wp-json\/wp\/v2\/pages\/29714\/revisions"}],"predecessor-version":[{"id":38375,"href":"https:\/\/praxas.com\/fr\/wp-json\/wp\/v2\/pages\/29714\/revisions\/38375"}],"wp:featuredmedia":[{"embeddable":true,"href":"https:\/\/praxas.com\/fr\/wp-json\/wp\/v2\/media\/29717"}],"wp:attachment":[{"href":"https:\/\/praxas.com\/fr\/wp-json\/wp\/v2\/media?parent=29714"}],"curies":[{"name":"wp","href":"https:\/\/api.w.org\/{rel}","templated":true}]}}