{"id":29727,"date":"2023-08-22T10:33:27","date_gmt":"2023-08-22T10:33:27","guid":{"rendered":"https:\/\/staging.praxas.com\/panelpilot-b\/"},"modified":"2024-07-15T13:20:18","modified_gmt":"2024-07-15T13:20:18","slug":"panelpilot-b","status":"publish","type":"page","link":"https:\/\/praxas.com\/fr\/panelpilot-b\/","title":{"rendered":"PanelPilot B"},"content":{"rendered":"","protected":false},"excerpt":{"rendered":"","protected":false},"author":1,"featured_media":29734,"parent":0,"menu_order":0,"comment_status":"closed","ping_status":"closed","template":"template-software.php","meta":{"_acf_changed":false,"content-type":"","_uag_custom_page_level_css":"","footnotes":""},"class_list":["post-29727","page","type-page","status-publish","has-post-thumbnail","hentry"],"acf":[],"spectra_custom_meta":{"hero_image":[""],"_hero_image":["field_64f1a7da7af44"],"_hero_h1":["field_64f19e1edd052"],"_hero_h2":["field_64f19e2ddd053"],"_hero_text":["field_64f19e42dd054"],"_hero_button_text":["field_64f19e4edd055"],"_hero_button_link":["field_64f19e5ddd056"],"section_1_left_logo":["16607"],"_section_1_left_logo":["field_651e72281c3c5"],"_section_1_header_text":["field_651e7c25d75f7"],"_section_1_content":["field_651e75bf15788"],"_section_1_download_button_link":["field_651e75feff811"],"_section_2_header_text":["field_651e773b3573b"],"_section_2_content":["field_651e775b3573d"],"_section_3_header_text":["field_651e7df523dc1"],"_section_3_content":["field_651e7e0c23dc2"],"_top_nav_excluded":[""],"_cms_nav_minihome":[""],"_wp_page_template":["template-software.php"],"rank_math_title":["PanelPilot B Software | Logiciel libre personnalisable | Lascar"],"rank_math_description":["Le logiciel PanelPilot B peut \u00eatre t\u00e9l\u00e9charg\u00e9 gratuitement et est utilis\u00e9 pour configurer l'apparence et le fonctionnement de l'application, puis il est t\u00e9l\u00e9charg\u00e9 sur l'\u00e9cran."],"rank_math_focus_keyword":["Logiciel PanelPilot B"],"section_1_header_text":["PanelPilot B"],"section_1_content":["T\u00e9l\u00e9chargez la version 1.04 de notre logiciel PanelPilot B pour la personnalisation de la nouvelle s\u00e9rie B, compatible avec Windows 10 et 11."],"section_1_download_button_link":["https:\/\/s3.amazonaws.com\/lascar_downloads\/Panel+Pilot+B\/PanelPilot+B+V1.04.exe"],"section_2_header_text":["Bienvenue sur le site du logiciel PanelPilot B"],"section_2_content":["Le logiciel PanelPilot B peut \u00eatre t\u00e9l\u00e9charg\u00e9 gratuitement. Facile \u00e0 installer et \u00e0 utiliser, le logiciel fonctionne sous Windows 10 et 11. Le logiciel est utilis\u00e9 pour configurer l'apparence et le fonctionnement de l'application, puis pour t\u00e9l\u00e9charger ces param\u00e8tres sur l'\u00e9cran.\n\nLe logiciel permet de configurer les param\u00e8tres suivants :\n<ul>\n \t<li>Type de compteur et \u00e9tiquettes textuelles (y compris les \u00e9tiquettes d'unit\u00e9)<\/li>\n \t<li>Mise \u00e0 l'\u00e9chelle \/ \u00e9talonnage de l'entr\u00e9e (en deux points)<\/li>\n \t<li>Points d\u00e9cimaux (saisis lors de la mise \u00e0 l'\u00e9chelle)<\/li>\n \t<li>S\u00e9lection de l'image de l'\u00e9cran de veille<\/li>\n \t<li>Broche num\u00e9rique<\/li>\n<\/ul>"],"section_3_header_text":["Cr\u00e9ez votre application en 4 \u00e9tapes simples"],"section_3_content":["<strong><img class=\" wp-image-12677 alignleft\" src=\"https:\/\/praxas.com\/wp-content\/uploads\/application-selection-300x186.jpg\" alt=\"\" width=\"365\" height=\"226\"><\/strong>\n\n\u00a0\n\n<strong>1. S\u00e9lection de l'application<\/strong>\n\nChoisissez parmi 6 configurations populaires, y compris les styles analogique et graphique \u00e0 barres.\n\n\u00a0\n\n\u00a0\n\n\u00a0\n\n\u00a0\n\n<img class=\" wp-image-12676 alignleft\" src=\"https:\/\/praxas.com\/wp-content\/uploads\/appearance-and-splash-screen-updated-300x186.jpg\" alt=\"\" width=\"371\" height=\"230\">\n\n<strong>2. L'apparence<\/strong>\n\nS\u00e9lectionnez le style de couleur, noir sur blanc ou invers\u00e9, ajoutez des \u00e9tiquettes de texte personnalis\u00e9es et s\u00e9lectionnez des options de mise \u00e0 l'\u00e9chelle personnalis\u00e9es.\n\n\u00a0\n\n\u00a0\n\n\u00a0\n\n\u00a0\n\n<img class=\"wp-image-12675 alignleft\" src=\"https:\/\/praxas.com\/wp-content\/uploads\/scaling-and-alarms-300x186.jpg\" alt=\"\" width=\"352\" height=\"218\">\n\n<strong>3. \u00c9cran de projection<\/strong>\n\nS\u00e9lectionnez une image de votre choix, comme un logo, qui peut \u00eatre configur\u00e9e pour appara\u00eetre \u00e0 la mise sous tension.\n\n\u00a0\n\n\u00a0\n\n\u00a0\n\n\u00a0\n\n<strong><img class=\"alignnone wp-image-12674 alignleft\" src=\"https:\/\/praxas.com\/wp-content\/uploads\/set-up-is-complete-300x186.jpg\" alt=\"\" width=\"368\" height=\"228\"><\/strong>\n\n\u00a0\n\n<strong>4. L'installation est termin\u00e9e<\/strong>\n\nConnectez votre \u00e9cran au PC et t\u00e9l\u00e9chargez votre configuration.\n\n\u00a0\n\n\u00a0\n\n\u00a0"],"_thumbnail_id":["29734"],"_last_translation_edit_mode":["translation-editor"],"_uag_page_assets":["a:9:{s:3:\"css\";s:0:\"\";s:2:\"js\";s:0:\"\";s:18:\"current_block_list\";a:0:{}s:8:\"uag_flag\";b:0;s:11:\"uag_version\";s:10:\"1777885450\";s:6:\"gfonts\";a:0:{}s:10:\"gfonts_url\";s:0:\"\";s:12:\"gfonts_files\";a:0:{}s:14:\"uag_faq_layout\";b:0;}"]},"uagb_featured_image_src":{"full":["https:\/\/praxas.com\/wp-content\/uploads\/Softwarepage_Icons_PPB-2.jpg",1024,538,false],"thumbnail":["https:\/\/praxas.com\/wp-content\/uploads\/Softwarepage_Icons_PPB-2-150x150.jpg",150,150,true],"medium":["https:\/\/praxas.com\/wp-content\/uploads\/Softwarepage_Icons_PPB-2-300x158.jpg",300,158,true],"medium_large":["https:\/\/praxas.com\/wp-content\/uploads\/Softwarepage_Icons_PPB-2-768x404.jpg",768,404,true],"large":["https:\/\/praxas.com\/wp-content\/uploads\/Softwarepage_Icons_PPB-2.jpg",1024,538,false],"1536x1536":["https:\/\/praxas.com\/wp-content\/uploads\/Softwarepage_Icons_PPB-2.jpg",1024,538,false],"2048x2048":["https:\/\/praxas.com\/wp-content\/uploads\/Softwarepage_Icons_PPB-2.jpg",1024,538,false],"crunchify-admin-post-featured-image":["https:\/\/praxas.com\/wp-content\/uploads\/Softwarepage_Icons_PPB-2-120x63.jpg",120,63,true],"commercegurus-pdp-large":["https:\/\/praxas.com\/wp-content\/uploads\/Softwarepage_Icons_PPB-2-990x520.jpg",990,520,true],"commercegurus-plp-mobile":["https:\/\/praxas.com\/wp-content\/uploads\/Softwarepage_Icons_PPB-2-441x232.jpg",441,232,true],"cgkit_image_swatch":["https:\/\/praxas.com\/wp-content\/uploads\/Softwarepage_Icons_PPB-2-100x100.jpg",100,100,true],"woocommerce_thumbnail":["https:\/\/praxas.com\/wp-content\/uploads\/Softwarepage_Icons_PPB-2-350x184.jpg",350,184,true],"woocommerce_single":["https:\/\/praxas.com\/wp-content\/uploads\/Softwarepage_Icons_PPB-2-800x420.jpg",800,420,true],"woocommerce_gallery_thumbnail":["https:\/\/praxas.com\/wp-content\/uploads\/Softwarepage_Icons_PPB-2-150x79.jpg",150,79,true]},"uagb_author_info":{"display_name":"AndyS","author_link":"https:\/\/praxas.com\/fr\/author\/andys\/"},"uagb_comment_info":0,"uagb_excerpt":null,"_links":{"self":[{"href":"https:\/\/praxas.com\/fr\/wp-json\/wp\/v2\/pages\/29727","targetHints":{"allow":["GET"]}}],"collection":[{"href":"https:\/\/praxas.com\/fr\/wp-json\/wp\/v2\/pages"}],"about":[{"href":"https:\/\/praxas.com\/fr\/wp-json\/wp\/v2\/types\/page"}],"author":[{"embeddable":true,"href":"https:\/\/praxas.com\/fr\/wp-json\/wp\/v2\/users\/1"}],"replies":[{"embeddable":true,"href":"https:\/\/praxas.com\/fr\/wp-json\/wp\/v2\/comments?post=29727"}],"version-history":[{"count":1,"href":"https:\/\/praxas.com\/fr\/wp-json\/wp\/v2\/pages\/29727\/revisions"}],"predecessor-version":[{"id":29858,"href":"https:\/\/praxas.com\/fr\/wp-json\/wp\/v2\/pages\/29727\/revisions\/29858"}],"wp:featuredmedia":[{"embeddable":true,"href":"https:\/\/praxas.com\/fr\/wp-json\/wp\/v2\/media\/29734"}],"wp:attachment":[{"href":"https:\/\/praxas.com\/fr\/wp-json\/wp\/v2\/media?parent=29727"}],"curies":[{"name":"wp","href":"https:\/\/api.w.org\/{rel}","templated":true}]}}