{"id":29735,"date":"2023-08-24T08:03:36","date_gmt":"2023-08-24T06:03:36","guid":{"rendered":"https:\/\/staging.praxas.com\/cimsense\/"},"modified":"2025-08-18T10:30:34","modified_gmt":"2025-08-18T08:30:34","slug":"cimsense","status":"publish","type":"page","link":"https:\/\/praxas.com\/fr\/cimsense\/","title":{"rendered":"CIMSENSE"},"content":{"rendered":"<p>&nbsp;&nbsp;<\/p>\n<p><a href=\"https:\/\/cimsense.com\/\" target=\"_blank\" rel=\"noopener\"><img loading=\"lazy\" decoding=\"async\" class=\"aligncenter wp-image-14340\" src=\"https:\/\/praxas.com\/wp-content\/uploads\/cimsense-logo-300x65.png\" alt=\"Logo CIMSENSE\" width=\"402\" height=\"87\" srcset=\"https:\/\/praxas.com\/wp-content\/uploads\/cimsense-logo-300x65.png 300w, https:\/\/praxas.com\/wp-content\/uploads\/cimsense-logo-768x167.png 768w, https:\/\/praxas.com\/wp-content\/uploads\/cimsense-logo-120x26.png 120w, https:\/\/praxas.com\/wp-content\/uploads\/cimsense-logo-441x96.png 441w, https:\/\/praxas.com\/wp-content\/uploads\/cimsense-logo-150x33.png 150w, https:\/\/praxas.com\/wp-content\/uploads\/cimsense-logo.png 784w\" sizes=\"auto, (max-width: 402px) 100vw, 402px\" \/><\/a><\/p>\n<p>&nbsp;<\/p>\n<h1 style=\"text-align: center;\">Nous sommes CIMSENSE<\/h1>\n<p style=\"text-align: center;\">Nous faisons partie d&rsquo;un r\u00e9seau mondial d&rsquo;ing\u00e9nieurs, de techniciens et de professionnels experts qui nous permettent d&rsquo;apporter \u00e0 nos clients les meilleures solutions pour le bon projet. Y compris des solutions alternatives ! <\/p>\n<p>&nbsp;<\/p>\n<div style=\"border: none; overflow: hidden; margin: 15px auto; max-width: 1575px;\">\n<p><iframe style=\"border: 0px none; height: 2200px; margin-top: -486px; width: 100%;\" src=\"https:\/\/cimsense.com\/our-companies\/\" scrolling=\"no\">&nbsp;<\/p>\n<p><\/iframe><\/p>\n<\/div>\n","protected":false},"excerpt":{"rendered":"<p>&nbsp;&nbsp; &nbsp; Nous sommes CIMSENSE Nous faisons partie d&rsquo;un r\u00e9seau mondial d&rsquo;ing\u00e9nieurs, de techniciens et de professionnels experts qui nous permettent d&rsquo;apporter \u00e0 nos clients les meilleures solutions pour le bon projet. Y compris des solutions alternatives ! &nbsp; &nbsp;<\/p>\n","protected":false},"author":8383,"featured_media":0,"parent":0,"menu_order":0,"comment_status":"closed","ping_status":"closed","template":"template-fullwidth-no-heading.php","meta":{"_acf_changed":false,"content-type":"","_uag_custom_page_level_css":"","footnotes":""},"class_list":["post-29735","page","type-page","status-publish","hentry"],"acf":[],"spectra_custom_meta":{"hero_image":[""],"_hero_image":["field_64f1a7da7af44"],"_hero_h1":["field_64f19e1edd052"],"_hero_h2":["field_64f19e2ddd053"],"_hero_text":["field_64f19e42dd054"],"_hero_button_text":["field_64f19e4edd055"],"_hero_button_link":["field_64f19e5ddd056"],"_card_1_image":["field_652e5c21818d7"],"_card_1_text":["field_652e5e3f9ba95"],"card_1_link_url":["a:3:{s:5:\"title\";s:0:\"\";s:3:\"url\";s:34:\"https:\/\/www.advantagecontrols.com\/\";s:6:\"target\";s:6:\"_blank\";}"],"_card_1_link_url":["field_652e61d14cdee"],"_card_2_image":["field_652e5c54818d8"],"_card_2_text":["field_652e5e689ba96"],"card_2_link_url":["a:3:{s:5:\"title\";s:0:\"\";s:3:\"url\";s:24:\"https:\/\/www.arctiko.com\/\";s:6:\"target\";s:6:\"_blank\";}"],"_card_2_link_url":["field_652e6267ec9d4"],"_card_3_image":["field_652e5c815afac"],"_card_3_text":["field_652e5e8925fff"],"card_3_link_url":["a:3:{s:5:\"title\";s:0:\"\";s:3:\"url\";s:21:\"https:\/\/arjayeng.com\/\";s:6:\"target\";s:6:\"_blank\";}"],"_card_3_link_url":["field_652e6267ec9d3"],"_card_4_image":["field_652e5c75bfc26"],"_card_4_text":["field_652e5e8825ffe"],"card_4_link_url":["a:3:{s:5:\"title\";s:0:\"\";s:3:\"url\";s:34:\"https:\/\/www.arjaygasdetection.com\/\";s:6:\"target\";s:6:\"_blank\";}"],"_card_4_link_url":["field_652e6266ec9d2"],"_card_5_image":["field_652e5c75bfc25"],"_card_5_text":["field_652e5e8825ffd"],"card_5_link_url":["a:3:{s:5:\"title\";s:0:\"\";s:3:\"url\";s:19:\"https:\/\/can-am.net\/\";s:6:\"target\";s:6:\"_blank\";}"],"_card_5_link_url":["field_652e6266ec9d1"],"_card_6_image":["field_652e5c74bfc24"],"_card_6_text":["field_652e5e8725ffc"],"card_6_link_url":["a:3:{s:5:\"title\";s:0:\"\";s:3:\"url\";s:28:\"https:\/\/www.carlonmeter.com\/\";s:6:\"target\";s:6:\"_blank\";}"],"_card_6_link_url":["field_652e6265ec9d0"],"_card_7_image":["field_652e5c74bfc23"],"_card_7_text":["field_652e5e8725ffb"],"card_7_link_url":["a:3:{s:5:\"title\";s:0:\"\";s:3:\"url\";s:31:\"https:\/\/www.vfcdataloggers.com\/\";s:6:\"target\";s:6:\"_blank\";}"],"_card_7_link_url":["field_652e6265ec9cf"],"_card_8_image":["field_652e5c73bfc22"],"_card_8_text":["field_652e5e8625ffa"],"card_8_link_url":["a:3:{s:5:\"title\";s:0:\"\";s:3:\"url\";s:26:\"https:\/\/www.corintech.com\/\";s:6:\"target\";s:6:\"_blank\";}"],"_card_8_link_url":["field_652e6264ec9ce"],"_card_9_image":["field_652e5c73bfc21"],"_card_9_text":["field_652e5e8625ff9"],"_card_9_link_url":["field_652e6264ec9cd"],"_card_10_image":["field_652e5c72bfc20"],"_card_10_text":["field_652e5e8525ff8"],"card_10_link_url":["a:3:{s:5:\"title\";s:0:\"\";s:3:\"url\";s:22:\"https:\/\/envirolog.net\/\";s:6:\"target\";s:6:\"_blank\";}"],"_card_10_link_url":["field_652e6264ec9cc"],"_card_11_image":["field_652e5c71bfc1f"],"_card_11_text":["field_652e5e8525ff7"],"card_11_link_url":["a:3:{s:5:\"title\";s:0:\"\";s:3:\"url\";s:27:\"https:\/\/global-sensors.com\/\";s:6:\"target\";s:6:\"_blank\";}"],"_card_11_link_url":["field_652e6263ec9cb"],"_card_12_image":["field_652e5c71bfc1e"],"_card_12_text":["field_652e5e8425ff6"],"card_12_link_url":["a:3:{s:5:\"title\";s:0:\"\";s:3:\"url\";s:26:\"https:\/\/www.icontrols.net\/\";s:6:\"target\";s:6:\"_blank\";}"],"_card_12_link_url":["field_652e6263ec9ca"],"_card_13_image":["field_652e5c70bfc1d"],"_card_13_text":["field_652e5e8425ff5"],"_card_13_link_url":["field_652e6262ec9c9"],"_card_14_image":["field_652e5c70bfc1c"],"_card_14_text":["field_652e5e8325ff4"],"card_14_link_url":["a:3:{s:5:\"title\";s:0:\"\";s:3:\"url\";s:28:\"https:\/\/logtagrecorders.com\/\";s:6:\"target\";s:6:\"_blank\";}"],"_card_14_link_url":["field_652e6262ec9c8"],"_card_15_image":["field_652e5c6fbfc1b"],"_card_15_text":["field_652e5e8325ff3"],"_card_15_link_url":["field_652e6261ec9c7"],"_card_16_image":["field_652e5c6fbfc1a"],"_card_16_text":["field_652e5e8325ff2"],"card_16_link_url":["a:3:{s:5:\"title\";s:0:\"\";s:3:\"url\";s:23:\"https:\/\/www.pmt-fl.com\/\";s:6:\"target\";s:6:\"_blank\";}"],"_card_16_link_url":["field_652e6261ec9c6"],"_card_17_image":["field_652e5c6ebfc19"],"_card_17_text":["field_652e5e8225ff1"],"card_17_link_url":["a:3:{s:5:\"title\";s:0:\"\";s:3:\"url\";s:36:\"https:\/\/taloslightningdetectors.com\/\";s:6:\"target\";s:6:\"_blank\";}"],"_card_17_link_url":["field_652e6260ec9c5"],"_card_18_image":["field_652e5c6dbfc18"],"_card_18_text":["field_652e5e8225ff0"],"card_18_link_url":["a:3:{s:5:\"title\";s:0:\"\";s:3:\"url\";s:28:\"https:\/\/thermcoproducts.com\/\";s:6:\"target\";s:6:\"_blank\";}"],"_card_18_link_url":["field_652e6260ec9c4"],"_card_19_image":["field_652e5c6dbfc17"],"_card_19_text":["field_652e5e8125fef"],"card_19_link_url":["a:3:{s:5:\"title\";s:0:\"\";s:3:\"url\";s:30:\"https:\/\/transducersdirect.com\/\";s:6:\"target\";s:6:\"_blank\";}"],"_card_19_link_url":["field_652e625fec9c3"],"_card_20_image":["field_652e5c6cbfc16"],"_card_20_text":["field_652e5e8125fee"],"card_20_link_url":["a:3:{s:5:\"title\";s:0:\"\";s:3:\"url\";s:27:\"https:\/\/waterpartsplus.com\/\";s:6:\"target\";s:6:\"_blank\";}"],"_card_20_link_url":["field_652e625fec9c2"],"card_21_image":[""],"_card_21_image":["field_652e5c6cbfc15"],"_card_21_text":["field_652e5e8025fed"],"_card_21_link_url":["field_652e625eec9c1"],"card_22_image":[""],"_card_22_image":["field_652e5c6bbfc14"],"_card_22_text":["field_652e5e8025fec"],"_card_22_link_url":["field_652e625eec9c0"],"card_23_image":[""],"_card_23_image":["field_652e5c6abfc13"],"_card_23_text":["field_652e5e7f25feb"],"_card_23_link_url":["field_652e625dec9bf"],"card_24_image":[""],"_card_24_image":["field_652e5c69bfc12"],"_card_24_link_url":["field_652e625dec9be"],"_card_24_text":["field_652e5e7d25fea"],"_top_nav_excluded":[""],"_cms_nav_minihome":[""],"_wp_page_template":["template-fullwidth-no-heading.php"],"rank_math_og_content_image":["a:2:{s:5:\"check\";s:32:\"1fcca1fdc0d1518d6a686a761ff87f4b\";s:6:\"images\";a:1:{i:0;i:14340;}}"],"_edit_lock":["1721379371:8383"],"classic-editor-remember":["classic-editor"],"rank_math_seo_score":["23"],"_edit_last":["8383"],"card_21_text":[""],"card_22_text":[""],"card_23_text":[""],"card_24_text":[""],"hero_h1":[""],"hero_h2":[""],"hero_text":[""],"hero_button_text":[""],"hero_button_link":[""],"card_1_image":["14247"],"card_2_image":["14245"],"card_3_image":["14253"],"card_4_image":["14258"],"card_5_image":["14259"],"card_6_image":["14261"],"card_7_image":["14263"],"card_8_image":["14265"],"card_10_image":["14276"],"card_11_image":["14296"],"card_12_image":["14298"],"card_13_image":["19459"],"card_14_image":["14300"],"card_16_image":["14306"],"card_17_image":["14308"],"card_18_image":["14309"],"card_19_image":["14311"],"card_20_image":["14312"],"_wpml_media_duplicate":["1"],"_wpml_media_featured":["1"],"_last_translation_edit_mode":["translation-editor"],"_wpml_word_count":["51"],"rank_math_primary_product_cat":["0"],"rank_math_focus_keyword":["Cimsense"],"card_9_text":["<h3 class=\"card-header\">Fichiers \u00e0 travers l'air<h3>\n<p>Fournisseur d'instruments de mesure pour l'industrie des sciences de la vie.<\/p>"],"card_15_text":["<h3 class=\"card-header\">Praxas<h3>\n<p>Vente d'enregistreurs de donn\u00e9es et de solutions de gestion de la temp\u00e9rature et de l'humidit\u00e9 \u00e0 l'industrie logistique.<\/p>"],"card_9_image":[""],"card_13_link_url":["a:3:{s:5:\"title\";s:0:\"\";s:3:\"url\";s:35:\"https:\/\/lascarelectronics.com\/intl\/\";s:6:\"target\";s:6:\"_blank\";}"],"card_15_image":[""],"rank_math_robots":["a:1:{i:0;s:7:\"noindex\";}"],"card_9_link_url":["a:1:{i:0;s:0:\"\";}"],"card_15_link_url":["a:1:{i:0;s:0:\"\";}"],"card_21_link_url":["a:1:{i:0;s:0:\"\";}"],"card_22_link_url":["a:1:{i:0;s:0:\"\";}"],"card_23_link_url":["a:1:{i:0;s:0:\"\";}"],"card_24_link_url":["a:1:{i:0;s:0:\"\";}"],"rank_math_title":["CIMSENSE : Innovations en mati\u00e8re de s\u00e9curit\u00e9 et de contr\u00f4le %sep% %sitename%"],"rank_math_description":["CIMSENSE est un leader mondial dans la conception de contr\u00f4les, de capteurs et d'appareils de mesure innovants qui prot\u00e8gent la vie, la s\u00e9curit\u00e9 et l'environnement."],"card_1_text":["<h3 class=\"card-header\">Advantage Controls<h3>\n<p>Fabricant de contr\u00f4leurs et de pompes pour le traitement des eaux industrielles et les tours de refroidissement.<\/p>"],"card_2_text":["<h3 class=\"card-header\">Arctiko<h3>\n<p>Fabricant de cong\u00e9lateurs et de produits de r\u00e9frig\u00e9ration pour les march\u00e9s des laboratoires et de la m\u00e9decine.<\/p>"],"card_3_text":["<h3 class=\"card-header\">Arjay Engineering<h3>\n<p>Fabricant de syst\u00e8mes de contr\u00f4le des processus et de l'environnement ; laboratoire d'\u00e9talonnage certifi\u00e9.<\/p>"],"card_4_text":["<h3 class=\"card-header\">Arjay Engineering D\u00e9tection de gaz<h3>\n<p>Fabricant de syst\u00e8mes de contr\u00f4le des processus et de l'environnement ; laboratoire d'\u00e9talonnage certifi\u00e9.<\/p>"],"card_5_text":["<h3 class=\"card-header\">Instruments Can-Am<h3>\n<p>Produits et solutions pour les laboratoires, les eaux us\u00e9es, la viscosit\u00e9, la mesure de la couleur, l'huile dans l'eau ; Laboratoire d'\u00e9talonnage certifi\u00e9.<\/p>"],"card_6_text":["<h3 class=\"card-header\">Compteur Carlon<h3>\n<p>Fabricant de compteurs et de contr\u00f4les pour l'industrie du traitement chimique (commercial et industriel).<\/p>"],"card_7_text":["<h3 class=\"card-header\">Solutions de contr\u00f4le<h3>\n<p>Laboratoire d'\u00e9talonnage accr\u00e9dit\u00e9 ISO17025, vente de mat\u00e9riel de contr\u00f4le de la temp\u00e9rature des vaccins, de transport et de stockage.<\/p>"],"card_8_text":["<h3 class=\"card-header\">Corintech<h3>\n<p>Ing\u00e9nieurs, concepteurs de produits et sp\u00e9cialistes de la fabrication, de la gestion de la cha\u00eene d'approvisionnement et de l'assemblage de circuits imprim\u00e9s \u00e0 la fourniture de produits finis.<\/p>"],"card_10_text":["<h3 class=\"card-header\">Envirolog<h3>\n<p>Enregistrement des donn\u00e9es de temp\u00e9rature PDF USB \u00e0 usage unique.<\/p>"],"card_11_text":["<h3 class=\"card-header\">Capteurs mondiaux<h3>\n<p>Vente de produits d'enregistrement de donn\u00e9es et de thermom\u00e9trie.<\/p>"],"card_12_text":["<h3 class=\"card-header\">iControls<h3>\n<p>Offre une gamme compl\u00e8te de contr\u00f4leurs d'osmose inverse.<\/p>"],"card_13_text":["<h3 class=\"card-header\">Lascar Electronics<h3>\n<p>Principal fournisseur d'enregistreurs de donn\u00e9es et d'\u00e9crans de haute technologie pour la surveillance et le contr\u00f4le industriels.<\/p>"],"card_14_text":["<h3 class=\"card-header\">LogTag<h3>\n<p>Fabricant d'enregistreurs de donn\u00e9es de temp\u00e9rature et de produits d'humidit\u00e9.<\/p>"],"card_16_text":["<h3 class=\"card-header\">Technologies de mesure de pr\u00e9cision<h3>\n<p>Fabricant et concepteur de capteurs, de cartes de circuits imprim\u00e9s et de microprogrammes, y compris les composants des capteurs de foudre Talos.<\/p>"],"card_17_text":["<h3 class=\"card-header\">Talos<h3>\n<p>D\u00e9tection de la foudre en ext\u00e9rieur.<\/p>"],"card_18_text":["<h3 class=\"card-header\">Thermco Products Inc.<h3>\n<p>Vente de produits de thermom\u00e9trie et d'instruments de temp\u00e9rature de haute pr\u00e9cision ; laboratoire d'\u00e9talonnage certifi\u00e9.<\/p>"],"card_19_text":["<h3 class=\"card-header\">Transducteurs directs<h3>\n<p>Fabricant de capteurs et interrupteurs de temp\u00e9rature et de pression.<\/p>"],"card_20_text":["<h3 class=\"card-header\">Water Parts Plus<h3>\n<p>Contr\u00f4leurs, pompes et \u00e9quipements pour le traitement des eaux industrielles.<\/p>"],"_uag_page_assets":["a:9:{s:3:\"css\";s:0:\"\";s:2:\"js\";s:0:\"\";s:18:\"current_block_list\";a:0:{}s:8:\"uag_flag\";b:0;s:11:\"uag_version\";s:10:\"1775548579\";s:6:\"gfonts\";a:0:{}s:10:\"gfonts_url\";s:0:\"\";s:12:\"gfonts_files\";a:0:{}s:14:\"uag_faq_layout\";b:0;}"]},"uagb_featured_image_src":{"full":false,"thumbnail":false,"medium":false,"medium_large":false,"large":false,"1536x1536":false,"2048x2048":false,"crunchify-admin-post-featured-image":false,"commercegurus-pdp-large":false,"commercegurus-plp-mobile":false,"cgkit_image_swatch":false,"woocommerce_thumbnail":false,"woocommerce_single":false,"woocommerce_gallery_thumbnail":false},"uagb_author_info":{"display_name":"Alex James","author_link":"https:\/\/praxas.com\/fr\/author\/alex\/"},"uagb_comment_info":0,"uagb_excerpt":"&nbsp;&nbsp; &nbsp; Nous sommes CIMSENSE Nous faisons partie d&rsquo;un r\u00e9seau mondial d&rsquo;ing\u00e9nieurs, de techniciens et de professionnels experts qui nous permettent d&rsquo;apporter \u00e0 nos clients les meilleures solutions pour le bon projet. Y compris des solutions alternatives ! &nbsp; &nbsp;","_links":{"self":[{"href":"https:\/\/praxas.com\/fr\/wp-json\/wp\/v2\/pages\/29735","targetHints":{"allow":["GET"]}}],"collection":[{"href":"https:\/\/praxas.com\/fr\/wp-json\/wp\/v2\/pages"}],"about":[{"href":"https:\/\/praxas.com\/fr\/wp-json\/wp\/v2\/types\/page"}],"author":[{"embeddable":true,"href":"https:\/\/praxas.com\/fr\/wp-json\/wp\/v2\/users\/8383"}],"replies":[{"embeddable":true,"href":"https:\/\/praxas.com\/fr\/wp-json\/wp\/v2\/comments?post=29735"}],"version-history":[{"count":3,"href":"https:\/\/praxas.com\/fr\/wp-json\/wp\/v2\/pages\/29735\/revisions"}],"predecessor-version":[{"id":51534,"href":"https:\/\/praxas.com\/fr\/wp-json\/wp\/v2\/pages\/29735\/revisions\/51534"}],"wp:attachment":[{"href":"https:\/\/praxas.com\/fr\/wp-json\/wp\/v2\/media?parent=29735"}],"curies":[{"name":"wp","href":"https:\/\/api.w.org\/{rel}","templated":true}]}}