{"id":29757,"date":"2023-08-23T12:58:20","date_gmt":"2023-08-23T12:58:20","guid":{"rendered":"https:\/\/staging.praxas.com\/code-de-conduite\/"},"modified":"2025-06-20T09:51:23","modified_gmt":"2025-06-20T09:51:23","slug":"code-de-conduite","status":"publish","type":"page","link":"https:\/\/praxas.com\/fr\/politiques-de-lentreprise\/code-de-conduite\/","title":{"rendered":"Code de conduite"},"content":{"rendered":"<p>&nbsp;<\/p>\n<p>&nbsp;<\/p>\n<ol>\n<li><strong>Introduction  <\/strong><\/li>\n<\/ol>\n<p><strong>Objectif  <\/strong><\/p>\n<p>Le pr\u00e9sent code de conduite est un guide pour les employ\u00e9s de Praxas B.V. en ce qui concerne la conduite \u00e9thique dans toutes les interactions avec les coll\u00e8gues, les clients et les autres partenaires commerciaux. Il \u00e9nonce nos valeurs fondamentales d&rsquo;honn\u00eatet\u00e9, d&rsquo;int\u00e9grit\u00e9 et de respect, nos responsabilit\u00e9s partag\u00e9es et des orientations g\u00e9n\u00e9rales sur les attentes de l&rsquo;entreprise.<\/p>\n<p>Nous encourageons la libert\u00e9 d&rsquo;expression et la communication ouverte, mais nous attendons de tous les employ\u00e9s qu&rsquo;ils respectent notre code de conduite.<\/p>\n<p>Cette politique ne peut pas r\u00e9pondre \u00e0 toutes les situations auxquelles nous sommes confront\u00e9s au travail. Par cons\u00e9quent, il ne remplace en aucun cas notre jugement moral et impartial, ni nos actions honn\u00eates et r\u00e9fl\u00e9chies. Si une situation se pr\u00e9sente sur le lieu de travail et que vous avez besoin de conseils en plus de cette politique, vous devez demander l&rsquo;avis de votre sup\u00e9rieur hi\u00e9rarchique ou de votre directeur.<\/p>\n<p><strong>Champ d&rsquo;application  <\/strong><\/p>\n<p>Le pr\u00e9sent code de conduite s&rsquo;applique \u00e0 tous les employ\u00e9s de Praxas B.V., ind\u00e9pendamment de leur contrat de travail, de leur grade ou de leur lieu d&rsquo;affectation. Le code s&rsquo;applique \u00e9galement aux vendeurs et aux tiers qui fournissent du mat\u00e9riel et des services \u00e0 l&rsquo;entreprise, tels que les consultants, les agents, les conseillers, les institutions et les autres personnes agissant au nom de l&rsquo;entreprise. Les tiers affili\u00e9s sont en outre tenus de signaler toute violation de la pr\u00e9sente politique qu&rsquo;ils observent dans le cadre de leurs relations avec l&rsquo;entreprise.<\/p>\n<p><strong> <\/strong><\/p>\n<ol start=\"2\">\n<li><strong>Responsabilit\u00e9  <\/strong><\/li>\n<\/ol>\n<p><strong>Gestion<\/strong><\/p>\n<p>Les cadres sup\u00e9rieurs, les directeurs, les gestionnaires et les superviseurs sont charg\u00e9s de donner des exemples de comportement \u00e9thique. Les cadres ont \u00e9galement la responsabilit\u00e9 de cr\u00e9er un environnement ouvert et favorable dans lequel les employ\u00e9s se sentent \u00e0 l&rsquo;aise pour soulever des questions \u00e9thiques et signaler des cas de mauvaise conduite.<\/p>\n<p><strong>Salari\u00e9s<\/strong><\/p>\n<p>Tous les employ\u00e9s doivent traiter tout le monde de mani\u00e8re \u00e9quitable, maintenir un respect mutuel, promouvoir un environnement d&rsquo;\u00e9quipe collaboratif et \u00e9viter les pratiques contraires \u00e0 l&rsquo;\u00e9thique ou compromettantes et\/ou l&rsquo;apparence de telles pratiques. Le comportement des employ\u00e9s doit refl\u00e9ter les valeurs et la culture de l&rsquo;entreprise et ne pas nuire aux parties prenantes de l&rsquo;entreprise. Tous les employ\u00e9s sont responsables de :<\/p>\n<ul>\n<li>Faire preuve d&rsquo;effort et d&rsquo;intelligence pour assumer toutes les responsabilit\u00e9s professionnelles dans le respect de l&rsquo;\u00e9thique.<\/li>\n<li>D\u00e9clarer tout conflit d&rsquo;int\u00e9r\u00eats concernant leur position au sein de Praxas B.V.<\/li>\n<li>Maintenir une conduite professionnelle dans leurs interactions avec les autres employ\u00e9s, les clients, les vendeurs, les agents et toute autre partie prenante de l&rsquo;entreprise.<\/li>\n<\/ul>\n<p><strong> <\/strong><\/p>\n<ol start=\"3\">\n<li><strong>Respect et \u00e9thique sur le lieu de travail<\/strong><\/li>\n<\/ol>\n<p>Pour travailler efficacement, nous avons tous besoin d&rsquo;un environnement de travail sain et s\u00fbr. Les employ\u00e9s doivent conna\u00eetre la politique de Praxas B.V. en mati\u00e8re de sant\u00e9 et de s\u00e9curit\u00e9 des travailleurs. La politique de Praxas B.V. en mati\u00e8re de sant\u00e9 et de s\u00e9curit\u00e9 des travailleurs. Nous offrons un environnement de travail exempt de coercition, de discrimination et de harc\u00e8lement. C&rsquo;est pourquoi le respect, l&rsquo;int\u00e9gration et le partage des valeurs \u00e9thiques sont au c\u0153ur de nos valeurs fondamentales. Quels que soient votre service et votre niveau d&rsquo;autorit\u00e9, vous devez vous conformer \u00e0 notre politique de lutte contre la discrimination et le harc\u00e8lement dans tous les aspects du travail, du recrutement \u00e0 l&rsquo;\u00e9valuation des performances, en passant par les relations interpersonnelles.<\/p>\n<p>Toute forme d&rsquo;abus de substances, ainsi que l&rsquo;utilisation ou la distribution de drogues et d&rsquo;alcool sur le lieu de travail, sont strictement interdites.<\/p>\n<p><strong> <\/strong><\/p>\n<ol start=\"4\">\n<li><strong>Respect de la l\u00e9gislation<\/strong><\/li>\n<\/ol>\n<p>Praxas B.V. se conforme \u00e0 toutes les lois, r\u00e8gles et r\u00e9glementations locales, nationales ou r\u00e9gionales dans les pays o\u00f9 elle exerce ses activit\u00e9s. Il s&rsquo;agit notamment des lois relatives \u00e0 l&rsquo;esclavage moderne et \u00e0 la traite des \u00eatres humains.<\/p>\n<p>Tous nos employ\u00e9s, et ceux qui agissent en notre nom, doivent prot\u00e9ger la l\u00e9galit\u00e9 de l&rsquo;entreprise. Les employ\u00e9s doivent se conformer \u00e0 toutes les lois relatives \u00e0 l&rsquo;environnement, \u00e0 la s\u00e9curit\u00e9 et \u00e0 la loyaut\u00e9. Les violations de la loi peuvent entra\u00eener des pr\u00e9judices importants pour l&rsquo;entreprise, notamment des sanctions financi\u00e8res, le refus d&rsquo;accorder des privil\u00e8ges en mati\u00e8re de march\u00e9s publics, l&#8217;emprisonnement pour faute p\u00e9nale et l&rsquo;atteinte \u00e0 nos relations d&rsquo;affaires et \u00e0 notre r\u00e9putation. Les employ\u00e9s et les personnes agissant au nom de l&rsquo;entreprise doivent faire preuve d&rsquo;\u00e9thique et de responsabilit\u00e9 lorsqu&rsquo;ils traitent des finances, des produits, des partenariats et de l&rsquo;image publique de l&rsquo;entreprise.<\/p>\n<p><strong> <\/strong><\/p>\n<ol start=\"5\">\n<li><strong>Concurrence loyale<\/strong><\/li>\n<\/ol>\n<p>Praxas B.V. se consacre \u00e0 une concurrence \u00e9thique, \u00e9quitable et vigoureuse. Nous vendrons des produits et des services sur la base de leur m\u00e9rite, de leur qualit\u00e9 sup\u00e9rieure, de leur fonctionnalit\u00e9 et de leur prix comp\u00e9titif. Nous prendrons des d\u00e9cisions ind\u00e9pendantes en mati\u00e8re de prix et de marketing et ne coop\u00e9rerons pas ou ne coordonnerons pas nos activit\u00e9s avec nos concurrents. Nous n&rsquo;offrirons ni ne solliciterons de paiements ou de gratifications inappropri\u00e9s en rapport avec l&rsquo;achat ou la vente de biens ou de services qui profitent injustement \u00e0 l&rsquo;entreprise. Nous ne participerons pas non plus \u00e0 des boycotts ill\u00e9gaux de clients, ni n&rsquo;y contribuerons.<\/p>\n<p><strong> <\/strong><\/p>\n<ol start=\"6\">\n<li><strong>Protection des biens de l&rsquo;entreprise<\/strong><\/li>\n<\/ol>\n<p>Tous les employ\u00e9s doivent traiter les biens de notre entreprise, qu&rsquo;ils soient mat\u00e9riels ou immat\u00e9riels, avec respect et attention. Les employ\u00e9s ne doivent pas faire un usage abusif ou frivole du mat\u00e9riel de l&rsquo;entreprise et doivent respecter tous les types de biens incorporels. Cela comprend les marques, les droits d&rsquo;auteur, la propri\u00e9t\u00e9 intellectuelle et d&rsquo;autres actifs (rapports, informations, etc.). Les employ\u00e9s ne doivent les utiliser que pour accomplir leurs t\u00e2ches professionnelles. En outre, l&rsquo;utilisation de nos actifs \u00e0 des fins de profit personnel ou \u00e0 toute fin ill\u00e9gale, personnelle non autoris\u00e9e ou contraire \u00e0 l&rsquo;\u00e9thique est interdite.<\/p>\n<p>L&rsquo;entreprise ne tol\u00e8re pas l&rsquo;utilisation de ses ressources pour cr\u00e9er, acc\u00e9der, stocker, imprimer, solliciter ou envoyer du mat\u00e9riel harcelant, mena\u00e7ant, abusif, sexuellement explicite ou autrement offensant ou inappropri\u00e9.<\/p>\n<p><strong> <\/strong><\/p>\n<ol start=\"7\">\n<li><strong>Fraude, int\u00e9grit\u00e9 financi\u00e8re et comptabilit\u00e9<\/strong><\/li>\n<\/ol>\n<p>Aucun employ\u00e9 ou candidat ne peut falsifier une demande, un dossier, une facture, un document, un relev\u00e9 de temps, un formulaire de remboursement de frais, une fiche de pr\u00e9sence, un questionnaire d&rsquo;enqu\u00eate ou tout autre document. Tout employ\u00e9 convaincu d&rsquo;avoir falsifi\u00e9 un tel document ou d&rsquo;y avoir fait des d\u00e9clarations inexactes ou des omissions importantes fera l&rsquo;objet de mesures disciplinaires.<\/p>\n<p>Des documents financiers et commerciaux pr\u00e9cis et fiables sont d&rsquo;une importance capitale. Vous ne devez pas vous engager dans des actions qui pourraient entra\u00eener la transmission d&rsquo;informations financi\u00e8res fausses ou inexactes au sujet de notre soci\u00e9t\u00e9 ou de nos clients. Vous devez vous assurer que toutes les informations que vous communiquez \u00e0 la soci\u00e9t\u00e9, aux clients ou \u00e0 d&rsquo;autres personnes en notre nom sont compl\u00e8tes et exactes.<\/p>\n<p><strong> <\/strong><\/p>\n<ol start=\"8\">\n<li><strong>Conflit d&rsquo;int\u00e9r\u00eats  <\/strong><\/li>\n<\/ol>\n<p>Les employ\u00e9s doivent \u00e9viter les situations impliquant un conflit d&rsquo;int\u00e9r\u00eats r\u00e9el ou potentiel afin que l&rsquo;int\u00e9grit\u00e9 de l&rsquo;entreprise ne soit pas remise en question. Il existe de nombreuses situations susceptibles de donner lieu \u00e0 un conflit d&rsquo;int\u00e9r\u00eats. Les plus courantes sont les suivantes :<\/p>\n<ul>\n<li>Accepter des cadeaux de la part de fournisseurs<\/li>\n<li>Emploi dans une autre entreprise cliente, fournisseur ou concurrente de Praxas B.V.<\/li>\n<li>Propri\u00e9t\u00e9 d&rsquo;une part importante d&rsquo;une autre soci\u00e9t\u00e9 ou entreprise qui est un client, un fournisseur ou un concurrent de Praxas B.V.<\/li>\n<li>Relations \u00e9troites ou familiales avec les fournisseurs<\/li>\n<li>Communication et\/ou collaboration avec les concurrents<\/li>\n<\/ul>\n<p>Les employ\u00e9s doivent s&rsquo;assurer que leurs d\u00e9cisions sont fond\u00e9es sur le meilleur int\u00e9r\u00eat de l&rsquo;entreprise et que les d\u00e9cisions qu&rsquo;ils prennent ne sont pas prises en \u00e9change d&rsquo;un avantage personnel, direct ou indirect.<\/p>\n<p><strong> <\/strong><\/p>\n<ol start=\"9\">\n<li><strong>Informations confidentielles<\/strong><\/li>\n<\/ol>\n<p>Pour toute entreprise, les informations confidentielles sont un atout et chaque directeur, employ\u00e9 et agent de l&rsquo;entreprise doit les prot\u00e9ger. Les informations confidentielles comprennent toutes les informations non publiques relatives aux clients, aux employ\u00e9s et aux partenaires commerciaux, ainsi que les informations personnelles obtenues de quelque source que ce soit dans le cadre des activit\u00e9s professionnelles. Les employ\u00e9s ne doivent pas rechercher, accepter ou utiliser des informations confidentielles de l&rsquo;entreprise provenant d&rsquo;un concurrent.<\/p>\n<p><strong> <\/strong><\/p>\n<ol start=\"10\">\n<li><strong>Pots-de-vin et corruption<\/strong><\/li>\n<\/ol>\n<p>La corruption est un d\u00e9lit p\u00e9nal et nous appliquons une tol\u00e9rance z\u00e9ro \u00e0 l&rsquo;\u00e9gard des cadeaux inappropri\u00e9s, des relations d&rsquo;affaires et des transactions susceptibles d&rsquo;influencer les d\u00e9cisions commerciales. Il est \u00e9galement interdit \u00e0 Praxas B.V. de faire des dons politiques.<\/p>\n<p>Nous d\u00e9courageons les employ\u00e9s d&rsquo;accepter des cadeaux, des divertissements, des gratifications et des services de la part de clients ou de partenaires. Les exceptions \u00e0 cette r\u00e8gle comprennent les activit\u00e9s professionnelles normales telles que les repas et les boissons, les cadeaux ayant une valeur symbolique minimale ou les cadeaux li\u00e9s au marketing. Les indemnit\u00e9s de d\u00e9part \u00e0 la retraite et les contributions \u00e0 des organisations caritatives et \u00e0 but non lucratif reconnues sont \u00e9galement exclues.<\/p>\n<p>Un employ\u00e9 qui re\u00e7oit, ou dont un membre de la famille re\u00e7oit, un cadeau non sollicit\u00e9 interdit par les pr\u00e9sentes lignes directrices doit le signaler \u00e0 son sup\u00e9rieur ou \u00e0 son directeur.<\/p>\n<p><strong> <\/strong><\/p>\n<ol start=\"11\">\n<li><strong>Professionnalisme<\/strong><\/li>\n<\/ol>\n<p>Tous les employ\u00e9s doivent faire preuve d&rsquo;int\u00e9grit\u00e9 et de professionnalisme sur le lieu de travail :<br \/>\n<strong>Apparence personnelle<\/strong><br \/>\nTous les employ\u00e9s doivent respecter notre code vestimentaire et nos directives en mati\u00e8re d&rsquo;apparence personnelle.<\/p>\n<ul>\n<li><strong>T\u00e2ches et autorit\u00e9<\/strong><br \/>\nTous les employ\u00e9s doivent s&rsquo;acquitter de leurs t\u00e2ches avec int\u00e9grit\u00e9 et respect envers les clients, les parties prenantes et la communaut\u00e9. Les superviseurs et les directeurs ne doivent pas abuser de leur autorit\u00e9. Nous attendons d&rsquo;eux qu&rsquo;ils d\u00e9l\u00e8guent des t\u00e2ches aux membres de leur \u00e9quipe en fonction de leurs comp\u00e9tences et de leur charge de travail. De m\u00eame, nous attendons des membres de l&rsquo;\u00e9quipe qu&rsquo;ils suivent les instructions des chefs d&rsquo;\u00e9quipe et qu&rsquo;ils accomplissent leurs t\u00e2ches avec comp\u00e9tence et dans les d\u00e9lais impartis.<\/li>\n<li><strong>Absent\u00e9isme et retard<\/strong><br \/>\nLes employ\u00e9s doivent respecter leurs horaires. Nous pouvons faire des exceptions pour des occasions ou des urgences qui emp\u00eachent les employ\u00e9s de suivre les heures ou les jours de travail normaux, mais, en r\u00e8gle g\u00e9n\u00e9rale, nous attendons des employ\u00e9s qu&rsquo;ils soient ponctuels lorsqu&rsquo;ils se rendent au travail et le quittent. Tenez toujours votre sup\u00e9rieur inform\u00e9 de tout retard, de toute modification de votre journ\u00e9e de travail ou de votre absent\u00e9isme.<\/li>\n<li><strong>Communication<\/strong><br \/>\nTous les employ\u00e9s doivent faire preuve d&rsquo;ouverture et d&rsquo;honn\u00eatet\u00e9 dans leurs communications avec leurs coll\u00e8gues, leurs sup\u00e9rieurs ou les membres de leur \u00e9quipe. Praxas B.V. appr\u00e9cie la libre circulation des pens\u00e9es, des id\u00e9es, des questions et des pr\u00e9occupations. Les employ\u00e9s doivent \u00eatre amicaux et collaborer. Ils doivent s&rsquo;efforcer de ne pas perturber le lieu de travail et de ne pas entraver le travail de leurs coll\u00e8gues.<\/li>\n<\/ul>\n<p>Tous les employ\u00e9s impliqu\u00e9s dans la vente de nos produits et services doivent s&rsquo;assurer que toutes les communications, d\u00e9clarations et repr\u00e9sentations faites aux clients sont exactes, compl\u00e8tes et v\u00e9ridiques.<\/p>\n<p>Les employ\u00e9s peuvent \u00eatre contact\u00e9s par des journalistes et d&rsquo;autres membres des m\u00e9dias qui souhaitent obtenir des informations sur l&rsquo;entreprise. Pour s&rsquo;assurer que nous parlons d&rsquo;une seule voix et que nous fournissons des informations exactes sur l&rsquo;entreprise, les employ\u00e9s doivent adresser toutes les demandes des m\u00e9dias au d\u00e9partement Marketing. Nul ne peut publier un communiqu\u00e9 de presse sans avoir pr\u00e9alablement consult\u00e9 le service Marketing.<\/p>\n<p>Praxas B.V. attend de ses employ\u00e9s qu&rsquo;ils utilisent les m\u00e9dias sociaux et les plateformes de r\u00e9seautage social de mani\u00e8re responsable. Nous attendons de vous que vous respectiez la vie priv\u00e9e des autres employ\u00e9s, clients et partenaires commerciaux et que vous vous conformiez aux lois applicables et aux directives gouvernementales r\u00e9gissant les m\u00e9dias sociaux. Lorsque vous utilisez les m\u00e9dias sociaux sous quelque forme que ce soit, vous devez vous conformer au pr\u00e9sent code de conduite. Vous ne devez pas divulguer d&rsquo;informations confidentielles concernant l&rsquo;entreprise ou l&rsquo;un de ses employ\u00e9s, sous-traitants ou fournisseurs tiers. Vous ne devez pas agir au nom de l&rsquo;entreprise dans le cadre d&rsquo;une cause politique ou sociale, sauf si on vous le demande express\u00e9ment.<\/p>\n<ul>\n<li><strong>Violence sur le lieu de travail<\/strong><br \/>\nPraxas B.V. s&rsquo;efforce de fournir un lieu de travail s\u00fbr et s\u00e9curis\u00e9 pour les employ\u00e9s, les clients, les vendeurs et les visiteurs. Praxas B.V. ne tol\u00e8re pas les actes violents ou les menaces de violence \u00e0 l&rsquo;encontre de ses employ\u00e9s, candidats, clients, fournisseurs ou partenaires commerciaux. Nous n&rsquo;acceptons pas les bagarres, les paroles mena\u00e7antes ou les comportements agressifs. Les armes, quelles qu&rsquo;elles soient, sont strictement interdites et ne sont pas autoris\u00e9es dans les locaux de l&rsquo;entreprise, sauf si la l\u00e9gislation ou les r\u00e9glementations locales le permettent.<\/li>\n<li><strong>Avantages<\/strong><br \/>\nNous attendons de nos employ\u00e9s qu&rsquo;ils n&rsquo;abusent pas de leurs avantages sociaux. Il s&rsquo;agit de cong\u00e9s, d&rsquo;assurances, d&rsquo;installations, d&rsquo;abonnements ou d&rsquo;autres avantages offerts par notre entreprise.<\/li>\n<li><strong>Politiques<\/strong><br \/>\nCette politique sera distribu\u00e9e \u00e0 tous les employ\u00e9s par le d\u00e9partement des ressources humaines lors de leur accueil et\/ou de leur int\u00e9gration et apr\u00e8s toute r\u00e9vision. D&rsquo;autres politiques pertinentes seront \u00e9galement distribu\u00e9es afin que tous les employ\u00e9s aient acc\u00e8s \u00e0 la lecture des politiques de l&rsquo;entreprise et les respectent par la suite.<\/li>\n<\/ul>\n<p>&nbsp;<\/p>\n<p>Si les employ\u00e9s ont des questions, ils doivent contacter le d\u00e9partement des ressources humaines ou son repr\u00e9sentant, leur superviseur direct, leur directeur ou un directeur de l&rsquo;entreprise.<\/p>\n<p><strong> <\/strong><\/p>\n<ol start=\"12\">\n<li><strong>Diversit\u00e9 et inclusion<\/strong><\/li>\n<\/ol>\n<p>Praxas B.V. est un employeur qui souscrit au principe de l&rsquo;\u00e9galit\u00e9 des chances en mati\u00e8re d&#8217;emploi et s&rsquo;engage \u00e0 offrir un lieu de travail exempt de toute discrimination.<\/p>\n<p>Praxas B.V. ne tol\u00e8re pas le harc\u00e8lement ou la discrimination. Tout employ\u00e9 ou partie prenante qui se sent harcel\u00e9 ou victime de discrimination doit signaler l&rsquo;incident \u00e0 son sup\u00e9rieur hi\u00e9rarchique ou au d\u00e9partement des ressources humaines.<\/p>\n<p>Les employ\u00e9s doivent se conformer \u00e0 la politique de Praxas B.V. en mati\u00e8re de lutte contre la discrimination et le harc\u00e8lement.<\/p>\n<p><strong> <\/strong><\/p>\n<ol start=\"13\">\n<li><strong>Signalement de probl\u00e8mes et mesures disciplinaires<\/strong><\/li>\n<\/ol>\n<p>Les violations de ce code peuvent avoir des cons\u00e9quences graves pour Praxas B.V., son image, sa cr\u00e9dibilit\u00e9 et la confiance de ses clients. Les violations peuvent en outre entra\u00eener des amendes substantielles et des restrictions sur les activit\u00e9s futures de l&rsquo;entreprise, ainsi que des amendes et des peines d&#8217;emprisonnement potentielles pour les employ\u00e9s individuels.<\/p>\n<p>Les employ\u00e9s sont encourag\u00e9s \u00e0 signaler rapidement toute infraction. Les rapports doivent \u00eatre adress\u00e9s au superviseur ou au directeur de l&#8217;employ\u00e9, ou \u00e0 un autre endroit si les circonstances l&rsquo;exigent. L&rsquo;entreprise enqu\u00eatera sur tous les cas signal\u00e9s de comportement douteux ou contraire \u00e0 l&rsquo;\u00e9thique et n&rsquo;exercera ni ne tol\u00e9rera de repr\u00e9sailles \u00e0 l&rsquo;encontre des employ\u00e9s, parfois appel\u00e9s \u00ab\u00a0d\u00e9nonciateurs\u00a0\u00bb, qui soul\u00e8vent de bonne foi de v\u00e9ritables probl\u00e8mes d&rsquo;\u00e9thique.<\/p>\n<p>Notre entreprise peut \u00eatre amen\u00e9e \u00e0 prendre des mesures disciplinaires \u00e0 l&rsquo;encontre des employ\u00e9s qui, de mani\u00e8re r\u00e9p\u00e9t\u00e9e ou intentionnelle, ne respectent pas notre code de conduite. Les mesures disciplinaires varient en fonction de la gravit\u00e9 de l&rsquo;infraction.<\/p>\n<p><strong>Les cons\u00e9quences possibles sont les suivantes :<\/strong><\/p>\n<ul>\n<li>R\u00e9trogradation<\/li>\n<li>Bl\u00e2me<\/li>\n<li>Suspension ou r\u00e9siliation<\/li>\n<\/ul>\n<p>Nous pouvons intenter une action en justice en cas de corruption, de vol, de d\u00e9tournement de fonds ou d&rsquo;autres comportements ill\u00e9gaux.<\/p>\n","protected":false},"excerpt":{"rendered":"<p>&nbsp; &nbsp; Introduction Objectif Le pr\u00e9sent code de conduite est un guide pour les employ\u00e9s de Praxas B.V. en ce qui concerne la conduite \u00e9thique dans toutes les interactions avec les coll\u00e8gues, les clients et les autres partenaires commerciaux. Il \u00e9nonce nos valeurs fondamentales d&rsquo;honn\u00eatet\u00e9, d&rsquo;int\u00e9grit\u00e9 et de respect, nos responsabilit\u00e9s partag\u00e9es et des orientations [&hellip;]<\/p>\n","protected":false},"author":1,"featured_media":0,"parent":29758,"menu_order":1,"comment_status":"closed","ping_status":"closed","template":"template-fullwidth.php","meta":{"_acf_changed":false,"content-type":"","_uag_custom_page_level_css":"","footnotes":""},"class_list":["post-29757","page","type-page","status-publish","hentry"],"acf":[],"spectra_custom_meta":{"hero_image":[""],"_hero_image":["field_64f1a7da7af44"],"_hero_h1":["field_64f19e1edd052"],"_hero_h2":["field_64f19e2ddd053"],"_hero_text":["field_64f19e42dd054"],"_hero_button_text":["field_64f19e4edd055"],"_hero_button_link":["field_64f19e5ddd056"],"_top_nav_excluded":[""],"_cms_nav_minihome":[""],"_wp_page_template":["template-fullwidth.php"],"_last_translation_edit_mode":["translation-editor"],"_wpml_word_count":["2840"],"_uag_page_assets":["a:9:{s:3:\"css\";s:0:\"\";s:2:\"js\";s:0:\"\";s:18:\"current_block_list\";a:0:{}s:8:\"uag_flag\";b:0;s:11:\"uag_version\";s:10:\"1775548579\";s:6:\"gfonts\";a:0:{}s:10:\"gfonts_url\";s:0:\"\";s:12:\"gfonts_files\";a:0:{}s:14:\"uag_faq_layout\";b:0;}"]},"uagb_featured_image_src":{"full":false,"thumbnail":false,"medium":false,"medium_large":false,"large":false,"1536x1536":false,"2048x2048":false,"crunchify-admin-post-featured-image":false,"commercegurus-pdp-large":false,"commercegurus-plp-mobile":false,"cgkit_image_swatch":false,"woocommerce_thumbnail":false,"woocommerce_single":false,"woocommerce_gallery_thumbnail":false},"uagb_author_info":{"display_name":"AndyS","author_link":"https:\/\/praxas.com\/fr\/author\/andys\/"},"uagb_comment_info":0,"uagb_excerpt":"&nbsp; &nbsp; Introduction Objectif Le pr\u00e9sent code de conduite est un guide pour les employ\u00e9s de Praxas B.V. en ce qui concerne la conduite \u00e9thique dans toutes les interactions avec les coll\u00e8gues, les clients et les autres partenaires commerciaux. Il \u00e9nonce nos valeurs fondamentales d&rsquo;honn\u00eatet\u00e9, d&rsquo;int\u00e9grit\u00e9 et de respect, nos responsabilit\u00e9s partag\u00e9es et des orientations\u2026","_links":{"self":[{"href":"https:\/\/praxas.com\/fr\/wp-json\/wp\/v2\/pages\/29757","targetHints":{"allow":["GET"]}}],"collection":[{"href":"https:\/\/praxas.com\/fr\/wp-json\/wp\/v2\/pages"}],"about":[{"href":"https:\/\/praxas.com\/fr\/wp-json\/wp\/v2\/types\/page"}],"author":[{"embeddable":true,"href":"https:\/\/praxas.com\/fr\/wp-json\/wp\/v2\/users\/1"}],"replies":[{"embeddable":true,"href":"https:\/\/praxas.com\/fr\/wp-json\/wp\/v2\/comments?post=29757"}],"version-history":[{"count":2,"href":"https:\/\/praxas.com\/fr\/wp-json\/wp\/v2\/pages\/29757\/revisions"}],"predecessor-version":[{"id":49850,"href":"https:\/\/praxas.com\/fr\/wp-json\/wp\/v2\/pages\/29757\/revisions\/49850"}],"up":[{"embeddable":true,"href":"https:\/\/praxas.com\/fr\/wp-json\/wp\/v2\/pages\/29758"}],"wp:attachment":[{"href":"https:\/\/praxas.com\/fr\/wp-json\/wp\/v2\/media?parent=29757"}],"curies":[{"name":"wp","href":"https:\/\/api.w.org\/{rel}","templated":true}]}}