{"id":29767,"date":"2023-08-22T14:06:56","date_gmt":"2023-08-22T14:06:56","guid":{"rendered":"https:\/\/staging.praxas.com\/soutien\/"},"modified":"2025-06-20T09:52:23","modified_gmt":"2025-06-20T09:52:23","slug":"soutien","status":"publish","type":"page","link":"https:\/\/praxas.com\/fr\/soutien\/","title":{"rendered":"Soutien"},"content":{"rendered":"\n<div class=\"wp-block-cover alignfull\" style=\"min-height:350px;aspect-ratio:unset;\"><span aria-hidden=\"true\" class=\"wp-block-cover__background has-background-dim-10 has-background-dim\" style=\"background-color:#58779e\"><\/span><img loading=\"lazy\" decoding=\"async\" width=\"3780\" height=\"709\" class=\"wp-block-cover__image-background wp-image-44740\" alt=\"Support - New Style Banner - Biomedical\" src=\"https:\/\/praxas.com\/wp-content\/uploads\/PRAXAS_SupportBIO3.png\" data-object-fit=\"cover\" srcset=\"https:\/\/praxas.com\/wp-content\/uploads\/PRAXAS_SupportBIO3.png 3780w, https:\/\/praxas.com\/wp-content\/uploads\/PRAXAS_SupportBIO3-300x56.png 300w, https:\/\/praxas.com\/wp-content\/uploads\/PRAXAS_SupportBIO3-1024x192.png 1024w, https:\/\/praxas.com\/wp-content\/uploads\/PRAXAS_SupportBIO3-768x144.png 768w, https:\/\/praxas.com\/wp-content\/uploads\/PRAXAS_SupportBIO3-1536x288.png 1536w, https:\/\/praxas.com\/wp-content\/uploads\/PRAXAS_SupportBIO3-2048x384.png 2048w, https:\/\/praxas.com\/wp-content\/uploads\/PRAXAS_SupportBIO3-120x23.png 120w, https:\/\/praxas.com\/wp-content\/uploads\/PRAXAS_SupportBIO3-990x186.png 990w, https:\/\/praxas.com\/wp-content\/uploads\/PRAXAS_SupportBIO3-441x83.png 441w, https:\/\/praxas.com\/wp-content\/uploads\/PRAXAS_SupportBIO3-350x66.png 350w, https:\/\/praxas.com\/wp-content\/uploads\/PRAXAS_SupportBIO3-800x150.png 800w, https:\/\/praxas.com\/wp-content\/uploads\/PRAXAS_SupportBIO3-150x28.png 150w\" sizes=\"auto, (max-width: 3780px) 100vw, 3780px\" \/><div class=\"wp-block-cover__inner-container has-global-padding is-layout-constrained wp-container-core-cover-is-layout-a4c69c57 wp-block-cover-is-layout-constrained\">\n<div class=\"wp-block-columns is-layout-flex wp-container-core-columns-is-layout-28f84493 wp-block-columns-is-layout-flex\">\n<div class=\"wp-block-column is-layout-flow wp-block-column-is-layout-flow\" style=\"flex-basis:70%\">\n<h1 class=\"wp-block-heading has-white-color has-text-color has-link-color wp-elements-df902b4cd3419dd8839635234ade9478\">Soutien<\/h1>\n\n\n\n<div style=\"height:30px\" aria-hidden=\"true\" class=\"wp-block-spacer\"><\/div>\n\n\n\n<p class=\"has-white-color has-text-color has-link-color wp-elements-ad6092f37d2f9bb3efff60d2db7feff1\">Nous sommes \u00e0 votre disposition pour r\u00e9pondre \u00e0 toutes vos questions concernant nos produits EasyLog et LogTag. Vous trouverez ci-dessous des ressources et des informations de contact pour vous aider \u00e0 trouver les r\u00e9ponses dont vous avez besoin.<\/p>\n<\/div>\n\n\n\n<div class=\"wp-block-column is-layout-flow wp-block-column-is-layout-flow\"><\/div>\n<\/div>\n<\/div><\/div>\n\n<div style=\"height:70px\" aria-hidden=\"true\" class=\"wp-block-spacer\"><\/div>\n\n<div class=\"wp-block-group alignfull has-global-padding is-layout-constrained wp-container-core-group-is-layout-a4c69c57 wp-block-group-is-layout-constrained\">\n<div class=\"wp-block-columns is-layout-flex wp-container-core-columns-is-layout-28f84493 wp-block-columns-is-layout-flex\">\n<div class=\"wp-block-column has-background is-layout-flow wp-block-column-is-layout-flow\" style=\"border-radius:15px;background-color:#e5e5e5;padding-top:var(--wp--preset--spacing--medium);padding-right:var(--wp--preset--spacing--medium);padding-bottom:var(--wp--preset--spacing--medium);padding-left:var(--wp--preset--spacing--medium)\">\n<h2 class=\"wp-block-heading has-text-align-center has-text-color has-link-color wp-elements-24b09fc97657145c381a61a931a02c70\" style=\"color:#009ee0\">Support Praxas<\/h2>\n\n\n\n<div style=\"height:5px\" aria-hidden=\"true\" class=\"wp-block-spacer\"><\/div>\n\n\n\n<p class=\"has-text-align-center\">Avant de contacter notre \u00e9quipe d&rsquo;assistance, nous vous recommandons de consulter notre Foire aux questions pour obtenir des solutions rapides aux probl\u00e8mes les plus courants. Vous trouverez des sections FAQ d\u00e9di\u00e9es aux produits EasyLog et LogTag sous l&rsquo;onglet support ou en suivant les liens ci-dessous.<\/p>\n\n\n\n<div style=\"height:30px\" aria-hidden=\"true\" class=\"wp-block-spacer\"><\/div>\n<\/div>\n<\/div>\n<\/div>\n\n<div style=\"height:70px\" aria-hidden=\"true\" class=\"wp-block-spacer\"><\/div>\n\n<div class=\"wp-block-group alignfull has-global-padding is-layout-constrained wp-container-core-group-is-layout-a4c69c57 wp-block-group-is-layout-constrained\">\n<h3 class=\"wp-block-heading has-text-align-center has-text-color has-link-color has-large-font-size wp-elements-00c47036a2805ebd45dbe571789ab8bc\" style=\"color:#009ee0\">Support EasyLog<\/h3>\n\n\n\n<div class=\"wp-block-columns is-layout-flex wp-container-core-columns-is-layout-28f84493 wp-block-columns-is-layout-flex\">\n<div class=\"wp-block-column is-layout-flow wp-block-column-is-layout-flow\" style=\"flex-basis:50%\">\n<div style=\"height:50px\" aria-hidden=\"true\" class=\"wp-block-spacer\"><\/div>\n\n\n\n<figure class=\"wp-block-image aligncenter size-full\"><img loading=\"lazy\" decoding=\"async\" width=\"1200\" height=\"630\" src=\"https:\/\/praxas.com\/wp-content\/uploads\/EasyLog-Group-1.jpg\" alt=\"\" class=\"wp-image-15284\" srcset=\"https:\/\/praxas.com\/wp-content\/uploads\/EasyLog-Group-1.jpg 1200w, https:\/\/praxas.com\/wp-content\/uploads\/EasyLog-Group-1-300x158.jpg 300w, https:\/\/praxas.com\/wp-content\/uploads\/EasyLog-Group-1-1024x538.jpg 1024w, https:\/\/praxas.com\/wp-content\/uploads\/EasyLog-Group-1-768x403.jpg 768w, https:\/\/praxas.com\/wp-content\/uploads\/EasyLog-Group-1-120x63.jpg 120w, https:\/\/praxas.com\/wp-content\/uploads\/EasyLog-Group-1-990x520.jpg 990w, https:\/\/praxas.com\/wp-content\/uploads\/EasyLog-Group-1-441x232.jpg 441w, https:\/\/praxas.com\/wp-content\/uploads\/EasyLog-Group-1-800x420.jpg 800w, https:\/\/praxas.com\/wp-content\/uploads\/EasyLog-Group-1-150x79.jpg 150w\" sizes=\"auto, (max-width: 1200px) 100vw, 1200px\" \/><\/figure>\n<\/div>\n\n\n\n<div class=\"wp-block-column is-layout-flow wp-block-column-is-layout-flow\" style=\"flex-basis:66.66%\">\n<div class=\"wp-block-columns is-layout-flex wp-container-core-columns-is-layout-28f84493 wp-block-columns-is-layout-flex\">\n<div class=\"wp-block-column is-layout-flow wp-block-column-is-layout-flow\">\n<div class=\"wp-block-buttons is-content-justification-center is-layout-flex wp-container-core-buttons-is-layout-a89b3969 wp-block-buttons-is-layout-flex\">\n<div class=\"wp-block-button\"><a class=\"wp-block-button__link has-background wp-element-button\" href=\"https:\/\/praxas.com\/fr\/soutien\/support-pour-lenregistreur-de-donnees-el-usb\/\" style=\"border-radius:5px;background-color:#009ee0\"><strong>Enregistreurs de donn\u00e9es EL-USB<\/strong><\/a><\/div>\n<\/div>\n<\/div>\n\n\n\n<div class=\"wp-block-column is-layout-flow wp-block-column-is-layout-flow\">\n<div class=\"wp-block-buttons is-content-justification-center is-layout-flex wp-container-core-buttons-is-layout-a89b3969 wp-block-buttons-is-layout-flex\">\n<div class=\"wp-block-button\"><a class=\"wp-block-button__link has-background wp-element-button\" href=\"https:\/\/praxas.com\/fr\/soutien\/support-de-lenregistreur-de-donnees-el-wifi\/\" style=\"border-radius:5px;background-color:#009ee0\"><strong>Enregistreurs de donn\u00e9es EL-WiFi<\/strong><\/a><\/div>\n<\/div>\n<\/div>\n\n\n\n<div class=\"wp-block-column is-layout-flow wp-block-column-is-layout-flow\">\n<div class=\"wp-block-buttons is-content-justification-center is-layout-flex wp-container-core-buttons-is-layout-a89b3969 wp-block-buttons-is-layout-flex\">\n<div class=\"wp-block-button\"><a class=\"wp-block-button__link has-background wp-element-button\" href=\"https:\/\/praxas.com\/fr\/soutien\/support-de-lenregistreur-de-donnees-21cfr\/\" style=\"border-radius:5px;background-color:#009ee0\"><strong>Enregistreurs de donn\u00e9es 21CFR<\/strong><\/a><\/div>\n<\/div>\n<\/div>\n<\/div>\n\n\n\n<div class=\"wp-block-columns is-layout-flex wp-container-core-columns-is-layout-28f84493 wp-block-columns-is-layout-flex\">\n<div class=\"wp-block-column is-layout-flow wp-block-column-is-layout-flow\">\n<div class=\"wp-block-buttons is-content-justification-center is-layout-flex wp-container-core-buttons-is-layout-a89b3969 wp-block-buttons-is-layout-flex\">\n<div class=\"wp-block-button\"><a class=\"wp-block-button__link has-background wp-element-button\" href=\"https:\/\/praxas.com\/fr\/soutien\/support-pour-les-enregistreurs-de-donnees-de-la-chaine-du-froid\/\" style=\"border-radius:5px;background-color:#009ee0\"><strong>Enregistreurs de donn\u00e9es pour la cha\u00eene du froid<\/strong><\/a><\/div>\n<\/div>\n<\/div>\n\n\n\n<div class=\"wp-block-column is-layout-flow wp-block-column-is-layout-flow\">\n<div class=\"wp-block-buttons is-content-justification-center is-layout-flex wp-container-core-buttons-is-layout-a89b3969 wp-block-buttons-is-layout-flex\">\n<div class=\"wp-block-button\"><a class=\"wp-block-button__link has-background wp-element-button\" href=\"https:\/\/praxas.com\/fr\/soutien\/soutien-a-el-iot\/\" style=\"border-radius:5px;background-color:#009ee0\"><strong>Enregistreurs de donn\u00e9es EL-IOT<\/strong><\/a><\/div>\n<\/div>\n<\/div>\n\n\n\n<div class=\"wp-block-column is-layout-flow wp-block-column-is-layout-flow\">\n<div class=\"wp-block-buttons is-content-justification-center is-layout-flex wp-container-core-buttons-is-layout-a89b3969 wp-block-buttons-is-layout-flex\">\n<div class=\"wp-block-button\"><a class=\"wp-block-button__link has-background wp-element-button\" href=\"https:\/\/praxas.com\/fr\/soutien\/support-el-sms\/\" style=\"border-radius:5px;background-color:#009ee0\"><strong>Enregistreurs de donn\u00e9es EL-SMS<\/strong><\/a><\/div>\n<\/div>\n<\/div>\n<\/div>\n\n\n\n<div class=\"wp-block-columns is-layout-flex wp-container-core-columns-is-layout-28f84493 wp-block-columns-is-layout-flex\">\n<div class=\"wp-block-column is-layout-flow wp-block-column-is-layout-flow\">\n<div class=\"wp-block-buttons is-content-justification-center is-layout-flex wp-container-core-buttons-is-layout-a89b3969 wp-block-buttons-is-layout-flex\">\n<div class=\"wp-block-button\"><a class=\"wp-block-button__link has-background wp-element-button\" href=\"https:\/\/praxas.com\/fr\/soutien\/support-pour-le-moniteur-de-qualite-de-lair-el-wem\/\" style=\"border-radius:5px;background-color:#009ee0\"><strong>Enregistreurs de donn\u00e9es EL-WEM<\/strong><\/a><\/div>\n<\/div>\n<\/div>\n\n\n\n<div class=\"wp-block-column is-layout-flow wp-block-column-is-layout-flow\">\n<div class=\"wp-block-buttons is-content-justification-center is-layout-flex wp-container-core-buttons-is-layout-a89b3969 wp-block-buttons-is-layout-flex\">\n<div class=\"wp-block-button\"><a class=\"wp-block-button__link has-background wp-element-button\" href=\"https:\/\/praxas.com\/fr\/soutien\/support-pour-lenregistreur-de-donnees-el-sie\/\" style=\"border-radius:5px;background-color:#009ee0\"><strong>Enregistreurs de donn\u00e9es EL-SIE<\/strong><\/a><\/div>\n<\/div>\n<\/div>\n\n\n\n<div class=\"wp-block-column is-layout-flow wp-block-column-is-layout-flow\">\n<div class=\"wp-block-buttons is-content-justification-center is-layout-flex wp-container-core-buttons-is-layout-a89b3969 wp-block-buttons-is-layout-flex\">\n<div class=\"wp-block-button\"><a class=\"wp-block-button__link has-background wp-element-button\" href=\"https:\/\/praxas.com\/fr\/soutien\/support-pour-lenregistreur-de-donnees-sgd-atp\/\" style=\"border-radius:5px;background-color:#009ee0\"><strong>Enregistreurs de donn\u00e9es SGD-ATP<\/strong><\/a><\/div>\n<\/div>\n<\/div>\n<\/div>\n<\/div>\n<\/div>\n<\/div>\n\n<div style=\"height:30px\" aria-hidden=\"true\" class=\"wp-block-spacer\"><\/div>\n\n<hr class=\"wp-block-separator has-alpha-channel-opacity\"\/>\n\n<div style=\"height:30px\" aria-hidden=\"true\" class=\"wp-block-spacer\"><\/div>\n\n<div class=\"wp-block-group alignfull has-global-padding is-layout-constrained wp-container-core-group-is-layout-a4c69c57 wp-block-group-is-layout-constrained\">\n<h3 class=\"wp-block-heading has-text-align-center has-text-color has-link-color has-large-font-size wp-elements-d5558c923ce9082980c602e196ab7d8a\" style=\"color:#009ee0\">Support LogTag<\/h3>\n\n\n\n<div class=\"wp-block-columns is-layout-flex wp-container-core-columns-is-layout-28f84493 wp-block-columns-is-layout-flex\">\n<div class=\"wp-block-column is-layout-flow wp-block-column-is-layout-flow\" style=\"flex-basis:66.66%\">\n<div class=\"wp-block-columns is-layout-flex wp-container-core-columns-is-layout-28f84493 wp-block-columns-is-layout-flex\">\n<div class=\"wp-block-column is-layout-flow wp-block-column-is-layout-flow\">\n<div class=\"wp-block-buttons is-content-justification-center is-layout-flex wp-container-core-buttons-is-layout-a89b3969 wp-block-buttons-is-layout-flex\">\n<div class=\"wp-block-button\"><a class=\"wp-block-button__link has-background wp-element-button\" href=\"https:\/\/praxas.com\/fr\/support-logtag\/logtag-utred30\/\" style=\"border-radius:5px;background-color:#009ee0\"><strong>UTRED30<\/strong><\/a><\/div>\n<\/div>\n<\/div>\n\n\n\n<div class=\"wp-block-column is-layout-flow wp-block-column-is-layout-flow\">\n<div class=\"wp-block-buttons is-content-justification-center is-layout-flex wp-container-core-buttons-is-layout-a89b3969 wp-block-buttons-is-layout-flex\">\n<div class=\"wp-block-button\"><a class=\"wp-block-button__link has-background wp-element-button\" href=\"https:\/\/praxas.com\/fr\/support-logtag\/logtagonline-support\/\" style=\"border-radius:5px;background-color:#009ee0\"><strong>LogTagOnline<\/strong><\/a><\/div>\n<\/div>\n<\/div>\n\n\n\n<div class=\"wp-block-column is-layout-flow wp-block-column-is-layout-flow\">\n<div class=\"wp-block-buttons is-content-justification-center is-layout-flex wp-container-core-buttons-is-layout-a89b3969 wp-block-buttons-is-layout-flex\">\n<div class=\"wp-block-button\"><a class=\"wp-block-button__link has-background wp-element-button\" href=\"https:\/\/praxas.com\/fr\/support-logtag\/support-de-lanalyseur-logtag\/\" style=\"border-radius:5px;background-color:#009ee0\"><strong>Analyseur LogTag<\/strong><\/a><\/div>\n<\/div>\n<\/div>\n<\/div>\n\n\n\n<div class=\"wp-block-columns is-layout-flex wp-container-core-columns-is-layout-28f84493 wp-block-columns-is-layout-flex\">\n<div class=\"wp-block-column is-layout-flow wp-block-column-is-layout-flow\">\n<div class=\"wp-block-buttons is-content-justification-right is-layout-flex wp-container-core-buttons-is-layout-d445cf74 wp-block-buttons-is-layout-flex\">\n<div class=\"wp-block-button\"><a class=\"wp-block-button__link has-background wp-element-button\" href=\"https:\/\/praxas.com\/fr\/support-logtag\/remplacement-de-la-batterie-logtag\/\" style=\"border-radius:5px;background-color:#009ee0\"><strong>Remplacement de la batterie<\/strong><\/a><\/div>\n<\/div>\n<\/div>\n\n\n\n<div class=\"wp-block-column is-layout-flow wp-block-column-is-layout-flow\">\n<div class=\"wp-block-buttons is-content-justification-center is-layout-flex wp-container-core-buttons-is-layout-a89b3969 wp-block-buttons-is-layout-flex\">\n<div class=\"wp-block-button\"><a class=\"wp-block-button__link has-background wp-element-button\" href=\"https:\/\/praxas.com\/fr\/support-logtag\/messages-derreur-logtag\/\" style=\"border-radius:5px;background-color:#009ee0\"><strong>Messages d&rsquo;erreur<\/strong><\/a><\/div>\n<\/div>\n<\/div>\n<\/div>\n<\/div>\n\n\n\n<div class=\"wp-block-column is-layout-flow wp-block-column-is-layout-flow\" style=\"flex-basis:50%\">\n<figure class=\"wp-block-image aligncenter size-full is-resized\"><img loading=\"lazy\" decoding=\"async\" width=\"1000\" height=\"500\" src=\"https:\/\/praxas.com\/wp-content\/uploads\/LogTag-Group-Reflection-2.png\" alt=\"Page de support Image du groupe LogTag\" class=\"wp-image-44137\" style=\"width:462px;height:auto\" srcset=\"https:\/\/praxas.com\/wp-content\/uploads\/LogTag-Group-Reflection-2.png 1000w, https:\/\/praxas.com\/wp-content\/uploads\/LogTag-Group-Reflection-2-300x150.png 300w, https:\/\/praxas.com\/wp-content\/uploads\/LogTag-Group-Reflection-2-768x384.png 768w, https:\/\/praxas.com\/wp-content\/uploads\/LogTag-Group-Reflection-2-120x60.png 120w, https:\/\/praxas.com\/wp-content\/uploads\/LogTag-Group-Reflection-2-990x495.png 990w, https:\/\/praxas.com\/wp-content\/uploads\/LogTag-Group-Reflection-2-441x221.png 441w, https:\/\/praxas.com\/wp-content\/uploads\/LogTag-Group-Reflection-2-350x175.png 350w, https:\/\/praxas.com\/wp-content\/uploads\/LogTag-Group-Reflection-2-800x400.png 800w, https:\/\/praxas.com\/wp-content\/uploads\/LogTag-Group-Reflection-2-150x75.png 150w\" sizes=\"auto, (max-width: 1000px) 100vw, 1000px\" \/><\/figure>\n<\/div>\n<\/div>\n<\/div>\n\n<div style=\"height:70px\" aria-hidden=\"true\" class=\"wp-block-spacer\"><\/div>\n\n<div class=\"wp-block-group alignfull has-global-padding is-layout-constrained wp-container-core-group-is-layout-a4c69c57 wp-block-group-is-layout-constrained\">\n<div class=\"wp-block-columns is-layout-flex wp-container-core-columns-is-layout-28f84493 wp-block-columns-is-layout-flex\">\n<div class=\"wp-block-column has-background is-layout-flow wp-block-column-is-layout-flow\" style=\"border-radius:15px;background-color:#e5e5e5;padding-top:var(--wp--preset--spacing--medium);padding-right:var(--wp--preset--spacing--medium);padding-bottom:var(--wp--preset--spacing--medium);padding-left:var(--wp--preset--spacing--medium)\">\n<h2 class=\"wp-block-heading has-text-align-center has-text-color has-link-color wp-elements-2e0be11f30a4b2182656ce43f395b78f\" style=\"color:#009ee0\">Soutien suppl\u00e9mentaire<\/h2>\n\n\n\n<div style=\"height:5px\" aria-hidden=\"true\" class=\"wp-block-spacer\"><\/div>\n\n\n\n<p class=\"has-text-align-center\">Si vous ne trouvez toujours pas les r\u00e9ponses \u00e0 vos questions, n&rsquo;h\u00e9sitez pas \u00e0 contacter notre <strong><a href=\"https:\/\/praxas.com\/fr\/contactez-nous\/\">\u00e9quipe d&rsquo;assistance \u00e0 la client\u00e8le<\/a><\/strong>.<\/p>\n\n\n\n<p class=\"has-text-align-center\">Notre \u00e9quipe r\u00e9pondra rapidement \u00e0 vos demandes et vous aidera \u00e0 r\u00e9soudre les probl\u00e8mes que vous pourriez rencontrer.<\/p>\n\n\n\n<div style=\"height:30px\" aria-hidden=\"true\" class=\"wp-block-spacer\"><\/div>\n<\/div>\n<\/div>\n<\/div>\n\n<div style=\"height:70px\" aria-hidden=\"true\" class=\"wp-block-spacer\"><\/div>\n","protected":false},"excerpt":{"rendered":"<p>Support Praxas Avant de contacter notre \u00e9quipe d&rsquo;assistance, nous vous recommandons de consulter notre Foire aux questions pour obtenir des solutions rapides aux probl\u00e8mes les plus courants. Vous trouverez des sections FAQ d\u00e9di\u00e9es aux produits EasyLog et LogTag sous l&rsquo;onglet support ou en suivant les liens ci-dessous. Support EasyLog Support LogTag Soutien suppl\u00e9mentaire Si vous [&hellip;]<\/p>\n","protected":false},"author":8383,"featured_media":0,"parent":0,"menu_order":0,"comment_status":"closed","ping_status":"closed","template":"template-fullwidth-no-heading.php","meta":{"_acf_changed":false,"content-type":"","_uag_custom_page_level_css":"","footnotes":""},"class_list":["post-29767","page","type-page","status-publish","hentry"],"acf":[],"spectra_custom_meta":{"_hero_image":["field_64f1a7da7af44"],"_hero_h1":["field_64f19e1edd052"],"_hero_h2":["field_64f19e2ddd053"],"_hero_text":["field_64f19e42dd054"],"_hero_button_text":["field_64f19e4edd055"],"_hero_button_link":["field_64f19e5ddd056"],"_top_nav_excluded":[""],"_cms_nav_minihome":[""],"_wp_page_template":["template-fullwidth-no-heading.php"],"_edit_lock":["1721656689:8383"],"classic-editor-remember":["classic-editor"],"rank_math_seo_score":["26"],"_edit_last":["8383"],"hero_h1":[""],"hero_h2":[""],"hero_text":[""],"hero_button_text":[""],"hero_button_link":[""],"_wpml_media_duplicate":["1"],"_wpml_media_featured":["1"],"_last_translation_edit_mode":["translation-editor"],"hero_image":["13627"],"rank_math_analytic_object_id":["842"],"rank_math_og_content_image":["a:2:{s:5:\"check\";s:32:\"ab0752f92d70eb50dc0dfc4aab1ef88b\";s:6:\"images\";a:2:{i:0;i:44740;i:1;i:15284;}}"],"_wpml_word_count":["224"],"rank_math_title":["Support | EasyLog Data Logger Support | PanelPilot Support"],"rank_math_description":["Nous sommes l\u00e0 pour vous aider ! Vous avez des questions ou des probl\u00e8mes concernant nos gammes de produits ?  Consultez notre page d'assistance ou appelez-nous pour en savoir plus !"],"rank_math_focus_keyword":["Soutien"],"_uag_css_file_name":["uag-css-29767.css"],"_uag_page_assets":["a:9:{s:3:\"css\";s:263:\".uag-blocks-common-selector{z-index:var(--z-index-desktop) !important}@media (max-width: 976px){.uag-blocks-common-selector{z-index:var(--z-index-tablet) !important}}@media (max-width: 767px){.uag-blocks-common-selector{z-index:var(--z-index-mobile) !important}}\n\";s:2:\"js\";s:0:\"\";s:18:\"current_block_list\";a:11:{i:0;s:10:\"core\/cover\";i:1;s:12:\"core\/columns\";i:2;s:11:\"core\/column\";i:3;s:12:\"core\/heading\";i:4;s:11:\"core\/spacer\";i:5;s:14:\"core\/paragraph\";i:6;s:10:\"core\/group\";i:7;s:10:\"core\/image\";i:11;s:12:\"core\/buttons\";i:12;s:11:\"core\/button\";i:13;s:14:\"core\/separator\";}s:8:\"uag_flag\";b:0;s:11:\"uag_version\";s:10:\"1776419311\";s:6:\"gfonts\";a:0:{}s:10:\"gfonts_url\";s:0:\"\";s:12:\"gfonts_files\";a:0:{}s:14:\"uag_faq_layout\";b:0;}"]},"uagb_featured_image_src":{"full":false,"thumbnail":false,"medium":false,"medium_large":false,"large":false,"1536x1536":false,"2048x2048":false,"crunchify-admin-post-featured-image":false,"commercegurus-pdp-large":false,"commercegurus-plp-mobile":false,"cgkit_image_swatch":false,"woocommerce_thumbnail":false,"woocommerce_single":false,"woocommerce_gallery_thumbnail":false},"uagb_author_info":{"display_name":"Alex James","author_link":"https:\/\/praxas.com\/fr\/author\/alex\/"},"uagb_comment_info":0,"uagb_excerpt":"Support Praxas Avant de contacter notre \u00e9quipe d&rsquo;assistance, nous vous recommandons de consulter notre Foire aux questions pour obtenir des solutions rapides aux probl\u00e8mes les plus courants. Vous trouverez des sections FAQ d\u00e9di\u00e9es aux produits EasyLog et LogTag sous l&rsquo;onglet support ou en suivant les liens ci-dessous. Support EasyLog Support LogTag Soutien suppl\u00e9mentaire Si vous\u2026","_links":{"self":[{"href":"https:\/\/praxas.com\/fr\/wp-json\/wp\/v2\/pages\/29767","targetHints":{"allow":["GET"]}}],"collection":[{"href":"https:\/\/praxas.com\/fr\/wp-json\/wp\/v2\/pages"}],"about":[{"href":"https:\/\/praxas.com\/fr\/wp-json\/wp\/v2\/types\/page"}],"author":[{"embeddable":true,"href":"https:\/\/praxas.com\/fr\/wp-json\/wp\/v2\/users\/8383"}],"replies":[{"embeddable":true,"href":"https:\/\/praxas.com\/fr\/wp-json\/wp\/v2\/comments?post=29767"}],"version-history":[{"count":14,"href":"https:\/\/praxas.com\/fr\/wp-json\/wp\/v2\/pages\/29767\/revisions"}],"predecessor-version":[{"id":44749,"href":"https:\/\/praxas.com\/fr\/wp-json\/wp\/v2\/pages\/29767\/revisions\/44749"}],"wp:attachment":[{"href":"https:\/\/praxas.com\/fr\/wp-json\/wp\/v2\/media?parent=29767"}],"curies":[{"name":"wp","href":"https:\/\/api.w.org\/{rel}","templated":true}]}}