{"id":29788,"date":"2023-08-22T10:28:33","date_gmt":"2023-08-22T10:28:33","guid":{"rendered":"https:\/\/staging.praxas.com\/panelpilot-m\/"},"modified":"2024-07-22T13:38:36","modified_gmt":"2024-07-22T13:38:36","slug":"panelpilot-m","status":"publish","type":"page","link":"https:\/\/praxas.com\/fr\/panelpilot-m\/","title":{"rendered":"PanelPilot M"},"content":{"rendered":"","protected":false},"excerpt":{"rendered":"","protected":false},"author":1,"featured_media":29794,"parent":0,"menu_order":1,"comment_status":"closed","ping_status":"closed","template":"template-software.php","meta":{"_acf_changed":false,"content-type":"","_uag_custom_page_level_css":"","footnotes":""},"class_list":["post-29788","page","type-page","status-publish","has-post-thumbnail","hentry"],"acf":[],"spectra_custom_meta":{"hero_image":[""],"_hero_image":["field_64f1a7da7af44"],"_hero_h1":["field_64f19e1edd052"],"_hero_h2":["field_64f19e2ddd053"],"_hero_text":["field_64f19e42dd054"],"_hero_button_text":["field_64f19e4edd055"],"_hero_button_link":["field_64f19e5ddd056"],"_section_1_left_logo":["field_651e72281c3c5"],"_section_1_header_text":["field_651e7c25d75f7"],"_section_1_content":["field_651e75bf15788"],"_section_1_download_button_link":["field_651e75feff811"],"_section_2_header_text":["field_651e773b3573b"],"_section_2_content":["field_651e775b3573d"],"_section_3_header_text":["field_651e7df523dc1"],"_section_3_content":["field_651e7e0c23dc2"],"_top_nav_excluded":[""],"_cms_nav_minihome":[""],"_wp_page_template":["template-software.php"],"_thumbnail_id":["29794"],"_last_translation_edit_mode":["native-editor"],"rank_math_title":["PanelPilot M Software - Ecrans et IHM personnalisables"],"rank_math_description":["T\u00e9l\u00e9chargez le logiciel PanelPilot M pour Windows v2.29 pour la personnalisation de la gamme originale M des \u00e9crans PanelPilot, compatible avec Windows 10 et 11.  "],"rank_math_focus_keyword":["Logiciel PanelPilot M"],"section_1_header_text":["PanelPilot M"],"section_1_content":["T\u00e9l\u00e9chargez PanelPilot pour Windows v2.29 pour la personnalisation de la gamme originale M des \u00e9crans PanelPilot, compatible avec Windows 10 et 11.\r\n\r\n<strong>IMPORTANT :<\/strong> Assurez-vous que vous ex\u00e9cutez \"V\u00e9rifier les mises \u00e0 jour\" avant de t\u00e9l\u00e9charger des configurations sur l'appareil Panel Pilot. Si vous ne savez pas comment proc\u00e9der, ou pour toute autre assistance concernant le logiciel, veuillez contacter notre \u00e9quipe d'assistance.\r\n\r\nSi vous n'\u00eates pas certain qu'il s'agit du logiciel que vous devez t\u00e9l\u00e9charger, consultez notre menu d\u00e9roulant <strong>\"Logiciels \u00e0 utiliser avec...\"<\/strong> \u00e0 gauche."],"section_1_download_button_link":["https:\/\/s3.amazonaws.com\/lascar_downloads\/Panel+Pilot\/Panel+Pilot+V2_29.exe"],"section_2_header_text":["Bienvenue sur le site de PanelPilot M Software"],"section_2_content":["PanelPilot est une plate-forme logicielle unique bas\u00e9e sur Windows qui permet aux utilisateurs de configurer et de personnaliser une gamme d'\u00e9crans compatibles avec Lascar d'un simple clic de souris. Choisissez parmi plus de 40 configurations et personnalisez-les en quelques secondes en fonction de vos besoins. Les configurations comprennent des graphiques \u00e0 barres, des graphiques de niveau de r\u00e9servoir, des graphiques analogiques, des graphiques de tendance et bien d'autres encore. Les utilisateurs peuvent personnaliser les couleurs, les \u00e9tiquettes de texte, les unit\u00e9s et l'\u00e9chelle d'entr\u00e9e avant de t\u00e9l\u00e9charger vers un \u00e9cran PanelPilot M via USB."],"section_3_header_text":["Facile \u00e0 utiliser - 6 \u00e9tapes simples"],"section_3_content":["<strong><img class=\"alignleft wp-image-12682\" src=\"https:\/\/praxas.com\/wp-content\/uploads\/sgd-m-sw-300x180.png\" alt=\"\" width=\"590\" height=\"354\" \/><\/strong>\r\n\r\n<strong>\u00c9tape 1. Configurations<\/strong>\r\nChoisissez parmi des configurations avec des mod\u00e8les analogiques, num\u00e9riques et de graphiques \u00e0 barres avec des entr\u00e9es analogiques simples ou doubles. L'utilisateur recevra automatiquement les derni\u00e8res mises \u00e0 jour \u00e0 chaque ouverture du logiciel PanelPilot.\r\n\r\n<strong>\u00c9tape 2. Couleurs et \u00e9tiquettes<\/strong>\r\nChaque \u00e9l\u00e9ment de la configuration peut \u00eatre color\u00e9 individuellement. Dans certaines configurations, le bouton 'fX' cr\u00e9e un d\u00e9grad\u00e9 sur les \u00e9l\u00e9ments. Les \u00e9tiquettes de texte sont aussi modifiables.\r\n\r\n<strong><img class=\"alignleft wp-image-12683\" src=\"https:\/\/praxas.com\/wp-content\/uploads\/sgd-m-sw2-300x180.png\" alt=\"\" width=\"401\" height=\"240\" \/><\/strong>\r\n\r\n<strong>\u00c9tape 3. Mise \u00e0 l'\u00e9chelle<\/strong>\r\nLes niveaux d'entr\u00e9e de tension peuvent \u00eatre d\u00e9finis \u00e0 l'aide du logiciel. Il n'est donc plus n\u00e9cessaire d'utiliser des r\u00e9sistances de mise \u00e0 l'\u00e9chelle pour les tensions d'entr\u00e9e allant jusqu'\u00e0 40Vd.c.\r\n\r\n<strong>\u00c9tape 4. \u00c9cran de d\u00e9marrage<\/strong>\r\nLors de la mise sous tension, un \u00e9cran PanelPilot peut \u00eatre configur\u00e9 pour afficher une image de votre choix, telle qu'un logo\r\n\r\n<strong><img class=\"wp-image-12684 alignright\" src=\"https:\/\/praxas.com\/wp-content\/uploads\/sgd-m-sw3-300x180.png\" alt=\"\" width=\"453\" height=\"272\" \/><\/strong>\r\n\r\n<strong>\u00c9tape 5. T\u00e9l\u00e9charger la configuration<\/strong>\r\nConnectez un \u00e9cran compatible PanelPilot au PC \u00e0 l'aide d'un c\u00e2ble USB et t\u00e9l\u00e9chargez la configuration. Les configurations personnalis\u00e9es peuvent \u00e9galement \u00eatre sauvegard\u00e9es pour une utilisation ult\u00e9rieure.\r\n\r\n<strong>\u00c9tape 6. Connecter<\/strong>\r\nVotre \u00e9cran compatible PanelPilot a maintenant votre configuration sauvegard\u00e9e en m\u00e9moire et peut \u00eatre connect\u00e9 \u00e0 votre application. Vous pouvez reconfigurer votre \u00e9cran \u00e0 tout moment. Il suffit de le connecter par USB et de suivre les \u00e9tapes ci-dessus."],"_edit_lock":["1721655388:8383"],"classic-editor-remember":["classic-editor"],"rank_math_seo_score":["14"],"_edit_last":["8383"],"hero_h1":[""],"hero_h2":[""],"hero_text":[""],"hero_button_text":[""],"hero_button_link":[""],"_wpml_media_duplicate":["1"],"_wpml_media_featured":["1"],"section_1_left_logo":["16605"],"_uag_page_assets":["a:9:{s:3:\"css\";s:0:\"\";s:2:\"js\";s:0:\"\";s:18:\"current_block_list\";a:0:{}s:8:\"uag_flag\";b:0;s:11:\"uag_version\";s:10:\"1777651425\";s:6:\"gfonts\";a:0:{}s:10:\"gfonts_url\";s:0:\"\";s:12:\"gfonts_files\";a:0:{}s:14:\"uag_faq_layout\";b:0;}"]},"uagb_featured_image_src":{"full":["https:\/\/praxas.com\/wp-content\/uploads\/SoftwarePage_Icons_PPM-2.jpg",1024,538,false],"thumbnail":["https:\/\/praxas.com\/wp-content\/uploads\/SoftwarePage_Icons_PPM-2-150x150.jpg",150,150,true],"medium":["https:\/\/praxas.com\/wp-content\/uploads\/SoftwarePage_Icons_PPM-2-300x158.jpg",300,158,true],"medium_large":["https:\/\/praxas.com\/wp-content\/uploads\/SoftwarePage_Icons_PPM-2-768x404.jpg",768,404,true],"large":["https:\/\/praxas.com\/wp-content\/uploads\/SoftwarePage_Icons_PPM-2.jpg",1024,538,false],"1536x1536":["https:\/\/praxas.com\/wp-content\/uploads\/SoftwarePage_Icons_PPM-2.jpg",1024,538,false],"2048x2048":["https:\/\/praxas.com\/wp-content\/uploads\/SoftwarePage_Icons_PPM-2.jpg",1024,538,false],"crunchify-admin-post-featured-image":["https:\/\/praxas.com\/wp-content\/uploads\/SoftwarePage_Icons_PPM-2-120x63.jpg",120,63,true],"commercegurus-pdp-large":["https:\/\/praxas.com\/wp-content\/uploads\/SoftwarePage_Icons_PPM-2-990x520.jpg",990,520,true],"commercegurus-plp-mobile":["https:\/\/praxas.com\/wp-content\/uploads\/SoftwarePage_Icons_PPM-2-441x232.jpg",441,232,true],"cgkit_image_swatch":["https:\/\/praxas.com\/wp-content\/uploads\/SoftwarePage_Icons_PPM-2-100x100.jpg",100,100,true],"woocommerce_thumbnail":["https:\/\/praxas.com\/wp-content\/uploads\/SoftwarePage_Icons_PPM-2-350x184.jpg",350,184,true],"woocommerce_single":["https:\/\/praxas.com\/wp-content\/uploads\/SoftwarePage_Icons_PPM-2-800x420.jpg",800,420,true],"woocommerce_gallery_thumbnail":["https:\/\/praxas.com\/wp-content\/uploads\/SoftwarePage_Icons_PPM-2-150x79.jpg",150,79,true]},"uagb_author_info":{"display_name":"AndyS","author_link":"https:\/\/praxas.com\/fr\/author\/andys\/"},"uagb_comment_info":0,"uagb_excerpt":null,"_links":{"self":[{"href":"https:\/\/praxas.com\/fr\/wp-json\/wp\/v2\/pages\/29788","targetHints":{"allow":["GET"]}}],"collection":[{"href":"https:\/\/praxas.com\/fr\/wp-json\/wp\/v2\/pages"}],"about":[{"href":"https:\/\/praxas.com\/fr\/wp-json\/wp\/v2\/types\/page"}],"author":[{"embeddable":true,"href":"https:\/\/praxas.com\/fr\/wp-json\/wp\/v2\/users\/1"}],"replies":[{"embeddable":true,"href":"https:\/\/praxas.com\/fr\/wp-json\/wp\/v2\/comments?post=29788"}],"version-history":[{"count":7,"href":"https:\/\/praxas.com\/fr\/wp-json\/wp\/v2\/pages\/29788\/revisions"}],"predecessor-version":[{"id":38374,"href":"https:\/\/praxas.com\/fr\/wp-json\/wp\/v2\/pages\/29788\/revisions\/38374"}],"wp:featuredmedia":[{"embeddable":true,"href":"https:\/\/praxas.com\/fr\/wp-json\/wp\/v2\/media\/29794"}],"wp:attachment":[{"href":"https:\/\/praxas.com\/fr\/wp-json\/wp\/v2\/media?parent=29788"}],"curies":[{"name":"wp","href":"https:\/\/api.w.org\/{rel}","templated":true}]}}