{"id":29798,"date":"2023-08-22T10:15:59","date_gmt":"2023-08-22T08:15:59","guid":{"rendered":"https:\/\/staging.praxas.com\/easylog-usb\/"},"modified":"2025-11-10T09:43:07","modified_gmt":"2025-11-10T08:43:07","slug":"easylog-usb","status":"publish","type":"page","link":"https:\/\/praxas.com\/fr\/logiciel\/logiciel-easylog\/easylog-usb\/","title":{"rendered":"EasyLog USB"},"content":{"rendered":"\n<div style=\"height:20px\" aria-hidden=\"true\" class=\"wp-block-spacer wp-embed-aspect-16-9 wp-has-aspect-ratio\"><\/div>\n\n<div class=\"wp-block-group alignfull wp-embed-aspect-16-9 wp-has-aspect-ratio has-global-padding is-layout-constrained wp-container-core-group-is-layout-a4c69c57 wp-block-group-is-layout-constrained\">\n<div class=\"wp-block-columns is-layout-flex wp-container-core-columns-is-layout-28f84493 wp-block-columns-is-layout-flex\">\n<div class=\"wp-block-column is-layout-flow wp-block-column-is-layout-flow\">\n<div class=\"wp-block-columns is-layout-flex wp-container-core-columns-is-layout-8cd8efac wp-block-columns-is-layout-flex\" style=\"margin-top:0;margin-bottom:0;padding-top:var(--wp--preset--spacing--large);padding-bottom:0\">\n<div class=\"wp-block-column is-layout-flow wp-block-column-is-layout-flow\" style=\"padding-top:0;padding-bottom:0\">\n<figure class=\"wp-block-image alignleft size-full\"><img loading=\"lazy\" decoding=\"async\" width=\"220\" height=\"64\" src=\"https:\/\/praxas.com\/wp-content\/uploads\/easylog-logo-220.png\" alt=\"Logo EasyLog\" class=\"wp-image-14912\" srcset=\"https:\/\/praxas.com\/wp-content\/uploads\/easylog-logo-220.png 220w, https:\/\/praxas.com\/wp-content\/uploads\/easylog-logo-220-120x35.png 120w, https:\/\/praxas.com\/wp-content\/uploads\/easylog-logo-220-150x44.png 150w\" sizes=\"auto, (max-width: 220px) 100vw, 220px\" \/><\/figure>\n\n\n\n<div style=\"height:10px\" aria-hidden=\"true\" class=\"wp-block-spacer\"><\/div>\n\n\n\n<h1 class=\"wp-block-heading has-text-color has-link-color has-x-large-font-size wp-elements-c1e41f012a14db8ae67e2d5e720b3c33\" style=\"color:#205d8f;margin-top:-5px;margin-bottom:var(--wp--preset--spacing--medium);line-height:1.4\">Logiciel EasyLog USB<\/h1>\n\n\n\n<h3 class=\"wp-block-heading has-text-align-left has-text-color has-link-color has-small-font-size wp-elements-9bca5c9a4bf24e8ed6ae9b714c5b0c67\" style=\"color:#009ee0;margin-top:-25px;margin-bottom:-20px\">Version 7.7 &#8211; Compatible avec Windows 10 et 11<\/h3>\n\n\n\n<p>EasyLog est un programme gratuit qui vous permet de configurer et de consulter des donn\u00e9es provenant d&rsquo;enregistreurs de donn\u00e9es USB EasyLog. Il permet aux utilisateurs de d\u00e9finir les param\u00e8tres de mesure, de visualiser les donn\u00e9es sous forme de graphiques et d&rsquo;\u00e9tablir des rapports d\u00e9taill\u00e9s. Il s&rsquo;agit donc d&rsquo;un bon outil pour garder un \u0153il sur des mesures importantes telles que la temp\u00e9rature et l&rsquo;humidit\u00e9.  <\/p>\n\n\n\n<div class=\"wp-block-buttons is-content-justification-right is-layout-flex wp-container-core-buttons-is-layout-d445cf74 wp-block-buttons-is-layout-flex\">\n<div class=\"wp-block-button\"><a class=\"wp-block-button__link has-background wp-element-button\" href=\"https:\/\/s3.amazonaws.com\/lascar_downloads\/EasyLogUSB+Installer.exe\" style=\"border-radius:6px;background-color:#009ee0\" target=\"_blank\" rel=\"noopener\"><strong><i class=\"fa-solid fa-download\" style=\"color: #ffffff;\"><\/i>  T\u00e9l\u00e9charger le logiciel<\/strong><\/a><\/div>\n<\/div>\n<\/div>\n\n\n\n<div class=\"wp-block-column is-layout-flow wp-block-column-is-layout-flow\">\n<figure class=\"wp-block-image aligncenter size-large is-resized is-style-default\"><img loading=\"lazy\" decoding=\"async\" width=\"1024\" height=\"1024\" src=\"https:\/\/praxas.com\/wp-content\/uploads\/USB-Software-Banner-1024x1024.png\" alt=\"EasyLog USB Software | T&#xE9;l&#xE9;chargement de logiciels | Enregistreurs de donn&#xE9;es USB | Banni&#xE8;re\" class=\"wp-image-50881\" style=\"object-fit:cover;width:395px;height:auto\" srcset=\"https:\/\/praxas.com\/wp-content\/uploads\/USB-Software-Banner-1024x1024.png 1024w, https:\/\/praxas.com\/wp-content\/uploads\/USB-Software-Banner-300x300.png 300w, https:\/\/praxas.com\/wp-content\/uploads\/USB-Software-Banner-150x150.png 150w, https:\/\/praxas.com\/wp-content\/uploads\/USB-Software-Banner-768x768.png 768w, https:\/\/praxas.com\/wp-content\/uploads\/USB-Software-Banner-120x120.png 120w, https:\/\/praxas.com\/wp-content\/uploads\/USB-Software-Banner-990x990.png 990w, https:\/\/praxas.com\/wp-content\/uploads\/USB-Software-Banner-441x441.png 441w, https:\/\/praxas.com\/wp-content\/uploads\/USB-Software-Banner-100x100.png 100w, https:\/\/praxas.com\/wp-content\/uploads\/USB-Software-Banner-350x350.png 350w, https:\/\/praxas.com\/wp-content\/uploads\/USB-Software-Banner-800x800.png 800w, https:\/\/praxas.com\/wp-content\/uploads\/USB-Software-Banner.png 1200w\" sizes=\"auto, (max-width: 1024px) 100vw, 1024px\" \/><\/figure>\n<\/div>\n<\/div>\n<\/div>\n<\/div>\n<\/div>\n\n<div style=\"height:60px\" aria-hidden=\"true\" class=\"wp-block-spacer wp-embed-aspect-16-9 wp-has-aspect-ratio\"><\/div>\n\n<div class=\"wp-block-group alignfull wp-embed-aspect-16-9 wp-has-aspect-ratio has-global-padding is-layout-constrained wp-container-core-group-is-layout-a4c69c57 wp-block-group-is-layout-constrained\">\n<div class=\"wp-block-columns has-background is-layout-flex wp-container-core-columns-is-layout-0cbc501c wp-block-columns-is-layout-flex\" style=\"border-radius:30px;background-color:#e5e5e5;padding-top:var(--wp--preset--spacing--medium);padding-right:var(--wp--preset--spacing--medium);padding-bottom:var(--wp--preset--spacing--medium);padding-left:var(--wp--preset--spacing--medium)\">\n<div class=\"wp-block-column is-layout-flow wp-block-column-is-layout-flow\">\n<h2 class=\"wp-block-heading has-text-align-center has-text-color has-link-color wp-elements-bfd24093373e678772b928df0f41ceb3\" style=\"color:#205d8f\">Logiciel EasyLog USB Version 7.7<\/h2>\n\n\n\n<h3 class=\"wp-block-heading has-text-align-center has-text-color has-link-color wp-elements-371c9b484c2d96d0b2e5447e641813d2\" style=\"color:#009ee0;margin-top:5px\">Compatible avec Windows 10 et 11<\/h3>\n\n\n\n<div class=\"wp-block-columns is-layout-flex wp-container-core-columns-is-layout-28f84493 wp-block-columns-is-layout-flex\">\n<div class=\"wp-block-column is-layout-flow wp-block-column-is-layout-flow\" style=\"flex-basis:33.33%\">\n<figure class=\"wp-block-image size-full\"><img loading=\"lazy\" decoding=\"async\" width=\"640\" height=\"384\" src=\"https:\/\/praxas.com\/wp-content\/uploads\/EL-USB-Software_1.png\" alt=\"EasyLog USB Software | Software Download | USB data loggers | Lascar\" class=\"wp-image-50852\" srcset=\"https:\/\/praxas.com\/wp-content\/uploads\/EL-USB-Software_1.png 640w, https:\/\/praxas.com\/wp-content\/uploads\/EL-USB-Software_1-300x180.png 300w, https:\/\/praxas.com\/wp-content\/uploads\/EL-USB-Software_1-120x72.png 120w, https:\/\/praxas.com\/wp-content\/uploads\/EL-USB-Software_1-441x265.png 441w, https:\/\/praxas.com\/wp-content\/uploads\/EL-USB-Software_1-350x210.png 350w, https:\/\/praxas.com\/wp-content\/uploads\/EL-USB-Software_1-150x90.png 150w\" sizes=\"auto, (max-width: 640px) 100vw, 640px\" \/><\/figure>\n<\/div>\n\n\n\n<div class=\"wp-block-column is-vertically-aligned-center is-layout-flow wp-block-column-is-layout-flow\" style=\"flex-basis:66.66%\">\n<p>Un assistant d&rsquo;installation convivial, bas\u00e9 sur Windows, facilite la configuration de votre enregistreur, vous permettant de s\u00e9lectionner un nom d&rsquo;enregistreur, de d\u00e9finir les param\u00e8tres de mesure et les intervalles d&rsquo;enregistrement.<\/p>\n<\/div>\n<\/div>\n\n\n\n<div class=\"wp-block-columns is-layout-flex wp-container-core-columns-is-layout-28f84493 wp-block-columns-is-layout-flex\">\n<div class=\"wp-block-column is-layout-flow wp-block-column-is-layout-flow\" style=\"flex-basis:33.33%\">\n<figure class=\"wp-block-image size-full\"><img loading=\"lazy\" decoding=\"async\" width=\"640\" height=\"384\" src=\"https:\/\/praxas.com\/wp-content\/uploads\/EL-USB-Software_2.png\" alt=\"EasyLog USB Software | Software Download | USB data loggers | Lascar | Screen 2\" class=\"wp-image-50858\" srcset=\"https:\/\/praxas.com\/wp-content\/uploads\/EL-USB-Software_2.png 640w, https:\/\/praxas.com\/wp-content\/uploads\/EL-USB-Software_2-300x180.png 300w, https:\/\/praxas.com\/wp-content\/uploads\/EL-USB-Software_2-120x72.png 120w, https:\/\/praxas.com\/wp-content\/uploads\/EL-USB-Software_2-441x265.png 441w, https:\/\/praxas.com\/wp-content\/uploads\/EL-USB-Software_2-350x210.png 350w, https:\/\/praxas.com\/wp-content\/uploads\/EL-USB-Software_2-150x90.png 150w\" sizes=\"auto, (max-width: 640px) 100vw, 640px\" \/><\/figure>\n<\/div>\n\n\n\n<div class=\"wp-block-column is-vertically-aligned-center is-layout-flow wp-block-column-is-layout-flow\" style=\"flex-basis:66.66%\">\n<p>Il permet de r\u00e9gler les alarmes haute et basse, avec la possibilit\u00e9 de maintenir l&rsquo;alarme pendant une infraction ou de la r\u00e9initialiser une fois que les conditions sont revenues \u00e0 des niveaux acceptables. Vous pouvez \u00e9galement choisir le moment o\u00f9 l&rsquo;enregistrement commence, que ce soit imm\u00e9diatement, via le bouton int\u00e9gr\u00e9, ou \u00e0 une date et une heure ult\u00e9rieures. <\/p>\n<\/div>\n<\/div>\n\n\n\n<div class=\"wp-block-columns is-layout-flex wp-container-core-columns-is-layout-28f84493 wp-block-columns-is-layout-flex\">\n<div class=\"wp-block-column is-layout-flow wp-block-column-is-layout-flow\" style=\"flex-basis:33.33%\">\n<figure class=\"wp-block-image size-full\"><img loading=\"lazy\" decoding=\"async\" width=\"640\" height=\"384\" src=\"https:\/\/praxas.com\/wp-content\/uploads\/EL-USB-Software_3.png\" alt=\"EasyLog USB Software | Software Download | USB data loggers | Lascar | Screen 2\" class=\"wp-image-50864\" srcset=\"https:\/\/praxas.com\/wp-content\/uploads\/EL-USB-Software_3.png 640w, https:\/\/praxas.com\/wp-content\/uploads\/EL-USB-Software_3-300x180.png 300w, https:\/\/praxas.com\/wp-content\/uploads\/EL-USB-Software_3-120x72.png 120w, https:\/\/praxas.com\/wp-content\/uploads\/EL-USB-Software_3-441x265.png 441w, https:\/\/praxas.com\/wp-content\/uploads\/EL-USB-Software_3-350x210.png 350w, https:\/\/praxas.com\/wp-content\/uploads\/EL-USB-Software_3-150x90.png 150w\" sizes=\"auto, (max-width: 640px) 100vw, 640px\" \/><\/figure>\n<\/div>\n\n\n\n<div class=\"wp-block-column is-vertically-aligned-center is-layout-flow wp-block-column-is-layout-flow\" style=\"flex-basis:66.66%\">\n<p>Les donn\u00e9es peuvent \u00eatre t\u00e9l\u00e9charg\u00e9es sous forme de graphiques \u00e0 l&rsquo;aide du logiciel EasyLog, ce qui vous permet de survoler le graphique pour afficher les relev\u00e9s horodat\u00e9s. Toutes les donn\u00e9es peuvent \u00eatre export\u00e9es vers Excel pour une analyse plus approfondie, et les statistiques moyennes dans le temps peuvent \u00eatre consult\u00e9es via le rapport de synth\u00e8se EasyLog. <\/p>\n<\/div>\n<\/div>\n\n\n\n<div class=\"wp-block-buttons is-content-justification-center is-layout-flex wp-container-core-buttons-is-layout-a89b3969 wp-block-buttons-is-layout-flex\">\n<div class=\"wp-block-button\"><a class=\"wp-block-button__link has-background wp-element-button\" href=\"https:\/\/praxas.com\/fr\/contactez-nous\/\" style=\"border-radius:9px;background-color:#009ee0\"><strong>Parlez \u00e0 un expert<\/strong><\/a><\/div>\n<\/div>\n<\/div>\n<\/div>\n<\/div>\n\n<div style=\"height:80px\" aria-hidden=\"true\" class=\"wp-block-spacer wp-embed-aspect-16-9 wp-has-aspect-ratio\"><\/div>\n","protected":false},"excerpt":{"rendered":"<p>Logiciel EasyLog USB Version 7.7 &#8211; Compatible avec Windows 10 et 11 EasyLog est un programme gratuit qui vous permet de configurer et de consulter des donn\u00e9es provenant d&rsquo;enregistreurs de donn\u00e9es USB EasyLog. Il permet aux utilisateurs de d\u00e9finir les param\u00e8tres de mesure, de visualiser les donn\u00e9es sous forme de graphiques et d&rsquo;\u00e9tablir des rapports [&hellip;]<\/p>\n","protected":false},"author":1,"featured_media":29804,"parent":29863,"menu_order":1,"comment_status":"closed","ping_status":"closed","template":"template-fullwidth-no-heading.php","meta":{"_acf_changed":false,"content-type":"","_uag_custom_page_level_css":"","footnotes":""},"class_list":["post-29798","page","type-page","status-publish","has-post-thumbnail","hentry"],"acf":[],"spectra_custom_meta":{"hero_image":[""],"_hero_image":["field_64f1a7da7af44"],"_hero_h1":["field_64f19e1edd052"],"_hero_h2":["field_64f19e2ddd053"],"_hero_text":["field_64f19e42dd054"],"_hero_button_text":["field_64f19e4edd055"],"_hero_button_link":["field_64f19e5ddd056"],"section_1_left_logo":["17896"],"_section_1_left_logo":["field_651e72281c3c5"],"_section_1_header_text":["field_651e7c25d75f7"],"_section_1_content":["field_651e75bf15788"],"_section_1_download_button_link":["field_651e75feff811"],"_section_2_header_text":["field_651e773b3573b"],"_section_2_content":["field_651e775b3573d"],"_section_3_header_text":["field_651e7df523dc1"],"_section_3_content":["field_651e7e0c23dc2"],"_top_nav_excluded":[""],"_cms_nav_minihome":[""],"_wp_page_template":["template-fullwidth-no-heading.php"],"_thumbnail_id":["29804"],"_last_translation_edit_mode":["translation-editor"],"_wpml_word_count":["271"],"rank_math_title":["EasyLog USB Software | Logiciel gratuit pour enregistreurs de donn\u00e9es USB"],"rank_math_description":["T\u00e9l\u00e9chargez la version 7.7 de notre logiciel gratuit EasyLog USB, compatible avec Windows 10 et 11. A utiliser avec tous les enregistreurs de donn\u00e9es EasyLog USB. Appelez aujourd'hui pour en savoir plus !"],"rank_math_focus_keyword":["easylog usb"],"section_1_header_text":["EasyLog USB"],"section_1_content":["T\u00e9l\u00e9chargez la version 7.7 de notre logiciel EasyLog USB, compatible avec Windows 10 et 11."],"section_1_download_button_link":["https:\/\/s3.amazonaws.com\/lascar_downloads\/EasyLogUSB+Installer.exe"],"section_2_header_text":["Bienvenue \u00e0 EasyLog USB"],"section_3_header_text":["Caract\u00e9ristiques"],"section_3_content":["<img class=\"size-medium wp-image-12570 alignleft\" src=\"https:\/\/praxas.com\/wp-content\/uploads\/usbsw-300x180.png\" alt=\"\" width=\"300\" height=\"180\">\n\nUn simple assistant Windows vous guide dans la configuration de votre enregistreur.\n\nUne fois la configuration effectu\u00e9e, vous disposez d'un certain nombre d'options, notamment la s\u00e9lection d'un nom d'enregistreur de donn\u00e9es, d'un param\u00e8tre de mesure et de taux d'enregistrement s\u00e9lectionnables par l'utilisateur.\n\n\u00a0\n\n\u00a0\n\n<img class=\"size-medium wp-image-12569 alignleft\" src=\"https:\/\/praxas.com\/wp-content\/uploads\/usbsw2-300x180.png\" alt=\"\" width=\"300\" height=\"180\">\n\nDes options d'alarme haute et basse sont disponibles et vous pouvez choisir de \"maintenir\" une alarme en cas de violation ou de la laisser s'arr\u00eater une fois que l'enregistreur est revenu dans une zone \"acceptable\".\n\nD\u00e9cidez quand vous voulez que l'unit\u00e9 commence \u00e0 enregistrer. Imm\u00e9diatement. Lorsque vous appuyez sur le bouton de bord ou \u00e0 une date et une heure ult\u00e9rieures.\n\n\u00a0\n\n\u00a0\n\n<img class=\"size-medium wp-image-12568 alignleft\" src=\"https:\/\/praxas.com\/wp-content\/uploads\/usbsw3-300x180.png\" alt=\"\" width=\"300\" height=\"180\">\n\nLes donn\u00e9es sont t\u00e9l\u00e9charg\u00e9es dans le logiciel EasyLog sous forme de graphiques. Passez votre curseur sur le graphique pour voir les journaux horodat\u00e9s. Exportez toutes les donn\u00e9es vers Excel pour une analyse plus approfondie ou visualisez les statistiques moyennes sur une p\u00e9riode donn\u00e9e \u00e0 l'aide du rapport de synth\u00e8se EasyLog.\n\n\u00a0\n\n\u00a0\n\n\u00a0"],"rank_math_analytic_object_id":["1357"],"_uag_css_file_name":["uag-css-29798.css"],"_uag_page_assets":["a:9:{s:3:\"css\";s:263:\".uag-blocks-common-selector{z-index:var(--z-index-desktop) !important}@media (max-width: 976px){.uag-blocks-common-selector{z-index:var(--z-index-tablet) !important}}@media (max-width: 767px){.uag-blocks-common-selector{z-index:var(--z-index-mobile) !important}}\n\";s:2:\"js\";s:0:\"\";s:18:\"current_block_list\";a:9:{i:0;s:11:\"core\/spacer\";i:1;s:10:\"core\/group\";i:2;s:12:\"core\/columns\";i:3;s:11:\"core\/column\";i:6;s:10:\"core\/image\";i:7;s:12:\"core\/heading\";i:8;s:14:\"core\/paragraph\";i:9;s:12:\"core\/buttons\";i:10;s:11:\"core\/button\";}s:8:\"uag_flag\";b:0;s:11:\"uag_version\";s:10:\"1776763693\";s:6:\"gfonts\";a:0:{}s:10:\"gfonts_url\";s:0:\"\";s:12:\"gfonts_files\";a:0:{}s:14:\"uag_faq_layout\";b:0;}"]},"uagb_featured_image_src":{"full":["https:\/\/praxas.com\/wp-content\/uploads\/SoftwarePage_Icons_EasyLog-1.jpg",1200,630,false],"thumbnail":["https:\/\/praxas.com\/wp-content\/uploads\/SoftwarePage_Icons_EasyLog-1-150x150.jpg",150,150,true],"medium":["https:\/\/praxas.com\/wp-content\/uploads\/SoftwarePage_Icons_EasyLog-1-300x158.jpg",300,158,true],"medium_large":["https:\/\/praxas.com\/wp-content\/uploads\/SoftwarePage_Icons_EasyLog-1-768x403.jpg",768,403,true],"large":["https:\/\/praxas.com\/wp-content\/uploads\/SoftwarePage_Icons_EasyLog-1-1024x538.jpg",1024,538,true],"1536x1536":["https:\/\/praxas.com\/wp-content\/uploads\/SoftwarePage_Icons_EasyLog-1.jpg",1200,630,false],"2048x2048":["https:\/\/praxas.com\/wp-content\/uploads\/SoftwarePage_Icons_EasyLog-1.jpg",1200,630,false],"crunchify-admin-post-featured-image":["https:\/\/praxas.com\/wp-content\/uploads\/SoftwarePage_Icons_EasyLog-1-120x63.jpg",120,63,true],"commercegurus-pdp-large":["https:\/\/praxas.com\/wp-content\/uploads\/SoftwarePage_Icons_EasyLog-1-990x520.jpg",990,520,true],"commercegurus-plp-mobile":["https:\/\/praxas.com\/wp-content\/uploads\/SoftwarePage_Icons_EasyLog-1-441x232.jpg",441,232,true],"cgkit_image_swatch":["https:\/\/praxas.com\/wp-content\/uploads\/SoftwarePage_Icons_EasyLog-1-100x100.jpg",100,100,true],"woocommerce_thumbnail":["https:\/\/praxas.com\/wp-content\/uploads\/SoftwarePage_Icons_EasyLog-1-350x184.jpg",350,184,true],"woocommerce_single":["https:\/\/praxas.com\/wp-content\/uploads\/SoftwarePage_Icons_EasyLog-1-800x420.jpg",800,420,true],"woocommerce_gallery_thumbnail":["https:\/\/praxas.com\/wp-content\/uploads\/SoftwarePage_Icons_EasyLog-1-150x79.jpg",150,79,true]},"uagb_author_info":{"display_name":"AndyS","author_link":"https:\/\/praxas.com\/fr\/author\/andys\/"},"uagb_comment_info":0,"uagb_excerpt":"Logiciel EasyLog USB Version 7.7 &#8211; Compatible avec Windows 10 et 11 EasyLog est un programme gratuit qui vous permet de configurer et de consulter des donn\u00e9es provenant d&rsquo;enregistreurs de donn\u00e9es USB EasyLog. Il permet aux utilisateurs de d\u00e9finir les param\u00e8tres de mesure, de visualiser les donn\u00e9es sous forme de graphiques et d&rsquo;\u00e9tablir des rapports\u2026","_links":{"self":[{"href":"https:\/\/praxas.com\/fr\/wp-json\/wp\/v2\/pages\/29798","targetHints":{"allow":["GET"]}}],"collection":[{"href":"https:\/\/praxas.com\/fr\/wp-json\/wp\/v2\/pages"}],"about":[{"href":"https:\/\/praxas.com\/fr\/wp-json\/wp\/v2\/types\/page"}],"author":[{"embeddable":true,"href":"https:\/\/praxas.com\/fr\/wp-json\/wp\/v2\/users\/1"}],"replies":[{"embeddable":true,"href":"https:\/\/praxas.com\/fr\/wp-json\/wp\/v2\/comments?post=29798"}],"version-history":[{"count":3,"href":"https:\/\/praxas.com\/fr\/wp-json\/wp\/v2\/pages\/29798\/revisions"}],"predecessor-version":[{"id":50891,"href":"https:\/\/praxas.com\/fr\/wp-json\/wp\/v2\/pages\/29798\/revisions\/50891"}],"up":[{"embeddable":true,"href":"https:\/\/praxas.com\/fr\/wp-json\/wp\/v2\/pages\/29863"}],"wp:featuredmedia":[{"embeddable":true,"href":"https:\/\/praxas.com\/fr\/wp-json\/wp\/v2\/media\/29804"}],"wp:attachment":[{"href":"https:\/\/praxas.com\/fr\/wp-json\/wp\/v2\/media?parent=29798"}],"curies":[{"name":"wp","href":"https:\/\/api.w.org\/{rel}","templated":true}]}}