{"id":29805,"date":"2023-08-22T09:48:26","date_gmt":"2023-08-22T09:48:26","guid":{"rendered":"https:\/\/staging.praxas.com\/easylog-wifi\/"},"modified":"2025-06-20T09:56:31","modified_gmt":"2025-06-20T09:56:31","slug":"easylog-wifi","status":"publish","type":"page","link":"https:\/\/praxas.com\/fr\/logiciel\/logiciel-easylog\/easylog-wifi\/","title":{"rendered":"EasyLog WiFi"},"content":{"rendered":"","protected":false},"excerpt":{"rendered":"","protected":false},"author":1,"featured_media":29810,"parent":29863,"menu_order":6,"comment_status":"closed","ping_status":"closed","template":"template-software.php","meta":{"_acf_changed":false,"content-type":"","_uag_custom_page_level_css":"","footnotes":""},"class_list":["post-29805","page","type-page","status-publish","has-post-thumbnail","hentry"],"acf":[],"spectra_custom_meta":{"hero_image":[""],"_hero_image":["field_64f1a7da7af44"],"_hero_h1":["field_64f19e1edd052"],"_hero_h2":["field_64f19e2ddd053"],"_hero_text":["field_64f19e42dd054"],"_hero_button_text":["field_64f19e4edd055"],"_hero_button_link":["field_64f19e5ddd056"],"section_1_left_logo":["14555"],"_section_1_left_logo":["field_651e72281c3c5"],"_section_1_header_text":["field_651e7c25d75f7"],"_section_1_content":["field_651e75bf15788"],"_section_1_download_button_link":["field_651e75feff811"],"_section_2_header_text":["field_651e773b3573b"],"_section_2_content":["field_651e775b3573d"],"_section_3_header_text":["field_651e7df523dc1"],"_section_3_content":["field_651e7e0c23dc2"],"_top_nav_excluded":[""],"_cms_nav_minihome":[""],"_wp_page_template":["template-software.php"],"_thumbnail_id":["29810"],"_last_translation_edit_mode":["translation-editor"],"_wpml_word_count":["2"],"rank_math_title":["EasyLog WiFi Software | Logiciel gratuit pour les enregistreurs de donn\u00e9es WiFi"],"rank_math_description":["T\u00e9l\u00e9chargez gratuitement notre logiciel EasyLog WiFi pour Windows 10\/11, ainsi que l'application EasyLog Cloud pour une solution ultime d'enregistrement de donn\u00e9es sans fil."],"rank_math_focus_keyword":["Logiciel EasyLog WiFi"],"section_1_header_text":["EasyLog WiFi  "],"section_1_content":["T\u00e9l\u00e9chargez la version 1.40.15 de notre logiciel EasyLog WiFi, compatible avec Windows 10 et 11.\n\nLe logiciel EL-WiFi vous permet de configurer facilement votre appareil EL-WiFi sur un PC, il vous suffit de t\u00e9l\u00e9charger le logiciel et de configurer votre appareil en quelques clics."],"section_1_download_button_link":["https:\/\/easylogcloud.s3.amazonaws.com\/WiFi_Sensor_Software_v1-40-15.exe"],"_uag_page_assets":["a:9:{s:3:\"css\";s:0:\"\";s:2:\"js\";s:0:\"\";s:18:\"current_block_list\";a:0:{}s:8:\"uag_flag\";b:0;s:11:\"uag_version\";s:10:\"1776254989\";s:6:\"gfonts\";a:0:{}s:10:\"gfonts_url\";s:0:\"\";s:12:\"gfonts_files\";a:0:{}s:14:\"uag_faq_layout\";b:0;}"]},"uagb_featured_image_src":{"full":["https:\/\/praxas.com\/wp-content\/uploads\/SoftwarePage_Icons_EL-WiFi.jpg",1200,630,false],"thumbnail":["https:\/\/praxas.com\/wp-content\/uploads\/SoftwarePage_Icons_EL-WiFi-150x150.jpg",150,150,true],"medium":["https:\/\/praxas.com\/wp-content\/uploads\/SoftwarePage_Icons_EL-WiFi-300x158.jpg",300,158,true],"medium_large":["https:\/\/praxas.com\/wp-content\/uploads\/SoftwarePage_Icons_EL-WiFi-768x403.jpg",768,403,true],"large":["https:\/\/praxas.com\/wp-content\/uploads\/SoftwarePage_Icons_EL-WiFi-1024x538.jpg",1024,538,true],"1536x1536":["https:\/\/praxas.com\/wp-content\/uploads\/SoftwarePage_Icons_EL-WiFi.jpg",1200,630,false],"2048x2048":["https:\/\/praxas.com\/wp-content\/uploads\/SoftwarePage_Icons_EL-WiFi.jpg",1200,630,false],"crunchify-admin-post-featured-image":["https:\/\/praxas.com\/wp-content\/uploads\/SoftwarePage_Icons_EL-WiFi-120x63.jpg",120,63,true],"commercegurus-pdp-large":["https:\/\/praxas.com\/wp-content\/uploads\/SoftwarePage_Icons_EL-WiFi-990x520.jpg",990,520,true],"commercegurus-plp-mobile":["https:\/\/praxas.com\/wp-content\/uploads\/SoftwarePage_Icons_EL-WiFi-441x232.jpg",441,232,true],"cgkit_image_swatch":["https:\/\/praxas.com\/wp-content\/uploads\/SoftwarePage_Icons_EL-WiFi-100x100.jpg",100,100,true],"woocommerce_thumbnail":["https:\/\/praxas.com\/wp-content\/uploads\/SoftwarePage_Icons_EL-WiFi-300x158.jpg",300,158,true],"woocommerce_single":["https:\/\/praxas.com\/wp-content\/uploads\/SoftwarePage_Icons_EL-WiFi-800x420.jpg",800,420,true],"woocommerce_gallery_thumbnail":["https:\/\/praxas.com\/wp-content\/uploads\/SoftwarePage_Icons_EL-WiFi-150x79.jpg",150,79,true]},"uagb_author_info":{"display_name":"AndyS","author_link":"https:\/\/praxas.com\/fr\/author\/andys\/"},"uagb_comment_info":0,"uagb_excerpt":null,"_links":{"self":[{"href":"https:\/\/praxas.com\/fr\/wp-json\/wp\/v2\/pages\/29805","targetHints":{"allow":["GET"]}}],"collection":[{"href":"https:\/\/praxas.com\/fr\/wp-json\/wp\/v2\/pages"}],"about":[{"href":"https:\/\/praxas.com\/fr\/wp-json\/wp\/v2\/types\/page"}],"author":[{"embeddable":true,"href":"https:\/\/praxas.com\/fr\/wp-json\/wp\/v2\/users\/1"}],"replies":[{"embeddable":true,"href":"https:\/\/praxas.com\/fr\/wp-json\/wp\/v2\/comments?post=29805"}],"version-history":[{"count":1,"href":"https:\/\/praxas.com\/fr\/wp-json\/wp\/v2\/pages\/29805\/revisions"}],"predecessor-version":[{"id":29869,"href":"https:\/\/praxas.com\/fr\/wp-json\/wp\/v2\/pages\/29805\/revisions\/29869"}],"up":[{"embeddable":true,"href":"https:\/\/praxas.com\/fr\/wp-json\/wp\/v2\/pages\/29863"}],"wp:featuredmedia":[{"embeddable":true,"href":"https:\/\/praxas.com\/fr\/wp-json\/wp\/v2\/media\/29810"}],"wp:attachment":[{"href":"https:\/\/praxas.com\/fr\/wp-json\/wp\/v2\/media?parent=29805"}],"curies":[{"name":"wp","href":"https:\/\/api.w.org\/{rel}","templated":true}]}}