{"id":29819,"date":"2023-08-22T09:38:14","date_gmt":"2023-08-22T09:38:14","guid":{"rendered":"https:\/\/staging.praxas.com\/easylog-21cfr-usb\/"},"modified":"2025-06-20T09:57:01","modified_gmt":"2025-06-20T09:57:01","slug":"easylog-21cfr-usb","status":"publish","type":"page","link":"https:\/\/praxas.com\/fr\/logiciel\/logiciel-easylog\/easylog-21cfr-usb\/","title":{"rendered":"EasyLog 21CFR USB"},"content":{"rendered":"","protected":false},"excerpt":{"rendered":"","protected":false},"author":1,"featured_media":29822,"parent":29863,"menu_order":7,"comment_status":"closed","ping_status":"closed","template":"template-software.php","meta":{"_acf_changed":false,"content-type":"","_uag_custom_page_level_css":"","footnotes":""},"class_list":["post-29819","page","type-page","status-publish","has-post-thumbnail","hentry"],"acf":[],"spectra_custom_meta":{"hero_image":[""],"_hero_image":["field_64f1a7da7af44"],"_hero_h1":["field_64f19e1edd052"],"_hero_h2":["field_64f19e2ddd053"],"_hero_text":["field_64f19e42dd054"],"_hero_button_text":["field_64f19e4edd055"],"_hero_button_link":["field_64f19e5ddd056"],"section_1_left_logo":["14546"],"_section_1_left_logo":["field_651e72281c3c5"],"_section_1_header_text":["field_651e7c25d75f7"],"_section_1_content":["field_651e75bf15788"],"_section_1_download_button_link":["field_651e75feff811"],"_section_2_header_text":["field_651e773b3573b"],"_section_2_content":["field_651e775b3573d"],"_section_3_header_text":["field_651e7df523dc1"],"_section_3_content":["field_651e7e0c23dc2"],"_top_nav_excluded":[""],"_cms_nav_minihome":[""],"_wp_page_template":["template-software.php"],"_thumbnail_id":["29822"],"_last_translation_edit_mode":["translation-editor"],"_wpml_word_count":["3"],"rank_math_title":["Logiciel EasyLog 21CFR USB | Enregistreurs de donn\u00e9es EasyLog 21CFR"],"rank_math_description":["Le logiciel EasyLog 21CFR USB de Lascar assure la s\u00e9curit\u00e9 num\u00e9rique et la conformit\u00e9. Pour des solutions personnalis\u00e9es, appelez notre \u00e9quipe de vente d\u00e8s aujourd'hui ! "],"rank_math_focus_keyword":["Logiciel 21CFR USB"],"section_1_header_text":["EasyLog 21CFR USB"],"section_1_content":["T\u00e9l\u00e9chargez la version 2.5.2 de notre logiciel EasyLog 21CFR, compatible avec Windows 10 et 11."],"section_1_download_button_link":["https:\/\/s3.amazonaws.com\/lascar_downloads\/EasyLog+21CFR+Installer.exe"],"section_2_header_text":["Regardez nos tutoriels vid\u00e9o sur les logiciels"],"section_2_content":["<strong>21CFR EasyLog Software Setup<\/strong>\nLe logiciel EasyLog 21CFR USB est un syst\u00e8me bas\u00e9 sur l'administrateur. Regardez cette vid\u00e9o pour savoir comment configurer un administrateur et tous les autres droits et param\u00e8tres des utilisateurs.\n\n<strong>21CFR EasyLog Logger Setup<\/strong>\nVous ne savez pas comment configurer votre enregistreur de donn\u00e9es 21CFR EasyLog ? Cette vid\u00e9o vous guidera dans la configuration initiale de votre enregistreur, depuis sa sortie de l'emballage jusqu'\u00e0 son d\u00e9ploiement sur le terrain.\n\n<strong>Arr\u00eat et t\u00e9l\u00e9chargement de vos donn\u00e9es 21CFR<\/strong>\nRegardez cette vid\u00e9o pour un guide d\u00e9taill\u00e9 sur la fa\u00e7on d'arr\u00eater et de t\u00e9l\u00e9charger les donn\u00e9es stock\u00e9es sur votre enregistreur de donn\u00e9es USB et comment tirer le meilleur parti des fonctions d'analyse incluses dans le logiciel de graphisme EasyLog de Lascar."],"section_3_header_text":["Comment notre logiciel est-il conforme ?"],"section_3_content":["<img class=\"wp-image-12625 alignright\" src=\"https:\/\/praxas.com\/wp-content\/uploads\/21cfr-300x270.png\" alt=\"\" width=\"607\" height=\"546\">Outre les fonctionnalit\u00e9s de base du logiciel EasyLog existant, le logiciel 21CFR de Lascar permet aux utilisateurs de se connecter au logiciel avec des autorisations sp\u00e9cifiques, de collecter les donn\u00e9es de l'enregistreur de donn\u00e9es dans un format crypt\u00e9 qui ne peut pas \u00eatre modifi\u00e9, de fournir une piste d'audit compl\u00e8te des activit\u00e9s et des actions entreprises et d'ajouter des commentaires \u00e0 des lectures sp\u00e9cifiques avant qu'elles ne soient approuv\u00e9es par un utilisateur autoris\u00e9. Des signatures \u00e9lectroniques sont ajout\u00e9es \u00e0 tous les rapports pour indiquer qui a commenc\u00e9, arr\u00eat\u00e9 et approuv\u00e9 les donn\u00e9es de la session.\n\nLe logiciel EasyLog 21CFR assure la s\u00e9curit\u00e9 num\u00e9rique et la conformit\u00e9. Les caract\u00e9ristiques particuli\u00e8res sont les suivantes :\n<ul>\n \t<li>Attribuer des autorisations sp\u00e9cifiques \u00e0 des utilisateurs individuels<\/li>\n \t<li>Pistes d'audit compl\u00e8tes du logiciel et des donn\u00e9es de session<\/li>\n \t<li>Recevoir des alertes par courrier \u00e9lectronique en cas d'\u00e9chec des tentatives de connexion<\/li>\n \t<li>Signatures num\u00e9riques ajout\u00e9es \u00e0 tous les rapports<\/li>\n \t<li>Ajouter des commentaires \u00e0 des lectures sp\u00e9cifiques<\/li>\n<\/ul>\n\u00a0\n\n\u00a0\n\n\u00a0"],"_uag_page_assets":["a:9:{s:3:\"css\";s:0:\"\";s:2:\"js\";s:0:\"\";s:18:\"current_block_list\";a:0:{}s:8:\"uag_flag\";b:0;s:11:\"uag_version\";s:10:\"1775212209\";s:6:\"gfonts\";a:0:{}s:10:\"gfonts_url\";s:0:\"\";s:12:\"gfonts_files\";a:0:{}s:14:\"uag_faq_layout\";b:0;}"]},"uagb_featured_image_src":{"full":["https:\/\/praxas.com\/wp-content\/uploads\/SoftwarePage_Icons_EasyLog21CFR.jpg",1200,630,false],"thumbnail":["https:\/\/praxas.com\/wp-content\/uploads\/SoftwarePage_Icons_EasyLog21CFR-150x150.jpg",150,150,true],"medium":["https:\/\/praxas.com\/wp-content\/uploads\/SoftwarePage_Icons_EasyLog21CFR-300x158.jpg",300,158,true],"medium_large":["https:\/\/praxas.com\/wp-content\/uploads\/SoftwarePage_Icons_EasyLog21CFR-768x403.jpg",768,403,true],"large":["https:\/\/praxas.com\/wp-content\/uploads\/SoftwarePage_Icons_EasyLog21CFR-1024x538.jpg",1024,538,true],"1536x1536":["https:\/\/praxas.com\/wp-content\/uploads\/SoftwarePage_Icons_EasyLog21CFR.jpg",1200,630,false],"2048x2048":["https:\/\/praxas.com\/wp-content\/uploads\/SoftwarePage_Icons_EasyLog21CFR.jpg",1200,630,false],"crunchify-admin-post-featured-image":["https:\/\/praxas.com\/wp-content\/uploads\/SoftwarePage_Icons_EasyLog21CFR-120x63.jpg",120,63,true],"commercegurus-pdp-large":["https:\/\/praxas.com\/wp-content\/uploads\/SoftwarePage_Icons_EasyLog21CFR-990x520.jpg",990,520,true],"commercegurus-plp-mobile":["https:\/\/praxas.com\/wp-content\/uploads\/SoftwarePage_Icons_EasyLog21CFR-441x232.jpg",441,232,true],"cgkit_image_swatch":["https:\/\/praxas.com\/wp-content\/uploads\/SoftwarePage_Icons_EasyLog21CFR-100x100.jpg",100,100,true],"woocommerce_thumbnail":["https:\/\/praxas.com\/wp-content\/uploads\/SoftwarePage_Icons_EasyLog21CFR-300x158.jpg",300,158,true],"woocommerce_single":["https:\/\/praxas.com\/wp-content\/uploads\/SoftwarePage_Icons_EasyLog21CFR-800x420.jpg",800,420,true],"woocommerce_gallery_thumbnail":["https:\/\/praxas.com\/wp-content\/uploads\/SoftwarePage_Icons_EasyLog21CFR-150x79.jpg",150,79,true]},"uagb_author_info":{"display_name":"AndyS","author_link":"https:\/\/praxas.com\/fr\/author\/andys\/"},"uagb_comment_info":0,"uagb_excerpt":null,"_links":{"self":[{"href":"https:\/\/praxas.com\/fr\/wp-json\/wp\/v2\/pages\/29819","targetHints":{"allow":["GET"]}}],"collection":[{"href":"https:\/\/praxas.com\/fr\/wp-json\/wp\/v2\/pages"}],"about":[{"href":"https:\/\/praxas.com\/fr\/wp-json\/wp\/v2\/types\/page"}],"author":[{"embeddable":true,"href":"https:\/\/praxas.com\/fr\/wp-json\/wp\/v2\/users\/1"}],"replies":[{"embeddable":true,"href":"https:\/\/praxas.com\/fr\/wp-json\/wp\/v2\/comments?post=29819"}],"version-history":[{"count":1,"href":"https:\/\/praxas.com\/fr\/wp-json\/wp\/v2\/pages\/29819\/revisions"}],"predecessor-version":[{"id":29867,"href":"https:\/\/praxas.com\/fr\/wp-json\/wp\/v2\/pages\/29819\/revisions\/29867"}],"up":[{"embeddable":true,"href":"https:\/\/praxas.com\/fr\/wp-json\/wp\/v2\/pages\/29863"}],"wp:featuredmedia":[{"embeddable":true,"href":"https:\/\/praxas.com\/fr\/wp-json\/wp\/v2\/media\/29822"}],"wp:attachment":[{"href":"https:\/\/praxas.com\/fr\/wp-json\/wp\/v2\/media?parent=29819"}],"curies":[{"name":"wp","href":"https:\/\/api.w.org\/{rel}","templated":true}]}}