{"id":29823,"date":"2023-08-22T09:11:15","date_gmt":"2023-08-22T09:11:15","guid":{"rendered":"https:\/\/staging.praxas.com\/easylog-21cfr-wifi\/"},"modified":"2025-06-20T09:33:14","modified_gmt":"2025-06-20T09:33:14","slug":"easylog-21cfr-wifi","status":"publish","type":"page","link":"https:\/\/praxas.com\/fr\/logiciel\/logiciel-easylog\/easylog-21cfr-wifi\/","title":{"rendered":"EasyLog 21CFR WiFi"},"content":{"rendered":"<h3><\/h3>\n","protected":false},"excerpt":{"rendered":"","protected":false},"author":1,"featured_media":29827,"parent":29863,"menu_order":8,"comment_status":"closed","ping_status":"closed","template":"template-software.php","meta":{"_acf_changed":false,"content-type":"","_uag_custom_page_level_css":"","footnotes":""},"class_list":["post-29823","page","type-page","status-publish","has-post-thumbnail","hentry"],"acf":[],"spectra_custom_meta":{"hero_image":[""],"_hero_image":["field_64f1a7da7af44"],"_hero_h1":["field_64f19e1edd052"],"_hero_h2":["field_64f19e2ddd053"],"_hero_text":["field_64f19e42dd054"],"_hero_button_text":["field_64f19e4edd055"],"_hero_button_link":["field_64f19e5ddd056"],"_section_1_left_logo":["field_651e72281c3c5"],"_section_1_header_text":["field_651e7c25d75f7"],"_section_1_content":["field_651e75bf15788"],"_section_1_download_button_link":["field_651e75feff811"],"_section_2_header_text":["field_651e773b3573b"],"_section_2_content":["field_651e775b3573d"],"_section_3_header_text":["field_651e7df523dc1"],"_section_3_content":["field_651e7e0c23dc2"],"_top_nav_excluded":[""],"_cms_nav_minihome":[""],"_wp_page_template":["template-software.php"],"_thumbnail_id":["29827"],"_last_translation_edit_mode":["translation-editor"],"_edit_lock":["1721654855:8383"],"classic-editor-remember":["classic-editor"],"rank_math_seo_score":["19"],"_edit_last":["8383"],"hero_h1":[""],"hero_h2":[""],"hero_text":[""],"hero_button_text":[""],"hero_button_link":[""],"_wpml_media_duplicate":["1"],"_wpml_media_featured":["1"],"section_1_left_logo":["14543"],"rank_math_title":["Logiciel EasyLog 21CFR WiFi | Enregistreurs de donn\u00e9es sans fil EasyLog"],"rank_math_description":["T\u00e9l\u00e9chargez notre logiciel EasyLog 21CFR WiFi utilis\u00e9 en conjonction avec la gamme d'enregistreurs de donn\u00e9es de temp\u00e9rature et de temp\u00e9rature et d'humidit\u00e9 \u00e0 distance 21CFR de Lascar !"],"rank_math_focus_keyword":["21CFR Logiciel WiFi"],"section_1_header_text":["EasyLog 21CFR WiFi"],"section_1_content":["T\u00e9l\u00e9chargez la version 1.00.12 de notre logiciel EasyLog 21CFR WiFi, compatible avec Windows 10 et 11."],"section_1_download_button_link":["https:\/\/s3.amazonaws.com\/easylogcloud\/WiFi+Sensor+Software+21CFR.exe"],"section_2_header_text":["Bienvenue sur 21CFR Cloud"],"section_2_content":["Visitez notre <strong>\n  <a href=\"https:\/\/www.youtube.com\/playlist?list=PL_yZedoZ_7MrSRnF7Sh4M-BymVVqeuO2p\" target=\"_blank\" rel=\"noopener\">Canal didactique EasyLog<\/a>\n<\/strong> pour obtenir des conseils sur l'utilisation des appareils WiFi 21CFR de Lascar."],"section_3_header_text":["Caract\u00e9ristiques"],"section_3_content":["Utilis\u00e9 en conjonction avec la gamme d'enregistreurs de donn\u00e9es de temp\u00e9rature et de temp\u00e9rature et d'humidit\u00e9 \u00e0 distance 21CFR de Lascar, ce syst\u00e8me de surveillance mat\u00e9riel et logiciel permet de surveiller \u00e0 distance un environnement, en fournissant une collecte et un stockage de donn\u00e9es r\u00e9glement\u00e9s, conformes \u00e0 la partie 11 du 21CFR.\n\nLes donn\u00e9es sont transmises directement au FilesThruTheAir Cloud pour une gestion simplifi\u00e9e \u00e0 l'aide d'un r\u00e9seau WiFi existant, sans avoir \u00e0 collecter physiquement les unit\u00e9s et \u00e0 les connecter \u00e0 votre PC.\n\n<strong><img class=\" wp-image-12631 alignleft\" src=\"https:\/\/praxas.com\/wp-content\/uploads\/21cfrwifi-300x180.png\" alt=\"\" width=\"354\" height=\"212\">L'abonnement 21CFR Cloud offre toute la flexibilit\u00e9 d'un syst\u00e8me de surveillance \u00e0 distance :<\/strong>\n<ul>\n \t<li>Interagir avec les capteurs via n'importe quel appareil connect\u00e9 \u00e0 Internet<\/li>\n \t<li>G\u00e9rer et surveiller les capteurs<\/li>\n \t<li>Acc\u00e9dez aux journaux d'\u00e9v\u00e9nements et configurez des alertes par courrier \u00e9lectronique<\/li>\n \t<li>Attribuez des niveaux d'autorisation aux comptes d'utilisateurs et consultez l'enregistrement complet de la piste d'audit.<\/li>\n<\/ul>\n\u00a0\n\n\u00a0\n<ul>\n \t<li><strong><img class=\"alignleft wp-image-12630\" src=\"https:\/\/praxas.com\/wp-content\/uploads\/21cfrwifi2-300x180.png\" alt=\"\" width=\"354\" height=\"212\">Cependant, contrairement au service FilesThruTheAir Cloud standard, la fonctionnalit\u00e9 21CFR Cloud inclut d'autres contr\u00f4les tels que :<\/strong><\/li>\n \t<li>Donn\u00e9es crypt\u00e9es<\/li>\n \t<li>Utilisation bas\u00e9e sur l'autorisation<\/li>\n \t<li>Signature de l'autorit\u00e9<\/li>\n \t<li>Signatures \u00e9lectroniques<\/li>\n<\/ul>\n\u00a0\n\n\u00a0\n\nUn abonnement au cloud est cr\u00e9\u00e9 au cours du processus de configuration du capteur WiFi \u00e0 l'aide du logiciel FilesThruTheAir 21CFR WiFi Sensor. Les capteurs 21CFR WiFi ne sont compatibles qu'avec le 21CFR Cloud.\n\n\u00a0"],"_wpml_word_count":["3"],"_uag_page_assets":["a:9:{s:3:\"css\";s:0:\"\";s:2:\"js\";s:0:\"\";s:18:\"current_block_list\";a:0:{}s:8:\"uag_flag\";b:0;s:11:\"uag_version\";s:10:\"1776763693\";s:6:\"gfonts\";a:0:{}s:10:\"gfonts_url\";s:0:\"\";s:12:\"gfonts_files\";a:0:{}s:14:\"uag_faq_layout\";b:0;}"]},"uagb_featured_image_src":{"full":["https:\/\/praxas.com\/wp-content\/uploads\/SoftwarePage_Icons_21CFRWiFi.jpg",1200,630,false],"thumbnail":["https:\/\/praxas.com\/wp-content\/uploads\/SoftwarePage_Icons_21CFRWiFi-150x150.jpg",150,150,true],"medium":["https:\/\/praxas.com\/wp-content\/uploads\/SoftwarePage_Icons_21CFRWiFi-300x158.jpg",300,158,true],"medium_large":["https:\/\/praxas.com\/wp-content\/uploads\/SoftwarePage_Icons_21CFRWiFi-768x403.jpg",768,403,true],"large":["https:\/\/praxas.com\/wp-content\/uploads\/SoftwarePage_Icons_21CFRWiFi-1024x538.jpg",1024,538,true],"1536x1536":["https:\/\/praxas.com\/wp-content\/uploads\/SoftwarePage_Icons_21CFRWiFi.jpg",1200,630,false],"2048x2048":["https:\/\/praxas.com\/wp-content\/uploads\/SoftwarePage_Icons_21CFRWiFi.jpg",1200,630,false],"crunchify-admin-post-featured-image":["https:\/\/praxas.com\/wp-content\/uploads\/SoftwarePage_Icons_21CFRWiFi-120x63.jpg",120,63,true],"commercegurus-pdp-large":["https:\/\/praxas.com\/wp-content\/uploads\/SoftwarePage_Icons_21CFRWiFi-990x520.jpg",990,520,true],"commercegurus-plp-mobile":["https:\/\/praxas.com\/wp-content\/uploads\/SoftwarePage_Icons_21CFRWiFi-441x232.jpg",441,232,true],"cgkit_image_swatch":["https:\/\/praxas.com\/wp-content\/uploads\/SoftwarePage_Icons_21CFRWiFi-100x100.jpg",100,100,true],"woocommerce_thumbnail":["https:\/\/praxas.com\/wp-content\/uploads\/SoftwarePage_Icons_21CFRWiFi-300x158.jpg",300,158,true],"woocommerce_single":["https:\/\/praxas.com\/wp-content\/uploads\/SoftwarePage_Icons_21CFRWiFi-800x420.jpg",800,420,true],"woocommerce_gallery_thumbnail":["https:\/\/praxas.com\/wp-content\/uploads\/SoftwarePage_Icons_21CFRWiFi-150x79.jpg",150,79,true]},"uagb_author_info":{"display_name":"AndyS","author_link":"https:\/\/praxas.com\/fr\/author\/andys\/"},"uagb_comment_info":0,"uagb_excerpt":null,"_links":{"self":[{"href":"https:\/\/praxas.com\/fr\/wp-json\/wp\/v2\/pages\/29823","targetHints":{"allow":["GET"]}}],"collection":[{"href":"https:\/\/praxas.com\/fr\/wp-json\/wp\/v2\/pages"}],"about":[{"href":"https:\/\/praxas.com\/fr\/wp-json\/wp\/v2\/types\/page"}],"author":[{"embeddable":true,"href":"https:\/\/praxas.com\/fr\/wp-json\/wp\/v2\/users\/1"}],"replies":[{"embeddable":true,"href":"https:\/\/praxas.com\/fr\/wp-json\/wp\/v2\/comments?post=29823"}],"version-history":[{"count":4,"href":"https:\/\/praxas.com\/fr\/wp-json\/wp\/v2\/pages\/29823\/revisions"}],"predecessor-version":[{"id":38368,"href":"https:\/\/praxas.com\/fr\/wp-json\/wp\/v2\/pages\/29823\/revisions\/38368"}],"up":[{"embeddable":true,"href":"https:\/\/praxas.com\/fr\/wp-json\/wp\/v2\/pages\/29863"}],"wp:featuredmedia":[{"embeddable":true,"href":"https:\/\/praxas.com\/fr\/wp-json\/wp\/v2\/media\/29827"}],"wp:attachment":[{"href":"https:\/\/praxas.com\/fr\/wp-json\/wp\/v2\/media?parent=29823"}],"curies":[{"name":"wp","href":"https:\/\/api.w.org\/{rel}","templated":true}]}}