{"id":29828,"date":"2023-08-22T09:07:38","date_gmt":"2023-08-22T09:07:38","guid":{"rendered":"https:\/\/staging.praxas.com\/easylog-sms\/"},"modified":"2025-06-20T09:33:07","modified_gmt":"2025-06-20T09:33:07","slug":"easylog-sms","status":"publish","type":"page","link":"https:\/\/praxas.com\/fr\/logiciel\/logiciel-easylog\/easylog-sms\/","title":{"rendered":"EasyLog SMS"},"content":{"rendered":"","protected":false},"excerpt":{"rendered":"","protected":false},"author":1,"featured_media":29830,"parent":29863,"menu_order":4,"comment_status":"closed","ping_status":"closed","template":"template-software.php","meta":{"_acf_changed":false,"content-type":"","_uag_custom_page_level_css":"","footnotes":""},"class_list":["post-29828","page","type-page","status-publish","has-post-thumbnail","hentry"],"acf":[],"spectra_custom_meta":{"hero_image":[""],"_hero_image":["field_64f1a7da7af44"],"_hero_h1":["field_64f19e1edd052"],"_hero_h2":["field_64f19e2ddd053"],"_hero_text":["field_64f19e42dd054"],"_hero_button_text":["field_64f19e4edd055"],"_hero_button_link":["field_64f19e5ddd056"],"_section_1_left_logo":["field_651e72281c3c5"],"_section_1_header_text":["field_651e7c25d75f7"],"_section_1_content":["field_651e75bf15788"],"_section_1_download_button_link":["field_651e75feff811"],"_section_2_header_text":["field_651e773b3573b"],"_section_2_content":["field_651e775b3573d"],"_section_3_header_text":["field_651e7df523dc1"],"_section_3_content":["field_651e7e0c23dc2"],"_top_nav_excluded":[""],"_cms_nav_minihome":[""],"_wp_page_template":["template-software.php"],"_thumbnail_id":["29830"],"_last_translation_edit_mode":["translation-editor"],"_edit_lock":["1721654549:8383"],"classic-editor-remember":["classic-editor"],"rank_math_seo_score":["57"],"_edit_last":["8383"],"section_1_header_text":[""],"section_1_content":[""],"section_1_download_button_link":[""],"hero_h1":[""],"hero_h2":[""],"hero_text":[""],"hero_button_text":[""],"hero_button_link":[""],"section_1_left_logo":["14540"],"_wpml_media_duplicate":["1"],"_wpml_media_featured":["1"],"rank_math_title":["EasyLog SMS Software | EasyLog SMS App | Praxas"],"rank_math_description":["L'application EasyLog SMS peut \u00eatre t\u00e9l\u00e9charg\u00e9e gratuitement sur Google Play Store et Apple App Store, ce qui vous permet de g\u00e9rer facilement vos appareils EL-SMS."],"rank_math_focus_keyword":["EasyLog SMS App"],"section_2_header_text":["Applications pour t\u00e9l\u00e9phones intelligents"],"section_2_content":["<strong>EasyLog SMS sur Google Play<a href=\"https:\/\/play.google.com\/store\/apps\/details?id=com.corintech.ftta&pcampaignid=web_share\"><img class=\"aligncenter wp-image-12578\" src=\"https:\/\/praxas.com\/wp-content\/uploads\/googleplaylogo-300x120.jpg\" alt=\"\" width=\"220\" height=\"88\"><\/a><\/strong>\n\n Veuillez noter qu'une nouvelle version de l'application EasyLog SMS pour Android est en cours de d\u00e9veloppement.\n\n \n\n<strong>L'application EasyLog SMS sur l'App Store<\/strong><strong><a href=\"https:\/\/apps.apple.com\/us\/app\/easylog-sms\/id1272724401\"><img class=\" wp-image-12577 aligncenter\" src=\"https:\/\/praxas.com\/wp-content\/uploads\/appleappstorelogo-1920x600-1-300x94.png\" alt=\"\" width=\"230\" height=\"72\"><\/a><\/strong><b><u><\/u><\/b>\n\nL'application EasyLog SMS peut \u00eatre t\u00e9l\u00e9charg\u00e9e gratuitement \u00e0 partir de l'App Store, ce qui vous permet de g\u00e9rer vos appareils EL-SMS facilement et \u00e0 partir d'un emplacement central."],"section_3_header_text":["Bienvenue dans l'application EasyLog SMS"],"section_3_content":["\u00a0\n\n<img class=\"wp-image-12649 aligncenter\" src=\"https:\/\/praxas.com\/wp-content\/uploads\/el-sms-screen-groupshot-300x109.jpg\" alt=\"\" width=\"561\" height=\"204\">\n\nL'application EasyLog SMS peut \u00eatre t\u00e9l\u00e9charg\u00e9e gratuitement sur Google Play et l'App Store, ce qui vous permet de g\u00e9rer facilement vos appareils EL-SMS.\n\n<strong>Caract\u00e9ristiques<\/strong>\n<ul>\n \t<li>Configurez facilement votre <strong><a href=\"https:\/\/praxas.com\/shop\/?filter_product-family=el-sms\">EL-SMS<\/a><\/strong> unit\u00e9<\/li>\n \t<li>Recevez des notifications d'alarme et des messages r\u00e9capitulatifs r\u00e9guliers<\/li>\n \t<li>Une d\u00e9monstration anim\u00e9e de la proc\u00e9dure d'installation<\/li>\n \t<li>Vue historique de tous les messages re\u00e7us de vos appareils<\/li>\n<\/ul>\nDans l'application, vous pouvez r\u00e9gler les niveaux d'alarme de temp\u00e9rature, la fr\u00e9quence des messages r\u00e9capitulatifs (qui contiennent les relev\u00e9s minimum, maximum et moyen depuis le dernier r\u00e9capitulatif), ainsi que d\u00e9finir jusqu'\u00e0 trois contacts pour recevoir des notifications par SMS.\n\n\u00a0"],"_wpml_word_count":["2"],"_uag_page_assets":["a:9:{s:3:\"css\";s:0:\"\";s:2:\"js\";s:0:\"\";s:18:\"current_block_list\";a:0:{}s:8:\"uag_flag\";b:0;s:11:\"uag_version\";s:10:\"1776966156\";s:6:\"gfonts\";a:0:{}s:10:\"gfonts_url\";s:0:\"\";s:12:\"gfonts_files\";a:0:{}s:14:\"uag_faq_layout\";b:0;}"]},"uagb_featured_image_src":{"full":["https:\/\/praxas.com\/wp-content\/uploads\/EL-SMS-2G-TP-Thumbnail.jpg",1200,630,false],"thumbnail":["https:\/\/praxas.com\/wp-content\/uploads\/EL-SMS-2G-TP-Thumbnail-150x150.jpg",150,150,true],"medium":["https:\/\/praxas.com\/wp-content\/uploads\/EL-SMS-2G-TP-Thumbnail-300x158.jpg",300,158,true],"medium_large":["https:\/\/praxas.com\/wp-content\/uploads\/EL-SMS-2G-TP-Thumbnail-768x403.jpg",768,403,true],"large":["https:\/\/praxas.com\/wp-content\/uploads\/EL-SMS-2G-TP-Thumbnail-1024x538.jpg",1024,538,true],"1536x1536":["https:\/\/praxas.com\/wp-content\/uploads\/EL-SMS-2G-TP-Thumbnail.jpg",1200,630,false],"2048x2048":["https:\/\/praxas.com\/wp-content\/uploads\/EL-SMS-2G-TP-Thumbnail.jpg",1200,630,false],"crunchify-admin-post-featured-image":["https:\/\/praxas.com\/wp-content\/uploads\/EL-SMS-2G-TP-Thumbnail-120x63.jpg",120,63,true],"commercegurus-pdp-large":["https:\/\/praxas.com\/wp-content\/uploads\/EL-SMS-2G-TP-Thumbnail-990x520.jpg",990,520,true],"commercegurus-plp-mobile":["https:\/\/praxas.com\/wp-content\/uploads\/EL-SMS-2G-TP-Thumbnail-441x232.jpg",441,232,true],"cgkit_image_swatch":["https:\/\/praxas.com\/wp-content\/uploads\/EL-SMS-2G-TP-Thumbnail-100x100.jpg",100,100,true],"woocommerce_thumbnail":["https:\/\/praxas.com\/wp-content\/uploads\/EL-SMS-2G-TP-Thumbnail-300x158.jpg",300,158,true],"woocommerce_single":["https:\/\/praxas.com\/wp-content\/uploads\/EL-SMS-2G-TP-Thumbnail-800x420.jpg",800,420,true],"woocommerce_gallery_thumbnail":["https:\/\/praxas.com\/wp-content\/uploads\/EL-SMS-2G-TP-Thumbnail-150x79.jpg",150,79,true]},"uagb_author_info":{"display_name":"AndyS","author_link":"https:\/\/praxas.com\/fr\/author\/andys\/"},"uagb_comment_info":0,"uagb_excerpt":null,"_links":{"self":[{"href":"https:\/\/praxas.com\/fr\/wp-json\/wp\/v2\/pages\/29828","targetHints":{"allow":["GET"]}}],"collection":[{"href":"https:\/\/praxas.com\/fr\/wp-json\/wp\/v2\/pages"}],"about":[{"href":"https:\/\/praxas.com\/fr\/wp-json\/wp\/v2\/types\/page"}],"author":[{"embeddable":true,"href":"https:\/\/praxas.com\/fr\/wp-json\/wp\/v2\/users\/1"}],"replies":[{"embeddable":true,"href":"https:\/\/praxas.com\/fr\/wp-json\/wp\/v2\/comments?post=29828"}],"version-history":[{"count":2,"href":"https:\/\/praxas.com\/fr\/wp-json\/wp\/v2\/pages\/29828\/revisions"}],"predecessor-version":[{"id":38365,"href":"https:\/\/praxas.com\/fr\/wp-json\/wp\/v2\/pages\/29828\/revisions\/38365"}],"up":[{"embeddable":true,"href":"https:\/\/praxas.com\/fr\/wp-json\/wp\/v2\/pages\/29863"}],"wp:featuredmedia":[{"embeddable":true,"href":"https:\/\/praxas.com\/fr\/wp-json\/wp\/v2\/media\/29830"}],"wp:attachment":[{"href":"https:\/\/praxas.com\/fr\/wp-json\/wp\/v2\/media?parent=29828"}],"curies":[{"name":"wp","href":"https:\/\/api.w.org\/{rel}","templated":true}]}}