{"id":29831,"date":"2023-08-22T09:05:07","date_gmt":"2023-08-22T09:05:07","guid":{"rendered":"https:\/\/staging.praxas.com\/easylog-bt\/"},"modified":"2025-06-20T09:33:30","modified_gmt":"2025-06-20T09:33:30","slug":"easylog-bt","status":"publish","type":"page","link":"https:\/\/praxas.com\/fr\/logiciel\/logiciel-easylog\/easylog-bt\/","title":{"rendered":"EasyLog BT"},"content":{"rendered":"","protected":false},"excerpt":{"rendered":"","protected":false},"author":1,"featured_media":29837,"parent":29863,"menu_order":5,"comment_status":"closed","ping_status":"closed","template":"template-software.php","meta":{"_acf_changed":false,"content-type":"","_uag_custom_page_level_css":"","footnotes":""},"class_list":["post-29831","page","type-page","status-publish","has-post-thumbnail","hentry"],"acf":[],"spectra_custom_meta":{"hero_image":[""],"_hero_image":["field_64f1a7da7af44"],"_hero_h1":["field_64f19e1edd052"],"_hero_h2":["field_64f19e2ddd053"],"_hero_text":["field_64f19e42dd054"],"_hero_button_text":["field_64f19e4edd055"],"_hero_button_link":["field_64f19e5ddd056"],"section_1_left_logo":["15257"],"_section_1_left_logo":["field_651e72281c3c5"],"_section_1_header_text":["field_651e7c25d75f7"],"_section_1_content":["field_651e75bf15788"],"_section_1_download_button_link":["field_651e75feff811"],"_section_2_header_text":["field_651e773b3573b"],"_section_2_content":["field_651e775b3573d"],"_section_3_header_text":["field_651e7df523dc1"],"_section_3_content":["field_651e7e0c23dc2"],"_top_nav_excluded":[""],"_cms_nav_minihome":[""],"_wp_page_template":["template-software.php"],"_thumbnail_id":["29837"],"_last_translation_edit_mode":["translation-editor"],"_wpml_word_count":["2"],"rank_math_title":["Logiciel EasyLog BT | Enregistreurs de donn\u00e9es Bluetooth | Praxas"],"rank_math_description":["T\u00e9l\u00e9chargez le logiciel EasyLog BT pour les enregistreurs de donn\u00e9es Lascar Bluetooth. Pour des solutions personnalis\u00e9es, contactez notre \u00e9quipe de vente ! "],"rank_math_focus_keyword":["Logiciel EasyLog BT"],"section_1_header_text":["EasyLog BT pour Android"],"section_1_content":["T\u00e9l\u00e9chargez la version 1.16 de l'application EasyLog Bluetooth pour les versions 4.0 et ult\u00e9rieures d'Android."],"section_1_download_button_link":["https:\/\/play.google.com\/store\/apps\/details?id=com.LascarElectronics.EasyLogBT"],"section_2_header_text":["Bienvenue dans le logiciel EasyLog BT pour Android"],"section_3_header_text":["Caract\u00e9ristiques"],"section_3_content":["<h3>G\u00e9rez facilement votre enregistreur EL-BT-2 :<\/h3>\n<img class=\"alignleft size-medium wp-image-12510\" src=\"https:\/\/praxas.com\/wp-content\/uploads\/bluetoothsw-300x180.png\" alt=\"G\u00e9rer votre enregistreur EL-BT-2\" width=\"300\" height=\"180\">\n<ul>\n \t<li>Une d\u00e9monstration anim\u00e9e de la proc\u00e9dure d'installation<\/li>\n \t<li>T\u00e9l\u00e9chargez les donn\u00e9es enregistr\u00e9es et visualisez-les sur votre appareil<\/li>\n \t<li>Exporter les informations de l'enregistreur par courrier \u00e9lectronique ou par d'autres services en nuage<\/li>\n<\/ul>\n<br style=\"clear: both;\"><img class=\"alignleft size-medium wp-image-12512\" src=\"https:\/\/praxas.com\/wp-content\/uploads\/bluetoothsw2-300x300.png\" alt=\"Enregistreur EL-BT-2\" width=\"300\" height=\"300\">\nDans l'application, vous pouvez programmer votre enregistreur, y compris le taux d'\u00e9chantillonnage, l'\u00e9chelle de temp\u00e9rature, les alarmes de temp\u00e9rature et d'humidit\u00e9, les param\u00e8tres d'\u00e9conomie d'\u00e9nergie Bluetooth, les param\u00e8tres de l'\u00e9cran LCD et les heures de d\u00e9marrage variables.\n\nLes donn\u00e9es t\u00e9l\u00e9charg\u00e9es sont enregistr\u00e9es sur la carte m\u00e9moire de votre t\u00e9l\u00e9phone et peuvent \u00eatre consult\u00e9es \u00e0 tout moment. Vous pouvez ensuite envoyer les donn\u00e9es par courrier \u00e9lectronique ou par votre service de cloud pr\u00e9f\u00e9r\u00e9 \u00e0 un autre appareil ou \u00e0 un PC Windows pour une analyse plus approfondie."],"_uag_page_assets":["a:9:{s:3:\"css\";s:0:\"\";s:2:\"js\";s:0:\"\";s:18:\"current_block_list\";a:0:{}s:8:\"uag_flag\";b:0;s:11:\"uag_version\";s:10:\"1776254989\";s:6:\"gfonts\";a:0:{}s:10:\"gfonts_url\";s:0:\"\";s:12:\"gfonts_files\";a:0:{}s:14:\"uag_faq_layout\";b:0;}"]},"uagb_featured_image_src":{"full":["https:\/\/praxas.com\/wp-content\/uploads\/SoftwarePage_Icons_EL-BT-1.jpg",1200,630,false],"thumbnail":["https:\/\/praxas.com\/wp-content\/uploads\/SoftwarePage_Icons_EL-BT-1-150x150.jpg",150,150,true],"medium":["https:\/\/praxas.com\/wp-content\/uploads\/SoftwarePage_Icons_EL-BT-1-300x158.jpg",300,158,true],"medium_large":["https:\/\/praxas.com\/wp-content\/uploads\/SoftwarePage_Icons_EL-BT-1-768x403.jpg",768,403,true],"large":["https:\/\/praxas.com\/wp-content\/uploads\/SoftwarePage_Icons_EL-BT-1-1024x538.jpg",1024,538,true],"1536x1536":["https:\/\/praxas.com\/wp-content\/uploads\/SoftwarePage_Icons_EL-BT-1.jpg",1200,630,false],"2048x2048":["https:\/\/praxas.com\/wp-content\/uploads\/SoftwarePage_Icons_EL-BT-1.jpg",1200,630,false],"crunchify-admin-post-featured-image":["https:\/\/praxas.com\/wp-content\/uploads\/SoftwarePage_Icons_EL-BT-1-120x63.jpg",120,63,true],"commercegurus-pdp-large":["https:\/\/praxas.com\/wp-content\/uploads\/SoftwarePage_Icons_EL-BT-1-990x520.jpg",990,520,true],"commercegurus-plp-mobile":["https:\/\/praxas.com\/wp-content\/uploads\/SoftwarePage_Icons_EL-BT-1-441x232.jpg",441,232,true],"cgkit_image_swatch":["https:\/\/praxas.com\/wp-content\/uploads\/SoftwarePage_Icons_EL-BT-1-100x100.jpg",100,100,true],"woocommerce_thumbnail":["https:\/\/praxas.com\/wp-content\/uploads\/SoftwarePage_Icons_EL-BT-1-300x158.jpg",300,158,true],"woocommerce_single":["https:\/\/praxas.com\/wp-content\/uploads\/SoftwarePage_Icons_EL-BT-1-800x420.jpg",800,420,true],"woocommerce_gallery_thumbnail":["https:\/\/praxas.com\/wp-content\/uploads\/SoftwarePage_Icons_EL-BT-1-150x79.jpg",150,79,true]},"uagb_author_info":{"display_name":"AndyS","author_link":"https:\/\/praxas.com\/fr\/author\/andys\/"},"uagb_comment_info":0,"uagb_excerpt":null,"_links":{"self":[{"href":"https:\/\/praxas.com\/fr\/wp-json\/wp\/v2\/pages\/29831","targetHints":{"allow":["GET"]}}],"collection":[{"href":"https:\/\/praxas.com\/fr\/wp-json\/wp\/v2\/pages"}],"about":[{"href":"https:\/\/praxas.com\/fr\/wp-json\/wp\/v2\/types\/page"}],"author":[{"embeddable":true,"href":"https:\/\/praxas.com\/fr\/wp-json\/wp\/v2\/users\/1"}],"replies":[{"embeddable":true,"href":"https:\/\/praxas.com\/fr\/wp-json\/wp\/v2\/comments?post=29831"}],"version-history":[{"count":1,"href":"https:\/\/praxas.com\/fr\/wp-json\/wp\/v2\/pages\/29831\/revisions"}],"predecessor-version":[{"id":29864,"href":"https:\/\/praxas.com\/fr\/wp-json\/wp\/v2\/pages\/29831\/revisions\/29864"}],"up":[{"embeddable":true,"href":"https:\/\/praxas.com\/fr\/wp-json\/wp\/v2\/pages\/29863"}],"wp:featuredmedia":[{"embeddable":true,"href":"https:\/\/praxas.com\/fr\/wp-json\/wp\/v2\/media\/29837"}],"wp:attachment":[{"href":"https:\/\/praxas.com\/fr\/wp-json\/wp\/v2\/media?parent=29831"}],"curies":[{"name":"wp","href":"https:\/\/api.w.org\/{rel}","templated":true}]}}