{"id":29838,"date":"2020-10-09T13:39:05","date_gmt":"2020-10-09T11:39:05","guid":{"rendered":"https:\/\/staging.praxas.com\/a-propos-de-nous\/"},"modified":"2025-10-14T13:21:24","modified_gmt":"2025-10-14T11:21:24","slug":"a-propos-de-nous","status":"publish","type":"page","link":"https:\/\/praxas.com\/fr\/a-propos-de-nous\/","title":{"rendered":"A propos de nous"},"content":{"rendered":"\n<div class=\"wp-block-cover alignfull\" style=\"margin-top:0;margin-bottom:0;min-height:350px;aspect-ratio:unset;\"><img loading=\"lazy\" decoding=\"async\" width=\"3780\" height=\"709\" class=\"wp-block-cover__image-background wp-image-44636\" alt=\"About Us - Over ons - New Style Banner - Biomedical\" src=\"https:\/\/praxas.com\/wp-content\/uploads\/PRAXAS_About-UsBIO.png\" data-object-fit=\"cover\" srcset=\"https:\/\/praxas.com\/wp-content\/uploads\/PRAXAS_About-UsBIO.png 3780w, https:\/\/praxas.com\/wp-content\/uploads\/PRAXAS_About-UsBIO-300x56.png 300w, https:\/\/praxas.com\/wp-content\/uploads\/PRAXAS_About-UsBIO-1024x192.png 1024w, https:\/\/praxas.com\/wp-content\/uploads\/PRAXAS_About-UsBIO-768x144.png 768w, https:\/\/praxas.com\/wp-content\/uploads\/PRAXAS_About-UsBIO-1536x288.png 1536w, https:\/\/praxas.com\/wp-content\/uploads\/PRAXAS_About-UsBIO-2048x384.png 2048w, https:\/\/praxas.com\/wp-content\/uploads\/PRAXAS_About-UsBIO-120x23.png 120w, https:\/\/praxas.com\/wp-content\/uploads\/PRAXAS_About-UsBIO-990x186.png 990w, https:\/\/praxas.com\/wp-content\/uploads\/PRAXAS_About-UsBIO-441x83.png 441w, https:\/\/praxas.com\/wp-content\/uploads\/PRAXAS_About-UsBIO-350x66.png 350w, https:\/\/praxas.com\/wp-content\/uploads\/PRAXAS_About-UsBIO-800x150.png 800w, https:\/\/praxas.com\/wp-content\/uploads\/PRAXAS_About-UsBIO-150x28.png 150w\" sizes=\"auto, (max-width: 3780px) 100vw, 3780px\" \/><span aria-hidden=\"true\" class=\"wp-block-cover__background has-background-dim-10 has-background-dim\"><\/span><div class=\"wp-block-cover__inner-container has-global-padding is-layout-constrained wp-container-core-cover-is-layout-cbb85da7 wp-block-cover-is-layout-constrained\">\n<div class=\"wp-block-group has-global-padding is-layout-constrained wp-container-core-group-is-layout-a4c69c57 wp-block-group-is-layout-constrained\">\n<div class=\"wp-block-columns is-layout-flex wp-container-core-columns-is-layout-28f84493 wp-block-columns-is-layout-flex\">\n<div class=\"wp-block-column is-layout-flow wp-block-column-is-layout-flow\" style=\"flex-basis:70%\">\n<h1 class=\"wp-block-heading has-white-color has-text-color has-link-color wp-elements-c7ed96636828d7ea3a6704cca1b04f32\">A propos de nous<\/h1>\n\n\n\n<p class=\"has-white-color has-text-color has-link-color wp-elements-b383532c25065a95174c3f5faa6c74d5\">Praxas est sp\u00e9cialis\u00e9e dans la surveillance de la temp\u00e9rature et les solutions de stockage, garantissant la s\u00e9curit\u00e9 et la conformit\u00e9 des produits biom\u00e9dicaux dans divers secteurs. Qu&rsquo;il s&rsquo;agisse de produits pharmaceutiques, de vaccins ou de stockage en laboratoire, nous fournissons des solutions expertes pour maintenir des conditions environnementales pr\u00e9cises. Nos syst\u00e8mes de surveillance avanc\u00e9s, nos solutions de r\u00e9frig\u00e9ration et notre expertise en mati\u00e8re de conformit\u00e9 contribuent \u00e0 pr\u00e9server l&rsquo;int\u00e9grit\u00e9 des produits, \u00e0 r\u00e9duire les risques et \u00e0 respecter des normes r\u00e9glementaires strictes. Faites confiance \u00e0 Praxas pour assurer la protection de vos produits sensibles \u00e0 la temp\u00e9rature \u00e0 chaque \u00e9tape du processus.   <\/p>\n<\/div>\n\n\n\n<div class=\"wp-block-column is-layout-flow wp-block-column-is-layout-flow\" style=\"flex-basis:33.33%\"><\/div>\n<\/div>\n<\/div>\n<\/div><\/div>\n\n<div style=\"height:60px\" aria-hidden=\"true\" class=\"wp-block-spacer\"><\/div>\n\n<div class=\"wp-block-group alignfull has-global-padding is-layout-constrained wp-container-core-group-is-layout-a4c69c57 wp-block-group-is-layout-constrained\">\n<h2 class=\"wp-block-heading has-text-align-center has-text-color has-link-color wp-elements-5e1c2b32fa3fee0571ff29d1767c7212\" style=\"color:#009ee0\">Notre objectif est d&rsquo;atteindre 0 % d&rsquo;\u00e9cart de temp\u00e9rature dans le stockage et le transport biom\u00e9dical.<\/h2>\n\n\n\n<h3 class=\"wp-block-heading has-text-align-center has-text-color has-link-color wp-elements-0a0812448da40ae1de94eb0d70789f52\" style=\"color:#205d8f;margin-top:-4px\">Nous ne nous contentons pas de prot\u00e9ger vos produits, nous prot\u00e9geons votre r\u00e9putation.<\/h3>\n<\/div>\n\n<div style=\"height:30px\" aria-hidden=\"true\" class=\"wp-block-spacer\"><\/div>\n\n<div class=\"wp-block-group alignfull has-global-padding is-layout-constrained wp-container-core-group-is-layout-a4c69c57 wp-block-group-is-layout-constrained\">\n<div class=\"wp-block-columns has-background is-layout-flex wp-container-core-columns-is-layout-2567d070 wp-block-columns-is-layout-flex\" style=\"border-radius:30px;background-color:#e5e5e5;padding-top:var(--wp--preset--spacing--large);padding-right:var(--wp--preset--spacing--medium);padding-bottom:var(--wp--preset--spacing--large);padding-left:var(--wp--preset--spacing--medium)\">\n<div class=\"wp-block-column is-layout-flow wp-block-column-is-layout-flow\">\n<h2 class=\"wp-block-heading has-text-color has-link-color wp-elements-9fd36e2fe9f4a563fa7f5336839b4cd5\" style=\"color:#205d8f\">En savoir plus sur nous&#8230;<\/h2>\n\n\n\n<p>Praxas a d\u00e9but\u00e9 il y a plus de 20 ans, en aidant les entreprises \u00e0 prot\u00e9ger leurs cargaisons gr\u00e2ce \u00e0 des solutions telles que les filtres \u00e0 \u00e9thyl\u00e8ne pour les industries de l&rsquo;AGF et des fleurs. Au fur et \u00e0 mesure de notre croissance, nous avons introduit des enregistreurs de donn\u00e9es pour permettre aux entreprises de mieux contr\u00f4ler leurs conditions de stockage et de transport. Cela nous a amen\u00e9s \u00e0 nous concentrer davantage sur la logistique sensible \u00e0 la temp\u00e9rature, o\u00f9 le maintien des bonnes conditions est essentiel. Aujourd&rsquo;hui, nous sommes sp\u00e9cialis\u00e9s dans la surveillance et le stockage de la temp\u00e9rature, en proposant des enregistreurs de donn\u00e9es, la r\u00e9frig\u00e9ration m\u00e9dicale et des solutions de surveillance bas\u00e9es sur le cloud. Qu&rsquo;il s&rsquo;agisse de produits pharmaceutiques, de sciences de la vie ou d&rsquo;autres industries sensibles, nous aidons les entreprises \u00e0 rester conformes et \u00e0 assurer la s\u00e9curit\u00e9 de leurs produits \u00e0 chaque \u00e9tape du processus.    <\/p>\n<\/div>\n<\/div>\n<\/div>\n\n<div style=\"height:60px\" aria-hidden=\"true\" class=\"wp-block-spacer\"><\/div>\n\n<div class=\"wp-block-group alignfull has-global-padding is-layout-constrained wp-container-core-group-is-layout-a4c69c57 wp-block-group-is-layout-constrained\">\n<h2 class=\"wp-block-heading has-text-align-center has-text-color has-link-color wp-elements-07edb36faef08940a1d749fd7e12c7d9\" style=\"color:#205d8f\">Mission et vision de Praxas<\/h2>\n\n\n\n<div class=\"wp-block-columns is-layout-flex wp-container-core-columns-is-layout-28f84493 wp-block-columns-is-layout-flex\">\n<div class=\"wp-block-column is-layout-flow wp-block-column-is-layout-flow\">\n<p class=\"has-text-align-center\">Notre mission est de garantir la conformit\u00e9 des temp\u00e9ratures et la s\u00e9curit\u00e9 des produits en fournissant des solutions de surveillance et de stockage fiables.<\/p>\n\n\n\n<p class=\"has-text-align-center\" style=\"margin-top:-2px\">Nous imaginons un monde o\u00f9 les vaccins, les produits pharmaceutiques et les \u00e9chantillons de laboratoire sont toujours stock\u00e9s et transport\u00e9s dans des conditions optimales. Pour y parvenir, nous mettons l&rsquo;accent sur l&rsquo;<strong>expertise<\/strong>, l&rsquo;<strong>innovation<\/strong> et la <strong>qualit\u00e9<\/strong>. <\/p>\n<\/div>\n<\/div>\n<\/div>\n\n<div style=\"height:100px\" aria-hidden=\"true\" class=\"wp-block-spacer\"><\/div>\n\n<div class=\"wp-block-group alignfull has-background has-global-padding is-layout-constrained wp-container-core-group-is-layout-a4c69c57 wp-block-group-is-layout-constrained\" style=\"background-color:#e5e5e5\">\n<div class=\"wp-block-columns is-layout-flex wp-container-core-columns-is-layout-28f84493 wp-block-columns-is-layout-flex\">\n<div class=\"wp-block-column is-layout-flow wp-block-column-is-layout-flow\" style=\"padding-top:var(--wp--preset--spacing--medium);padding-right:var(--wp--preset--spacing--medium);padding-bottom:var(--wp--preset--spacing--medium);padding-left:var(--wp--preset--spacing--medium)\">\n<div style=\"height:30px\" aria-hidden=\"true\" class=\"wp-block-spacer\"><\/div>\n\n\n\n<figure class=\"wp-block-image aligncenter size-large\"><img decoding=\"async\" src=\"https:\/\/praxas.com\/wp-content\/uploads\/cimsense-logo.png\" alt=\"Logo CIMSENSE\"\/><\/figure>\n\n\n\n<p class=\"has-text-align-center\">En 2021, Praxas a \u00e9t\u00e9 rachet\u00e9e par CIMSENSE, un leader mondial dans les domaines du contr\u00f4le, de l&rsquo;instrumentation, de la mesure et des capteurs. Ce partenariat a permis \u00e0 Praxas de se d\u00e9velopper et d&rsquo;\u00e9largir son offre, en b\u00e9n\u00e9ficiant de l&rsquo;expertise et du r\u00e9seau mondial de CIMSENSE. Avec plus de 20 acquisitions en quatre ans et des implantations dans le monde entier, notamment aux \u00c9tats-Unis, au Royaume-Uni, au Canada et en Asie, Praxas dispose d\u00e9sormais de ressources encore plus importantes pour fournir des solutions innovantes en mati\u00e8re de temp\u00e9rature \u00e0 un plus grand nombre d&rsquo;industries.<\/p>\n\n\n\n<div class=\"wp-block-buttons is-content-justification-center is-layout-flex wp-container-core-buttons-is-layout-a89b3969 wp-block-buttons-is-layout-flex\">\n<div class=\"wp-block-button\"><a class=\"wp-block-button__link has-background wp-element-button\" href=\"https:\/\/praxas.com\/fr\/cimsense\/\" style=\"border-radius:6px;background-color:#009ee0\"><strong>En savoir plus<\/strong><\/a><\/div>\n\n\n\n<div class=\"wp-block-button\"><a class=\"wp-block-button__link has-text-color has-background has-link-color has-border-color wp-element-button\" href=\"https:\/\/cimsense.com\/\" style=\"border-color:#009ee0;border-width:2px;border-radius:6px;color:#009ee0;background-color:#e5e5e5\" target=\"_blank\" rel=\"noopener\"><strong>CIMSENSE<\/strong><\/a><\/div>\n<\/div>\n\n\n\n<div style=\"height:50px\" aria-hidden=\"true\" class=\"wp-block-spacer\"><\/div>\n<\/div>\n<\/div>\n<\/div>\n\n<div style=\"height:60px\" aria-hidden=\"true\" id=\"stay-updated\" class=\"wp-block-spacer\"><\/div>\n\n<div class=\"wp-block-group alignfull has-global-padding is-layout-constrained wp-container-core-group-is-layout-a4c69c57 wp-block-group-is-layout-constrained\">\n<div class=\"wp-block-columns has-background is-layout-flex wp-container-core-columns-is-layout-a5331a9e wp-block-columns-is-layout-flex\" style=\"border-radius:30px;background-color:#205d8f;padding-top:0;padding-right:0;padding-bottom:0;padding-left:0\">\n<div class=\"wp-block-column is-layout-flow wp-block-column-is-layout-flow\" style=\"padding-top:var(--wp--preset--spacing--medium);padding-right:var(--wp--preset--spacing--medium);padding-bottom:var(--wp--preset--spacing--medium);padding-left:var(--wp--preset--spacing--medium)\">\n<div class=\"wp-block-media-text is-stacked-on-mobile\"><figure class=\"wp-block-media-text__media\"><img loading=\"lazy\" decoding=\"async\" width=\"400\" height=\"513\" src=\"https:\/\/praxas.com\/wp-content\/uploads\/MicrosoftTeams-image-138.jpg\" alt=\"\" class=\"wp-image-18763 size-full\" srcset=\"https:\/\/praxas.com\/wp-content\/uploads\/MicrosoftTeams-image-138.jpg 400w, https:\/\/praxas.com\/wp-content\/uploads\/MicrosoftTeams-image-138-234x300.jpg 234w, https:\/\/praxas.com\/wp-content\/uploads\/MicrosoftTeams-image-138-94x120.jpg 94w, https:\/\/praxas.com\/wp-content\/uploads\/MicrosoftTeams-image-138-350x449.jpg 350w, https:\/\/praxas.com\/wp-content\/uploads\/MicrosoftTeams-image-138-150x192.jpg 150w\" sizes=\"auto, (max-width: 400px) 100vw, 400px\" \/><\/figure><div class=\"wp-block-media-text__content\">\n<h3 class=\"wp-block-heading has-white-color has-text-color has-link-color wp-elements-7998d30232e4626eb1af4ee15cd95b06\">RESTEZ INFORM\u00c9<\/h3>\n\n\n\n<p class=\"has-white-color has-text-color has-link-color wp-elements-e7fcf425a4e96b02a67cfddc07f39e4f\">Inscrivez-vous \u00e0 notre liste de diffusion pour recevoir les derni\u00e8res mises \u00e0 jour, actualit\u00e9s et offres exclusives de Praxas.<\/p>\n<\/div><\/div>\n<\/div>\n\n\n\n<div class=\"wp-block-column is-layout-flow wp-block-column-is-layout-flow\" style=\"padding-top:var(--wp--preset--spacing--small);padding-right:var(--wp--preset--spacing--small);padding-bottom:var(--wp--preset--spacing--small);padding-left:var(--wp--preset--spacing--small)\">\n<div class=\"wp-block-columns has-background is-layout-flex wp-container-core-columns-is-layout-28f84493 wp-block-columns-is-layout-flex\" style=\"border-radius:30px;background-color:#e6e6e6d4\">\n<div class=\"wp-block-column is-layout-flow wp-block-column-is-layout-flow\"><p><script src=\"https:\/\/js.hsforms.net\/forms\/embed\/22752398.js\" defer><\/script><\/p>\n<div class=\"hs-form-frame\" data-region=\"na1\" data-form-id=\"e27d971c-b869-46e8-82f4-17a091072c74\" data-portal-id=\"22752398\"><\/div>\n<\/div>\n<\/div>\n<\/div>\n<\/div>\n<\/div>\n\n<div style=\"height:60px\" aria-hidden=\"true\" class=\"wp-block-spacer\"><\/div>\n","protected":false},"excerpt":{"rendered":"<p>Notre objectif est d&rsquo;atteindre 0 % d&rsquo;\u00e9cart de temp\u00e9rature dans le stockage et le transport biom\u00e9dical. Nous ne nous contentons pas de prot\u00e9ger vos produits, nous prot\u00e9geons votre r\u00e9putation. En savoir plus sur nous&#8230; Praxas a d\u00e9but\u00e9 il y a plus de 20 ans, en aidant les entreprises \u00e0 prot\u00e9ger leurs cargaisons gr\u00e2ce \u00e0 des [&hellip;]<\/p>\n","protected":false},"author":8383,"featured_media":0,"parent":0,"menu_order":0,"comment_status":"closed","ping_status":"closed","template":"template-fullwidth-no-heading.php","meta":{"_acf_changed":false,"content-type":"","_uag_custom_page_level_css":"","footnotes":""},"class_list":["post-29838","page","type-page","status-publish","hentry"],"acf":[],"spectra_custom_meta":{"hero_image":[""],"_hero_image":["field_64f1a7da7af44"],"_hero_h1":["field_64f19e1edd052"],"_hero_h2":["field_64f19e2ddd053"],"_hero_text":["field_64f19e42dd054"],"_hero_button_text":["field_64f19e4edd055"],"_hero_button_link":["field_64f19e5ddd056"],"_top_nav_excluded":[""],"_cms_nav_minihome":[""],"_wp_page_template":["template-fullwidth-no-heading.php"],"_last_translation_edit_mode":["translation-editor"],"rank_math_og_content_image":["a:2:{s:5:\"check\";s:32:\"cb935b5f851fc03d268d645893b699c7\";s:6:\"images\";a:3:{i:0;i:44636;i:1;i:14340;i:2;i:18763;}}"],"_edit_lock":["1721388410:8383"],"classic-editor-remember":["classic-editor"],"rank_math_seo_score":["73"],"_edit_last":["8383"],"hero_h1":[""],"hero_h2":[""],"hero_text":[""],"hero_button_text":[""],"hero_button_link":[""],"_wpml_media_duplicate":["0"],"_wpml_media_featured":["1"],"rank_math_analytic_object_id":["779"],"_wpml_word_count":["549"],"rank_math_title":["\u00c0 propos de nous | Expertise fiable et \u00e9prouv\u00e9e %sep% %sitename%"],"rank_math_description":["\u00c0 propos de nous : Praxas est sp\u00e9cialis\u00e9 dans les solutions de surveillance de la temp\u00e9rature et de stockage, garantissant la s\u00e9curit\u00e9 et la conformit\u00e9 des produits biom\u00e9dicaux."],"rank_math_focus_keyword":["A propos de nous"],"_yoast_wpseo_title":["%%title%%","%%title%%"],"_uag_css_file_name":["uag-css-29838.css"],"_uag_page_assets":["a:9:{s:3:\"css\";s:263:\".uag-blocks-common-selector{z-index:var(--z-index-desktop) !important}@media (max-width: 976px){.uag-blocks-common-selector{z-index:var(--z-index-tablet) !important}}@media (max-width: 767px){.uag-blocks-common-selector{z-index:var(--z-index-mobile) !important}}\n\";s:2:\"js\";s:0:\"\";s:18:\"current_block_list\";a:12:{i:0;s:10:\"core\/cover\";i:1;s:10:\"core\/group\";i:2;s:12:\"core\/columns\";i:3;s:11:\"core\/column\";i:4;s:12:\"core\/heading\";i:5;s:14:\"core\/paragraph\";i:6;s:11:\"core\/spacer\";i:7;s:10:\"core\/image\";i:8;s:12:\"core\/buttons\";i:9;s:11:\"core\/button\";i:13;s:15:\"core\/media-text\";i:17;s:14:\"core\/shortcode\";}s:8:\"uag_flag\";b:0;s:11:\"uag_version\";s:10:\"1775742760\";s:6:\"gfonts\";a:0:{}s:10:\"gfonts_url\";s:0:\"\";s:12:\"gfonts_files\";a:0:{}s:14:\"uag_faq_layout\";b:0;}"]},"uagb_featured_image_src":{"full":false,"thumbnail":false,"medium":false,"medium_large":false,"large":false,"1536x1536":false,"2048x2048":false,"crunchify-admin-post-featured-image":false,"commercegurus-pdp-large":false,"commercegurus-plp-mobile":false,"cgkit_image_swatch":false,"woocommerce_thumbnail":false,"woocommerce_single":false,"woocommerce_gallery_thumbnail":false},"uagb_author_info":{"display_name":"Alex James","author_link":"https:\/\/praxas.com\/fr\/author\/alex\/"},"uagb_comment_info":0,"uagb_excerpt":"Notre objectif est d&rsquo;atteindre 0 % d&rsquo;\u00e9cart de temp\u00e9rature dans le stockage et le transport biom\u00e9dical. Nous ne nous contentons pas de prot\u00e9ger vos produits, nous prot\u00e9geons votre r\u00e9putation. En savoir plus sur nous&#8230; Praxas a d\u00e9but\u00e9 il y a plus de 20 ans, en aidant les entreprises \u00e0 prot\u00e9ger leurs cargaisons gr\u00e2ce \u00e0 des\u2026","_links":{"self":[{"href":"https:\/\/praxas.com\/fr\/wp-json\/wp\/v2\/pages\/29838","targetHints":{"allow":["GET"]}}],"collection":[{"href":"https:\/\/praxas.com\/fr\/wp-json\/wp\/v2\/pages"}],"about":[{"href":"https:\/\/praxas.com\/fr\/wp-json\/wp\/v2\/types\/page"}],"author":[{"embeddable":true,"href":"https:\/\/praxas.com\/fr\/wp-json\/wp\/v2\/users\/8383"}],"replies":[{"embeddable":true,"href":"https:\/\/praxas.com\/fr\/wp-json\/wp\/v2\/comments?post=29838"}],"version-history":[{"count":27,"href":"https:\/\/praxas.com\/fr\/wp-json\/wp\/v2\/pages\/29838\/revisions"}],"predecessor-version":[{"id":52055,"href":"https:\/\/praxas.com\/fr\/wp-json\/wp\/v2\/pages\/29838\/revisions\/52055"}],"wp:attachment":[{"href":"https:\/\/praxas.com\/fr\/wp-json\/wp\/v2\/media?parent=29838"}],"curies":[{"name":"wp","href":"https:\/\/api.w.org\/{rel}","templated":true}]}}