{"id":29863,"date":"2023-08-22T08:59:48","date_gmt":"2023-08-22T06:59:48","guid":{"rendered":"https:\/\/staging.praxas.com\/logiciel-easylog\/"},"modified":"2025-10-14T12:34:55","modified_gmt":"2025-10-14T10:34:55","slug":"logiciel-easylog","status":"publish","type":"page","link":"https:\/\/praxas.com\/fr\/logiciel\/logiciel-easylog\/","title":{"rendered":"Logiciel EasyLog"},"content":{"rendered":"\n<div class=\"wp-block-cover alignfull\" style=\"min-height:350px;aspect-ratio:unset;\"><img loading=\"lazy\" decoding=\"async\" width=\"3780\" height=\"709\" class=\"wp-block-cover__image-background wp-image-43558\" alt=\"Software new style banner\" src=\"https:\/\/praxas.com\/wp-content\/uploads\/PRAXAS_Software.png\" data-object-fit=\"cover\" srcset=\"https:\/\/praxas.com\/wp-content\/uploads\/PRAXAS_Software.png 3780w, https:\/\/praxas.com\/wp-content\/uploads\/PRAXAS_Software-300x56.png 300w, https:\/\/praxas.com\/wp-content\/uploads\/PRAXAS_Software-1024x192.png 1024w, https:\/\/praxas.com\/wp-content\/uploads\/PRAXAS_Software-768x144.png 768w, https:\/\/praxas.com\/wp-content\/uploads\/PRAXAS_Software-1536x288.png 1536w, https:\/\/praxas.com\/wp-content\/uploads\/PRAXAS_Software-2048x384.png 2048w, https:\/\/praxas.com\/wp-content\/uploads\/PRAXAS_Software-120x23.png 120w, https:\/\/praxas.com\/wp-content\/uploads\/PRAXAS_Software-990x186.png 990w, https:\/\/praxas.com\/wp-content\/uploads\/PRAXAS_Software-441x83.png 441w, https:\/\/praxas.com\/wp-content\/uploads\/PRAXAS_Software-350x66.png 350w, https:\/\/praxas.com\/wp-content\/uploads\/PRAXAS_Software-800x150.png 800w, https:\/\/praxas.com\/wp-content\/uploads\/PRAXAS_Software-150x28.png 150w\" sizes=\"auto, (max-width: 3780px) 100vw, 3780px\" \/><span aria-hidden=\"true\" class=\"wp-block-cover__background has-background-dim-10 has-background-dim\" style=\"background-color:#3a6187\"><\/span><div class=\"wp-block-cover__inner-container has-global-padding is-layout-constrained wp-container-core-cover-is-layout-a4c69c57 wp-block-cover-is-layout-constrained\">\n<div class=\"wp-block-columns is-layout-flex wp-container-core-columns-is-layout-28f84493 wp-block-columns-is-layout-flex\">\n<div class=\"wp-block-column is-layout-flow wp-block-column-is-layout-flow\" style=\"flex-basis:70%\">\n<h1 class=\"wp-block-heading has-white-color has-text-color has-link-color wp-elements-5c6d467f5c473e659e18ba73d944ef30\">Logiciel EasyLog<\/h1>\n\n\n\n<div style=\"height:30px\" aria-hidden=\"true\" class=\"wp-block-spacer\"><\/div>\n\n\n\n<p class=\"has-white-color has-text-color has-link-color wp-elements-840983c2992e881c9913129b3fde4530\">D\u00e9couvrez la gamme compl\u00e8te de solutions logicielles con\u00e7ues pour prendre en charge vos appareils EasyLog. Qu&rsquo;il s&rsquo;agisse de configurer, de surveiller ou d&rsquo;analyser des donn\u00e9es, ces logiciels simplifient la gestion de vos produits EasyLog et la rendent plus efficace. <\/p>\n<\/div>\n\n\n\n<div class=\"wp-block-column is-layout-flow wp-block-column-is-layout-flow\"><\/div>\n<\/div>\n<\/div><\/div>\n\n<div style=\"height:40px\" aria-hidden=\"true\" class=\"wp-block-spacer\"><\/div>\n\n<div class=\"wp-block-group alignfull has-global-padding is-layout-constrained wp-container-core-group-is-layout-a4c69c57 wp-block-group-is-layout-constrained\">\n<div class=\"wp-block-columns is-layout-flex wp-container-core-columns-is-layout-28f84493 wp-block-columns-is-layout-flex\">\n<div class=\"wp-block-column has-background is-layout-flow wp-block-column-is-layout-flow\" style=\"border-radius:15px;background-color:#e5e5e5;padding-top:var(--wp--preset--spacing--medium);padding-right:var(--wp--preset--spacing--medium);padding-bottom:var(--wp--preset--spacing--medium);padding-left:var(--wp--preset--spacing--medium)\">\n<div class=\"wp-block-media-text is-stacked-on-mobile\" style=\"grid-template-columns:30% auto\"><figure class=\"wp-block-media-text__media\"><img loading=\"lazy\" decoding=\"async\" width=\"1024\" height=\"1024\" src=\"https:\/\/praxas.com\/wp-content\/uploads\/Praxas-Cog-USB-1024x1024.png\" alt=\"USB PRAXAS Cog\" class=\"wp-image-43534 size-full\" srcset=\"https:\/\/praxas.com\/wp-content\/uploads\/Praxas-Cog-USB-1024x1024.png 1024w, https:\/\/praxas.com\/wp-content\/uploads\/Praxas-Cog-USB-300x300.png 300w, https:\/\/praxas.com\/wp-content\/uploads\/Praxas-Cog-USB-150x150.png 150w, https:\/\/praxas.com\/wp-content\/uploads\/Praxas-Cog-USB-768x768.png 768w, https:\/\/praxas.com\/wp-content\/uploads\/Praxas-Cog-USB-1536x1536.png 1536w, https:\/\/praxas.com\/wp-content\/uploads\/Praxas-Cog-USB-2048x2048.png 2048w, https:\/\/praxas.com\/wp-content\/uploads\/Praxas-Cog-USB-120x120.png 120w, https:\/\/praxas.com\/wp-content\/uploads\/Praxas-Cog-USB-990x990.png 990w, https:\/\/praxas.com\/wp-content\/uploads\/Praxas-Cog-USB-441x441.png 441w, https:\/\/praxas.com\/wp-content\/uploads\/Praxas-Cog-USB-100x100.png 100w, https:\/\/praxas.com\/wp-content\/uploads\/Praxas-Cog-USB-350x350.png 350w, https:\/\/praxas.com\/wp-content\/uploads\/Praxas-Cog-USB-800x800.png 800w\" sizes=\"auto, (max-width: 1024px) 100vw, 1024px\" \/><\/figure><div class=\"wp-block-media-text__content\">\n<h2 class=\"wp-block-heading has-text-color has-link-color wp-elements-88571849313b456f55d75c997cd89230\" style=\"color:#009ee0\">Logiciel EasyLog USB<\/h2>\n<\/div><\/div>\n\n\n\n<p>Assistant de configuration facile, options d&rsquo;enregistrement personnalis\u00e9es, alarmes, visualisation graphique des donn\u00e9es et exportation vers Excel. Compatible avec Windows 10\/11. <\/p>\n\n\n\n<div class=\"wp-block-buttons is-content-justification-right is-layout-flex wp-container-core-buttons-is-layout-d445cf74 wp-block-buttons-is-layout-flex\">\n<div class=\"wp-block-button\"><a class=\"wp-block-button__link has-background wp-element-button\" href=\"https:\/\/praxas.com\/fr\/logiciel\/logiciel-easylog\/easylog-usb\/\" style=\"border-radius:6px;background-color:#009ee0\"><strong>Voir plus<\/strong><\/a><\/div>\n\n\n\n<div class=\"wp-block-button is-style-outline is-style-outline--1\"><a class=\"wp-block-button__link has-text-color has-link-color wp-element-button\" href=\"https:\/\/s3.amazonaws.com\/lascar_downloads\/EasyLogUSB+Installer.exe\" style=\"border-radius:6px;color:#009ee0\" target=\"_blank\" rel=\"noopener\"><strong>T\u00e9l\u00e9charger le logiciel  <i class=\"fa-solid fa-download\" style=\"color: #009ee0;\"><\/i><\/strong><\/a><\/div>\n<\/div>\n<\/div>\n\n\n\n<div class=\"wp-block-column has-background is-layout-flow wp-block-column-is-layout-flow\" style=\"border-radius:15px;background-color:#e5e5e5;padding-top:var(--wp--preset--spacing--medium);padding-right:var(--wp--preset--spacing--medium);padding-bottom:var(--wp--preset--spacing--medium);padding-left:var(--wp--preset--spacing--medium)\">\n<div class=\"wp-block-media-text is-stacked-on-mobile\" style=\"grid-template-columns:30% auto\"><figure class=\"wp-block-media-text__media\"><img loading=\"lazy\" decoding=\"async\" width=\"1024\" height=\"1024\" src=\"https:\/\/praxas.com\/wp-content\/uploads\/Praxas-Cog-WiFi-1024x1024.png\" alt=\"WiFi PRAXAS Cog\" class=\"wp-image-43528 size-full\" srcset=\"https:\/\/praxas.com\/wp-content\/uploads\/Praxas-Cog-WiFi-1024x1024.png 1024w, https:\/\/praxas.com\/wp-content\/uploads\/Praxas-Cog-WiFi-300x300.png 300w, https:\/\/praxas.com\/wp-content\/uploads\/Praxas-Cog-WiFi-150x150.png 150w, https:\/\/praxas.com\/wp-content\/uploads\/Praxas-Cog-WiFi-768x768.png 768w, https:\/\/praxas.com\/wp-content\/uploads\/Praxas-Cog-WiFi-1536x1536.png 1536w, https:\/\/praxas.com\/wp-content\/uploads\/Praxas-Cog-WiFi-2048x2048.png 2048w, https:\/\/praxas.com\/wp-content\/uploads\/Praxas-Cog-WiFi-120x120.png 120w, https:\/\/praxas.com\/wp-content\/uploads\/Praxas-Cog-WiFi-990x990.png 990w, https:\/\/praxas.com\/wp-content\/uploads\/Praxas-Cog-WiFi-441x441.png 441w, https:\/\/praxas.com\/wp-content\/uploads\/Praxas-Cog-WiFi-100x100.png 100w, https:\/\/praxas.com\/wp-content\/uploads\/Praxas-Cog-WiFi-350x350.png 350w, https:\/\/praxas.com\/wp-content\/uploads\/Praxas-Cog-WiFi-800x800.png 800w\" sizes=\"auto, (max-width: 1024px) 100vw, 1024px\" \/><\/figure><div class=\"wp-block-media-text__content\">\n<h2 class=\"wp-block-heading has-text-color has-link-color wp-elements-364be9666d9a9e4a3e7dbd70e2112608\" style=\"color:#009ee0\">Logiciel EasyLog Wi-Fi<\/h2>\n<\/div><\/div>\n\n\n\n<p>Installation rapide des appareils EL-WiFi via le logiciel PC. Processus d&rsquo;installation simple et intuitif, compatible avec Windows 10\/11. <\/p>\n\n\n\n<div class=\"wp-block-buttons is-content-justification-right is-layout-flex wp-container-core-buttons-is-layout-d445cf74 wp-block-buttons-is-layout-flex\">\n<div class=\"wp-block-button\"><a class=\"wp-block-button__link has-background wp-element-button\" href=\"https:\/\/praxas.com\/fr\/logiciel\/logiciel-easylog\/easylog-wifi\/\" style=\"border-radius:6px;background-color:#009ee0\"><strong>Voir plus<\/strong><\/a><\/div>\n\n\n\n<div class=\"wp-block-button is-style-outline is-style-outline--2\"><a class=\"wp-block-button__link has-text-color has-link-color wp-element-button\" href=\"https:\/\/easylogcloud.s3.amazonaws.com\/WiFi_Sensor_Software_v1-40-15.exe\" style=\"border-radius:6px;color:#009ee0\" target=\"_blank\" rel=\"noopener\"><strong>T\u00e9l\u00e9charger le logiciel  <i class=\"fa-solid fa-download\" style=\"color: #009ee0;\"><\/i><\/strong><\/a><\/div>\n<\/div>\n<\/div>\n<\/div>\n<\/div>\n\n<div style=\"height:75px\" aria-hidden=\"true\" class=\"wp-block-spacer\"><\/div>\n\n<div class=\"wp-block-group alignfull has-background has-global-padding is-layout-constrained wp-container-core-group-is-layout-9f45cca8 wp-block-group-is-layout-constrained\" style=\"background-color:#e5e5e5;padding-top:var(--wp--preset--spacing--large);padding-right:0;padding-bottom:var(--wp--preset--spacing--large);padding-left:0\">\n<div class=\"wp-block-columns is-layout-flex wp-container-core-columns-is-layout-28f84493 wp-block-columns-is-layout-flex\">\n<div class=\"wp-block-column has-white-background-color has-background is-layout-flow wp-block-column-is-layout-flow\" style=\"border-radius:10px;padding-top:var(--wp--preset--spacing--small);padding-right:var(--wp--preset--spacing--small);padding-bottom:var(--wp--preset--spacing--small);padding-left:var(--wp--preset--spacing--small)\">\n<div class=\"wp-block-media-text is-stacked-on-mobile\" style=\"padding-top:0;padding-bottom:0;grid-template-columns:25% auto\"><figure class=\"wp-block-media-text__media\"><img loading=\"lazy\" decoding=\"async\" width=\"1024\" height=\"1024\" src=\"https:\/\/praxas.com\/wp-content\/uploads\/Praxas-Cog-1024x1024.png\" alt=\"Plain PRAXAS Cog\" class=\"wp-image-43522 size-full\" srcset=\"https:\/\/praxas.com\/wp-content\/uploads\/Praxas-Cog-1024x1024.png 1024w, https:\/\/praxas.com\/wp-content\/uploads\/Praxas-Cog-300x300.png 300w, https:\/\/praxas.com\/wp-content\/uploads\/Praxas-Cog-150x150.png 150w, https:\/\/praxas.com\/wp-content\/uploads\/Praxas-Cog-768x768.png 768w, https:\/\/praxas.com\/wp-content\/uploads\/Praxas-Cog-1536x1536.png 1536w, https:\/\/praxas.com\/wp-content\/uploads\/Praxas-Cog-2048x2048.png 2048w, https:\/\/praxas.com\/wp-content\/uploads\/Praxas-Cog-120x120.png 120w, https:\/\/praxas.com\/wp-content\/uploads\/Praxas-Cog-990x990.png 990w, https:\/\/praxas.com\/wp-content\/uploads\/Praxas-Cog-441x441.png 441w, https:\/\/praxas.com\/wp-content\/uploads\/Praxas-Cog-100x100.png 100w, https:\/\/praxas.com\/wp-content\/uploads\/Praxas-Cog-350x350.png 350w, https:\/\/praxas.com\/wp-content\/uploads\/Praxas-Cog-800x800.png 800w\" sizes=\"auto, (max-width: 1024px) 100vw, 1024px\" \/><\/figure><div class=\"wp-block-media-text__content\">\n<h3 class=\"wp-block-heading has-text-align-center has-text-color has-link-color has-large-font-size wp-elements-4bc1458b0d91eec3f87c057f45585565\" style=\"color:#009ee0\">Cha\u00eene du froid<\/h3>\n<\/div><\/div>\n\n\n\n<p class=\"has-text-align-center\">Pour les enregistreurs EL-CC, aucune configuration n&rsquo;est n\u00e9cessaire. Commencez \u00e0 enregistrer, t\u00e9l\u00e9chargez ou consultez les donn\u00e9es ant\u00e9rieures. Visualisation graphique des donn\u00e9es et exportation vers Excel. Compatible avec Windows 10\/11.   <\/p>\n\n\n\n<div class=\"wp-block-buttons is-content-justification-right is-layout-flex wp-container-core-buttons-is-layout-d445cf74 wp-block-buttons-is-layout-flex\">\n<div class=\"wp-block-button\"><a class=\"wp-block-button__link has-background wp-element-button\" href=\"https:\/\/praxas.com\/fr\/logiciel\/logiciel-easylog\/chaine-du-froid-easylog\/\" style=\"border-radius:6px;background-color:#009ee0\"><strong>En savoir plus<\/strong><\/a><\/div>\n<\/div>\n<\/div>\n\n\n\n<div class=\"wp-block-column has-white-background-color has-background is-layout-flow wp-block-column-is-layout-flow\" style=\"border-radius:10px;padding-top:var(--wp--preset--spacing--small);padding-right:var(--wp--preset--spacing--small);padding-bottom:var(--wp--preset--spacing--small);padding-left:var(--wp--preset--spacing--small)\">\n<div class=\"wp-block-media-text is-stacked-on-mobile\" style=\"grid-template-columns:25% auto\"><figure class=\"wp-block-media-text__media\"><img loading=\"lazy\" decoding=\"async\" width=\"1024\" height=\"1024\" src=\"https:\/\/praxas.com\/wp-content\/uploads\/Praxas-Cog-1024x1024.png\" alt=\"Plain PRAXAS Cog\" class=\"wp-image-43522 size-full\" srcset=\"https:\/\/praxas.com\/wp-content\/uploads\/Praxas-Cog-1024x1024.png 1024w, https:\/\/praxas.com\/wp-content\/uploads\/Praxas-Cog-300x300.png 300w, https:\/\/praxas.com\/wp-content\/uploads\/Praxas-Cog-150x150.png 150w, https:\/\/praxas.com\/wp-content\/uploads\/Praxas-Cog-768x768.png 768w, https:\/\/praxas.com\/wp-content\/uploads\/Praxas-Cog-1536x1536.png 1536w, https:\/\/praxas.com\/wp-content\/uploads\/Praxas-Cog-2048x2048.png 2048w, https:\/\/praxas.com\/wp-content\/uploads\/Praxas-Cog-120x120.png 120w, https:\/\/praxas.com\/wp-content\/uploads\/Praxas-Cog-990x990.png 990w, https:\/\/praxas.com\/wp-content\/uploads\/Praxas-Cog-441x441.png 441w, https:\/\/praxas.com\/wp-content\/uploads\/Praxas-Cog-100x100.png 100w, https:\/\/praxas.com\/wp-content\/uploads\/Praxas-Cog-350x350.png 350w, https:\/\/praxas.com\/wp-content\/uploads\/Praxas-Cog-800x800.png 800w\" sizes=\"auto, (max-width: 1024px) 100vw, 1024px\" \/><\/figure><div class=\"wp-block-media-text__content\">\n<h3 class=\"wp-block-heading has-text-align-center has-text-color has-link-color has-large-font-size wp-elements-77b88e05962b22b04fbbf89864f0ebf4\" style=\"color:#009ee0\">EasyLog SMS<\/h3>\n<\/div><\/div>\n\n\n\n<p class=\"has-text-align-center\">Application gratuite pour g\u00e9rer les appareils EL-SMS, configurer les alarmes, recevoir des alertes et consulter l&rsquo;historique. Pour les appareils Android et iOS. <\/p>\n\n\n\n<div class=\"wp-block-buttons is-content-justification-right is-layout-flex wp-container-core-buttons-is-layout-d445cf74 wp-block-buttons-is-layout-flex\">\n<div class=\"wp-block-button\"><a class=\"wp-block-button__link has-background wp-element-button\" href=\"https:\/\/praxas.com\/fr\/logiciel\/logiciel-easylog\/easylog-sms\/\" style=\"border-radius:6px;background-color:#009ee0\"><strong>En savoir plus<\/strong><\/a><\/div>\n<\/div>\n<\/div>\n\n\n\n<div class=\"wp-block-column has-white-background-color has-background is-layout-flow wp-block-column-is-layout-flow\" style=\"border-radius:10px;padding-top:var(--wp--preset--spacing--small);padding-right:var(--wp--preset--spacing--small);padding-bottom:var(--wp--preset--spacing--small);padding-left:var(--wp--preset--spacing--small)\">\n<div class=\"wp-block-media-text is-stacked-on-mobile\" style=\"grid-template-columns:25% auto\"><figure class=\"wp-block-media-text__media\"><img loading=\"lazy\" decoding=\"async\" width=\"1024\" height=\"1024\" src=\"https:\/\/praxas.com\/wp-content\/uploads\/Praxas-Cog-1024x1024.png\" alt=\"Plain PRAXAS Cog\" class=\"wp-image-43522 size-full\" srcset=\"https:\/\/praxas.com\/wp-content\/uploads\/Praxas-Cog-1024x1024.png 1024w, https:\/\/praxas.com\/wp-content\/uploads\/Praxas-Cog-300x300.png 300w, https:\/\/praxas.com\/wp-content\/uploads\/Praxas-Cog-150x150.png 150w, https:\/\/praxas.com\/wp-content\/uploads\/Praxas-Cog-768x768.png 768w, https:\/\/praxas.com\/wp-content\/uploads\/Praxas-Cog-1536x1536.png 1536w, https:\/\/praxas.com\/wp-content\/uploads\/Praxas-Cog-2048x2048.png 2048w, https:\/\/praxas.com\/wp-content\/uploads\/Praxas-Cog-120x120.png 120w, https:\/\/praxas.com\/wp-content\/uploads\/Praxas-Cog-990x990.png 990w, https:\/\/praxas.com\/wp-content\/uploads\/Praxas-Cog-441x441.png 441w, https:\/\/praxas.com\/wp-content\/uploads\/Praxas-Cog-100x100.png 100w, https:\/\/praxas.com\/wp-content\/uploads\/Praxas-Cog-350x350.png 350w, https:\/\/praxas.com\/wp-content\/uploads\/Praxas-Cog-800x800.png 800w\" sizes=\"auto, (max-width: 1024px) 100vw, 1024px\" \/><\/figure><div class=\"wp-block-media-text__content\">\n<h3 class=\"wp-block-heading has-text-align-center has-text-color has-link-color has-large-font-size wp-elements-8a28e856c22377ff9ee0e990f2ff2ed3\" style=\"color:#009ee0\">EasyLog BT<\/h3>\n<\/div><\/div>\n\n\n\n<p class=\"has-text-align-center\">G\u00e9rez votre enregistreur EL-BT-2, configurez les param\u00e8tres, t\u00e9l\u00e9chargez les donn\u00e9es et exportez-les par e-mail ou via le cloud. Pour les appareils Android. <\/p>\n\n\n\n<div class=\"wp-block-buttons is-content-justification-right is-layout-flex wp-container-core-buttons-is-layout-d445cf74 wp-block-buttons-is-layout-flex\">\n<div class=\"wp-block-button\"><a class=\"wp-block-button__link has-background wp-element-button\" href=\"https:\/\/praxas.com\/fr\/logiciel\/logiciel-easylog\/easylog-bt\/\" style=\"border-radius:6px;background-color:#009ee0\"><strong>En savoir plus<\/strong><\/a><\/div>\n<\/div>\n<\/div>\n<\/div>\n<\/div>\n\n<div style=\"height:50px\" aria-hidden=\"true\" class=\"wp-block-spacer\"><\/div>\n\n<div class=\"wp-block-group alignfull has-global-padding is-layout-constrained wp-container-core-group-is-layout-a4c69c57 wp-block-group-is-layout-constrained\">\n<div class=\"wp-block-columns is-layout-flex wp-container-core-columns-is-layout-28f84493 wp-block-columns-is-layout-flex\">\n<div class=\"wp-block-column is-layout-flow wp-block-column-is-layout-flow\">\n<div class=\"wp-block-columns is-layout-flex wp-container-core-columns-is-layout-28f84493 wp-block-columns-is-layout-flex\">\n<div class=\"wp-block-column is-layout-flow wp-block-column-is-layout-flow\" style=\"flex-basis:33.33%\">\n<figure class=\"wp-block-image aligncenter size-full is-resized has-custom-border\"><img loading=\"lazy\" decoding=\"async\" width=\"2048\" height=\"2048\" src=\"https:\/\/praxas.com\/wp-content\/uploads\/PraxasCloud.jpg\" alt=\"Page d'accueil PraxasCloud EasyLog\" class=\"wp-image-43353\" style=\"border-radius:10px;aspect-ratio:1;object-fit:cover;width:293px;height:auto\" srcset=\"https:\/\/praxas.com\/wp-content\/uploads\/PraxasCloud.jpg 2048w, https:\/\/praxas.com\/wp-content\/uploads\/PraxasCloud-300x300.jpg 300w, https:\/\/praxas.com\/wp-content\/uploads\/PraxasCloud-1024x1024.jpg 1024w, https:\/\/praxas.com\/wp-content\/uploads\/PraxasCloud-150x150.jpg 150w, https:\/\/praxas.com\/wp-content\/uploads\/PraxasCloud-768x768.jpg 768w, https:\/\/praxas.com\/wp-content\/uploads\/PraxasCloud-1536x1536.jpg 1536w, https:\/\/praxas.com\/wp-content\/uploads\/PraxasCloud-120x120.jpg 120w, https:\/\/praxas.com\/wp-content\/uploads\/PraxasCloud-990x990.jpg 990w, https:\/\/praxas.com\/wp-content\/uploads\/PraxasCloud-441x441.jpg 441w, https:\/\/praxas.com\/wp-content\/uploads\/PraxasCloud-100x100.jpg 100w, https:\/\/praxas.com\/wp-content\/uploads\/PraxasCloud-350x350.jpg 350w, https:\/\/praxas.com\/wp-content\/uploads\/PraxasCloud-800x800.jpg 800w\" sizes=\"auto, (max-width: 2048px) 100vw, 2048px\" \/><\/figure>\n<\/div>\n\n\n\n<div class=\"wp-block-column is-layout-flow wp-block-column-is-layout-flow\" style=\"flex-basis:66.66%\">\n<h4 class=\"wp-block-heading has-text-align-left has-text-color has-link-color has-large-font-size wp-elements-7ea075931dba91ae8204b4e322d37e4b\" style=\"color:#009ee0\">EasyLog Cloud<\/h4>\n\n\n\n<p>Le logiciel EasyLog Wi-Fi et l&rsquo;interface Cloud offrent une surveillance \u00e0 distance par le biais d&rsquo;un stockage s\u00e9curis\u00e9 dans le Cloud. Acc\u00e9dez aux donn\u00e9es 24 heures sur 24, 7 jours sur 7, \u00e0 partir de n&rsquo;importe quel appareil, avec des solutions \u00e9volutives pour les petits syst\u00e8mes comme pour les grandes entreprises disposant d&rsquo;appareils dans le monde entier. <\/p>\n\n\n\n<div class=\"wp-block-buttons is-content-justification-right is-layout-flex wp-container-core-buttons-is-layout-d445cf74 wp-block-buttons-is-layout-flex\">\n<div class=\"wp-block-button\"><a class=\"wp-block-button__link has-background wp-element-button\" href=\"https:\/\/praxas.com\/fr\/easylog-cloud-fr\/\" style=\"border-radius:6px;background-color:#009ee0\"><strong>En savoir plus<\/strong><\/a><\/div>\n<\/div>\n<\/div>\n<\/div>\n<\/div>\n<\/div>\n<\/div>\n\n<div style=\"height:50px\" aria-hidden=\"true\" class=\"wp-block-spacer\"><\/div>\n","protected":false},"excerpt":{"rendered":"<p>Logiciel EasyLog USB Assistant de configuration facile, options d&rsquo;enregistrement personnalis\u00e9es, alarmes, visualisation graphique des donn\u00e9es et exportation vers Excel. Compatible avec Windows 10\/11. Logiciel EasyLog Wi-Fi Installation rapide des appareils EL-WiFi via le logiciel PC. Processus d&rsquo;installation simple et intuitif, compatible avec Windows 10\/11. Cha\u00eene du froid Pour les enregistreurs EL-CC, aucune configuration n&rsquo;est n\u00e9cessaire. [&hellip;]<\/p>\n","protected":false},"author":8383,"featured_media":0,"parent":29880,"menu_order":0,"comment_status":"closed","ping_status":"closed","template":"template-fullwidth-no-heading.php","meta":{"_acf_changed":false,"content-type":"","_uag_custom_page_level_css":"","footnotes":""},"class_list":["post-29863","page","type-page","status-publish","hentry"],"acf":[],"spectra_custom_meta":{"hero_image":[""],"_hero_image":["field_64f1a7da7af44"],"_hero_h1":["field_64f19e1edd052"],"_hero_h2":["field_64f19e2ddd053"],"_hero_text":["field_64f19e42dd054"],"_hero_button_text":["field_64f19e4edd055"],"_hero_button_link":["field_64f19e5ddd056"],"_top_nav_excluded":[""],"_cms_nav_minihome":[""],"_wp_page_template":["template-fullwidth-no-heading.php"],"_last_translation_edit_mode":["translation-editor"],"rank_math_og_content_image":["a:2:{s:5:\"check\";s:32:\"bc21e1c010b9d9e4484eca64b3a6bbd9\";s:6:\"images\";a:2:{i:0;i:43558;i:1;i:43534;}}"],"_wpml_word_count":["305"],"rank_math_title":["Logiciel EasyLog | Enregistreurs de donn\u00e9es EasyLog | Lascar Electronics"],"rank_math_description":["Consultez tous les logiciels disponibles pour les enregistreurs de donn\u00e9es EasyLog de Lascar Electronics et t\u00e9l\u00e9chargez-les gratuitement d\u00e8s aujourd'hui. Pour des solutions plus personnalis\u00e9es, contactez notre \u00e9quipe de vente d\u00e8s aujourd'hui"],"rank_math_focus_keyword":["Logiciel EasyLog"],"_uag_css_file_name":["uag-css-29863.css"],"_uag_page_assets":["a:9:{s:3:\"css\";s:0:\"\";s:2:\"js\";s:0:\"\";s:18:\"current_block_list\";a:11:{i:0;s:10:\"core\/cover\";i:1;s:12:\"core\/columns\";i:2;s:11:\"core\/column\";i:3;s:12:\"core\/heading\";i:4;s:11:\"core\/spacer\";i:5;s:14:\"core\/paragraph\";i:6;s:10:\"core\/group\";i:9;s:15:\"core\/media-text\";i:10;s:12:\"core\/buttons\";i:11;s:11:\"core\/button\";i:17;s:10:\"core\/image\";}s:8:\"uag_flag\";b:0;s:11:\"uag_version\";s:10:\"1776254989\";s:6:\"gfonts\";a:0:{}s:10:\"gfonts_url\";s:0:\"\";s:12:\"gfonts_files\";a:0:{}s:14:\"uag_faq_layout\";b:0;}"]},"uagb_featured_image_src":{"full":false,"thumbnail":false,"medium":false,"medium_large":false,"large":false,"1536x1536":false,"2048x2048":false,"crunchify-admin-post-featured-image":false,"commercegurus-pdp-large":false,"commercegurus-plp-mobile":false,"cgkit_image_swatch":false,"woocommerce_thumbnail":false,"woocommerce_single":false,"woocommerce_gallery_thumbnail":false},"uagb_author_info":{"display_name":"Alex James","author_link":"https:\/\/praxas.com\/fr\/author\/alex\/"},"uagb_comment_info":0,"uagb_excerpt":"Logiciel EasyLog USB Assistant de configuration facile, options d&rsquo;enregistrement personnalis\u00e9es, alarmes, visualisation graphique des donn\u00e9es et exportation vers Excel. Compatible avec Windows 10\/11. Logiciel EasyLog Wi-Fi Installation rapide des appareils EL-WiFi via le logiciel PC. Processus d&rsquo;installation simple et intuitif, compatible avec Windows 10\/11. Cha\u00eene du froid Pour les enregistreurs EL-CC, aucune configuration n&rsquo;est n\u00e9cessaire.\u2026","_links":{"self":[{"href":"https:\/\/praxas.com\/fr\/wp-json\/wp\/v2\/pages\/29863","targetHints":{"allow":["GET"]}}],"collection":[{"href":"https:\/\/praxas.com\/fr\/wp-json\/wp\/v2\/pages"}],"about":[{"href":"https:\/\/praxas.com\/fr\/wp-json\/wp\/v2\/types\/page"}],"author":[{"embeddable":true,"href":"https:\/\/praxas.com\/fr\/wp-json\/wp\/v2\/users\/8383"}],"replies":[{"embeddable":true,"href":"https:\/\/praxas.com\/fr\/wp-json\/wp\/v2\/comments?post=29863"}],"version-history":[{"count":3,"href":"https:\/\/praxas.com\/fr\/wp-json\/wp\/v2\/pages\/29863\/revisions"}],"predecessor-version":[{"id":51953,"href":"https:\/\/praxas.com\/fr\/wp-json\/wp\/v2\/pages\/29863\/revisions\/51953"}],"up":[{"embeddable":true,"href":"https:\/\/praxas.com\/fr\/wp-json\/wp\/v2\/pages\/29880"}],"wp:attachment":[{"href":"https:\/\/praxas.com\/fr\/wp-json\/wp\/v2\/media?parent=29863"}],"curies":[{"name":"wp","href":"https:\/\/api.w.org\/{rel}","templated":true}]}}