{"id":43841,"date":"2024-12-17T14:13:39","date_gmt":"2024-12-17T14:13:39","guid":{"rendered":"https:\/\/praxas.com\/support-easylog\/"},"modified":"2025-06-20T10:37:00","modified_gmt":"2025-06-20T10:37:00","slug":"support-easylog","status":"publish","type":"page","link":"https:\/\/praxas.com\/fr\/soutien\/support-easylog\/","title":{"rendered":"Support EasyLog"},"content":{"rendered":"\n<div class=\"wp-block-cover alignfull\" style=\"min-height:350px;aspect-ratio:unset;\"><span aria-hidden=\"true\" class=\"wp-block-cover__background has-background-dim-10 has-background-dim\" style=\"background-color:#58779e\"><\/span><img loading=\"lazy\" decoding=\"async\" width=\"3780\" height=\"709\" class=\"wp-block-cover__image-background wp-image-44740\" alt=\"Support - New Style Banner - Biomedical\" src=\"https:\/\/praxas.com\/wp-content\/uploads\/PRAXAS_SupportBIO3.png\" data-object-fit=\"cover\" srcset=\"https:\/\/praxas.com\/wp-content\/uploads\/PRAXAS_SupportBIO3.png 3780w, https:\/\/praxas.com\/wp-content\/uploads\/PRAXAS_SupportBIO3-300x56.png 300w, https:\/\/praxas.com\/wp-content\/uploads\/PRAXAS_SupportBIO3-1024x192.png 1024w, https:\/\/praxas.com\/wp-content\/uploads\/PRAXAS_SupportBIO3-768x144.png 768w, https:\/\/praxas.com\/wp-content\/uploads\/PRAXAS_SupportBIO3-1536x288.png 1536w, https:\/\/praxas.com\/wp-content\/uploads\/PRAXAS_SupportBIO3-2048x384.png 2048w, https:\/\/praxas.com\/wp-content\/uploads\/PRAXAS_SupportBIO3-120x23.png 120w, https:\/\/praxas.com\/wp-content\/uploads\/PRAXAS_SupportBIO3-990x186.png 990w, https:\/\/praxas.com\/wp-content\/uploads\/PRAXAS_SupportBIO3-441x83.png 441w, https:\/\/praxas.com\/wp-content\/uploads\/PRAXAS_SupportBIO3-350x66.png 350w, https:\/\/praxas.com\/wp-content\/uploads\/PRAXAS_SupportBIO3-800x150.png 800w, https:\/\/praxas.com\/wp-content\/uploads\/PRAXAS_SupportBIO3-150x28.png 150w\" sizes=\"auto, (max-width: 3780px) 100vw, 3780px\" \/><div class=\"wp-block-cover__inner-container has-global-padding is-layout-constrained wp-container-core-cover-is-layout-a4c69c57 wp-block-cover-is-layout-constrained\">\n<div class=\"wp-block-columns is-layout-flex wp-container-core-columns-is-layout-28f84493 wp-block-columns-is-layout-flex\">\n<div class=\"wp-block-column is-layout-flow wp-block-column-is-layout-flow\" style=\"flex-basis:70%\">\n<h1 class=\"wp-block-heading has-white-color has-text-color has-link-color wp-elements-d39b267a0262d53b0f9a96081502cea2\">Support EasyLog<\/h1>\n\n\n\n<div style=\"height:30px\" aria-hidden=\"true\" class=\"wp-block-spacer\"><\/div>\n\n\n\n<p class=\"has-white-color has-text-color has-link-color wp-elements-685d07fe3244f242bd244bd467d00820\">Nous sommes l\u00e0 pour vous aider \u00e0 r\u00e9pondre \u00e0 toutes les questions ou probl\u00e8mes que vous pourriez avoir concernant nos produits EasyLog. Vous trouverez ci-dessous des ressources et des informations de contact pour vous aider \u00e0 trouver les r\u00e9ponses dont vous avez besoin. <\/p>\n<\/div>\n\n\n\n<div class=\"wp-block-column is-layout-flow wp-block-column-is-layout-flow\"><\/div>\n<\/div>\n<\/div><\/div>\n\n<div style=\"height:70px\" aria-hidden=\"true\" class=\"wp-block-spacer\"><\/div>\n\n<div class=\"wp-block-group alignfull has-global-padding is-layout-constrained wp-container-core-group-is-layout-a4c69c57 wp-block-group-is-layout-constrained\">\n<div class=\"wp-block-columns is-layout-flex wp-container-core-columns-is-layout-28f84493 wp-block-columns-is-layout-flex\">\n<div class=\"wp-block-column has-background is-layout-flow wp-container-core-column-is-layout-41d5d575 wp-block-column-is-layout-flow\" style=\"border-radius:15px;background-color:#e5e5e5;padding-top:var(--wp--preset--spacing--small);padding-right:var(--wp--preset--spacing--small);padding-bottom:var(--wp--preset--spacing--small);padding-left:var(--wp--preset--spacing--small)\">\n<figure class=\"wp-block-image aligncenter size-full is-resized\"><img loading=\"lazy\" decoding=\"async\" width=\"500\" height=\"500\" src=\"https:\/\/praxas.com\/wp-content\/uploads\/EL-USB-Support-1.png\" alt=\"Image pour le support USB\" class=\"wp-image-43777\" style=\"width:200px\" srcset=\"https:\/\/praxas.com\/wp-content\/uploads\/EL-USB-Support-1.png 500w, https:\/\/praxas.com\/wp-content\/uploads\/EL-USB-Support-1-300x300.png 300w, https:\/\/praxas.com\/wp-content\/uploads\/EL-USB-Support-1-150x150.png 150w, https:\/\/praxas.com\/wp-content\/uploads\/EL-USB-Support-1-120x120.png 120w, https:\/\/praxas.com\/wp-content\/uploads\/EL-USB-Support-1-441x441.png 441w, https:\/\/praxas.com\/wp-content\/uploads\/EL-USB-Support-1-100x100.png 100w, https:\/\/praxas.com\/wp-content\/uploads\/EL-USB-Support-1-350x350.png 350w\" sizes=\"auto, (max-width: 500px) 100vw, 500px\" \/><\/figure>\n\n\n\n<h2 class=\"wp-block-heading has-text-align-center has-text-color has-link-color has-medium-font-size wp-elements-ec9adee515b46ebc6a8e9723411bdd1d\" style=\"color:#009ee0\">Enregistreurs de donn\u00e9es EL-USB<\/h2>\n\n\n\n<div class=\"wp-block-buttons is-content-justification-center is-layout-flex wp-container-core-buttons-is-layout-a89b3969 wp-block-buttons-is-layout-flex\">\n<div class=\"wp-block-button has-custom-font-size has-small-font-size\"><a class=\"wp-block-button__link has-background has-text-align-center wp-element-button\" href=\"https:\/\/praxas.com\/fr\/soutien\/support-pour-lenregistreur-de-donnees-el-usb\/\" style=\"border-radius:6px;background-color:#009ee0\"><strong>FAQ<\/strong><\/a><\/div>\n<\/div>\n<\/div>\n\n\n\n<div class=\"wp-block-column has-background is-layout-flow wp-container-core-column-is-layout-41d5d575 wp-block-column-is-layout-flow\" style=\"border-radius:15px;background-color:#e5e5e5;padding-top:var(--wp--preset--spacing--small);padding-right:var(--wp--preset--spacing--small);padding-bottom:var(--wp--preset--spacing--small);padding-left:var(--wp--preset--spacing--small)\">\n<figure class=\"wp-block-image aligncenter size-full is-resized\"><img loading=\"lazy\" decoding=\"async\" width=\"500\" height=\"500\" src=\"https:\/\/praxas.com\/wp-content\/uploads\/EL-WiFi-Support-1.png\" alt=\"Image pour le support WiFi\" class=\"wp-image-43765\" style=\"width:200px\" srcset=\"https:\/\/praxas.com\/wp-content\/uploads\/EL-WiFi-Support-1.png 500w, https:\/\/praxas.com\/wp-content\/uploads\/EL-WiFi-Support-1-300x300.png 300w, https:\/\/praxas.com\/wp-content\/uploads\/EL-WiFi-Support-1-150x150.png 150w, https:\/\/praxas.com\/wp-content\/uploads\/EL-WiFi-Support-1-120x120.png 120w, https:\/\/praxas.com\/wp-content\/uploads\/EL-WiFi-Support-1-441x441.png 441w, https:\/\/praxas.com\/wp-content\/uploads\/EL-WiFi-Support-1-100x100.png 100w, https:\/\/praxas.com\/wp-content\/uploads\/EL-WiFi-Support-1-350x350.png 350w\" sizes=\"auto, (max-width: 500px) 100vw, 500px\" \/><\/figure>\n\n\n\n<h2 class=\"wp-block-heading has-text-align-center has-text-color has-link-color has-medium-font-size wp-elements-03f20ceb03b5af78735d39f851d82dfa\" style=\"color:#009ee0\">Enregistreurs de donn\u00e9es EL-WiFi<\/h2>\n\n\n\n<div class=\"wp-block-buttons is-content-justification-center is-layout-flex wp-container-core-buttons-is-layout-a89b3969 wp-block-buttons-is-layout-flex\">\n<div class=\"wp-block-button has-custom-font-size has-small-font-size\"><a class=\"wp-block-button__link has-background wp-element-button\" href=\"https:\/\/praxas.com\/fr\/soutien\/support-de-lenregistreur-de-donnees-el-wifi\/\" style=\"border-radius:6px;background-color:#009ee0\"><strong>FAQ<\/strong><\/a><\/div>\n<\/div>\n<\/div>\n\n\n\n<div class=\"wp-block-column has-background is-layout-flow wp-container-core-column-is-layout-41d5d575 wp-block-column-is-layout-flow\" style=\"border-radius:15px;background-color:#e5e5e5;padding-top:var(--wp--preset--spacing--small);padding-right:var(--wp--preset--spacing--small);padding-bottom:var(--wp--preset--spacing--small);padding-left:var(--wp--preset--spacing--small)\">\n<figure class=\"wp-block-image aligncenter size-full is-resized\"><img loading=\"lazy\" decoding=\"async\" width=\"500\" height=\"500\" src=\"https:\/\/praxas.com\/wp-content\/uploads\/21CFR-Support2.png\" alt=\"Image pour 21CFR Support - Deuxi&#xE8;me tentative\" class=\"wp-image-43815\" style=\"width:200px\" srcset=\"https:\/\/praxas.com\/wp-content\/uploads\/21CFR-Support2.png 500w, https:\/\/praxas.com\/wp-content\/uploads\/21CFR-Support2-300x300.png 300w, https:\/\/praxas.com\/wp-content\/uploads\/21CFR-Support2-150x150.png 150w, https:\/\/praxas.com\/wp-content\/uploads\/21CFR-Support2-120x120.png 120w, https:\/\/praxas.com\/wp-content\/uploads\/21CFR-Support2-441x441.png 441w, https:\/\/praxas.com\/wp-content\/uploads\/21CFR-Support2-100x100.png 100w, https:\/\/praxas.com\/wp-content\/uploads\/21CFR-Support2-350x350.png 350w\" sizes=\"auto, (max-width: 500px) 100vw, 500px\" \/><\/figure>\n\n\n\n<h2 class=\"wp-block-heading has-text-align-center has-text-color has-link-color has-medium-font-size wp-elements-3c04b802e2ddc67c46211f5464d214dc\" style=\"color:#009ee0\">Enregistreurs de donn\u00e9es 21 CFR<\/h2>\n\n\n\n<div class=\"wp-block-buttons is-content-justification-center is-layout-flex wp-container-core-buttons-is-layout-098cc607 wp-block-buttons-is-layout-flex\">\n<div class=\"wp-block-button has-custom-font-size has-small-font-size\"><a class=\"wp-block-button__link has-background wp-element-button\" href=\"https:\/\/praxas.com\/fr\/soutien\/support-de-lenregistreur-de-donnees-21cfr\/\" style=\"border-radius:6px;background-color:#009ee0\"><strong>FAQ<\/strong><\/a><\/div>\n<\/div>\n<\/div>\n<\/div>\n<\/div>\n\n<div style=\"height:40px\" aria-hidden=\"true\" class=\"wp-block-spacer\"><\/div>\n\n<div class=\"wp-block-group alignfull has-global-padding is-layout-constrained wp-container-core-group-is-layout-a4c69c57 wp-block-group-is-layout-constrained\">\n<div class=\"wp-block-columns is-layout-flex wp-container-core-columns-is-layout-28f84493 wp-block-columns-is-layout-flex\">\n<div class=\"wp-block-column has-background is-layout-flow wp-container-core-column-is-layout-41d5d575 wp-block-column-is-layout-flow\" style=\"border-radius:15px;background-color:#e5e5e5;padding-top:var(--wp--preset--spacing--small);padding-right:var(--wp--preset--spacing--small);padding-bottom:var(--wp--preset--spacing--small);padding-left:var(--wp--preset--spacing--small)\">\n<figure class=\"wp-block-image aligncenter size-full is-resized\"><img loading=\"lazy\" decoding=\"async\" width=\"500\" height=\"500\" src=\"https:\/\/praxas.com\/wp-content\/uploads\/EL-Cold-Chain-Support-1.png\" alt=\"Image pour le soutien &#xE0; la cha&#xEE;ne du froid\" class=\"wp-image-43822\" style=\"width:200px\" srcset=\"https:\/\/praxas.com\/wp-content\/uploads\/EL-Cold-Chain-Support-1.png 500w, https:\/\/praxas.com\/wp-content\/uploads\/EL-Cold-Chain-Support-1-300x300.png 300w, https:\/\/praxas.com\/wp-content\/uploads\/EL-Cold-Chain-Support-1-150x150.png 150w, https:\/\/praxas.com\/wp-content\/uploads\/EL-Cold-Chain-Support-1-120x120.png 120w, https:\/\/praxas.com\/wp-content\/uploads\/EL-Cold-Chain-Support-1-441x441.png 441w, https:\/\/praxas.com\/wp-content\/uploads\/EL-Cold-Chain-Support-1-100x100.png 100w, https:\/\/praxas.com\/wp-content\/uploads\/EL-Cold-Chain-Support-1-350x350.png 350w\" sizes=\"auto, (max-width: 500px) 100vw, 500px\" \/><\/figure>\n\n\n\n<h2 class=\"wp-block-heading has-text-align-center has-text-color has-link-color has-medium-font-size wp-elements-b6084f75ca610c7ea6be0d784c67f05f\" style=\"color:#009ee0\">Enregistreurs de donn\u00e9es pour la cha\u00eene du froid<\/h2>\n\n\n\n<div class=\"wp-block-buttons is-content-justification-center is-layout-flex wp-container-core-buttons-is-layout-a89b3969 wp-block-buttons-is-layout-flex\">\n<div class=\"wp-block-button has-custom-font-size has-small-font-size\"><a class=\"wp-block-button__link has-background has-text-align-center wp-element-button\" href=\"https:\/\/praxas.com\/fr\/soutien\/support-pour-les-enregistreurs-de-donnees-de-la-chaine-du-froid\/\" style=\"border-radius:6px;background-color:#009ee0\"><strong>FAQ<\/strong><\/a><\/div>\n<\/div>\n<\/div>\n\n\n\n<div class=\"wp-block-column has-background is-layout-flow wp-container-core-column-is-layout-41d5d575 wp-block-column-is-layout-flow\" style=\"border-radius:15px;background-color:#e5e5e5;padding-top:var(--wp--preset--spacing--small);padding-right:var(--wp--preset--spacing--small);padding-bottom:var(--wp--preset--spacing--small);padding-left:var(--wp--preset--spacing--small)\">\n<figure class=\"wp-block-image aligncenter size-full is-resized\"><img loading=\"lazy\" decoding=\"async\" width=\"500\" height=\"500\" src=\"https:\/\/praxas.com\/wp-content\/uploads\/EL-IOT-Support.png\" alt=\"Image pour le soutien de l'IOT\" class=\"wp-image-43795\" style=\"width:200px\" srcset=\"https:\/\/praxas.com\/wp-content\/uploads\/EL-IOT-Support.png 500w, https:\/\/praxas.com\/wp-content\/uploads\/EL-IOT-Support-300x300.png 300w, https:\/\/praxas.com\/wp-content\/uploads\/EL-IOT-Support-150x150.png 150w, https:\/\/praxas.com\/wp-content\/uploads\/EL-IOT-Support-120x120.png 120w, https:\/\/praxas.com\/wp-content\/uploads\/EL-IOT-Support-441x441.png 441w, https:\/\/praxas.com\/wp-content\/uploads\/EL-IOT-Support-100x100.png 100w, https:\/\/praxas.com\/wp-content\/uploads\/EL-IOT-Support-350x350.png 350w\" sizes=\"auto, (max-width: 500px) 100vw, 500px\" \/><\/figure>\n\n\n\n<h2 class=\"wp-block-heading has-text-align-center has-text-color has-link-color has-medium-font-size wp-elements-8aaeb7f63f156b01640897aff9517830\" style=\"color:#009ee0\">Enregistreurs de donn\u00e9es EL-IOT<\/h2>\n\n\n\n<div class=\"wp-block-buttons is-content-justification-center is-layout-flex wp-container-core-buttons-is-layout-a89b3969 wp-block-buttons-is-layout-flex\">\n<div class=\"wp-block-button has-custom-font-size has-small-font-size\"><a class=\"wp-block-button__link has-background wp-element-button\" href=\"https:\/\/praxas.com\/fr\/soutien\/soutien-a-el-iot\/\" style=\"border-radius:6px;background-color:#009ee0\"><strong>FAQ<\/strong><\/a><\/div>\n<\/div>\n<\/div>\n\n\n\n<div class=\"wp-block-column has-background is-layout-flow wp-container-core-column-is-layout-41d5d575 wp-block-column-is-layout-flow\" style=\"border-radius:15px;background-color:#e5e5e5;padding-top:var(--wp--preset--spacing--small);padding-right:var(--wp--preset--spacing--small);padding-bottom:var(--wp--preset--spacing--small);padding-left:var(--wp--preset--spacing--small)\">\n<figure class=\"wp-block-image aligncenter size-full is-resized\"><img loading=\"lazy\" decoding=\"async\" width=\"500\" height=\"500\" src=\"https:\/\/praxas.com\/wp-content\/uploads\/EL-SMS-Support.png\" alt=\"Image pour le support SMS\" class=\"wp-image-43783\" style=\"width:200px\" srcset=\"https:\/\/praxas.com\/wp-content\/uploads\/EL-SMS-Support.png 500w, https:\/\/praxas.com\/wp-content\/uploads\/EL-SMS-Support-300x300.png 300w, https:\/\/praxas.com\/wp-content\/uploads\/EL-SMS-Support-150x150.png 150w, https:\/\/praxas.com\/wp-content\/uploads\/EL-SMS-Support-120x120.png 120w, https:\/\/praxas.com\/wp-content\/uploads\/EL-SMS-Support-441x441.png 441w, https:\/\/praxas.com\/wp-content\/uploads\/EL-SMS-Support-100x100.png 100w, https:\/\/praxas.com\/wp-content\/uploads\/EL-SMS-Support-350x350.png 350w\" sizes=\"auto, (max-width: 500px) 100vw, 500px\" \/><\/figure>\n\n\n\n<h2 class=\"wp-block-heading has-text-align-center has-text-color has-link-color has-medium-font-size wp-elements-888bcc2db2ecfd27fd5796603c9d167f\" style=\"color:#009ee0\">Enregistreurs de donn\u00e9es EL-SMS<\/h2>\n\n\n\n<div class=\"wp-block-buttons is-content-justification-center is-layout-flex wp-container-core-buttons-is-layout-098cc607 wp-block-buttons-is-layout-flex\">\n<div class=\"wp-block-button has-custom-font-size has-small-font-size\"><a class=\"wp-block-button__link has-background wp-element-button\" href=\"https:\/\/praxas.com\/fr\/soutien\/support-el-sms\/\" style=\"border-radius:6px;background-color:#009ee0\"><strong>FAQ<\/strong><\/a><\/div>\n<\/div>\n<\/div>\n<\/div>\n<\/div>\n\n<div style=\"height:40px\" aria-hidden=\"true\" class=\"wp-block-spacer\"><\/div>\n\n<div class=\"wp-block-group alignfull has-global-padding is-layout-constrained wp-container-core-group-is-layout-a4c69c57 wp-block-group-is-layout-constrained\">\n<div class=\"wp-block-columns is-layout-flex wp-container-core-columns-is-layout-28f84493 wp-block-columns-is-layout-flex\">\n<div class=\"wp-block-column has-background is-layout-flow wp-container-core-column-is-layout-41d5d575 wp-block-column-is-layout-flow\" style=\"border-radius:15px;background-color:#e5e5e5;padding-top:var(--wp--preset--spacing--small);padding-right:var(--wp--preset--spacing--small);padding-bottom:var(--wp--preset--spacing--small);padding-left:var(--wp--preset--spacing--small)\">\n<figure class=\"wp-block-image aligncenter size-full is-resized\"><img loading=\"lazy\" decoding=\"async\" width=\"500\" height=\"500\" src=\"https:\/\/praxas.com\/wp-content\/uploads\/EL-WEM-Support.png\" alt=\"Image pour le support WEM\" class=\"wp-image-43789\" style=\"width:200px\" srcset=\"https:\/\/praxas.com\/wp-content\/uploads\/EL-WEM-Support.png 500w, https:\/\/praxas.com\/wp-content\/uploads\/EL-WEM-Support-300x300.png 300w, https:\/\/praxas.com\/wp-content\/uploads\/EL-WEM-Support-150x150.png 150w, https:\/\/praxas.com\/wp-content\/uploads\/EL-WEM-Support-120x120.png 120w, https:\/\/praxas.com\/wp-content\/uploads\/EL-WEM-Support-441x441.png 441w, https:\/\/praxas.com\/wp-content\/uploads\/EL-WEM-Support-100x100.png 100w, https:\/\/praxas.com\/wp-content\/uploads\/EL-WEM-Support-350x350.png 350w\" sizes=\"auto, (max-width: 500px) 100vw, 500px\" \/><\/figure>\n\n\n\n<h2 class=\"wp-block-heading has-text-align-center has-text-color has-link-color has-medium-font-size wp-elements-2a7c677cfa6b46fb31eed36aeb0878aa\" style=\"color:#009ee0\">Enregistreurs de donn\u00e9es EL-WEM<\/h2>\n\n\n\n<div class=\"wp-block-buttons is-content-justification-center is-layout-flex wp-container-core-buttons-is-layout-a89b3969 wp-block-buttons-is-layout-flex\">\n<div class=\"wp-block-button has-custom-font-size has-small-font-size\"><a class=\"wp-block-button__link has-background has-text-align-center wp-element-button\" href=\"https:\/\/praxas.com\/fr\/soutien\/support-pour-le-moniteur-de-qualite-de-lair-el-wem\/\" style=\"border-radius:6px;background-color:#009ee0\"><strong>FAQ<\/strong><\/a><\/div>\n<\/div>\n<\/div>\n\n\n\n<div class=\"wp-block-column has-background is-layout-flow wp-container-core-column-is-layout-41d5d575 wp-block-column-is-layout-flow\" style=\"border-radius:15px;background-color:#e5e5e5;padding-top:var(--wp--preset--spacing--small);padding-right:var(--wp--preset--spacing--small);padding-bottom:var(--wp--preset--spacing--small);padding-left:var(--wp--preset--spacing--small)\">\n<figure class=\"wp-block-image aligncenter size-full is-resized\"><img loading=\"lazy\" decoding=\"async\" width=\"500\" height=\"500\" src=\"https:\/\/praxas.com\/wp-content\/uploads\/EL-SIE-Support.png\" alt=\"Image pour le soutien au SIE\" class=\"wp-image-43801\" style=\"width:200px\" srcset=\"https:\/\/praxas.com\/wp-content\/uploads\/EL-SIE-Support.png 500w, https:\/\/praxas.com\/wp-content\/uploads\/EL-SIE-Support-300x300.png 300w, https:\/\/praxas.com\/wp-content\/uploads\/EL-SIE-Support-150x150.png 150w, https:\/\/praxas.com\/wp-content\/uploads\/EL-SIE-Support-120x120.png 120w, https:\/\/praxas.com\/wp-content\/uploads\/EL-SIE-Support-441x441.png 441w, https:\/\/praxas.com\/wp-content\/uploads\/EL-SIE-Support-100x100.png 100w, https:\/\/praxas.com\/wp-content\/uploads\/EL-SIE-Support-350x350.png 350w\" sizes=\"auto, (max-width: 500px) 100vw, 500px\" \/><\/figure>\n\n\n\n<h2 class=\"wp-block-heading has-text-align-center has-text-color has-link-color has-medium-font-size wp-elements-54482dd1d7fa35cf7035f3e6890d64e6\" style=\"color:#009ee0\">Enregistreurs de donn\u00e9es EL-SIE<\/h2>\n\n\n\n<div class=\"wp-block-buttons is-content-justification-center is-layout-flex wp-container-core-buttons-is-layout-a89b3969 wp-block-buttons-is-layout-flex\">\n<div class=\"wp-block-button has-custom-font-size has-small-font-size\"><a class=\"wp-block-button__link has-background wp-element-button\" href=\"https:\/\/praxas.com\/fr\/soutien\/support-pour-lenregistreur-de-donnees-el-sie\/\" style=\"border-radius:6px;background-color:#009ee0\"><strong>FAQ<\/strong><\/a><\/div>\n<\/div>\n<\/div>\n\n\n\n<div class=\"wp-block-column has-background is-layout-flow wp-container-core-column-is-layout-41d5d575 wp-block-column-is-layout-flow\" style=\"border-radius:15px;background-color:#e5e5e5;padding-top:var(--wp--preset--spacing--small);padding-right:var(--wp--preset--spacing--small);padding-bottom:var(--wp--preset--spacing--small);padding-left:var(--wp--preset--spacing--small)\">\n<figure class=\"wp-block-image aligncenter size-full is-resized\"><img loading=\"lazy\" decoding=\"async\" width=\"500\" height=\"500\" src=\"https:\/\/praxas.com\/wp-content\/uploads\/SGD-Support.png\" alt=\"Image pour le soutien SGD\" class=\"wp-image-43828\" style=\"width:200px\" srcset=\"https:\/\/praxas.com\/wp-content\/uploads\/SGD-Support.png 500w, https:\/\/praxas.com\/wp-content\/uploads\/SGD-Support-300x300.png 300w, https:\/\/praxas.com\/wp-content\/uploads\/SGD-Support-150x150.png 150w, https:\/\/praxas.com\/wp-content\/uploads\/SGD-Support-120x120.png 120w, https:\/\/praxas.com\/wp-content\/uploads\/SGD-Support-441x441.png 441w, https:\/\/praxas.com\/wp-content\/uploads\/SGD-Support-100x100.png 100w, https:\/\/praxas.com\/wp-content\/uploads\/SGD-Support-350x350.png 350w\" sizes=\"auto, (max-width: 500px) 100vw, 500px\" \/><\/figure>\n\n\n\n<h2 class=\"wp-block-heading has-text-align-center has-text-color has-link-color has-medium-font-size wp-elements-4c2665578820c1ad9d6141b095bf812f\" style=\"color:#009ee0\">Enregistreurs de donn\u00e9es SGD-ATP<\/h2>\n\n\n\n<div class=\"wp-block-buttons is-content-justification-center is-layout-flex wp-container-core-buttons-is-layout-098cc607 wp-block-buttons-is-layout-flex\">\n<div class=\"wp-block-button has-custom-font-size has-small-font-size\"><a class=\"wp-block-button__link has-background wp-element-button\" href=\"https:\/\/praxas.com\/fr\/soutien\/support-pour-lenregistreur-de-donnees-sgd-atp\/\" style=\"border-radius:6px;background-color:#009ee0\"><strong>FAQ<\/strong><\/a><\/div>\n<\/div>\n<\/div>\n<\/div>\n<\/div>\n\n<div style=\"height:50px\" aria-hidden=\"true\" class=\"wp-block-spacer\"><\/div>\n","protected":false},"excerpt":{"rendered":"<p>Enregistreurs de donn\u00e9es EL-USB Enregistreurs de donn\u00e9es EL-WiFi Enregistreurs de donn\u00e9es 21 CFR Enregistreurs de donn\u00e9es pour la cha\u00eene du froid Enregistreurs de donn\u00e9es EL-IOT Enregistreurs de donn\u00e9es EL-SMS Enregistreurs de donn\u00e9es EL-WEM Enregistreurs de donn\u00e9es EL-SIE Enregistreurs de donn\u00e9es SGD-ATP<\/p>\n","protected":false},"author":8383,"featured_media":0,"parent":29767,"menu_order":0,"comment_status":"closed","ping_status":"closed","template":"template-fullwidth-no-heading.php","meta":{"_acf_changed":false,"content-type":"","_uag_custom_page_level_css":"","footnotes":""},"class_list":["post-43841","page","type-page","status-publish","hentry"],"acf":[],"spectra_custom_meta":{"hero_image":[""],"_hero_image":["field_64f1a7da7af44"],"_hero_h1":["field_64f19e1edd052"],"_hero_h2":["field_64f19e2ddd053"],"_hero_text":["field_64f19e42dd054"],"_hero_button_text":["field_64f19e4edd055"],"_hero_button_link":["field_64f19e5ddd056"],"_top_nav_excluded":[""],"_cms_nav_minihome":[""],"_wp_page_template":["template-fullwidth-no-heading.php"],"_last_translation_edit_mode":["translation-editor"],"rank_math_analytic_object_id":["829"],"rank_math_og_content_image":["a:2:{s:5:\"check\";s:32:\"b41a2e87d5399cb8e724640a1e040e99\";s:6:\"images\";a:2:{i:0;i:44740;i:1;i:43777;}}"],"rank_math_focus_keyword":["Support EasyLog"],"_wpml_word_count":["113"],"_uag_css_file_name":["uag-css-43841.css"],"_uag_page_assets":["a:9:{s:3:\"css\";s:263:\".uag-blocks-common-selector{z-index:var(--z-index-desktop) !important}@media (max-width: 976px){.uag-blocks-common-selector{z-index:var(--z-index-tablet) !important}}@media (max-width: 767px){.uag-blocks-common-selector{z-index:var(--z-index-mobile) !important}}\n\";s:2:\"js\";s:0:\"\";s:18:\"current_block_list\";a:10:{i:0;s:10:\"core\/cover\";i:1;s:12:\"core\/columns\";i:2;s:11:\"core\/column\";i:3;s:12:\"core\/heading\";i:4;s:11:\"core\/spacer\";i:5;s:14:\"core\/paragraph\";i:6;s:10:\"core\/group\";i:9;s:10:\"core\/image\";i:10;s:12:\"core\/buttons\";i:11;s:11:\"core\/button\";}s:8:\"uag_flag\";b:0;s:11:\"uag_version\";s:10:\"1775742760\";s:6:\"gfonts\";a:0:{}s:10:\"gfonts_url\";s:0:\"\";s:12:\"gfonts_files\";a:0:{}s:14:\"uag_faq_layout\";b:0;}"]},"uagb_featured_image_src":{"full":false,"thumbnail":false,"medium":false,"medium_large":false,"large":false,"1536x1536":false,"2048x2048":false,"crunchify-admin-post-featured-image":false,"commercegurus-pdp-large":false,"commercegurus-plp-mobile":false,"cgkit_image_swatch":false,"woocommerce_thumbnail":false,"woocommerce_single":false,"woocommerce_gallery_thumbnail":false},"uagb_author_info":{"display_name":"Alex James","author_link":"https:\/\/praxas.com\/fr\/author\/alex\/"},"uagb_comment_info":0,"uagb_excerpt":"Enregistreurs de donn\u00e9es EL-USB Enregistreurs de donn\u00e9es EL-WiFi Enregistreurs de donn\u00e9es 21 CFR Enregistreurs de donn\u00e9es pour la cha\u00eene du froid Enregistreurs de donn\u00e9es EL-IOT Enregistreurs de donn\u00e9es EL-SMS Enregistreurs de donn\u00e9es EL-WEM Enregistreurs de donn\u00e9es EL-SIE Enregistreurs de donn\u00e9es SGD-ATP","_links":{"self":[{"href":"https:\/\/praxas.com\/fr\/wp-json\/wp\/v2\/pages\/43841","targetHints":{"allow":["GET"]}}],"collection":[{"href":"https:\/\/praxas.com\/fr\/wp-json\/wp\/v2\/pages"}],"about":[{"href":"https:\/\/praxas.com\/fr\/wp-json\/wp\/v2\/types\/page"}],"author":[{"embeddable":true,"href":"https:\/\/praxas.com\/fr\/wp-json\/wp\/v2\/users\/8383"}],"replies":[{"embeddable":true,"href":"https:\/\/praxas.com\/fr\/wp-json\/wp\/v2\/comments?post=43841"}],"version-history":[{"count":3,"href":"https:\/\/praxas.com\/fr\/wp-json\/wp\/v2\/pages\/43841\/revisions"}],"predecessor-version":[{"id":44754,"href":"https:\/\/praxas.com\/fr\/wp-json\/wp\/v2\/pages\/43841\/revisions\/44754"}],"up":[{"embeddable":true,"href":"https:\/\/praxas.com\/fr\/wp-json\/wp\/v2\/pages\/29767"}],"wp:attachment":[{"href":"https:\/\/praxas.com\/fr\/wp-json\/wp\/v2\/media?parent=43841"}],"curies":[{"name":"wp","href":"https:\/\/api.w.org\/{rel}","templated":true}]}}