{"id":44050,"date":"2024-12-18T11:38:58","date_gmt":"2024-12-18T11:38:58","guid":{"rendered":"https:\/\/praxas.com\/support-logtag\/logtag-utred30\/"},"modified":"2025-06-20T10:36:17","modified_gmt":"2025-06-20T10:36:17","slug":"logtag-utred30","status":"publish","type":"page","link":"https:\/\/praxas.com\/fr\/support-logtag\/logtag-utred30\/","title":{"rendered":"LogTag UTRED30 Support"},"content":{"rendered":"<p>Actuellement, lorsqu&rsquo;un appareil UTRED30-WiFi, UTRED30-16, UTREL30-WiFi ou UTREL30-16 d\u00e9clenche une alarme, le buzzer et la LED s&rsquo;activent. Cependant, ils s&rsquo;arr\u00eatent d\u00e8s que la temp\u00e9rature mesur\u00e9e revient dans la plage acceptable. Le comportement pr\u00e9vu est que le buzzer et la LED restent actifs jusqu&rsquo;\u00e0 ce que l&rsquo;alarme soit supprim\u00e9e manuellement.  <\/p>\n<p>Veuillez noter que les marqueurs de croix et de jour sur l&rsquo;\u00e9cran LCD, ainsi que le traitement des alarmes via LogTag Online, fonctionnent comme pr\u00e9vu.<\/p>\n<p>Il n&rsquo;existe actuellement aucune solution pour r\u00e9soudre ce probl\u00e8me.<\/p>\n<p style=\"text-align: left;\">LogTag publiera une mise \u00e0 jour du micrologiciel pour r\u00e9soudre ce probl\u00e8me.<\/p>\n","protected":false},"excerpt":{"rendered":"<p>Actuellement, lorsqu&rsquo;un appareil UTRED30-WiFi, UTRED30-16, UTREL30-WiFi ou UTREL30-16 d\u00e9clenche une alarme, le buzzer et la LED s&rsquo;activent. Cependant, ils s&rsquo;arr\u00eatent d\u00e8s que la temp\u00e9rature mesur\u00e9e revient dans la plage acceptable. Le comportement pr\u00e9vu est que le buzzer et la LED restent actifs jusqu&rsquo;\u00e0 ce que l&rsquo;alarme soit supprim\u00e9e manuellement. Veuillez noter que les marqueurs de [&hellip;]<\/p>\n","protected":false},"author":8383,"featured_media":0,"parent":43959,"menu_order":0,"comment_status":"closed","ping_status":"closed","template":"","meta":{"_acf_changed":false,"content-type":"","_uag_custom_page_level_css":"","footnotes":""},"class_list":["post-44050","page","type-page","status-publish","hentry"],"acf":[],"spectra_custom_meta":{"hero_image":[""],"_hero_image":["field_64f1a7da7af44"],"_hero_h1":["field_64f19e1edd052"],"_hero_h2":["field_64f19e2ddd053"],"_hero_text":["field_64f19e42dd054"],"_hero_button_text":["field_64f19e4edd055"],"_hero_button_link":["field_64f19e5ddd056"],"_top_nav_excluded":[""],"_cms_nav_minihome":[""],"_wp_page_template":["default"],"_last_translation_edit_mode":["translation-editor"],"_wpml_word_count":["114"],"rank_math_description":["D\u00e9couvrez le probl\u00e8me des alarmes UTRED30 et UTREL30 et la mise \u00e0 jour du micrologiciel pour que le buzzer et la LED restent actifs jusqu'\u00e0 ce qu'ils soient effac\u00e9s manuellement."],"_uag_page_assets":["a:9:{s:3:\"css\";s:0:\"\";s:2:\"js\";s:0:\"\";s:18:\"current_block_list\";a:0:{}s:8:\"uag_flag\";b:0;s:11:\"uag_version\";s:10:\"1776763693\";s:6:\"gfonts\";a:0:{}s:10:\"gfonts_url\";s:0:\"\";s:12:\"gfonts_files\";a:0:{}s:14:\"uag_faq_layout\";b:0;}"]},"uagb_featured_image_src":{"full":false,"thumbnail":false,"medium":false,"medium_large":false,"large":false,"1536x1536":false,"2048x2048":false,"crunchify-admin-post-featured-image":false,"commercegurus-pdp-large":false,"commercegurus-plp-mobile":false,"cgkit_image_swatch":false,"woocommerce_thumbnail":false,"woocommerce_single":false,"woocommerce_gallery_thumbnail":false},"uagb_author_info":{"display_name":"Alex James","author_link":"https:\/\/praxas.com\/fr\/author\/alex\/"},"uagb_comment_info":0,"uagb_excerpt":"Actuellement, lorsqu&rsquo;un appareil UTRED30-WiFi, UTRED30-16, UTREL30-WiFi ou UTREL30-16 d\u00e9clenche une alarme, le buzzer et la LED s&rsquo;activent. Cependant, ils s&rsquo;arr\u00eatent d\u00e8s que la temp\u00e9rature mesur\u00e9e revient dans la plage acceptable. Le comportement pr\u00e9vu est que le buzzer et la LED restent actifs jusqu&rsquo;\u00e0 ce que l&rsquo;alarme soit supprim\u00e9e manuellement. Veuillez noter que les marqueurs de\u2026","_links":{"self":[{"href":"https:\/\/praxas.com\/fr\/wp-json\/wp\/v2\/pages\/44050","targetHints":{"allow":["GET"]}}],"collection":[{"href":"https:\/\/praxas.com\/fr\/wp-json\/wp\/v2\/pages"}],"about":[{"href":"https:\/\/praxas.com\/fr\/wp-json\/wp\/v2\/types\/page"}],"author":[{"embeddable":true,"href":"https:\/\/praxas.com\/fr\/wp-json\/wp\/v2\/users\/8383"}],"replies":[{"embeddable":true,"href":"https:\/\/praxas.com\/fr\/wp-json\/wp\/v2\/comments?post=44050"}],"version-history":[{"count":2,"href":"https:\/\/praxas.com\/fr\/wp-json\/wp\/v2\/pages\/44050\/revisions"}],"predecessor-version":[{"id":46862,"href":"https:\/\/praxas.com\/fr\/wp-json\/wp\/v2\/pages\/44050\/revisions\/46862"}],"up":[{"embeddable":true,"href":"https:\/\/praxas.com\/fr\/wp-json\/wp\/v2\/pages\/43959"}],"wp:attachment":[{"href":"https:\/\/praxas.com\/fr\/wp-json\/wp\/v2\/media?parent=44050"}],"curies":[{"name":"wp","href":"https:\/\/api.w.org\/{rel}","templated":true}]}}