{"id":44064,"date":"2024-12-18T11:52:51","date_gmt":"2024-12-18T11:52:51","guid":{"rendered":"https:\/\/praxas.com\/support-logtag\/logtagonline-support\/"},"modified":"2025-06-20T10:36:23","modified_gmt":"2025-06-20T10:36:23","slug":"logtagonline-support","status":"publish","type":"page","link":"https:\/\/praxas.com\/fr\/support-logtag\/logtagonline-support\/","title":{"rendered":"LogTagOnline Support"},"content":{"rendered":"<div class=\"accordion\">\n<h2 class=\"accordion-header\"><strong>Qu&rsquo;est-ce qu&rsquo;un code d&rsquo;activation et pourquoi en ai-je besoin ?<\/strong><br \/>\n<i class=\"fas fa-chevron-circle-down\"><\/i><\/h2>\n<div class=\"accordion-content\">Les codes d&rsquo;activation permettent de d\u00e9bloquer des fonctionnalit\u00e9s premium sur LogTag Online, comme les abonnements et les notifications de localisation.<\/div>\n<\/div>\n<div class=\"accordion\">\n<h2 class=\"accordion-header\"><strong>Quelle est la dur\u00e9e de validit\u00e9 d&rsquo;un abonnement \u00e0 un site ?<\/strong><br \/>\n<i class=\"fas fa-chevron-circle-down\"><\/i><\/h2>\n<div class=\"accordion-content\">Les abonnements durent g\u00e9n\u00e9ralement 12 mois, mais certains peuvent durer jusqu&rsquo;\u00e0 2 ans. Apr\u00e8s expiration, un nouveau code est n\u00e9cessaire pour renouveler l&rsquo;abonnement.<\/div>\n<\/div>\n<div class=\"accordion\">\n<h2 class=\"accordion-header\"><strong>Comment serai-je inform\u00e9(e) de l&rsquo;expiration de mon abonnement ?<\/strong><br \/>\n<i class=\"fas fa-chevron-circle-down\"><\/i><\/h2>\n<div class=\"accordion-content\">Vous recevrez une notification par courrier \u00e9lectronique 7 jours avant l&rsquo;expiration de l&rsquo;abonnement, ou jusqu&rsquo;\u00e0 un mois plus t\u00f4t.<\/div>\n<\/div>\n<div class=\"accordion\">\n<h2 class=\"accordion-header\"><strong>Comment les codes d&rsquo;activation fonctionnent-ils avec LogTag Online ?<\/strong><br \/>\n<i class=\"fas fa-chevron-circle-down\"><\/i><\/h2>\n<div class=\"accordion-content\">Ils permettent \u00e0 votre site gratuit d&rsquo;acc\u00e9der \u00e0 des fonctions premium. Pour plusieurs sites, vous aurez besoin de codes suppl\u00e9mentaires.<\/div>\n<\/div>\n<div class=\"accordion\">\n<h2 class=\"accordion-header\"><strong>Quelles sont les fonctionnalit\u00e9s disponibles avec un abonnement payant ?<\/strong><br \/>\n<i class=\"fas fa-chevron-circle-down\"><\/i><\/h2>\n<div class=\"accordion-content\">Les abonnements payants comprennent les abonnements de localisation, les unit\u00e9s de notification et les unit\u00e9s d&rsquo;exp\u00e9dition.<\/div>\n<\/div>\n<div class=\"accordion\">\n<h2 class=\"accordion-header\"><strong>Puis-je utiliser le m\u00eame code d&rsquo;activation pour plusieurs sites ?<\/strong><br \/>\n<i class=\"fas fa-chevron-circle-down\"><\/i><\/h2>\n<div class=\"accordion-content\">Non, chaque site n\u00e9cessite son propre abonnement. Le premier code met \u00e0 niveau votre site initial.<\/div>\n<\/div>\n<div class=\"accordion\">\n<h2 class=\"accordion-header\"><strong>Comment puis-je ajouter des codes d&rsquo;activation \u00e0 mon compte ?<\/strong><br \/>\n<i class=\"fas fa-chevron-circle-down\"><\/i><\/h2>\n<div class=\"accordion-content\">Connectez-vous \u00e0 LogTag Online et saisissez le code pour activer les fonctions.<\/div>\n<\/div>\n<div class=\"accordion\">\n<h2 class=\"accordion-header\"><strong>Puis-je suivre les envois avec des codes d&rsquo;activation ?<\/strong><br \/>\n<i class=\"fas fa-chevron-circle-down\"><\/i><\/h2>\n<div class=\"accordion-content\">Oui, les unit\u00e9s d&rsquo;exp\u00e9dition vous permettent de suivre les envois et d&rsquo;envoyer des notifications de livraison.<\/div>\n<\/div>\n<div class=\"accordion\">\n<h2 class=\"accordion-header\"><strong>O\u00f9 puis-je trouver plus d&rsquo;informations sur les prix et sur la mani\u00e8re d&rsquo;obtenir des codes d&rsquo;activation ?<\/strong><br \/>\n<i class=\"fas fa-chevron-circle-down\"><\/i><\/h2>\n<div class=\"accordion-content\"><span style=\"color: #3366ff;\"><strong><a style=\"color: #3366ff;\" href=\"https:\/\/praxas.com\/fr\/contactez-nous\/\">Contactez nous<\/a><\/strong><\/span> pour conna\u00eetre les tarifs et les modalit\u00e9s d&rsquo;achat des codes.<\/div>\n<\/div>\n","protected":false},"excerpt":{"rendered":"","protected":false},"author":8383,"featured_media":0,"parent":43959,"menu_order":0,"comment_status":"closed","ping_status":"closed","template":"","meta":{"_acf_changed":false,"content-type":"","_uag_custom_page_level_css":"","footnotes":""},"class_list":["post-44064","page","type-page","status-publish","hentry"],"acf":[],"spectra_custom_meta":{"hero_image":[""],"_hero_image":["field_64f1a7da7af44"],"_hero_h1":["field_64f19e1edd052"],"_hero_h2":["field_64f19e2ddd053"],"_hero_text":["field_64f19e42dd054"],"_hero_button_text":["field_64f19e4edd055"],"_hero_button_link":["field_64f19e5ddd056"],"_top_nav_excluded":[""],"_cms_nav_minihome":[""],"_wp_page_template":["default"],"_last_translation_edit_mode":["translation-editor"],"_wpml_word_count":["299"],"_uag_page_assets":["a:9:{s:3:\"css\";s:0:\"\";s:2:\"js\";s:0:\"\";s:18:\"current_block_list\";a:0:{}s:8:\"uag_flag\";b:0;s:11:\"uag_version\";s:10:\"1775742760\";s:6:\"gfonts\";a:0:{}s:10:\"gfonts_url\";s:0:\"\";s:12:\"gfonts_files\";a:0:{}s:14:\"uag_faq_layout\";b:0;}"]},"uagb_featured_image_src":{"full":false,"thumbnail":false,"medium":false,"medium_large":false,"large":false,"1536x1536":false,"2048x2048":false,"crunchify-admin-post-featured-image":false,"commercegurus-pdp-large":false,"commercegurus-plp-mobile":false,"cgkit_image_swatch":false,"woocommerce_thumbnail":false,"woocommerce_single":false,"woocommerce_gallery_thumbnail":false},"uagb_author_info":{"display_name":"Alex James","author_link":"https:\/\/praxas.com\/fr\/author\/alex\/"},"uagb_comment_info":0,"uagb_excerpt":null,"_links":{"self":[{"href":"https:\/\/praxas.com\/fr\/wp-json\/wp\/v2\/pages\/44064","targetHints":{"allow":["GET"]}}],"collection":[{"href":"https:\/\/praxas.com\/fr\/wp-json\/wp\/v2\/pages"}],"about":[{"href":"https:\/\/praxas.com\/fr\/wp-json\/wp\/v2\/types\/page"}],"author":[{"embeddable":true,"href":"https:\/\/praxas.com\/fr\/wp-json\/wp\/v2\/users\/8383"}],"replies":[{"embeddable":true,"href":"https:\/\/praxas.com\/fr\/wp-json\/wp\/v2\/comments?post=44064"}],"version-history":[{"count":1,"href":"https:\/\/praxas.com\/fr\/wp-json\/wp\/v2\/pages\/44064\/revisions"}],"predecessor-version":[{"id":49996,"href":"https:\/\/praxas.com\/fr\/wp-json\/wp\/v2\/pages\/44064\/revisions\/49996"}],"up":[{"embeddable":true,"href":"https:\/\/praxas.com\/fr\/wp-json\/wp\/v2\/pages\/43959"}],"wp:attachment":[{"href":"https:\/\/praxas.com\/fr\/wp-json\/wp\/v2\/media?parent=44064"}],"curies":[{"name":"wp","href":"https:\/\/api.w.org\/{rel}","templated":true}]}}