{"id":44071,"date":"2024-12-18T12:03:38","date_gmt":"2024-12-18T12:03:38","guid":{"rendered":"https:\/\/praxas.com\/support-logtag\/support-de-lanalyseur-logtag\/"},"modified":"2025-06-20T10:36:07","modified_gmt":"2025-06-20T10:36:07","slug":"support-de-lanalyseur-logtag","status":"publish","type":"page","link":"https:\/\/praxas.com\/fr\/support-logtag\/support-de-lanalyseur-logtag\/","title":{"rendered":"Support de l&rsquo;analyseur LogTag"},"content":{"rendered":"<div class=\"accordion\">\n<h2 class=\"accordion-header\">Pourquoi LogTag Analyzer se bloque-t-il lors de l&rsquo;impression de plusieurs documents ?<br \/>\n<i class=\"fas fa-chevron-circle-down\"><\/i><\/h2>\n<div class=\"accordion-content\">L&rsquo;impression de LogTag Analyzer a \u00e9t\u00e9 optimis\u00e9e pour les \u00e9crans haute r\u00e9solution, mais elle peut \u00eatre gourmande en ressources. L&rsquo;application peut se bloquer ou se planter lors du traitement des fichiers, en particulier lorsque vous essayez d'\u00a0\u00bbimprimer tout\u00a0\u00bb plusieurs documents ouverts. <\/p>\n<p>Ce probl\u00e8me peut \u00eatre r\u00e9solu en suivant les \u00e9tapes d\u00e9crites sur le site web de LogTag.<\/p>\n<p><a class=\"button button-secondary\" href=\"https:\/\/logtagrecorders.zendesk.com\/hc\/en-us\/articles\/6618460036367-LogTag-Analyzer-3-print-multiple-documents\" target=\"_blank\" rel=\"noopener\">Site web de LogTag<\/a><\/div>\n<\/div>\n","protected":false},"excerpt":{"rendered":"","protected":false},"author":8383,"featured_media":0,"parent":43959,"menu_order":0,"comment_status":"closed","ping_status":"closed","template":"","meta":{"_acf_changed":false,"content-type":"","_uag_custom_page_level_css":"","footnotes":""},"class_list":["post-44071","page","type-page","status-publish","hentry"],"acf":[],"spectra_custom_meta":{"hero_image":[""],"_hero_image":["field_64f1a7da7af44"],"_hero_h1":["field_64f19e1edd052"],"_hero_h2":["field_64f19e2ddd053"],"_hero_text":["field_64f19e42dd054"],"_hero_button_text":["field_64f19e4edd055"],"_hero_button_link":["field_64f19e5ddd056"],"_top_nav_excluded":[""],"_cms_nav_minihome":[""],"_wp_page_template":["default"],"_last_translation_edit_mode":["translation-editor"],"_wpml_word_count":["88"],"_uag_page_assets":["a:9:{s:3:\"css\";s:0:\"\";s:2:\"js\";s:0:\"\";s:18:\"current_block_list\";a:0:{}s:8:\"uag_flag\";b:0;s:11:\"uag_version\";s:10:\"1775212209\";s:6:\"gfonts\";a:0:{}s:10:\"gfonts_url\";s:0:\"\";s:12:\"gfonts_files\";a:0:{}s:14:\"uag_faq_layout\";b:0;}"]},"uagb_featured_image_src":{"full":false,"thumbnail":false,"medium":false,"medium_large":false,"large":false,"1536x1536":false,"2048x2048":false,"crunchify-admin-post-featured-image":false,"commercegurus-pdp-large":false,"commercegurus-plp-mobile":false,"cgkit_image_swatch":false,"woocommerce_thumbnail":false,"woocommerce_single":false,"woocommerce_gallery_thumbnail":false},"uagb_author_info":{"display_name":"Alex James","author_link":"https:\/\/praxas.com\/fr\/author\/alex\/"},"uagb_comment_info":0,"uagb_excerpt":null,"_links":{"self":[{"href":"https:\/\/praxas.com\/fr\/wp-json\/wp\/v2\/pages\/44071","targetHints":{"allow":["GET"]}}],"collection":[{"href":"https:\/\/praxas.com\/fr\/wp-json\/wp\/v2\/pages"}],"about":[{"href":"https:\/\/praxas.com\/fr\/wp-json\/wp\/v2\/types\/page"}],"author":[{"embeddable":true,"href":"https:\/\/praxas.com\/fr\/wp-json\/wp\/v2\/users\/8383"}],"replies":[{"embeddable":true,"href":"https:\/\/praxas.com\/fr\/wp-json\/wp\/v2\/comments?post=44071"}],"version-history":[{"count":1,"href":"https:\/\/praxas.com\/fr\/wp-json\/wp\/v2\/pages\/44071\/revisions"}],"predecessor-version":[{"id":49991,"href":"https:\/\/praxas.com\/fr\/wp-json\/wp\/v2\/pages\/44071\/revisions\/49991"}],"up":[{"embeddable":true,"href":"https:\/\/praxas.com\/fr\/wp-json\/wp\/v2\/pages\/43959"}],"wp:attachment":[{"href":"https:\/\/praxas.com\/fr\/wp-json\/wp\/v2\/media?parent=44071"}],"curies":[{"name":"wp","href":"https:\/\/api.w.org\/{rel}","templated":true}]}}