{"id":44080,"date":"2024-12-18T12:15:05","date_gmt":"2024-12-18T12:15:05","guid":{"rendered":"https:\/\/praxas.com\/support-logtag\/messages-derreur-logtag\/"},"modified":"2025-06-20T10:36:00","modified_gmt":"2025-06-20T10:36:00","slug":"messages-derreur-logtag","status":"publish","type":"page","link":"https:\/\/praxas.com\/fr\/support-logtag\/messages-derreur-logtag\/","title":{"rendered":"Messages d&rsquo;erreur LogTag"},"content":{"rendered":"<div class=\"accordion\">\n<h2 class=\"accordion-header\">Pourquoi un message d&rsquo;erreur appara\u00eet-il dans LogTag Analyzer ?<br \/>\n<i class=\"fas fa-chevron-circle-down\"><\/i><\/h2>\n<div class=\"accordion-content\">Si vous voyez un message d&rsquo;erreur, assurez-vous que vous utilisez la derni\u00e8re version de LogTag Analyzer. Cela permet souvent de r\u00e9soudre les probl\u00e8mes, notamment l&rsquo;erreur interne \u00ab $1 \u00bb, qui se produit lorsque le logiciel tente de communiquer avec un mod\u00e8le qui n&rsquo;est pas pris en charge par votre version actuelle. <\/p>\n<p>Vous pouvez mettre \u00e0 jour le logiciel en allant dans \u00ab Aide \u00bb et en s\u00e9lectionnant \u00ab V\u00e9rifier les mises \u00e0 jour sur Internet \u00bb ou en visitant le site Web de LogTag pour t\u00e9l\u00e9charger la derni\u00e8re version. Le logiciel sera automatiquement mis \u00e0 jour si vous utilisez une version plus ancienne. <\/p>\n<p>Une autre cause des messages d&rsquo;erreur peut \u00eatre une batterie faible. V\u00e9rifiez l&rsquo;autonomie de la batterie.<\/p><\/div>\n<\/div>\n<div class=\"accordion\">\n<h2 class=\"accordion-header\">Que dois-je faire si je vois les erreurs \u00ab\u00a0Cannot connect to LogTag&#8230;\u00a0\u00bb ou \u00ab\u00a0$4:USB.0012345\u00a0\u00bb ?<br \/>\n<i class=\"fas fa-chevron-circle-down\"><\/i><\/h2>\n<div class=\"accordion-content\">Ces erreurs indiquent que LogTag Analyzer a d\u00e9tect\u00e9 une interface et un enregistreur mais n&rsquo;a pas pu \u00e9tablir la communication. Voici quelques \u00e9tapes pour r\u00e9soudre le probl\u00e8me : <\/p>\n<p>1.  <strong>Mauvaise connexion entre le Logger et l&rsquo;interface :<\/strong> Nettoyez les tampons de contact du Logger \u00e0 l&rsquo;aide d&rsquo;un chiffon humide ou d&rsquo;une gomme \u00e0 crayon.<br \/>\n2.  <strong>Broche de contact coinc\u00e9e dans l&rsquo;interface :<\/strong> V\u00e9rifiez les broches de l&rsquo;interface et assurez-vous qu&rsquo;elles se d\u00e9placent librement sous l&rsquo;effet de la pression.<br \/>\n3.  <strong>Probl\u00e8me d&rsquo;alimentation USB :<\/strong> Connectez l&rsquo;interface directement \u00e0 votre ordinateur ou utilisez un concentrateur USB aliment\u00e9.<br \/>\n4.  <strong>Communication interrompue :<\/strong> Reconnectez correctement l&rsquo;enregistreur et r\u00e9essayez l&rsquo;action.<br \/>\n5.  <strong>Port USB d\u00e9fectueux :<\/strong> Essayez d&rsquo;utiliser un autre port USB.<br \/>\n6.  <strong>Batterie faible :<\/strong> V\u00e9rifiez si la batterie de l&rsquo;enregistreur est faible.<br \/>\n7.  <strong>Environnement froid :<\/strong> Si l&rsquo;enregistreur a \u00e9t\u00e9 r\u00e9cemment retir\u00e9 d&rsquo;un environnement froid, attendez qu&rsquo;il s&rsquo;acclimate.<br \/>\n8.  <strong>D\u00e9g\u00e2ts des eaux :<\/strong> Si le Logger a \u00e9t\u00e9 expos\u00e9 \u00e0 l&rsquo;eau, il risque de ne plus communiquer correctement.<br \/>\n9.  <strong>Interf\u00e9rences \u00e9lectromagn\u00e9tiques :<\/strong> Des champs ou des radiations CEM puissants peuvent corrompre la m\u00e9moire interne de l&rsquo;enregistreur.<\/div>\n<\/div>\n","protected":false},"excerpt":{"rendered":"","protected":false},"author":8383,"featured_media":0,"parent":43959,"menu_order":0,"comment_status":"closed","ping_status":"closed","template":"","meta":{"_acf_changed":false,"content-type":"","_uag_custom_page_level_css":"","footnotes":""},"class_list":["post-44080","page","type-page","status-publish","hentry"],"acf":[],"spectra_custom_meta":{"hero_image":[""],"_hero_image":["field_64f1a7da7af44"],"_hero_h1":["field_64f19e1edd052"],"_hero_h2":["field_64f19e2ddd053"],"_hero_text":["field_64f19e42dd054"],"_hero_button_text":["field_64f19e4edd055"],"_hero_button_link":["field_64f19e5ddd056"],"_top_nav_excluded":[""],"_cms_nav_minihome":[""],"_wp_page_template":["default"],"_last_translation_edit_mode":["translation-editor"],"_wpml_word_count":["361"],"_uag_page_assets":["a:9:{s:3:\"css\";s:0:\"\";s:2:\"js\";s:0:\"\";s:18:\"current_block_list\";a:0:{}s:8:\"uag_flag\";b:0;s:11:\"uag_version\";s:10:\"1776092303\";s:6:\"gfonts\";a:0:{}s:10:\"gfonts_url\";s:0:\"\";s:12:\"gfonts_files\";a:0:{}s:14:\"uag_faq_layout\";b:0;}"]},"uagb_featured_image_src":{"full":false,"thumbnail":false,"medium":false,"medium_large":false,"large":false,"1536x1536":false,"2048x2048":false,"crunchify-admin-post-featured-image":false,"commercegurus-pdp-large":false,"commercegurus-plp-mobile":false,"cgkit_image_swatch":false,"woocommerce_thumbnail":false,"woocommerce_single":false,"woocommerce_gallery_thumbnail":false},"uagb_author_info":{"display_name":"Alex James","author_link":"https:\/\/praxas.com\/fr\/author\/alex\/"},"uagb_comment_info":0,"uagb_excerpt":null,"_links":{"self":[{"href":"https:\/\/praxas.com\/fr\/wp-json\/wp\/v2\/pages\/44080","targetHints":{"allow":["GET"]}}],"collection":[{"href":"https:\/\/praxas.com\/fr\/wp-json\/wp\/v2\/pages"}],"about":[{"href":"https:\/\/praxas.com\/fr\/wp-json\/wp\/v2\/types\/page"}],"author":[{"embeddable":true,"href":"https:\/\/praxas.com\/fr\/wp-json\/wp\/v2\/users\/8383"}],"replies":[{"embeddable":true,"href":"https:\/\/praxas.com\/fr\/wp-json\/wp\/v2\/comments?post=44080"}],"version-history":[{"count":1,"href":"https:\/\/praxas.com\/fr\/wp-json\/wp\/v2\/pages\/44080\/revisions"}],"predecessor-version":[{"id":49986,"href":"https:\/\/praxas.com\/fr\/wp-json\/wp\/v2\/pages\/44080\/revisions\/49986"}],"up":[{"embeddable":true,"href":"https:\/\/praxas.com\/fr\/wp-json\/wp\/v2\/pages\/43959"}],"wp:attachment":[{"href":"https:\/\/praxas.com\/fr\/wp-json\/wp\/v2\/media?parent=44080"}],"curies":[{"name":"wp","href":"https:\/\/api.w.org\/{rel}","templated":true}]}}