{"id":44306,"date":"2025-01-07T11:29:01","date_gmt":"2025-01-07T11:29:01","guid":{"rendered":"https:\/\/praxas.com\/panelpilot-2\/"},"modified":"2025-02-04T14:45:59","modified_gmt":"2025-02-04T14:45:59","slug":"panelpilot-2","status":"publish","type":"page","link":"https:\/\/praxas.com\/fr\/panelpilot-2\/","title":{"rendered":"PanelPilot"},"content":{"rendered":"\n<div class=\"wp-block-cover alignfull is-light\" style=\"min-height:850px;aspect-ratio:unset;\"><span aria-hidden=\"true\" class=\"wp-block-cover__background has-cyan-bluish-gray-background-color has-background-dim-0 has-background-dim\"><\/span><img loading=\"lazy\" decoding=\"async\" width=\"2450\" height=\"1330\" class=\"wp-block-cover__image-background wp-image-44251\" alt=\"PanelPilot Brand landing page banner\" src=\"https:\/\/praxas.com\/wp-content\/uploads\/Praxas-PP-banner-1.jpg\" data-object-fit=\"cover\" srcset=\"https:\/\/praxas.com\/wp-content\/uploads\/Praxas-PP-banner-1.jpg 2450w, https:\/\/praxas.com\/wp-content\/uploads\/Praxas-PP-banner-1-300x163.jpg 300w, https:\/\/praxas.com\/wp-content\/uploads\/Praxas-PP-banner-1-1024x556.jpg 1024w, https:\/\/praxas.com\/wp-content\/uploads\/Praxas-PP-banner-1-768x417.jpg 768w, https:\/\/praxas.com\/wp-content\/uploads\/Praxas-PP-banner-1-1536x834.jpg 1536w, https:\/\/praxas.com\/wp-content\/uploads\/Praxas-PP-banner-1-2048x1112.jpg 2048w, https:\/\/praxas.com\/wp-content\/uploads\/Praxas-PP-banner-1-120x65.jpg 120w, https:\/\/praxas.com\/wp-content\/uploads\/Praxas-PP-banner-1-990x537.jpg 990w, https:\/\/praxas.com\/wp-content\/uploads\/Praxas-PP-banner-1-441x239.jpg 441w, https:\/\/praxas.com\/wp-content\/uploads\/Praxas-PP-banner-1-350x190.jpg 350w, https:\/\/praxas.com\/wp-content\/uploads\/Praxas-PP-banner-1-800x434.jpg 800w, https:\/\/praxas.com\/wp-content\/uploads\/Praxas-PP-banner-1-150x81.jpg 150w\" sizes=\"auto, (max-width: 2450px) 100vw, 2450px\" \/><div class=\"wp-block-cover__inner-container has-global-padding is-layout-constrained wp-container-core-cover-is-layout-a4c69c57 wp-block-cover-is-layout-constrained\">\n<div class=\"wp-block-columns is-layout-flex wp-container-core-columns-is-layout-28f84493 wp-block-columns-is-layout-flex\">\n<div class=\"wp-block-column is-layout-flow wp-block-column-is-layout-flow\" style=\"flex-basis:50%\">\n<figure class=\"wp-block-image alignleft size-full\"><img loading=\"lazy\" decoding=\"async\" width=\"220\" height=\"44\" src=\"https:\/\/praxas.com\/wp-content\/uploads\/panelpilot-logo-220.png\" alt=\"Logo de PanelPilot\" class=\"wp-image-14913\" style=\"object-fit:cover\" srcset=\"https:\/\/praxas.com\/wp-content\/uploads\/panelpilot-logo-220.png 220w, https:\/\/praxas.com\/wp-content\/uploads\/panelpilot-logo-220-120x24.png 120w, https:\/\/praxas.com\/wp-content\/uploads\/panelpilot-logo-220-150x30.png 150w\" sizes=\"auto, (max-width: 220px) 100vw, 220px\" \/><\/figure>\n\n\n\n<div style=\"height:50px\" aria-hidden=\"true\" class=\"wp-block-spacer\"><\/div>\n\n\n\n<h1 class=\"wp-block-heading has-text-color has-link-color wp-elements-4f1d1b021549231ba19d1925961cf960\" style=\"color:#009ee0\">PanelPilot : Des \u00e9crans intelligents pour un contr\u00f4le sans faille<\/h1>\n\n\n\n<div style=\"height:10px\" aria-hidden=\"true\" class=\"wp-block-spacer\"><\/div>\n\n\n\n<p class=\"has-black-color has-text-color has-link-color wp-elements-1e4f72170ef7b4bafe0af4fd3fcc7bbf\">Les \u00e9crans PanelPilot de Lascar Electronics offrent des solutions tactiles intuitives et sans code pour une int\u00e9gration transparente des syst\u00e8mes dans les applications industrielles, de recherche et environnementales. Avec des tableaux de bord personnalisables \u00e0 haute r\u00e9solution et des caract\u00e9ristiques robustes telles que des entr\u00e9es analogiques et des mod\u00e8les conformes \u00e0 la norme IP67, ils offrent une visualisation et un contr\u00f4le des donn\u00e9es fiables et en temps r\u00e9el pour des processus optimis\u00e9s. <\/p>\n\n\n\n<div class=\"wp-block-buttons is-content-justification-right is-layout-flex wp-container-core-buttons-is-layout-d445cf74 wp-block-buttons-is-layout-flex\">\n<div class=\"wp-block-button\"><a class=\"wp-block-button__link has-background wp-element-button\" href=\"https:\/\/praxas.com\/product-category\/displays\/\" style=\"border-radius:6px;background-color:#205d8f\"><strong>Explorer les produits<\/strong><\/a><\/div>\n\n\n\n<div class=\"wp-block-button is-style-outline is-style-outline--1\"><a class=\"wp-block-button__link has-text-color has-link-color wp-element-button\" href=\"https:\/\/praxas.com\/fr\/contactez-nous\/\" style=\"border-radius:6px;color:#205d8f\"><strong>Parlez \u00e0 un expert<\/strong><\/a><\/div>\n<\/div>\n\n\n\n<div style=\"height:100px\" aria-hidden=\"true\" class=\"wp-block-spacer\"><\/div>\n<\/div>\n\n\n\n<div class=\"wp-block-column is-layout-flow wp-block-column-is-layout-flow\"><\/div>\n<\/div>\n<\/div><\/div>\n\n<div class=\"wp-block-group alignfull has-background has-global-padding is-layout-constrained wp-container-core-group-is-layout-a4c69c57 wp-block-group-is-layout-constrained\" style=\"background-color:#205d8f\">\n<div style=\"height:20px\" aria-hidden=\"true\" class=\"wp-block-spacer\"><\/div>\n\n\n\n<h2 class=\"wp-block-heading has-text-align-center has-white-color has-text-color has-link-color wp-elements-4b3099d4aac7a616b738209246fe35d7\">La solution d&rsquo;affichage ultime<\/h2>\n\n\n\n<p class=\"has-text-align-center has-white-color has-text-color has-link-color wp-elements-c9aa4129196e9ea55019bb2500def6e2\">PanelPilot associe une technologie d&rsquo;affichage de pointe \u00e0 une conception intuitive afin de fournir une surveillance pr\u00e9cise et fiable pour les applications critiques. Qu&rsquo;il s&rsquo;agisse d&rsquo;optimiser des syst\u00e8mes industriels, de faire progresser la recherche ou de surveiller les conditions environnementales, PanelPilot offre une visualisation et un contr\u00f4le en temps r\u00e9el gr\u00e2ce \u00e0 des tableaux de bord personnalisables. S&rsquo;int\u00e9grant parfaitement \u00e0 divers syst\u00e8mes, PanelPilot garantit des informations exploitables et des op\u00e9rations rationalis\u00e9es, vous permettant ainsi de rester inform\u00e9 et de garder le contr\u00f4le, quel que soit l&rsquo;industrie ou l&rsquo;environnement.  <\/p>\n\n\n\n<div style=\"height:50px\" aria-hidden=\"true\" class=\"wp-block-spacer\"><\/div>\n<\/div>\n\n<div class=\"wp-block-group alignfull has-global-padding is-layout-constrained wp-container-core-group-is-layout-a4c69c57 wp-block-group-is-layout-constrained\">\n<div style=\"height:30px\" aria-hidden=\"true\" class=\"wp-block-spacer\"><\/div>\n\n\n\n<div class=\"wp-block-columns is-layout-flex wp-container-core-columns-is-layout-28f84493 wp-block-columns-is-layout-flex\">\n<div class=\"wp-block-column is-layout-flow wp-block-column-is-layout-flow\">\n<h3 class=\"wp-block-heading has-text-color has-link-color wp-elements-5f25855050e753c5f4abbb7329bd2767\" style=\"color:#009ee0\">Restez \u00e0 jour<\/h3>\n\n\n\n<p>Inscrivez-vous pour recevoir les derni\u00e8res mises \u00e0 jour, y compris des informations sur les produits, des conseils en mati\u00e8re de conformit\u00e9 et des informations sur le secteur.<\/p>\n\n\n<p><script charset=\"utf-8\" type=\"text\/javascript\" src=\"\/\/js-eu1.hsforms.net\/forms\/embed\/v2.js\"><\/script><br \/>\n<script>\n  hbspt.forms.create({\n    portalId: \"145130462\",\n    formId: \"f426f6d3-9c87-4a81-b060-3b72321b1e95\"\n  });\n<\/script><\/p>\n<\/div>\n\n\n\n<div class=\"wp-block-column is-layout-flow wp-block-column-is-layout-flow\">\n<figure class=\"wp-block-image alignright size-full is-resized has-custom-border\"><img loading=\"lazy\" decoding=\"async\" width=\"1200\" height=\"1200\" src=\"https:\/\/praxas.com\/wp-content\/uploads\/PanelPilot.jpg\" alt=\"PanelPilot Praxas image de fond du produit\" class=\"wp-image-44275\" style=\"border-radius:15px;width:403px;height:auto\" srcset=\"https:\/\/praxas.com\/wp-content\/uploads\/PanelPilot.jpg 1200w, https:\/\/praxas.com\/wp-content\/uploads\/PanelPilot-300x300.jpg 300w, https:\/\/praxas.com\/wp-content\/uploads\/PanelPilot-1024x1024.jpg 1024w, https:\/\/praxas.com\/wp-content\/uploads\/PanelPilot-150x150.jpg 150w, https:\/\/praxas.com\/wp-content\/uploads\/PanelPilot-768x768.jpg 768w, https:\/\/praxas.com\/wp-content\/uploads\/PanelPilot-120x120.jpg 120w, https:\/\/praxas.com\/wp-content\/uploads\/PanelPilot-990x990.jpg 990w, https:\/\/praxas.com\/wp-content\/uploads\/PanelPilot-441x441.jpg 441w, https:\/\/praxas.com\/wp-content\/uploads\/PanelPilot-100x100.jpg 100w, https:\/\/praxas.com\/wp-content\/uploads\/PanelPilot-350x350.jpg 350w, https:\/\/praxas.com\/wp-content\/uploads\/PanelPilot-800x800.jpg 800w\" sizes=\"auto, (max-width: 1200px) 100vw, 1200px\" \/><\/figure>\n<\/div>\n<\/div>\n<\/div>\n\n<div style=\"height:60px\" aria-hidden=\"true\" class=\"wp-block-spacer\"><\/div>\n\n<div class=\"wp-block-group alignfull has-global-padding is-layout-constrained wp-container-core-group-is-layout-a4c69c57 wp-block-group-is-layout-constrained\">\n<div class=\"wp-block-columns is-layout-flex wp-container-core-columns-is-layout-28f84493 wp-block-columns-is-layout-flex\">\n<div class=\"wp-block-column is-layout-flow wp-block-column-is-layout-flow\">\n<h4 class=\"wp-block-heading has-text-align-center has-text-color has-link-color has-large-font-size wp-elements-dc8762eb9d18bae84e219935b9759feb\" style=\"color:#009ee0\">D\u00e9couvrez les produits PanelPilot<\/h4>\n\n\n<div class=\"woocommerce columns-3 \"><ul class=\"products columns-3\">\n<li class=\"product type-product post-30379 status-publish first instock product_cat-uncategorized-fr product_tag-affichage has-post-thumbnail taxable shipping-taxable purchasable product-type-simple\">\n\t<a href=\"https:\/\/praxas.com\/fr\/product\/uncategorized-fr\/sgd-24-m\/\" class=\"woocommerce-LoopProduct-link woocommerce-loop-product__link\"><div class=\"product-inner\"><div class=\"product-content-catname\">Uncategorized<\/div><div class=\"woocommerce-image__wrapper\"><a href=\"https:\/\/praxas.com\/fr\/product\/uncategorized-fr\/sgd-24-m\/\" title=\"SGD 24-M\" class=\"woocommerce-LoopProduct-link woocommerce-loop-product__link\"><img loading=\"lazy\" decoding=\"async\" width=\"300\" height=\"174\" src=\"https:\/\/praxas.com\/wp-content\/uploads\/SGD-24-M_Flat_No-Reflection-Straight-300x174.png\" class=\"attachment-woocommerce_thumbnail size-woocommerce_thumbnail\" alt=\"SGD 24-M\" srcset=\"https:\/\/praxas.com\/wp-content\/uploads\/SGD-24-M_Flat_No-Reflection-Straight-300x174.png 300w, https:\/\/praxas.com\/wp-content\/uploads\/SGD-24-M_Flat_No-Reflection-Straight-768x444.png 768w, https:\/\/praxas.com\/wp-content\/uploads\/SGD-24-M_Flat_No-Reflection-Straight-120x69.png 120w, https:\/\/praxas.com\/wp-content\/uploads\/SGD-24-M_Flat_No-Reflection-Straight-441x255.png 441w, https:\/\/praxas.com\/wp-content\/uploads\/SGD-24-M_Flat_No-Reflection-Straight-150x87.png 150w, https:\/\/praxas.com\/wp-content\/uploads\/SGD-24-M_Flat_No-Reflection-Straight.png 800w\" sizes=\"auto, (max-width: 360px) 147px, (max-width: 300px) 100vw, 300px\" \/>\t\t\t\n\t<\/a><\/div><div class=\"woocommerce-card__header\">\t\t\t\t\t<p class=\"product__categories\"><a href=\"https:\/\/praxas.com\/fr\/categorie-produit\/uncategorized-fr\/\" rel=\"tag\">Uncategorized<\/a><\/p>\t\t\t\t<div class=\"woocommerce-loop-product__title\"><a tabindex=\"0\" href=\"https:\/\/praxas.com\/fr\/product\/uncategorized-fr\/sgd-24-m\/\" aria-label=\"SGD 24-M\" class=\"woocommerce-LoopProduct-link woocommerce-loop-product__link\">SGD 24-M<\/a><\/div>\n\t<span class=\"price\"><span class=\"woocommerce-Price-amount amount\"><bdi><span class=\"woocommerce-Price-currencySymbol\">&euro;<\/span>86,70<\/bdi><\/span> <small class=\"woocommerce-price-suffix\">ex. tax<\/small><\/span>\n<div class=\"card-short-description\">Compteur \u00e0 \u00e9cran TFT programmable de 2,4 pouces<\/div><\/a><a href=\"\/fr\/wp-json\/wp\/v2\/pages\/44306?add-to-cart=30379\" aria-describedby=\"woocommerce_loop_add_to_cart_link_describedby_30379\" data-quantity=\"1\" class=\"button product_type_simple add_to_cart_button ajax_add_to_cart\" data-product_id=\"30379\" data-product_sku=\"SGD 24-M\" aria-label=\"Ajouter au panier\u00a0: &ldquo;SGD 24-M&rdquo;\" rel=\"nofollow\" data-success_message=\"\u00ab\u00a0SGD 24-M\u00a0\u00bb a \u00e9t\u00e9 ajout\u00e9 \u00e0 votre panier\" role=\"button\">Ajouter au panier<\/a>\t<span id=\"woocommerce_loop_add_to_cart_link_describedby_30379\" class=\"screen-reader-text\">\n\t\t\t<\/span>\n<span class=\"gtm4wp_productdata\" style=\"display:none; visibility:hidden;\" data-gtm4wp_product_data=\"{&quot;internal_id&quot;:30379,&quot;item_id&quot;:30379,&quot;item_name&quot;:&quot;SGD 24-M&quot;,&quot;sku&quot;:&quot;SGD 24-M&quot;,&quot;price&quot;:86.7,&quot;stocklevel&quot;:7,&quot;stockstatus&quot;:&quot;instock&quot;,&quot;google_business_vertical&quot;:&quot;retail&quot;,&quot;item_category&quot;:&quot;Uncategorized&quot;,&quot;id&quot;:30379,&quot;productlink&quot;:&quot;https:\\\/\\\/praxas.com\\\/fr\\\/product\\\/uncategorized-fr\\\/sgd-24-m\\\/&quot;,&quot;item_list_name&quot;:&quot;Liste g\\u00e9n\\u00e9rale des produits&quot;,&quot;index&quot;:1,&quot;product_type&quot;:&quot;simple&quot;,&quot;item_brand&quot;:&quot;&quot;}\"><\/span><\/div><div class=\"product-card-footer\"><\/div><\/div><\/li>\n<li class=\"product type-product post-29339 status-publish instock product_cat-uncategorized-fr product_tag-affichage product_tag-ihm has-post-thumbnail taxable shipping-taxable purchasable product-type-simple\">\n\t<a href=\"https:\/\/praxas.com\/fr\/product\/uncategorized-fr\/sgd-43-a\/\" class=\"woocommerce-LoopProduct-link woocommerce-loop-product__link\"><div class=\"product-inner\"><div class=\"product-content-catname\">Uncategorized<\/div><div class=\"woocommerce-image__wrapper\"><a href=\"https:\/\/praxas.com\/fr\/product\/uncategorized-fr\/sgd-43-a\/\" title=\"SGD 43-A\" class=\"woocommerce-LoopProduct-link woocommerce-loop-product__link\"><img loading=\"lazy\" decoding=\"async\" width=\"300\" height=\"174\" src=\"https:\/\/praxas.com\/wp-content\/uploads\/front-on-2-300x174.png\" class=\"attachment-woocommerce_thumbnail size-woocommerce_thumbnail\" alt=\"SGD-43-A\" srcset=\"https:\/\/praxas.com\/wp-content\/uploads\/front-on-2-300x174.png 300w, https:\/\/praxas.com\/wp-content\/uploads\/front-on-2-768x444.png 768w, https:\/\/praxas.com\/wp-content\/uploads\/front-on-2-120x69.png 120w, https:\/\/praxas.com\/wp-content\/uploads\/front-on-2-441x255.png 441w, https:\/\/praxas.com\/wp-content\/uploads\/front-on-2-150x87.png 150w, https:\/\/praxas.com\/wp-content\/uploads\/front-on-2.png 800w\" sizes=\"auto, (max-width: 360px) 147px, (max-width: 300px) 100vw, 300px\" \/>\t\t\t\n\t<\/a><\/div><div class=\"woocommerce-card__header\">\t\t\t\t\t<p class=\"product__categories\"><a href=\"https:\/\/praxas.com\/fr\/categorie-produit\/uncategorized-fr\/\" rel=\"tag\">Uncategorized<\/a><\/p>\t\t\t\t<div class=\"woocommerce-loop-product__title\"><a tabindex=\"0\" href=\"https:\/\/praxas.com\/fr\/product\/uncategorized-fr\/sgd-43-a\/\" aria-label=\"SGD 43-A\" class=\"woocommerce-LoopProduct-link woocommerce-loop-product__link\">SGD 43-A<\/a><\/div>\n\t<span class=\"price\"><span class=\"woocommerce-Price-amount amount\"><bdi><span class=\"woocommerce-Price-currencySymbol\">&euro;<\/span>247,75<\/bdi><\/span> <small class=\"woocommerce-price-suffix\">ex. tax<\/small><\/span>\n<div class=\"card-short-description\">4.3\" avec interfaces analogiques, num\u00e9riques, PWM et s\u00e9rie<\/div><\/a><a href=\"\/fr\/wp-json\/wp\/v2\/pages\/44306?add-to-cart=29339\" aria-describedby=\"woocommerce_loop_add_to_cart_link_describedby_29339\" data-quantity=\"1\" class=\"button product_type_simple add_to_cart_button ajax_add_to_cart\" data-product_id=\"29339\" data-product_sku=\"SGD 43-A\" aria-label=\"Ajouter au panier\u00a0: &ldquo;SGD 43-A&rdquo;\" rel=\"nofollow\" data-success_message=\"\u00ab\u00a0SGD 43-A\u00a0\u00bb a \u00e9t\u00e9 ajout\u00e9 \u00e0 votre panier\" role=\"button\">Ajouter au panier<\/a>\t<span id=\"woocommerce_loop_add_to_cart_link_describedby_29339\" class=\"screen-reader-text\">\n\t\t\t<\/span>\n<span class=\"gtm4wp_productdata\" style=\"display:none; visibility:hidden;\" data-gtm4wp_product_data=\"{&quot;internal_id&quot;:29339,&quot;item_id&quot;:29339,&quot;item_name&quot;:&quot;SGD 43-A&quot;,&quot;sku&quot;:&quot;SGD 43-A&quot;,&quot;price&quot;:247.75,&quot;stocklevel&quot;:5,&quot;stockstatus&quot;:&quot;instock&quot;,&quot;google_business_vertical&quot;:&quot;retail&quot;,&quot;item_category&quot;:&quot;&quot;,&quot;id&quot;:29339,&quot;productlink&quot;:&quot;https:\\\/\\\/praxas.com\\\/fr\\\/product\\\/uncategorized-fr\\\/sgd-43-a\\\/&quot;,&quot;item_list_name&quot;:&quot;Liste g\\u00e9n\\u00e9rale des produits&quot;,&quot;index&quot;:2,&quot;product_type&quot;:&quot;simple&quot;,&quot;item_brand&quot;:&quot;&quot;}\"><\/span><\/div><div class=\"product-card-footer\"><\/div><\/div><\/li>\n<\/ul>\n<\/div>\n\n\n\n<div class=\"wp-block-buttons is-content-justification-center is-layout-flex wp-container-core-buttons-is-layout-a89b3969 wp-block-buttons-is-layout-flex\">\n<div class=\"wp-block-button\"><a class=\"wp-block-button__link has-background wp-element-button\" href=\"https:\/\/praxas.com\/product-category\/displays\/\" style=\"border-radius:6px;background-color:#009ee0\"><strong>En savoir plus<\/strong> <strong>Produits<\/strong><\/a><\/div>\n<\/div>\n<\/div>\n<\/div>\n<\/div>\n\n<div style=\"height:80px\" aria-hidden=\"true\" class=\"wp-block-spacer\"><\/div>\n\n<div class=\"wp-block-group alignfull has-global-padding is-layout-constrained wp-container-core-group-is-layout-a4c69c57 wp-block-group-is-layout-constrained\">\n<div class=\"wp-block-columns is-layout-flex wp-container-core-columns-is-layout-28f84493 wp-block-columns-is-layout-flex\">\n<div class=\"wp-block-column has-background is-layout-flow wp-block-column-is-layout-flow\" style=\"background-color:#e5e5e5;padding-top:var(--wp--preset--spacing--medium);padding-right:var(--wp--preset--spacing--medium);padding-bottom:var(--wp--preset--spacing--medium);padding-left:var(--wp--preset--spacing--medium)\">\n<h5 class=\"wp-block-heading has-text-align-center has-text-color has-link-color has-large-font-size wp-elements-28cc8641533d3cc1a3c8e28a7c93f4b2\" style=\"color:#009ee0\">Logiciel PanelPilot : Simplifiez, personnalisez, optimisez<\/h5>\n\n\n\n<div class=\"wp-block-columns is-layout-flex wp-container-core-columns-is-layout-28f84493 wp-block-columns-is-layout-flex\">\n<div class=\"wp-block-column is-layout-flow wp-block-column-is-layout-flow\" style=\"flex-basis:40%\">\n<figure class=\"wp-block-image aligncenter size-full is-resized has-custom-border\"><img loading=\"lazy\" decoding=\"async\" width=\"500\" height=\"250\" src=\"https:\/\/praxas.com\/wp-content\/uploads\/PP-software.jpg\" alt=\"PanelPilot Software-esc image pour la page d'atterrissage\" class=\"wp-image-44289\" style=\"border-radius:15px;width:313px;height:auto\" srcset=\"https:\/\/praxas.com\/wp-content\/uploads\/PP-software.jpg 500w, https:\/\/praxas.com\/wp-content\/uploads\/PP-software-300x150.jpg 300w, https:\/\/praxas.com\/wp-content\/uploads\/PP-software-120x60.jpg 120w, https:\/\/praxas.com\/wp-content\/uploads\/PP-software-441x221.jpg 441w, https:\/\/praxas.com\/wp-content\/uploads\/PP-software-350x175.jpg 350w, https:\/\/praxas.com\/wp-content\/uploads\/PP-software-150x75.jpg 150w\" sizes=\"auto, (max-width: 500px) 100vw, 500px\" \/><\/figure>\n<\/div>\n\n\n\n<div class=\"wp-block-column is-layout-flow wp-block-column-is-layout-flow\" style=\"flex-basis:70%\">\n<p>G\u00e9rez et optimisez facilement vos dispositifs d&rsquo;affichage, y compris PanelPilot M, B et ACE, gr\u00e2ce \u00e0 un logiciel d\u00e9di\u00e9 \u00e0 la personnalisation, \u00e0 la configuration des entr\u00e9es et aux mises \u00e0 jour de l&rsquo;affichage.<\/p>\n\n\n\n<div class=\"wp-block-buttons is-content-justification-right is-layout-flex wp-container-core-buttons-is-layout-d445cf74 wp-block-buttons-is-layout-flex\">\n<div class=\"wp-block-button\"><a class=\"wp-block-button__link has-background has-text-align-center wp-element-button\" href=\"https:\/\/praxas.com\/fr\/logiciel\/logiciel-panelpilot\/\" style=\"border-radius:6px;background-color:#009ee0\"><strong>En savoir plus<\/strong><\/a><\/div>\n<\/div>\n<\/div>\n<\/div>\n<\/div>\n<\/div>\n<\/div>\n\n<div style=\"height:80px\" aria-hidden=\"true\" class=\"wp-block-spacer\"><\/div>\n","protected":false},"excerpt":{"rendered":"<p>La solution d&rsquo;affichage ultime PanelPilot associe une technologie d&rsquo;affichage de pointe \u00e0 une conception intuitive afin de fournir une surveillance pr\u00e9cise et fiable pour les applications critiques. Qu&rsquo;il s&rsquo;agisse d&rsquo;optimiser des syst\u00e8mes industriels, de faire progresser la recherche ou de surveiller les conditions environnementales, PanelPilot offre une visualisation et un contr\u00f4le en temps r\u00e9el gr\u00e2ce [&hellip;]<\/p>\n","protected":false},"author":8383,"featured_media":0,"parent":0,"menu_order":0,"comment_status":"closed","ping_status":"closed","template":"template-fullwidth-no-heading.php","meta":{"_acf_changed":false,"content-type":"","_uag_custom_page_level_css":"","footnotes":""},"class_list":["post-44306","page","type-page","status-publish","hentry"],"acf":[],"spectra_custom_meta":{"hero_image":[""],"_hero_image":["field_64f1a7da7af44"],"_hero_h1":["field_64f19e1edd052"],"_hero_h2":["field_64f19e2ddd053"],"_hero_text":["field_64f19e42dd054"],"_hero_button_text":["field_64f19e4edd055"],"_hero_button_link":["field_64f19e5ddd056"],"_top_nav_excluded":[""],"_cms_nav_minihome":[""],"_wp_page_template":["template-fullwidth-no-heading.php"],"rank_math_focus_keyword":["PanelPilot"],"_last_translation_edit_mode":["translation-editor"],"rank_math_og_content_image":["a:2:{s:5:\"check\";s:32:\"26c69a52eba14be5103da60f9d848653\";s:6:\"images\";a:1:{i:0;i:44251;}}"],"rank_math_analytic_object_id":["963"],"_uag_css_file_name":["uag-css-44306.css"],"_uag_page_assets":["a:9:{s:3:\"css\";s:263:\".uag-blocks-common-selector{z-index:var(--z-index-desktop) !important}@media (max-width: 976px){.uag-blocks-common-selector{z-index:var(--z-index-tablet) !important}}@media (max-width: 767px){.uag-blocks-common-selector{z-index:var(--z-index-mobile) !important}}\n\";s:2:\"js\";s:0:\"\";s:18:\"current_block_list\";a:11:{i:0;s:10:\"core\/cover\";i:1;s:12:\"core\/columns\";i:2;s:11:\"core\/column\";i:3;s:10:\"core\/image\";i:4;s:11:\"core\/spacer\";i:5;s:12:\"core\/heading\";i:6;s:14:\"core\/paragraph\";i:7;s:12:\"core\/buttons\";i:8;s:11:\"core\/button\";i:9;s:10:\"core\/group\";i:10;s:14:\"core\/shortcode\";}s:8:\"uag_flag\";b:0;s:11:\"uag_version\";s:10:\"1777651425\";s:6:\"gfonts\";a:0:{}s:10:\"gfonts_url\";s:0:\"\";s:12:\"gfonts_files\";a:0:{}s:14:\"uag_faq_layout\";b:0;}"]},"uagb_featured_image_src":{"full":false,"thumbnail":false,"medium":false,"medium_large":false,"large":false,"1536x1536":false,"2048x2048":false,"crunchify-admin-post-featured-image":false,"commercegurus-pdp-large":false,"commercegurus-plp-mobile":false,"cgkit_image_swatch":false,"woocommerce_thumbnail":false,"woocommerce_single":false,"woocommerce_gallery_thumbnail":false},"uagb_author_info":{"display_name":"Alex James","author_link":"https:\/\/praxas.com\/fr\/author\/alex\/"},"uagb_comment_info":0,"uagb_excerpt":"La solution d&rsquo;affichage ultime PanelPilot associe une technologie d&rsquo;affichage de pointe \u00e0 une conception intuitive afin de fournir une surveillance pr\u00e9cise et fiable pour les applications critiques. Qu&rsquo;il s&rsquo;agisse d&rsquo;optimiser des syst\u00e8mes industriels, de faire progresser la recherche ou de surveiller les conditions environnementales, PanelPilot offre une visualisation et un contr\u00f4le en temps r\u00e9el gr\u00e2ce\u2026","_links":{"self":[{"href":"https:\/\/praxas.com\/fr\/wp-json\/wp\/v2\/pages\/44306","targetHints":{"allow":["GET"]}}],"collection":[{"href":"https:\/\/praxas.com\/fr\/wp-json\/wp\/v2\/pages"}],"about":[{"href":"https:\/\/praxas.com\/fr\/wp-json\/wp\/v2\/types\/page"}],"author":[{"embeddable":true,"href":"https:\/\/praxas.com\/fr\/wp-json\/wp\/v2\/users\/8383"}],"replies":[{"embeddable":true,"href":"https:\/\/praxas.com\/fr\/wp-json\/wp\/v2\/comments?post=44306"}],"version-history":[{"count":1,"href":"https:\/\/praxas.com\/fr\/wp-json\/wp\/v2\/pages\/44306\/revisions"}],"predecessor-version":[{"id":44307,"href":"https:\/\/praxas.com\/fr\/wp-json\/wp\/v2\/pages\/44306\/revisions\/44307"}],"wp:attachment":[{"href":"https:\/\/praxas.com\/fr\/wp-json\/wp\/v2\/media?parent=44306"}],"curies":[{"name":"wp","href":"https:\/\/api.w.org\/{rel}","templated":true}]}}