{"id":44335,"date":"2025-01-07T12:21:29","date_gmt":"2025-01-07T12:21:29","guid":{"rendered":"https:\/\/praxas.com\/arctiko\/"},"modified":"2025-07-15T11:05:31","modified_gmt":"2025-07-15T11:05:31","slug":"arctiko","status":"publish","type":"page","link":"https:\/\/praxas.com\/fr\/arctiko\/","title":{"rendered":"ARCTIKO"},"content":{"rendered":"\n<div class=\"wp-block-cover alignfull is-light\" style=\"min-height:850px;aspect-ratio:unset;\"><img loading=\"lazy\" decoding=\"async\" width=\"2450\" height=\"1330\" class=\"wp-block-cover__image-background wp-image-44322\" alt=\"Arctiko Brand landing page banner\" src=\"https:\/\/praxas.com\/wp-content\/uploads\/Praxas-Arctiko-banner-1.jpg\" data-object-fit=\"cover\" srcset=\"https:\/\/praxas.com\/wp-content\/uploads\/Praxas-Arctiko-banner-1.jpg 2450w, https:\/\/praxas.com\/wp-content\/uploads\/Praxas-Arctiko-banner-1-300x163.jpg 300w, https:\/\/praxas.com\/wp-content\/uploads\/Praxas-Arctiko-banner-1-1024x556.jpg 1024w, https:\/\/praxas.com\/wp-content\/uploads\/Praxas-Arctiko-banner-1-768x417.jpg 768w, https:\/\/praxas.com\/wp-content\/uploads\/Praxas-Arctiko-banner-1-1536x834.jpg 1536w, https:\/\/praxas.com\/wp-content\/uploads\/Praxas-Arctiko-banner-1-2048x1112.jpg 2048w, https:\/\/praxas.com\/wp-content\/uploads\/Praxas-Arctiko-banner-1-120x65.jpg 120w, https:\/\/praxas.com\/wp-content\/uploads\/Praxas-Arctiko-banner-1-990x537.jpg 990w, https:\/\/praxas.com\/wp-content\/uploads\/Praxas-Arctiko-banner-1-441x239.jpg 441w, https:\/\/praxas.com\/wp-content\/uploads\/Praxas-Arctiko-banner-1-350x190.jpg 350w, https:\/\/praxas.com\/wp-content\/uploads\/Praxas-Arctiko-banner-1-800x434.jpg 800w, https:\/\/praxas.com\/wp-content\/uploads\/Praxas-Arctiko-banner-1-150x81.jpg 150w\" sizes=\"auto, (max-width: 2450px) 100vw, 2450px\" \/><span aria-hidden=\"true\" class=\"wp-block-cover__background has-cyan-bluish-gray-background-color has-background-dim-0 has-background-dim\"><\/span><div class=\"wp-block-cover__inner-container has-global-padding is-layout-constrained wp-container-core-cover-is-layout-a4c69c57 wp-block-cover-is-layout-constrained\">\n<div class=\"wp-block-columns is-layout-flex wp-container-core-columns-is-layout-28f84493 wp-block-columns-is-layout-flex\">\n<div class=\"wp-block-column is-layout-flow wp-block-column-is-layout-flow\" style=\"flex-basis:50%\">\n<figure class=\"wp-block-image alignleft size-full is-resized\"><img loading=\"lazy\" decoding=\"async\" width=\"426\" height=\"105\" src=\"https:\/\/praxas.com\/wp-content\/uploads\/Arctiko-Logo.png\" alt=\"\" class=\"wp-image-44225\" style=\"width:200px\" srcset=\"https:\/\/praxas.com\/wp-content\/uploads\/Arctiko-Logo.png 426w, https:\/\/praxas.com\/wp-content\/uploads\/Arctiko-Logo-300x74.png 300w, https:\/\/praxas.com\/wp-content\/uploads\/Arctiko-Logo-120x30.png 120w, https:\/\/praxas.com\/wp-content\/uploads\/Arctiko-Logo-350x86.png 350w, https:\/\/praxas.com\/wp-content\/uploads\/Arctiko-Logo-150x37.png 150w\" sizes=\"auto, (max-width: 426px) 100vw, 426px\" \/><\/figure>\n\n\n\n<div style=\"height:50px\" aria-hidden=\"true\" class=\"wp-block-spacer\"><\/div>\n\n\n\n<h1 class=\"wp-block-heading has-text-color has-link-color wp-elements-2dc037986905fc9dcc7ca45e14753ae3\" style=\"color:#009ee0\">ARCTIKO : Red\u00e9finir l&rsquo;excellence en mati\u00e8re d&rsquo;entreposage frigorifique<\/h1>\n\n\n\n<div style=\"height:10px\" aria-hidden=\"true\" class=\"wp-block-spacer\"><\/div>\n\n\n\n<p class=\"has-black-color has-text-color has-link-color wp-elements-83f59ad13b49f9ec8b08987a35e0e5bf\"><a href=\"https:\/\/arctiko.com\" data-type=\"link\" data-id=\"https:\/\/arctiko.com\" target=\"_blank\" rel=\"noopener\">ARCTIKO<\/a> est un leader dans le domaine des solutions de stockage \u00e0 temp\u00e9rature contr\u00f4l\u00e9e, fournissant une technologie de r\u00e9frig\u00e9ration avanc\u00e9e pour la recherche scientifique, les soins de sant\u00e9 et autres. Avec un h\u00e9ritage d&rsquo;ing\u00e9nierie de pr\u00e9cision et un accent mis sur la durabilit\u00e9, ils fournissent des cong\u00e9lateurs et des r\u00e9frig\u00e9rateurs sur mesure qui assurent la pr\u00e9servation en toute s\u00e9curit\u00e9 des mat\u00e9riaux critiques. Des laboratoires aux h\u00f4pitaux, ils \u00e9tablissent la norme en mati\u00e8re de fiabilit\u00e9, d&rsquo;efficacit\u00e9 et d&rsquo;innovation, permettant aux industries d&rsquo;exceller m\u00eame dans les environnements les plus exigeants.  <\/p>\n\n\n\n<div class=\"wp-block-buttons is-content-justification-right is-layout-flex wp-container-core-buttons-is-layout-d445cf74 wp-block-buttons-is-layout-flex\">\n<div class=\"wp-block-button\"><a class=\"wp-block-button__link has-background wp-element-button\" href=\"\/en?product_cat=refrigeration_products\" style=\"border-radius:6px;background-color:#205d8f\"><strong>Explorer les produits<\/strong><\/a><\/div>\n\n\n\n<div class=\"wp-block-button is-style-outline is-style-outline--1\"><a class=\"wp-block-button__link has-text-color has-link-color wp-element-button\" href=\"https:\/\/praxas.com\/fr\/contactez-nous\/\" style=\"border-radius:6px;color:#205d8f\"><strong>Parlez \u00e0 un expert<\/strong><\/a><\/div>\n<\/div>\n\n\n\n<div style=\"height:100px\" aria-hidden=\"true\" class=\"wp-block-spacer\"><\/div>\n<\/div>\n\n\n\n<div class=\"wp-block-column is-layout-flow wp-block-column-is-layout-flow\"><\/div>\n<\/div>\n<\/div><\/div>\n\n<div class=\"wp-block-group alignfull has-background has-global-padding is-layout-constrained wp-container-core-group-is-layout-a4c69c57 wp-block-group-is-layout-constrained\" style=\"background-color:#205d8f\">\n<div style=\"height:20px\" aria-hidden=\"true\" class=\"wp-block-spacer\"><\/div>\n\n\n\n<h2 class=\"wp-block-heading has-text-align-center has-white-color has-text-color has-link-color wp-elements-622a8097b4305e3e8856120e6de75d1f\">La solution parfaite pour l&rsquo;entreposage frigorifique<\/h2>\n\n\n\n<p class=\"has-text-align-center has-white-color has-text-color has-link-color wp-elements-367fb271a479dea955b97389377ff8ff\">Ces syst\u00e8mes de r\u00e9frig\u00e9ration de pointe sont con\u00e7us pour r\u00e9pondre aux normes les plus strictes en mati\u00e8re d&rsquo;entreposage frigorifique. Des cong\u00e9lateurs \u00e0 ultra-basse temp\u00e9rature (ULT) maintenant une temp\u00e9rature de -40\u00b0C \u00e0 -86\u00b0C pour les \u00e9chantillons biologiques et les vaccins, aux r\u00e9frig\u00e9rateurs biom\u00e9dicaux qui garantissent des conditions pr\u00e9cises pour les r\u00e9actifs et les mat\u00e9riaux, ils offrent une pr\u00e9cision et une fiabilit\u00e9 in\u00e9gal\u00e9es. Leurs solutions de stockage pour les banques de sang garantissent une s\u00e9curit\u00e9 et des performances optimales pour les applications m\u00e9dicales critiques. Alliant efficacit\u00e9 \u00e9nerg\u00e9tique et conception conviviale, ARCTIKO propose une gamme compl\u00e8te de syst\u00e8mes d&rsquo;entreposage frigorifique adapt\u00e9s \u00e0 des besoins sp\u00e9cifiques, ce qui en fait le choix de confiance des professionnels du monde entier.<\/p>\n\n\n\n<div style=\"height:50px\" aria-hidden=\"true\" class=\"wp-block-spacer\"><\/div>\n<\/div>\n\n<div class=\"wp-block-group alignfull has-global-padding is-layout-constrained wp-container-core-group-is-layout-a4c69c57 wp-block-group-is-layout-constrained\">\n<div style=\"height:30px\" aria-hidden=\"true\" class=\"wp-block-spacer\"><\/div>\n\n\n\n<div class=\"wp-block-columns is-layout-flex wp-container-core-columns-is-layout-28f84493 wp-block-columns-is-layout-flex\">\n<div class=\"wp-block-column is-layout-flow wp-block-column-is-layout-flow\">\n<h3 class=\"wp-block-heading has-text-color has-link-color wp-elements-5f25855050e753c5f4abbb7329bd2767\" style=\"color:#009ee0\">Restez \u00e0 jour<\/h3>\n\n\n\n<p>Inscrivez-vous pour recevoir les derni\u00e8res mises \u00e0 jour, y compris des informations sur les produits, des conseils en mati\u00e8re de conformit\u00e9 et des informations sur le secteur.<\/p>\n\n\n<p><script src=\"https:\/\/js.hsforms.net\/forms\/embed\/22752398.js\" defer><\/script><\/p>\n<div class=\"hs-form-frame\" data-region=\"na1\" data-form-id=\"dbef3b09-315d-471b-bb3b-bf2cc435cdc7\" data-portal-id=\"22752398\"><\/div>\n<\/div>\n\n\n\n<div class=\"wp-block-column is-layout-flow wp-block-column-is-layout-flow\">\n<figure class=\"wp-block-image alignright size-full is-resized has-custom-border\"><img loading=\"lazy\" decoding=\"async\" width=\"1200\" height=\"1200\" src=\"https:\/\/praxas.com\/wp-content\/uploads\/Fridges-2.jpg\" alt=\"\" class=\"wp-image-44233\" style=\"border-radius:15px;width:403px;height:auto\" srcset=\"https:\/\/praxas.com\/wp-content\/uploads\/Fridges-2.jpg 1200w, https:\/\/praxas.com\/wp-content\/uploads\/Fridges-2-300x300.jpg 300w, https:\/\/praxas.com\/wp-content\/uploads\/Fridges-2-1024x1024.jpg 1024w, https:\/\/praxas.com\/wp-content\/uploads\/Fridges-2-150x150.jpg 150w, https:\/\/praxas.com\/wp-content\/uploads\/Fridges-2-768x768.jpg 768w, https:\/\/praxas.com\/wp-content\/uploads\/Fridges-2-120x120.jpg 120w, https:\/\/praxas.com\/wp-content\/uploads\/Fridges-2-990x990.jpg 990w, https:\/\/praxas.com\/wp-content\/uploads\/Fridges-2-441x441.jpg 441w, https:\/\/praxas.com\/wp-content\/uploads\/Fridges-2-100x100.jpg 100w, https:\/\/praxas.com\/wp-content\/uploads\/Fridges-2-350x350.jpg 350w, https:\/\/praxas.com\/wp-content\/uploads\/Fridges-2-800x800.jpg 800w\" sizes=\"auto, (max-width: 1200px) 100vw, 1200px\" \/><\/figure>\n<\/div>\n<\/div>\n<\/div>\n\n<div style=\"height:60px\" aria-hidden=\"true\" class=\"wp-block-spacer\"><\/div>\n\n<div class=\"wp-block-group alignfull has-global-padding is-layout-constrained wp-container-core-group-is-layout-a4c69c57 wp-block-group-is-layout-constrained\">\n<div class=\"wp-block-columns is-layout-flex wp-container-core-columns-is-layout-28f84493 wp-block-columns-is-layout-flex\">\n<div class=\"wp-block-column is-layout-flow wp-block-column-is-layout-flow\">\n<h4 class=\"wp-block-heading has-text-align-center has-text-color has-link-color has-large-font-size wp-elements-3ed52e3c916e47df50295e91ea453142\" style=\"color:#009ee0\">D\u00e9couvrez les produits ARCTIKO<\/h4>\n\n\n<div class=\"woocommerce columns-3 \"><ul class=\"products columns-3\">\n<li class=\"product type-product post-31093 status-publish first instock product_cat-refrigerateurs product_cat-1c-10c-refrigerateurs-pharmaceutiques-et-biomedicaux product_cat-refrigeration_produits product_tag-arctiko-fr product_tag-refrigerateur product_tag-sous-comptoir has-post-thumbnail taxable shipping-taxable purchasable product-type-simple\">\n\t<a href=\"https:\/\/praxas.com\/fr\/product\/refrigeration_produits\/refrigerateurs\/petit-refrigerateur-biomedical-pr-100\/\" class=\"woocommerce-LoopProduct-link woocommerce-loop-product__link\"><div class=\"product-inner\"><div class=\"product-content-catname\">R\u00e9frig\u00e9rateurs<\/div><div class=\"woocommerce-image__wrapper\"><a href=\"https:\/\/praxas.com\/fr\/product\/refrigeration_produits\/refrigerateurs\/petit-refrigerateur-biomedical-pr-100\/\" title=\"Petit r\u00e9frig\u00e9rateur biom\u00e9dical PR 100\" class=\"woocommerce-LoopProduct-link woocommerce-loop-product__link\"><img loading=\"lazy\" decoding=\"async\" width=\"350\" height=\"203\" src=\"https:\/\/praxas.com\/wp-content\/uploads\/PR_PF-100-350x203.jpg\" class=\"attachment-woocommerce_thumbnail size-woocommerce_thumbnail\" alt=\"Petit r\u00e9frig\u00e9rateur biom\u00e9dical PR 100\" srcset=\"https:\/\/praxas.com\/wp-content\/uploads\/PR_PF-100-350x203.jpg 350w, https:\/\/praxas.com\/wp-content\/uploads\/PR_PF-100-300x174.jpg 300w, https:\/\/praxas.com\/wp-content\/uploads\/PR_PF-100-768x444.jpg 768w, https:\/\/praxas.com\/wp-content\/uploads\/PR_PF-100-120x69.jpg 120w, https:\/\/praxas.com\/wp-content\/uploads\/PR_PF-100-441x255.jpg 441w, https:\/\/praxas.com\/wp-content\/uploads\/PR_PF-100-150x87.jpg 150w, https:\/\/praxas.com\/wp-content\/uploads\/PR_PF-100.jpg 800w\" sizes=\"auto, (max-width: 360px) 147px, (max-width: 350px) 100vw, 350px\" \/>\t\t\t\n\t<\/a><\/div><div class=\"woocommerce-card__header\">\t\t\t\t\t<p class=\"product__categories\"><a href=\"https:\/\/praxas.com\/fr\/categorie-produit\/refrigeration_produits\/refrigerateurs\/\" rel=\"tag\">R\u00e9frig\u00e9rateurs<\/a>, <a href=\"https:\/\/praxas.com\/fr\/categorie-produit\/refrigeration_produits\/refrigerateurs\/1c-10c-refrigerateurs-pharmaceutiques-et-biomedicaux\/\" rel=\"tag\">+1\u00b0C \/ +10\u00b0C R\u00e9frig\u00e9rateurs pharmaceutiques et biom\u00e9dicaux<\/a>, <a href=\"https:\/\/praxas.com\/fr\/categorie-produit\/refrigeration_produits\/\" rel=\"tag\">R\u00e9frig\u00e9ration<\/a><\/p>\t\t\t\t<div class=\"woocommerce-loop-product__title\"><a tabindex=\"0\" href=\"https:\/\/praxas.com\/fr\/product\/refrigeration_produits\/refrigerateurs\/petit-refrigerateur-biomedical-pr-100\/\" aria-label=\"Petit r\u00e9frig\u00e9rateur biom\u00e9dical PR 100\" class=\"woocommerce-LoopProduct-link woocommerce-loop-product__link\">Petit r\u00e9frig\u00e9rateur biom\u00e9dical PR 100<\/a><\/div>\n\t<span class=\"price\"><span class=\"woocommerce-Price-amount amount\"><bdi><span class=\"woocommerce-Price-currencySymbol\">&euro;<\/span>4.545,00<\/bdi><\/span> <small class=\"woocommerce-price-suffix\">ex. tax<\/small><\/span>\n<div class=\"card-short-description\"><ul class=\"small d-none d-sm-block ulnoindent\">\n \t<li class=\"fLight\">+1 \u00b0C\/ +10 \u00b0C<\/li>\n \t<li class=\"fLight\">Mod\u00e8le d'\u00e9tabli\/de comptoir - 94 L.<\/li>\n \t<li class=\"fLight\">Refroidissement par air puls\u00e9<\/li>\n \t<li>Int\u00e9rieur en acier inoxydable<\/li>\n \t<li>\u00c9tag\u00e8res r\u00e9glables<\/li>\n \t<li>Serrure \u00e0 cl\u00e9 sur la porte<\/li>\n \t<li>D\u00e9givrage automatique<\/li>\n \t<li>Disponible avec ATEX<\/li>\n<\/ul><\/div><\/a><a href=\"\/fr\/wp-json\/wp\/v2\/pages\/44335?add-to-cart=31093\" aria-describedby=\"woocommerce_loop_add_to_cart_link_describedby_31093\" data-quantity=\"1\" class=\"button product_type_simple add_to_cart_button ajax_add_to_cart\" data-product_id=\"31093\" data-product_sku=\"DAI 0895\" aria-label=\"Ajouter au panier\u00a0: &ldquo;Petit r\u00e9frig\u00e9rateur biom\u00e9dical PR 100&rdquo;\" rel=\"nofollow\" data-success_message=\"\u00ab\u00a0Petit r\u00e9frig\u00e9rateur biom\u00e9dical PR 100\u00a0\u00bb a \u00e9t\u00e9 ajout\u00e9 \u00e0 votre panier\" role=\"button\">Ajouter au panier<\/a>\t<span id=\"woocommerce_loop_add_to_cart_link_describedby_31093\" class=\"screen-reader-text\">\n\t\t\t<\/span>\n<span class=\"gtm4wp_productdata\" style=\"display:none; visibility:hidden;\" data-gtm4wp_product_data=\"{&quot;internal_id&quot;:31093,&quot;item_id&quot;:31093,&quot;item_name&quot;:&quot;Petit r\\u00e9frig\\u00e9rateur biom\\u00e9dical PR 100&quot;,&quot;sku&quot;:&quot;DAI 0895&quot;,&quot;price&quot;:4545,&quot;stocklevel&quot;:null,&quot;stockstatus&quot;:&quot;instock&quot;,&quot;google_business_vertical&quot;:&quot;retail&quot;,&quot;item_category&quot;:&quot;R\\u00e9frig\\u00e9rateurs&quot;,&quot;id&quot;:31093,&quot;productlink&quot;:&quot;https:\\\/\\\/praxas.com\\\/fr\\\/product\\\/refrigeration_produits\\\/refrigerateurs\\\/petit-refrigerateur-biomedical-pr-100\\\/&quot;,&quot;item_list_name&quot;:&quot;Liste g\\u00e9n\\u00e9rale des produits&quot;,&quot;index&quot;:1,&quot;product_type&quot;:&quot;simple&quot;,&quot;item_brand&quot;:&quot;&quot;}\"><\/span><\/div><div class=\"product-card-footer\"><\/div><\/div><\/li>\n<li class=\"product type-product post-31089 status-publish instock product_cat-refrigerateurs-pour-banques-de-sang product_cat-refrigeration_produits product_tag-arctiko-fr product_tag-refrigerateur has-post-thumbnail taxable shipping-taxable purchasable product-type-simple\">\n\t<a href=\"https:\/\/praxas.com\/fr\/product\/refrigeration_produits\/refrigerateurs-pour-banques-de-sang\/refrigerateur-moyen-pour-banques-de-sang-bbr-700-d\/\" class=\"woocommerce-LoopProduct-link woocommerce-loop-product__link\"><div class=\"product-inner\"><div class=\"product-content-catname\">R\u00e9frig\u00e9rateurs pour banques de sang<\/div><div class=\"woocommerce-image__wrapper\"><a href=\"https:\/\/praxas.com\/fr\/product\/refrigeration_produits\/refrigerateurs-pour-banques-de-sang\/refrigerateur-moyen-pour-banques-de-sang-bbr-700-d\/\" title=\"R\u00e9frig\u00e9rateur moyen pour banques de sang BBR 700-D\" class=\"woocommerce-LoopProduct-link woocommerce-loop-product__link\"><img loading=\"lazy\" decoding=\"async\" width=\"350\" height=\"203\" src=\"https:\/\/praxas.com\/wp-content\/uploads\/BBR-700-800x463-1-350x203.jpg\" class=\"attachment-woocommerce_thumbnail size-woocommerce_thumbnail\" alt=\"R\u00e9frig\u00e9rateur moyen pour banques de sang BBR 700-D\" srcset=\"https:\/\/praxas.com\/wp-content\/uploads\/BBR-700-800x463-1-350x203.jpg 350w, https:\/\/praxas.com\/wp-content\/uploads\/BBR-700-800x463-1-300x174.jpg 300w, https:\/\/praxas.com\/wp-content\/uploads\/BBR-700-800x463-1-768x444.jpg 768w, https:\/\/praxas.com\/wp-content\/uploads\/BBR-700-800x463-1-120x69.jpg 120w, https:\/\/praxas.com\/wp-content\/uploads\/BBR-700-800x463-1-441x255.jpg 441w, https:\/\/praxas.com\/wp-content\/uploads\/BBR-700-800x463-1-150x87.jpg 150w, https:\/\/praxas.com\/wp-content\/uploads\/BBR-700-800x463-1.jpg 800w\" sizes=\"auto, (max-width: 360px) 147px, (max-width: 350px) 100vw, 350px\" \/>\t\t\t\n\t<\/a><\/div><div class=\"woocommerce-card__header\">\t\t\t\t\t<p class=\"product__categories\"><a href=\"https:\/\/praxas.com\/fr\/categorie-produit\/refrigeration_produits\/refrigerateurs-pour-banques-de-sang\/\" rel=\"tag\">R\u00e9frig\u00e9rateurs pour banques de sang<\/a>, <a href=\"https:\/\/praxas.com\/fr\/categorie-produit\/refrigeration_produits\/\" rel=\"tag\">R\u00e9frig\u00e9ration<\/a><\/p>\t\t\t\t<div class=\"woocommerce-loop-product__title\"><a tabindex=\"0\" href=\"https:\/\/praxas.com\/fr\/product\/refrigeration_produits\/refrigerateurs-pour-banques-de-sang\/refrigerateur-moyen-pour-banques-de-sang-bbr-700-d\/\" aria-label=\"R\u00e9frig\u00e9rateur moyen pour banques de sang BBR 700-D\" class=\"woocommerce-LoopProduct-link woocommerce-loop-product__link\">R\u00e9frig\u00e9rateur moyen pour banques de sang BBR 700-D<\/a><\/div>\n\t<span class=\"price\"><span class=\"woocommerce-Price-amount amount\"><bdi><span class=\"woocommerce-Price-currencySymbol\">&euro;<\/span>12.545,00<\/bdi><\/span> <small class=\"woocommerce-price-suffix\">ex. tax<\/small><\/span>\n<div class=\"card-short-description\"><ul>\n \t<li>+4 \u00b0C<\/li>\n \t<li>Mod\u00e8le vertical - 628 L<\/li>\n \t<li>V\u00e9ritable double technologie<\/li>\n \t<li>Dispositif m\u00e9dical de classe IIA<\/li>\n \t<li>Enregistreur de cartes<\/li>\n \t<li>Tiroirs en acier inoxydable<\/li>\n \t<li>Porte \u00e0 double vitrage<\/li>\n \t<li>Capacit\u00e9 de stockage<\/li>\n \t<li>Refroidissement par air puls\u00e9<\/li>\n \t<li>Int\u00e9rieur en acier inoxydable<\/li>\n \t<li>\u00c9tag\u00e8res r\u00e9glables<\/li>\n<\/ul><\/div><\/a><a href=\"\/fr\/wp-json\/wp\/v2\/pages\/44335?add-to-cart=31089\" aria-describedby=\"woocommerce_loop_add_to_cart_link_describedby_31089\" data-quantity=\"1\" class=\"button product_type_simple add_to_cart_button ajax_add_to_cart\" data-product_id=\"31089\" data-product_sku=\"DAI 1150\" aria-label=\"Ajouter au panier\u00a0: &ldquo;R\u00e9frig\u00e9rateur moyen pour banques de sang BBR 700-D&rdquo;\" rel=\"nofollow\" data-success_message=\"\u00ab\u00a0R\u00e9frig\u00e9rateur moyen pour banques de sang BBR 700-D\u00a0\u00bb a \u00e9t\u00e9 ajout\u00e9 \u00e0 votre panier\" role=\"button\">Ajouter au panier<\/a>\t<span id=\"woocommerce_loop_add_to_cart_link_describedby_31089\" class=\"screen-reader-text\">\n\t\t\t<\/span>\n<span class=\"gtm4wp_productdata\" style=\"display:none; visibility:hidden;\" data-gtm4wp_product_data=\"{&quot;internal_id&quot;:31089,&quot;item_id&quot;:31089,&quot;item_name&quot;:&quot;R\\u00e9frig\\u00e9rateur moyen pour banques de sang BBR 700-D&quot;,&quot;sku&quot;:&quot;DAI 1150&quot;,&quot;price&quot;:12545,&quot;stocklevel&quot;:null,&quot;stockstatus&quot;:&quot;instock&quot;,&quot;google_business_vertical&quot;:&quot;retail&quot;,&quot;item_category&quot;:&quot;R\\u00e9frig\\u00e9rateurs pour banques de sang&quot;,&quot;id&quot;:31089,&quot;productlink&quot;:&quot;https:\\\/\\\/praxas.com\\\/fr\\\/product\\\/refrigeration_produits\\\/refrigerateurs-pour-banques-de-sang\\\/refrigerateur-moyen-pour-banques-de-sang-bbr-700-d\\\/&quot;,&quot;item_list_name&quot;:&quot;Liste g\\u00e9n\\u00e9rale des produits&quot;,&quot;index&quot;:2,&quot;product_type&quot;:&quot;simple&quot;,&quot;item_brand&quot;:&quot;&quot;}\"><\/span><\/div><div class=\"product-card-footer\"><\/div><\/div><\/li>\n<\/ul>\n<\/div>\n\n\n\n<div class=\"wp-block-buttons is-content-justification-center is-layout-flex wp-container-core-buttons-is-layout-a89b3969 wp-block-buttons-is-layout-flex\">\n<div class=\"wp-block-button\"><a class=\"wp-block-button__link has-background wp-element-button\" href=\"\/en?product_cat=refrigeration_products\" style=\"border-radius:6px;background-color:#009ee0\"><strong>Explorer<\/strong> <strong>Produits<\/strong><\/a><\/div>\n<\/div>\n<\/div>\n<\/div>\n<\/div>\n\n<div style=\"height:80px\" aria-hidden=\"true\" class=\"wp-block-spacer\"><\/div>\n","protected":false},"excerpt":{"rendered":"<p>La solution parfaite pour l&rsquo;entreposage frigorifique Ces syst\u00e8mes de r\u00e9frig\u00e9ration de pointe sont con\u00e7us pour r\u00e9pondre aux normes les plus strictes en mati\u00e8re d&rsquo;entreposage frigorifique. Des cong\u00e9lateurs \u00e0 ultra-basse temp\u00e9rature (ULT) maintenant une temp\u00e9rature de -40\u00b0C \u00e0 -86\u00b0C pour les \u00e9chantillons biologiques et les vaccins, aux r\u00e9frig\u00e9rateurs biom\u00e9dicaux qui garantissent des conditions pr\u00e9cises pour les [&hellip;]<\/p>\n","protected":false},"author":8383,"featured_media":0,"parent":0,"menu_order":0,"comment_status":"closed","ping_status":"closed","template":"template-fullwidth-no-heading.php","meta":{"_acf_changed":false,"content-type":"","_uag_custom_page_level_css":"","footnotes":""},"class_list":["post-44335","page","type-page","status-publish","hentry"],"acf":[],"spectra_custom_meta":{"hero_image":[""],"_hero_image":["field_64f1a7da7af44"],"_hero_h1":["field_64f19e1edd052"],"_hero_h2":["field_64f19e2ddd053"],"_hero_text":["field_64f19e42dd054"],"_hero_button_text":["field_64f19e4edd055"],"_hero_button_link":["field_64f19e5ddd056"],"_top_nav_excluded":[""],"_cms_nav_minihome":[""],"_wp_page_template":["template-fullwidth-no-heading.php"],"_last_translation_edit_mode":["translation-editor"],"rank_math_og_content_image":["a:2:{s:5:\"check\";s:32:\"095de4c270d7c3a98bd07b0f29e05249\";s:6:\"images\";a:1:{i:0;i:44322;}}"],"rank_math_analytic_object_id":["1001"],"_wpml_word_count":["332"],"rank_math_title":["Arctiko : Des solutions fiables en mati\u00e8re de temp\u00e9rature %sep% %sitename%"],"rank_math_description":["D\u00e9couvrez le stockage \u00e0 temp\u00e9rature contr\u00f4l\u00e9e fiable et innovant d'Arctiko pour la recherche et les soins de sant\u00e9."],"rank_math_focus_keyword":["ARCTIKO"],"_uag_css_file_name":["uag-css-44335.css"],"_uag_page_assets":["a:9:{s:3:\"css\";s:263:\".uag-blocks-common-selector{z-index:var(--z-index-desktop) !important}@media (max-width: 976px){.uag-blocks-common-selector{z-index:var(--z-index-tablet) !important}}@media (max-width: 767px){.uag-blocks-common-selector{z-index:var(--z-index-mobile) !important}}\n\";s:2:\"js\";s:0:\"\";s:18:\"current_block_list\";a:11:{i:0;s:10:\"core\/cover\";i:1;s:12:\"core\/columns\";i:2;s:11:\"core\/column\";i:3;s:10:\"core\/image\";i:4;s:11:\"core\/spacer\";i:5;s:12:\"core\/heading\";i:6;s:14:\"core\/paragraph\";i:7;s:12:\"core\/buttons\";i:8;s:11:\"core\/button\";i:9;s:10:\"core\/group\";i:10;s:14:\"core\/shortcode\";}s:8:\"uag_flag\";b:0;s:11:\"uag_version\";s:10:\"1776254989\";s:6:\"gfonts\";a:0:{}s:10:\"gfonts_url\";s:0:\"\";s:12:\"gfonts_files\";a:0:{}s:14:\"uag_faq_layout\";b:0;}"]},"uagb_featured_image_src":{"full":false,"thumbnail":false,"medium":false,"medium_large":false,"large":false,"1536x1536":false,"2048x2048":false,"crunchify-admin-post-featured-image":false,"commercegurus-pdp-large":false,"commercegurus-plp-mobile":false,"cgkit_image_swatch":false,"woocommerce_thumbnail":false,"woocommerce_single":false,"woocommerce_gallery_thumbnail":false},"uagb_author_info":{"display_name":"Alex James","author_link":"https:\/\/praxas.com\/fr\/author\/alex\/"},"uagb_comment_info":0,"uagb_excerpt":"La solution parfaite pour l&rsquo;entreposage frigorifique Ces syst\u00e8mes de r\u00e9frig\u00e9ration de pointe sont con\u00e7us pour r\u00e9pondre aux normes les plus strictes en mati\u00e8re d&rsquo;entreposage frigorifique. Des cong\u00e9lateurs \u00e0 ultra-basse temp\u00e9rature (ULT) maintenant une temp\u00e9rature de -40\u00b0C \u00e0 -86\u00b0C pour les \u00e9chantillons biologiques et les vaccins, aux r\u00e9frig\u00e9rateurs biom\u00e9dicaux qui garantissent des conditions pr\u00e9cises pour les\u2026","_links":{"self":[{"href":"https:\/\/praxas.com\/fr\/wp-json\/wp\/v2\/pages\/44335","targetHints":{"allow":["GET"]}}],"collection":[{"href":"https:\/\/praxas.com\/fr\/wp-json\/wp\/v2\/pages"}],"about":[{"href":"https:\/\/praxas.com\/fr\/wp-json\/wp\/v2\/types\/page"}],"author":[{"embeddable":true,"href":"https:\/\/praxas.com\/fr\/wp-json\/wp\/v2\/users\/8383"}],"replies":[{"embeddable":true,"href":"https:\/\/praxas.com\/fr\/wp-json\/wp\/v2\/comments?post=44335"}],"version-history":[{"count":7,"href":"https:\/\/praxas.com\/fr\/wp-json\/wp\/v2\/pages\/44335\/revisions"}],"predecessor-version":[{"id":51005,"href":"https:\/\/praxas.com\/fr\/wp-json\/wp\/v2\/pages\/44335\/revisions\/51005"}],"wp:attachment":[{"href":"https:\/\/praxas.com\/fr\/wp-json\/wp\/v2\/media?parent=44335"}],"curies":[{"name":"wp","href":"https:\/\/api.w.org\/{rel}","templated":true}]}}