{"id":45713,"date":"2025-02-19T10:04:27","date_gmt":"2025-02-19T10:04:27","guid":{"rendered":"https:\/\/praxas.com\/pharmacie-entreposage-frigorifique\/"},"modified":"2025-06-20T10:44:02","modified_gmt":"2025-06-20T10:44:02","slug":"pharmacie-entreposage-frigorifique","status":"publish","type":"page","link":"https:\/\/praxas.com\/fr\/industries-que-nous-servons\/pharmacie-entreposage-frigorifique\/","title":{"rendered":"Pharmacie : Entreposage frigorifique"},"content":{"rendered":"","protected":true},"excerpt":{"rendered":"","protected":true},"author":8383,"featured_media":0,"parent":45845,"menu_order":0,"comment_status":"closed","ping_status":"closed","template":"template-fullwidth-no-heading.php","meta":{"_acf_changed":false,"content-type":"","_uag_custom_page_level_css":"","footnotes":""},"class_list":["post-45713","page","type-page","status-publish","post-password-required","hentry"],"acf":[],"spectra_custom_meta":{"hero_image":[""],"_hero_image":["field_64f1a7da7af44"],"_hero_h1":["field_64f19e1edd052"],"_hero_h2":["field_64f19e2ddd053"],"_hero_text":["field_64f19e42dd054"],"_hero_button_text":["field_64f19e4edd055"],"_hero_button_link":["field_64f19e5ddd056"],"_top_nav_excluded":[""],"_cms_nav_minihome":[""],"_wp_page_template":["template-fullwidth-no-heading.php"],"_last_translation_edit_mode":["translation-editor"],"rank_math_analytic_object_id":["1016"],"rank_math_title":["Entreposage frigorifique fiable : Solutions de r\u00e9frig\u00e9ration pour les pharmacies %sep% %sitename%"],"rank_math_description":["D\u00e9couvrez des solutions de stockage au froid et de contr\u00f4le de la temp\u00e9rature pour les r\u00e9frig\u00e9rateurs de pharmacie. Garantissez un contr\u00f4le pr\u00e9cis de la temp\u00e9rature et de la conformit\u00e9 avec des syst\u00e8mes de contr\u00f4le fiables pour le stockage de produits pharmaceutiques. "],"rank_math_focus_keyword":["chambre froide, r\u00e9frig\u00e9rateur de pharmacie"],"_wpml_word_count":["893"],"_uag_css_file_name":["uag-css-45713.css"],"_uag_page_assets":["a:9:{s:3:\"css\";s:263:\".uag-blocks-common-selector{z-index:var(--z-index-desktop) !important}@media (max-width: 976px){.uag-blocks-common-selector{z-index:var(--z-index-tablet) !important}}@media (max-width: 767px){.uag-blocks-common-selector{z-index:var(--z-index-mobile) !important}}\n\";s:2:\"js\";s:0:\"\";s:18:\"current_block_list\";a:12:{i:0;s:10:\"core\/cover\";i:1;s:12:\"core\/columns\";i:2;s:11:\"core\/column\";i:3;s:12:\"core\/heading\";i:4;s:11:\"core\/spacer\";i:5;s:14:\"core\/paragraph\";i:6;s:10:\"core\/group\";i:7;s:12:\"core\/buttons\";i:8;s:11:\"core\/button\";i:10;s:10:\"core\/image\";i:11;s:14:\"core\/separator\";i:12;s:14:\"core\/shortcode\";}s:8:\"uag_flag\";b:0;s:11:\"uag_version\";s:10:\"1777052440\";s:6:\"gfonts\";a:0:{}s:10:\"gfonts_url\";s:0:\"\";s:12:\"gfonts_files\";a:0:{}s:14:\"uag_faq_layout\";b:0;}"]},"uagb_featured_image_src":{"full":false,"thumbnail":false,"medium":false,"medium_large":false,"large":false,"1536x1536":false,"2048x2048":false,"crunchify-admin-post-featured-image":false,"commercegurus-pdp-large":false,"commercegurus-plp-mobile":false,"cgkit_image_swatch":false,"woocommerce_thumbnail":false,"woocommerce_single":false,"woocommerce_gallery_thumbnail":false},"uagb_author_info":{"display_name":"Alex James","author_link":"https:\/\/praxas.com\/fr\/author\/alex\/"},"uagb_comment_info":0,"uagb_excerpt":"Il n\u2019y a pas d\u2019extrait, car cette publication est prot\u00e9g\u00e9e.","_links":{"self":[{"href":"https:\/\/praxas.com\/fr\/wp-json\/wp\/v2\/pages\/45713","targetHints":{"allow":["GET"]}}],"collection":[{"href":"https:\/\/praxas.com\/fr\/wp-json\/wp\/v2\/pages"}],"about":[{"href":"https:\/\/praxas.com\/fr\/wp-json\/wp\/v2\/types\/page"}],"author":[{"embeddable":true,"href":"https:\/\/praxas.com\/fr\/wp-json\/wp\/v2\/users\/8383"}],"replies":[{"embeddable":true,"href":"https:\/\/praxas.com\/fr\/wp-json\/wp\/v2\/comments?post=45713"}],"version-history":[{"count":2,"href":"https:\/\/praxas.com\/fr\/wp-json\/wp\/v2\/pages\/45713\/revisions"}],"predecessor-version":[{"id":45777,"href":"https:\/\/praxas.com\/fr\/wp-json\/wp\/v2\/pages\/45713\/revisions\/45777"}],"up":[{"embeddable":true,"href":"https:\/\/praxas.com\/fr\/wp-json\/wp\/v2\/pages\/45845"}],"wp:attachment":[{"href":"https:\/\/praxas.com\/fr\/wp-json\/wp\/v2\/media?parent=45713"}],"curies":[{"name":"wp","href":"https:\/\/api.w.org\/{rel}","templated":true}]}}