{"id":47008,"date":"2025-03-19T14:09:13","date_gmt":"2025-03-19T13:09:13","guid":{"rendered":"https:\/\/praxas.com\/american-thermal-instruments\/"},"modified":"2025-09-23T16:59:12","modified_gmt":"2025-09-23T14:59:12","slug":"american-thermal-instruments","status":"publish","type":"page","link":"https:\/\/praxas.com\/fr\/american-thermal-instruments\/","title":{"rendered":"American Thermal Instruments"},"content":{"rendered":"\n<div class=\"wp-block-cover alignfull is-light\" style=\"min-height:850px;aspect-ratio:unset;\"><img loading=\"lazy\" decoding=\"async\" width=\"2450\" height=\"1330\" class=\"wp-block-cover__image-background wp-image-46613\" alt=\"American Thermal Instruments Brand landing page banner\" src=\"https:\/\/praxas.com\/wp-content\/uploads\/Praxas-ATI-banner-1.jpg\" data-object-fit=\"cover\" srcset=\"https:\/\/praxas.com\/wp-content\/uploads\/Praxas-ATI-banner-1.jpg 2450w, https:\/\/praxas.com\/wp-content\/uploads\/Praxas-ATI-banner-1-300x163.jpg 300w, https:\/\/praxas.com\/wp-content\/uploads\/Praxas-ATI-banner-1-1024x556.jpg 1024w, https:\/\/praxas.com\/wp-content\/uploads\/Praxas-ATI-banner-1-768x417.jpg 768w, https:\/\/praxas.com\/wp-content\/uploads\/Praxas-ATI-banner-1-1536x834.jpg 1536w, https:\/\/praxas.com\/wp-content\/uploads\/Praxas-ATI-banner-1-2048x1112.jpg 2048w, https:\/\/praxas.com\/wp-content\/uploads\/Praxas-ATI-banner-1-120x65.jpg 120w, https:\/\/praxas.com\/wp-content\/uploads\/Praxas-ATI-banner-1-990x537.jpg 990w, https:\/\/praxas.com\/wp-content\/uploads\/Praxas-ATI-banner-1-441x239.jpg 441w, https:\/\/praxas.com\/wp-content\/uploads\/Praxas-ATI-banner-1-350x190.jpg 350w, https:\/\/praxas.com\/wp-content\/uploads\/Praxas-ATI-banner-1-800x434.jpg 800w, https:\/\/praxas.com\/wp-content\/uploads\/Praxas-ATI-banner-1-150x81.jpg 150w\" sizes=\"auto, (max-width: 2450px) 100vw, 2450px\" \/><span aria-hidden=\"true\" class=\"wp-block-cover__background has-cyan-bluish-gray-background-color has-background-dim-0 has-background-dim\"><\/span><div class=\"wp-block-cover__inner-container has-global-padding is-layout-constrained wp-container-core-cover-is-layout-a4c69c57 wp-block-cover-is-layout-constrained\">\n<div class=\"wp-block-columns is-layout-flex wp-container-core-columns-is-layout-28f84493 wp-block-columns-is-layout-flex\">\n<div class=\"wp-block-column is-layout-flow wp-block-column-is-layout-flow\" style=\"flex-basis:50%\">\n<figure class=\"wp-block-image alignleft size-full\"><img loading=\"lazy\" decoding=\"async\" width=\"300\" height=\"88\" src=\"https:\/\/praxas.com\/wp-content\/uploads\/ATI_logo_2c-300x88-1.png\" alt=\"Logo ATI\" class=\"wp-image-46547\" srcset=\"https:\/\/praxas.com\/wp-content\/uploads\/ATI_logo_2c-300x88-1.png 300w, https:\/\/praxas.com\/wp-content\/uploads\/ATI_logo_2c-300x88-1-120x35.png 120w, https:\/\/praxas.com\/wp-content\/uploads\/ATI_logo_2c-300x88-1-150x44.png 150w\" sizes=\"auto, (max-width: 300px) 100vw, 300px\" \/><\/figure>\n\n\n\n<div style=\"height:45px\" aria-hidden=\"true\" class=\"wp-block-spacer\"><\/div>\n\n\n\n<h1 class=\"wp-block-heading has-text-color has-link-color wp-elements-cd71596df8796fa0e55fa556dde8303b\" style=\"color:#009ee0\">Garantir l&rsquo;int\u00e9grit\u00e9 de la temp\u00e9rature avec American Thermal Instruments<\/h1>\n\n\n\n<div style=\"height:10px\" aria-hidden=\"true\" class=\"wp-block-spacer\"><\/div>\n\n\n\n<p class=\"has-black-color has-text-color has-link-color wp-elements-4806eba030c49b028f47d9e2f34c9546\">American Thermal Instruments<a href=\"https:\/\/americanthermal.com\/\" data-type=\"link\" data-id=\"https:\/\/americanthermal.com\/\" target=\"_blank\" rel=\"noopener\">(ATI)<\/a> fournit des indicateurs de temp\u00e9rature pr\u00e9cis et irr\u00e9versibles pour prot\u00e9ger vos produits sensibles \u00e0 la temp\u00e9rature. De la surveillance des temp\u00e9ratures croissantes \u00e0 la d\u00e9tection de l&rsquo;exposition au gel, les solutions innovantes d&rsquo;ATI offrent des alertes visuelles fiables pour vous aider \u00e0 maintenir la qualit\u00e9 et la conformit\u00e9 de vos produits. <\/p>\n\n\n\n<div class=\"wp-block-buttons is-content-justification-right is-layout-flex wp-container-core-buttons-is-layout-d445cf74 wp-block-buttons-is-layout-flex\">\n<div class=\"wp-block-button\"><a class=\"wp-block-button__link has-background wp-element-button\" href=\"https:\/\/praxas.com\/fr\/categorie-produit\/etiquettes-dindicateurs-de-temperature\/\" style=\"border-radius:6px;background-color:#205d8f\"><strong>Explorer les produits<\/strong><\/a><\/div>\n\n\n\n<div class=\"wp-block-button is-style-outline is-style-outline--1\"><a class=\"wp-block-button__link has-text-color has-link-color wp-element-button\" href=\"#contact-section\" style=\"border-radius:6px;color:#205d8f\"><strong>Parlez \u00e0 un expert<\/strong><\/a><\/div>\n<\/div>\n\n\n\n<div style=\"height:100px\" aria-hidden=\"true\" class=\"wp-block-spacer\"><\/div>\n<\/div>\n\n\n\n<div class=\"wp-block-column is-layout-flow wp-block-column-is-layout-flow\"><\/div>\n<\/div>\n<\/div><\/div>\n\n<div class=\"wp-block-group alignfull has-background has-global-padding is-layout-constrained wp-container-core-group-is-layout-a4c69c57 wp-block-group-is-layout-constrained\" style=\"background-color:#205d8f\">\n<div style=\"height:20px\" aria-hidden=\"true\" class=\"wp-block-spacer\"><\/div>\n\n\n\n<h2 class=\"wp-block-heading has-text-align-center has-white-color has-text-color has-link-color wp-elements-f0a17dd389f4b2177787ae026be1eaad\">American Thermal Instruments &#8211; Une solution compl\u00e8te<\/h2>\n\n\n\n<p class=\"has-text-align-center has-white-color has-text-color has-link-color wp-elements-91235f6d096111b48dfd98521147edf6\">Les indicateurs de temp\u00e9rature d&rsquo;ATI permettent une surveillance rapide et pr\u00e9cise des applications critiques. Qu&rsquo;il s&rsquo;agisse de suivre l&rsquo;exposition \u00e0 des temp\u00e9ratures \u00e9lev\u00e9es avec l&rsquo;indicateur High Temperature Ascending, de d\u00e9tecter les risques de cong\u00e9lation avec l&rsquo;indicateur FCP ou de garantir des conditions de transport s\u00fbres avec VarIoT, ces \u00e9tiquettes fournissent un changement de couleur clair et irr\u00e9versible pour signaler les \u00e9carts de temp\u00e9rature. Faciles \u00e0 utiliser et tr\u00e8s fiables, les indicateurs ATI contribuent \u00e0 prot\u00e9ger les produits pharmaceutiques, les fournitures m\u00e9dicales et les denr\u00e9es p\u00e9rissables tout au long de la cha\u00eene d&rsquo;approvisionnement.  <\/p>\n\n\n\n<div style=\"height:50px\" aria-hidden=\"true\" class=\"wp-block-spacer\"><\/div>\n<\/div>\n\n<div class=\"wp-block-group alignfull has-global-padding is-layout-constrained wp-container-core-group-is-layout-a4c69c57 wp-block-group-is-layout-constrained\">\n<div style=\"height:30px\" aria-hidden=\"true\" id=\"contact-section\" class=\"wp-block-spacer\"><\/div>\n\n\n\n<div class=\"wp-block-columns is-layout-flex wp-container-core-columns-is-layout-28f84493 wp-block-columns-is-layout-flex\">\n<div class=\"wp-block-column is-layout-flow wp-block-column-is-layout-flow\">\n<h3 class=\"wp-block-heading has-text-color has-link-color wp-elements-5f25855050e753c5f4abbb7329bd2767\" style=\"color:#009ee0\">Restez \u00e0 jour<\/h3>\n\n\n\n<p>Inscrivez-vous pour recevoir les derni\u00e8res mises \u00e0 jour, y compris des informations sur les produits, des conseils en mati\u00e8re de conformit\u00e9 et des informations sur le secteur.<\/p>\n\n\n<p><script src=\"https:\/\/js.hsforms.net\/forms\/embed\/22752398.js\" defer><\/script><\/p>\n<div class=\"hs-form-frame\" data-region=\"na1\" data-form-id=\"96df342d-e57a-49e6-9a45-d419e377367a\" data-portal-id=\"22752398\"><\/div>\n<\/div>\n\n\n\n<div class=\"wp-block-column is-layout-flow wp-block-column-is-layout-flow\">\n<figure class=\"wp-block-image alignright size-full is-resized has-custom-border\"><img loading=\"lazy\" decoding=\"async\" width=\"1200\" height=\"1200\" src=\"https:\/\/praxas.com\/wp-content\/uploads\/ATI-Products.jpg\" alt=\"Produits g&#xE9;n&#xE9;raux ATI - Page de la marque ATI\" class=\"wp-image-46697\" style=\"border-radius:15px;width:403px;height:auto\" srcset=\"https:\/\/praxas.com\/wp-content\/uploads\/ATI-Products.jpg 1200w, https:\/\/praxas.com\/wp-content\/uploads\/ATI-Products-300x300.jpg 300w, https:\/\/praxas.com\/wp-content\/uploads\/ATI-Products-1024x1024.jpg 1024w, https:\/\/praxas.com\/wp-content\/uploads\/ATI-Products-150x150.jpg 150w, https:\/\/praxas.com\/wp-content\/uploads\/ATI-Products-768x768.jpg 768w, https:\/\/praxas.com\/wp-content\/uploads\/ATI-Products-120x120.jpg 120w, https:\/\/praxas.com\/wp-content\/uploads\/ATI-Products-990x990.jpg 990w, https:\/\/praxas.com\/wp-content\/uploads\/ATI-Products-441x441.jpg 441w, https:\/\/praxas.com\/wp-content\/uploads\/ATI-Products-100x100.jpg 100w, https:\/\/praxas.com\/wp-content\/uploads\/ATI-Products-350x350.jpg 350w, https:\/\/praxas.com\/wp-content\/uploads\/ATI-Products-800x800.jpg 800w\" sizes=\"auto, (max-width: 1200px) 100vw, 1200px\" \/><\/figure>\n<\/div>\n<\/div>\n<\/div>\n\n<div style=\"height:60px\" aria-hidden=\"true\" class=\"wp-block-spacer\"><\/div>\n\n<div class=\"wp-block-group alignfull has-global-padding is-layout-constrained wp-container-core-group-is-layout-a4c69c57 wp-block-group-is-layout-constrained\">\n<div class=\"wp-block-columns is-layout-flex wp-container-core-columns-is-layout-28f84493 wp-block-columns-is-layout-flex\">\n<div class=\"wp-block-column is-layout-flow wp-block-column-is-layout-flow\">\n<h4 class=\"wp-block-heading has-text-align-center has-text-color has-link-color has-large-font-size wp-elements-885065dbbc5fc23284d54c01696864ef\" style=\"color:#009ee0\">D\u00e9couvrez les produits ATI<\/h4>\n\n\n<div class=\"woocommerce columns-3 \"><ul class=\"products columns-3\">\n<li class=\"product type-product post-46979 status-publish first instock product_cat-etiquettes-dindicateurs-de-temperature product_cat-temperature-descendante has-post-thumbnail taxable shipping-taxable product-type-simple\">\n\t<a href=\"https:\/\/praxas.com\/fr\/product\/etiquettes-dindicateurs-de-temperature\/pcf\/\" class=\"woocommerce-LoopProduct-link woocommerce-loop-product__link\"><div class=\"product-inner\"><div class=\"product-content-catname\">\u00c9tiquettes d&#039;indicateurs de temp\u00e9rature<\/div><div class=\"woocommerce-image__wrapper\"><a href=\"https:\/\/praxas.com\/fr\/product\/etiquettes-dindicateurs-de-temperature\/pcf\/\" title=\"Indicateur de temp\u00e9rature descendant FCP\" class=\"woocommerce-LoopProduct-link woocommerce-loop-product__link\"><img loading=\"lazy\" decoding=\"async\" width=\"350\" height=\"203\" src=\"https:\/\/praxas.com\/wp-content\/uploads\/ATI-FCP-350x203.jpg\" class=\"attachment-woocommerce_thumbnail size-woocommerce_thumbnail\" alt=\"\u00c9tiquettes indicatrices de temp\u00e9rature ATI - FCP\" srcset=\"https:\/\/praxas.com\/wp-content\/uploads\/ATI-FCP-350x203.jpg 350w, https:\/\/praxas.com\/wp-content\/uploads\/ATI-FCP-300x174.jpg 300w, https:\/\/praxas.com\/wp-content\/uploads\/ATI-FCP-768x444.jpg 768w, https:\/\/praxas.com\/wp-content\/uploads\/ATI-FCP-120x69.jpg 120w, https:\/\/praxas.com\/wp-content\/uploads\/ATI-FCP-441x255.jpg 441w, https:\/\/praxas.com\/wp-content\/uploads\/ATI-FCP-150x87.jpg 150w, https:\/\/praxas.com\/wp-content\/uploads\/ATI-FCP.jpg 800w\" sizes=\"auto, (max-width: 360px) 147px, (max-width: 350px) 100vw, 350px\" \/>\t\t\t\n\t<\/a><\/div><div class=\"woocommerce-card__header\">\t\t\t\t\t<p class=\"product__categories\"><a href=\"https:\/\/praxas.com\/fr\/categorie-produit\/etiquettes-dindicateurs-de-temperature\/\" rel=\"tag\">\u00c9tiquettes d'indicateurs de temp\u00e9rature<\/a>, <a href=\"https:\/\/praxas.com\/fr\/categorie-produit\/etiquettes-dindicateurs-de-temperature\/temperature-descendante\/\" rel=\"tag\">Temp\u00e9rature descendante<\/a><\/p>\t\t\t\t<div class=\"woocommerce-loop-product__title\"><a tabindex=\"0\" href=\"https:\/\/praxas.com\/fr\/product\/etiquettes-dindicateurs-de-temperature\/pcf\/\" aria-label=\"Indicateur de temp\u00e9rature descendant FCP\" class=\"woocommerce-LoopProduct-link woocommerce-loop-product__link\">Indicateur de temp\u00e9rature descendant FCP<\/a><\/div>\n<div class=\"card-short-description\">\u00c9tiquettes indicatrices de temp\u00e9rature irr\u00e9versibles pour la surveillance des d\u00e9passements de temp\u00e9rature descendants.\n\nDisponible avec des points de d\u00e9clenchement \u00e0 -2\u00b0C, 0\u00b0C, 2\u00b0C, 3\u00b0C, 4\u00b0C, 7\u00b0C, 15\u00b0C.<\/div><\/a><a href=\"https:\/\/praxas.com\/fr\/product\/etiquettes-dindicateurs-de-temperature\/pcf\/\" aria-describedby=\"woocommerce_loop_add_to_cart_link_describedby_46979\" data-quantity=\"1\" class=\"button product_type_simple\" data-product_id=\"46979\" data-product_sku=\"FCP\" aria-label=\"En savoir plus sur &ldquo;Indicateur de temp\u00e9rature descendant FCP&rdquo;\" rel=\"nofollow\" data-success_message=\"\">Lire la suite<\/a>\t<span id=\"woocommerce_loop_add_to_cart_link_describedby_46979\" class=\"screen-reader-text\">\n\t\t\t<\/span>\n<span class=\"gtm4wp_productdata\" style=\"display:none; visibility:hidden;\" data-gtm4wp_product_data=\"{&quot;internal_id&quot;:46979,&quot;item_id&quot;:46979,&quot;item_name&quot;:&quot;Indicateur de temp\\u00e9rature descendant FCP&quot;,&quot;sku&quot;:&quot;FCP&quot;,&quot;price&quot;:0,&quot;stocklevel&quot;:null,&quot;stockstatus&quot;:&quot;instock&quot;,&quot;google_business_vertical&quot;:&quot;retail&quot;,&quot;item_category&quot;:&quot;\\u00c9tiquettes d&#039;indicateurs de temp\\u00e9rature&quot;,&quot;id&quot;:46979,&quot;productlink&quot;:&quot;https:\\\/\\\/praxas.com\\\/fr\\\/product\\\/etiquettes-dindicateurs-de-temperature\\\/pcf\\\/&quot;,&quot;item_list_name&quot;:&quot;Liste g\\u00e9n\\u00e9rale des produits&quot;,&quot;index&quot;:1,&quot;product_type&quot;:&quot;simple&quot;,&quot;item_brand&quot;:&quot;&quot;}\"><\/span><\/div><div class=\"product-card-footer\"><\/div><\/div><\/li>\n<li class=\"product type-product post-46984 status-publish instock product_cat-etiquettes-dindicateurs-de-temperature product_cat-temperature-descendante has-post-thumbnail taxable shipping-taxable product-type-simple\">\n\t<a href=\"https:\/\/praxas.com\/fr\/product\/etiquettes-dindicateurs-de-temperature\/verification-du-gel\/\" class=\"woocommerce-LoopProduct-link woocommerce-loop-product__link\"><div class=\"product-inner\"><div class=\"product-content-catname\">\u00c9tiquettes d&#039;indicateurs de temp\u00e9rature<\/div><div class=\"woocommerce-image__wrapper\"><a href=\"https:\/\/praxas.com\/fr\/product\/etiquettes-dindicateurs-de-temperature\/verification-du-gel\/\" title=\"Indicateur de temp\u00e9rature descendante V\u00e9rification du gel\" class=\"woocommerce-LoopProduct-link woocommerce-loop-product__link\"><img loading=\"lazy\" decoding=\"async\" width=\"350\" height=\"203\" src=\"https:\/\/praxas.com\/wp-content\/uploads\/ATI-Freezecheck-350x203.jpg\" class=\"attachment-woocommerce_thumbnail size-woocommerce_thumbnail\" alt=\"ATI Freeze Check\" srcset=\"https:\/\/praxas.com\/wp-content\/uploads\/ATI-Freezecheck-350x203.jpg 350w, https:\/\/praxas.com\/wp-content\/uploads\/ATI-Freezecheck-300x174.jpg 300w, https:\/\/praxas.com\/wp-content\/uploads\/ATI-Freezecheck-768x444.jpg 768w, https:\/\/praxas.com\/wp-content\/uploads\/ATI-Freezecheck-120x69.jpg 120w, https:\/\/praxas.com\/wp-content\/uploads\/ATI-Freezecheck-441x255.jpg 441w, https:\/\/praxas.com\/wp-content\/uploads\/ATI-Freezecheck-150x87.jpg 150w, https:\/\/praxas.com\/wp-content\/uploads\/ATI-Freezecheck.jpg 800w\" sizes=\"auto, (max-width: 360px) 147px, (max-width: 350px) 100vw, 350px\" \/>\t\t\t\n\t<\/a><\/div><div class=\"woocommerce-card__header\">\t\t\t\t\t<p class=\"product__categories\"><a href=\"https:\/\/praxas.com\/fr\/categorie-produit\/etiquettes-dindicateurs-de-temperature\/\" rel=\"tag\">\u00c9tiquettes d'indicateurs de temp\u00e9rature<\/a>, <a href=\"https:\/\/praxas.com\/fr\/categorie-produit\/etiquettes-dindicateurs-de-temperature\/temperature-descendante\/\" rel=\"tag\">Temp\u00e9rature descendante<\/a><\/p>\t\t\t\t<div class=\"woocommerce-loop-product__title\"><a tabindex=\"0\" href=\"https:\/\/praxas.com\/fr\/product\/etiquettes-dindicateurs-de-temperature\/verification-du-gel\/\" aria-label=\"Indicateur de temp\u00e9rature descendante V\u00e9rification du gel\" class=\"woocommerce-LoopProduct-link woocommerce-loop-product__link\">Indicateur de temp\u00e9rature descendante V\u00e9rification du gel<\/a><\/div>\n<div class=\"card-short-description\">\u00c9tiquettes indicatrices de temp\u00e9rature irr\u00e9versibles pour la surveillance des d\u00e9passements de temp\u00e9rature descendants.\n\nDisponible avec des points de d\u00e9clenchement \u00e0 0\u00b0C et -5\u00b0C.<\/div><\/a><a href=\"https:\/\/praxas.com\/fr\/product\/etiquettes-dindicateurs-de-temperature\/verification-du-gel\/\" aria-describedby=\"woocommerce_loop_add_to_cart_link_describedby_46984\" data-quantity=\"1\" class=\"button product_type_simple\" data-product_id=\"46984\" data-product_sku=\"Freeze Check\" aria-label=\"En savoir plus sur &ldquo;Indicateur de temp\u00e9rature descendante V\u00e9rification du gel&rdquo;\" rel=\"nofollow\" data-success_message=\"\">Lire la suite<\/a>\t<span id=\"woocommerce_loop_add_to_cart_link_describedby_46984\" class=\"screen-reader-text\">\n\t\t\t<\/span>\n<span class=\"gtm4wp_productdata\" style=\"display:none; visibility:hidden;\" data-gtm4wp_product_data=\"{&quot;internal_id&quot;:46984,&quot;item_id&quot;:46984,&quot;item_name&quot;:&quot;Indicateur de temp\\u00e9rature descendante V\\u00e9rification du gel&quot;,&quot;sku&quot;:&quot;Freeze Check&quot;,&quot;price&quot;:0,&quot;stocklevel&quot;:null,&quot;stockstatus&quot;:&quot;instock&quot;,&quot;google_business_vertical&quot;:&quot;retail&quot;,&quot;item_category&quot;:&quot;\\u00c9tiquettes d&#039;indicateurs de temp\\u00e9rature&quot;,&quot;id&quot;:46984,&quot;productlink&quot;:&quot;https:\\\/\\\/praxas.com\\\/fr\\\/product\\\/etiquettes-dindicateurs-de-temperature\\\/verification-du-gel\\\/&quot;,&quot;item_list_name&quot;:&quot;Liste g\\u00e9n\\u00e9rale des produits&quot;,&quot;index&quot;:2,&quot;product_type&quot;:&quot;simple&quot;,&quot;item_brand&quot;:&quot;&quot;}\"><\/span><\/div><div class=\"product-card-footer\"><\/div><\/div><\/li>\n<li class=\"product type-product post-46995 status-publish last instock product_cat-etiquettes-dindicateurs-de-temperature product_cat-programmable-fr has-post-thumbnail taxable shipping-taxable product-type-simple\">\n\t<a href=\"https:\/\/praxas.com\/fr\/product\/etiquettes-dindicateurs-de-temperature\/endicat\/\" class=\"woocommerce-LoopProduct-link woocommerce-loop-product__link\"><div class=\"product-inner\"><div class=\"product-content-catname\">\u00c9tiquettes d&#039;indicateurs de temp\u00e9rature<\/div><div class=\"woocommerce-image__wrapper\"><a href=\"https:\/\/praxas.com\/fr\/product\/etiquettes-dindicateurs-de-temperature\/endicat\/\" title=\"Indicateur de temp\u00e9rature programmable Endicate\" class=\"woocommerce-LoopProduct-link woocommerce-loop-product__link\"><img loading=\"lazy\" decoding=\"async\" width=\"350\" height=\"203\" src=\"https:\/\/praxas.com\/wp-content\/uploads\/ATI-Endicate-1-350x203.jpg\" class=\"attachment-woocommerce_thumbnail size-woocommerce_thumbnail\" alt=\"\u00c9tiquette de l&#039;indicateur de temp\u00e9rature \u00e9lectronique ATI Endicate\" srcset=\"https:\/\/praxas.com\/wp-content\/uploads\/ATI-Endicate-1-350x203.jpg 350w, https:\/\/praxas.com\/wp-content\/uploads\/ATI-Endicate-1-300x174.jpg 300w, https:\/\/praxas.com\/wp-content\/uploads\/ATI-Endicate-1-768x444.jpg 768w, https:\/\/praxas.com\/wp-content\/uploads\/ATI-Endicate-1-120x69.jpg 120w, https:\/\/praxas.com\/wp-content\/uploads\/ATI-Endicate-1-441x255.jpg 441w, https:\/\/praxas.com\/wp-content\/uploads\/ATI-Endicate-1-150x87.jpg 150w, https:\/\/praxas.com\/wp-content\/uploads\/ATI-Endicate-1.jpg 800w\" sizes=\"auto, (max-width: 360px) 147px, (max-width: 350px) 100vw, 350px\" \/>\t\t\t\n\t<\/a><\/div><div class=\"woocommerce-card__header\">\t\t\t\t\t<p class=\"product__categories\"><a href=\"https:\/\/praxas.com\/fr\/categorie-produit\/etiquettes-dindicateurs-de-temperature\/\" rel=\"tag\">\u00c9tiquettes d'indicateurs de temp\u00e9rature<\/a>, <a href=\"https:\/\/praxas.com\/fr\/categorie-produit\/etiquettes-dindicateurs-de-temperature\/programmable-fr\/\" rel=\"tag\">Programmable<\/a><\/p>\t\t\t\t<div class=\"woocommerce-loop-product__title\"><a tabindex=\"0\" href=\"https:\/\/praxas.com\/fr\/product\/etiquettes-dindicateurs-de-temperature\/endicat\/\" aria-label=\"Indicateur de temp\u00e9rature programmable Endicate\" class=\"woocommerce-LoopProduct-link woocommerce-loop-product__link\">Indicateur de temp\u00e9rature programmable Endicate<\/a><\/div>\n<div class=\"card-short-description\"><ul>\n \t<li>Contr\u00f4leur de temp\u00e9rature de haute pr\u00e9cision<\/li>\n \t<li>Mesures -20 \u00b0C \u00e0 +70 \u00b0C<\/li>\n \t<li>4 alarmes programmables<\/li>\n \t<li>Contr\u00f4ler la s\u00e9curit\u00e9 du transport d'articles sensibles \u00e0 la temp\u00e9rature<\/li>\n<\/ul><\/div><\/a><a href=\"https:\/\/praxas.com\/fr\/product\/etiquettes-dindicateurs-de-temperature\/endicat\/\" aria-describedby=\"woocommerce_loop_add_to_cart_link_describedby_46995\" data-quantity=\"1\" class=\"button product_type_simple\" data-product_id=\"46995\" data-product_sku=\"Endicate\" aria-label=\"En savoir plus sur &ldquo;Indicateur de temp\u00e9rature programmable Endicate&rdquo;\" rel=\"nofollow\" data-success_message=\"\">Lire la suite<\/a>\t<span id=\"woocommerce_loop_add_to_cart_link_describedby_46995\" class=\"screen-reader-text\">\n\t\t\t<\/span>\n<span class=\"gtm4wp_productdata\" style=\"display:none; visibility:hidden;\" data-gtm4wp_product_data=\"{&quot;internal_id&quot;:46995,&quot;item_id&quot;:46995,&quot;item_name&quot;:&quot;Indicateur de temp\\u00e9rature programmable Endicate&quot;,&quot;sku&quot;:&quot;Endicate&quot;,&quot;price&quot;:0,&quot;stocklevel&quot;:null,&quot;stockstatus&quot;:&quot;instock&quot;,&quot;google_business_vertical&quot;:&quot;retail&quot;,&quot;item_category&quot;:&quot;\\u00c9tiquettes d&#039;indicateurs de temp\\u00e9rature&quot;,&quot;id&quot;:46995,&quot;productlink&quot;:&quot;https:\\\/\\\/praxas.com\\\/fr\\\/product\\\/etiquettes-dindicateurs-de-temperature\\\/endicat\\\/&quot;,&quot;item_list_name&quot;:&quot;Liste g\\u00e9n\\u00e9rale des produits&quot;,&quot;index&quot;:3,&quot;product_type&quot;:&quot;simple&quot;,&quot;item_brand&quot;:&quot;&quot;}\"><\/span><\/div><div class=\"product-card-footer\"><\/div><\/div><\/li>\n<\/ul>\n<\/div>\n\n\n\n<div class=\"wp-block-buttons is-content-justification-center is-layout-flex wp-container-core-buttons-is-layout-a89b3969 wp-block-buttons-is-layout-flex\">\n<div class=\"wp-block-button\"><a class=\"wp-block-button__link has-background wp-element-button\" href=\"https:\/\/praxas.com\/en\/shop\/brand-brand-ati\/\" style=\"border-radius:6px;background-color:#009ee0\"><strong>D\u00e9couvrez les produits ATI<\/strong><\/a><\/div>\n<\/div>\n<\/div>\n<\/div>\n<\/div>\n\n<div style=\"height:80px\" aria-hidden=\"true\" class=\"wp-block-spacer\"><\/div>\n","protected":false},"excerpt":{"rendered":"<p>American Thermal Instruments &#8211; Une solution compl\u00e8te Les indicateurs de temp\u00e9rature d&rsquo;ATI permettent une surveillance rapide et pr\u00e9cise des applications critiques. Qu&rsquo;il s&rsquo;agisse de suivre l&rsquo;exposition \u00e0 des temp\u00e9ratures \u00e9lev\u00e9es avec l&rsquo;indicateur High Temperature Ascending, de d\u00e9tecter les risques de cong\u00e9lation avec l&rsquo;indicateur FCP ou de garantir des conditions de transport s\u00fbres avec VarIoT, ces [&hellip;]<\/p>\n","protected":false},"author":8383,"featured_media":0,"parent":0,"menu_order":0,"comment_status":"closed","ping_status":"closed","template":"template-fullwidth-no-heading.php","meta":{"_acf_changed":false,"content-type":"","_uag_custom_page_level_css":"","footnotes":""},"class_list":["post-47008","page","type-page","status-publish","hentry"],"acf":[],"spectra_custom_meta":{"hero_image":[""],"_hero_image":["field_64f1a7da7af44"],"_hero_h1":["field_64f19e1edd052"],"_hero_h2":["field_64f19e2ddd053"],"_hero_text":["field_64f19e42dd054"],"_hero_button_text":["field_64f19e4edd055"],"_hero_button_link":["field_64f19e5ddd056"],"_top_nav_excluded":[""],"_cms_nav_minihome":[""],"_wp_page_template":["template-fullwidth-no-heading.php"],"_last_translation_edit_mode":["translation-editor"],"_wpml_word_count":["265"],"rank_math_og_content_image":["a:2:{s:5:\"check\";s:32:\"09b382905978f85b158061ecdc8947b5\";s:6:\"images\";a:1:{i:0;i:46613;}}"],"rank_math_focus_keyword":["instruments thermiques am\u00e9ricains"],"_uag_css_file_name":["uag-css-47008.css"],"_uag_page_assets":["a:9:{s:3:\"css\";s:263:\".uag-blocks-common-selector{z-index:var(--z-index-desktop) !important}@media (max-width: 976px){.uag-blocks-common-selector{z-index:var(--z-index-tablet) !important}}@media (max-width: 767px){.uag-blocks-common-selector{z-index:var(--z-index-mobile) !important}}\n\";s:2:\"js\";s:0:\"\";s:18:\"current_block_list\";a:11:{i:0;s:10:\"core\/cover\";i:1;s:12:\"core\/columns\";i:2;s:11:\"core\/column\";i:3;s:10:\"core\/image\";i:4;s:11:\"core\/spacer\";i:5;s:12:\"core\/heading\";i:6;s:14:\"core\/paragraph\";i:7;s:12:\"core\/buttons\";i:8;s:11:\"core\/button\";i:9;s:10:\"core\/group\";i:10;s:14:\"core\/shortcode\";}s:8:\"uag_flag\";b:0;s:11:\"uag_version\";s:10:\"1775742760\";s:6:\"gfonts\";a:0:{}s:10:\"gfonts_url\";s:0:\"\";s:12:\"gfonts_files\";a:0:{}s:14:\"uag_faq_layout\";b:0;}"]},"uagb_featured_image_src":{"full":false,"thumbnail":false,"medium":false,"medium_large":false,"large":false,"1536x1536":false,"2048x2048":false,"crunchify-admin-post-featured-image":false,"commercegurus-pdp-large":false,"commercegurus-plp-mobile":false,"cgkit_image_swatch":false,"woocommerce_thumbnail":false,"woocommerce_single":false,"woocommerce_gallery_thumbnail":false},"uagb_author_info":{"display_name":"Alex James","author_link":"https:\/\/praxas.com\/fr\/author\/alex\/"},"uagb_comment_info":0,"uagb_excerpt":"American Thermal Instruments &#8211; Une solution compl\u00e8te Les indicateurs de temp\u00e9rature d&rsquo;ATI permettent une surveillance rapide et pr\u00e9cise des applications critiques. Qu&rsquo;il s&rsquo;agisse de suivre l&rsquo;exposition \u00e0 des temp\u00e9ratures \u00e9lev\u00e9es avec l&rsquo;indicateur High Temperature Ascending, de d\u00e9tecter les risques de cong\u00e9lation avec l&rsquo;indicateur FCP ou de garantir des conditions de transport s\u00fbres avec VarIoT, ces\u2026","_links":{"self":[{"href":"https:\/\/praxas.com\/fr\/wp-json\/wp\/v2\/pages\/47008","targetHints":{"allow":["GET"]}}],"collection":[{"href":"https:\/\/praxas.com\/fr\/wp-json\/wp\/v2\/pages"}],"about":[{"href":"https:\/\/praxas.com\/fr\/wp-json\/wp\/v2\/types\/page"}],"author":[{"embeddable":true,"href":"https:\/\/praxas.com\/fr\/wp-json\/wp\/v2\/users\/8383"}],"replies":[{"embeddable":true,"href":"https:\/\/praxas.com\/fr\/wp-json\/wp\/v2\/comments?post=47008"}],"version-history":[{"count":3,"href":"https:\/\/praxas.com\/fr\/wp-json\/wp\/v2\/pages\/47008\/revisions"}],"predecessor-version":[{"id":51712,"href":"https:\/\/praxas.com\/fr\/wp-json\/wp\/v2\/pages\/47008\/revisions\/51712"}],"wp:attachment":[{"href":"https:\/\/praxas.com\/fr\/wp-json\/wp\/v2\/media?parent=47008"}],"curies":[{"name":"wp","href":"https:\/\/api.w.org\/{rel}","templated":true}]}}