{"id":57870,"date":"2025-12-18T11:49:26","date_gmt":"2025-12-18T10:49:26","guid":{"rendered":"https:\/\/praxas.com\/politiques-de-lentreprise\/politique-de-lutte-contre-la-discrimination-et-le-harcelement\/"},"modified":"2025-12-18T17:53:59","modified_gmt":"2025-12-18T16:53:59","slug":"politique-de-lutte-contre-la-discrimination-et-le-harcelement","status":"publish","type":"page","link":"https:\/\/praxas.com\/fr\/politiques-de-lentreprise\/politique-de-lutte-contre-la-discrimination-et-le-harcelement\/","title":{"rendered":"Politique de lutte contre la discrimination et le harc\u00e8lement"},"content":{"rendered":"<p><strong>Derni\u00e8re mise \u00e0 jour : 18 d\u00e9cembre 2025<\/strong><\/p>\n<p><strong>1. INTRODUCTION<\/strong><\/p>\n<p><strong>Objet<\/strong><br \/>\nLa pr\u00e9sente politique de lutte contre la discrimination et le harc\u00e8lement est un guide destin\u00e9 aux employ\u00e9s de Praxas afin de garantir que l&rsquo;entreprise promeut l&rsquo;\u00e9galit\u00e9 et la diversit\u00e9 et maintient un environnement de travail dans lequel les personnes sont trait\u00e9es avec dignit\u00e9, d\u00e9cence et respect.<\/p>\n<p>Praxas ne tol\u00e8re aucune forme de harc\u00e8lement ou de discrimination. Les lignes directrices de cette politique aideront les employ\u00e9s \u00e0 faire la distinction entre un comportement appropri\u00e9 et un comportement inappropri\u00e9 sur le lieu de travail.<br \/>\n<strong><br \/>\nChamp d&rsquo;application<br \/>\n<\/strong>La pr\u00e9sente politique de lutte contre la discrimination et le harc\u00e8lement s&rsquo;applique \u00e0 tous les employ\u00e9s de Praxas, ind\u00e9pendamment de leur contrat de travail, de leur rang ou de leur lieu d&rsquo;affectation. Elle s&rsquo;applique \u00e9galement aux vendeurs et aux tiers qui fournissent du mat\u00e9riel et des services \u00e0 la soci\u00e9t\u00e9, tels que les consultants, les agents, les conseillers, les institutions et les autres personnes agissant au nom de la soci\u00e9t\u00e9. Les tiers affili\u00e9s sont \u00e9galement tenus de signaler toute violation de la pr\u00e9sente politique qu&rsquo;ils observent dans leurs relations avec la soci\u00e9t\u00e9.  <\/p>\n<p>Cette politique s&rsquo;applique \u00e0 tous les domaines de l&#8217;emploi, y compris, mais sans s&rsquo;y limiter, le recrutement, les promotions, la formation et le d\u00e9veloppement, la r\u00e9mun\u00e9ration, les avantages sociaux et la cessation d&#8217;emploi.<\/p>\n<p><strong>2. RESPONSABILIT\u00c9<\/strong><\/p>\n<p><strong>Management<\/strong><br \/>\nLes cadres sup\u00e9rieurs, les directeurs, les managers et les superviseurs ont le devoir de veiller au bien-\u00eatre du personnel et sont tenus de le faire :<\/p>\n<p>&#8211; veiller \u00e0 ce que le lieu de travail soit exempt de toute forme de discrimination, d&rsquo;intimidation et de harc\u00e8lement<br \/>\n&#8211; traiter toute demande ou plainte de mani\u00e8re raisonnable et respectueuse et se pr\u00e9munir contre les repr\u00e9sailles et la victimisation<br \/>\n&#8211; prendre des d\u00e9cisions de recrutement et de s\u00e9lection fond\u00e9es sur le m\u00e9rite<br \/>\n&#8211; envisager la flexibilit\u00e9 des modalit\u00e9s de travail, en particulier lorsque cela est n\u00e9cessaire pour tenir compte des responsabilit\u00e9s familiales, d&rsquo;un handicap, des croyances religieuses ou de la culture<\/p>\n<p><strong>Employ\u00e9s<\/strong><br \/>\nTous les employ\u00e9s doivent :<br \/>\n&#8211; respecter les normes de comportement d\u00e9crites dans la pr\u00e9sente politique<br \/>\n&#8211; offrir un soutien aux personnes victimes de discrimination, d&rsquo;intimidation ou de harc\u00e8lement<br \/>\n&#8211; \u00e9viter les ragots et respecter la confidentialit\u00e9 des proc\u00e9dures de plainte<br \/>\n&#8211; traiter tout le monde avec dignit\u00e9, d\u00e9cence et respect.<\/p>\n<p>Les employ\u00e9s doivent se rappeler que les brimades et le harc\u00e8lement portent sur la mani\u00e8re dont une personne se sent. Tout le monde est diff\u00e9rent et ce qui peut \u00eatre acceptable pour une personne peut \u00eatre offensant ou inappropri\u00e9 pour une autre. <\/p>\n<p><strong>3. CAT\u00c9GORIES<\/strong><\/p>\n<p><strong>Discrimination<\/strong><br \/>\nPraxas ne tol\u00e8re aucun traitement discriminatoire fond\u00e9, en tout ou en partie, sur les caract\u00e9ristiques prot\u00e9g\u00e9es d&rsquo;un individu, notamment la race, la couleur, l&rsquo;origine ethnique ou nationale, l&rsquo;\u00e2ge, la religion, les convictions, le handicap, la grossesse ou la maternit\u00e9, le sexe, l&rsquo;orientation sexuelle, le changement de sexe, l&rsquo;identit\u00e9 et l&rsquo;expression sexuelles, l&rsquo;\u00e9tat matrimonial ou le partenariat civil.<\/p>\n<p><strong>Harc\u00e8lement<\/strong><br \/>\nPraxas ne tol\u00e8re aucune forme de harc\u00e8lement. Le harc\u00e8lement est un comportement verbal, non verbal ou physique qui cause de la d\u00e9tresse ou de l&rsquo;inqui\u00e9tude. Le harc\u00e8lement sur le lieu de travail peut avoir pour but de menacer, d&rsquo;intimider, d&rsquo;insulter, de d\u00e9grader, d&rsquo;humilier, d&rsquo;offenser, d&rsquo;intimider, de contraindre ou de porter atteinte \u00e0 la r\u00e9putation d&rsquo;un employ\u00e9, d&rsquo;un coll\u00e8gue ou de toute personne travaillant pour ou au nom de l&rsquo;entreprise.  <\/p>\n<p>Le harc\u00e8lement verbal comprend les commentaires offensants ou importuns concernant les caract\u00e9ristiques prot\u00e9g\u00e9es d&rsquo;une personne. Cela inclut les \u00e9pith\u00e8tes, les insultes et les st\u00e9r\u00e9otypes n\u00e9gatifs. <\/p>\n<p>Le harc\u00e8lement non verbal comprend la distribution, l&rsquo;affichage ou la discussion de tout mat\u00e9riel \u00e9crit ou graphique (y compris les m\u00e9dias sociaux) qui ridiculise, d\u00e9nigre, insulte, rabaisse ou montre de l&rsquo;hostilit\u00e9, de l&rsquo;aversion ou un manque de respect envers une personne ou un groupe en raison de leurs caract\u00e9ristiques prot\u00e9g\u00e9es.<\/p>\n<p><strong>Harc\u00e8lement<\/strong> sexuel<br \/>\nPraxas ne tol\u00e8re aucune forme de harc\u00e8lement sexuel. Le harc\u00e8lement sexuel comprend les avances sexuelles importunes (y compris les avances verbales et physiques), les demandes de faveurs sexuelles et d&rsquo;autres avances ou comportements verbaux ou physiques de nature sexuelle. Il y a harc\u00e8lement sexuel lorsque  <\/p>\n<p>&#8211; devient explicitement ou implicitement une condition d&#8217;emploi<br \/>\n&#8211; sert de base \u00e0 une d\u00e9cision en mati\u00e8re d&#8217;emploi<br \/>\n&#8211; interf\u00e8re de mani\u00e8re d\u00e9raisonnable avec les performances professionnelles d&rsquo;un employ\u00e9 ou cr\u00e9e un environnement intimidant ou hostile<\/p>\n<p>Le harc\u00e8lement sexuel verbal comprend les insinuations, les commentaires suggestifs, les blagues \u00e0 caract\u00e8re sexuel, les propositions sexuelles, les remarques obsc\u00e8nes et les menaces, ainsi que les demandes de faveurs sexuelles de toute nature (y compris les invitations ou demandes de rendez-vous r\u00e9p\u00e9t\u00e9es et importunes).<\/p>\n<p>Le harc\u00e8lement sexuel non verbal comprend la distribution, l&rsquo;affichage ou la discussion de tout mat\u00e9riel \u00e9crit ou graphique qui est sexuellement suggestif ou qui montre de l&rsquo;hostilit\u00e9 envers une personne ou un groupe en raison de leur sexe. Les documents inappropri\u00e9s peuvent prendre la forme de lettres, de notes, de photos, de messages, de messages sur les m\u00e9dias sociaux, de calendriers, d&rsquo;affiches et de dessins anim\u00e9s. Les sons suggestifs ou insultants comprennent le fait de regarder fixement, de siffler et de faire des gestes obsc\u00e8nes.  <\/p>\n<p>Le harc\u00e8lement sexuel physique comprend les contacts physiques importuns. Il peut s&rsquo;agir de toucher les v\u00eatements, les cheveux ou le corps d&rsquo;une autre personne, de la chatouiller, de la pincer, de la tapoter, de l&rsquo;\u00e9treindre, de la coincer, de l&#8217;embrasser ou de la forcer \u00e0 commettre une agression sexuelle. <\/p>\n<p><strong>Brimades<\/strong><br \/>\nPraxas ne tol\u00e8re aucune forme de brimades. Les brimades comprennent un comportement importun de la part d&rsquo;une personne ou d&rsquo;un groupe qui est soit <\/p>\n<p>&#8211; offensant, intimidant, malveillant ou insultant<br \/>\n&#8211; un abus ou une mauvaise utilisation du pouvoir qui sape, humilie ou cause un pr\u00e9judice physique ou \u00e9motionnel \u00e0 quelqu&rsquo;un.<\/p>\n<p>Les brimades peuvent prendre la forme d&rsquo;un comportement r\u00e9gulier ou d&rsquo;un incident ponctuel. Il n&rsquo;est pas toujours \u00e9vident ou remarqu\u00e9 par les autres et peut se produire en face \u00e0 face, sur les m\u00e9dias sociaux, dans des courriels ou des appels. Voici quelques exemples de brimades  <\/p>\n<p>Les exemples de harc\u00e8lement moral au travail incluent, sans s&rsquo;y limiter :<br \/>\n&#8211; r\u00e9pandre des rumeurs malveillantes sur quelqu&rsquo;un<br \/>\n&#8211; rabaisser syst\u00e9matiquement quelqu&rsquo;un en r\u00e9union<br \/>\n&#8211; donner d\u00e9lib\u00e9r\u00e9ment \u00e0 quelqu&rsquo;un une charge de travail plus lourde que celle des autres<br \/>\n&#8211; exclure quelqu&rsquo;un des \u00e9v\u00e9nements sociaux de l&rsquo;\u00e9quipe<br \/>\n&#8211; quelqu&rsquo;un qui sape syst\u00e9matiquement l&rsquo;autorit\u00e9 de son sup\u00e9rieur hi\u00e9rarchique.<\/p>\n<p><strong>Victimisation et non-repr\u00e9sailles<\/strong><br \/>\nPraxas ne tol\u00e8re aucun type d&rsquo;action n\u00e9gative \u00e0 l&rsquo;encontre des personnes qui expriment des pr\u00e9occupations ou d\u00e9posent une plainte pour discrimination ou harc\u00e8lement.<br \/>\nOn parle de victimisation sur le lieu de travail lorsqu&rsquo;une personne subit un pr\u00e9judice parce qu&rsquo;elle a d\u00e9pos\u00e9, ou que l&rsquo;on pense qu&rsquo;elle va d\u00e9poser ou soutenir une plainte pour discrimination ou<br \/>\nharc\u00e8lement. Il y a repr\u00e9sailles sur le lieu de travail lorsqu&rsquo;un employ\u00e9 subit des cons\u00e9quences n\u00e9gatives parce qu&rsquo;il a d\u00e9pos\u00e9 ou soutenu une plainte officielle. D\u00e9poser une plainte officielle pour discrimination ou harc\u00e8lement est une activit\u00e9 prot\u00e9g\u00e9e, et l&rsquo;entreprise traitera toutes les plaintes de mani\u00e8re appropri\u00e9e et confidentielle.  <\/p>\n<p><strong>4. LA FORMATION  <\/strong><\/p>\n<p>Praxas fournira \u00e0 la direction et au personnel de l&rsquo;entreprise une formation pertinente en mati\u00e8re de lutte contre la discrimination et le harc\u00e8lement, si elle est jug\u00e9e n\u00e9cessaire et exig\u00e9e par les lois nationales, r\u00e9gionales ou locales. Cette formation peut inclure une formation sur les pr\u00e9jug\u00e9s inconscients ou implicites si elle est jug\u00e9e utile dans des circonstances sp\u00e9cifiques. <\/p>\n<p><strong>5. DIVERSIT\u00c9 ET INCLUSION  <\/strong><\/p>\n<p>Praxas est un employeur qui souscrit au principe de l&rsquo;\u00e9galit\u00e9 des chances en mati\u00e8re d&#8217;emploi, qui reconna\u00eet les avantages de la diversit\u00e9 et de l&rsquo;int\u00e9gration sur le lieu de travail et qui s&rsquo;engage \u00e0 offrir un environnement de travail exempt de toute discrimination.<\/p>\n<p><strong>6. SIGNALEMENT DES PROBL\u00c8MES ET DES MESURES DISCIPLINAIRES<\/strong><\/p>\n<p>Les violations de cette politique peuvent avoir des cons\u00e9quences graves pour Praxas et porter atteinte \u00e0 son image, \u00e0 sa cr\u00e9dibilit\u00e9 et \u00e0 ses associations commerciales.<\/p>\n<p>Les employ\u00e9s sont encourag\u00e9s \u00e0 signaler rapidement toute infraction. Les rapports doivent \u00eatre adress\u00e9s au superviseur ou au directeur de l&#8217;employ\u00e9, ou \u00e0 un autre endroit si les circonstances l&rsquo;exigent. L&rsquo;entreprise respectera toutes les pr\u00e9occupations et plaintes et garantira la confidentialit\u00e9. L&rsquo;entreprise enqu\u00eatera sur tous les cas de discrimination ou de harc\u00e8lement signal\u00e9s et prendra les mesures correctives ou disciplinaires n\u00e9cessaires, pouvant aller jusqu&rsquo;au licenciement. <\/p>\n<p><a href=\"https:\/\/praxas.com\/wp-content\/uploads\/Praxas-CIMSENSE-Anti-Discrimination-Harassment-Policy-version-1.0.pdf\">T\u00e9l\u00e9charger la version PDF<\/a><\/p>\n","protected":false},"excerpt":{"rendered":"<p>Derni\u00e8re mise \u00e0 jour : 18 d\u00e9cembre 2025 1. INTRODUCTION Objet La pr\u00e9sente politique de lutte contre la discrimination et le harc\u00e8lement est un guide destin\u00e9 aux employ\u00e9s de Praxas afin de garantir que l&rsquo;entreprise promeut l&rsquo;\u00e9galit\u00e9 et la diversit\u00e9 et maintient un environnement de travail dans lequel les personnes sont trait\u00e9es avec dignit\u00e9, d\u00e9cence [&hellip;]<\/p>\n","protected":false},"author":4,"featured_media":0,"parent":29758,"menu_order":0,"comment_status":"closed","ping_status":"closed","template":"template-fullwidth.php","meta":{"_acf_changed":false,"content-type":"","_uag_custom_page_level_css":"","footnotes":""},"class_list":["post-57870","page","type-page","status-publish","hentry"],"acf":[],"spectra_custom_meta":{"hero_image":[""],"_hero_image":["field_64f1a7da7af44"],"_hero_h1":["field_64f19e1edd052"],"_hero_h2":["field_64f19e2ddd053"],"_hero_text":["field_64f19e42dd054"],"_hero_button_text":["field_64f19e4edd055"],"_hero_button_link":["field_64f19e5ddd056"],"_top_nav_excluded":[""],"_cms_nav_minihome":[""],"_wp_page_template":["template-fullwidth.php"],"rank_math_focus_keyword":["POLITIQUE DE LUTTE CONTRE LA DISCRIMINATION ET LE HARC\u00c8LEMENT"],"_last_translation_edit_mode":["translation-editor"],"_wpml_word_count":["1604"],"_uag_page_assets":["a:9:{s:3:\"css\";s:0:\"\";s:2:\"js\";s:0:\"\";s:18:\"current_block_list\";a:0:{}s:8:\"uag_flag\";b:0;s:11:\"uag_version\";s:10:\"1777020109\";s:6:\"gfonts\";a:0:{}s:10:\"gfonts_url\";s:0:\"\";s:12:\"gfonts_files\";a:0:{}s:14:\"uag_faq_layout\";b:0;}"],"rank_math_internal_links_processed":["1"]},"uagb_featured_image_src":{"full":false,"thumbnail":false,"medium":false,"medium_large":false,"large":false,"1536x1536":false,"2048x2048":false,"crunchify-admin-post-featured-image":false,"commercegurus-pdp-large":false,"commercegurus-plp-mobile":false,"cgkit_image_swatch":false,"woocommerce_thumbnail":false,"woocommerce_single":false,"woocommerce_gallery_thumbnail":false},"uagb_author_info":{"display_name":"Beth Foord","author_link":"https:\/\/praxas.com\/fr\/author\/beth\/"},"uagb_comment_info":0,"uagb_excerpt":"Derni\u00e8re mise \u00e0 jour : 18 d\u00e9cembre 2025 1. INTRODUCTION Objet La pr\u00e9sente politique de lutte contre la discrimination et le harc\u00e8lement est un guide destin\u00e9 aux employ\u00e9s de Praxas afin de garantir que l&rsquo;entreprise promeut l&rsquo;\u00e9galit\u00e9 et la diversit\u00e9 et maintient un environnement de travail dans lequel les personnes sont trait\u00e9es avec dignit\u00e9, d\u00e9cence\u2026","_links":{"self":[{"href":"https:\/\/praxas.com\/fr\/wp-json\/wp\/v2\/pages\/57870","targetHints":{"allow":["GET"]}}],"collection":[{"href":"https:\/\/praxas.com\/fr\/wp-json\/wp\/v2\/pages"}],"about":[{"href":"https:\/\/praxas.com\/fr\/wp-json\/wp\/v2\/types\/page"}],"author":[{"embeddable":true,"href":"https:\/\/praxas.com\/fr\/wp-json\/wp\/v2\/users\/4"}],"replies":[{"embeddable":true,"href":"https:\/\/praxas.com\/fr\/wp-json\/wp\/v2\/comments?post=57870"}],"version-history":[{"count":1,"href":"https:\/\/praxas.com\/fr\/wp-json\/wp\/v2\/pages\/57870\/revisions"}],"predecessor-version":[{"id":57910,"href":"https:\/\/praxas.com\/fr\/wp-json\/wp\/v2\/pages\/57870\/revisions\/57910"}],"up":[{"embeddable":true,"href":"https:\/\/praxas.com\/fr\/wp-json\/wp\/v2\/pages\/29758"}],"wp:attachment":[{"href":"https:\/\/praxas.com\/fr\/wp-json\/wp\/v2\/media?parent=57870"}],"curies":[{"name":"wp","href":"https:\/\/api.w.org\/{rel}","templated":true}]}}