{"id":28371,"date":"2023-07-27T03:14:00","date_gmt":"2023-07-27T01:14:00","guid":{"rendered":"https:\/\/staging.praxas.com\/product\/non%20class\u00e9\/el-wifi-th\/"},"modified":"2025-10-14T16:45:02","modified_gmt":"2025-10-14T14:45:02","slug":"el-wifi-th","status":"publish","type":"product","link":"https:\/\/praxas.com\/fr\/product\/data-loggers-fr\/temperature-et-humidite\/el-wifi-th\/","title":{"rendered":"EL-WiFi-TH"},"content":{"rendered":"<p>Cet enregistreur de donn\u00e9es de temp\u00e9rature, d&rsquo;humidit\u00e9 et de point de ros\u00e9e de haute pr\u00e9cision, compatible Wi-Fi, peut surveiller \u00e0 distance un environnement sur une plage de mesures allant de -20 \u00e0 +60\u00b0C (-4 \u00e0 +140\u00b0F) et de 0 \u00e0 100% d&rsquo;humidit\u00e9 relative. Les donn\u00e9es sont t\u00e9l\u00e9charg\u00e9es p\u00e9riodiquement \u00e0 l&rsquo;aide d&rsquo;un r\u00e9seau WiFi standard vers le logiciel <strong><br \/>\n  <a href=\"https:\/\/praxas.com\/en\/easylog-cloud\/\">EasyLog Cloud<\/a><br \/>\n<\/strong> ou un simple PC h\u00f4te.<\/p>\n<p>EasyLog Cloud permet d&rsquo;acc\u00e9der \u00e0 chaque enregistreur de donn\u00e9es et aux donn\u00e9es collect\u00e9es \u00e0 partir de n&rsquo;importe quel appareil connect\u00e9 \u00e0 Internet. Modifiez les param\u00e8tres de l&rsquo;enregistreur de donn\u00e9es \u00e0 distance, recevez des alertes par courrier \u00e9lectronique en cas d&rsquo;alarme, reliez les capteurs de plusieurs sites \u00e0 un seul compte et attribuez des privil\u00e8ges \u00e0 plusieurs utilisateurs.<\/p>\n<p>L&rsquo;appareil stocke les donn\u00e9es en interne s&rsquo;il perd la connexion WiFi et les t\u00e9l\u00e9charge automatiquement dans le nuage d\u00e8s qu&rsquo;il est reconnect\u00e9.<\/p>\n<p>Utilisez le <strong><br \/>\n  <a href=\"https:\/\/praxas.com\/en\/easylog-cloud\/\">EasyLog Cloud<\/a><br \/>\n<\/strong> pour Android et Apple pour configurer facilement votre appareil et acc\u00e9der \u00e0 vos donn\u00e9es \u00e0 tout moment et en tout lieu.<\/p>\n<p>Ce produit est conforme \u00e0 la norme BS EN 12830:2018 (Enregistreurs de temp\u00e9rature pour le transport, le stockage et la distribution de marchandises sensibles \u00e0 la temp\u00e9rature).<\/p>\n","protected":false},"excerpt":{"rendered":"<p>Enregistreur de donn\u00e9es de temp\u00e9rature et d&rsquo;humidit\u00e9 WiFi de haute pr\u00e9cision (-20 \u00e0 +60\u00b0C)<\/p>\n","protected":false},"featured_media":28372,"template":"","meta":{"_acf_changed":false,"content-type":"","_uag_custom_page_level_css":""},"product_brand":[],"product_cat":[1226],"product_tag":[1228,1229,1231,2434,1233,1230,1232,1227],"class_list":{"0":"post-28371","1":"product","2":"type-product","3":"status-publish","4":"has-post-thumbnail","6":"product_cat-temperature-et-humidite","7":"product_tag-affichage","8":"product_tag-alarme","9":"product_tag-capteur-interne","10":"product_tag-easylog-fr","11":"product_tag-easylog-cloud-fr","12":"product_tag-haute-precision","13":"product_tag-ido","14":"product_tag-wifi-fr","16":"first","17":"instock","18":"taxable","19":"shipping-taxable","20":"purchasable","21":"product-type-simple"},"bundled_by":[],"bundle_stock_status":"instock","bundle_stock_quantity":16,"bundle_virtual":false,"bundle_layout":"","bundle_add_to_cart_form_location":"","bundle_editable_in_cart":false,"bundle_sold_individually_context":"","bundle_item_grouping":"","bundle_min_size":"","bundle_max_size":"","bundle_price":[],"bundled_items":[],"bundle_sell_ids":[],"acf":[],"spectra_custom_meta":{"_download_limit":["-1","-1"],"_download_expiry":["-1","-1"],"_downloadable":["no","no"],"_sku":["EL-WiFi-TH+","EL-WiFi-TH+"],"_stock_status":["instock","instock","instock","instock","instock","instock","instock"],"_sold_individually":["no","no"],"_tax_class":["",""],"_tax_status":["taxable","taxable"],"_virtual":["no","no"],"_weight":["0.187"],"_width":["0"],"_height":["0"],"_length":["0"],"total_sales":["76","76"],"_product_datasheet":["field_650ad7d6ea3a0"],"connectivity":["WiFi"],"_connectivity":["field_64dce263bb57c"],"brand":["EasyLog"],"_brand":["field_64ddf62ed2593"],"_brand_image":["field_650c5e7c84cae"],"_specifications_table":["field_65044e1db92a8"],"_display_data_alarm":["field_667d647bcb066"],"_resources":["field_650849c6945ee"],"_accessories":["field_650849e6945f0"],"_faqs":["field_650859523d8d5"],"_calibration_suitable_ids_gb":["field_654b4c4acb54a"],"_calibration_suitable_ids_us":["field_654b4c56cb54b"],"_show_in_calibration_suitable":["field_654cfb691d345"],"_shipping":["field_66852535c98a5"],"_refrigerant_cabinet":["field_66852557c98a6"],"_usd_price_4":["field_651570dcac479"],"_usd_price_9":["field_6515713eb4807"],"_usd_price_24":["field_65157141b4809"],"_usd_price_49":["field_65157140b4808"],"_usd_price_99":["field_6515715bb480a"],"_gbp_price_4":["field_6515716e83bfa"],"_gbp_price_9":["field_6515724783bfb"],"_gbp_price_24":["field_6515724b83bfc"],"_gbp_price_49":["field_6515725983bfd"],"_gbp_price_99":["field_6515725d83bfe"],"_usdhk_price_4":["field_6515726f83bff"],"_usdhk_price_9":["field_6515727c83c00"],"_usdhk_price_24":["field_6515728083c01"],"_usdhk_price_49":["field_6515728983c02"],"_usdhk_price_99":["field_6515728e83c03"],"stock_options":["In stock"],"_stock_options":["field_6544b605dc7f9"],"_top_nav_excluded":[""],"_cms_nav_minihome":[""],"wcml_sync_hash":["a:1:{s:15:\"postmeta_fields\";s:32:\"03edadabd53c028e19953a183b5a71f7\";}"],"attr_label_translations":["a:0:{}"],"_product_image_gallery":["28373,28374"],"_thumbnail_id":["28372"],"_crosssell_ids":["a:0:{}"],"_stock":["16.000000"],"_main_specifications":["field_66855b25b1245"],"_last_translation_edit_mode":["translation-editor"],"calibration":[""],"_edit_lock":["1721816539:8383"],"classic-editor-remember":["classic-editor"],"rank_math_seo_score":["77"],"_edit_last":["8383"],"commercekit_gallery_layout":[""],"commercekit_disable_sticky_atc":["0"],"commercekit_wc_video_gallery":["a:0:{}"],"_rank_math_gtin_code":[""],"_wcml_average_rating":[null],"_wcml_review_count":[null],"_wcml_rating_count":[null],"_wc_average_rating":[0],"_wc_review_count":["0"],"_product_version":["9.1.2"],"display_data_alarm":[""],"calibration_suitable_ids_gb":[""],"calibration_suitable_ids_us":[""],"show_in_calibration_suitable":[""],"other_features":[""],"shipping":[""],"refrigerant_cabinet":[""],"main_specifications":[""],"shoptimizer_layout_pdp_short_description_position":["default"],"rank_math_primary_product_cat":["0"],"product_datasheet":["10469"],"brand_image":["10467"],"_wpml_media_duplicate":["1"],"_wpml_media_featured":["1"],"_product_attributes":["a:2:{s:16:\"pa_product-brand\";a:6:{s:4:\"name\";s:16:\"pa_product-brand\";s:5:\"value\";s:0:\"\";s:8:\"position\";i:0;s:10:\"is_visible\";i:1;s:12:\"is_variation\";i:0;s:11:\"is_taxonomy\";i:1;}s:19:\"pa_product-features\";a:6:{s:4:\"name\";s:19:\"pa_product-features\";s:5:\"value\";s:0:\"\";s:8:\"position\";i:1;s:10:\"is_visible\";i:1;s:12:\"is_variation\";i:0;s:11:\"is_taxonomy\";i:1;}}"],"_backorders":["no","no"],"_manage_stock":["no","no"],"_calibration":["field_66a0ddd599972"],"min_temp":["-20"],"max_temp":["60"],"_min_temp":["field_67ea5eb4e0a77"],"_max_temp":["field_67ea5f81e0a79"],"_wpml_word_count":["232"],"_global_unique_id":["5056744400083"],"faqs":["[accordion]\n[accordion_header]Mes appareils ne communiquent pas avec PraxasCloud ?[\/accordion_header]\n[accordion_section]\n\nLes raisons pour lesquelles votre appareil peut rencontrer des probl\u00e8mes de communication avec le cloud sont les suivantes :\n\nLe signal est faible entre l'appareil et le routeur\nLa batterie de votre appareil est faible.\nLe SSID ou le mot de passe du routeur a peut-\u00eatre chang\u00e9\nLe routeur a \u00e9t\u00e9 d\u00e9connect\u00e9 ou \u00e9teint\nUn obstacle bloque le signal, comme des murs en m\u00e9tal ou en b\u00e9ton\nCes raisons doivent \u00eatre prises en compte lors de la configuration initiale de votre appareil afin que la communication avec le cloud soit la plus fructueuse possible.\n\n[\/accordion_section]\n[\/accordion]\n\n<span class=\"ui-provider ee bhc bhd bhe bhf bhg bhh bhi bhj bhk bhl bhm bhn bho bhp bhq bhr bhs bht bhu bhv bhw bhx bhy bhz bia bib bic bid bie bif big bih bii bij\" dir=\"ltr\">[accordion]\n[accordion_header]Comment fonctionne l'abonnement \u00e0 PraxasCloud ?[\/accordion_header]\n[accordion_section]Veuillez consulter la page d'inscription o\u00f9 vous pouvez d\u00e9placer les curseurs pour s\u00e9lectionner les diff\u00e9rentes fonctionnalit\u00e9s dont vous avez besoin. Vous pouvez vous inscrire par carte pour une facturation mensuelle automatique ou les entreprises peuvent contacter leur bureau de vente local pour des abonnements \u00e0 plus long terme. https:\/\/www.praxascloud.com\/accounttype.aspx\n [\/accordion_section]\n[\/accordion]<\/span>\n\n<a class=\"button button-orange\" href=\"\/support\/el-wifi-data-loggers\/\">Plus de soutien<\/a>"],"_other_features":["field_686fa2aa98dce"],"rank_math_title":["EL-WiFi-TH+ | Enregistreur de donn\u00e9es de temp\u00e9rature et d'humidit\u00e9 | Praxas"],"rank_math_description":["Vous cherchez une solution d'enregistrement de donn\u00e9es sans fil ? Si c'est le cas, l'enregistreur de donn\u00e9es de temp\u00e9rature et d'humidit\u00e9 EL-WiFi-TH+ est peut-\u00eatre fait pour vous ! Contactez notre \u00e9quipe de vente pour en savoir plus."],"rank_math_focus_keyword":["EL-WiFi-TH"],"specifications_table":["<table class=\"specifications\">\n<tbody>\n<tr class=\"even-row\">\n<td class=\"left-td\">Plage de mesure<\/td>\n<td>-20 \u00e0 +60\u00b0C \/ -4 \u00e0 + 140\u00b0F\n0 \u00e0 100% RH<\/td>\n<\/tr>\n<tr class=\"odd-row\">\n<td class=\"left-td\">Pr\u00e9cision<\/td>\n<td>\u00b10,2\u00b0C \/ \u00b10,4\u00b0F\n\u00b11,8% HR Typique<\/td>\n<\/tr>\n<tr class=\"even-row\">\n<td class=\"left-td\">Lectures<\/td>\n<td>Illimit\u00e9<\/td>\n<\/tr>\n<tr class=\"odd-row\">\n<td class=\"left-td\">Taux d'enregistrement<\/td>\n<td>S\u00e9lectionnable par l'utilisateur entre 10 secondes et 12 heures<\/td>\n<\/tr>\n<tr class=\"even-row\">\n<td class=\"left-td\">Batterie<\/td>\n<td>Batterie rechargeable \/ 6 mois d'autonomie \/ Option alimentation secteur<\/td>\n<\/tr>\n<\/tbody>\n<\/table>"],"resources":["<ul class=\"resources-list\">\n \t<li><img src=\"https:\/\/praxas.com\/wp-content\/uploads\/document-icon.png\" alt=\"Ic\u00f4ne de document\"><a href=\"https:\/\/praxas.com\/wp-content\/uploads\/easylog-data-logger-el-wifi-thplus_iss8_03-19.pdf\" target=\"_blank\" rel=\"noopener\">Fiche technique EL-WiFi-TH+ (en anglais)<\/a><\/li>\n \t<li><img src=\"https:\/\/praxas.com\/wp-content\/uploads\/software-icon.png\" alt=\"Ic\u00f4ne du logiciel\"><a href=\"https:\/\/praxas.com\/software\/easylog-software\/easylog-wifi\/\" target=\"_blank\" rel=\"noopener\">Logiciel EasyLog WiFi<\/a><\/li>\n \t<li><img src=\"https:\/\/praxas.com\/wp-content\/uploads\/software-icon.png\" alt=\"Ic\u00f4ne du logiciel\"><a href=\"https:\/\/praxas.com\/en\/easylog-cloud\/\" target=\"_blank\" rel=\"noopener\">EasyLog Cloud<\/a><\/li>\n \t<li><img src=\"https:\/\/praxas.com\/wp-content\/uploads\/document-icon.png\" alt=\"Ic\u00f4ne de document\">\n<a href=\"https:\/\/praxas.com\/wp-content\/uploads\/el_wifi_qsg_iss4_11-18_pages.pdf\" target=\"_blank\" rel=\"noopener\">Guide de d\u00e9marrage rapide du EL-WiFi<\/a><\/li>\n \t<li><img src=\"https:\/\/praxas.com\/wp-content\/uploads\/document-icon.png\" alt=\"Ic\u00f4ne de document\">\n<a href=\"https:\/\/praxas.com\/wp-content\/uploads\/help-guide-3-network-requirements-and-settings-12-09-2022_issue-6.pdf\" target=\"_blank\" rel=\"noopener\">Exigences et param\u00e8tres du r\u00e9seau<\/a><\/li>\n \t<li><img src=\"https:\/\/praxas.com\/wp-content\/uploads\/video-icon-orange.png\" alt=\"Ic\u00f4ne vid\u00e9o\">\n<a href=\"https:\/\/www.youtube.com\/playlist?list=PL_yZedoZ_7MpemnH-a3NswL9-NgUz3DVe\" target=\"_blank\" rel=\"noopener\">Tutoriels vid\u00e9o<\/a><\/li>\n \t<li><img src=\"https:\/\/praxas.com\/wp-content\/uploads\/document-icon.png\" alt=\"Ic\u00f4ne de document\"><a href=\"https:\/\/praxas.com\/wp-content\/uploads\/conformity_certificate_wifi_range_with_coo-issu8.pdf\" target=\"_blank\" rel=\"noopener\">EL-WiFi-TH+ D\u00e9claration de conformit\u00e9<\/a><\/li>\n \t<li><img src=\"https:\/\/praxas.com\/wp-content\/uploads\/document-icon.png\" alt=\"Ic\u00f4ne de document\"><a href=\"https:\/\/praxas.com\/wp-content\/uploads\/bs-en-12830-record-of-compliance-issue-1.pdf\" target=\"_blank\" rel=\"noopener\">BS EN 12830:2018 Attestation de conformit\u00e9<\/a><\/li>\n<\/ul>\n\u00a0"],"accessories":["[products skus=\"PSU USB-UK,PSU USB-EU,EL-WiFi Wall Bracket\"]"],"usd_price_4":["0.00"],"usd_price_9":["0.00"],"usd_price_24":["0.00"],"usd_price_49":["0.00"],"usd_price_99":["0.00"],"gbp_price_4":["0.00"],"gbp_price_9":["0.00"],"gbp_price_24":["125.99"],"gbp_price_49":["0.00"],"gbp_price_99":["111.99"],"usdhk_price_4":["0.00"],"usdhk_price_9":["0.00"],"usdhk_price_24":["170.09"],"usdhk_price_49":["0.00"],"usdhk_price_99":["151.19"],"_uag_page_assets":["a:9:{s:3:\"css\";s:0:\"\";s:2:\"js\";s:0:\"\";s:18:\"current_block_list\";a:0:{}s:8:\"uag_flag\";b:0;s:11:\"uag_version\";s:10:\"1775212209\";s:6:\"gfonts\";a:0:{}s:10:\"gfonts_url\";s:0:\"\";s:12:\"gfonts_files\";a:0:{}s:14:\"uag_faq_layout\";b:0;}"],"hubwoo_ecomm_pro_id":["25348147220"],"_regular_price":["180.05","180.05"],"_price":["180.05","180.05"],"_max_variation_price":[""],"_max_variation_regular_price":[""],"_max_variation_sale_price":[""],"_min_variation_price":[""],"_min_variation_regular_price":[""],"_min_variation_sale_price":[""],"_sale_price":[""],"_wc_pb_base_regular_price":[""],"_wc_pb_base_sale_price":[""],"_wc_pb_base_price":[""],"_wc_sw_max_price":[""],"_wc_sw_max_regular_price":[""],"_wc_rating_count":[""]},"uagb_featured_image_src":{"full":["https:\/\/praxas.com\/wp-content\/uploads\/WiFi-TH-Straight.png",800,463,false],"thumbnail":["https:\/\/praxas.com\/wp-content\/uploads\/WiFi-TH-Straight-150x150.png",150,150,true],"medium":["https:\/\/praxas.com\/wp-content\/uploads\/WiFi-TH-Straight-300x174.png",300,174,true],"medium_large":["https:\/\/praxas.com\/wp-content\/uploads\/WiFi-TH-Straight-768x444.png",768,444,true],"large":["https:\/\/praxas.com\/wp-content\/uploads\/WiFi-TH-Straight.png",800,463,false],"1536x1536":["https:\/\/praxas.com\/wp-content\/uploads\/WiFi-TH-Straight.png",800,463,false],"2048x2048":["https:\/\/praxas.com\/wp-content\/uploads\/WiFi-TH-Straight.png",800,463,false],"crunchify-admin-post-featured-image":["https:\/\/praxas.com\/wp-content\/uploads\/WiFi-TH-Straight-120x69.png",120,69,true],"commercegurus-pdp-large":["https:\/\/praxas.com\/wp-content\/uploads\/WiFi-TH-Straight.png",800,463,false],"commercegurus-plp-mobile":["https:\/\/praxas.com\/wp-content\/uploads\/WiFi-TH-Straight-441x255.png",441,255,true],"cgkit_image_swatch":["https:\/\/praxas.com\/wp-content\/uploads\/WiFi-TH-Straight-100x100.png",100,100,true],"woocommerce_thumbnail":["https:\/\/praxas.com\/wp-content\/uploads\/WiFi-TH-Straight-300x174.png",300,174,true],"woocommerce_single":["https:\/\/praxas.com\/wp-content\/uploads\/WiFi-TH-Straight.png",800,463,false],"woocommerce_gallery_thumbnail":["https:\/\/praxas.com\/wp-content\/uploads\/WiFi-TH-Straight-150x87.png",150,87,true]},"uagb_author_info":{"display_name":"AndyS","author_link":"https:\/\/praxas.com\/fr\/author\/"},"uagb_comment_info":0,"uagb_excerpt":"Enregistreur de donn\u00e9es de temp\u00e9rature et d'humidit\u00e9 WiFi de haute pr\u00e9cision (-20 \u00e0 +60\u00b0C)","_links":{"self":[{"href":"https:\/\/praxas.com\/fr\/wp-json\/wp\/v2\/product\/28371","targetHints":{"allow":["GET"]}}],"collection":[{"href":"https:\/\/praxas.com\/fr\/wp-json\/wp\/v2\/product"}],"about":[{"href":"https:\/\/praxas.com\/fr\/wp-json\/wp\/v2\/types\/product"}],"wp:featuredmedia":[{"embeddable":true,"href":"https:\/\/praxas.com\/fr\/wp-json\/wp\/v2\/media\/28372"}],"wp:attachment":[{"href":"https:\/\/praxas.com\/fr\/wp-json\/wp\/v2\/media?parent=28371"}],"wp:term":[{"taxonomy":"product_brand","embeddable":true,"href":"https:\/\/praxas.com\/fr\/wp-json\/wp\/v2\/product_brand?post=28371"},{"taxonomy":"product_cat","embeddable":true,"href":"https:\/\/praxas.com\/fr\/wp-json\/wp\/v2\/product_cat?post=28371"},{"taxonomy":"product_tag","embeddable":true,"href":"https:\/\/praxas.com\/fr\/wp-json\/wp\/v2\/product_tag?post=28371"}],"curies":[{"name":"wp","href":"https:\/\/api.w.org\/{rel}","templated":true}]}}