{"id":28523,"date":"2023-07-27T03:09:00","date_gmt":"2023-07-27T01:09:00","guid":{"rendered":"https:\/\/staging.praxas.com\/product\/non%20class\u00e9\/el-usb-2\/"},"modified":"2025-10-08T18:08:33","modified_gmt":"2025-10-08T16:08:33","slug":"el-usb-2","status":"publish","type":"product","link":"https:\/\/praxas.com\/fr\/product\/data-loggers-fr\/temperature-et-humidite\/el-usb-2\/","title":{"rendered":"EL-USB-2+"},"content":{"rendered":"<p>Cet enregistreur de donn\u00e9es autonome mesure plus de 16 000 valeurs sur une plage de -35 \u00e0 +80\u00b0C (-31 \u00e0 +176\u00b0F) et de 0 \u00e0 100% d&rsquo;humidit\u00e9 (RH). Configurez facilement l&rsquo;enregistreur et visualisez les donn\u00e9es t\u00e9l\u00e9charg\u00e9es en branchant l&rsquo;appareil sur le port USB d&rsquo;un PC et en utilisant le logiciel gratuit EasyLog fourni. Les donn\u00e9es peuvent ensuite \u00eatre repr\u00e9sent\u00e9es sous forme de graphiques, imprim\u00e9es et export\u00e9es vers d&rsquo;autres applications pour une analyse d\u00e9taill\u00e9e. Fourni avec une \u00bd pile AA et un clip de fixation murale.<\/p>\n<p><strong>VEUILLEZ NOTER : <\/strong>Vous pouvez ajouter jusqu&rsquo;\u00e0 DEUX BATTERIES DE RECHANGE pour chaque enregistreur de donn\u00e9es command\u00e9.<\/p>\n<p><strong>LE SAVIEZ-VOUS ?<\/strong><\/p>\n<p>Le <a href=\"https:\/\/praxas.com\/fr\/product\/data-loggers-fr\/temperature-et-humidite\/el-sie-2\/\"><br \/>\n  <strong>EL-SIE-2<\/strong><br \/>\n<\/a> et <a href=\"https:\/\/praxas.com\/es\/product\/registradores-de-datos\/temperatura-y-humedad\/el-sie-2\/\"><br \/>\n  <strong>EL-SIE-2+<\/strong><br \/>\n<\/a> sont \u00e9galement disponibles \u00e0 l&rsquo;achat. Il s&rsquo;agit de nos enregistreurs de donn\u00e9es USB les plus r\u00e9cents et les plus innovants, qui constituent une alternative plus puissante \u00e0 cet appareil. Ils peuvent enregistrer jusqu&rsquo;\u00e0 un million de relev\u00e9s de temp\u00e9rature et d&rsquo;humidit\u00e9 et sont dot\u00e9s d&rsquo;un \u00e9cran cristallin pour un contr\u00f4le en un coup d&rsquo;\u0153il.<\/p>\n","protected":false},"excerpt":{"rendered":"<p>Enregistreur de donn\u00e9es USB de haute pr\u00e9cision pour la temp\u00e9rature et l&rsquo;humidit\u00e9 relative<\/p>\n","protected":false},"featured_media":28524,"template":"","meta":{"_acf_changed":false,"content-type":"","_uag_custom_page_level_css":""},"product_brand":[],"product_cat":[1226],"product_tag":[1231,2434,1230,1260],"class_list":{"0":"post-28523","1":"product","2":"type-product","3":"status-publish","4":"has-post-thumbnail","6":"product_cat-temperature-et-humidite","7":"product_tag-capteur-interne","8":"product_tag-easylog-fr","9":"product_tag-haute-precision","10":"product_tag-usb-fr","12":"first","13":"instock","14":"taxable","15":"shipping-taxable","16":"purchasable","17":"product-type-simple"},"bundled_by":[],"bundle_stock_status":"instock","bundle_stock_quantity":17,"bundle_virtual":false,"bundle_layout":"","bundle_add_to_cart_form_location":"","bundle_editable_in_cart":false,"bundle_sold_individually_context":"","bundle_item_grouping":"","bundle_min_size":"","bundle_max_size":"","bundle_price":[],"bundled_items":[],"bundle_sell_ids":[],"acf":[],"spectra_custom_meta":{"_download_limit":["-1","-1"],"_download_expiry":["-1","-1"],"_downloadable":["no","no"],"_sku":["EL-USB-2+","EL-USB-2+"],"_stock_status":["instock","instock","instock","instock","instock","instock"],"_sold_individually":["no","no"],"_tax_class":["",""],"_tax_status":["taxable","taxable"],"_virtual":["no","no"],"_weight":["0.101"],"_width":["0"],"_height":["0"],"_length":["0"],"total_sales":["26","26"],"_product_datasheet":["field_650ad7d6ea3a0"],"_connectivity":["field_64dce263bb57c"],"brand":["EasyLog"],"_brand":["field_64ddf62ed2593"],"_brand_image":["field_650c5e7c84cae"],"_specifications_table":["field_65044e1db92a8"],"_display_data_alarm":["field_667d647bcb066"],"_resources":["field_650849c6945ee"],"_accessories":["field_650849e6945f0"],"_faqs":["field_650859523d8d5"],"_calibration_suitable_ids_gb":["field_654b4c4acb54a"],"_calibration_suitable_ids_us":["field_654b4c56cb54b"],"_show_in_calibration_suitable":["field_654cfb691d345"],"_other_features":["field_668524f8c98a4"],"_shipping":["field_66852535c98a5"],"_refrigerant_cabinet":["field_66852557c98a6"],"_usd_price_4":["field_651570dcac479"],"_usd_price_9":["field_6515713eb4807"],"_usd_price_24":["field_65157141b4809"],"_usd_price_49":["field_65157140b4808"],"_usd_price_99":["field_6515715bb480a"],"_gbp_price_4":["field_6515716e83bfa"],"_gbp_price_9":["field_6515724783bfb"],"_gbp_price_24":["field_6515724b83bfc"],"_gbp_price_49":["field_6515725983bfd"],"_gbp_price_99":["field_6515725d83bfe"],"_usdhk_price_4":["field_6515726f83bff"],"_usdhk_price_9":["field_6515727c83c00"],"_usdhk_price_24":["field_6515728083c01"],"_usdhk_price_49":["field_6515728983c02"],"_usdhk_price_99":["field_6515728e83c03"],"stock_options":["In stock"],"_stock_options":["field_6544b605dc7f9"],"_top_nav_excluded":[""],"_cms_nav_minihome":[""],"calibration":[""],"wcml_sync_hash":["a:1:{s:15:\"postmeta_fields\";s:32:\"17803de437a8ace763694928ba304219\";}"],"attr_label_translations":["a:0:{}"],"_product_image_gallery":["28525,28526"],"_thumbnail_id":["28524"],"_crosssell_ids":["a:0:{}"],"_stock":["17.000000"],"connectivity":["USB"],"_calibration":["field_66a0ddd599972"],"_main_specifications":["field_66855b25b1245"],"_last_translation_edit_mode":["translation-editor"],"_edit_lock":["1721821354:8383"],"classic-editor-remember":["classic-editor"],"rank_math_seo_score":["74"],"_edit_last":["8383"],"commercekit_gallery_layout":[""],"commercekit_disable_sticky_atc":["0"],"commercekit_wc_video_gallery":["a:0:{}"],"_rank_math_gtin_code":[""],"_wcml_average_rating":[null],"_wcml_review_count":[null],"_wcml_rating_count":[null],"_wc_average_rating":[0],"_wc_review_count":["0"],"_product_version":["9.1.2"],"display_data_alarm":[""],"calibration_suitable_ids_gb":[""],"calibration_suitable_ids_us":[""],"show_in_calibration_suitable":[""],"other_features":[""],"shipping":[""],"refrigerant_cabinet":[""],"main_specifications":[""],"shoptimizer_layout_pdp_short_description_position":["default"],"rank_math_primary_product_cat":["0"],"product_datasheet":["10697"],"brand_image":["10467"],"_wpml_media_duplicate":["1"],"_wpml_media_featured":["1"],"_product_attributes":["a:2:{s:16:\"pa_product-brand\";a:6:{s:4:\"name\";s:16:\"pa_product-brand\";s:5:\"value\";s:0:\"\";s:8:\"position\";i:0;s:10:\"is_visible\";i:1;s:12:\"is_variation\";i:0;s:11:\"is_taxonomy\";i:1;}s:19:\"pa_product-features\";a:6:{s:4:\"name\";s:19:\"pa_product-features\";s:5:\"value\";s:0:\"\";s:8:\"position\";i:1;s:10:\"is_visible\";i:1;s:12:\"is_variation\";i:0;s:11:\"is_taxonomy\";i:1;}}"],"_backorders":["no","no"],"_manage_stock":["no","no"],"min_temp":["-35"],"_min_temp":["field_67ea5eb4e0a77"],"_max_temp":["field_67ea5f81e0a79"],"_wpml_word_count":["194"],"max_temp":["80"],"_global_unique_id":["5056744400908"],"rank_math_title":["EL-USB-2+ | Enregistreur de donn\u00e9es de temp\u00e9rature et d'humidit\u00e9 | Praxas"],"rank_math_description":["D\u00e9couvrez l'EasyLog EL-USB-2+, un enregistreur de donn\u00e9es USB de haute pr\u00e9cision pour la temp\u00e9rature et l'humidit\u00e9. Capable de stocker plus de 16 000 lectures entre -35 et +80\u00b0C."],"rank_math_focus_keyword":["EL-USB-2+"],"specifications_table":["<table class=\"specifications\">\n<tbody>\n<tr class=\"even-row\">\n<td class=\"left-td\">Temp\u00e9rature :<\/td>\n<td><\/td>\n<\/tr>\n<tr class=\"odd-row\">\n<td class=\"left-td\">Plage de mesure<\/td>\n<td>De -35\u00b0C \u00e0 80\u00b0C (de -31\u00b0F \u00e0 176\u00b0F)<\/td>\n<\/tr>\n<tr class=\"even-row\">\n<td class=\"left-td\">R\u00e9solution interne<\/td>\n<td>0,5\u00b0C (1\u00b0F)<\/td>\n<\/tr>\n<tr class=\"odd-row\">\n<td class=\"left-td\">Pr\u00e9cision (erreur globale)<\/td>\n<td>0,45\u00b0C (0,86\u00b0F) typique (5 \u00e0 60\u00b0C)<\/td>\n<\/tr>\n<tr class=\"even-row\">\n<td class=\"left-td\">Stabilit\u00e9 \u00e0 long terme<\/td>\n<td><0,02\u00b0C (0,04\u00b0F) \/ an<\/td>\n<\/tr>\n<tr class=\"odd-row\">\n<td class=\"left-td\">Humidit\u00e9 relative :<\/td>\n<td><\/td>\n<\/tr>\n<tr class=\"even-row\">\n<td class=\"left-td\">Plage de mesure<\/td>\n<td>0 \u00e0 100%HR<\/td>\n<\/tr>\n<tr class=\"odd-row\">\n<td class=\"left-td\">R\u00e9solution interne<\/td>\n<td>0,5 %HR<\/td>\n<\/tr>\n<tr class=\"even-row\">\n<td class=\"left-td\">Pr\u00e9cision (erreur globale)<\/td>\n<td>2,0%HR typique (10 \u00e0 90%HR)<\/td>\n<\/tr>\n<tr class=\"odd-row\">\n<td class=\"left-td\">Stabilit\u00e9 \u00e0 long terme<\/td>\n<td><0,25 %HR \/ an<\/td>\n<\/tr>\n<tr class=\"even-row\">\n<td class=\"left-td\">Taux d'enregistrement<\/td>\n<td>S\u00e9lectionnable par l'utilisateur entre 10 secondes et 12 heures<\/td>\n<\/tr>\n<tr class=\"odd-row\">\n<td class=\"left-td\">Dur\u00e9e de vie de la batterie<\/td>\n<td>3 ans<\/td>\n<\/tr>\n<\/tbody>\n<\/table>"],"resources":["<ul class=\"resources-list\">\n \t<li><img src=\"https:\/\/praxas.com\/wp-content\/uploads\/document-icon.png\" alt=\"Ic\u00f4ne de document\"><a href=\"https:\/\/praxas.com\/wp-content\/uploads\/easylog-data-logger-el-usb-2plus-iss11_02-2021.pdf\" target=\"_blank\" rel=\"noopener\">Fiche technique EL-USB-2<\/a><\/li>\n \t<li><img src=\"https:\/\/praxas.com\/wp-content\/uploads\/software-icon.png\" alt=\"Ic\u00f4ne du logiciel\"><a href=\"https:\/\/praxas.com\/software\/easylog-software\/easylog-usb\/\" target=\"_blank\" rel=\"noopener\">Logiciel EasyLog USB<\/a><\/li>\n \t<li><img src=\"https:\/\/praxas.com\/wp-content\/uploads\/document-icon.png\" alt=\"Ic\u00f4ne de document\"><a href=\"https:\/\/praxas.com\/wp-content\/uploads\/easylog-usb_quick-start-guide_iss12_singlepage-05_2018.pdf\" target=\"_blank\" rel=\"noopener\">Guide de d\u00e9marrage rapide EL-USB-2<\/a><\/li>\n \t<li><img src=\"https:\/\/praxas.com\/wp-content\/uploads\/document-icon.png\" alt=\"Ic\u00f4ne de document\"><a href=\"https:\/\/praxas.com\/wp-content\/uploads\/el-usb-range-includes-el-gfx-range-troubleshooting.pdf\" target=\"_blank\" rel=\"noopener\">D\u00e9pannage de la gamme EL-USB<\/a><\/li>\n \t<li><img src=\"https:\/\/praxas.com\/wp-content\/uploads\/video-icon-orange.png\" alt=\"Ic\u00f4ne vid\u00e9o\"><a href=\"https:\/\/www.youtube.com\/playlist?list=PL_yZedoZ_7MqFFU3keWRD0tO46uMTbvcL\" target=\"_blank\" rel=\"noopener\">Tutoriels vid\u00e9o<\/a><\/li>\n \t<li><img src=\"https:\/\/praxas.com\/wp-content\/uploads\/document-icon.png\" alt=\"Ic\u00f4ne de document\"><a href=\"https:\/\/praxas.com\/wp-content\/uploads\/Declaration-of-Conformity_EasyLog_iss26.pdf\" target=\"_blank\" rel=\"noopener\">EL-USB-2+ D\u00e9claration de conformit\u00e9<\/a><\/li>\n<\/ul>"],"accessories":["[products skus=\"BAT 3V6 1\/2AA\"]"],"faqs":["[accordion]\n[accordion_header]Pourquoi mes piles ne fonctionnent-elles pas ?[\/accordion_header]\n[accordion_section]Si elles restent inutilis\u00e9es pendant de longues p\u00e9riodes, les piles au lithium m\u00e9tal, y compris celles utilis\u00e9es dans la gamme d'enregistreurs de donn\u00e9es EasyLog, forment naturellement une couche interne non conductrice - une couche de passivation - qui les emp\u00eache de s'autod\u00e9charger et augmente efficacement leur dur\u00e9e de conservation. Lorsqu'il est install\u00e9 pour la premi\u00e8re fois dans l'enregistreur de donn\u00e9es, il peut provoquer une chute momentan\u00e9e de la tension de la batterie (tension minimale transitoire) lorsque la couche interne est d\u00e9compos\u00e9e, ce qui entra\u00eene la r\u00e9initialisation de l'enregistreur de donn\u00e9es. Si vous ins\u00e9rez les piles dans l'enregistreur de donn\u00e9es et que vous le laissez connect\u00e9 \u00e0 un PC pendant environ 30 secondes, vous \u00e9liminerez cette couche. Ensuite, retirez et r\u00e9installez les piles pour r\u00e9initialiser l'enregistreur de donn\u00e9es. L'autonomie globale de la batterie ne sera pas affect\u00e9e.[\/accordion_section]\n[\/accordion]\n\n[accordion]\n[accordion_header]\u00c0 quelle fr\u00e9quence dois-je envoyer mon enregistreur de donn\u00e9es pour r\u00e9\u00e9talonnage ?[\/accordion_header]\n[accordion_section]Nous recommandons un recalibrage annuel, mais il se peut que vos proc\u00e9dures exigent autre chose. Vous pouvez contacter Lascar pour toute information sur les <a href=\"https:\/\/lascarelectronics.com\/calibration\/\">\n  <strong>services d'\u00e9talonnage<\/strong>\n<\/a> qu'ils proposent.[\/accordion_section]\n[\/accordion]\n\n<a class=\"button button-orange\" href=\"\/support\/el-usb-data-loggers\/\">Plus de soutien<\/a>"],"usd_price_4":["0.00"],"usd_price_9":["0.00"],"usd_price_24":["0.00"],"usd_price_49":["0.00"],"usd_price_99":["0.00"],"gbp_price_4":["0.00"],"gbp_price_9":["0.00"],"gbp_price_24":["62.99"],"gbp_price_49":["0.00"],"gbp_price_99":["55.99"],"usdhk_price_4":["0.00"],"usdhk_price_9":["0.00"],"usdhk_price_24":["85.49"],"usdhk_price_49":["0.00"],"usdhk_price_99":["75.99"],"_uag_page_assets":["a:9:{s:3:\"css\";s:0:\"\";s:2:\"js\";s:0:\"\";s:18:\"current_block_list\";a:0:{}s:8:\"uag_flag\";b:0;s:11:\"uag_version\";s:10:\"1775212209\";s:6:\"gfonts\";a:0:{}s:10:\"gfonts_url\";s:0:\"\";s:12:\"gfonts_files\";a:0:{}s:14:\"uag_faq_layout\";b:0;}"],"_regular_price":["89.75","89.75"],"_price":["89.75","89.75"],"hubwoo_ecomm_pro_id":["25379386136"],"_max_variation_price":[""],"_max_variation_regular_price":[""],"_max_variation_sale_price":[""],"_min_variation_price":[""],"_min_variation_regular_price":[""],"_min_variation_sale_price":[""],"_sale_price":[""],"_wc_pb_base_regular_price":[""],"_wc_pb_base_sale_price":[""],"_wc_pb_base_price":[""],"_wc_sw_max_price":[""],"_wc_sw_max_regular_price":[""],"_wc_rating_count":[""]},"uagb_featured_image_src":{"full":["https:\/\/praxas.com\/wp-content\/uploads\/easylog-data-logger-EL-USB-2-Horizontal-Lid-On.png",800,463,false],"thumbnail":["https:\/\/praxas.com\/wp-content\/uploads\/easylog-data-logger-EL-USB-2-Horizontal-Lid-On-150x150.png",150,150,true],"medium":["https:\/\/praxas.com\/wp-content\/uploads\/easylog-data-logger-EL-USB-2-Horizontal-Lid-On-300x174.png",300,174,true],"medium_large":["https:\/\/praxas.com\/wp-content\/uploads\/easylog-data-logger-EL-USB-2-Horizontal-Lid-On-768x444.png",768,444,true],"large":["https:\/\/praxas.com\/wp-content\/uploads\/easylog-data-logger-EL-USB-2-Horizontal-Lid-On.png",800,463,false],"1536x1536":["https:\/\/praxas.com\/wp-content\/uploads\/easylog-data-logger-EL-USB-2-Horizontal-Lid-On.png",800,463,false],"2048x2048":["https:\/\/praxas.com\/wp-content\/uploads\/easylog-data-logger-EL-USB-2-Horizontal-Lid-On.png",800,463,false],"crunchify-admin-post-featured-image":["https:\/\/praxas.com\/wp-content\/uploads\/easylog-data-logger-EL-USB-2-Horizontal-Lid-On-120x69.png",120,69,true],"commercegurus-pdp-large":["https:\/\/praxas.com\/wp-content\/uploads\/easylog-data-logger-EL-USB-2-Horizontal-Lid-On.png",800,463,false],"commercegurus-plp-mobile":["https:\/\/praxas.com\/wp-content\/uploads\/easylog-data-logger-EL-USB-2-Horizontal-Lid-On-441x255.png",441,255,true],"cgkit_image_swatch":["https:\/\/praxas.com\/wp-content\/uploads\/easylog-data-logger-EL-USB-2-Horizontal-Lid-On-100x100.png",100,100,true],"woocommerce_thumbnail":["https:\/\/praxas.com\/wp-content\/uploads\/easylog-data-logger-EL-USB-2-Horizontal-Lid-On-300x174.png",300,174,true],"woocommerce_single":["https:\/\/praxas.com\/wp-content\/uploads\/easylog-data-logger-EL-USB-2-Horizontal-Lid-On.png",800,463,false],"woocommerce_gallery_thumbnail":["https:\/\/praxas.com\/wp-content\/uploads\/easylog-data-logger-EL-USB-2-Horizontal-Lid-On-150x87.png",150,87,true]},"uagb_author_info":{"display_name":"AndyS","author_link":"https:\/\/praxas.com\/fr\/author\/"},"uagb_comment_info":0,"uagb_excerpt":"Enregistreur de donn\u00e9es USB de haute pr\u00e9cision pour la temp\u00e9rature et l'humidit\u00e9 relative","_links":{"self":[{"href":"https:\/\/praxas.com\/fr\/wp-json\/wp\/v2\/product\/28523","targetHints":{"allow":["GET"]}}],"collection":[{"href":"https:\/\/praxas.com\/fr\/wp-json\/wp\/v2\/product"}],"about":[{"href":"https:\/\/praxas.com\/fr\/wp-json\/wp\/v2\/types\/product"}],"wp:featuredmedia":[{"embeddable":true,"href":"https:\/\/praxas.com\/fr\/wp-json\/wp\/v2\/media\/28524"}],"wp:attachment":[{"href":"https:\/\/praxas.com\/fr\/wp-json\/wp\/v2\/media?parent=28523"}],"wp:term":[{"taxonomy":"product_brand","embeddable":true,"href":"https:\/\/praxas.com\/fr\/wp-json\/wp\/v2\/product_brand?post=28523"},{"taxonomy":"product_cat","embeddable":true,"href":"https:\/\/praxas.com\/fr\/wp-json\/wp\/v2\/product_cat?post=28523"},{"taxonomy":"product_tag","embeddable":true,"href":"https:\/\/praxas.com\/fr\/wp-json\/wp\/v2\/product_tag?post=28523"}],"curies":[{"name":"wp","href":"https:\/\/api.w.org\/{rel}","templated":true}]}}