{"id":28556,"date":"2023-07-27T03:29:00","date_gmt":"2023-07-27T01:29:00","guid":{"rendered":"https:\/\/staging.praxas.com\/product\/non%20class\u00e9\/el-sgd-70-atp\/"},"modified":"2025-09-01T13:36:45","modified_gmt":"2025-09-01T11:36:45","slug":"el-sgd-70-atp","status":"publish","type":"product","link":"https:\/\/praxas.com\/fr\/product\/data-loggers-fr\/enregistreurs-de-donnees-de-temperature\/el-sgd-70-atp\/","title":{"rendered":"EL-SGD 70-ATP"},"content":{"rendered":"<p>Le EL-SGD 70-ATP est un enregistreur de donn\u00e9es de temp\u00e9rature \u00e0 quatre canaux, montable sur panneau, bas\u00e9 sur la plate-forme PanelPilotACE de Lascar. Le produit comprend un module d&rsquo;affichage 7&Prime; mont\u00e9 sur panneau avec \u00e9cran tactile capacitif, une carte de temp\u00e9rature \u00e0 thermistance \u00e0 quatre canaux et des sondes de temp\u00e9rature compatibles x4. L&rsquo;interface utilisateur comprend une application d&rsquo;enregistrement avanc\u00e9e qui affiche des relev\u00e9s en temps r\u00e9el pour les quatre canaux de temp\u00e9rature, des graphiques de tendance en direct et l&rsquo;acc\u00e8s \u00e0 une s\u00e9rie d&rsquo;informations d&rsquo;analyse des donn\u00e9es en temps r\u00e9el. L&rsquo;enregistreur peut stocker jusqu&rsquo;\u00e0 100 000 lectures par canal \u00e0 des taux d&rsquo;\u00e9chantillonnage allant de 5 secondes \u00e0 12 heures.<\/p>\n","protected":false},"excerpt":{"rendered":"<p>Enregistreur de donn\u00e9es de temp\u00e9rature \u00e0 quatre canaux montable sur panneau<\/p>\n","protected":false},"featured_media":28557,"template":"","meta":{"_acf_changed":false,"content-type":"","_uag_custom_page_level_css":""},"product_brand":[],"product_cat":[1238],"product_tag":[1276,1228,1241,1244],"class_list":{"0":"post-28556","1":"product","2":"type-product","3":"status-publish","4":"has-post-thumbnail","6":"product_cat-enregistreurs-de-donnees-de-temperature","7":"product_tag-4-canaux","8":"product_tag-affichage","9":"product_tag-sonde-externe","10":"product_tag-thermistance","12":"first","13":"instock","14":"taxable","15":"shipping-taxable","16":"purchasable","17":"product-type-simple"},"bundled_by":[],"bundle_stock_status":"instock","bundle_stock_quantity":100,"bundle_virtual":false,"bundle_layout":"","bundle_add_to_cart_form_location":"","bundle_editable_in_cart":false,"bundle_sold_individually_context":"","bundle_item_grouping":"","bundle_min_size":"","bundle_max_size":"","bundle_price":[],"bundled_items":[],"bundle_sell_ids":[],"acf":[],"spectra_custom_meta":{"_wcml_average_rating":[null],"_wcml_review_count":[null],"_wcml_rating_count":[null],"_download_limit":["-1","-1"],"_download_expiry":["-1","-1"],"_downloadable":["no","no"],"_sku":["EL-SGD 70-ATP","EL-SGD 70-ATP"],"_stock_status":["instock","instock","instock","instock","instock","instock"],"_sold_individually":["no","no"],"_tax_class":["",""],"_tax_status":["taxable","taxable"],"_virtual":["no","no"],"_weight":["0.556"],"_width":["0"],"_height":["0"],"_length":["0"],"total_sales":["0","0"],"_product_datasheet":["field_650ad7d6ea3a0"],"_connectivity":["field_64dce263bb57c"],"brand":["EasyLog"],"_brand":["field_64ddf62ed2593"],"brand_image":["10467"],"_brand_image":["field_650c5e7c84cae"],"_specifications_table":["field_65044e1db92a8"],"_display_data_alarm":["field_667d647bcb066"],"_resources":["field_650849c6945ee"],"_accessories":["field_650849e6945f0"],"_faqs":["field_650859523d8d5"],"_calibration_suitable_ids_gb":["field_654b4c4acb54a"],"_calibration_suitable_ids_us":["field_654b4c56cb54b"],"_show_in_calibration_suitable":["field_654cfb691d345"],"_usd_price_4":["field_651570dcac479"],"_usd_price_9":["field_6515713eb4807"],"_usd_price_24":["field_65157141b4809"],"_usd_price_49":["field_65157140b4808"],"_usd_price_99":["field_6515715bb480a"],"_gbp_price_4":["field_6515716e83bfa"],"_gbp_price_9":["field_6515724783bfb"],"_gbp_price_24":["field_6515724b83bfc"],"_gbp_price_49":["field_6515725983bfd"],"_gbp_price_99":["field_6515725d83bfe"],"_usdhk_price_4":["field_6515726f83bff"],"_usdhk_price_9":["field_6515727c83c00"],"_usdhk_price_24":["field_6515728083c01"],"_usdhk_price_49":["field_6515728983c02"],"_usdhk_price_99":["field_6515728e83c03"],"stock_options":["In stock"],"_stock_options":["field_6544b605dc7f9"],"_top_nav_excluded":[""],"_cms_nav_minihome":[""],"wcml_sync_hash":["a:1:{s:15:\"postmeta_fields\";s:32:\"92fd5ef96260b3c6b77745c2779336cb\";}"],"attr_label_translations":["a:0:{}"],"_product_attributes":["a:2:{s:16:\"pa_product-brand\";a:6:{s:4:\"name\";s:16:\"pa_product-brand\";s:5:\"value\";s:0:\"\";s:8:\"position\";i:0;s:10:\"is_visible\";i:1;s:12:\"is_variation\";i:0;s:11:\"is_taxonomy\";i:1;}s:19:\"pa_product-features\";a:6:{s:4:\"name\";s:19:\"pa_product-features\";s:5:\"value\";s:0:\"\";s:8:\"position\";i:1;s:10:\"is_visible\";i:1;s:12:\"is_variation\";i:0;s:11:\"is_taxonomy\";i:1;}}"],"_product_image_gallery":["28558,28559"],"_thumbnail_id":["28557"],"_crosssell_ids":["a:0:{}"],"_stock":["100.000000"],"product_datasheet":[""],"connectivity":["USB"],"_calibration":["field_66a0ddd599972"],"_shipping":["field_66852535c98a5"],"_refrigerant_cabinet":["field_66852557c98a6"],"_main_specifications":["field_66855b25b1245"],"_last_translation_edit_mode":["translation-editor"],"_backorders":["no","no"],"_manage_stock":["no","no"],"min_temp":["-40"],"max_temp":["125"],"_min_temp":["field_67ea5eb4e0a77"],"_max_temp":["field_67ea5f81e0a79"],"_wpml_word_count":["142"],"rank_math_primary_product_cat":["0"],"_global_unique_id":["5056744400755"],"_other_features":["field_686fa2aa98dce"],"rank_math_title":["EL-SGD 70-ATP | Enregistreur de donn\u00e9es \u00e0 quatre canaux montable sur panneau"],"rank_math_description":["Le EL-SGD 70-ATP est un module d'affichage de 7 pouces mont\u00e9 sur panneau avec \u00e9cran tactile capacitif, une carte de temp\u00e9rature \u00e0 thermistance \u00e0 quatre canaux et quatre sondes de temp\u00e9rature."],"rank_math_focus_keyword":["EL-SGD 70-ATP"],"specifications_table":["<table class=\"specifications\">\n<tbody>\n<tr class=\"even-row\">\n<td class=\"left-td\">Plage de mesure de la sonde fournie<\/td>\n<td>-40\u00b0C \u00e0 +125\u00b0C (-40\u00b0F \u00e0 +257\u00b0F)<\/td>\n<\/tr>\n<tr class=\"odd-row\">\n<td class=\"left-td\">R\u00e9solution interne<\/td>\n<td>0,01\u00b0C (0,01\u00b0F)<\/td>\n<\/tr>\n<tr class=\"even-row\">\n<td class=\"left-td\">Pr\u00e9cision de la temp\u00e9rature<\/td>\n<td>\u00b11,0\u00b0C (\u00b11,8\u00b0F)<\/td>\n<\/tr>\n<tr class=\"odd-row\">\n<td class=\"left-td\">Nombre de lectures (par canal)<\/td>\n<td>100,000<\/td>\n<\/tr>\n<tr class=\"even-row\">\n<td class=\"left-td\">Taux d'enregistrement<\/td>\n<td>5 secondes \u00e0 12 heures<\/td>\n<\/tr>\n<tr class=\"odd-row\">\n<td class=\"left-td\">Nombre de canaux<\/td>\n<td>jusqu'\u00e0 4<\/td>\n<\/tr>\n<tr class=\"even-row\">\n<td class=\"left-td\">Dimensions ext\u00e9rieures<\/td>\n<td>186 mm (7.3\") x 122 mm (4.3\") x 21 mm (0.8\")<\/td>\n<\/tr>\n<tr class=\"odd-row\">\n<td class=\"left-td\">Protocoles de communication<\/td>\n<td>USB<\/td>\n<\/tr>\n<\/tbody>\n<\/table>"],"resources":["<ul class=\"resources-list\">\n \t<li><img src=\"https:\/\/praxas.com\/wp-content\/uploads\/document-icon.png\" alt=\"Ic\u00f4ne de document\"><a href=\"\/wp-content\/uploads\/easylog-data-logger-el-sgd-70-atp_iss2_10-18.pdf\" target=\"_blank\" rel=\"noopener\">Fiche technique EL-SGD-70-ATP<\/a><\/li>\n \t<li><img src=\"https:\/\/praxas.com\/wp-content\/uploads\/video-icon-orange.png\" alt=\"Ic\u00f4ne vid\u00e9o\">\n<a href=\"https:\/\/www.youtube.com\/playlist?list=PL_yZedoZ_7MrUtJ8-PrTywRpT3KHEhxFF\" target=\"_blank\" rel=\"noopener\">Tutoriels vid\u00e9o<\/a><\/li>\n \t<li><img src=\"https:\/\/praxas.com\/wp-content\/uploads\/document-icon.png\" alt=\"Ic\u00f4ne de document\"><a href=\"https:\/\/praxas.com\/wp-content\/uploads\/declaration-of-conformity_ppace_iss6_01-17.pdf\" target=\"_blank\" rel=\"noopener\">EL-SGD 70-ATP D\u00e9claration de conformit\u00e9<\/a><\/li>\n<\/ul>"],"accessories":["[products skus=\"S70-TP,EL-P-TP,EL-PROBE-EXTENDER-1.5M,EL-PROBE-EXTENDER-3M,EL-PROBE-EXTENDER-5M,EL-PROBE-EXTENDER-10M,CABLE USB A-MF\"]"],"faqs":["[accordion]\n[accordion_header]Comment puis-je v\u00e9rifier les niveaux d'alarme et le taux d'enregistrement sur mon EL-SGD 43\/70-ATP ?[\/accordion_header]\n[accordion_section]Sur l'\u00e9cran d'information, si vous appuyez et maintenez la case de la valeur consign\u00e9e haute ou basse, elle sera remplac\u00e9e par les valeurs d'alarme haute ou basse (en supposant qu'elles aient \u00e9t\u00e9 r\u00e9gl\u00e9es). Si vous appuyez sur la case du nombre d'enregistrements et la maintenez enfonc\u00e9e, le taux d'enregistrement s'affichera.[\/accordion_section]\n[\/accordion]\n\n[accordion]\n[accordion_header]Si j'effectue une r\u00e9initialisation d'usine ou si j'\u00e9teins mon EL-SGD 43\/70-ATP\n, est-ce que je perdrai mes journaux ?[\/accordion_header]\n[accordion_section]Non, le seul moyen de perdre vos journaux est de les supprimer apr\u00e8s les avoir t\u00e9l\u00e9charg\u00e9s. Sinon, ils seront simplement sauvegard\u00e9s dans un fichier horodat\u00e9.[\/accordion_section]\n[\/accordion]"],"usd_price_4":["0.00"],"usd_price_9":["0.00"],"usd_price_24":["0.00"],"usd_price_49":["0.00"],"usd_price_99":["0.00"],"gbp_price_4":["398.39"],"gbp_price_9":["385.94"],"gbp_price_24":["373.49"],"gbp_price_49":["0.00"],"gbp_price_99":["0.00"],"usdhk_price_4":["527.99"],"usdhk_price_9":["511.49"],"usdhk_price_24":["494.99"],"usdhk_price_49":["0.00"],"usdhk_price_99":["0.00"],"_uag_page_assets":["a:9:{s:3:\"css\";s:0:\"\";s:2:\"js\";s:0:\"\";s:18:\"current_block_list\";a:0:{}s:8:\"uag_flag\";b:0;s:11:\"uag_version\";s:10:\"1775658900\";s:6:\"gfonts\";a:0:{}s:10:\"gfonts_url\";s:0:\"\";s:12:\"gfonts_files\";a:0:{}s:14:\"uag_faq_layout\";b:0;}"],"hubwoo_ecomm_pro_id":["25276990762"],"_regular_price":["546.35","546.35"],"_price":["546.35","546.35"],"_max_variation_price":[""],"_max_variation_regular_price":[""],"_max_variation_sale_price":[""],"_min_variation_price":[""],"_min_variation_regular_price":[""],"_min_variation_sale_price":[""],"_sale_price":[""],"_wc_pb_base_regular_price":[""],"_wc_pb_base_sale_price":[""],"_wc_pb_base_price":[""],"_wc_sw_max_price":[""],"_wc_sw_max_regular_price":[""],"_wc_rating_count":[""],"_wc_review_count":[""],"_wc_average_rating":[0]},"uagb_featured_image_src":{"full":["https:\/\/praxas.com\/wp-content\/uploads\/EL-SGD-70ATP-Main-Logo.png",800,463,false],"thumbnail":["https:\/\/praxas.com\/wp-content\/uploads\/EL-SGD-70ATP-Main-Logo-150x150.png",150,150,true],"medium":["https:\/\/praxas.com\/wp-content\/uploads\/EL-SGD-70ATP-Main-Logo-300x174.png",300,174,true],"medium_large":["https:\/\/praxas.com\/wp-content\/uploads\/EL-SGD-70ATP-Main-Logo-768x444.png",768,444,true],"large":["https:\/\/praxas.com\/wp-content\/uploads\/EL-SGD-70ATP-Main-Logo.png",800,463,false],"1536x1536":["https:\/\/praxas.com\/wp-content\/uploads\/EL-SGD-70ATP-Main-Logo.png",800,463,false],"2048x2048":["https:\/\/praxas.com\/wp-content\/uploads\/EL-SGD-70ATP-Main-Logo.png",800,463,false],"crunchify-admin-post-featured-image":["https:\/\/praxas.com\/wp-content\/uploads\/EL-SGD-70ATP-Main-Logo-120x69.png",120,69,true],"commercegurus-pdp-large":["https:\/\/praxas.com\/wp-content\/uploads\/EL-SGD-70ATP-Main-Logo.png",800,463,false],"commercegurus-plp-mobile":["https:\/\/praxas.com\/wp-content\/uploads\/EL-SGD-70ATP-Main-Logo-441x255.png",441,255,true],"cgkit_image_swatch":["https:\/\/praxas.com\/wp-content\/uploads\/EL-SGD-70ATP-Main-Logo-100x100.png",100,100,true],"woocommerce_thumbnail":["https:\/\/praxas.com\/wp-content\/uploads\/EL-SGD-70ATP-Main-Logo-300x174.png",300,174,true],"woocommerce_single":["https:\/\/praxas.com\/wp-content\/uploads\/EL-SGD-70ATP-Main-Logo.png",800,463,false],"woocommerce_gallery_thumbnail":["https:\/\/praxas.com\/wp-content\/uploads\/EL-SGD-70ATP-Main-Logo-150x87.png",150,87,true]},"uagb_author_info":{"display_name":"AndyS","author_link":"https:\/\/praxas.com\/fr\/author\/"},"uagb_comment_info":0,"uagb_excerpt":"Enregistreur de donn\u00e9es de temp\u00e9rature \u00e0 quatre canaux montable sur panneau","_links":{"self":[{"href":"https:\/\/praxas.com\/fr\/wp-json\/wp\/v2\/product\/28556","targetHints":{"allow":["GET"]}}],"collection":[{"href":"https:\/\/praxas.com\/fr\/wp-json\/wp\/v2\/product"}],"about":[{"href":"https:\/\/praxas.com\/fr\/wp-json\/wp\/v2\/types\/product"}],"wp:featuredmedia":[{"embeddable":true,"href":"https:\/\/praxas.com\/fr\/wp-json\/wp\/v2\/media\/28557"}],"wp:attachment":[{"href":"https:\/\/praxas.com\/fr\/wp-json\/wp\/v2\/media?parent=28556"}],"wp:term":[{"taxonomy":"product_brand","embeddable":true,"href":"https:\/\/praxas.com\/fr\/wp-json\/wp\/v2\/product_brand?post=28556"},{"taxonomy":"product_cat","embeddable":true,"href":"https:\/\/praxas.com\/fr\/wp-json\/wp\/v2\/product_cat?post=28556"},{"taxonomy":"product_tag","embeddable":true,"href":"https:\/\/praxas.com\/fr\/wp-json\/wp\/v2\/product_tag?post=28556"}],"curies":[{"name":"wp","href":"https:\/\/api.w.org\/{rel}","templated":true}]}}