{"id":28768,"date":"2023-07-27T01:28:00","date_gmt":"2023-07-27T01:28:00","guid":{"rendered":"https:\/\/staging.praxas.com\/product\/non%20class\u00e9\/el-bt-2\/"},"modified":"2025-06-20T09:31:12","modified_gmt":"2025-06-20T09:31:12","slug":"el-bt-2","status":"publish","type":"product","link":"https:\/\/praxas.com\/fr\/product\/data-loggers-fr\/enregistreurs-de-donnees-de-temperature\/el-bt-2\/","title":{"rendered":"EL-BT-2"},"content":{"rendered":"<p>L&rsquo;enregistreur de donn\u00e9es EL-BT-2 mesure et stocke jusqu&rsquo;\u00e0 500 000 relev\u00e9s de temp\u00e9rature et d&rsquo;humidit\u00e9. L&rsquo;\u00e9cran LCD de l&rsquo;appareil indique l&rsquo;\u00e9tat de la connexion Bluetooth ainsi que le fonctionnement de l&rsquo;enregistreur. Le bouton poussoir permet de faire d\u00e9filer les valeurs actuelles, minimales et maximales enregistr\u00e9es. Le EL-BT-2 est livr\u00e9 avec une batterie rechargeable et peut \u00eatre utilis\u00e9 avec un chargeur mural USB.<\/p>\n<p><strong>L&rsquo;EL-BT-2 est con\u00e7u pour \u00eatre utilis\u00e9 avec des tablettes et des smartphones Android uniquement.<\/strong> L&rsquo;application EasyLog BT pour Android\u2122 est disponible sur <a href=\"https:\/\/play.google.com\/store\/apps\/details?id=com.LascarElectronics.EasyLogBT\" target=\"_blank\" rel=\"noopener\">Google Play<\/a> et vous permet de g\u00e9rer votre enregistreur EL-BT-2 en toute simplicit\u00e9.<\/p>\n<p>L&rsquo;application vous permet de r\u00e9gler la fr\u00e9quence d&rsquo;\u00e9chantillonnage, l&rsquo;\u00e9chelle de temp\u00e9rature, les alarmes de temp\u00e9rature et d&rsquo;humidit\u00e9, les param\u00e8tres d&rsquo;\u00e9conomie d&rsquo;\u00e9nergie Bluetooth, les param\u00e8tres de l&rsquo;\u00e9cran LCD et les heures de d\u00e9marrage variables. Les donn\u00e9es t\u00e9l\u00e9charg\u00e9es sont enregistr\u00e9es sur la carte m\u00e9moire de votre t\u00e9l\u00e9phone et peuvent \u00eatre consult\u00e9es \u00e0 tout moment. Vous pouvez ensuite envoyer les donn\u00e9es par courrier \u00e9lectronique ou par votre service de cloud pr\u00e9f\u00e9r\u00e9 \u00e0 un autre appareil ou \u00e0 un PC Windows pour une analyse plus approfondie.<\/p>\n<ul>\n<li>T\u00e9l\u00e9chargez les donn\u00e9es enregistr\u00e9es et visualisez-les sur votre appareil<\/li>\n<li>Une d\u00e9monstration anim\u00e9e de la proc\u00e9dure d&rsquo;installation<\/li>\n<li>Exporter les informations de l&rsquo;enregistreur par courrier \u00e9lectronique ou par d&rsquo;autres services en nuage<\/li>\n<\/ul>\n","protected":false},"excerpt":{"rendered":"<p>Enregistreur de donn\u00e9es Bluetooth pour la temp\u00e9rature et l&rsquo;humidit\u00e9<\/p>\n","protected":false},"featured_media":28769,"template":"","meta":{"_acf_changed":false,"content-type":"","_uag_custom_page_level_css":""},"product_brand":[],"product_cat":[1282,1238,1226],"product_tag":[2434],"class_list":{"0":"post-28768","1":"product","2":"type-product","3":"status-publish","4":"has-post-thumbnail","6":"product_cat-data-loggers-fr","7":"product_cat-enregistreurs-de-donnees-de-temperature","8":"product_cat-temperature-et-humidite","9":"product_tag-easylog-fr","11":"first","12":"instock","13":"taxable","14":"shipping-taxable","15":"product-type-simple"},"bundled_by":[],"bundle_stock_status":"instock","bundle_stock_quantity":97,"bundle_virtual":false,"bundle_layout":"","bundle_add_to_cart_form_location":"","bundle_editable_in_cart":false,"bundle_sold_individually_context":"","bundle_item_grouping":"","bundle_min_size":"","bundle_max_size":"","bundle_price":[],"bundled_items":[],"bundle_sell_ids":[],"acf":[],"spectra_custom_meta":{"_download_limit":["-1","-1"],"_download_expiry":["-1","-1"],"_downloadable":["no","no"],"_sku":["EL-BT-2","EL-BT-2"],"_stock_status":["instock","instock","instock","instock"],"_sold_individually":["no","no"],"_tax_class":["",""],"_tax_status":["taxable","taxable"],"_virtual":["no","no"],"_weight":["0.154"],"_width":["0"],"_height":["0"],"_length":["0"],"total_sales":["3","3"],"_product_datasheet":["field_650ad7d6ea3a0"],"_connectivity":["field_64dce263bb57c"],"brand":["EasyLog"],"_brand":["field_64ddf62ed2593"],"_brand_image":["field_650c5e7c84cae"],"_specifications_table":["field_65044e1db92a8"],"_display_data_alarm":["field_667d647bcb066"],"_resources":["field_650849c6945ee"],"_accessories":["field_650849e6945f0"],"_faqs":["field_650859523d8d5"],"_calibration_suitable_ids_gb":["field_654b4c4acb54a"],"_calibration_suitable_ids_us":["field_654b4c56cb54b"],"_show_in_calibration_suitable":["field_654cfb691d345"],"_other_features":["field_668524f8c98a4"],"_shipping":["field_66852535c98a5"],"_refrigerant_cabinet":["field_66852557c98a6"],"_usd_price_4":["field_651570dcac479"],"_usd_price_9":["field_6515713eb4807"],"_usd_price_24":["field_65157141b4809"],"_usd_price_49":["field_65157140b4808"],"_usd_price_99":["field_6515715bb480a"],"_gbp_price_4":["field_6515716e83bfa"],"_gbp_price_9":["field_6515724783bfb"],"_gbp_price_24":["field_6515724b83bfc"],"_gbp_price_49":["field_6515725983bfd"],"_gbp_price_99":["field_6515725d83bfe"],"_usdhk_price_4":["field_6515726f83bff"],"_usdhk_price_9":["field_6515727c83c00"],"_usdhk_price_24":["field_6515728083c01"],"_usdhk_price_49":["field_6515728983c02"],"_usdhk_price_99":["field_6515728e83c03"],"stock_options":["In stock"],"_stock_options":["field_6544b605dc7f9"],"_top_nav_excluded":[""],"_cms_nav_minihome":[""],"calibration":[""],"wcml_sync_hash":["a:1:{s:15:\"postmeta_fields\";s:32:\"b02e50d31f0db9fbcea9eedde28a8235\";}"],"attr_label_translations":["a:0:{}"],"_product_image_gallery":["28770,28771"],"_thumbnail_id":["28769"],"_crosssell_ids":["a:0:{}"],"_stock":["97.000000"],"_calibration":["field_66a0ddd599972"],"_main_specifications":["field_66855b25b1245"],"_last_translation_edit_mode":["translation-editor"],"_edit_lock":["1721985766:8383"],"classic-editor-remember":["classic-editor"],"rank_math_seo_score":["87"],"_edit_last":["8383"],"commercekit_gallery_layout":[""],"commercekit_disable_sticky_atc":["0"],"commercekit_wc_video_gallery":["a:0:{}"],"_rank_math_gtin_code":[""],"_wcml_average_rating":[null],"_wcml_review_count":[null],"_wcml_rating_count":[null],"_wc_average_rating":[0],"_wc_review_count":["0"],"_product_version":["9.1.2"],"display_data_alarm":[""],"faqs":[""],"calibration_suitable_ids_gb":[""],"calibration_suitable_ids_us":[""],"show_in_calibration_suitable":[""],"other_features":[""],"shipping":[""],"refrigerant_cabinet":[""],"main_specifications":[""],"shoptimizer_layout_pdp_short_description_position":["default"],"rank_math_primary_product_cat":["0"],"product_datasheet":["10920"],"brand_image":["10467"],"_wpml_media_duplicate":["1"],"_wpml_media_featured":["1"],"_product_attributes":["a:2:{s:16:\"pa_product-brand\";a:6:{s:4:\"name\";s:16:\"pa_product-brand\";s:5:\"value\";s:0:\"\";s:8:\"position\";i:0;s:10:\"is_visible\";i:1;s:12:\"is_variation\";i:0;s:11:\"is_taxonomy\";i:1;}s:19:\"pa_product-features\";a:6:{s:4:\"name\";s:19:\"pa_product-features\";s:5:\"value\";s:0:\"\";s:8:\"position\";i:1;s:10:\"is_visible\";i:1;s:12:\"is_variation\";i:0;s:11:\"is_taxonomy\";i:1;}}"],"_backorders":["no","no"],"_manage_stock":["no","no"],"min_temp":["-35"],"max_temp":["80"],"_min_temp":["field_67ea5eb4e0a77"],"_max_temp":["field_67ea5f81e0a79"],"_wpml_word_count":["271"],"connectivity":["Bluetooth"],"rank_math_title":["EL-BT-2 | Enregistreur de donn\u00e9es de temp\u00e9rature et d'humidit\u00e9 par Bluetooth"],"rank_math_description":["L'enregistreur de donn\u00e9es EL-BT-2 mesure et stocke jusqu'\u00e0 500 000 lectures. L'\u00e9cran de l'appareil indique l'\u00e9tat de la connexion Bluetooth ainsi que le fonctionnement de l'enregistreur."],"rank_math_focus_keyword":["EL-BT-2"],"specifications_table":["<table class=\"specifications\">\n<tbody>\n<tr class=\"even-row\">\n<td class=\"left-td\">Temp\u00e9rature :<\/td>\n<td><\/td>\n<\/tr>\n<tr class=\"odd-row\">\n<td class=\"left-td\">Plage de mesure<\/td>\n<td>De -35\u00b0C \u00e0 80\u00b0C (de -31\u00b0F \u00e0 176\u00b0F)<\/td>\n<\/tr>\n<tr class=\"even-row\">\n<td class=\"left-td\">R\u00e9solution interne<\/td>\n<td>0,1\u00b0C (0,1\u00b0F)<\/td>\n<\/tr>\n<tr class=\"odd-row\">\n<td class=\"left-td\">Pr\u00e9cision (erreur globale)<\/td>\n<td>0,35\u00b0C (0,59\u00b0F) typique (5 \u00e0 60\u00b0C)<\/td>\n<\/tr>\n<tr class=\"even-row\">\n<td class=\"left-td\">Stabilit\u00e9 \u00e0 long terme<\/td>\n<td><0,02\u00b0C (0,04\u00b0F) \/ an<\/td>\n<\/tr>\n<tr class=\"odd-row\">\n<td class=\"left-td\">Humidit\u00e9 relative :<\/td>\n<td><\/td>\n<\/tr>\n<tr class=\"even-row\">\n<td class=\"left-td\">Plage de mesure<\/td>\n<td>0 \u00e0 100%HR<\/td>\n<\/tr>\n<tr class=\"odd-row\">\n<td class=\"left-td\">R\u00e9solution interne<\/td>\n<td>0,1 %HR<\/td>\n<\/tr>\n<tr class=\"even-row\">\n<td class=\"left-td\">Pr\u00e9cision (erreur globale)<\/td>\n<td>2,05%HR typique (20 \u00e0 80%HR)<\/td>\n<\/tr>\n<tr class=\"odd-row\">\n<td class=\"left-td\">Stabilit\u00e9 \u00e0 long terme<\/td>\n<td><0,25 %HR \/ an<\/td>\n<\/tr>\n<tr class=\"even-row\">\n<td class=\"left-td\">Plage de temp\u00e9rature de fonctionnement<\/td>\n<td>De -20 \u00e0 +60\u00b0C (de -4 \u00e0 +140\u00b0F)<\/td>\n<\/tr>\n<tr class=\"odd-row\">\n<td class=\"left-td\">Dur\u00e9e de vie de la batterie<\/td>\n<td>6 mois (\u00e0 25\u00b0C en mode \u00e9conomie d'\u00e9nergie)<\/td>\n<\/tr>\n<\/tbody>\n<\/table>"],"resources":["<ul class=\"resources-list\">\n \t<li><img src=\"https:\/\/praxas.com\/wp-content\/uploads\/document-icon.png\" alt=\"Ic\u00f4ne de document\"><a href=\"https:\/\/praxas.com\/wp-content\/uploads\/easylog-data-logger-el-bt-2_iss9_10-20.pdf\" target=\"_blank\" rel=\"noopener\">Fiche technique EL-BT-2<\/a><\/li>\n \t<li><img src=\"https:\/\/praxas.com\/wp-content\/uploads\/software-icon.png\" alt=\"Ic\u00f4ne du logiciel\"><a href=\"https:\/\/praxas.com\/wp-content\/uploads\/software\/easylog-software\/easylog-bt\/\">EasyLog BT pour Android<\/a><\/li>\n \t<li><img src=\"https:\/\/praxas.com\/wp-content\/uploads\/document-icon.png\" alt=\"Ic\u00f4ne de document\">\n<a href=\"https:\/\/praxas.com\/wp-content\/uploads\/el-bt-2_qsg_iss1.pdf\" target=\"_blank\" rel=\"noopener\">Guide de d\u00e9marrage rapide EL-BT-2<\/a><\/li>\n \t<li><img src=\"https:\/\/praxas.com\/wp-content\/uploads\/document-icon.png\" alt=\"Ic\u00f4ne de document\"><a href=\"https:\/\/praxas.com\/wp-content\/uploads\/declaration-of-conformity_el-bt-2_iss3.pdf\" target=\"_blank\" rel=\"noopener\">EL-BT-2 D\u00e9claration de conformit\u00e9<\/a><\/li>\n<\/ul>\n\u00a0"],"accessories":["[products skus=\"CABLE USB A-MICRO B\"]"],"usd_price_4":["0.00"],"usd_price_9":["0.00"],"usd_price_24":["0.00"],"usd_price_49":["0.00"],"usd_price_99":["0.00"],"gbp_price_4":["0.00"],"gbp_price_9":["0.00"],"gbp_price_24":["130.49"],"gbp_price_49":["0.00"],"gbp_price_99":["115.99"],"usdhk_price_4":["0.00"],"usdhk_price_9":["0.00"],"usdhk_price_24":["170.99"],"usdhk_price_49":["0.00"],"usdhk_price_99":["151.99"],"_uag_page_assets":["a:9:{s:3:\"css\";s:0:\"\";s:2:\"js\";s:0:\"\";s:18:\"current_block_list\";a:0:{}s:8:\"uag_flag\";b:0;s:11:\"uag_version\";s:10:\"1775212209\";s:6:\"gfonts\";a:0:{}s:10:\"gfonts_url\";s:0:\"\";s:12:\"gfonts_files\";a:0:{}s:14:\"uag_faq_layout\";b:0;}"],"_global_unique_id":["5056744400281"],"_price":["",""],"hubwoo_ecomm_pro_id":["25377159016"],"_max_variation_price":[""],"_max_variation_regular_price":[""],"_max_variation_sale_price":[""],"_min_variation_price":[""],"_min_variation_regular_price":[""],"_min_variation_sale_price":[""],"_regular_price":[""],"_sale_price":[""],"_wc_pb_base_regular_price":[""],"_wc_pb_base_sale_price":[""],"_wc_pb_base_price":[""],"_wc_sw_max_price":[""],"_wc_sw_max_regular_price":[""],"_wc_rating_count":[""]},"uagb_featured_image_src":{"full":["https:\/\/praxas.com\/wp-content\/uploads\/easylog-data-logger-EL-BT-2-frontal-shot.png",800,463,false],"thumbnail":["https:\/\/praxas.com\/wp-content\/uploads\/easylog-data-logger-EL-BT-2-frontal-shot-150x150.png",150,150,true],"medium":["https:\/\/praxas.com\/wp-content\/uploads\/easylog-data-logger-EL-BT-2-frontal-shot-300x174.png",300,174,true],"medium_large":["https:\/\/praxas.com\/wp-content\/uploads\/easylog-data-logger-EL-BT-2-frontal-shot-768x444.png",768,444,true],"large":["https:\/\/praxas.com\/wp-content\/uploads\/easylog-data-logger-EL-BT-2-frontal-shot.png",800,463,false],"1536x1536":["https:\/\/praxas.com\/wp-content\/uploads\/easylog-data-logger-EL-BT-2-frontal-shot.png",800,463,false],"2048x2048":["https:\/\/praxas.com\/wp-content\/uploads\/easylog-data-logger-EL-BT-2-frontal-shot.png",800,463,false],"crunchify-admin-post-featured-image":["https:\/\/praxas.com\/wp-content\/uploads\/easylog-data-logger-EL-BT-2-frontal-shot-120x69.png",120,69,true],"commercegurus-pdp-large":["https:\/\/praxas.com\/wp-content\/uploads\/easylog-data-logger-EL-BT-2-frontal-shot.png",800,463,false],"commercegurus-plp-mobile":["https:\/\/praxas.com\/wp-content\/uploads\/easylog-data-logger-EL-BT-2-frontal-shot-441x255.png",441,255,true],"cgkit_image_swatch":["https:\/\/praxas.com\/wp-content\/uploads\/easylog-data-logger-EL-BT-2-frontal-shot-100x100.png",100,100,true],"woocommerce_thumbnail":["https:\/\/praxas.com\/wp-content\/uploads\/easylog-data-logger-EL-BT-2-frontal-shot-300x174.png",300,174,true],"woocommerce_single":["https:\/\/praxas.com\/wp-content\/uploads\/easylog-data-logger-EL-BT-2-frontal-shot.png",800,463,false],"woocommerce_gallery_thumbnail":["https:\/\/praxas.com\/wp-content\/uploads\/easylog-data-logger-EL-BT-2-frontal-shot-150x87.png",150,87,true]},"uagb_author_info":{"display_name":"AndyS","author_link":"https:\/\/praxas.com\/fr\/author\/"},"uagb_comment_info":0,"uagb_excerpt":"Enregistreur de donn\u00e9es Bluetooth pour la temp\u00e9rature et l'humidit\u00e9","_links":{"self":[{"href":"https:\/\/praxas.com\/fr\/wp-json\/wp\/v2\/product\/28768","targetHints":{"allow":["GET"]}}],"collection":[{"href":"https:\/\/praxas.com\/fr\/wp-json\/wp\/v2\/product"}],"about":[{"href":"https:\/\/praxas.com\/fr\/wp-json\/wp\/v2\/types\/product"}],"wp:featuredmedia":[{"embeddable":true,"href":"https:\/\/praxas.com\/fr\/wp-json\/wp\/v2\/media\/28769"}],"wp:attachment":[{"href":"https:\/\/praxas.com\/fr\/wp-json\/wp\/v2\/media?parent=28768"}],"wp:term":[{"taxonomy":"product_brand","embeddable":true,"href":"https:\/\/praxas.com\/fr\/wp-json\/wp\/v2\/product_brand?post=28768"},{"taxonomy":"product_cat","embeddable":true,"href":"https:\/\/praxas.com\/fr\/wp-json\/wp\/v2\/product_cat?post=28768"},{"taxonomy":"product_tag","embeddable":true,"href":"https:\/\/praxas.com\/fr\/wp-json\/wp\/v2\/product_tag?post=28768"}],"curies":[{"name":"wp","href":"https:\/\/api.w.org\/{rel}","templated":true}]}}